{"id":12,"date":"2026-01-23T09:42:16","date_gmt":"2026-01-23T09:42:16","guid":{"rendered":"https:\/\/dev.ic-services.io\/?page_id=12"},"modified":"2026-03-15T20:21:00","modified_gmt":"2026-03-15T19:21:00","slug":"uber","status":"publish","type":"page","link":"https:\/\/ic-services.io\/de\/about\/","title":{"rendered":"\u00dcber"},"content":{"rendered":"<div class=\"wp-block-uagb-container uagb-block-ufpqwk6m alignfull uagb-is-root-container\">\n<div class=\"wp-block-uagb-container uagb-block-mhqpxa2d\">\n<div class=\"wp-block-uagb-info-box uagb-block-usmloxgf uagb-infobox__content-wrap  uagb-infobox-icon-above-title uagb-infobox-image-valign-top\"><div class=\"uagb-ifb-content\"><div class=\"uagb-ifb-title-wrap\"><h1 class=\"uagb-ifb-title\">Ihr Partner f\u00fcr TK\u00dc und Compliance<\/h1><\/div><\/div><\/div>\n\n\n\n<div class=\"wp-block-uagb-container uagb-block-40x0v6vi\">\n<div class=\"wp-block-uagb-info-box uagb-block-2zxovzr8 uagb-infobox__content-wrap  uagb-infobox-icon-above-title uagb-infobox-image-valign-top\"><div class=\"uagb-ifb-content\"><div class=\"uagb-ifb-title-wrap\"><\/div><p class=\"uagb-ifb-desc\">ICS International Carrier Services GmbH liefert spezialisierte L\u00f6sungen, Dienstleistungen und Fachwissen f\u00fcr Kommunikationsdienstleister, Automobilhersteller und Regulierungsbeh\u00f6rden in Europa und weltweit.<\/p><\/div><\/div>\n\n\n\n<div class=\"wp-block-uagb-buttons uagb-buttons__outer-wrap uagb-btn__default-btn uagb-btn-tablet__default-btn uagb-btn-mobile__default-btn uagb-block-ywy0ifrp\"><div class=\"uagb-buttons__wrap uagb-buttons-layout-wrap\">\n<div class=\"wp-block-uagb-buttons-child uagb-buttons__outer-wrap uagb-block-imxaqssr wp-block-button\"><div class=\"uagb-button__wrapper\"><a class=\"uagb-buttons-repeater wp-block-button__link\" aria-label=\"\" href=\"\/de\/kontakt\/\" rel=\"follow noopener\" target=\"_self\" role=\"button\"><div class=\"uagb-button__link\">Kontakt aufnehmen<\/div><\/a><\/div><\/div>\n<\/div><\/div>\n<\/div>\n<\/div>\n\n\n\n<div class=\"wp-block-uagb-container uagb-block-na456ied alignfull uagb-is-root-container\"><\/div>\n<\/div>\n\n\n\n<div class=\"wp-block-uagb-container uagb-block-zaq91m2k alignfull uagb-is-root-container\"><div class=\"uagb-container-inner-blocks-wrap\">\n<div class=\"wp-block-uagb-container uagb-block-pv99whfs\">\n<div class=\"wp-block-uagb-image alignleft uagb-block-hqh4hgvh wp-block-uagb-image--layout-default wp-block-uagb-image--effect-static wp-block-uagb-image--align-left\"><figure class=\"wp-block-uagb-image__figure\"><img decoding=\"async\" srcset=\"https:\/\/ic-services.io\/wp-content\/uploads\/2026\/02\/IMG_9119-768x1024.jpeg ,https:\/\/ic-services.io\/wp-content\/uploads\/2026\/02\/IMG_9119-rotated.jpeg 780w, https:\/\/ic-services.io\/wp-content\/uploads\/2026\/02\/IMG_9119-rotated.jpeg 360w\" sizes=\"auto, (max-width: 480px) 150px\" src=\"https:\/\/ic-services.io\/wp-content\/uploads\/2026\/02\/IMG_9119-768x1024.jpeg\" alt=\"\" class=\"uag-image-1956\" width=\"564\" height=\"400\" title=\"IMG_9119\" loading=\"lazy\" role=\"img\"\/><\/figure><\/div>\n\n\n\n<div class=\"wp-block-uagb-info-box uagb-block-n76udfyq uagb-infobox__content-wrap  uagb-infobox-icon-above-title uagb-infobox-image-valign-top\"><div class=\"uagb-ifb-content\"><div class=\"uagb-ifb-title-wrap\"><p class=\"uagb-ifb-title-prefix\">01<\/p><h3 class=\"uagb-ifb-title\">Unternehmen<\/h3><\/div><p class=\"uagb-ifb-desc\">ICS ist ein spezialisierter Anbieter von L\u00f6sungen f\u00fcr gesetzeskonformes Abh\u00f6ren und Compliance mit Sitz in K\u00f6ln, Deutschland. Wir kombinieren fundiertes technisches Fachwissen \u00fcber ETSI- und 3GPP-Standards mit praktischer Implementierungserfahrung in den Bereichen Telekommunikation, Automotive und Regulierung. Unser Ziel ist es, Unternehmen dabei zu helfen, ihre gesetzlichen Abh\u00f6rpflichten durch zuverl\u00e4ssige, standardkonforme L\u00f6sungen und reaktionsschnellen Experten-Support zu erf\u00fcllen.<\/p><\/div><\/div>\n<\/div>\n\n\n\n<div class=\"wp-block-uagb-container uagb-block-crkyzqpb\">\n<div class=\"wp-block-uagb-image alignleft uagb-block-epwubw0h wp-block-uagb-image--layout-default wp-block-uagb-image--effect-static wp-block-uagb-image--align-left\"><figure class=\"wp-block-uagb-image__figure\"><img decoding=\"async\" srcset=\"https:\/\/ic-services.io\/wp-content\/uploads\/2026\/02\/pexels-photo-6930548-6930548-1024x794.jpg ,https:\/\/ic-services.io\/wp-content\/uploads\/2026\/02\/pexels-photo-6930548-6930548-scaled.jpg 780w, https:\/\/ic-services.io\/wp-content\/uploads\/2026\/02\/pexels-photo-6930548-6930548-scaled.jpg 360w\" sizes=\"auto, (max-width: 480px) 150px\" src=\"https:\/\/ic-services.io\/wp-content\/uploads\/2026\/02\/pexels-photo-6930548-6930548-1024x794.jpg\" alt=\"pexels Foto 6930548 6930548\" class=\"uag-image-1739\" width=\"564\" height=\"400\" title=\"pexels Foto 6930548 6930548\" loading=\"lazy\" role=\"img\"\/><\/figure><\/div>\n\n\n\n<div class=\"wp-block-uagb-info-box uagb-block-co2p2khv uagb-infobox__content-wrap  uagb-infobox-icon-above-title uagb-infobox-image-valign-top\"><div class=\"uagb-ifb-content\"><div class=\"uagb-ifb-title-wrap\"><p class=\"uagb-ifb-title-prefix\">02<\/p><h3 class=\"uagb-ifb-title\">Einhaltung der Vorschriften und Pr\u00fcfung<\/h3><\/div><p class=\"uagb-ifb-desc\">Unsere L\u00f6sungen basieren auf ETSI- und 3GPP-Spezifikationen und wurden bereits erfolgreich von Regulierungsbeh\u00f6rden wie der Bundesnetzagentur (Deutschland), Agentschap Telecom (Niederlande) und anderen europ\u00e4ischen Regulierungsbeh\u00f6rden gepr\u00fcft. Wir bieten zertifizierte, pr\u00fcfungsreife Implementierungen, die den aktuellen Standards und nationalen Anforderungen entsprechen und durch umfassende Dokumentation und Zertifizierungsunterst\u00fctzung unterst\u00fctzt werden, damit Sie die beh\u00f6rdlichen Inspektionen bestehen.<\/p><\/div><\/div>\n<\/div>\n<\/div><\/div>\n\n\n\n<div class=\"wp-block-uagb-container uagb-layout-grid uagb-block-3fc6065c alignfull uagb-is-root-container\"><div class=\"uagb-container-inner-blocks-wrap\">\n<div class=\"wp-block-uagb-container uagb-layout-grid uagb-block-6d87b1d8\"><\/div>\n<\/div><\/div>","protected":false},"excerpt":{"rendered":"","protected":false},"author":1,"featured_media":0,"parent":0,"menu_order":0,"comment_status":"closed","ping_status":"closed","template":"","meta":{"_uag_custom_page_level_css":"","site-sidebar-layout":"default","site-content-layout":"","ast-site-content-layout":"default","site-content-style":"default","site-sidebar-style":"default","ast-global-header-display":"","ast-banner-title-visibility":"","ast-main-header-display":"","ast-hfb-above-header-display":"","ast-hfb-below-header-display":"","ast-hfb-mobile-header-display":"","site-post-title":"disabled","ast-breadcrumbs-content":"","ast-featured-img":"","footer-sml-layout":"","ast-disable-related-posts":"","theme-transparent-header-meta":"default","adv-header-id-meta":"","stick-header-meta":"","header-above-stick-meta":"","header-main-stick-meta":"","header-below-stick-meta":"","astra-migrate-meta-layouts":"default","ast-page-background-enabled":"default","ast-page-background-meta":{"desktop":{"background-color":"var(--ast-global-color-5)","background-image":"","background-repeat":"repeat","background-position":"center center","background-size":"auto","background-attachment":"scroll","background-type":"","background-media":"","overlay-type":"","overlay-color":"","overlay-opacity":"","overlay-gradient":""},"tablet":{"background-color":"","background-image":"","background-repeat":"repeat","background-position":"center center","background-size":"auto","background-attachment":"scroll","background-type":"","background-media":"","overlay-type":"","overlay-color":"","overlay-opacity":"","overlay-gradient":""},"mobile":{"background-color":"","background-image":"","background-repeat":"repeat","background-position":"center center","background-size":"auto","background-attachment":"scroll","background-type":"","background-media":"","overlay-type":"","overlay-color":"","overlay-opacity":"","overlay-gradient":""}},"ast-content-background-meta":{"desktop":{"background-color":"var(--ast-global-color-4)","background-image":"","background-repeat":"repeat","background-position":"center center","background-size":"auto","background-attachment":"scroll","background-type":"","background-media":"","overlay-type":"","overlay-color":"","overlay-opacity":"","overlay-gradient":""},"tablet":{"background-color":"var(--ast-global-color-4)","background-image":"","background-repeat":"repeat","background-position":"center center","background-size":"auto","background-attachment":"scroll","background-type":"","background-media":"","overlay-type":"","overlay-color":"","overlay-opacity":"","overlay-gradient":""},"mobile":{"background-color":"var(--ast-global-color-4)","background-image":"","background-repeat":"repeat","background-position":"center center","background-size":"auto","background-attachment":"scroll","background-type":"","background-media":"","overlay-type":"","overlay-color":"","overlay-opacity":"","overlay-gradient":""}},"footnotes":""},"class_list":["post-12","page","type-page","status-publish","hentry"],"uagb_featured_image_src":{"full":false,"thumbnail":false,"medium":false,"medium_large":false,"large":false,"1536x1536":false,"2048x2048":false,"trp-custom-language-flag":false},"uagb_author_info":{"display_name":"ICS Team","author_link":"https:\/\/ic-services.io\/de\/author\/operations_q0xnxjbe\/"},"uagb_comment_info":0,"uagb_excerpt":null,"_links":{"self":[{"href":"https:\/\/ic-services.io\/de\/wp-json\/wp\/v2\/pages\/12","targetHints":{"allow":["GET"]}}],"collection":[{"href":"https:\/\/ic-services.io\/de\/wp-json\/wp\/v2\/pages"}],"about":[{"href":"https:\/\/ic-services.io\/de\/wp-json\/wp\/v2\/types\/page"}],"author":[{"embeddable":true,"href":"https:\/\/ic-services.io\/de\/wp-json\/wp\/v2\/users\/1"}],"replies":[{"embeddable":true,"href":"https:\/\/ic-services.io\/de\/wp-json\/wp\/v2\/comments?post=12"}],"version-history":[{"count":8,"href":"https:\/\/ic-services.io\/de\/wp-json\/wp\/v2\/pages\/12\/revisions"}],"predecessor-version":[{"id":1957,"href":"https:\/\/ic-services.io\/de\/wp-json\/wp\/v2\/pages\/12\/revisions\/1957"}],"wp:attachment":[{"href":"https:\/\/ic-services.io\/de\/wp-json\/wp\/v2\/media?parent=12"}],"curies":[{"name":"wp","href":"https:\/\/api.w.org\/{rel}","templated":true}]}}