{"id":1293,"date":"2026-01-27T14:10:41","date_gmt":"2026-01-27T13:10:41","guid":{"rendered":"https:\/\/dev.ic-services.io\/?page_id=1293"},"modified":"2026-03-17T14:38:27","modified_gmt":"2026-03-17T13:38:27","slug":"losungen","status":"publish","type":"page","link":"https:\/\/ic-services.io\/de\/solutions\/","title":{"rendered":"L\u00f6sungen"},"content":{"rendered":"<p>Unser L\u00f6sungsportfolio umfasst&nbsp;<strong>End-to-End<\/strong>&nbsp;rechtm\u00e4\u00dfige Abh\u00f6r-, Offenlegungs- und Datenaufbewahrungsfunktionen, die vollst\u00e4ndig mit ETSI, 3GPP und nationalen Anforderungen \u00fcbereinstimmen. Wir unterst\u00fctzen Legacy-, IP-, VoIP-, OTT-, Automotive- und internationale Abh\u00f6rszenarien mit modularen, skalierbaren und regulatorisch zugelassenen Architekturen, die auf ETSI TS 102 232, ETSI TS 102 657, ETSI TS 103 707, ETSI TR 103 854 und verwandten Standards basieren.<\/p>\n\n\n\n<div class=\"wp-block-uagb-container uagb-block-cuv21atx alignfull uagb-is-root-container\"><div class=\"uagb-container-inner-blocks-wrap\">\n<div class=\"wp-block-uagb-info-box uagb-block-gvhswlb5 uagb-infobox__content-wrap  uagb-infobox-icon-above-title uagb-infobox-image-valign-top\"><div class=\"uagb-ifb-content\"><div class=\"uagb-ifb-title-wrap\"><h2 class=\"uagb-ifb-title\">L\u00f6sungen f\u00fcr Lawful Interception und Compliance<\/h2><\/div><p class=\"uagb-ifb-desc\">Wir helfen Betreibern, Dienstanbietern und Herstellern bei der Implementierung einer rechtskonformen, revisionssicheren \u00dcberwachung und Weitergabe von Daten \u00fcber herk\u00f6mmliche Telekommunikationsnetze, OTT-Dienste, gespeicherte Daten und Plattformen f\u00fcr vernetzte Fahrzeuge. Unsere L\u00f6sungen basieren auf standardisierten LI-Architekturen und \u00dcbergabeschnittstellen, sodass Sie gesetzliche Verpflichtungen effizient erf\u00fcllen und gleichzeitig die Privatsph\u00e4re und die Netzintegrit\u00e4t sch\u00fctzen k\u00f6nnen.<\/p><\/div><\/div>\n<\/div><\/div>\n\n\n\n<div class=\"wp-block-uagb-container uagb-block-kfhmtms4 alignfull uagb-is-root-container\"><div class=\"uagb-container-inner-blocks-wrap\">\n<div class=\"wp-block-uagb-container uagb-block-sftzihjq\">\n<div class=\"wp-block-uagb-container uagb-block-j76hkg86\">\n<div class=\"wp-block-uagb-info-box uagb-block-bblgxngw uagb-infobox__content-wrap  uagb-infobox-icon-above-title uagb-infobox-image-valign-top\"><div class=\"uagb-ifb-content\"><div class=\"uagb-ifb-title-wrap\"><p class=\"uagb-ifb-title-prefix\">01<\/p><h2 class=\"uagb-ifb-title\">L\u00f6sungen f\u00fcr Lawful Interception<\/h2><\/div><p class=\"uagb-ifb-desc\">Unsere Lawful-Interception-L\u00f6sungen decken Festnetz-, Mobilfunk-, VoIP- und OTT-Kommunikationsdienste ab und setzen die Anforderungen von ETSI TS 102 232, ETSI TS 103 707 und 3GPP LI um. Wir bieten Vermittlungs-, \u00dcbergabe- und Verwaltungskomponenten, die abh\u00f6rrelevante Informationen und Kommunikationsinhalte sammeln und sie in standardkonformen Formaten sicher an Strafverfolgungsbeh\u00f6rden \u00fcbermitteln.<\/p><\/div><\/div>\n\n\n\n<div class=\"wp-block-uagb-buttons uagb-buttons__outer-wrap uagb-btn__default-btn uagb-btn-tablet__default-btn uagb-btn-mobile__default-btn uagb-block-u6zklhxp\"><div class=\"uagb-buttons__wrap uagb-buttons-layout-wrap\">\n<div class=\"wp-block-uagb-buttons-child uagb-buttons__outer-wrap uagb-block-jgrrcvsi wp-block-button\"><div class=\"uagb-button__wrapper\"><a class=\"uagb-buttons-repeater wp-block-button__link\" aria-label=\"\" href=\"\/de\/losungen\/lawful-interception\/\" rel=\"follow noopener\" target=\"_self\" role=\"button\"><div class=\"uagb-button__link\">Mehr lesen<\/div><span class=\"uagb-button__icon uagb-button__icon-position-after\"><svg xmlns=\"https:\/\/www.w3.org\/2000\/svg\" viewbox=\"0 0 320 512\" aria-hidden=\"true\" focussable=\"false\"><path d=\"M96 480c-8.188 0-16.38-3.125-22.62-9.375c-12.5-12.5-12.5-32.75 0-45.25L242.8 256L73.38 86.63c-12.5-12.5-12.5-32.75 0-45.25s32.75-12.5 45.25 0l192 192c12.5 12.5 12.5 32.75 0 45.25l-192 192C112.4 476.9 104.2 480 96 480z\"><\/path><\/svg><\/span><\/a><\/div><\/div>\n<\/div><\/div>\n<\/div>\n\n\n\n<div class=\"wp-block-uagb-image alignleft uagb-block-zpab6jzf wp-block-uagb-image--layout-default wp-block-uagb-image--effect-static wp-block-uagb-image--align-left\"><figure class=\"wp-block-uagb-image__figure\"><img decoding=\"async\" srcset=\"https:\/\/ic-services.io\/wp-content\/uploads\/2026\/02\/pexels-photo-1054397-1054397-1-683x1024.jpg ,https:\/\/ic-services.io\/wp-content\/uploads\/2026\/02\/pexels-photo-1054397-1054397-1-scaled.jpg 780w, https:\/\/ic-services.io\/wp-content\/uploads\/2026\/02\/pexels-photo-1054397-1054397-1-scaled.jpg 360w\" sizes=\"auto, (max-width: 480px) 150px\" src=\"https:\/\/ic-services.io\/wp-content\/uploads\/2026\/02\/pexels-photo-1054397-1054397-1-683x1024.jpg\" alt=\"Nahaufnahme von Netzwerkkabeln und Anschl\u00fcssen in einem Serverschrank, die die Konnektivit\u00e4t verdeutlichen.\" class=\"uag-image-1633\" width=\"600\" height=\"450\" title=\"pexels foto 1054397 1054397 1\" loading=\"lazy\" role=\"img\"\/><\/figure><\/div>\n<\/div>\n\n\n\n<div class=\"wp-block-uagb-container uagb-block-hmxo6oq7\">\n<div class=\"wp-block-uagb-image alignleft uagb-block-xybwjwqn wp-block-uagb-image--layout-default wp-block-uagb-image--effect-static wp-block-uagb-image--align-left\"><figure class=\"wp-block-uagb-image__figure\"><img decoding=\"async\" srcset=\"https:\/\/ic-services.io\/wp-content\/uploads\/2026\/02\/pexels-photo-5050305-5050305-1024x681.jpg ,https:\/\/ic-services.io\/wp-content\/uploads\/2026\/02\/pexels-photo-5050305-5050305-scaled.jpg 780w, https:\/\/ic-services.io\/wp-content\/uploads\/2026\/02\/pexels-photo-5050305-5050305-scaled.jpg 360w\" sizes=\"auto, (max-width: 480px) 150px\" src=\"https:\/\/ic-services.io\/wp-content\/uploads\/2026\/02\/pexels-photo-5050305-5050305-1024x681.jpg\" alt=\"Nahaufnahme eines Netzwerkserver-Racks mit blinkenden LEDs, die die Ethernet-Verbindungen und Patch-Panels zeigen.\" class=\"uag-image-1620\" width=\"600\" height=\"450\" title=\"pexels Foto 5050305 5050305\" loading=\"lazy\" role=\"img\"\/><\/figure><\/div>\n\n\n\n<div class=\"wp-block-uagb-container uagb-block-wppicamt\">\n<div class=\"wp-block-uagb-info-box uagb-block-9ppjrhvb uagb-infobox__content-wrap  uagb-infobox-icon-above-title uagb-infobox-image-valign-top\"><div class=\"uagb-ifb-content\"><div class=\"uagb-ifb-title-wrap\"><p class=\"uagb-ifb-title-prefix\">02<\/p><h2 class=\"uagb-ifb-title\">Data Retention und grenz\u00fcberschreitende Compliance<\/h2><\/div><p class=\"uagb-ifb-desc\">Auf der Grundlage von ETSI TS 102 657 und nationalen Vorschriften wie der deutschen Auslandskopf\u00fcberwachung unterst\u00fctzen wir Sie bei der Implementierung von Prozessen zur Bearbeitung von Anfragen zur Vorratsdatenspeicherung und zur grenz\u00fcberschreitenden Offenlegung. Unsere L\u00f6sungen stellen sicher, dass nur autorisierte Daten \u00fcbermittelt werden, dass Verfahren dokumentiert werden und dass Sie die Einhaltung der Vorschriften gegen\u00fcber Aufsichtsbeh\u00f6rden und Gerichten nachweisen k\u00f6nnen.<\/p><\/div><\/div>\n\n\n\n<div class=\"wp-block-uagb-buttons uagb-buttons__outer-wrap uagb-btn__default-btn uagb-btn-tablet__default-btn uagb-btn-mobile__default-btn uagb-block-zmb4n4ir\"><div class=\"uagb-buttons__wrap uagb-buttons-layout-wrap\">\n<div class=\"wp-block-uagb-buttons-child uagb-buttons__outer-wrap uagb-block-o0x2zstx wp-block-button\"><div class=\"uagb-button__wrapper\"><a class=\"uagb-buttons-repeater wp-block-button__link\" aria-label=\"\" href=\"\/de\/losungen\/vorratsspeicherung-von-daten\/\" rel=\"follow noopener\" target=\"_self\" role=\"button\"><div class=\"uagb-button__link\">Mehr lesen<\/div><span class=\"uagb-button__icon uagb-button__icon-position-after\"><svg xmlns=\"https:\/\/www.w3.org\/2000\/svg\" viewbox=\"0 0 320 512\" aria-hidden=\"true\" focussable=\"false\"><path d=\"M96 480c-8.188 0-16.38-3.125-22.62-9.375c-12.5-12.5-12.5-32.75 0-45.25L242.8 256L73.38 86.63c-12.5-12.5-12.5-32.75 0-45.25s32.75-12.5 45.25 0l192 192c12.5 12.5 12.5 32.75 0 45.25l-192 192C112.4 476.9 104.2 480 96 480z\"><\/path><\/svg><\/span><\/a><\/div><\/div>\n<\/div><\/div>\n<\/div>\n<\/div>\n<\/div><\/div>\n\n\n\n<div class=\"wp-block-uagb-container uagb-block-537an79k alignfull uagb-is-root-container\"><div class=\"uagb-container-inner-blocks-wrap\">\n<div class=\"wp-block-uagb-container uagb-block-fc16tlok\">\n<div class=\"wp-block-uagb-info-box uagb-block-qa3rvlzt uagb-infobox__content-wrap  uagb-infobox-icon-above-title uagb-infobox-image-valign-top\"><div class=\"uagb-ifb-content\"><div class=\"uagb-ifb-title-wrap\"><p class=\"uagb-ifb-title-prefix\">03<\/p><h2 class=\"uagb-ifb-title\">e-Evidence Compliance<\/h2><\/div><p class=\"uagb-ifb-desc\">Im Rahmen der EU-Verordnung (EU) 2023\/1543 \u00fcber elektronische Beweismittel k\u00f6nnen Strafverfolgungsbeh\u00f6rden in ganz Europa jetzt Produktions- und Aufbewahrungsanordnungen direkt an Dienstleistungsanbieter erteilen. ICS bietet eine End-to-End-Compliance-Plattform, die die Auftragsannahme, die Datenextraktion, die sichere Zustellung und die Erstellung vollst\u00e4ndiger Pr\u00fcfprotokolle automatisiert. So k\u00f6nnen Sie alle Fristen einhalten und Geldstrafen von bis zu 2% des weltweiten Umsatzes vermeiden.<\/p><\/div><\/div>\n\n\n\n<div class=\"wp-block-uagb-buttons uagb-buttons__outer-wrap uagb-btn__default-btn uagb-btn-tablet__default-btn uagb-btn-mobile__default-btn uagb-block-co136d9j\"><div class=\"uagb-buttons__wrap uagb-buttons-layout-wrap\">\n<div class=\"wp-block-uagb-buttons-child uagb-buttons__outer-wrap uagb-block-pbjkgfye wp-block-button\"><div class=\"uagb-button__wrapper\"><a class=\"uagb-buttons-repeater wp-block-button__link\" aria-label=\"\" href=\"\/de\/losungen\/e-nachweis-der-einhaltung\/\" rel=\"follow noopener\" target=\"_self\" role=\"button\"><div class=\"uagb-button__link\">Mehr lesen<\/div><span class=\"uagb-button__icon uagb-button__icon-position-after\"><svg xmlns=\"https:\/\/www.w3.org\/2000\/svg\" viewbox=\"0 0 320 512\" aria-hidden=\"true\" focussable=\"false\"><path d=\"M96 480c-8.188 0-16.38-3.125-22.62-9.375c-12.5-12.5-12.5-32.75 0-45.25L242.8 256L73.38 86.63c-12.5-12.5-12.5-32.75 0-45.25s32.75-12.5 45.25 0l192 192c12.5 12.5 12.5 32.75 0 45.25l-192 192C112.4 476.9 104.2 480 96 480z\"><\/path><\/svg><\/span><\/a><\/div><\/div>\n<\/div><\/div>\n<\/div>\n\n\n\n<div class=\"wp-block-uagb-image alignleft uagb-block-dipynu5u wp-block-uagb-image--layout-default wp-block-uagb-image--effect-static wp-block-uagb-image--align-left\"><figure class=\"wp-block-uagb-image__figure\"><img decoding=\"async\" srcset=\"https:\/\/ic-services.io\/wp-content\/uploads\/2026\/03\/pexels-photo-6077797-6077797.jpg ,https:\/\/ic-services.io\/wp-content\/uploads\/2026\/03\/pexels-photo-6077797-6077797.jpg 780w, https:\/\/ic-services.io\/wp-content\/uploads\/2026\/03\/pexels-photo-6077797-6077797.jpg 360w\" sizes=\"auto, (max-width: 480px) 150px\" src=\"https:\/\/ic-services.io\/wp-content\/uploads\/2026\/03\/pexels-photo-6077797-6077797.jpg\" alt=\"Nahaufnahme von Netzwerkkabeln und Anschl\u00fcssen in einem Serverschrank, die die Konnektivit\u00e4t verdeutlichen.\" class=\"uag-image-1633\" width=\"600\" height=\"450\" title=\"pexels Foto 6077797 6077797\" loading=\"lazy\" role=\"img\"\/><\/figure><\/div>\n<\/div><\/div>\n\n\n\n<div class=\"wp-block-uagb-container uagb-block-nn6g3h4z alignfull uagb-is-root-container\"><div class=\"uagb-container-inner-blocks-wrap\">\n<div class=\"wp-block-uagb-info-box uagb-block-a3xkqq7w uagb-infobox__content-wrap  uagb-infobox-icon-above-title uagb-infobox-image-valign-top\"><div class=\"uagb-ifb-content\"><div class=\"uagb-ifb-title-wrap\"><p class=\"uagb-ifb-title-prefix\">Bleiben Sie mit uns in Verbindung<\/p><h2 class=\"uagb-ifb-title\">Lassen Sie uns gemeinsam starten<\/h2><\/div><\/div><\/div>\n\n\n\n<div class=\"wp-block-uagb-buttons uagb-buttons__outer-wrap uagb-btn__default-btn uagb-btn-tablet__default-btn uagb-btn-mobile__default-btn uagb-block-fip7kvb1\"><div class=\"uagb-buttons__wrap uagb-buttons-layout-wrap\">\n<div class=\"wp-block-uagb-buttons-child uagb-buttons__outer-wrap uagb-block-ssthev9b wp-block-button\"><div class=\"uagb-button__wrapper\"><a class=\"uagb-buttons-repeater wp-block-button__link\" aria-label=\"\" href=\"\/de\/kontakt\/\" rel=\"follow noopener\" target=\"_self\" role=\"button\"><div class=\"uagb-button__link\">mit einem Experten sprechen<\/div><\/a><\/div><\/div>\n<\/div><\/div>\n<\/div><\/div>","protected":false},"excerpt":{"rendered":"<p>Our Solutions portfolio covers&nbsp;end\u2011to\u2011end&nbsp;lawful interception, disclosure and data\u2011retention capabilities, fully aligned with ETSI, 3GPP and national requirements. We support legacy, [&hellip;]<\/p>\n","protected":false},"author":2,"featured_media":0,"parent":0,"menu_order":0,"comment_status":"closed","ping_status":"closed","template":"","meta":{"_uag_custom_page_level_css":"","site-sidebar-layout":"default","site-content-layout":"","ast-site-content-layout":"default","site-content-style":"default","site-sidebar-style":"default","ast-global-header-display":"","ast-banner-title-visibility":"","ast-main-header-display":"","ast-hfb-above-header-display":"","ast-hfb-below-header-display":"","ast-hfb-mobile-header-display":"","site-post-title":"","ast-breadcrumbs-content":"","ast-featured-img":"","footer-sml-layout":"","ast-disable-related-posts":"","theme-transparent-header-meta":"","adv-header-id-meta":"","stick-header-meta":"","header-above-stick-meta":"","header-main-stick-meta":"","header-below-stick-meta":"","astra-migrate-meta-layouts":"default","ast-page-background-enabled":"default","ast-page-background-meta":{"desktop":{"background-color":"var(--ast-global-color-5)","background-image":"","background-repeat":"repeat","background-position":"center center","background-size":"auto","background-attachment":"scroll","background-type":"","background-media":"","overlay-type":"","overlay-color":"","overlay-opacity":"","overlay-gradient":""},"tablet":{"background-color":"","background-image":"","background-repeat":"repeat","background-position":"center center","background-size":"auto","background-attachment":"scroll","background-type":"","background-media":"","overlay-type":"","overlay-color":"","overlay-opacity":"","overlay-gradient":""},"mobile":{"background-color":"","background-image":"","background-repeat":"repeat","background-position":"center center","background-size":"auto","background-attachment":"scroll","background-type":"","background-media":"","overlay-type":"","overlay-color":"","overlay-opacity":"","overlay-gradient":""}},"ast-content-background-meta":{"desktop":{"background-color":"var(--ast-global-color-4)","background-image":"","background-repeat":"repeat","background-position":"center center","background-size":"auto","background-attachment":"scroll","background-type":"","background-media":"","overlay-type":"","overlay-color":"","overlay-opacity":"","overlay-gradient":""},"tablet":{"background-color":"var(--ast-global-color-4)","background-image":"","background-repeat":"repeat","background-position":"center center","background-size":"auto","background-attachment":"scroll","background-type":"","background-media":"","overlay-type":"","overlay-color":"","overlay-opacity":"","overlay-gradient":""},"mobile":{"background-color":"var(--ast-global-color-4)","background-image":"","background-repeat":"repeat","background-position":"center center","background-size":"auto","background-attachment":"scroll","background-type":"","background-media":"","overlay-type":"","overlay-color":"","overlay-opacity":"","overlay-gradient":""}},"footnotes":""},"class_list":["post-1293","page","type-page","status-publish","hentry"],"uagb_featured_image_src":{"full":false,"thumbnail":false,"medium":false,"medium_large":false,"large":false,"1536x1536":false,"2048x2048":false,"trp-custom-language-flag":false},"uagb_author_info":{"display_name":"chatgpt","author_link":"https:\/\/ic-services.io\/de\/author\/chatgpt\/"},"uagb_comment_info":0,"uagb_excerpt":"Our Solutions portfolio covers&nbsp;end\u2011to\u2011end&nbsp;lawful interception, disclosure and data\u2011retention capabilities, fully aligned with ETSI, 3GPP and national requirements. We support legacy, [&hellip;]","_links":{"self":[{"href":"https:\/\/ic-services.io\/de\/wp-json\/wp\/v2\/pages\/1293","targetHints":{"allow":["GET"]}}],"collection":[{"href":"https:\/\/ic-services.io\/de\/wp-json\/wp\/v2\/pages"}],"about":[{"href":"https:\/\/ic-services.io\/de\/wp-json\/wp\/v2\/types\/page"}],"author":[{"embeddable":true,"href":"https:\/\/ic-services.io\/de\/wp-json\/wp\/v2\/users\/2"}],"replies":[{"embeddable":true,"href":"https:\/\/ic-services.io\/de\/wp-json\/wp\/v2\/comments?post=1293"}],"version-history":[{"count":11,"href":"https:\/\/ic-services.io\/de\/wp-json\/wp\/v2\/pages\/1293\/revisions"}],"predecessor-version":[{"id":2107,"href":"https:\/\/ic-services.io\/de\/wp-json\/wp\/v2\/pages\/1293\/revisions\/2107"}],"wp:attachment":[{"href":"https:\/\/ic-services.io\/de\/wp-json\/wp\/v2\/media?parent=1293"}],"curies":[{"name":"wp","href":"https:\/\/api.w.org\/{rel}","templated":true}]}}