{"id":1297,"date":"2026-01-27T14:19:09","date_gmt":"2026-01-27T13:19:09","guid":{"rendered":"https:\/\/dev.ic-services.io\/?page_id=1297"},"modified":"2026-03-15T20:26:52","modified_gmt":"2026-03-15T19:26:52","slug":"vorratsspeicherung-von-daten","status":"publish","type":"page","link":"https:\/\/ic-services.io\/de\/solutions\/data-retention\/","title":{"rendered":"Data Retention"},"content":{"rendered":"<div class=\"wp-block-uagb-container uagb-block-x0hbieel alignfull uagb-is-root-container\"><div class=\"uagb-container-inner-blocks-wrap\">\n<div class=\"wp-block-uagb-info-box uagb-block-uih5jaqc uagb-infobox__content-wrap  uagb-infobox-icon-above-title uagb-infobox-image-valign-top\"><div class=\"uagb-ifb-content\"><div class=\"uagb-ifb-title-wrap\"><h1 class=\"uagb-ifb-title\">Data Retention<\/h1><\/div><p class=\"uagb-ifb-desc\">Unsere L\u00f6sungen f\u00fcr Data Retention und Compliance gew\u00e4hrleisten die sichere Speicherung, den Abruf und die Pr\u00fcfung von Telekommunikationsdaten im Einklang mit den gesetzlichen Bestimmungen. Sie lassen sich nahtlos in unsere Plattformen f\u00fcr Lawful Interception integrieren und bieten eine Nachverfolgung der Aufbewahrungskette und Pr\u00fcfpfade.<\/p><\/div><\/div>\n<\/div><\/div>\n\n\n\n<div class=\"wp-block-uagb-container uagb-block-c2ch1rgh alignfull uagb-is-root-container\"><div class=\"uagb-container-inner-blocks-wrap\">\n<div class=\"wp-block-uagb-info-box uagb-block-vgxmcibp uagb-infobox__content-wrap  uagb-infobox-icon-above-title uagb-infobox-image-valign-top\"><div class=\"uagb-ifb-content\"><div class=\"uagb-ifb-title-wrap\"><h2 class=\"uagb-ifb-title\">Data Retention f\u00fcr Bestandsdaten<\/h2><\/div><p class=\"uagb-ifb-desc\">Entdecken Sie unser Angebot an Dienstleistungen f\u00fcr den Umgang mit Ihren Daten.<\/p><\/div><\/div>\n\n\n\n<div class=\"wp-block-uagb-container uagb-layout-grid uagb-block-g2hm5yue\">\n<div class=\"wp-block-uagb-container uagb-block-cezhnpib\">\n<div class=\"wp-block-uagb-info-box uagb-block-ac2o3aup uagb-infobox__content-wrap  uagb-infobox-icon-above-title uagb-infobox-image-valign-top\"><div class=\"uagb-ifb-content\"><div class=\"uagb-ifb-title-wrap\"><p class=\"uagb-ifb-title-prefix\">01<\/p><h3 class=\"uagb-ifb-title\">Beantworten Sie LEA-Teilnehmeranfragen in Sekunden, nicht in Stunden<\/h3><\/div><p class=\"uagb-ifb-desc\">Konsolidieren Sie Ihre Subscriberdaten aus mehreren Abrechnungs- und Bereitstellungssystemen in einem durchsuchbaren Speicher.<\/p><\/div><\/div>\n<\/div>\n\n\n\n<div class=\"wp-block-uagb-container uagb-block-6o0mukmb\">\n<div class=\"wp-block-uagb-info-box uagb-block-ydvidhod uagb-infobox__content-wrap  uagb-infobox-icon-above-title uagb-infobox-image-valign-top\"><div class=\"uagb-ifb-content\"><div class=\"uagb-ifb-title-wrap\"><p class=\"uagb-ifb-title-prefix\">02<\/p><h3 class=\"uagb-ifb-title\">Ihre Teilnehmerdaten leben in Silos<\/h3><\/div><p class=\"uagb-ifb-desc\">Telekommunikationsanbieter speichern Teilnehmerdaten in verschiedenen Systemen:<br><br>- Plattformen f\u00fcr die Rechnungsstellung<br>- Bereitstellung von Datenbanken<br>- CRM-Systeme<br>- \u00c4ltere Plattformen<br><br>Wenn die Strafverfolgungsbeh\u00f6rden Teilnehmerinformationen anfordern, durchsucht Ihr Team jedes System manuell. Das dauert Stunden. Es kommt zu Fehlern. Fristen werden verpasst.<\/p><\/div><\/div>\n<\/div>\n\n\n\n<div class=\"wp-block-uagb-container uagb-block-l3xppzke\">\n<div class=\"wp-block-uagb-info-box uagb-block-ktk2zgrl uagb-infobox__content-wrap  uagb-infobox-icon-above-title uagb-infobox-image-valign-top\"><div class=\"uagb-ifb-content\"><div class=\"uagb-ifb-title-wrap\"><p class=\"uagb-ifb-title-prefix\">03<\/p><h3 class=\"uagb-ifb-title\">Eine Suche. Alle Ihre Abonnenten.<\/h3><\/div><p class=\"uagb-ifb-desc\">Wir erstellen kundenspezifische ETL-Pipelines, die:<br><br><strong>- Auszug von<\/strong>&nbsp;Daten aus Ihren bestehenden Systemen (keine Migration erforderlich)<br><strong>- Verwandeln<\/strong>&nbsp;Telefonnummern und Adressen in normalisierte Formate<br><strong>- Laden sie<\/strong>&nbsp;alles in ein vereinheitlichtes, indiziertes Data Warehouse<br><br>Ihr Team sucht einmal. Sie erhalten vollst\u00e4ndige Ergebnisse. Reagiert schneller.<\/p><\/div><\/div>\n<\/div>\n\n\n\n<div class=\"wp-block-uagb-container uagb-block-fgkrduw9\">\n<div class=\"wp-block-uagb-info-box uagb-block-9m714zdd uagb-infobox__content-wrap  uagb-infobox-icon-above-title uagb-infobox-image-valign-top\"><div class=\"uagb-ifb-content\"><div class=\"uagb-ifb-title-wrap\"><p class=\"uagb-ifb-title-prefix\">04<\/p><h3 class=\"uagb-ifb-title\">Entwickelt f\u00fcr Compliance-Teams<\/h3><\/div><p class=\"uagb-ifb-desc\"><strong>Schnelle Suche<\/strong>&nbsp;Volltextsuche \u00fcber Namen, Adressen und E-Mails. Der Telefonnummernabgleich verarbeitet jedes Format.<br><br><strong>Immer aktuell<\/strong>&nbsp;Durch inkrementelle Synchronisierung bleiben die Daten aktuell. \u00c4nderungen werden innerhalb von Minuten von den Quellsystemen \u00fcbernommen.<br><br><strong>Audit-bereit<\/strong>&nbsp;Jede Suche wird protokolliert. Jede Reaktion dokumentiert. Bereit f\u00fcr die beh\u00f6rdliche \u00dcberpr\u00fcfung.<br><br><strong>ETSI-konforme API<\/strong>&nbsp;Der programmatische Zugang folgt den ETSI LI-Standards. Integrieren Sie in Ihre bestehenden Arbeitsabl\u00e4ufe.<\/p><\/div><\/div>\n<\/div>\n\n\n\n<div class=\"wp-block-uagb-container uagb-block-jeyfob61\">\n<div class=\"wp-block-uagb-info-box uagb-block-cbrwz5zt uagb-infobox__content-wrap  uagb-infobox-icon-above-title uagb-infobox-image-valign-top\"><div class=\"uagb-ifb-content\"><div class=\"uagb-ifb-title-wrap\"><p class=\"uagb-ifb-title-prefix\">05<\/p><h3 class=\"uagb-ifb-title\">In wenigen Wochen von der Fragmentierung zur Vereinheitlichung<\/h3><\/div><p class=\"uagb-ifb-desc\"><strong>1. Entdeckung<\/strong>\u00a0Wir erfassen Ihre Datenquellen und verstehen Ihre Compliance-Anforderungen.<br><br><strong>2. Bauen Sie<\/strong>\u00a0Benutzerdefinierte Extraktoren f\u00fcr jedes System. Transformationsregeln f\u00fcr Ihre Datenformate.<br><br><strong>3. Bereitstellung von<\/strong>\u00a0Sicheren Datenquellen in Ihrer Infrastruktur. Ihre Daten verlassen niemals Ihr Netzwerk.<br><br><strong>4.<\/strong>\u00a0Ihr Team erlernt die Suchoberfl\u00e4che. Wir dokumentieren alles.<\/p><\/div><\/div>\n<\/div>\n\n\n\n<div class=\"wp-block-uagb-container uagb-block-aohxq8ai\">\n<div class=\"wp-block-uagb-info-box uagb-block-zsnoeg1s uagb-infobox__content-wrap  uagb-infobox-icon-above-title uagb-infobox-image-valign-top\"><div class=\"uagb-ifb-content\"><div class=\"uagb-ifb-title-wrap\"><p class=\"uagb-ifb-title-prefix\">06<\/p><h3 class=\"uagb-ifb-title\">Ihre Daten bleiben Ihre<\/h3><\/div><p class=\"uagb-ifb-desc\">- Einsatz in Ihrer Infrastruktur<br><br>- Keine Cloud-Abh\u00e4ngigkeiten<br><br>- Open-Source-Komponenten<br><br>- Vollst\u00e4ndige Audit-Protokollierung<br><br>- Sie sind Eigent\u00fcmer der Daten<\/p><\/div><\/div>\n<\/div>\n<\/div>\n<\/div><\/div>\n\n\n\n<p><\/p>","protected":false},"excerpt":{"rendered":"","protected":false},"author":2,"featured_media":0,"parent":1293,"menu_order":0,"comment_status":"closed","ping_status":"closed","template":"","meta":{"_uag_custom_page_level_css":"","site-sidebar-layout":"default","site-content-layout":"","ast-site-content-layout":"default","site-content-style":"default","site-sidebar-style":"default","ast-global-header-display":"","ast-banner-title-visibility":"","ast-main-header-display":"","ast-hfb-above-header-display":"","ast-hfb-below-header-display":"","ast-hfb-mobile-header-display":"","site-post-title":"disabled","ast-breadcrumbs-content":"","ast-featured-img":"","footer-sml-layout":"","ast-disable-related-posts":"","theme-transparent-header-meta":"","adv-header-id-meta":"","stick-header-meta":"","header-above-stick-meta":"","header-main-stick-meta":"","header-below-stick-meta":"","astra-migrate-meta-layouts":"default","ast-page-background-enabled":"default","ast-page-background-meta":{"desktop":{"background-color":"var(--ast-global-color-5)","background-image":"","background-repeat":"repeat","background-position":"center center","background-size":"auto","background-attachment":"scroll","background-type":"","background-media":"","overlay-type":"","overlay-color":"","overlay-opacity":"","overlay-gradient":""},"tablet":{"background-color":"","background-image":"","background-repeat":"repeat","background-position":"center center","background-size":"auto","background-attachment":"scroll","background-type":"","background-media":"","overlay-type":"","overlay-color":"","overlay-opacity":"","overlay-gradient":""},"mobile":{"background-color":"","background-image":"","background-repeat":"repeat","background-position":"center center","background-size":"auto","background-attachment":"scroll","background-type":"","background-media":"","overlay-type":"","overlay-color":"","overlay-opacity":"","overlay-gradient":""}},"ast-content-background-meta":{"desktop":{"background-color":"var(--ast-global-color-4)","background-image":"","background-repeat":"repeat","background-position":"center center","background-size":"auto","background-attachment":"scroll","background-type":"","background-media":"","overlay-type":"","overlay-color":"","overlay-opacity":"","overlay-gradient":""},"tablet":{"background-color":"var(--ast-global-color-4)","background-image":"","background-repeat":"repeat","background-position":"center center","background-size":"auto","background-attachment":"scroll","background-type":"","background-media":"","overlay-type":"","overlay-color":"","overlay-opacity":"","overlay-gradient":""},"mobile":{"background-color":"var(--ast-global-color-4)","background-image":"","background-repeat":"repeat","background-position":"center center","background-size":"auto","background-attachment":"scroll","background-type":"","background-media":"","overlay-type":"","overlay-color":"","overlay-opacity":"","overlay-gradient":""}},"footnotes":""},"class_list":["post-1297","page","type-page","status-publish","hentry"],"uagb_featured_image_src":{"full":false,"thumbnail":false,"medium":false,"medium_large":false,"large":false,"1536x1536":false,"2048x2048":false,"trp-custom-language-flag":false},"uagb_author_info":{"display_name":"chatgpt","author_link":"https:\/\/ic-services.io\/de\/author\/chatgpt\/"},"uagb_comment_info":0,"uagb_excerpt":null,"_links":{"self":[{"href":"https:\/\/ic-services.io\/de\/wp-json\/wp\/v2\/pages\/1297","targetHints":{"allow":["GET"]}}],"collection":[{"href":"https:\/\/ic-services.io\/de\/wp-json\/wp\/v2\/pages"}],"about":[{"href":"https:\/\/ic-services.io\/de\/wp-json\/wp\/v2\/types\/page"}],"author":[{"embeddable":true,"href":"https:\/\/ic-services.io\/de\/wp-json\/wp\/v2\/users\/2"}],"replies":[{"embeddable":true,"href":"https:\/\/ic-services.io\/de\/wp-json\/wp\/v2\/comments?post=1297"}],"version-history":[{"count":9,"href":"https:\/\/ic-services.io\/de\/wp-json\/wp\/v2\/pages\/1297\/revisions"}],"predecessor-version":[{"id":1948,"href":"https:\/\/ic-services.io\/de\/wp-json\/wp\/v2\/pages\/1297\/revisions\/1948"}],"up":[{"embeddable":true,"href":"https:\/\/ic-services.io\/de\/wp-json\/wp\/v2\/pages\/1293"}],"wp:attachment":[{"href":"https:\/\/ic-services.io\/de\/wp-json\/wp\/v2\/media?parent=1297"}],"curies":[{"name":"wp","href":"https:\/\/api.w.org\/{rel}","templated":true}]}}