{"id":13,"date":"2026-01-23T09:42:16","date_gmt":"2026-01-23T09:42:16","guid":{"rendered":"https:\/\/dev.ic-services.io\/?page_id=13"},"modified":"2026-03-14T10:29:28","modified_gmt":"2026-03-14T09:29:28","slug":"dienstleistungen","status":"publish","type":"page","link":"https:\/\/ic-services.io\/de\/services\/","title":{"rendered":"Dienstleistungen"},"content":{"rendered":"<div class=\"wp-block-uagb-container uagb-block-0eqocqwc alignfull uagb-is-root-container\">\n<div class=\"wp-block-uagb-info-box uagb-block-bo4f9ohn uagb-infobox__content-wrap  uagb-infobox-icon-above-title uagb-infobox-image-valign-top wp-block-uagb-info-box--has-margin\"><div class=\"uagb-infobox-margin-wrapper\"><div class=\"uagb-ifb-content\"><div class=\"uagb-ifb-title-wrap\"><p class=\"uagb-ifb-title-prefix\">Gemeinsam zum Erfolg verhelfen<\/p><h1 class=\"uagb-ifb-title\">Vollst\u00e4ndiges Serviceportfolio f\u00fcr Telekommunikations\u00fcberwachung und Compliance<\/h1><\/div><p class=\"uagb-ifb-desc\">ICS bietet End-to-End-Dienste an, die Kommunikationsdienstleistern helfen, ihre Verpflichtungen zur Telekommunikations\u00fcberwachung effizient zu erf\u00fcllen. Von vollst\u00e4ndig verwaltetem Betrieb und kundenspezifischer Integration bis hin zu regulatorischer Beratung und Abrechnungsverwaltung bieten wir das Fachwissen und die Unterst\u00fctzung, die Sie ben\u00f6tigen.<\/p><\/div><\/div><\/div>\n\n\n\n<div class=\"wp-block-uagb-buttons uagb-buttons__outer-wrap uagb-btn__default-btn uagb-btn-tablet__default-btn uagb-btn-mobile__default-btn uagb-block-rp97djeq\"><div class=\"uagb-buttons__wrap uagb-buttons-layout-wrap\">\n<div class=\"wp-block-uagb-buttons-child uagb-buttons__outer-wrap uagb-block-hotrnmto wp-block-button\"><div class=\"uagb-button__wrapper\"><a class=\"uagb-buttons-repeater wp-block-button__link\" aria-label=\"\" href=\"\/de\/kontakt\/\" rel=\"follow noopener\" target=\"_self\" role=\"button\"><div class=\"uagb-button__link\">mit einem Experten sprechen<\/div><\/a><\/div><\/div>\n<\/div><\/div>\n\n\n\n<div class=\"wp-block-uagb-container uagb-block-8u9y3uhf alignfull uagb-is-root-container\"><\/div>\n<\/div>\n\n\n\n<div class=\"wp-block-uagb-container uagb-block-4062d932 alignfull uagb-is-root-container\"><div class=\"uagb-container-inner-blocks-wrap\">\n<div class=\"wp-block-uagb-container uagb-layout-flex uagb-block-188bf86b\">\n<div class=\"wp-block-uagb-image alignright uagb-block-a74814ac wp-block-uagb-image--layout-default wp-block-uagb-image--effect-static wp-block-uagb-image--align-right\"><figure class=\"wp-block-uagb-image__figure\"><img decoding=\"async\" srcset=\"https:\/\/ic-services.io\/wp-content\/uploads\/2026\/01\/pexels-photo-4682189.jpeg ,https:\/\/ic-services.io\/wp-content\/uploads\/2026\/01\/pexels-photo-4682189.jpeg 780w, https:\/\/ic-services.io\/wp-content\/uploads\/2026\/01\/pexels-photo-4682189.jpeg 360w\" sizes=\"auto, (max-width: 480px) 150px\" src=\"https:\/\/ic-services.io\/wp-content\/uploads\/2026\/01\/pexels-photo-4682189.jpeg\" alt=\"Detailansicht von Glasfaserkabeln, die an ein Patchpanel in einem Rechenzentrum angeschlossen sind.\" class=\"uag-image-813\" width=\"258\" height=\"258\" title=\"Dienstleistungen-05\" loading=\"lazy\" role=\"img\"\/><\/figure><\/div>\n<\/div>\n\n\n\n<div class=\"wp-block-group is-nowrap is-layout-flex wp-container-core-group-is-layout-6c531013 wp-block-group-is-layout-flex\">\n<div class=\"wp-block-uagb-container uagb-block-734584c5\">\n<div class=\"wp-block-uagb-advanced-heading uagb-block-0dee396c\"><div class=\"uagb-separator\"><\/div><h2 class=\"uagb-heading-text\">Managed LI Operations<\/h2><p class=\"uagb-desc-text\">Unser Managed Lawful Interception Service bietet umfassende operative Unterst\u00fctzung, einschlie\u00dflich System\u00fcberwachung rund um die Uhr, Verwaltung von gerichtlichen Beschl\u00fcssen, sichere \u00dcbergabe an Strafverfolgungsbeh\u00f6rden und Compliance-Berichterstattung. Wir betreiben Ihre LI-Infrastruktur, so dass Sie sich auf Ihr Netzwerk konzentrieren k\u00f6nnen, w\u00e4hrend Sie \u00fcber unser Verwaltungsportal die volle Transparenz und Kontrolle behalten.<\/p><\/div>\n\n\n\n<div class=\"wp-block-uagb-buttons uagb-buttons__outer-wrap uagb-btn__default-btn uagb-btn-tablet__default-btn uagb-btn-mobile__default-btn uagb-block-61f9686f\"><div class=\"uagb-buttons__wrap uagb-buttons-layout-wrap\">\n<div class=\"wp-block-uagb-buttons-child uagb-buttons__outer-wrap uagb-block-df38012e wp-block-button\"><div class=\"uagb-button__wrapper\"><a class=\"uagb-buttons-repeater wp-block-button__link\" aria-label=\"\" href=\"\/de\/dienstleistungen\/managed-li-operations\/\" rel=\"follow noopener\" target=\"_self\" role=\"button\"><div class=\"uagb-button__link\">Mehr lesen<\/div><span class=\"uagb-button__icon uagb-button__icon-position-after\"><svg xmlns=\"https:\/\/www.w3.org\/2000\/svg\" viewbox=\"0 0 256 512\" aria-hidden=\"true\" focussable=\"false\"><path d=\"M64 448c-8.188 0-16.38-3.125-22.62-9.375c-12.5-12.5-12.5-32.75 0-45.25L178.8 256L41.38 118.6c-12.5-12.5-12.5-32.75 0-45.25s32.75-12.5 45.25 0l160 160c12.5 12.5 12.5 32.75 0 45.25l-160 160C80.38 444.9 72.19 448 64 448z\"><\/path><\/svg><\/span><\/a><\/div><\/div>\n<\/div><\/div>\n<\/div>\n<\/div>\n<\/div><\/div>\n\n\n\n<div class=\"wp-block-uagb-container uagb-block-0c412db5 alignfull uagb-is-root-container\"><div class=\"uagb-container-inner-blocks-wrap\">\n<div class=\"wp-block-group is-nowrap is-layout-flex wp-container-core-group-is-layout-6c531013 wp-block-group-is-layout-flex\">\n<div class=\"wp-block-uagb-container uagb-block-e1ff7d3a\">\n<div class=\"wp-block-uagb-advanced-heading uagb-block-1df7c5de\"><div class=\"uagb-separator\"><\/div><h2 class=\"uagb-heading-text\">Integration und kundenspezifische Entwicklung<\/h2><p class=\"uagb-desc-text\">Wir passen die L\u00f6sungen zur Telekommunikations\u00fcberwachung an Ihre spezifische Netzarchitektur, Ihre Altsysteme und Ihre gesetzlichen Anforderungen an. Unsere Integrationsdienste umfassen kundenspezifische Adapter, Protokollkonverter, Vermittlungsfunktionen und \u00dcbergabeschnittstellen, die die L\u00fccke zwischen Ihrer realen Umgebung und den Compliance-Verpflichtungen schlie\u00dfen und gleichzeitig die ETSI-Anpassung aufrechterhalten.<\/p><\/div>\n\n\n\n<div class=\"wp-block-uagb-buttons uagb-buttons__outer-wrap uagb-btn__default-btn uagb-btn-tablet__default-btn uagb-btn-mobile__default-btn uagb-block-61ea11eb\"><div class=\"uagb-buttons__wrap uagb-buttons-layout-wrap\">\n<div class=\"wp-block-uagb-buttons-child uagb-buttons__outer-wrap uagb-block-a98151e5 wp-block-button\"><div class=\"uagb-button__wrapper\"><a class=\"uagb-buttons-repeater wp-block-button__link\" aria-label=\"\" href=\"\/de\/dienstleistungen\/integration-kundenspezifische-entwicklung\/\" rel=\"follow noopener\" target=\"_self\" role=\"button\"><div class=\"uagb-button__link\">Mehr lesen<\/div><span class=\"uagb-button__icon uagb-button__icon-position-after\"><svg xmlns=\"https:\/\/www.w3.org\/2000\/svg\" viewbox=\"0 0 256 512\" aria-hidden=\"true\" focussable=\"false\"><path d=\"M64 448c-8.188 0-16.38-3.125-22.62-9.375c-12.5-12.5-12.5-32.75 0-45.25L178.8 256L41.38 118.6c-12.5-12.5-12.5-32.75 0-45.25s32.75-12.5 45.25 0l160 160c12.5 12.5 12.5 32.75 0 45.25l-160 160C80.38 444.9 72.19 448 64 448z\"><\/path><\/svg><\/span><\/a><\/div><\/div>\n<\/div><\/div>\n<\/div>\n\n\n\n<div class=\"wp-block-uagb-container uagb-layout-flex uagb-block-c0e43976\">\n<div class=\"wp-block-uagb-image alignleft uagb-block-5306a3d4 wp-block-uagb-image--layout-default wp-block-uagb-image--effect-static wp-block-uagb-image--align-left\"><figure class=\"wp-block-uagb-image__figure\"><img decoding=\"async\" srcset=\"https:\/\/ic-services.io\/wp-content\/uploads\/2026\/02\/pexels-photo-113850-113850-1024x683.jpg ,https:\/\/ic-services.io\/wp-content\/uploads\/2026\/02\/pexels-photo-113850-113850-scaled.jpg 780w, https:\/\/ic-services.io\/wp-content\/uploads\/2026\/02\/pexels-photo-113850-113850-scaled.jpg 360w\" sizes=\"auto, (max-width: 480px) 150px\" src=\"https:\/\/ic-services.io\/wp-content\/uploads\/2026\/02\/pexels-photo-113850-113850-1024x683.jpg\" alt=\"Eine detaillierte Ansicht von farbigem Quellcode auf einem Computerbildschirm, der moderne Programmierung und Technologie darstellt.\" class=\"uag-image-1591\" width=\"258\" height=\"258\" title=\"pexels Foto 113850 113850\" loading=\"lazy\" role=\"img\"\/><\/figure><\/div>\n<\/div>\n<\/div>\n<\/div><\/div>\n\n\n\n<div class=\"wp-block-uagb-container uagb-block-86ad670d alignfull uagb-is-root-container\"><div class=\"uagb-container-inner-blocks-wrap\">\n<div class=\"wp-block-group is-nowrap is-layout-flex wp-container-core-group-is-layout-6c531013 wp-block-group-is-layout-flex\">\n<div class=\"wp-block-uagb-container uagb-layout-flex uagb-block-49c46b3d\">\n<div class=\"wp-block-uagb-image alignright uagb-block-d96255e0 wp-block-uagb-image--layout-default wp-block-uagb-image--effect-static wp-block-uagb-image--align-right\"><figure class=\"wp-block-uagb-image__figure\"><img decoding=\"async\" srcset=\"https:\/\/ic-services.io\/wp-content\/uploads\/2026\/02\/pexels-photo-7433827-7433827-1024x683.jpg ,https:\/\/ic-services.io\/wp-content\/uploads\/2026\/02\/pexels-photo-7433827-7433827-scaled.jpg 780w, https:\/\/ic-services.io\/wp-content\/uploads\/2026\/02\/pexels-photo-7433827-7433827-scaled.jpg 360w\" sizes=\"auto, (max-width: 480px) 150px\" src=\"https:\/\/ic-services.io\/wp-content\/uploads\/2026\/02\/pexels-photo-7433827-7433827-1024x683.jpg\" alt=\"Hochrangige Gesch\u00e4ftsleute besprechen Dokumente in einer B\u00fcroumgebung.\" class=\"uag-image-1681\" width=\"258\" height=\"258\" title=\"pexels Foto 7433827 7433827\" loading=\"lazy\" role=\"img\"\/><\/figure><\/div>\n<\/div>\n\n\n\n<div class=\"wp-block-uagb-container uagb-block-a1958e86\">\n<div class=\"wp-block-uagb-advanced-heading uagb-block-5ca96e19\"><div class=\"uagb-separator\"><\/div><h2 class=\"uagb-heading-text\">Beratung und regulatorische Unterst\u00fctzung<\/h2><p class=\"uagb-desc-text\">Unser Beratungsteam hilft Ihnen dabei, die gesetzlichen Vorgaben zur TK\u00dc in verschiedenen Rechtsordnungen zu verstehen und zu erf\u00fcllen. Wir bieten Konformit\u00e4tsbewertungen, Anleitungen zur Anpassung an ETSI-Standards, Unterst\u00fctzung bei der Architekturentwicklung und Vorbereitung auf Audits, um sicherzustellen, dass Ihre Systeme die gesetzlichen Anforderungen erf\u00fcllen und Inspektionen bestehen.<\/p><\/div>\n\n\n\n<div class=\"wp-block-uagb-buttons uagb-buttons__outer-wrap uagb-btn__default-btn uagb-btn-tablet__default-btn uagb-btn-mobile__default-btn uagb-block-46153460\"><div class=\"uagb-buttons__wrap uagb-buttons-layout-wrap\">\n<div class=\"wp-block-uagb-buttons-child uagb-buttons__outer-wrap uagb-block-d645d467 wp-block-button\"><div class=\"uagb-button__wrapper\"><a class=\"uagb-buttons-repeater wp-block-button__link\" aria-label=\"\" href=\"\/de\/dienstleistungen\/integration-kundenspezifische-entwicklung\/\" rel=\"follow noopener\" target=\"_self\" role=\"button\"><div class=\"uagb-button__link\">Mehr lesen<\/div><span class=\"uagb-button__icon uagb-button__icon-position-after\"><svg xmlns=\"https:\/\/www.w3.org\/2000\/svg\" viewbox=\"0 0 256 512\" aria-hidden=\"true\" focussable=\"false\"><path d=\"M64 448c-8.188 0-16.38-3.125-22.62-9.375c-12.5-12.5-12.5-32.75 0-45.25L178.8 256L41.38 118.6c-12.5-12.5-12.5-32.75 0-45.25s32.75-12.5 45.25 0l160 160c12.5 12.5 12.5 32.75 0 45.25l-160 160C80.38 444.9 72.19 448 64 448z\"><\/path><\/svg><\/span><\/a><\/div><\/div>\n<\/div><\/div>\n<\/div>\n<\/div>\n<\/div><\/div>\n\n\n\n<div class=\"wp-block-uagb-container uagb-block-ffb294d0 alignfull uagb-is-root-container\"><div class=\"uagb-container-inner-blocks-wrap\">\n<div class=\"wp-block-group is-nowrap is-layout-flex wp-container-core-group-is-layout-6c531013 wp-block-group-is-layout-flex\">\n<div class=\"wp-block-uagb-container uagb-block-5549ed4d\">\n<div class=\"wp-block-uagb-advanced-heading uagb-block-38c491c3\"><div class=\"uagb-separator\"><\/div><h2 class=\"uagb-heading-text\">Abrechnungsdienste<\/h2><p class=\"uagb-desc-text\">Wir \u00fcbernehmen den gesamten Abrechnungs- und Erstattungszyklus f\u00fcr LI-Ma\u00dfnahmen. Unser Service verfolgt automatisch alle abrechenbaren Ereignisse, berechnet die Kosten gem\u00e4\u00df den geltenden Rahmenbedingungen, erstellt konforme Rechnungen und verwaltet den Zahlungseinzug bei den Strafverfolgungsbeh\u00f6rden, wobei wir uns an die Regeln und Anforderungen der verschiedenen Rechtsordnungen anpassen.<\/p><\/div>\n\n\n\n<div class=\"wp-block-uagb-buttons uagb-buttons__outer-wrap uagb-btn__default-btn uagb-btn-tablet__default-btn uagb-btn-mobile__default-btn uagb-block-051953c4\"><div class=\"uagb-buttons__wrap uagb-buttons-layout-wrap\">\n<div class=\"wp-block-uagb-buttons-child uagb-buttons__outer-wrap uagb-block-6af16c68 wp-block-button\"><div class=\"uagb-button__wrapper\"><a class=\"uagb-buttons-repeater wp-block-button__link\" aria-label=\"\" href=\"\/de\/dienstleistungen\/abrechnungsdienste\/\" rel=\"follow noopener\" target=\"_self\" role=\"button\"><div class=\"uagb-button__link\">Mehr lesen<\/div><span class=\"uagb-button__icon uagb-button__icon-position-after\"><svg xmlns=\"https:\/\/www.w3.org\/2000\/svg\" viewbox=\"0 0 256 512\" aria-hidden=\"true\" focussable=\"false\"><path d=\"M64 448c-8.188 0-16.38-3.125-22.62-9.375c-12.5-12.5-12.5-32.75 0-45.25L178.8 256L41.38 118.6c-12.5-12.5-12.5-32.75 0-45.25s32.75-12.5 45.25 0l160 160c12.5 12.5 12.5 32.75 0 45.25l-160 160C80.38 444.9 72.19 448 64 448z\"><\/path><\/svg><\/span><\/a><\/div><\/div>\n<\/div><\/div>\n<\/div>\n\n\n\n<div class=\"wp-block-uagb-container uagb-layout-flex uagb-block-35e87960\">\n<div class=\"wp-block-uagb-image alignleft uagb-block-76558478 wp-block-uagb-image--layout-default wp-block-uagb-image--effect-static wp-block-uagb-image--align-left\"><figure class=\"wp-block-uagb-image__figure\"><img decoding=\"async\" srcset=\"https:\/\/ic-services.io\/wp-content\/uploads\/2026\/02\/pexels-photo-8296977-8296977-1024x683.jpg ,https:\/\/ic-services.io\/wp-content\/uploads\/2026\/02\/pexels-photo-8296977-8296977-scaled.jpg 780w, https:\/\/ic-services.io\/wp-content\/uploads\/2026\/02\/pexels-photo-8296977-8296977-scaled.jpg 360w\" sizes=\"auto, (max-width: 480px) 150px\" src=\"https:\/\/ic-services.io\/wp-content\/uploads\/2026\/02\/pexels-photo-8296977-8296977-1024x683.jpg\" alt=\"Ein Buchhalter, der einen Taschenrechner benutzt und Papiere unterschreibt, zeigt eine Finanzanalyse.\" class=\"uag-image-1679\" width=\"258\" height=\"258\" title=\"pexels Foto 8296977 8296977\" loading=\"lazy\" role=\"img\"\/><\/figure><\/div>\n<\/div>\n<\/div>\n<\/div><\/div>\n\n\n\n\n\n<div class=\"wp-block-uagb-container uagb-layout-grid uagb-block-508141bb alignfull uagb-is-root-container\"><div class=\"uagb-container-inner-blocks-wrap\">\n<div class=\"wp-block-uagb-advanced-heading uagb-block-09883dcf\"><div class=\"uagb-separator\"><\/div><h2 class=\"uagb-heading-text\">Unser systematischer Ansatz f\u00fcr die Bereitstellung umfassender L\u00f6sungen<\/h2><\/div>\n\n\n\n<div class=\"wp-block-uagb-container uagb-layout-grid uagb-block-aa24d0e8 alignfull uagb-is-root-container\"><div class=\"uagb-container-inner-blocks-wrap\">\n<div class=\"wp-block-uagb-info-box uagb-block-37efc996 uagb-infobox__content-wrap  uagb-infobox-icon-above-title uagb-infobox-image-valign-top\"><div class=\"uagb-ifb-content\"><div class=\"uagb-ifb-title-wrap\"><p class=\"uagb-ifb-title-prefix\">Schritt 1<\/p><h3 class=\"uagb-ifb-title\">Konsultation<\/h3><\/div><p class=\"uagb-ifb-desc\">Wir arbeiten mit Ihren Rechts-, Compliance- und technischen Teams zusammen, um Ihre rechtlichen Verpflichtungen, Ihre Netzarchitektur, Ihre betrieblichen Einschr\u00e4nkungen und Ihre Serviceanforderungen in allen L\u00e4ndern, in denen Sie t\u00e4tig sind, zu verstehen.<\/p><\/div><\/div>\n\n\n\n<div class=\"wp-block-uagb-info-box uagb-block-a83f2864 uagb-infobox__content-wrap  uagb-infobox-icon-above-title uagb-infobox-image-valign-top\"><div class=\"uagb-ifb-content\"><div class=\"uagb-ifb-title-wrap\"><p class=\"uagb-ifb-title-prefix\">Schritt 2<\/p><h3 class=\"uagb-ifb-title\">Umsetzung<\/h3><\/div><p class=\"uagb-ifb-desc\">Wir implementieren, integrieren und konfigurieren Systeme und Dienste zur rechtm\u00e4\u00dfigen \u00dcberwachung, die auf Ihr spezifisches Umfeld zugeschnitten sind, und gew\u00e4hrleisten einen nahtlosen Betrieb mit Ihrer bestehenden Infrastruktur und die Einhaltung aller geltenden Normen.<\/p><\/div><\/div>\n\n\n\n<div class=\"wp-block-uagb-info-box uagb-block-56e981fe uagb-infobox__content-wrap  uagb-infobox-icon-above-title uagb-infobox-image-valign-top\"><div class=\"uagb-ifb-content\"><div class=\"uagb-ifb-title-wrap\"><p class=\"uagb-ifb-title-prefix\">Schritt 3<\/p><h3 class=\"uagb-ifb-title\">Unterst\u00fctzung<\/h3><\/div><p class=\"uagb-ifb-desc\">Unser Team bietet fortlaufende operative Unterst\u00fctzung, \u00dcberwachung, Aktualisierungen und Anleitung zur Einhaltung von Vorschriften, um sicherzustellen, dass Ihre LI-Umgebung konform und sicher bleibt und f\u00fcr Audits bereit ist, wenn sich die Vorschriften und Standards weiterentwickeln.<\/p><\/div><\/div>\n<\/div><\/div>\n<\/div><\/div>","protected":false},"excerpt":{"rendered":"<p>Managed LI Operations Our managed lawful interception service provides complete operational support including 24\/7 system monitoring, warrant management, secure handover [&hellip;]<\/p>\n","protected":false},"author":1,"featured_media":0,"parent":0,"menu_order":0,"comment_status":"closed","ping_status":"closed","template":"","meta":{"_uag_custom_page_level_css":"","site-sidebar-layout":"default","site-content-layout":"","ast-site-content-layout":"default","site-content-style":"default","site-sidebar-style":"default","ast-global-header-display":"","ast-banner-title-visibility":"","ast-main-header-display":"","ast-hfb-above-header-display":"","ast-hfb-below-header-display":"","ast-hfb-mobile-header-display":"","site-post-title":"disabled","ast-breadcrumbs-content":"","ast-featured-img":"","footer-sml-layout":"","ast-disable-related-posts":"","theme-transparent-header-meta":"default","adv-header-id-meta":"","stick-header-meta":"","header-above-stick-meta":"","header-main-stick-meta":"","header-below-stick-meta":"","astra-migrate-meta-layouts":"default","ast-page-background-enabled":"default","ast-page-background-meta":{"desktop":{"background-color":"var(--ast-global-color-5)","background-image":"","background-repeat":"repeat","background-position":"center center","background-size":"auto","background-attachment":"scroll","background-type":"","background-media":"","overlay-type":"","overlay-color":"","overlay-opacity":"","overlay-gradient":""},"tablet":{"background-color":"","background-image":"","background-repeat":"repeat","background-position":"center center","background-size":"auto","background-attachment":"scroll","background-type":"","background-media":"","overlay-type":"","overlay-color":"","overlay-opacity":"","overlay-gradient":""},"mobile":{"background-color":"","background-image":"","background-repeat":"repeat","background-position":"center center","background-size":"auto","background-attachment":"scroll","background-type":"","background-media":"","overlay-type":"","overlay-color":"","overlay-opacity":"","overlay-gradient":""}},"ast-content-background-meta":{"desktop":{"background-color":"var(--ast-global-color-4)","background-image":"","background-repeat":"repeat","background-position":"center center","background-size":"auto","background-attachment":"scroll","background-type":"","background-media":"","overlay-type":"","overlay-color":"","overlay-opacity":"","overlay-gradient":""},"tablet":{"background-color":"var(--ast-global-color-4)","background-image":"","background-repeat":"repeat","background-position":"center center","background-size":"auto","background-attachment":"scroll","background-type":"","background-media":"","overlay-type":"","overlay-color":"","overlay-opacity":"","overlay-gradient":""},"mobile":{"background-color":"var(--ast-global-color-4)","background-image":"","background-repeat":"repeat","background-position":"center center","background-size":"auto","background-attachment":"scroll","background-type":"","background-media":"","overlay-type":"","overlay-color":"","overlay-opacity":"","overlay-gradient":""}},"footnotes":""},"class_list":["post-13","page","type-page","status-publish","hentry"],"uagb_featured_image_src":{"full":false,"thumbnail":false,"medium":false,"medium_large":false,"large":false,"1536x1536":false,"2048x2048":false,"trp-custom-language-flag":false},"uagb_author_info":{"display_name":"ICS Team","author_link":"https:\/\/ic-services.io\/de\/author\/operations_q0xnxjbe\/"},"uagb_comment_info":0,"uagb_excerpt":"Managed LI Operations Our managed lawful interception service provides complete operational support including 24\/7 system monitoring, warrant management, secure handover [&hellip;]","_links":{"self":[{"href":"https:\/\/ic-services.io\/de\/wp-json\/wp\/v2\/pages\/13","targetHints":{"allow":["GET"]}}],"collection":[{"href":"https:\/\/ic-services.io\/de\/wp-json\/wp\/v2\/pages"}],"about":[{"href":"https:\/\/ic-services.io\/de\/wp-json\/wp\/v2\/types\/page"}],"author":[{"embeddable":true,"href":"https:\/\/ic-services.io\/de\/wp-json\/wp\/v2\/users\/1"}],"replies":[{"embeddable":true,"href":"https:\/\/ic-services.io\/de\/wp-json\/wp\/v2\/comments?post=13"}],"version-history":[{"count":10,"href":"https:\/\/ic-services.io\/de\/wp-json\/wp\/v2\/pages\/13\/revisions"}],"predecessor-version":[{"id":1811,"href":"https:\/\/ic-services.io\/de\/wp-json\/wp\/v2\/pages\/13\/revisions\/1811"}],"wp:attachment":[{"href":"https:\/\/ic-services.io\/de\/wp-json\/wp\/v2\/media?parent=13"}],"curies":[{"name":"wp","href":"https:\/\/api.w.org\/{rel}","templated":true}]}}