{"id":1315,"date":"2026-01-27T14:37:25","date_gmt":"2026-01-27T13:37:25","guid":{"rendered":"https:\/\/dev.ic-services.io\/?page_id=1315"},"modified":"2026-02-25T14:58:09","modified_gmt":"2026-02-25T13:58:09","slug":"produkte","status":"publish","type":"page","link":"https:\/\/ic-services.io\/de\/products\/","title":{"rendered":"Produkte"},"content":{"rendered":"<p>Unser Produktbereich bietet ein umfassendes Angebot an LI-L\u00f6sungen. Wir bieten sowohl Software-Plattformen als auch Hardware-Appliances an, die f\u00fcr Messaging-, IP-, VoIP-, OTT- und internationale \u00dcberwachungsanforderungen entwickelt wurden. Alle Angebote sind skalierbar und mit den ETSI-Standards konform. Erkunden Sie unsere Software- und Appliance-Kategorien, um die richtige L\u00f6sung f\u00fcr Ihr Netzwerk und Ihre gesetzlichen Anforderungen zu finden.<\/p>\n\n\n\n<div class=\"wp-block-uagb-container uagb-block-0rdgylbd alignfull uagb-is-root-container\"><div class=\"uagb-container-inner-blocks-wrap\">\n<div class=\"wp-block-uagb-container uagb-block-od3neutp\">\n<div class=\"wp-block-uagb-info-box uagb-block-i9noz3so uagb-infobox__content-wrap  uagb-infobox-icon-above-title uagb-infobox-image-valign-top\"><div class=\"uagb-ifb-content\"><div class=\"uagb-ifb-title-wrap\"><p class=\"uagb-ifb-title-prefix\">Gemeinsam zum Erfolg verhelfen<\/p><h2 class=\"uagb-ifb-title\">Erreichen Sie Ihre Ziele mit unserer fachkundigen Beratung<\/h2><\/div><p class=\"uagb-ifb-desc\">Von zentralem Warrantmanagement und Echtzeit-Vermittlung bis hin zu schnell einsatzbereiten Appliances f\u00fcr spezielle Szenarien bietet ICS alles, was Sie brauchen, um die gesetzlichen Auflagen f\u00fcr alle Dienste und Netzwerke zu erf\u00fcllen.<\/p><\/div><\/div>\n\n\n\n<div class=\"wp-block-uagb-buttons uagb-buttons__outer-wrap uagb-btn__default-btn uagb-btn-tablet__default-btn uagb-btn-mobile__default-btn uagb-block-yvgajheb\"><div class=\"uagb-buttons__wrap uagb-buttons-layout-wrap\">\n<div class=\"wp-block-uagb-buttons-child uagb-buttons__outer-wrap uagb-block-uczr3dzd wp-block-button\"><div class=\"uagb-button__wrapper\"><a class=\"uagb-buttons-repeater wp-block-button__link\" aria-label=\"\" href=\"\/de\/kontakt\/\" rel=\"follow noopener\" target=\"_self\" role=\"button\"><div class=\"uagb-button__link\">mit einem Experten sprechen<\/div><\/a><\/div><\/div>\n<\/div><\/div>\n<\/div>\n\n\n\n<div class=\"wp-block-uagb-image alignleft uagb-block-xicjutqr wp-block-uagb-image--layout-default wp-block-uagb-image--effect-static wp-block-uagb-image--align-left\"><figure class=\"wp-block-uagb-image__figure\"><img decoding=\"async\" srcset=\"https:\/\/ic-services.io\/wp-content\/uploads\/2026\/01\/gcae11156218ea16d50c0962f328db69716c5f187aebbbfd01f21f9379549ae0f0d80e18e39d7f109b9146ab9836596ecf7a3dc9c9a285b41977cd21dd6e675c2_1280-1587673-1024x768.jpg ,https:\/\/ic-services.io\/wp-content\/uploads\/2026\/01\/gcae11156218ea16d50c0962f328db69716c5f187aebbbfd01f21f9379549ae0f0d80e18e39d7f109b9146ab9836596ecf7a3dc9c9a285b41977cd21dd6e675c2_1280-1587673.jpg 780w, https:\/\/ic-services.io\/wp-content\/uploads\/2026\/01\/gcae11156218ea16d50c0962f328db69716c5f187aebbbfd01f21f9379549ae0f0d80e18e39d7f109b9146ab9836596ecf7a3dc9c9a285b41977cd21dd6e675c2_1280-1587673.jpg 360w\" sizes=\"auto, (max-width: 480px) 150px\" src=\"https:\/\/ic-services.io\/wp-content\/uploads\/2026\/01\/gcae11156218ea16d50c0962f328db69716c5f187aebbbfd01f21f9379549ae0f0d80e18e39d7f109b9146ab9836596ecf7a3dc9c9a285b41977cd21dd6e675c2_1280-1587673-1024x768.jpg\" alt=\"Technologie, Server, Server, Server, Server, Server, Server, Server, Server\" class=\"uag-image-1460\" width=\"564\" height=\"500\" title=\"gcae11156218ea16d50c0962f328db69716c5f187aebbbfd01f21f9379549ae0f0d80e18e39d7f109b9146ab9836596ecf7a3dc9c9a285b41977cd21dd6e675c2 1280 1587673\" loading=\"lazy\" role=\"img\"\/><\/figure><\/div>\n<\/div><\/div>\n\n\n\n<div class=\"wp-block-uagb-container uagb-block-mdkwywor alignfull uagb-is-root-container\"><div class=\"uagb-container-inner-blocks-wrap\">\n<div class=\"wp-block-uagb-container uagb-block-jyom7co8\">\n<div class=\"wp-block-uagb-info-box uagb-block-0egagod4 uagb-infobox__content-wrap  uagb-infobox-icon-above-title uagb-infobox-image-valign-top wp-block-uagb-info-box--has-margin\"><div class=\"uagb-infobox-margin-wrapper\"><div class=\"uagb-ifb-content\"><div class=\"uagb-ifb-title-wrap\"><h2 class=\"uagb-ifb-title\">Unsere Produktkategorien<\/h2><\/div><p class=\"uagb-ifb-desc\">Die ICS-Produkte sind in zwei Hauptkategorien eingeteilt: Software-Plattformen f\u00fcr langfristige, dienst\u00fcbergreifende LI-Umgebungen und Hardware-Appliances f\u00fcr tempor\u00e4re, spezialisierte oder Migrationsszenarien. Zusammen decken sie das gesamte Spektrum der Anforderungen an die rechtm\u00e4\u00dfige \u00dcberwachung ab.<\/p><\/div><\/div><\/div>\n\n\n\n<div class=\"wp-block-uagb-image alignleft uagb-block-ik38uakv wp-block-uagb-image--layout-default wp-block-uagb-image--effect-static wp-block-uagb-image--align-left\"><figure class=\"wp-block-uagb-image__figure\"><img decoding=\"async\" srcset=\"https:\/\/ic-services.io\/wp-content\/uploads\/2026\/02\/g0614efa747bb10b77ef6de425a39a4adf96209f4549f5ecd9baaf0ffc86d62144a1b7a39ae9c791e5043eddf1b8cfa3661b69c68ebeae555a78ac9cdaf08ab5a_1280-4393370-1024x659.jpg ,https:\/\/ic-services.io\/wp-content\/uploads\/2026\/02\/g0614efa747bb10b77ef6de425a39a4adf96209f4549f5ecd9baaf0ffc86d62144a1b7a39ae9c791e5043eddf1b8cfa3661b69c68ebeae555a78ac9cdaf08ab5a_1280-4393370.jpg 780w, https:\/\/ic-services.io\/wp-content\/uploads\/2026\/02\/g0614efa747bb10b77ef6de425a39a4adf96209f4549f5ecd9baaf0ffc86d62144a1b7a39ae9c791e5043eddf1b8cfa3661b69c68ebeae555a78ac9cdaf08ab5a_1280-4393370.jpg 360w\" sizes=\"auto, (max-width: 480px) 150px\" src=\"https:\/\/ic-services.io\/wp-content\/uploads\/2026\/02\/g0614efa747bb10b77ef6de425a39a4adf96209f4549f5ecd9baaf0ffc86d62144a1b7a39ae9c791e5043eddf1b8cfa3661b69c68ebeae555a78ac9cdaf08ab5a_1280-4393370-1024x659.jpg\" alt=\"Server, Laufwerksschacht, Festplatten, Speicher, Netzwerk, edp, Hardware, Daten, Internet, Web, Server, Server, Server, Server, Server\" class=\"uag-image-1635\" width=\"564\" height=\"376\" title=\"g0614efa747bb10b77ef6de425a39a4adf96209f4549f5ecd9baaf0ffc86d62144a1b7a39ae9c791e5043eddf1b8cfa3661b69c68ebeae555a78ac9cdaf08ab5a 1280 4393370\" loading=\"lazy\" role=\"img\"\/><\/figure><\/div>\n\n\n\n<div class=\"wp-block-uagb-info-box uagb-block-p5ayfvh0 uagb-infobox__content-wrap  uagb-infobox-icon-above-title uagb-infobox-image-valign-top wp-block-uagb-info-box--has-margin\"><div class=\"uagb-infobox-margin-wrapper\"><div class=\"uagb-ifb-content\"><div class=\"uagb-ifb-title-wrap\"><h3 class=\"uagb-ifb-title\">Appliances<\/h3><\/div><p class=\"uagb-ifb-desc\">F\u00fcr Situationen, in denen Sie eine schnelle Bereitstellung oder spezielle Funktionen ben\u00f6tigen, bieten unsere Appliances Plug-and-Play Lawful Interception. Die tempor\u00e4re LI-Box unterst\u00fctzt die \u00dcberwachung von VoIP, IP und Messaging bei kurzfristigen Ermittlungen oder Pilotnetzwerken, w\u00e4hrend der PSTN\/ISDN-zu-SIP-Konverter \u00e4ltere TDM-Netzwerke in moderne SIP-Netzwerke umwandelt und eine kontinuierliche \u00dcberwachung w\u00e4hrend und nach der Migration gew\u00e4hrleistet.<\/p><\/div><\/div><\/div>\n\n\n\n<div class=\"wp-block-uagb-buttons uagb-buttons__outer-wrap uagb-btn__default-btn uagb-btn-tablet__default-btn uagb-btn-mobile__default-btn uagb-block-b7768950\"><div class=\"uagb-buttons__wrap uagb-buttons-layout-wrap\">\n<div class=\"wp-block-uagb-buttons-child uagb-buttons__outer-wrap uagb-block-2c1033e6 wp-block-button\"><div class=\"uagb-button__wrapper\"><a class=\"uagb-buttons-repeater wp-block-button__link\" aria-label=\"\" href=\"\/de\/produkte\/gerate\/\" rel=\"follow noopener\" target=\"_self\" role=\"button\"><div class=\"uagb-button__link\">Mehr lesen<\/div><span class=\"uagb-button__icon uagb-button__icon-position-after\"><svg xmlns=\"https:\/\/www.w3.org\/2000\/svg\" viewbox=\"0 0 256 512\" aria-hidden=\"true\" focussable=\"false\"><path d=\"M64 448c-8.188 0-16.38-3.125-22.62-9.375c-12.5-12.5-12.5-32.75 0-45.25L178.8 256L41.38 118.6c-12.5-12.5-12.5-32.75 0-45.25s32.75-12.5 45.25 0l160 160c12.5 12.5 12.5 32.75 0 45.25l-160 160C80.38 444.9 72.19 448 64 448z\"><\/path><\/svg><\/span><\/a><\/div><\/div>\n<\/div><\/div>\n<\/div>\n\n\n\n<div class=\"wp-block-uagb-container uagb-block-zo9dmipg\">\n<div class=\"wp-block-uagb-image alignleft uagb-block-orqz2rkz wp-block-uagb-image--layout-default wp-block-uagb-image--effect-static wp-block-uagb-image--align-left\"><figure class=\"wp-block-uagb-image__figure\"><img decoding=\"async\" srcset=\"https:\/\/ic-services.io\/wp-content\/uploads\/2026\/02\/pexels-photo-1181271-1181271-1-1024x684.jpg ,https:\/\/ic-services.io\/wp-content\/uploads\/2026\/02\/pexels-photo-1181271-1181271-1-scaled.jpg 780w, https:\/\/ic-services.io\/wp-content\/uploads\/2026\/02\/pexels-photo-1181271-1181271-1-scaled.jpg 360w\" sizes=\"auto, (max-width: 480px) 150px\" src=\"https:\/\/ic-services.io\/wp-content\/uploads\/2026\/02\/pexels-photo-1181271-1181271-1-1024x684.jpg\" alt=\"Laptop, der Code mit Reflexion anzeigt, perfekt f\u00fcr Technik- und Programmierthemen.\" class=\"uag-image-1647\" width=\"564\" height=\"376\" title=\"pexels foto 1181271 1181271 1\" loading=\"lazy\" role=\"img\"\/><\/figure><\/div>\n\n\n\n<div class=\"wp-block-uagb-info-box uagb-block-tcbngh9f uagb-infobox__content-wrap  uagb-infobox-icon-above-title uagb-infobox-image-valign-top wp-block-uagb-info-box--has-margin\"><div class=\"uagb-infobox-margin-wrapper\"><div class=\"uagb-ifb-content\"><div class=\"uagb-ifb-title-wrap\"><h3 class=\"uagb-ifb-title\">Software-L\u00f6sungen<\/h3><\/div><p class=\"uagb-ifb-desc\">Unser Softwareportfolio umfasst ein Lawful Interception Management System (LIMS), das die Bearbeitung und Bereitstellung von Anordnungen zentralisiert, eine LI-Mediationsplattform, die abgefangene Daten aus Netzen verschiedener Anbieter sammelt und formatiert, sowie dienstespezifische Module f\u00fcr Messaging, IP, VoIP und OTT. Alle Komponenten lassen sich nahtlos integrieren und entsprechen den ETSI- und 3GPP-Standards, so dass Sie eine End-to-End-Kontrolle von der gesetzlichen Anordnung bis zur sicheren \u00dcbergabe erhalten.<\/p><\/div><\/div><\/div>\n\n\n\n<div class=\"wp-block-uagb-buttons uagb-buttons__outer-wrap uagb-btn__default-btn uagb-btn-tablet__default-btn uagb-btn-mobile__default-btn uagb-block-b96a8f10\"><div class=\"uagb-buttons__wrap uagb-buttons-layout-wrap\">\n<div class=\"wp-block-uagb-buttons-child uagb-buttons__outer-wrap uagb-block-e2285c58 wp-block-button\"><div class=\"uagb-button__wrapper\"><a class=\"uagb-buttons-repeater wp-block-button__link\" aria-label=\"\" href=\"\/de\/produkte\/softwarelosungen\/\" rel=\"follow noopener\" target=\"_self\" role=\"button\"><div class=\"uagb-button__link\">Mehr lesen<\/div><span class=\"uagb-button__icon uagb-button__icon-position-after\"><svg xmlns=\"https:\/\/www.w3.org\/2000\/svg\" viewbox=\"0 0 256 512\" aria-hidden=\"true\" focussable=\"false\"><path d=\"M64 448c-8.188 0-16.38-3.125-22.62-9.375c-12.5-12.5-12.5-32.75 0-45.25L178.8 256L41.38 118.6c-12.5-12.5-12.5-32.75 0-45.25s32.75-12.5 45.25 0l160 160c12.5 12.5 12.5 32.75 0 45.25l-160 160C80.38 444.9 72.19 448 64 448z\"><\/path><\/svg><\/span><\/a><\/div><\/div>\n<\/div><\/div>\n\n\n\n<div class=\"wp-block-uagb-image alignleft uagb-block-iilj4g0q wp-block-uagb-image--layout-default wp-block-uagb-image--effect-static wp-block-uagb-image--align-left\"><figure class=\"wp-block-uagb-image__figure\"><img decoding=\"async\" srcset=\"https:\/\/ic-services.io\/wp-content\/uploads\/2026\/02\/pexels-photo-8867472-8867472-1024x683.jpg ,https:\/\/ic-services.io\/wp-content\/uploads\/2026\/02\/pexels-photo-8867472-8867472-scaled.jpg 780w, https:\/\/ic-services.io\/wp-content\/uploads\/2026\/02\/pexels-photo-8867472-8867472-scaled.jpg 360w\" sizes=\"auto, (max-width: 480px) 150px\" src=\"https:\/\/ic-services.io\/wp-content\/uploads\/2026\/02\/pexels-photo-8867472-8867472-1024x683.jpg\" alt=\"Zwei Callcenter-Mitarbeiter arbeiten mit Headsets in einer modernen B\u00fcroumgebung zusammen.\" class=\"uag-image-1561\" width=\"564\" height=\"376\" title=\"pexels Foto 8867472 8867472\" loading=\"lazy\" role=\"img\"\/><\/figure><\/div>\n\n\n\n<div class=\"wp-block-uagb-info-box uagb-block-2srcgl4k uagb-infobox__content-wrap  uagb-infobox-icon-above-title uagb-infobox-image-valign-top wp-block-uagb-info-box--has-margin\"><div class=\"uagb-infobox-margin-wrapper\"><div class=\"uagb-ifb-content\"><div class=\"uagb-ifb-title-wrap\"><h3 class=\"uagb-ifb-title\">Hervorragender Kundenservice<\/h3><\/div><p class=\"uagb-ifb-desc\">Jedes ICS-Produkt wird durch professionelle Dienstleistungen, Schulungen und langfristigen Support unterst\u00fctzt. Unsere Experten helfen Ihnen bei der Planung, der Integration, den Abnahmetests und dem 24\/7-Betriebssupport und stellen sicher, dass Ihre LI-Umgebung stabil, konform und bereit f\u00fcr Audits bleibt.<\/p><\/div><\/div><\/div>\n<\/div>\n<\/div><\/div>\n\n\n\n<div class=\"wp-block-uagb-container uagb-block-x5ghs45m alignfull uagb-is-root-container\"><div class=\"uagb-container-inner-blocks-wrap\">\n<div class=\"wp-block-uagb-info-box uagb-block-4goimaw1 uagb-infobox__content-wrap  uagb-infobox-icon-above-title uagb-infobox-image-valign-top wp-block-uagb-info-box--has-margin\"><div class=\"uagb-infobox-margin-wrapper\"><div class=\"uagb-ifb-content\"><div class=\"uagb-ifb-title-wrap\"><h2 class=\"uagb-ifb-title\">Innovative L\u00f6sungen f\u00fcr moderne Herausforderungen<\/h2><\/div><p class=\"uagb-ifb-desc\">Unser Produktportfolio kombiniert leistungsstarke Softwareplattformen mit zweckm\u00e4\u00dfigen Appliances, um Ihnen eine flexible, standardkonforme Lawful Interception zu erm\u00f6glichen - von der Verwaltung von Durchsuchungsbefehlen bis zur sicheren \u00dcbergabe. Egal, ob Sie eine umfassende LI-Umgebung oder einen tempor\u00e4ren Einsatz ben\u00f6tigen, ICS bietet die richtigen Tools.<\/p><\/div><\/div><\/div>\n\n\n\n<div class=\"wp-block-uagb-container uagb-block-caun6p24\">\n<div class=\"wp-block-uagb-info-box uagb-block-uilux7em uagb-infobox__content-wrap  uagb-infobox-icon-above-title uagb-infobox-image-valign-top wp-block-uagb-info-box--has-margin\"><div class=\"uagb-infobox-margin-wrapper\"><div class=\"uagb-ifb-content\"><div class=\"uagb-ifb-icon-wrap\"><div class=\"uagb-iconbox-icon-wrap uagb-infobox-shape-circle\"><svg xmlns=\"https:\/\/www.w3.org\/2000\/svg\" viewbox=\"0 0 448 512\"><path d=\"M438.6 105.4C451.1 117.9 451.1 138.1 438.6 150.6L182.6 406.6C170.1 419.1 149.9 419.1 137.4 406.6L9.372 278.6C-3.124 266.1-3.124 245.9 9.372 233.4C21.87 220.9 42.13 220.9 54.63 233.4L159.1 338.7L393.4 105.4C405.9 92.88 426.1 92.88 438.6 105.4H438.6z\"><\/path><\/svg><\/div><\/div><div class=\"uagb-ifb-title-wrap\"><h3 class=\"uagb-ifb-title\">Intuitive Benutzeroberfl\u00e4che<\/h3><\/div><p class=\"uagb-ifb-desc\">Sichere, browserbasierte Schnittstellen f\u00fcr unsere LIMS- und Mediationsplattformen bieten autorisierten Benutzern einen klaren \u00dcberblick \u00fcber gerichtliche Beschl\u00fcsse, Ziele, Systemstatus und \u00dcbergabesitzungen. Gef\u00fchrte Workflows reduzieren Konfigurationsfehler, verk\u00fcrzen die Schulungszeit f\u00fcr Compliance-Mitarbeiter und vereinfachen den t\u00e4glichen Betrieb.<\/p><\/div><\/div><\/div>\n\n\n\n<div class=\"wp-block-uagb-info-box uagb-block-speruisf uagb-infobox__content-wrap  uagb-infobox-icon-above-title uagb-infobox-image-valign-top wp-block-uagb-info-box--has-margin\"><div class=\"uagb-infobox-margin-wrapper\"><div class=\"uagb-ifb-content\"><div class=\"uagb-ifb-icon-wrap\"><div class=\"uagb-iconbox-icon-wrap uagb-infobox-shape-circle\"><svg xmlns=\"https:\/\/www.w3.org\/2000\/svg\" viewbox=\"0 0 448 512\"><path d=\"M438.6 105.4C451.1 117.9 451.1 138.1 438.6 150.6L182.6 406.6C170.1 419.1 149.9 419.1 137.4 406.6L9.372 278.6C-3.124 266.1-3.124 245.9 9.372 233.4C21.87 220.9 42.13 220.9 54.63 233.4L159.1 338.7L393.4 105.4C405.9 92.88 426.1 92.88 438.6 105.4H438.6z\"><\/path><\/svg><\/div><\/div><div class=\"uagb-ifb-title-wrap\"><h3 class=\"uagb-ifb-title\">Nahtlose Integration<\/h3><\/div><p class=\"uagb-ifb-desc\">Unsere Software und Ger\u00e4te nutzen standardisierte Schnittstellen (ETSI X1\/X2\/X3 und HI1\/HI2\/HI3, 3GPP-Referenzpunkte) zur Integration mit Netzelementen, Abrechnungs-, NOC- und Sicherheitssystemen verschiedener Anbieter. Dies sch\u00fctzt Ihre bestehenden Investitionen und erm\u00f6glicht gleichzeitig eine konsistente Abh\u00f6rung in bestehenden und neuen Netzen.<\/p><\/div><\/div><\/div>\n\n\n\n<div class=\"wp-block-uagb-info-box uagb-block-gcmhlfu6 uagb-infobox__content-wrap  uagb-infobox-icon-above-title uagb-infobox-image-valign-top wp-block-uagb-info-box--has-margin\"><div class=\"uagb-infobox-margin-wrapper\"><div class=\"uagb-ifb-content\"><div class=\"uagb-ifb-icon-wrap\"><div class=\"uagb-iconbox-icon-wrap uagb-infobox-shape-circle\"><svg xmlns=\"https:\/\/www.w3.org\/2000\/svg\" viewbox=\"0 0 448 512\"><path d=\"M438.6 105.4C451.1 117.9 451.1 138.1 438.6 150.6L182.6 406.6C170.1 419.1 149.9 419.1 137.4 406.6L9.372 278.6C-3.124 266.1-3.124 245.9 9.372 233.4C21.87 220.9 42.13 220.9 54.63 233.4L159.1 338.7L393.4 105.4C405.9 92.88 426.1 92.88 438.6 105.4H438.6z\"><\/path><\/svg><\/div><\/div><div class=\"uagb-ifb-title-wrap\"><h3 class=\"uagb-ifb-title\">Erweiterte Automatisierung<\/h3><\/div><p class=\"uagb-ifb-desc\">Automatisierte Bereitstellung, Aufhebung der Bereitstellung und Konsistenzpr\u00fcfungen stellen sicher, dass die \u00dcberwachung nur f\u00fcr autorisierte Ziele in bestimmten Zeitfenstern aktiv ist. Dies reduziert den manuellen Arbeitsaufwand, verbessert die Zuverl\u00e4ssigkeit und hilft beim Nachweis der Compliance, indem sichergestellt wird, dass die Prozesse genau eingehalten werden.<\/p><\/div><\/div><\/div>\n<\/div>\n<\/div><\/div>\n\n\n\n<p><\/p>","protected":false},"excerpt":{"rendered":"<p>Our Products section offers a comprehensive range of lawful interception solutions. We provide both software platforms and hardware appliances designed [&hellip;]<\/p>\n","protected":false},"author":2,"featured_media":0,"parent":0,"menu_order":0,"comment_status":"closed","ping_status":"closed","template":"","meta":{"_uag_custom_page_level_css":"","site-sidebar-layout":"default","site-content-layout":"","ast-site-content-layout":"default","site-content-style":"default","site-sidebar-style":"default","ast-global-header-display":"","ast-banner-title-visibility":"","ast-main-header-display":"","ast-hfb-above-header-display":"","ast-hfb-below-header-display":"","ast-hfb-mobile-header-display":"","site-post-title":"","ast-breadcrumbs-content":"","ast-featured-img":"","footer-sml-layout":"","ast-disable-related-posts":"","theme-transparent-header-meta":"","adv-header-id-meta":"","stick-header-meta":"","header-above-stick-meta":"","header-main-stick-meta":"","header-below-stick-meta":"","astra-migrate-meta-layouts":"default","ast-page-background-enabled":"default","ast-page-background-meta":{"desktop":{"background-color":"var(--ast-global-color-5)","background-image":"","background-repeat":"repeat","background-position":"center center","background-size":"auto","background-attachment":"scroll","background-type":"","background-media":"","overlay-type":"","overlay-color":"","overlay-opacity":"","overlay-gradient":""},"tablet":{"background-color":"","background-image":"","background-repeat":"repeat","background-position":"center center","background-size":"auto","background-attachment":"scroll","background-type":"","background-media":"","overlay-type":"","overlay-color":"","overlay-opacity":"","overlay-gradient":""},"mobile":{"background-color":"","background-image":"","background-repeat":"repeat","background-position":"center center","background-size":"auto","background-attachment":"scroll","background-type":"","background-media":"","overlay-type":"","overlay-color":"","overlay-opacity":"","overlay-gradient":""}},"ast-content-background-meta":{"desktop":{"background-color":"var(--ast-global-color-4)","background-image":"","background-repeat":"repeat","background-position":"center center","background-size":"auto","background-attachment":"scroll","background-type":"","background-media":"","overlay-type":"","overlay-color":"","overlay-opacity":"","overlay-gradient":""},"tablet":{"background-color":"var(--ast-global-color-4)","background-image":"","background-repeat":"repeat","background-position":"center center","background-size":"auto","background-attachment":"scroll","background-type":"","background-media":"","overlay-type":"","overlay-color":"","overlay-opacity":"","overlay-gradient":""},"mobile":{"background-color":"var(--ast-global-color-4)","background-image":"","background-repeat":"repeat","background-position":"center center","background-size":"auto","background-attachment":"scroll","background-type":"","background-media":"","overlay-type":"","overlay-color":"","overlay-opacity":"","overlay-gradient":""}},"footnotes":""},"class_list":["post-1315","page","type-page","status-publish","hentry"],"uagb_featured_image_src":{"full":false,"thumbnail":false,"medium":false,"medium_large":false,"large":false,"1536x1536":false,"2048x2048":false,"trp-custom-language-flag":false},"uagb_author_info":{"display_name":"chatgpt","author_link":"https:\/\/ic-services.io\/de\/author\/chatgpt\/"},"uagb_comment_info":0,"uagb_excerpt":"Our Products section offers a comprehensive range of lawful interception solutions. We provide both software platforms and hardware appliances designed [&hellip;]","_links":{"self":[{"href":"https:\/\/ic-services.io\/de\/wp-json\/wp\/v2\/pages\/1315","targetHints":{"allow":["GET"]}}],"collection":[{"href":"https:\/\/ic-services.io\/de\/wp-json\/wp\/v2\/pages"}],"about":[{"href":"https:\/\/ic-services.io\/de\/wp-json\/wp\/v2\/types\/page"}],"author":[{"embeddable":true,"href":"https:\/\/ic-services.io\/de\/wp-json\/wp\/v2\/users\/2"}],"replies":[{"embeddable":true,"href":"https:\/\/ic-services.io\/de\/wp-json\/wp\/v2\/comments?post=1315"}],"version-history":[{"count":10,"href":"https:\/\/ic-services.io\/de\/wp-json\/wp\/v2\/pages\/1315\/revisions"}],"predecessor-version":[{"id":2008,"href":"https:\/\/ic-services.io\/de\/wp-json\/wp\/v2\/pages\/1315\/revisions\/2008"}],"wp:attachment":[{"href":"https:\/\/ic-services.io\/de\/wp-json\/wp\/v2\/media?parent=1315"}],"curies":[{"name":"wp","href":"https:\/\/api.w.org\/{rel}","templated":true}]}}