{"id":1317,"date":"2026-01-27T14:39:02","date_gmt":"2026-01-27T13:39:02","guid":{"rendered":"https:\/\/dev.ic-services.io\/?page_id=1317"},"modified":"2026-02-24T20:02:30","modified_gmt":"2026-02-24T19:02:30","slug":"softwarelosungen","status":"publish","type":"page","link":"https:\/\/ic-services.io\/de\/products\/software-solutions\/","title":{"rendered":"Software-L\u00f6sungen"},"content":{"rendered":"<p>Unsere Software-L\u00f6sungen bieten&nbsp;<strong>modulare<\/strong>&nbsp;und skalierbare Plattformen f\u00fcr Lawful Interception, die f\u00fcr Betreiber, ISPs und Service Provider entwickelt wurden. Sie umfassen eine zentrale LI Mediation Platform, ein Lawful Interception Management System (LIMS) und spezialisierte Module f\u00fcr Messaging-, IP-, VoIP- und OTT-Dienste, die alle f\u00fcr eine nahtlose Integration in Ihr Netzwerk und die Einhaltung der ETSI- und 3GPP-Standards ausgelegt sind.<\/p>\n\n\n\n<div class=\"wp-block-uagb-container uagb-block-fzbhrzzk alignfull uagb-is-root-container\">\n<div class=\"wp-block-uagb-container uagb-block-3hhb8uwf\">\n<div class=\"wp-block-uagb-info-box uagb-block-4qwqnwr6 uagb-infobox__content-wrap  uagb-infobox-icon-above-title uagb-infobox-image-valign-top\"><div class=\"uagb-ifb-content\"><div class=\"uagb-ifb-title-wrap\"><h1 class=\"uagb-ifb-title\">End-to-End-Software f\u00fcr Lawful Interception<\/h1><\/div><p class=\"uagb-ifb-desc\">Wir bieten eine End-to-End-Software f\u00fcr die gesetzeskonforme \u00dcberwachung - von der Verwaltung von Durchsuchungsbefehlen \u00fcber die Vermittlung bis hin zur sicheren \u00dcbergabe - sowie das Fachwissen f\u00fcr die Entwicklung, den Einsatz und den Betrieb einer gesetzeskonformen LI-Umgebung.<\/p><\/div><\/div>\n\n\n\n<div class=\"wp-block-uagb-buttons uagb-buttons__outer-wrap uagb-btn__default-btn uagb-btn-tablet__default-btn uagb-btn-mobile__default-btn uagb-block-quztw9ga\"><div class=\"uagb-buttons__wrap uagb-buttons-layout-wrap\">\n<div class=\"wp-block-uagb-buttons-child uagb-buttons__outer-wrap uagb-block-31dxdii3 wp-block-button\"><div class=\"uagb-button__wrapper\"><a class=\"uagb-buttons-repeater wp-block-button__link\" aria-label=\"\" href=\"\/de\/kontakt\/\" rel=\"follow noopener\" target=\"_self\" role=\"button\"><div class=\"uagb-button__link\">mit einem Experten sprechen<\/div><\/a><\/div><\/div>\n<\/div><\/div>\n<\/div>\n\n\n\n<div class=\"wp-block-uagb-container uagb-block-rz3ydqmd\"><\/div>\n<\/div>\n\n\n\n<div class=\"wp-block-uagb-container uagb-block-n80da5r1 alignfull uagb-is-root-container\"><div class=\"uagb-container-inner-blocks-wrap\">\n<div class=\"wp-block-uagb-info-box uagb-block-7vt9ylv6 uagb-infobox__content-wrap  uagb-infobox-icon-above-title uagb-infobox-image-valign-top\"><div class=\"uagb-ifb-content\"><div class=\"uagb-ifb-title-wrap\"><h2 class=\"uagb-ifb-title\"><strong>Unsere wichtigsten LI-Softwarekomponenten<\/strong><\/h2><\/div><p class=\"uagb-ifb-desc\">Informieren Sie sich \u00fcber unsere wichtigsten Softwareprodukte f\u00fcr die gesetzeskonforme \u00dcberwachung, die zusammenarbeiten, um den gesamten Lebenszyklus von der gesetzlichen Anordnung bis zur \u00dcbermittlung von abh\u00f6rrelevanten Informationen (IRI) und Kommunikationsinhalten (CC) zu verwalten.<\/p><\/div><\/div>\n\n\n\n<div class=\"wp-block-uagb-container uagb-block-wahqr8b3\">\n<div class=\"wp-block-uagb-container uagb-block-5pkbcdqz\">\n<div class=\"wp-block-uagb-image alignleft uagb-block-6vt5a2yd wp-block-uagb-image--layout-default wp-block-uagb-image--effect-static wp-block-uagb-image--align-left\"><figure class=\"wp-block-uagb-image__figure\"><img decoding=\"async\" srcset=\"https:\/\/ic-services.io\/wp-content\/uploads\/2026\/02\/g7587007e3209a747aa1ca4b1f1f0b16d717a88440ba863313de1ec6d54d927d7086105baf8b7692ba6709c8deed5d946_1280-265130-1024x682.jpg ,https:\/\/ic-services.io\/wp-content\/uploads\/2026\/02\/g7587007e3209a747aa1ca4b1f1f0b16d717a88440ba863313de1ec6d54d927d7086105baf8b7692ba6709c8deed5d946_1280-265130.jpg 780w, https:\/\/ic-services.io\/wp-content\/uploads\/2026\/02\/g7587007e3209a747aa1ca4b1f1f0b16d717a88440ba863313de1ec6d54d927d7086105baf8b7692ba6709c8deed5d946_1280-265130.jpg 360w\" sizes=\"auto, (max-width: 480px) 150px\" src=\"https:\/\/ic-services.io\/wp-content\/uploads\/2026\/02\/g7587007e3209a747aa1ca4b1f1f0b16d717a88440ba863313de1ec6d54d927d7086105baf8b7692ba6709c8deed5d946_1280-265130-1024x682.jpg\" alt=\"sicherheit, schutz, antivirus, software, cms, wordpress, content management system, redaktion, inhalte, backup, hack, web, internet, blog, upload, post, medien, kommentare, bildschirm, inhalt, erstellen, schreiben, ver\u00f6ffentlichen, publikation, sicherheit, sicherheit\" class=\"uag-image-1603\" width=\"368\" height=\"450\" title=\"g7587007e3209a747aa1ca4b1f1f0b16d717a88440ba863313de1ec6d54d927d7086105baf8b7692ba6709c8deed5d946 1280 265130\" loading=\"lazy\" role=\"img\"\/><\/figure><\/div>\n\n\n\n<div class=\"wp-block-uagb-info-box uagb-block-wfksokcv uagb-infobox__content-wrap  uagb-infobox-icon-above-title uagb-infobox-image-valign-top\"><div class=\"uagb-ifb-content\"><div class=\"uagb-ifb-title-wrap\"><h3 class=\"uagb-ifb-title\">Managementsystem f\u00fcr rechtm\u00e4\u00dfige Abh\u00f6rma\u00dfnahmen (LIMS)<\/h3><\/div><p class=\"uagb-ifb-desc\">Unser Lawful Interception Management System zentralisiert den Umgang mit Berechtigungen, die Bereitstellung und \u00dcberwachung aller Netzwerke und Dienste. Es koordiniert Vermittlungsger\u00e4te und Netzwerkelemente, erzwingt eine rollenbasierte Zugriffskontrolle und verwaltet vollst\u00e4ndige Pr\u00fcfprotokolle f\u00fcr jede Aktion. Nutzen Sie LIMS als sichere Kontrollebene zwischen Ihren internen Teams und den angeschlossenen Strafverfolgungsbeh\u00f6rden.<\/p><\/div><\/div>\n\n\n\n<div class=\"wp-block-uagb-buttons uagb-buttons__outer-wrap uagb-btn__default-btn uagb-btn-tablet__default-btn uagb-btn-mobile__default-btn uagb-block-w23vbwna\"><div class=\"uagb-buttons__wrap uagb-buttons-layout-wrap\">\n<div class=\"wp-block-uagb-buttons-child uagb-buttons__outer-wrap uagb-block-jzfxdfhi wp-block-button\"><div class=\"uagb-button__wrapper\"><a class=\"uagb-buttons-repeater wp-block-button__link\" aria-label=\"\" href=\"\/de\/produkte\/softwarelosungen\/\/system-zur-verwaltung-der-rechtmasigen-abhormasnahmen\/\" rel=\"follow noopener\" target=\"_self\" role=\"button\"><div class=\"uagb-button__link\">Mehr erfahren<\/div><span class=\"uagb-button__icon uagb-button__icon-position-after\"><svg xmlns=\"https:\/\/www.w3.org\/2000\/svg\" viewbox=\"0 0 320 512\" aria-hidden=\"true\" focussable=\"false\"><path d=\"M96 480c-8.188 0-16.38-3.125-22.62-9.375c-12.5-12.5-12.5-32.75 0-45.25L242.8 256L73.38 86.63c-12.5-12.5-12.5-32.75 0-45.25s32.75-12.5 45.25 0l192 192c12.5 12.5 12.5 32.75 0 45.25l-192 192C112.4 476.9 104.2 480 96 480z\"><\/path><\/svg><\/span><\/a><\/div><\/div>\n<\/div><\/div>\n<\/div>\n\n\n\n<div class=\"wp-block-uagb-container uagb-block-4jzkfszc\">\n<div class=\"wp-block-uagb-image alignleft uagb-block-lbkoafib wp-block-uagb-image--layout-default wp-block-uagb-image--effect-static wp-block-uagb-image--align-left\"><figure class=\"wp-block-uagb-image__figure\"><img decoding=\"async\" srcset=\"https:\/\/ic-services.io\/wp-content\/uploads\/2026\/02\/pexels-photo-1181271-1181271-1024x684.jpg ,https:\/\/ic-services.io\/wp-content\/uploads\/2026\/02\/pexels-photo-1181271-1181271-scaled.jpg 780w, https:\/\/ic-services.io\/wp-content\/uploads\/2026\/02\/pexels-photo-1181271-1181271-scaled.jpg 360w\" sizes=\"auto, (max-width: 480px) 150px\" src=\"https:\/\/ic-services.io\/wp-content\/uploads\/2026\/02\/pexels-photo-1181271-1181271-1024x684.jpg\" alt=\"Laptop, der Code mit Reflexion anzeigt, perfekt f\u00fcr Technik- und Programmierthemen.\" class=\"uag-image-1605\" width=\"368\" height=\"450\" title=\"pexels Foto 1181271 1181271\" loading=\"lazy\" role=\"img\"\/><\/figure><\/div>\n\n\n\n<div class=\"wp-block-uagb-info-box uagb-block-ktpcgcdz uagb-infobox__content-wrap  uagb-infobox-icon-above-title uagb-infobox-image-valign-top\"><div class=\"uagb-ifb-content\"><div class=\"uagb-ifb-title-wrap\"><h3 class=\"uagb-ifb-title\">LI Mediation Platform<\/h3><\/div><p class=\"uagb-ifb-desc\">Die LI Mediation Platform ist der technische Kern, der abgefangene Daten von Netzelementen verschiedener Anbieter sammelt, filtert und formatiert. Sie \u00fcbersetzt herstellerspezifische Ausgaben in standardisierte ETSI- und 3GPP-\u00dcbergabeformate und liefert autorisierte IRI und CC \u00fcber HI-Schnittstellen an mehrere Beh\u00f6rden, ohne den normalen Netzbetrieb zu beeintr\u00e4chtigen.<a href=\"https:\/\/ic-services.io\/de\/produkte\/softwarelosungen\/li-vermittlungsplattform\/\" target=\"_blank\" rel=\"noreferrer noopener\"><\/a>\u200b<br><\/p><\/div><\/div>\n\n\n\n<div class=\"wp-block-uagb-buttons uagb-buttons__outer-wrap uagb-btn__default-btn uagb-btn-tablet__default-btn uagb-btn-mobile__default-btn uagb-block-jwnz6tdd\"><div class=\"uagb-buttons__wrap uagb-buttons-layout-wrap\">\n<div class=\"wp-block-uagb-buttons-child uagb-buttons__outer-wrap uagb-block-okbzjq9s wp-block-button\"><div class=\"uagb-button__wrapper\"><a class=\"uagb-buttons-repeater wp-block-button__link\" aria-label=\"\" href=\"\/de\/produkte\/softwarelosungen\/li-vermittlungsplattform\/\" rel=\"follow noopener\" target=\"_self\" role=\"button\"><div class=\"uagb-button__link\">Mehr erfahren<\/div><span class=\"uagb-button__icon uagb-button__icon-position-after\"><svg xmlns=\"https:\/\/www.w3.org\/2000\/svg\" viewbox=\"0 0 320 512\" aria-hidden=\"true\" focussable=\"false\"><path d=\"M96 480c-8.188 0-16.38-3.125-22.62-9.375c-12.5-12.5-12.5-32.75 0-45.25L242.8 256L73.38 86.63c-12.5-12.5-12.5-32.75 0-45.25s32.75-12.5 45.25 0l192 192c12.5 12.5 12.5 32.75 0 45.25l-192 192C112.4 476.9 104.2 480 96 480z\"><\/path><\/svg><\/span><\/a><\/div><\/div>\n<\/div><\/div>\n<\/div>\n\n\n\n<div class=\"wp-block-uagb-container uagb-block-jz2zokqd\">\n<div class=\"wp-block-uagb-image alignleft uagb-block-tw4jcjs5 wp-block-uagb-image--layout-default wp-block-uagb-image--effect-static wp-block-uagb-image--align-left\"><figure class=\"wp-block-uagb-image__figure\"><img decoding=\"async\" srcset=\"https:\/\/ic-services.io\/wp-content\/uploads\/2026\/02\/pexels-photo-1181675-1181675-1024x684.jpg ,https:\/\/ic-services.io\/wp-content\/uploads\/2026\/02\/pexels-photo-1181675-1181675-scaled.jpg 780w, https:\/\/ic-services.io\/wp-content\/uploads\/2026\/02\/pexels-photo-1181675-1181675-scaled.jpg 360w\" sizes=\"auto, (max-width: 480px) 150px\" src=\"https:\/\/ic-services.io\/wp-content\/uploads\/2026\/02\/pexels-photo-1181675-1181675-1024x684.jpg\" alt=\"Ein Entwickler schreibt seinen Code auf einem Laptop vor mehreren Monitoren in einer B\u00fcroumgebung.\" class=\"uag-image-1606\" width=\"368\" height=\"450\" title=\"pexels Foto 1181675 1181675\" loading=\"lazy\" role=\"img\"\/><\/figure><\/div>\n\n\n\n<div class=\"wp-block-uagb-info-box uagb-block-w1fttkt7 uagb-infobox__content-wrap  uagb-infobox-icon-above-title uagb-infobox-image-valign-top\"><div class=\"uagb-ifb-content\"><div class=\"uagb-ifb-title-wrap\"><h3 class=\"uagb-ifb-title\">Dienstspezifische Abh\u00f6rmodule<\/h3><\/div><p class=\"uagb-ifb-desc\">\u00dcber die zentrale Vermittlungsschicht hinaus bietet ICS Softwaremodule f\u00fcr Messaging, IP, VoIP und OTT-Abh\u00f6rung. Diese Module erweitern die Plattform, um neue Dienste und Protokolle abzudecken, w\u00e4hrend dieselben Bereitstellungs-, Protokollierungs- und \u00dcbergabemechanismen wiederverwendet werden, so dass Sie eine konsistente LI-Implementierung f\u00fcr Ihr gesamtes Portfolio beibehalten k\u00f6nnen.<\/p><\/div><\/div>\n\n\n\n<div class=\"wp-block-uagb-buttons uagb-buttons__outer-wrap uagb-btn__default-btn uagb-btn-tablet__default-btn uagb-btn-mobile__default-btn uagb-block-qbdg7yaz\"><div class=\"uagb-buttons__wrap uagb-buttons-layout-wrap\">\n<div class=\"wp-block-uagb-buttons-child uagb-buttons__outer-wrap uagb-block-7nkhfbxx wp-block-button\"><div class=\"uagb-button__wrapper\"><a class=\"uagb-buttons-repeater wp-block-button__link\" aria-label=\"\" href=\"\/de\/losungen\/lawful-interception\/\" rel=\"follow noopener\" target=\"_self\" role=\"button\"><div class=\"uagb-button__link\">Mehr erfahren<\/div><span class=\"uagb-button__icon uagb-button__icon-position-after\"><svg xmlns=\"https:\/\/www.w3.org\/2000\/svg\" viewbox=\"0 0 320 512\" aria-hidden=\"true\" focussable=\"false\"><path d=\"M96 480c-8.188 0-16.38-3.125-22.62-9.375c-12.5-12.5-12.5-32.75 0-45.25L242.8 256L73.38 86.63c-12.5-12.5-12.5-32.75 0-45.25s32.75-12.5 45.25 0l192 192c12.5 12.5 12.5 32.75 0 45.25l-192 192C112.4 476.9 104.2 480 96 480z\"><\/path><\/svg><\/span><\/a><\/div><\/div>\n<\/div><\/div>\n<\/div>\n<\/div>\n<\/div><\/div>\n\n\n\n<div class=\"wp-block-uagb-container uagb-block-6wdfchw7 alignfull uagb-is-root-container\"><div class=\"uagb-container-inner-blocks-wrap\">\n<div class=\"wp-block-uagb-info-box uagb-block-dxeyzbzb uagb-infobox__content-wrap  uagb-infobox-icon-above-title uagb-infobox-image-valign-top\"><div class=\"uagb-ifb-content\"><div class=\"uagb-ifb-title-wrap\"><h2 class=\"uagb-ifb-title\">Unsere Software-F\u00e4higkeiten<\/h2><\/div><p class=\"uagb-ifb-desc\">Unsere Software-Suite f\u00fcr gesetzeskonformes Abh\u00f6ren ist f\u00fcr komplexe Umgebungen mit mehreren Netzwerken und sich entwickelnden gesetzlichen Anforderungen konzipiert. Die unten aufgef\u00fchrten Funktionen zeigen, wie die Komponenten in realen Eins\u00e4tzen zusammenarbeiten.<\/p><\/div><\/div>\n\n\n\n<div class=\"wp-block-uagb-container uagb-layout-grid uagb-block-6seugzwv\">\n<div class=\"wp-block-uagb-container uagb-block-gpkaq8w9\">\n<div class=\"wp-block-uagb-info-box uagb-block-d0tbfbku uagb-infobox__content-wrap  uagb-infobox-icon-above-title uagb-infobox-image-valign-top\"><div class=\"uagb-ifb-content\"><div class=\"uagb-ifb-title-wrap\"><p class=\"uagb-ifb-title-prefix\">01<\/p><h3 class=\"uagb-ifb-title\">Zentralisierte Ma\u00dfnahmenverwaltung<\/h3><\/div><p class=\"uagb-ifb-desc\">LIMS bietet eine zentrale Stelle f\u00fcr die Registrierung, Validierung und Verfolgung rechtm\u00e4\u00dfiger Bestellungen, die sicherstellt, dass nur zugelassene Ziele bereitgestellt werden und dass alle Aktionen f\u00fcr eine sp\u00e4tere \u00dcberpr\u00fcfung oder Pr\u00fcfung protokolliert werden.<a href=\"https:\/\/ic-services.io\/de\/system-zur-verwaltung-der-rechtmasigen-abhormasnahmen\/\" target=\"_blank\" rel=\"noreferrer noopener\"><\/a>\u200b<br><\/p><\/div><\/div>\n<\/div>\n\n\n\n<div class=\"wp-block-uagb-container uagb-block-qteodd3e\">\n<div class=\"wp-block-uagb-info-box uagb-block-trdji0yp uagb-infobox__content-wrap  uagb-infobox-icon-above-title uagb-infobox-image-valign-top\"><div class=\"uagb-ifb-content\"><div class=\"uagb-ifb-title-wrap\"><p class=\"uagb-ifb-title-prefix\">02<\/p><h3 class=\"uagb-ifb-title\">Unterst\u00fctzung f\u00fcr mehrere Netze und Dienste<\/h3><\/div><p class=\"uagb-ifb-desc\">Unsere Software l\u00e4sst sich mit Festnetz-, Mobilfunk-, VoIP-, Breitband- und OTT-Plattformen verbinden und erm\u00f6glicht es Ihnen, Abh\u00f6rma\u00dfnahmen in bestehenden und neuen Netzwerken von einer einzigen Umgebung aus einheitlich zu verwalten.<\/p><\/div><\/div>\n<\/div>\n\n\n\n<div class=\"wp-block-uagb-container uagb-block-tq3iq1cp\">\n<div class=\"wp-block-uagb-info-box uagb-block-vddonkl0 uagb-infobox__content-wrap  uagb-infobox-icon-above-title uagb-infobox-image-valign-top\"><div class=\"uagb-ifb-content\"><div class=\"uagb-ifb-title-wrap\"><p class=\"uagb-ifb-title-prefix\">03<\/p><h3 class=\"uagb-ifb-title\">Normenkonforme \u00dcbergabe<\/h3><\/div><p class=\"uagb-ifb-desc\">Die Vermittlungs- und Verwaltungskomponenten implementieren die relevanten ETSI- und 3GPP-Spezifikationen f\u00fcr die LI-Architektur und die HI-Schnittstellen, so dass Sie mehrere Beh\u00f6rden und Gerichtsbarkeiten ohne kundenspezifische Einzell\u00f6sungen bedienen k\u00f6nnen.<\/p><\/div><\/div>\n<\/div>\n\n\n\n<div class=\"wp-block-uagb-container uagb-block-mpzp8y9k\">\n<div class=\"wp-block-uagb-info-box uagb-block-ragsklkz uagb-infobox__content-wrap  uagb-infobox-icon-above-title uagb-infobox-image-valign-top\"><div class=\"uagb-ifb-content\"><div class=\"uagb-ifb-title-wrap\"><p class=\"uagb-ifb-title-prefix\">04<\/p><h3 class=\"uagb-ifb-title\">Robuste Pr\u00fcfung und Einhaltung von Vorschriften<\/h3><\/div><p class=\"uagb-ifb-desc\">Umfassende Protokollierung, Berichterstattung und rollenbasierte Zugriffskontrolle helfen Ihnen dabei, nachzuweisen, dass die \u00dcberwachung auf den rechtm\u00e4\u00dfigen Umfang beschr\u00e4nkt ist, dass die Prozesse eingehalten werden und dass sensible Daten w\u00e4hrend ihres gesamten Lebenszyklus gesch\u00fctzt sind.<a href=\"https:\/\/ic-services.io\/de\/system-zur-verwaltung-der-rechtmasigen-abhormasnahmen\/\" target=\"_blank\" rel=\"noreferrer noopener\"><\/a><\/p><\/div><\/div>\n<\/div>\n\n\n\n<div class=\"wp-block-uagb-container uagb-block-qpzby80r\">\n<div class=\"wp-block-uagb-info-box uagb-block-hflr0sgs uagb-infobox__content-wrap  uagb-infobox-icon-above-title uagb-infobox-image-valign-top\"><div class=\"uagb-ifb-content\"><div class=\"uagb-ifb-title-wrap\"><p class=\"uagb-ifb-title-prefix\">05<\/p><h3 class=\"uagb-ifb-title\">Flexible Bereitstellungsmodelle<\/h3><\/div><p class=\"uagb-ifb-desc\">Die Software kann auf dedizierter Hardware, in virtualisierten Umgebungen oder in privaten Clouds eingesetzt und in bestehende LI-, Datenspeicher-, Sicherheits- und \u00dcberwachungstools in Ihrer Infrastruktur integriert werden.<\/p><\/div><\/div>\n<\/div>\n\n\n\n<div class=\"wp-block-uagb-container uagb-block-esepolmc\">\n<div class=\"wp-block-uagb-info-box uagb-block-rub3hkxt uagb-infobox__content-wrap  uagb-infobox-icon-above-title uagb-infobox-image-valign-top\"><div class=\"uagb-ifb-content\"><div class=\"uagb-ifb-title-wrap\"><p class=\"uagb-ifb-title-prefix\">06<\/p><h3 class=\"uagb-ifb-title\">Integration mit Betrieb und Support<\/h3><\/div><p class=\"uagb-ifb-desc\">APIs und Schnittstellen erm\u00f6glichen die Integration in NOC-, OSS\/BSS- und Ticketing-Systeme, w\u00e4hrend ICS-Dienste Design, Integration, Schulung und langfristigen Support f\u00fcr Ihren LI-Betrieb umfassen.<\/p><\/div><\/div>\n<\/div>\n<\/div>\n<\/div><\/div>\n\n\n\n<div class=\"wp-block-uagb-container uagb-block-jpnhqjvl alignfull uagb-is-root-container\"><div class=\"uagb-container-inner-blocks-wrap\">\n<div class=\"wp-block-uagb-info-box uagb-block-7copribu uagb-infobox__content-wrap  uagb-infobox-icon-above-title uagb-infobox-image-valign-top wp-block-uagb-info-box--has-margin\"><div class=\"uagb-infobox-margin-wrapper\"><div class=\"uagb-ifb-content\"><div class=\"uagb-ifb-title-wrap\"><h2 class=\"uagb-ifb-title\">Innovative L\u00f6sungen f\u00fcr moderne Herausforderungen<\/h2><\/div><p class=\"uagb-ifb-desc\">Unsere LI-Software ist darauf ausgelegt, wachsende Datenmengen, komplexe Dienste und strenge Kontrollen zu bew\u00e4ltigen und gleichzeitig den Betrieb f\u00fcr Ihre Teams \u00fcberschaubar zu halten.<\/p><\/div><\/div><\/div>\n\n\n\n<div class=\"wp-block-uagb-container uagb-block-yxpvrqtx\">\n<div class=\"wp-block-uagb-info-box uagb-block-dvszpucm uagb-infobox__content-wrap  uagb-infobox-icon-above-title uagb-infobox-image-valign-top wp-block-uagb-info-box--has-margin\"><div class=\"uagb-infobox-margin-wrapper\"><div class=\"uagb-ifb-content\"><div class=\"uagb-ifb-icon-wrap\"><div class=\"uagb-iconbox-icon-wrap uagb-infobox-shape-circle\"><svg xmlns=\"https:\/\/www.w3.org\/2000\/svg\" viewbox=\"0 0 448 512\"><path d=\"M438.6 105.4C451.1 117.9 451.1 138.1 438.6 150.6L182.6 406.6C170.1 419.1 149.9 419.1 137.4 406.6L9.372 278.6C-3.124 266.1-3.124 245.9 9.372 233.4C21.87 220.9 42.13 220.9 54.63 233.4L159.1 338.7L393.4 105.4C405.9 92.88 426.1 92.88 438.6 105.4H438.6z\"><\/path><\/svg><\/div><\/div><div class=\"uagb-ifb-title-wrap\"><h3 class=\"uagb-ifb-title\">Intuitive Benutzeroberfl\u00e4che<\/h3><\/div><p class=\"uagb-ifb-desc\">Sichere webbasierte Schnittstellen bieten autorisierten Benutzern einen klaren \u00dcberblick \u00fcber Haftbefehle, Ziele, Systemstatus und \u00dcbergabesitzungen. Gef\u00fchrte Arbeitsabl\u00e4ufe reduzieren Fehler und verk\u00fcrzen die Schulungszeit f\u00fcr Compliance- und Betriebsmitarbeiter.<a href=\"https:\/\/ic-services.io\/de\/system-zur-verwaltung-der-rechtmasigen-abhormasnahmen\/\" target=\"_blank\" rel=\"noreferrer noopener\"><\/a><\/p><\/div><\/div><\/div>\n\n\n\n<div class=\"wp-block-uagb-info-box uagb-block-t9gps5rc uagb-infobox__content-wrap  uagb-infobox-icon-above-title uagb-infobox-image-valign-top wp-block-uagb-info-box--has-margin\"><div class=\"uagb-infobox-margin-wrapper\"><div class=\"uagb-ifb-content\"><div class=\"uagb-ifb-icon-wrap\"><div class=\"uagb-iconbox-icon-wrap uagb-infobox-shape-circle\"><svg xmlns=\"https:\/\/www.w3.org\/2000\/svg\" viewbox=\"0 0 448 512\"><path d=\"M438.6 105.4C451.1 117.9 451.1 138.1 438.6 150.6L182.6 406.6C170.1 419.1 149.9 419.1 137.4 406.6L9.372 278.6C-3.124 266.1-3.124 245.9 9.372 233.4C21.87 220.9 42.13 220.9 54.63 233.4L159.1 338.7L393.4 105.4C405.9 92.88 426.1 92.88 438.6 105.4H438.6z\"><\/path><\/svg><\/div><\/div><div class=\"uagb-ifb-title-wrap\"><h3 class=\"uagb-ifb-title\">Nahtlose Integration<\/h3><\/div><p class=\"uagb-ifb-desc\">Standardisierte North- und Southbound-Schnittstellen vereinfachen die Integration mit Netzwerkelementen, LIMS, Vermittlungsplattformen, Abrechnungs-, Protokollierungs- und Sicherheitssystemen und sch\u00fctzen Ihre bestehenden Investitionen.<\/p><\/div><\/div><\/div>\n\n\n\n<div class=\"wp-block-uagb-info-box uagb-block-mamo961h uagb-infobox__content-wrap  uagb-infobox-icon-above-title uagb-infobox-image-valign-top wp-block-uagb-info-box--has-margin\"><div class=\"uagb-infobox-margin-wrapper\"><div class=\"uagb-ifb-content\"><div class=\"uagb-ifb-icon-wrap\"><div class=\"uagb-iconbox-icon-wrap uagb-infobox-shape-circle\"><svg xmlns=\"https:\/\/www.w3.org\/2000\/svg\" viewbox=\"0 0 448 512\"><path d=\"M438.6 105.4C451.1 117.9 451.1 138.1 438.6 150.6L182.6 406.6C170.1 419.1 149.9 419.1 137.4 406.6L9.372 278.6C-3.124 266.1-3.124 245.9 9.372 233.4C21.87 220.9 42.13 220.9 54.63 233.4L159.1 338.7L393.4 105.4C405.9 92.88 426.1 92.88 438.6 105.4H438.6z\"><\/path><\/svg><\/div><\/div><div class=\"uagb-ifb-title-wrap\"><h3 class=\"uagb-ifb-title\">Erweiterte Automatisierung<\/h3><\/div><p class=\"uagb-ifb-desc\">Automatisierte Provisionierung, De-Provisionierung und Konsistenzpr\u00fcfungen stellen sicher, dass die \u00dcberwachung nur f\u00fcr die richtigen Ziele und Zeitr\u00e4ume aktiv ist, was den manuellen Arbeitsaufwand reduziert und die Zuverl\u00e4ssigkeit erh\u00f6ht.<a href=\"https:\/\/ic-services.io\/de\/system-zur-verwaltung-der-rechtmasigen-abhormasnahmen\/\" target=\"_blank\" rel=\"noreferrer noopener\"><\/a><br><\/p><\/div><\/div><\/div>\n<\/div>\n<\/div><\/div>\n\n\n\n<p><\/p>","protected":false},"excerpt":{"rendered":"<p>Our software solutions provide&nbsp;modular&nbsp;and scalable platforms for lawful interception and disclosure, built for operators, ISPs and service providers. They include [&hellip;]<\/p>\n","protected":false},"author":2,"featured_media":0,"parent":1315,"menu_order":0,"comment_status":"closed","ping_status":"closed","template":"","meta":{"_uag_custom_page_level_css":"","site-sidebar-layout":"default","site-content-layout":"","ast-site-content-layout":"default","site-content-style":"default","site-sidebar-style":"default","ast-global-header-display":"","ast-banner-title-visibility":"","ast-main-header-display":"","ast-hfb-above-header-display":"","ast-hfb-below-header-display":"","ast-hfb-mobile-header-display":"","site-post-title":"","ast-breadcrumbs-content":"","ast-featured-img":"","footer-sml-layout":"","ast-disable-related-posts":"","theme-transparent-header-meta":"","adv-header-id-meta":"","stick-header-meta":"","header-above-stick-meta":"","header-main-stick-meta":"","header-below-stick-meta":"","astra-migrate-meta-layouts":"default","ast-page-background-enabled":"default","ast-page-background-meta":{"desktop":{"background-color":"var(--ast-global-color-5)","background-image":"","background-repeat":"repeat","background-position":"center center","background-size":"auto","background-attachment":"scroll","background-type":"","background-media":"","overlay-type":"","overlay-color":"","overlay-opacity":"","overlay-gradient":""},"tablet":{"background-color":"","background-image":"","background-repeat":"repeat","background-position":"center center","background-size":"auto","background-attachment":"scroll","background-type":"","background-media":"","overlay-type":"","overlay-color":"","overlay-opacity":"","overlay-gradient":""},"mobile":{"background-color":"","background-image":"","background-repeat":"repeat","background-position":"center center","background-size":"auto","background-attachment":"scroll","background-type":"","background-media":"","overlay-type":"","overlay-color":"","overlay-opacity":"","overlay-gradient":""}},"ast-content-background-meta":{"desktop":{"background-color":"var(--ast-global-color-4)","background-image":"","background-repeat":"repeat","background-position":"center center","background-size":"auto","background-attachment":"scroll","background-type":"","background-media":"","overlay-type":"","overlay-color":"","overlay-opacity":"","overlay-gradient":""},"tablet":{"background-color":"var(--ast-global-color-4)","background-image":"","background-repeat":"repeat","background-position":"center center","background-size":"auto","background-attachment":"scroll","background-type":"","background-media":"","overlay-type":"","overlay-color":"","overlay-opacity":"","overlay-gradient":""},"mobile":{"background-color":"var(--ast-global-color-4)","background-image":"","background-repeat":"repeat","background-position":"center center","background-size":"auto","background-attachment":"scroll","background-type":"","background-media":"","overlay-type":"","overlay-color":"","overlay-opacity":"","overlay-gradient":""}},"footnotes":""},"class_list":["post-1317","page","type-page","status-publish","hentry"],"uagb_featured_image_src":{"full":false,"thumbnail":false,"medium":false,"medium_large":false,"large":false,"1536x1536":false,"2048x2048":false,"trp-custom-language-flag":false},"uagb_author_info":{"display_name":"chatgpt","author_link":"https:\/\/ic-services.io\/de\/author\/chatgpt\/"},"uagb_comment_info":0,"uagb_excerpt":"Our software solutions provide&nbsp;modular&nbsp;and scalable platforms for lawful interception and disclosure, built for operators, ISPs and service providers. They include [&hellip;]","_links":{"self":[{"href":"https:\/\/ic-services.io\/de\/wp-json\/wp\/v2\/pages\/1317","targetHints":{"allow":["GET"]}}],"collection":[{"href":"https:\/\/ic-services.io\/de\/wp-json\/wp\/v2\/pages"}],"about":[{"href":"https:\/\/ic-services.io\/de\/wp-json\/wp\/v2\/types\/page"}],"author":[{"embeddable":true,"href":"https:\/\/ic-services.io\/de\/wp-json\/wp\/v2\/users\/2"}],"replies":[{"embeddable":true,"href":"https:\/\/ic-services.io\/de\/wp-json\/wp\/v2\/comments?post=1317"}],"version-history":[{"count":9,"href":"https:\/\/ic-services.io\/de\/wp-json\/wp\/v2\/pages\/1317\/revisions"}],"predecessor-version":[{"id":1961,"href":"https:\/\/ic-services.io\/de\/wp-json\/wp\/v2\/pages\/1317\/revisions\/1961"}],"up":[{"embeddable":true,"href":"https:\/\/ic-services.io\/de\/wp-json\/wp\/v2\/pages\/1315"}],"wp:attachment":[{"href":"https:\/\/ic-services.io\/de\/wp-json\/wp\/v2\/media?parent=1317"}],"curies":[{"name":"wp","href":"https:\/\/api.w.org\/{rel}","templated":true}]}}