{"id":1343,"date":"2026-01-27T15:46:50","date_gmt":"2026-01-27T14:46:50","guid":{"rendered":"https:\/\/dev.ic-services.io\/?page_id=1343"},"modified":"2026-02-24T20:17:50","modified_gmt":"2026-02-24T19:17:50","slug":"managed-li-operations","status":"publish","type":"page","link":"https:\/\/ic-services.io\/de\/services\/managed-li-operations\/","title":{"rendered":"Managed LI Operations"},"content":{"rendered":"<div class=\"wp-block-uagb-container uagb-block-0lmxiwoq alignfull uagb-is-root-container\"><div class=\"uagb-container-inner-blocks-wrap\">\n<div class=\"wp-block-uagb-image alignleft uagb-block-doagnkfv wp-block-uagb-image--layout-default wp-block-uagb-image--effect-static wp-block-uagb-image--align-left\"><figure class=\"wp-block-uagb-image__figure\"><img decoding=\"async\" srcset=\"https:\/\/ic-services.io\/wp-content\/uploads\/2026\/02\/pexels-photo-8867190-8867190-1024x683.jpg ,https:\/\/ic-services.io\/wp-content\/uploads\/2026\/02\/pexels-photo-8867190-8867190-scaled.jpg 780w, https:\/\/ic-services.io\/wp-content\/uploads\/2026\/02\/pexels-photo-8867190-8867190-scaled.jpg 360w\" sizes=\"auto, (max-width: 480px) 150px\" src=\"https:\/\/ic-services.io\/wp-content\/uploads\/2026\/02\/pexels-photo-8867190-8867190-1024x683.jpg\" alt=\"Ein vielf\u00e4ltiges Team von Kundendienstmitarbeitern, die in einer B\u00fcroumgebung arbeiten, Headsets tragen und Computer benutzen.\" class=\"uag-image-1653\" width=\"600\" height=\"500\" title=\"pexels Foto 8867190 8867190\" loading=\"lazy\" role=\"img\"\/><\/figure><\/div>\n\n\n\n<div class=\"wp-block-uagb-container uagb-block-p8zbqxjn\">\n<div class=\"wp-block-uagb-info-box uagb-block-dqjah4pc uagb-infobox__content-wrap  uagb-infobox-icon-above-title uagb-infobox-image-valign-top\"><div class=\"uagb-ifb-content\"><div class=\"uagb-ifb-title-wrap\"><p class=\"uagb-ifb-title-prefix\">KONZENTRATION AUF IHR NETZWERK<\/p><h1 class=\"uagb-ifb-title\">Erf\u00fcllen Sie Ihre Compliance-Verpflichtungen, ohne die Infrastruktur aufzubauen<\/h1><\/div><p class=\"uagb-ifb-desc\">ICS verwaltet Ihre gesetzeskonformen Abh\u00f6rma\u00dfnahmen durchg\u00e4ngig, so dass Sie die gesetzlichen Vorgaben einhalten k\u00f6nnen, ohne Spezialisten einstellen, komplexe Systeme rund um die Uhr warten oder mit den sich entwickelnden Standards Schritt halten zu m\u00fcssen. Wir bieten vollst\u00e4ndig verwaltete LI-Services mit 24\/7-\u00dcberwachung, sicherer \u00dcbergabe an die Strafverfolgungsbeh\u00f6rden und vollst\u00e4ndiger Compliance-Berichterstattung.<\/p><\/div><\/div>\n\n\n\n<div class=\"wp-block-uagb-buttons uagb-buttons__outer-wrap uagb-btn__default-btn uagb-btn-tablet__default-btn uagb-btn-mobile__default-btn uagb-block-tpvdrq6v\"><div class=\"uagb-buttons__wrap uagb-buttons-layout-wrap\">\n<div class=\"wp-block-uagb-buttons-child uagb-buttons__outer-wrap uagb-block-wuwxcnd5 wp-block-button\"><div class=\"uagb-button__wrapper\"><a class=\"uagb-buttons-repeater wp-block-button__link\" aria-label=\"\" href=\"\/de\/kontakt\/\" rel=\"follow noopener\" target=\"_self\" role=\"button\"><div class=\"uagb-button__link\">Kontakt aufnehmen<\/div><\/a><\/div><\/div>\n<\/div><\/div>\n<\/div>\n<\/div><\/div>\n\n\n\n<div class=\"wp-block-uagb-container uagb-block-uoltpqsz alignfull uagb-is-root-container\"><div class=\"uagb-container-inner-blocks-wrap\">\n<div class=\"wp-block-uagb-info-box uagb-block-ccmp0dr0 uagb-infobox__content-wrap  uagb-infobox-icon-above-title uagb-infobox-image-valign-top\"><div class=\"uagb-ifb-content\"><div class=\"uagb-ifb-title-wrap\"><p class=\"uagb-ifb-title-prefix\">WARUM MANAGED OPERATIONS<\/p><h2 class=\"uagb-ifb-title\">Wir leiten Ihren LI-Betrieb, damit Sie sich auf Ihr Netzwerk konzentrieren k\u00f6nnen<\/h2><\/div><\/div><\/div>\n\n\n\n<div class=\"wp-block-uagb-container uagb-block-lcjau6rv\">\n<div class=\"wp-block-uagb-info-box uagb-block-16fbmeyr uagb-infobox__content-wrap  uagb-infobox-icon-above-title uagb-infobox-image-valign-top\"><div class=\"uagb-ifb-content\"><div class=\"uagb-ifb-title-wrap\"><p class=\"uagb-ifb-title\">Sie m\u00fcssen die gesetzlichen Abh\u00f6rvorschriften einhalten, aber die Infrastruktur selbst aufzubauen und zu betreiben ist komplex und kostspielig. Sie erfordert spezielle Kenntnisse der ETSI-Normen, die Integration mit mehreren Netzwerktypen, eine sichere \u00dcbergabe an die Strafverfolgungsbeh\u00f6rden und eine kontinuierliche \u00dcberwachung, um sicherzustellen, dass nichts ausf\u00e4llt, wenn die Beh\u00f6rden Daten ben\u00f6tigen.<\/p><\/div><p class=\"uagb-ifb-desc\">Unser Managed LI Operations Service nimmt Ihnen diese Last ab. Wir stellen die komplette Infrastruktur, das Fachwissen und die Unterst\u00fctzung zur Verf\u00fcgung, um in Ihrem Namen alle gesetzeskonformen Abh\u00f6raktivit\u00e4ten abzuwickeln, von der Aktivierung des Haftbefehls bis zur sicheren Zustellung, w\u00e4hrend Sie \u00fcber unser Verwaltungsportal die volle Transparenz und Kontrolle behalten.<\/p><\/div><\/div>\n\n\n\n<div class=\"wp-block-uagb-container uagb-block-48om4wjw\">\n<div class=\"wp-block-uagb-info-box uagb-block-okpdipmc uagb-infobox__content-wrap  uagb-infobox-icon-above-title uagb-infobox-image-valign-top wp-block-uagb-info-box--has-margin\"><div class=\"uagb-infobox-margin-wrapper\"><div class=\"uagb-ifb-content\"><div class=\"uagb-ifb-title-wrap\"><h4 class=\"uagb-ifb-title\">Innovationsgetriebene L\u00f6sungen<\/h4><\/div><p class=\"uagb-ifb-desc\">Unser Managed Service deckt Festnetz-, Mobilfunk-, VoIP-, IMS- und OTT-Dienste \u00fcber eine standardkonforme Plattform ab, die sich in Ihr bestehendes Netz integrieren l\u00e4sst. Sie profitieren von kontinuierlichen Updates, Qualit\u00e4ts\u00fcberwachung und proaktiver Probleml\u00f6sung, ohne dass Sie die Systeme selbst aufbauen oder warten m\u00fcssen.<\/p><\/div><\/div><\/div>\n\n\n\n<div class=\"wp-block-uagb-info-box uagb-block-lyvtcxhy uagb-infobox__content-wrap  uagb-infobox-icon-above-title uagb-infobox-image-valign-top wp-block-uagb-info-box--has-margin\"><div class=\"uagb-infobox-margin-wrapper\"><div class=\"uagb-ifb-content\"><div class=\"uagb-ifb-title-wrap\"><h4 class=\"uagb-ifb-title\">Personalisierter Ansatz<\/h4><\/div><p class=\"uagb-ifb-desc\">Wir arbeiten eng mit Ihren Rechts-, Compliance- und Betriebsteams zusammen, um Ihr spezifisches regulatorisches Umfeld, Ihre Netzwerkarchitektur und Ihre Betriebsverfahren zu verstehen. Jede Bereitstellung ist auf Ihre Rechtsprechung, LEA-Anforderungen und internen Arbeitsabl\u00e4ufe zugeschnitten.<\/p><\/div><\/div><\/div>\n\n\n\n<div class=\"wp-block-uagb-info-box uagb-block-tfvp3x9h uagb-infobox__content-wrap  uagb-infobox-icon-above-title uagb-infobox-image-valign-top wp-block-uagb-info-box--has-margin\"><div class=\"uagb-infobox-margin-wrapper\"><div class=\"uagb-ifb-content\"><div class=\"uagb-ifb-title-wrap\"><h4 class=\"uagb-ifb-title\">Hervorragender Kundenservice<\/h4><\/div><p class=\"uagb-ifb-desc\">Unser Expertenteam bietet Ihnen rund um die Uhr \u00dcberwachung, Reaktion auf Vorf\u00e4lle und direkte Unterst\u00fctzung bei der Bearbeitung von Durchsuchungsbefehlen, Fehlerbehebung und Compliance-Berichterstattung. Sie haben Zugang zu Spezialisten, die sowohl die technischen als auch die rechtlichen Aspekte der rechtm\u00e4\u00dfigen \u00dcberwachung verstehen.<\/p><\/div><\/div><\/div>\n<\/div>\n<\/div>\n<\/div><\/div>\n\n\n\n<div class=\"wp-block-uagb-container uagb-block-waouibvp alignfull uagb-is-root-container\"><div class=\"uagb-container-inner-blocks-wrap\">\n<div class=\"wp-block-uagb-info-box uagb-block-6xb1ya65 uagb-infobox__content-wrap  uagb-infobox-icon-above-title uagb-infobox-image-valign-top\"><div class=\"uagb-ifb-content\"><div class=\"uagb-ifb-title-wrap\"><h2 class=\"uagb-ifb-title\">Was Sie mit Managed LI Operations erhalten<\/h2><\/div><p class=\"uagb-ifb-desc\">Unser vollst\u00e4ndig verwalteter Service deckt alle Aspekte der rechtm\u00e4\u00dfigen \u00dcberwachung ab, von der Netzwerkintegration bis zur LEA-Lieferung und der Dokumentation zur Einhaltung der Vorschriften.<\/p><\/div><\/div>\n\n\n\n<div class=\"wp-block-uagb-container uagb-layout-grid uagb-block-ay0qnt6n\">\n<div class=\"wp-block-uagb-container uagb-block-feudnjxf\">\n<div class=\"wp-block-uagb-info-box uagb-block-ugjmkhgw uagb-infobox__content-wrap  uagb-infobox-icon-above-title uagb-infobox-image-valign-top\"><div class=\"uagb-ifb-content\"><div class=\"uagb-ifb-title-wrap\"><h3 class=\"uagb-ifb-title\">24\/7 System\u00fcberwachung und Betrieb<\/h3><\/div><p class=\"uagb-ifb-desc\">Wir \u00fcberwachen Ihre LI-Infrastruktur rund um die Uhr, um sicherzustellen, dass Optionsscheinaktivierungen, Datenerfassung und \u00dcbergabe korrekt funktionieren. Unser NOC-Team reagiert sofort auf alle Probleme, f\u00fchrt proaktive Wartungsarbeiten durch und h\u00e4lt Ihre Systeme mit den neuesten Software- und Sicherheits-Patches auf dem neuesten Stand.<\/p><\/div><\/div>\n<\/div>\n\n\n\n<div class=\"wp-block-uagb-container uagb-block-1fevzoq0\">\n<div class=\"wp-block-uagb-info-box uagb-block-vfutmgns uagb-infobox__content-wrap  uagb-infobox-icon-above-title uagb-infobox-image-valign-top\"><div class=\"uagb-ifb-content\"><div class=\"uagb-ifb-title-wrap\"><h3 class=\"uagb-ifb-title\">Vollst\u00e4ndige ETSI-Konformit\u00e4t<\/h3><\/div><p class=\"uagb-ifb-desc\">Ihre Abh\u00f6rma\u00dfnahmen entsprechen allen relevanten ETSI-Normen, einschlie\u00dflich TS 102 232 f\u00fcr \u00dcbergabeschnittstellen, TS 103 221 f\u00fcr Mediation und TS 102 657 f\u00fcr aufbewahrte Daten. Wir k\u00fcmmern uns um die Schnittstellenkonfiguration, die Nachrichtenformatierung und die Zustellungsprotokolle, damit Sie jedes regulatorische Audit ohne technische L\u00fccken bestehen.<\/p><\/div><\/div>\n<\/div>\n\n\n\n<div class=\"wp-block-uagb-container uagb-block-fpu4nhwd\">\n<div class=\"wp-block-uagb-info-box uagb-block-pf1nwlfk uagb-infobox__content-wrap  uagb-infobox-icon-above-title uagb-infobox-image-valign-top\"><div class=\"uagb-ifb-content\"><div class=\"uagb-ifb-title-wrap\"><h3 class=\"uagb-ifb-title\">Sichere LEA-\u00dcbergabe<\/h3><\/div><p class=\"uagb-ifb-desc\">Wir verwalten den gesamten \u00dcbergabeprozess an die \u00dcberwachungseinrichtungen der Strafverfolgungsbeh\u00f6rden, einschlie\u00dflich verschl\u00fcsselter \u00dcbertragungskan\u00e4le, gegenseitiger Authentifizierung, Formatkonvertierung gem\u00e4\u00df den Anforderungen der Beh\u00f6rden und automatischer Wiederholungsversuche mit vollst\u00e4ndiger Protokollierung. Jede \u00dcbergabe wird nachverfolgt und zur \u00dcberpr\u00fcfung der Einhaltung der Vorschriften dokumentiert.<\/p><\/div><\/div>\n<\/div>\n\n\n\n<div class=\"wp-block-uagb-container uagb-block-yi6bbwqu\">\n<div class=\"wp-block-uagb-info-box uagb-block-cmwv3jqx uagb-infobox__content-wrap  uagb-infobox-icon-above-title uagb-infobox-image-valign-top\"><div class=\"uagb-ifb-content\"><div class=\"uagb-ifb-title-wrap\"><h3 class=\"uagb-ifb-title\">Integration mehrerer Netze<\/h3><\/div><p class=\"uagb-ifb-desc\">Unser Managed Service l\u00e4sst sich in 3G-, 4G\/LTE-, 5G-, VoIP-, IMS- und OTT-Plattformen integrieren, ohne dass \u00c4nderungen an Ihrem Produktionsnetzwerk erforderlich sind. Wir unterst\u00fctzen Multivendor-Umgebungen und handhaben Protokollunterschiede transparent, sodass Sie \u00fcber konsistente LI-Funktionen f\u00fcr alle Dienste verf\u00fcgen.<\/p><\/div><\/div>\n<\/div>\n\n\n\n<div class=\"wp-block-uagb-container uagb-block-grovvimk\">\n<div class=\"wp-block-uagb-info-box uagb-block-ykxtlrmr uagb-infobox__content-wrap  uagb-infobox-icon-above-title uagb-infobox-image-valign-top\"><div class=\"uagb-ifb-content\"><div class=\"uagb-ifb-title-wrap\"><h3 class=\"uagb-ifb-title\">Warrant Management Portal<\/h3><\/div><p class=\"uagb-ifb-desc\">Unser sicheres Webportal bietet die M\u00f6glichkeit, aktive Haftbefehle einzusehen, den Systemstatus zu \u00fcberpr\u00fcfen, Compliance-Berichte zu erstellen und LEA-Konfigurationen zu verwalten. Sie k\u00f6nnen Abh\u00f6raktivit\u00e4ten in Echtzeit verfolgen und Pr\u00fcfprotokolle f\u00fcr interne \u00dcberpr\u00fcfungen oder beh\u00f6rdliche Einreichungen herunterladen.<\/p><\/div><\/div>\n<\/div>\n\n\n\n<div class=\"wp-block-uagb-container uagb-block-t5dzqy9r\">\n<div class=\"wp-block-uagb-info-box uagb-block-0tydj46c uagb-infobox__content-wrap  uagb-infobox-icon-above-title uagb-infobox-image-valign-top\"><div class=\"uagb-ifb-content\"><div class=\"uagb-ifb-title-wrap\"><h3 class=\"uagb-ifb-title\">Flexible Bereitstellungsmodelle<\/h3><\/div><p class=\"uagb-ifb-desc\">W\u00e4hlen Sie das Bereitstellungsmodell, das Ihren Sicherheits- und Betriebsanforderungen entspricht: Cloud-Anbindung f\u00fcr geringsten Overhead, hybride L\u00f6sung, bei der die Daten in Ihrer Infrastruktur verbleiben, oder vollst\u00e4ndig verwaltetes On-Premise-Modell f\u00fcr maximale Kontrolle. Wir passen uns an Ihre Umgebung an, nicht umgekehrt.<\/p><\/div><\/div>\n<\/div>\n<\/div>\n<\/div><\/div>","protected":false},"excerpt":{"rendered":"","protected":false},"author":2,"featured_media":0,"parent":13,"menu_order":0,"comment_status":"closed","ping_status":"closed","template":"","meta":{"_uag_custom_page_level_css":"","site-sidebar-layout":"default","site-content-layout":"","ast-site-content-layout":"default","site-content-style":"default","site-sidebar-style":"default","ast-global-header-display":"","ast-banner-title-visibility":"","ast-main-header-display":"","ast-hfb-above-header-display":"","ast-hfb-below-header-display":"","ast-hfb-mobile-header-display":"","site-post-title":"disabled","ast-breadcrumbs-content":"","ast-featured-img":"","footer-sml-layout":"","ast-disable-related-posts":"","theme-transparent-header-meta":"","adv-header-id-meta":"","stick-header-meta":"","header-above-stick-meta":"","header-main-stick-meta":"","header-below-stick-meta":"","astra-migrate-meta-layouts":"default","ast-page-background-enabled":"default","ast-page-background-meta":{"desktop":{"background-color":"var(--ast-global-color-5)","background-image":"","background-repeat":"repeat","background-position":"center center","background-size":"auto","background-attachment":"scroll","background-type":"","background-media":"","overlay-type":"","overlay-color":"","overlay-opacity":"","overlay-gradient":""},"tablet":{"background-color":"","background-image":"","background-repeat":"repeat","background-position":"center center","background-size":"auto","background-attachment":"scroll","background-type":"","background-media":"","overlay-type":"","overlay-color":"","overlay-opacity":"","overlay-gradient":""},"mobile":{"background-color":"","background-image":"","background-repeat":"repeat","background-position":"center center","background-size":"auto","background-attachment":"scroll","background-type":"","background-media":"","overlay-type":"","overlay-color":"","overlay-opacity":"","overlay-gradient":""}},"ast-content-background-meta":{"desktop":{"background-color":"var(--ast-global-color-4)","background-image":"","background-repeat":"repeat","background-position":"center center","background-size":"auto","background-attachment":"scroll","background-type":"","background-media":"","overlay-type":"","overlay-color":"","overlay-opacity":"","overlay-gradient":""},"tablet":{"background-color":"var(--ast-global-color-4)","background-image":"","background-repeat":"repeat","background-position":"center center","background-size":"auto","background-attachment":"scroll","background-type":"","background-media":"","overlay-type":"","overlay-color":"","overlay-opacity":"","overlay-gradient":""},"mobile":{"background-color":"var(--ast-global-color-4)","background-image":"","background-repeat":"repeat","background-position":"center center","background-size":"auto","background-attachment":"scroll","background-type":"","background-media":"","overlay-type":"","overlay-color":"","overlay-opacity":"","overlay-gradient":""}},"footnotes":""},"class_list":["post-1343","page","type-page","status-publish","hentry"],"uagb_featured_image_src":{"full":false,"thumbnail":false,"medium":false,"medium_large":false,"large":false,"1536x1536":false,"2048x2048":false,"trp-custom-language-flag":false},"uagb_author_info":{"display_name":"chatgpt","author_link":"https:\/\/ic-services.io\/de\/author\/chatgpt\/"},"uagb_comment_info":0,"uagb_excerpt":null,"_links":{"self":[{"href":"https:\/\/ic-services.io\/de\/wp-json\/wp\/v2\/pages\/1343","targetHints":{"allow":["GET"]}}],"collection":[{"href":"https:\/\/ic-services.io\/de\/wp-json\/wp\/v2\/pages"}],"about":[{"href":"https:\/\/ic-services.io\/de\/wp-json\/wp\/v2\/types\/page"}],"author":[{"embeddable":true,"href":"https:\/\/ic-services.io\/de\/wp-json\/wp\/v2\/users\/2"}],"replies":[{"embeddable":true,"href":"https:\/\/ic-services.io\/de\/wp-json\/wp\/v2\/comments?post=1343"}],"version-history":[{"count":9,"href":"https:\/\/ic-services.io\/de\/wp-json\/wp\/v2\/pages\/1343\/revisions"}],"predecessor-version":[{"id":1963,"href":"https:\/\/ic-services.io\/de\/wp-json\/wp\/v2\/pages\/1343\/revisions\/1963"}],"up":[{"embeddable":true,"href":"https:\/\/ic-services.io\/de\/wp-json\/wp\/v2\/pages\/13"}],"wp:attachment":[{"href":"https:\/\/ic-services.io\/de\/wp-json\/wp\/v2\/media?parent=1343"}],"curies":[{"name":"wp","href":"https:\/\/api.w.org\/{rel}","templated":true}]}}