{"id":1345,"date":"2026-01-27T15:48:36","date_gmt":"2026-01-27T14:48:36","guid":{"rendered":"https:\/\/dev.ic-services.io\/?page_id=1345"},"modified":"2026-02-24T20:20:30","modified_gmt":"2026-02-24T19:20:30","slug":"beratung-regulatorische-unterstutzung","status":"publish","type":"page","link":"https:\/\/ic-services.io\/de\/services\/consulting-regulatory-support\/","title":{"rendered":"Beratung und regulatorische Unterst\u00fctzung"},"content":{"rendered":"<p>Wir bieten Beratung und Unterst\u00fctzung bei der Einhaltung von Vorschriften, einschlie\u00dflich Konformit\u00e4tsbewertungen, Angleichung an ETSI-Standards, Entwicklung von Architekturen f\u00fcr die Anforderungen von Strafverfolgungsbeh\u00f6rden und Unterst\u00fctzung bei Audits und Zertifizierungen.<\/p>\n\n\n\n<p><\/p>\n\n\n\n<div class=\"wp-block-uagb-container uagb-block-e3agvtgj alignfull uagb-is-root-container\">\n<div class=\"wp-block-uagb-container uagb-block-ujls6tzt\">\n<div class=\"wp-block-uagb-info-box uagb-block-owujcise uagb-infobox__content-wrap  uagb-infobox-icon-above-title uagb-infobox-image-valign-top\"><div class=\"uagb-ifb-content\"><div class=\"uagb-ifb-title-wrap\"><h1 class=\"uagb-ifb-title\">Fachkundige F\u00fchrung durch die Compliance-Landschaft<\/h1><\/div><\/div><\/div>\n\n\n\n<div class=\"wp-block-uagb-container uagb-block-filrnfcf\">\n<div class=\"wp-block-uagb-info-box uagb-block-adegvkqb uagb-infobox__content-wrap  uagb-infobox-icon-above-title uagb-infobox-image-valign-top\"><div class=\"uagb-ifb-content\"><div class=\"uagb-ifb-title-wrap\"><\/div><p class=\"uagb-ifb-desc\">Die Verpflichtungen zur Telekommunikations\u00fcberwachung umfassen zahlreiche Vorschriften, technische Normen und nationale Anforderungen. Unsere Beratungsdienste helfen den Anbietern von Kommunikationsdiensten, ihre Verpflichtungen zu verstehen, die Einhaltung der Vorschriften zu erreichen und sie bei der Weiterentwicklung der Vorschriften aufrechtzuerhalten.<\/p><\/div><\/div>\n\n\n\n<div class=\"wp-block-uagb-buttons uagb-buttons__outer-wrap uagb-btn__default-btn uagb-btn-tablet__default-btn uagb-btn-mobile__default-btn uagb-block-5g8aotzw\"><div class=\"uagb-buttons__wrap uagb-buttons-layout-wrap\">\n<div class=\"wp-block-uagb-buttons-child uagb-buttons__outer-wrap uagb-block-vu5ys5je wp-block-button\"><div class=\"uagb-button__wrapper\"><a class=\"uagb-buttons-repeater wp-block-button__link\" aria-label=\"\" href=\"\/de\/kontakt\/\" rel=\"follow noopener\" target=\"_self\" role=\"button\"><div class=\"uagb-button__link\">mit einem Experten sprechen<\/div><\/a><\/div><\/div>\n<\/div><\/div>\n<\/div>\n<\/div>\n\n\n\n<div class=\"wp-block-uagb-container uagb-block-6oltmjuz alignfull uagb-is-root-container\"><\/div>\n<\/div>\n\n\n\n<div class=\"wp-block-uagb-container uagb-block-yb9fzk0w alignfull uagb-is-root-container\"><div class=\"uagb-container-inner-blocks-wrap\">\n<div class=\"wp-block-uagb-info-box uagb-block-i2suc4oh uagb-infobox__content-wrap  uagb-infobox-icon-above-title uagb-infobox-image-valign-top\"><div class=\"uagb-ifb-content\"><div class=\"uagb-ifb-title-wrap\"><h2 class=\"uagb-ifb-title\">Wie wir Ihnen bei der Einhaltung der TK\u00dc-Vorschriften helfen<\/h2><\/div><\/div><\/div>\n\n\n\n<div class=\"wp-block-uagb-info-box uagb-block-d3eysd3a uagb-infobox__content-wrap  uagb-infobox-icon-above-title uagb-infobox-image-valign-top wp-block-uagb-info-box--has-margin\"><div class=\"uagb-infobox-margin-wrapper\"><div class=\"uagb-ifb-content\"><div class=\"uagb-ifb-title-wrap\"><p class=\"uagb-ifb-title-prefix\">Verstehen und Erf\u00fcllen Ihrer rechtlichen Verpflichtungen<\/p><p class=\"uagb-ifb-title\">Die Bestimmung Ihrer Verpflichtungen zur Telekommunikations\u00fcberwachung erfordert eine sorgf\u00e4ltige Analyse Ihrer Dienste, der Gerichtsbarkeiten, in denen Sie t\u00e4tig sind, und der geltenden nationalen Gesetze. Jedes Land hat spezifische Anforderungen, Fristen und Genehmigungsverfahren, und die Dienste werden unterschiedlich eingestuft, je nachdem, ob es sich um herk\u00f6mmliche Telefonie, IP-basierte Dienste, OTT-Messaging oder andere Kommunikationsarten handelt.<\/p><\/div><p class=\"uagb-ifb-desc\">Unser Beratungsteam verf\u00fcgt \u00fcber direkte Erfahrung in der Zusammenarbeit mit europ\u00e4ischen Regulierungsbeh\u00f6rden, der Implementierung von L\u00f6sungen f\u00fcr mehrere ETSI-Standardversionen und der Verwaltung von Beziehungen zu Strafverfolgungsbeh\u00f6rden. Wir \u00fcbersetzen die Komplexit\u00e4t der Vorschriften in klare, umsetzbare Anleitungen, die Ihnen dabei helfen, konforme Systeme aufzubauen, Audits zu bestehen und Ihren guten Ruf bei den Regulierungsbeh\u00f6rden langfristig zu wahren.<\/p><\/div><\/div><\/div>\n<\/div><\/div>\n\n\n\n<p><\/p>\n\n\n\n<div class=\"wp-block-uagb-container uagb-block-bksvmehh alignfull uagb-is-root-container\"><div class=\"uagb-container-inner-blocks-wrap\">\n<div class=\"wp-block-uagb-info-box uagb-block-ptpfllyo uagb-infobox__content-wrap  uagb-infobox-icon-above-title uagb-infobox-image-valign-top\"><div class=\"uagb-ifb-content\"><div class=\"uagb-ifb-title-wrap\"><h2 class=\"uagb-ifb-title\">Unsere Dienstleistungen<\/h2><\/div><p class=\"uagb-ifb-desc\">Entdecken Sie unser Dienstleistungsangebot, um Ihre rechtlichen Verpflichtungen zu erf\u00fcllen.<\/p><\/div><\/div>\n\n\n\n<div class=\"wp-block-uagb-container uagb-layout-grid uagb-block-3aayzdc7\">\n<div class=\"wp-block-uagb-container uagb-block-ww7e0oh7\">\n<div class=\"wp-block-uagb-info-box uagb-block-woysavmf uagb-infobox__content-wrap  uagb-infobox-icon-above-title uagb-infobox-image-valign-top\"><div class=\"uagb-ifb-content\"><div class=\"uagb-ifb-title-wrap\"><p class=\"uagb-ifb-title-prefix\">01<\/p><h3 class=\"uagb-ifb-title\">Bewertung der Konformit\u00e4t<\/h3><\/div><p class=\"uagb-ifb-desc\">Wir analysieren Ihre Dienstleistungen, gesetzlichen Verpflichtungen und aktuellen F\u00e4higkeiten, um L\u00fccken zu identifizieren und eine nach Priorit\u00e4ten geordnete Roadmap zu erstellen. Die Bewertung umfasst die Klassifizierung der Dienste, die Analyse des rechtlichen Geltungsbereichs, die \u00dcberpr\u00fcfung der technischen F\u00e4higkeiten und des Dokumentationsstatus und m\u00fcndet in einen detaillierten Bericht mit Empfehlungen zur Behebung.<\/p><\/div><\/div>\n<\/div>\n\n\n\n<div class=\"wp-block-uagb-container uagb-block-baq6e57y\">\n<div class=\"wp-block-uagb-info-box uagb-block-4iwun2tj uagb-infobox__content-wrap  uagb-infobox-icon-above-title uagb-infobox-image-valign-top\"><div class=\"uagb-ifb-content\"><div class=\"uagb-ifb-title-wrap\"><p class=\"uagb-ifb-title-prefix\">02<\/p><h3 class=\"uagb-ifb-title\">Angleichung der ETSI-Normen<\/h3><\/div><p class=\"uagb-ifb-desc\">Wir helfen Ihnen, Ihre Diensttypen den richtigen ETSI-Spezifikationen zuzuordnen und die erforderlichen Schnittstellen und \u00dcbergabeformate zu implementieren. Dazu geh\u00f6rt auch eine Anleitung zur Schema-Validierung, Nachrichtenkodierung und Interoperabilit\u00e4tspr\u00fcfung, um sicherzustellen, dass Ihr System alle geltenden Normen erf\u00fcllt.<\/p><\/div><\/div>\n<\/div>\n\n\n\n<div class=\"wp-block-uagb-container uagb-block-k1cjrqf7\">\n<div class=\"wp-block-uagb-info-box uagb-block-akluuvmh uagb-infobox__content-wrap  uagb-infobox-icon-above-title uagb-infobox-image-valign-top\"><div class=\"uagb-ifb-content\"><div class=\"uagb-ifb-title-wrap\"><p class=\"uagb-ifb-title-prefix\">03<\/p><h3 class=\"uagb-ifb-title\">Architektur Design<\/h3><\/div><p class=\"uagb-ifb-desc\">Unsere Architekten arbeiten mit Ihren Teams zusammen, um LI-Systeme zu entwerfen, die regulatorische Anforderungen, betriebliche Gegebenheiten und Sicherheitsaspekte in Einklang bringen. Wir legen fest, wo Abh\u00f6rpunkte platziert werden sollen, wie Vermittlungs- und Zustellfunktionen strukturiert werden sollen und wie Skalierbarkeit und Redundanz gew\u00e4hrleistet werden k\u00f6nnen.<\/p><\/div><\/div>\n<\/div>\n\n\n\n<div class=\"wp-block-uagb-container uagb-block-tecm0jv3\">\n<div class=\"wp-block-uagb-info-box uagb-block-glhqd0rq uagb-infobox__content-wrap  uagb-infobox-icon-above-title uagb-infobox-image-valign-top\"><div class=\"uagb-ifb-content\"><div class=\"uagb-ifb-title-wrap\"><p class=\"uagb-ifb-title-prefix\">04<\/p><h3 class=\"uagb-ifb-title\">Unterst\u00fctzung bei Audit und Zertifizierung<\/h3><\/div><p class=\"uagb-ifb-desc\">Wir bereiten Sie auf beh\u00f6rdliche Audits vor, indem wir die Dokumentation organisieren, technische Systeme \u00fcberpr\u00fcfen, Verfahren validieren und Mitarbeiter einweisen. W\u00e4hrend des Audits koordinieren wir uns mit den Aufsichtsbeh\u00f6rden, unterst\u00fctzen technische Demonstrationen und helfen bei der Reaktion auf Feststellungen. Nach dem Audit helfen wir bei der Planung von Abhilfema\u00dfnahmen und der Abschlussdokumentation.<\/p><\/div><\/div>\n<\/div>\n\n\n\n<div class=\"wp-block-uagb-container uagb-block-cst8v88f\">\n<div class=\"wp-block-uagb-info-box uagb-block-0jhfhqp1 uagb-infobox__content-wrap  uagb-infobox-icon-above-title uagb-infobox-image-valign-top\"><div class=\"uagb-ifb-content\"><div class=\"uagb-ifb-title-wrap\"><p class=\"uagb-ifb-title-prefix\">05<\/p><h3 class=\"uagb-ifb-title\">Agentur Onboarding<\/h3><\/div><p class=\"uagb-ifb-desc\">Die Herstellung der Konnektivit\u00e4t mit \u00dcberwachungseinrichtungen der Strafverfolgungsbeh\u00f6rden erfordert eine strukturierte Koordination. Wir managen den gesamten Einf\u00fchrungsprozess von der \u00dcberpr\u00fcfung der Befugnisse und der Kontaktaufnahme \u00fcber die technische Konfiguration, das Testen, die Verfahrensbest\u00e4tigung und den Produktionsstart.<\/p><\/div><\/div>\n<\/div>\n\n\n\n<div class=\"wp-block-uagb-container uagb-block-eypq8tox\">\n<div class=\"wp-block-uagb-info-box uagb-block-iheyapux uagb-infobox__content-wrap  uagb-infobox-icon-above-title uagb-infobox-image-valign-top\"><div class=\"uagb-ifb-content\"><div class=\"uagb-ifb-title-wrap\"><p class=\"uagb-ifb-title-prefix\">06<\/p><h3 class=\"uagb-ifb-title\">Laufende Beratung<\/h3><\/div><p class=\"uagb-ifb-desc\">Das Einhalten von Vorschriften erfordert st\u00e4ndige Aufmerksamkeit, da sich Vorschriften und Normen weiterentwickeln. Unsere verwalteten Beratungsdienste bieten eine fortlaufende \u00dcberwachung der Vorschriften in allen Rechtsordnungen, die Verfolgung von ETSI-Ver\u00f6ffentlichungen, eine Folgenabsch\u00e4tzung f\u00fcr anstehende \u00c4nderungen und einen bedarfsgerechten Zugang zu Beratungsleistungen bei betrieblichen Fragen.<\/p><\/div><\/div>\n<\/div>\n<\/div>\n<\/div><\/div>","protected":false},"excerpt":{"rendered":"<p>We provide consulting and regulatory support services, including compliance assessments, ETSI standards alignment, architecture design for law enforcement agency requirements, [&hellip;]<\/p>\n","protected":false},"author":2,"featured_media":0,"parent":13,"menu_order":0,"comment_status":"closed","ping_status":"closed","template":"","meta":{"_uag_custom_page_level_css":"","site-sidebar-layout":"default","site-content-layout":"","ast-site-content-layout":"default","site-content-style":"default","site-sidebar-style":"default","ast-global-header-display":"","ast-banner-title-visibility":"","ast-main-header-display":"","ast-hfb-above-header-display":"","ast-hfb-below-header-display":"","ast-hfb-mobile-header-display":"","site-post-title":"","ast-breadcrumbs-content":"","ast-featured-img":"","footer-sml-layout":"","ast-disable-related-posts":"","theme-transparent-header-meta":"","adv-header-id-meta":"","stick-header-meta":"","header-above-stick-meta":"","header-main-stick-meta":"","header-below-stick-meta":"","astra-migrate-meta-layouts":"default","ast-page-background-enabled":"default","ast-page-background-meta":{"desktop":{"background-color":"var(--ast-global-color-5)","background-image":"","background-repeat":"repeat","background-position":"center center","background-size":"auto","background-attachment":"scroll","background-type":"","background-media":"","overlay-type":"","overlay-color":"","overlay-opacity":"","overlay-gradient":""},"tablet":{"background-color":"","background-image":"","background-repeat":"repeat","background-position":"center center","background-size":"auto","background-attachment":"scroll","background-type":"","background-media":"","overlay-type":"","overlay-color":"","overlay-opacity":"","overlay-gradient":""},"mobile":{"background-color":"","background-image":"","background-repeat":"repeat","background-position":"center center","background-size":"auto","background-attachment":"scroll","background-type":"","background-media":"","overlay-type":"","overlay-color":"","overlay-opacity":"","overlay-gradient":""}},"ast-content-background-meta":{"desktop":{"background-color":"var(--ast-global-color-4)","background-image":"","background-repeat":"repeat","background-position":"center center","background-size":"auto","background-attachment":"scroll","background-type":"","background-media":"","overlay-type":"","overlay-color":"","overlay-opacity":"","overlay-gradient":""},"tablet":{"background-color":"var(--ast-global-color-4)","background-image":"","background-repeat":"repeat","background-position":"center center","background-size":"auto","background-attachment":"scroll","background-type":"","background-media":"","overlay-type":"","overlay-color":"","overlay-opacity":"","overlay-gradient":""},"mobile":{"background-color":"var(--ast-global-color-4)","background-image":"","background-repeat":"repeat","background-position":"center center","background-size":"auto","background-attachment":"scroll","background-type":"","background-media":"","overlay-type":"","overlay-color":"","overlay-opacity":"","overlay-gradient":""}},"footnotes":""},"class_list":["post-1345","page","type-page","status-publish","hentry"],"uagb_featured_image_src":{"full":false,"thumbnail":false,"medium":false,"medium_large":false,"large":false,"1536x1536":false,"2048x2048":false,"trp-custom-language-flag":false},"uagb_author_info":{"display_name":"chatgpt","author_link":"https:\/\/ic-services.io\/de\/author\/chatgpt\/"},"uagb_comment_info":0,"uagb_excerpt":"We provide consulting and regulatory support services, including compliance assessments, ETSI standards alignment, architecture design for law enforcement agency requirements, [&hellip;]","_links":{"self":[{"href":"https:\/\/ic-services.io\/de\/wp-json\/wp\/v2\/pages\/1345","targetHints":{"allow":["GET"]}}],"collection":[{"href":"https:\/\/ic-services.io\/de\/wp-json\/wp\/v2\/pages"}],"about":[{"href":"https:\/\/ic-services.io\/de\/wp-json\/wp\/v2\/types\/page"}],"author":[{"embeddable":true,"href":"https:\/\/ic-services.io\/de\/wp-json\/wp\/v2\/users\/2"}],"replies":[{"embeddable":true,"href":"https:\/\/ic-services.io\/de\/wp-json\/wp\/v2\/comments?post=1345"}],"version-history":[{"count":5,"href":"https:\/\/ic-services.io\/de\/wp-json\/wp\/v2\/pages\/1345\/revisions"}],"predecessor-version":[{"id":1668,"href":"https:\/\/ic-services.io\/de\/wp-json\/wp\/v2\/pages\/1345\/revisions\/1668"}],"up":[{"embeddable":true,"href":"https:\/\/ic-services.io\/de\/wp-json\/wp\/v2\/pages\/13"}],"wp:attachment":[{"href":"https:\/\/ic-services.io\/de\/wp-json\/wp\/v2\/media?parent=1345"}],"curies":[{"name":"wp","href":"https:\/\/api.w.org\/{rel}","templated":true}]}}