{"id":1347,"date":"2026-01-27T15:50:07","date_gmt":"2026-01-27T14:50:07","guid":{"rendered":"https:\/\/dev.ic-services.io\/?page_id=1347"},"modified":"2026-03-15T20:41:15","modified_gmt":"2026-03-15T19:41:15","slug":"integration-kundenspezifische-entwicklung","status":"publish","type":"page","link":"https:\/\/ic-services.io\/de\/services\/integration-custom-development\/","title":{"rendered":"Integration und kundenspezifische Entwicklung"},"content":{"rendered":"<p>Unsere Integrations- und kundenspezifischen Entwicklungsdienste gew\u00e4hrleisten eine nahtlose Netzwerkintegration, unterst\u00fctzen \u00e4ltere und hybride Umgebungen, entwickeln kundenspezifische ETSI-konforme Implementierungen und erm\u00f6glichen die Interoperabilit\u00e4t mit Systemen von Strafverfolgungsbeh\u00f6rden.<\/p>\n\n\n\n<div class=\"wp-block-uagb-container uagb-block-jvorqmee alignfull uagb-is-root-container\">\n<div class=\"wp-block-uagb-container uagb-block-aurcpmpp\"><\/div>\n\n\n\n<div class=\"wp-block-uagb-container uagb-block-m2qu2sjb\">\n<div class=\"wp-block-uagb-info-box uagb-block-vetzlf3t uagb-infobox__content-wrap  uagb-infobox-icon-above-title uagb-infobox-image-valign-top\"><div class=\"uagb-ifb-content\"><div class=\"uagb-ifb-title-wrap\"><h1 class=\"uagb-ifb-title\">Passen Sie Ihre LI-Infrastruktur an Ihr einzigartiges Netzwerk an<\/h1><\/div><p class=\"uagb-ifb-desc\">Jeder Betreiber hat eine andere Netzarchitektur, andere Altsysteme und andere gesetzliche Anforderungen. Unsere Integrations- und kundenspezifischen Entwicklungsdienste passen die Lawful Interception-L\u00f6sungen an Ihre spezifische Umgebung an und gew\u00e4hrleisten einen nahtlosen Betrieb ohne Unterbrechung im Betrieb Ihrer bestehenden Infrastruktur.<\/p><\/div><\/div>\n\n\n\n<div class=\"wp-block-uagb-buttons uagb-buttons__outer-wrap uagb-btn__default-btn uagb-btn-tablet__default-btn uagb-btn-mobile__default-btn uagb-block-uqwvm18d\"><div class=\"uagb-buttons__wrap uagb-buttons-layout-wrap\">\n<div class=\"wp-block-uagb-buttons-child uagb-buttons__outer-wrap uagb-block-vwkcwkc6 wp-block-button\"><div class=\"uagb-button__wrapper\"><a class=\"uagb-buttons-repeater wp-block-button__link\" aria-label=\"\" href=\"\/de\/kontakt\/\" rel=\"follow noopener\" target=\"_self\" role=\"button\"><div class=\"uagb-button__link\">Los geht's<\/div><\/a><\/div><\/div>\n<\/div><\/div>\n<\/div>\n<\/div>\n\n\n\n<div class=\"wp-block-uagb-container uagb-block-qea3uf4x alignfull uagb-is-root-container\"><div class=\"uagb-container-inner-blocks-wrap\">\n<div class=\"wp-block-uagb-info-box uagb-block-iajbbrgv uagb-infobox__content-wrap  uagb-infobox-icon-above-title uagb-infobox-image-valign-top\"><div class=\"uagb-ifb-content\"><div class=\"uagb-ifb-title-wrap\"><h2 class=\"uagb-ifb-title\">Integrations- und Entwicklungskompetenz f\u00fcr komplexe LI-Umgebungen<\/h2><\/div><\/div><\/div>\n\n\n\n<div class=\"wp-block-uagb-container uagb-block-ek9wwovu\">\n<div class=\"wp-block-uagb-info-box uagb-block-pki7mqvc uagb-infobox__content-wrap  uagb-infobox-icon-above-title uagb-infobox-image-valign-top\"><div class=\"uagb-ifb-content\"><div class=\"uagb-ifb-title-wrap\"><p class=\"uagb-ifb-title\">Die Implementierung der Telekommunikations\u00fcberwachung in realen Netzen ist selten einfach. M\u00f6glicherweise haben Sie Ger\u00e4te verschiedener Hersteller, Altsysteme, die keine Standardschnittstellen unterst\u00fctzen, spezifische LEA-Anforderungen, die von internationalen Normen abweichen, oder einzigartige Dienstarchitekturen, die eine individuelle Vermittlungslogik erfordern.<\/p><\/div><p class=\"uagb-ifb-desc\">Unser Integrations- und kundenspezifisches Entwicklungsteam verf\u00fcgt \u00fcber umfassende Erfahrung in der Anpassung von LI-Plattformen an die tats\u00e4chlichen Umgebungen der Betreiber. Wir entwerfen und implementieren benutzerdefinierte Adapter, Protokollkonverter, Vermittlungsfunktionen und \u00dcbergabeschnittstellen, die die L\u00fccke zwischen Ihrer Netzrealit\u00e4t und den Konformit\u00e4tsanforderungen schlie\u00dfen und gleichzeitig die vollst\u00e4ndige ETSI-Anpassung und Audit-Bereitschaft gew\u00e4hrleisten.<\/p><\/div><\/div>\n\n\n\n<div class=\"wp-block-uagb-container uagb-block-aqm86h3z\">\n<div class=\"wp-block-uagb-info-box uagb-block-eku0dmzw uagb-infobox__content-wrap  uagb-infobox-icon-left-title uagb-infobox-left uagb-infobox-image-valign-middle\"><div class=\"uagb-ifb-content\"><div class=\"uagb-ifb-left-title-image\"><div class=\"uagb-ifb-icon-wrap\"><svg xmlns=\"https:\/\/www.w3.org\/2000\/svg\" viewbox=\"0 0 448 512\"><path d=\"M438.6 105.4C451.1 117.9 451.1 138.1 438.6 150.6L182.6 406.6C170.1 419.1 149.9 419.1 137.4 406.6L9.372 278.6C-3.124 266.1-3.124 245.9 9.372 233.4C21.87 220.9 42.13 220.9 54.63 233.4L159.1 338.7L393.4 105.4C405.9 92.88 426.1 92.88 438.6 105.4H438.6z\"><\/path><\/svg><\/div><div class=\"uagb-ifb-title-wrap\"><p class=\"uagb-ifb-title\">Innovationsgetriebene L\u00f6sungen<\/p><\/div><\/div><p class=\"uagb-ifb-desc\">Wir entwickeln kundenspezifische L\u00f6sungen unter Verwendung moderner Softwarepraktiken: modulare Architekturen, Standard-APIs, umfassende Tests und klare Dokumentation. Egal, ob Sie einen benutzerdefinierten Adapter f\u00fcr einen Legacy-Switch oder eine v\u00f6llig neue Vermittlungsfunktion f\u00fcr einen speziellen Dienst ben\u00f6tigen, wir liefern wartbare, skalierbare Implementierungen.<\/p><div class=\"uagb-ifb-separator\"><\/div><\/div><\/div>\n\n\n\n<div class=\"wp-block-uagb-info-box uagb-block-wbuyoizu uagb-infobox__content-wrap  uagb-infobox-icon-left-title uagb-infobox-left uagb-infobox-image-valign-middle\"><div class=\"uagb-ifb-content\"><div class=\"uagb-ifb-left-title-image\"><div class=\"uagb-ifb-icon-wrap\"><svg xmlns=\"https:\/\/www.w3.org\/2000\/svg\" viewbox=\"0 0 448 512\"><path d=\"M438.6 105.4C451.1 117.9 451.1 138.1 438.6 150.6L182.6 406.6C170.1 419.1 149.9 419.1 137.4 406.6L9.372 278.6C-3.124 266.1-3.124 245.9 9.372 233.4C21.87 220.9 42.13 220.9 54.63 233.4L159.1 338.7L393.4 105.4C405.9 92.88 426.1 92.88 438.6 105.4H438.6z\"><\/path><\/svg><\/div><div class=\"uagb-ifb-title-wrap\"><p class=\"uagb-ifb-title\">Personalisierter Ansatz<\/p><\/div><\/div><p class=\"uagb-ifb-desc\">Jedes Integrationsprojekt beginnt mit einer gr\u00fcndlichen Analyse Ihrer Netztopologie, der vorhandenen LI-Komponenten, der LEA-Schnittstellen und der betrieblichen Zw\u00e4nge. Wir arbeiten eng mit Ihren technischen Teams zusammen, um das Gesamtbild zu verstehen, bevor wir die richtige L\u00f6sung f\u00fcr Ihre spezifische Situation entwickeln.<\/p><div class=\"uagb-ifb-separator\"><\/div><\/div><\/div>\n\n\n\n<div class=\"wp-block-uagb-info-box uagb-block-chi4dubw uagb-infobox__content-wrap  uagb-infobox-icon-left-title uagb-infobox-left uagb-infobox-image-valign-middle\"><div class=\"uagb-ifb-content\"><div class=\"uagb-ifb-left-title-image\"><div class=\"uagb-ifb-icon-wrap\"><svg xmlns=\"https:\/\/www.w3.org\/2000\/svg\" viewbox=\"0 0 448 512\"><path d=\"M438.6 105.4C451.1 117.9 451.1 138.1 438.6 150.6L182.6 406.6C170.1 419.1 149.9 419.1 137.4 406.6L9.372 278.6C-3.124 266.1-3.124 245.9 9.372 233.4C21.87 220.9 42.13 220.9 54.63 233.4L159.1 338.7L393.4 105.4C405.9 92.88 426.1 92.88 438.6 105.4H438.6z\"><\/path><\/svg><\/div><div class=\"uagb-ifb-title-wrap\"><p class=\"uagb-ifb-title\">Hervorragender Kundenservice<\/p><\/div><\/div><p class=\"uagb-ifb-desc\">Unsere Entwickler und Integrationsspezialisten unterst\u00fctzen Sie w\u00e4hrend des gesamten Lebenszyklus: Anforderungsanalyse, Design, Implementierung, Tests, Bereitstellung und langfristige Wartung. Wir bieten eine klare technische Dokumentation, Wissenstransfer und kontinuierliche Unterst\u00fctzung, damit Ihre individuellen L\u00f6sungen zuverl\u00e4ssig und konform bleiben.<\/p><div class=\"uagb-ifb-separator\"><\/div><\/div><\/div>\n<\/div>\n<\/div>\n<\/div><\/div>","protected":false},"excerpt":{"rendered":"<p>Our integration and custom development services ensure seamless network integration, support legacy and hybrid environments, develop custom ETSI-compliant implementations, and [&hellip;]<\/p>\n","protected":false},"author":2,"featured_media":0,"parent":13,"menu_order":0,"comment_status":"closed","ping_status":"closed","template":"","meta":{"_uag_custom_page_level_css":"","site-sidebar-layout":"default","site-content-layout":"","ast-site-content-layout":"default","site-content-style":"default","site-sidebar-style":"default","ast-global-header-display":"","ast-banner-title-visibility":"","ast-main-header-display":"","ast-hfb-above-header-display":"","ast-hfb-below-header-display":"","ast-hfb-mobile-header-display":"","site-post-title":"","ast-breadcrumbs-content":"","ast-featured-img":"","footer-sml-layout":"","ast-disable-related-posts":"","theme-transparent-header-meta":"","adv-header-id-meta":"","stick-header-meta":"","header-above-stick-meta":"","header-main-stick-meta":"","header-below-stick-meta":"","astra-migrate-meta-layouts":"default","ast-page-background-enabled":"default","ast-page-background-meta":{"desktop":{"background-color":"var(--ast-global-color-5)","background-image":"","background-repeat":"repeat","background-position":"center center","background-size":"auto","background-attachment":"scroll","background-type":"","background-media":"","overlay-type":"","overlay-color":"","overlay-opacity":"","overlay-gradient":""},"tablet":{"background-color":"","background-image":"","background-repeat":"repeat","background-position":"center center","background-size":"auto","background-attachment":"scroll","background-type":"","background-media":"","overlay-type":"","overlay-color":"","overlay-opacity":"","overlay-gradient":""},"mobile":{"background-color":"","background-image":"","background-repeat":"repeat","background-position":"center center","background-size":"auto","background-attachment":"scroll","background-type":"","background-media":"","overlay-type":"","overlay-color":"","overlay-opacity":"","overlay-gradient":""}},"ast-content-background-meta":{"desktop":{"background-color":"var(--ast-global-color-4)","background-image":"","background-repeat":"repeat","background-position":"center center","background-size":"auto","background-attachment":"scroll","background-type":"","background-media":"","overlay-type":"","overlay-color":"","overlay-opacity":"","overlay-gradient":""},"tablet":{"background-color":"var(--ast-global-color-4)","background-image":"","background-repeat":"repeat","background-position":"center center","background-size":"auto","background-attachment":"scroll","background-type":"","background-media":"","overlay-type":"","overlay-color":"","overlay-opacity":"","overlay-gradient":""},"mobile":{"background-color":"var(--ast-global-color-4)","background-image":"","background-repeat":"repeat","background-position":"center center","background-size":"auto","background-attachment":"scroll","background-type":"","background-media":"","overlay-type":"","overlay-color":"","overlay-opacity":"","overlay-gradient":""}},"footnotes":""},"class_list":["post-1347","page","type-page","status-publish","hentry"],"uagb_featured_image_src":{"full":false,"thumbnail":false,"medium":false,"medium_large":false,"large":false,"1536x1536":false,"2048x2048":false,"trp-custom-language-flag":false},"uagb_author_info":{"display_name":"chatgpt","author_link":"https:\/\/ic-services.io\/de\/author\/chatgpt\/"},"uagb_comment_info":0,"uagb_excerpt":"Our integration and custom development services ensure seamless network integration, support legacy and hybrid environments, develop custom ETSI-compliant implementations, and [&hellip;]","_links":{"self":[{"href":"https:\/\/ic-services.io\/de\/wp-json\/wp\/v2\/pages\/1347","targetHints":{"allow":["GET"]}}],"collection":[{"href":"https:\/\/ic-services.io\/de\/wp-json\/wp\/v2\/pages"}],"about":[{"href":"https:\/\/ic-services.io\/de\/wp-json\/wp\/v2\/types\/page"}],"author":[{"embeddable":true,"href":"https:\/\/ic-services.io\/de\/wp-json\/wp\/v2\/users\/2"}],"replies":[{"embeddable":true,"href":"https:\/\/ic-services.io\/de\/wp-json\/wp\/v2\/comments?post=1347"}],"version-history":[{"count":5,"href":"https:\/\/ic-services.io\/de\/wp-json\/wp\/v2\/pages\/1347\/revisions"}],"predecessor-version":[{"id":1661,"href":"https:\/\/ic-services.io\/de\/wp-json\/wp\/v2\/pages\/1347\/revisions\/1661"}],"up":[{"embeddable":true,"href":"https:\/\/ic-services.io\/de\/wp-json\/wp\/v2\/pages\/13"}],"wp:attachment":[{"href":"https:\/\/ic-services.io\/de\/wp-json\/wp\/v2\/media?parent=1347"}],"curies":[{"name":"wp","href":"https:\/\/api.w.org\/{rel}","templated":true}]}}