{"id":1367,"date":"2026-01-27T16:32:09","date_gmt":"2026-01-27T15:32:09","guid":{"rendered":"https:\/\/dev.ic-services.io\/?page_id=1367"},"modified":"2026-03-15T21:03:25","modified_gmt":"2026-03-15T20:03:25","slug":"groshandel","status":"publish","type":"page","link":"https:\/\/ic-services.io\/de\/products\/wholesale\/","title":{"rendered":"Wholesale"},"content":{"rendered":"<div class=\"wp-block-uagb-container uagb-block-qpfkqqpx alignfull uagb-is-root-container\">\n<div class=\"wp-block-uagb-container uagb-block-6nys11no\">\n<div class=\"wp-block-uagb-info-box uagb-block-osss7caw uagb-infobox__content-wrap  uagb-infobox-icon-above-title uagb-infobox-image-valign-top\"><div class=\"uagb-ifb-content\"><div class=\"uagb-ifb-title-wrap\"><h1 class=\"uagb-ifb-title\">f\u00fchrende VoIP-Wholesale Dienstleistungen<\/h1><\/div><\/div><\/div>\n\n\n\n<div class=\"wp-block-uagb-container uagb-block-7nswyuyx\">\n<div class=\"wp-block-uagb-info-box uagb-block-wdbhlm3w uagb-infobox__content-wrap  uagb-infobox-icon-above-title uagb-infobox-image-valign-top\"><div class=\"uagb-ifb-content\"><div class=\"uagb-ifb-title-wrap\"><\/div><p class=\"uagb-ifb-desc\">Als f\u00fchrender VoIP-Carrier kombinieren wir hochwertige Routen, wettbewerbsf\u00e4hige Tarife und ein leistungsstarkes Self-Service-Portal, um Ihnen die volle Kontrolle \u00fcber Ihren Datenverkehr und Ihre Gewinnspannen zu geben.<\/p><\/div><\/div>\n\n\n\n<div class=\"wp-block-uagb-buttons uagb-buttons__outer-wrap uagb-btn__default-btn uagb-btn-tablet__default-btn uagb-btn-mobile__default-btn uagb-block-aieo5lfi\"><div class=\"uagb-buttons__wrap uagb-buttons-layout-wrap\">\n<div class=\"wp-block-uagb-buttons-child uagb-buttons__outer-wrap uagb-block-wg1tqltu wp-block-button\"><div class=\"uagb-button__wrapper\"><a class=\"uagb-buttons-repeater wp-block-button__link\" aria-label=\"\" href=\"https:\/\/icscarrier.com\" rel=\"follow noopener\" target=\"_blank\" role=\"button\"><div class=\"uagb-button__link\">Los geht's<\/div><\/a><\/div><\/div>\n<\/div><\/div>\n<\/div>\n<\/div>\n\n\n\n<div class=\"wp-block-uagb-container uagb-block-mdojry9r alignfull uagb-is-root-container\"><\/div>\n<\/div>\n\n\n\n<div class=\"wp-block-uagb-container uagb-block-isry1d2n alignfull uagb-is-root-container\"><div class=\"uagb-container-inner-blocks-wrap\">\n<div class=\"wp-block-uagb-container uagb-block-gdnaohls\">\n<div class=\"wp-block-uagb-info-box uagb-block-lisvjmkj uagb-infobox__content-wrap  uagb-infobox-icon-above-title uagb-infobox-image-valign-top wp-block-uagb-info-box--has-margin\"><div class=\"uagb-infobox-margin-wrapper\"><div class=\"uagb-ifb-content\"><div class=\"uagb-ifb-title-wrap\"><h2 class=\"uagb-ifb-title\">ICS Carrier-Dienste f\u00fcr Gro\u00dfkunden<\/h2><\/div><p class=\"uagb-ifb-desc\">Mit ICS Wholesale Carrier Services erhalten Betreiber, ITSPs und Wiederverk\u00e4ufer professionelle Carrier Pre-Services f\u00fcr globale Terminierung und internationale Nummern - ohne ein eigenes Wholesale-Backbone aufbauen zu m\u00fcssen. Dank unserer Erfolgsbilanz in den Bereichen VoIP und gesetzeskonforme \u00dcberwachung sind wir in der Lage, einen robusten Voice-Wholesale-Service mit einer konformit\u00e4tsgerechten Infrastruktur und einem kompetenten operativen Support zu kombinieren.<br><br>\u00dcber unser intuitives Webportal verwalten Sie Trunks, IPs, Ziele und Qualit\u00e4tsstufen selbst und profitieren von transparenten Tarifen und Berichten. Egal, ob Sie ein paar tausend Minuten pro Monat oder umfangreichen internationalen Verkehr abwickeln, ICS bietet Ihnen die Kapazit\u00e4t und Flexibilit\u00e4t, die Sie f\u00fcr Ihr Wachstum ben\u00f6tigen<\/p><\/div><\/div><\/div>\n\n\n\n<div class=\"wp-block-uagb-image alignleft uagb-block-7o7aro6n wp-block-uagb-image--layout-default wp-block-uagb-image--effect-static wp-block-uagb-image--align-left\"><figure class=\"wp-block-uagb-image__figure\"><img decoding=\"async\" srcset=\"https:\/\/ic-services.io\/wp-content\/uploads\/2026\/02\/pexels-photo-1054397-1054397-683x1024.jpg ,https:\/\/ic-services.io\/wp-content\/uploads\/2026\/02\/pexels-photo-1054397-1054397-scaled.jpg 780w, https:\/\/ic-services.io\/wp-content\/uploads\/2026\/02\/pexels-photo-1054397-1054397-scaled.jpg 360w\" sizes=\"auto, (max-width: 480px) 150px\" src=\"https:\/\/ic-services.io\/wp-content\/uploads\/2026\/02\/pexels-photo-1054397-1054397-683x1024.jpg\" alt=\"Nahaufnahme von Netzwerkkabeln und Anschl\u00fcssen in einem Serverschrank, die die Konnektivit\u00e4t verdeutlichen.\" class=\"uag-image-1562\" width=\"564\" height=\"376\" title=\"pexels foto 1054397 1054397\" loading=\"lazy\" role=\"img\"\/><\/figure><\/div>\n\n\n\n<div class=\"wp-block-uagb-info-box uagb-block-8fuzlsfg uagb-infobox__content-wrap  uagb-infobox-icon-above-title uagb-infobox-image-valign-top wp-block-uagb-info-box--has-margin\"><div class=\"uagb-infobox-margin-wrapper\"><div class=\"uagb-ifb-content\"><div class=\"uagb-ifb-title-wrap\"><h3 class=\"uagb-ifb-title\">Innovationsgetriebene L\u00f6sungen<\/h3><\/div><p class=\"uagb-ifb-desc\">Jeder Gro\u00dfhandelskunde hat andere Routen, Volumina und Margenerwartungen. Daher passen wir Routing-Profile, Gesch\u00e4ftsmodelle und Support an Ihr Unternehmen an. Unser Team arbeitet direkt mit Ihnen an Tests, Onboarding und Verkehrsoptimierung, um ICS zu einer Erweiterung Ihres eigenen Carrier-Betriebs zu machen.<\/p><\/div><\/div><\/div>\n<\/div>\n\n\n\n<div class=\"wp-block-uagb-container uagb-block-vzn1a9g2\">\n<div class=\"wp-block-uagb-image alignleft uagb-block-v51qnvvs wp-block-uagb-image--layout-default wp-block-uagb-image--effect-static wp-block-uagb-image--align-left\"><figure class=\"wp-block-uagb-image__figure\"><img decoding=\"async\" srcset=\"https:\/\/ic-services.io\/wp-content\/uploads\/2026\/02\/pexels-photo-8867472-8867472-1024x683.jpg ,https:\/\/ic-services.io\/wp-content\/uploads\/2026\/02\/pexels-photo-8867472-8867472-scaled.jpg 780w, https:\/\/ic-services.io\/wp-content\/uploads\/2026\/02\/pexels-photo-8867472-8867472-scaled.jpg 360w\" sizes=\"auto, (max-width: 480px) 150px\" src=\"https:\/\/ic-services.io\/wp-content\/uploads\/2026\/02\/pexels-photo-8867472-8867472-1024x683.jpg\" alt=\"Zwei Callcenter-Mitarbeiter arbeiten mit Headsets in einer modernen B\u00fcroumgebung zusammen.\" class=\"uag-image-1561\" width=\"564\" height=\"376\" title=\"pexels Foto 8867472 8867472\" loading=\"lazy\" role=\"img\"\/><\/figure><\/div>\n\n\n\n<div class=\"wp-block-uagb-info-box uagb-block-y43koqpx uagb-infobox__content-wrap  uagb-infobox-icon-above-title uagb-infobox-image-valign-top wp-block-uagb-info-box--has-margin\"><div class=\"uagb-infobox-margin-wrapper\"><div class=\"uagb-ifb-content\"><div class=\"uagb-ifb-title-wrap\"><h3 class=\"uagb-ifb-title\">Personalisierter Ansatz<\/h3><\/div><p class=\"uagb-ifb-desc\">Unser Wholesale-Portfolio ist auf moderne VoIP- und Carrier-Anforderungen ausgerichtet: flexible Qualit\u00e4tsprofile, intelligentes Routing und APIs, die sich in Ihre Abrechnungs- und Bereitstellungssysteme integrieren lassen. Wir erweitern kontinuierlich unsere globale Pr\u00e4senz und optimieren Routen, damit Sie kristallklare Sprache zu niedrigen Wholesale-Kosten bereitstellen k\u00f6nnen.<a href=\"https:\/\/icscarrier.com\/\" target=\"_blank\" rel=\"noreferrer noopener\"><\/a><br><\/p><\/div><\/div><\/div>\n\n\n\n<div class=\"wp-block-uagb-image alignleft uagb-block-xa9r5lvj wp-block-uagb-image--layout-default wp-block-uagb-image--effect-static wp-block-uagb-image--align-left\"><figure class=\"wp-block-uagb-image__figure\"><img decoding=\"async\" srcset=\"https:\/\/ic-services.io\/wp-content\/uploads\/2026\/02\/pexels-photo-8867261-8867261-1024x683.jpg ,https:\/\/ic-services.io\/wp-content\/uploads\/2026\/02\/pexels-photo-8867261-8867261-scaled.jpg 780w, https:\/\/ic-services.io\/wp-content\/uploads\/2026\/02\/pexels-photo-8867261-8867261-scaled.jpg 360w\" sizes=\"auto, (max-width: 480px) 150px\" src=\"https:\/\/ic-services.io\/wp-content\/uploads\/2026\/02\/pexels-photo-8867261-8867261-1024x683.jpg\" alt=\"Ein vielf\u00e4ltiges Team von Callcenter-Agenten, die in einer modernen B\u00fcroumgebung zusammenarbeiten.\" class=\"uag-image-1563\" width=\"564\" height=\"376\" title=\"pexels Foto 8867261 8867261\" loading=\"lazy\" role=\"img\"\/><\/figure><\/div>\n\n\n\n<div class=\"wp-block-uagb-info-box uagb-block-wzlmrmwp uagb-infobox__content-wrap  uagb-infobox-icon-above-title uagb-infobox-image-valign-top wp-block-uagb-info-box--has-margin\"><div class=\"uagb-infobox-margin-wrapper\"><div class=\"uagb-ifb-content\"><div class=\"uagb-ifb-title-wrap\"><h3 class=\"uagb-ifb-title\">Hervorragender Kundenservice<\/h3><\/div><p class=\"uagb-ifb-desc\">Zuverl\u00e4ssige Wholesale-Sprachdienste h\u00e4ngen von schnellen Reaktionen ab - von Routing\u00e4nderungen bis zur Fehlerbehebung. Unser NOC und unsere Kundenbetreuer unterst\u00fctzen Sie mit proaktiver \u00dcberwachung, reaktionsschneller Ticketbearbeitung und klarer Kommunikation. Sie profitieren von einem stabilen Partner, der sich mit VoIP, gesetzlicher \u00dcberwachung und regulatorischen Anforderungen auskennt und daf\u00fcr sorgt, dass Ihr Datenverkehr reibungslos l\u00e4uft.<\/p><\/div><\/div><\/div>\n<\/div>\n<\/div><\/div>","protected":false},"excerpt":{"rendered":"","protected":false},"author":2,"featured_media":0,"parent":1315,"menu_order":0,"comment_status":"closed","ping_status":"closed","template":"","meta":{"_uag_custom_page_level_css":"","site-sidebar-layout":"default","site-content-layout":"","ast-site-content-layout":"default","site-content-style":"default","site-sidebar-style":"default","ast-global-header-display":"","ast-banner-title-visibility":"","ast-main-header-display":"","ast-hfb-above-header-display":"","ast-hfb-below-header-display":"","ast-hfb-mobile-header-display":"","site-post-title":"disabled","ast-breadcrumbs-content":"","ast-featured-img":"","footer-sml-layout":"","ast-disable-related-posts":"","theme-transparent-header-meta":"","adv-header-id-meta":"","stick-header-meta":"","header-above-stick-meta":"","header-main-stick-meta":"","header-below-stick-meta":"","astra-migrate-meta-layouts":"default","ast-page-background-enabled":"default","ast-page-background-meta":{"desktop":{"background-color":"var(--ast-global-color-5)","background-image":"","background-repeat":"repeat","background-position":"center center","background-size":"auto","background-attachment":"scroll","background-type":"","background-media":"","overlay-type":"","overlay-color":"","overlay-opacity":"","overlay-gradient":""},"tablet":{"background-color":"","background-image":"","background-repeat":"repeat","background-position":"center center","background-size":"auto","background-attachment":"scroll","background-type":"","background-media":"","overlay-type":"","overlay-color":"","overlay-opacity":"","overlay-gradient":""},"mobile":{"background-color":"","background-image":"","background-repeat":"repeat","background-position":"center center","background-size":"auto","background-attachment":"scroll","background-type":"","background-media":"","overlay-type":"","overlay-color":"","overlay-opacity":"","overlay-gradient":""}},"ast-content-background-meta":{"desktop":{"background-color":"var(--ast-global-color-4)","background-image":"","background-repeat":"repeat","background-position":"center center","background-size":"auto","background-attachment":"scroll","background-type":"","background-media":"","overlay-type":"","overlay-color":"","overlay-opacity":"","overlay-gradient":""},"tablet":{"background-color":"var(--ast-global-color-4)","background-image":"","background-repeat":"repeat","background-position":"center center","background-size":"auto","background-attachment":"scroll","background-type":"","background-media":"","overlay-type":"","overlay-color":"","overlay-opacity":"","overlay-gradient":""},"mobile":{"background-color":"var(--ast-global-color-4)","background-image":"","background-repeat":"repeat","background-position":"center center","background-size":"auto","background-attachment":"scroll","background-type":"","background-media":"","overlay-type":"","overlay-color":"","overlay-opacity":"","overlay-gradient":""}},"footnotes":""},"class_list":["post-1367","page","type-page","status-publish","hentry"],"uagb_featured_image_src":{"full":false,"thumbnail":false,"medium":false,"medium_large":false,"large":false,"1536x1536":false,"2048x2048":false,"trp-custom-language-flag":false},"uagb_author_info":{"display_name":"chatgpt","author_link":"https:\/\/ic-services.io\/de\/author\/chatgpt\/"},"uagb_comment_info":0,"uagb_excerpt":null,"_links":{"self":[{"href":"https:\/\/ic-services.io\/de\/wp-json\/wp\/v2\/pages\/1367","targetHints":{"allow":["GET"]}}],"collection":[{"href":"https:\/\/ic-services.io\/de\/wp-json\/wp\/v2\/pages"}],"about":[{"href":"https:\/\/ic-services.io\/de\/wp-json\/wp\/v2\/types\/page"}],"author":[{"embeddable":true,"href":"https:\/\/ic-services.io\/de\/wp-json\/wp\/v2\/users\/2"}],"replies":[{"embeddable":true,"href":"https:\/\/ic-services.io\/de\/wp-json\/wp\/v2\/comments?post=1367"}],"version-history":[{"count":9,"href":"https:\/\/ic-services.io\/de\/wp-json\/wp\/v2\/pages\/1367\/revisions"}],"predecessor-version":[{"id":1952,"href":"https:\/\/ic-services.io\/de\/wp-json\/wp\/v2\/pages\/1367\/revisions\/1952"}],"up":[{"embeddable":true,"href":"https:\/\/ic-services.io\/de\/wp-json\/wp\/v2\/pages\/1315"}],"wp:attachment":[{"href":"https:\/\/ic-services.io\/de\/wp-json\/wp\/v2\/media?parent=1367"}],"curies":[{"name":"wp","href":"https:\/\/api.w.org\/{rel}","templated":true}]}}