{"id":1415,"date":"2026-01-27T17:28:35","date_gmt":"2026-01-27T16:28:35","guid":{"rendered":"https:\/\/dev.ic-services.io\/?page_id=1415"},"modified":"2026-03-15T20:30:36","modified_gmt":"2026-03-15T19:30:36","slug":"unternehmen","status":"publish","type":"page","link":"https:\/\/ic-services.io\/de\/about\/company\/","title":{"rendered":"Unternehmen"},"content":{"rendered":"<div class=\"wp-block-uagb-container uagb-block-nrys1hkh alignfull uagb-is-root-container\"><div class=\"uagb-container-inner-blocks-wrap\">\n<div class=\"wp-block-uagb-info-box uagb-block-dv0tgbug uagb-infobox__content-wrap  uagb-infobox-icon-above-title uagb-infobox-image-valign-top\"><div class=\"uagb-ifb-content\"><div class=\"uagb-ifb-title-wrap\"><p class=\"uagb-ifb-title-prefix\">WER WIR SIND<\/p><h1 class=\"uagb-ifb-title\">Spezialisiertes Fachwissen \u00fcber Telekommunikations\u00fcberwachung und Compliance<\/h1><\/div><p class=\"uagb-ifb-desc\">Die ICS International Carrier Services GmbH bietet Kommunikationsdienstleistern, Automobilherstellern, Mobilit\u00e4tsplattformen und Regulierungsbeh\u00f6rden weltweit gesch\u00e4ftsrelevante L\u00f6sungen, Dienstleistungen und Fachwissen im Bereich Lawful Interception.<\/p><\/div><\/div>\n\n\n\n<div class=\"wp-block-uagb-buttons uagb-buttons__outer-wrap uagb-btn__default-btn uagb-btn-tablet__default-btn uagb-btn-mobile__default-btn uagb-block-2lcqx8cf\"><div class=\"uagb-buttons__wrap uagb-buttons-layout-wrap\">\n<div class=\"wp-block-uagb-buttons-child uagb-buttons__outer-wrap uagb-block-npcjsna0 wp-block-button\"><div class=\"uagb-button__wrapper\"><a class=\"uagb-buttons-repeater wp-block-button__link\" aria-label=\"\" href=\"\/de\/kontakt\/\" rel=\"follow noopener\" target=\"_self\" role=\"button\"><div class=\"uagb-button__link\">Kontakt aufnehmen<\/div><\/a><\/div><\/div>\n<\/div><\/div>\n<\/div><\/div>\n\n\n\n<div class=\"wp-block-uagb-container uagb-block-my9zjyi8 alignfull uagb-is-root-container\"><div class=\"uagb-container-inner-blocks-wrap\">\n<div class=\"wp-block-uagb-info-box uagb-block-vgpfxo5d uagb-infobox__content-wrap  uagb-infobox-icon-above-title uagb-infobox-image-valign-top\"><div class=\"uagb-ifb-content\"><div class=\"uagb-ifb-title-wrap\"><h2 class=\"uagb-ifb-title\">Was ICS anders macht<\/h2><\/div><p class=\"uagb-ifb-desc\">Unsere Spezialisierung auf Telekommunikations\u00fcberwachung und Compliance hebt uns von allgemeinen Telekommunikationsanbietern und IT-Integratoren ab.<\/p><\/div><\/div>\n\n\n\n<div class=\"wp-block-uagb-container uagb-layout-grid uagb-block-veutk6aa\">\n<div class=\"wp-block-uagb-container uagb-block-3pga48fh\">\n<div class=\"wp-block-uagb-info-box uagb-block-jxyticqc uagb-infobox__content-wrap  uagb-infobox-icon-above-title uagb-infobox-image-valign-top\"><div class=\"uagb-ifb-content\"><div class=\"uagb-ifb-title-wrap\"><h3 class=\"uagb-ifb-title\">Tiefes technisches Fachwissen<\/h3><\/div><p class=\"uagb-ifb-desc\">Wir kombinieren praktische Implementierungserfahrung mit fundierten Kenntnissen der ETSI-, 3GPP- und nationalen LI-Normen. Unser Team besteht aus ehemaligen Regulierungsberatern, Telekommunikationsingenieuren und LI-Systemarchitekten, die sowohl die Protokolle als auch die praktischen Gegebenheiten der Konformit\u00e4t verstehen.<\/p><\/div><\/div>\n\n\n\n<div class=\"wp-block-uagb-buttons uagb-buttons__outer-wrap uagb-btn__default-btn uagb-btn-tablet__default-btn uagb-btn-mobile__default-btn uagb-block-nz8g8zqz\"><div class=\"uagb-buttons__wrap uagb-buttons-layout-wrap\">\n<div class=\"wp-block-uagb-buttons-child uagb-buttons__outer-wrap uagb-block-513d62a4 wp-block-button\"><div class=\"uagb-button__wrapper\"><a class=\"uagb-buttons-repeater wp-block-button__link\" aria-label=\"\" href=\"#\" rel=\"follow noopener\" target=\"_self\" role=\"button\"><div class=\"uagb-button__link\">Hier klicken<\/div><\/a><\/div><\/div>\n<\/div><\/div>\n<\/div>\n\n\n\n<div class=\"wp-block-uagb-container uagb-block-lms63ccs\">\n<div class=\"wp-block-uagb-info-box uagb-block-fo0h2ih0 uagb-infobox__content-wrap  uagb-infobox-icon-above-title uagb-infobox-image-valign-top\"><div class=\"uagb-ifb-content\"><div class=\"uagb-ifb-title-wrap\"><h3 class=\"uagb-ifb-title\">End-to-End-Portfolio<\/h3><\/div><p class=\"uagb-ifb-desc\">Von Software-Plattformen und Hardware-Ger\u00e4ten bis hin zum vollst\u00e4ndig verwalteten Betrieb und der Beratung zu rechtlichen Fragen bieten wir Komplettl\u00f6sungen und keine Einzelprodukte. Dies erm\u00f6glicht konsistente, integrierte Implementierungen f\u00fcr alle Ihre LI-Anforderungen.<\/p><\/div><\/div>\n\n\n\n<div class=\"wp-block-uagb-buttons uagb-buttons__outer-wrap uagb-btn__default-btn uagb-btn-tablet__default-btn uagb-btn-mobile__default-btn uagb-block-sfsuppw7\"><div class=\"uagb-buttons__wrap uagb-buttons-layout-wrap\">\n<div class=\"wp-block-uagb-buttons-child uagb-buttons__outer-wrap uagb-block-836b398b wp-block-button\"><div class=\"uagb-button__wrapper\"><a class=\"uagb-buttons-repeater wp-block-button__link\" aria-label=\"\" href=\"#\" rel=\"follow noopener\" target=\"_self\" role=\"button\"><div class=\"uagb-button__link\">Hier klicken<\/div><\/a><\/div><\/div>\n<\/div><\/div>\n<\/div>\n\n\n\n<div class=\"wp-block-uagb-container uagb-block-2qqc5qxa\">\n<div class=\"wp-block-uagb-info-box uagb-block-ofnntrv4 uagb-infobox__content-wrap  uagb-infobox-icon-above-title uagb-infobox-image-valign-top\"><div class=\"uagb-ifb-content\"><div class=\"uagb-ifb-title-wrap\"><h3 class=\"uagb-ifb-title\">Normenkonforme L\u00f6sungen<\/h3><\/div><p class=\"uagb-ifb-desc\">Alle unsere L\u00f6sungen entsprechen den ETSI TS 102 232, ETSI TS 103 707, den 3GPP LI-Spezifikationen und den einschl\u00e4gigen nationalen Rahmenwerken. Die Angleichung der Standards gew\u00e4hrleistet Interoperabilit\u00e4t, Beweisbarkeit, Zukunftssicherheit und regulatorische Akzeptanz.<\/p><\/div><\/div>\n<\/div>\n\n\n\n<div class=\"wp-block-uagb-container uagb-block-znjuwf7y\">\n<div class=\"wp-block-uagb-info-box uagb-block-zergsp5q uagb-infobox__content-wrap  uagb-infobox-icon-above-title uagb-infobox-image-valign-top\"><div class=\"uagb-ifb-content\"><div class=\"uagb-ifb-title-wrap\"><h3 class=\"uagb-ifb-title\">Branchen\u00fcbergreifende Erfahrung<\/h3><\/div><p class=\"uagb-ifb-desc\">Wir arbeiten mit Festnetz- und Mobilfunkbetreibern, MVNOs, ISPs, VoIP-Anbietern, OTT-Plattformen, Automobilherstellern und Regulierungsbeh\u00f6rden zusammen. Diese branchen\u00fcbergreifende Perspektive hilft uns bei der Anwendung bew\u00e4hrter Verfahren und der Vorwegnahme von Anforderungen, wenn sich LI weiterentwickelt.<\/p><\/div><\/div>\n<\/div>\n\n\n\n<div class=\"wp-block-uagb-container uagb-block-lamnqfd2\">\n<div class=\"wp-block-uagb-info-box uagb-block-ffq7bash uagb-infobox__content-wrap  uagb-infobox-icon-above-title uagb-infobox-image-valign-top\"><div class=\"uagb-ifb-content\"><div class=\"uagb-ifb-title-wrap\"><h3 class=\"uagb-ifb-title\">Flexible Engagement-Modelle<\/h3><\/div><p class=\"uagb-ifb-desc\">Ganz gleich, ob Sie einen kompletten, schl\u00fcsselfertigen Managed Service, individuelle Integrationsunterst\u00fctzung, eigenst\u00e4ndige Softwarelizenzen oder strategische Beratung ben\u00f6tigen, wir passen uns an Ihre spezifischen Anforderungen, Ihren Zeitplan und Ihr Betriebsmodell an.<\/p><\/div><\/div>\n<\/div>\n\n\n\n<div class=\"wp-block-uagb-container uagb-block-xddzi5ty\">\n<div class=\"wp-block-uagb-info-box uagb-block-wxa3yawp uagb-infobox__content-wrap  uagb-infobox-icon-above-title uagb-infobox-image-valign-top\"><div class=\"uagb-ifb-content\"><div class=\"uagb-ifb-title-wrap\"><h3 class=\"uagb-ifb-title\">Langfristige Partnerschaft<\/h3><\/div><p class=\"uagb-ifb-desc\">Die Einhaltung von LI ist kein einmaliges Projekt. Wir bieten fortlaufende Unterst\u00fctzung, \u00dcberwachung von Vorschriften, Aktualisierung von Standards und betriebliche Unterst\u00fctzung, um sicherzustellen, dass Ihre Systeme konform und pr\u00fcfungsbereit bleiben, wenn sich die Anforderungen weiterentwickeln.<\/p><\/div><\/div>\n\n\n\n<div class=\"wp-block-uagb-buttons uagb-buttons__outer-wrap uagb-btn__default-btn uagb-btn-tablet__default-btn uagb-btn-mobile__default-btn uagb-block-7zw1kqm0\"><div class=\"uagb-buttons__wrap uagb-buttons-layout-wrap\">\n<div class=\"wp-block-uagb-buttons-child uagb-buttons__outer-wrap uagb-block-601204a9 wp-block-button\"><div class=\"uagb-button__wrapper\"><a class=\"uagb-buttons-repeater wp-block-button__link\" aria-label=\"\" href=\"#\" rel=\"follow noopener\" target=\"_self\" role=\"button\"><div class=\"uagb-button__link\">Hier klicken<\/div><\/a><\/div><\/div>\n<\/div><\/div>\n<\/div>\n<\/div>\n<\/div><\/div>\n\n\n\n<div class=\"wp-block-uagb-container uagb-block-iauj3p2k alignfull uagb-is-root-container\"><div class=\"uagb-container-inner-blocks-wrap\">\n<div class=\"wp-block-uagb-info-box uagb-block-ovlznsqv uagb-infobox__content-wrap  uagb-infobox-icon-above-title uagb-infobox-image-valign-top\"><div class=\"uagb-ifb-content\"><div class=\"uagb-ifb-title-wrap\"><p class=\"uagb-ifb-title-prefix\">UNSERE MISSION<\/p><h2 class=\"uagb-ifb-title\">Unterst\u00fctzung von Organisationen bei der sicheren Erf\u00fcllung der gesetzlichen Abh\u00f6rverpflichtungen<\/h2><\/div><\/div><\/div>\n\n\n\n<div class=\"wp-block-uagb-container uagb-block-eepd5nyu\">\n<div class=\"wp-block-uagb-info-box uagb-block-tohb7nm1 uagb-infobox__content-wrap  uagb-infobox-icon-above-title uagb-infobox-image-valign-top\"><div class=\"uagb-ifb-content\"><div class=\"uagb-ifb-title-wrap\"><p class=\"uagb-ifb-title\">ICS International Carrier Services GmbH wurde gegr\u00fcndet, um eine kritische L\u00fccke im Telekommunikationsmarkt zu schlie\u00dfen: den Bedarf an spezialisierten, zuverl\u00e4ssigen Lawful-Interception-L\u00f6sungen, die die Einhaltung gesetzlicher Vorschriften mit betrieblicher Effizienz und Schutz der Privatsph\u00e4re in Einklang bringen. Von K\u00f6ln aus bedienen wir Kunden in ganz Europa und international.<br><br>Unser Team vereint Fachwissen aus verschiedenen Disziplinen - Telekommunikationstechnik, Einhaltung von Vorschriften, Softwareentwicklung, Systemintegration und Koordination der Strafverfolgung. Dieses funktions\u00fcbergreifende Wissen erm\u00f6glicht es uns, die technische Umsetzung mit den rechtlichen Anforderungen und den betrieblichen Realit\u00e4ten zu verbinden.<\/p><\/div><p class=\"uagb-ifb-desc\">Wir arbeiten neutral mit allen Beteiligten im \u00d6kosystem der legalen \u00dcberwachung zusammen: mit Betreibern, die Funktionen implementieren, mit Regulierungsbeh\u00f6rden, die Anforderungen festlegen, und mit Strafverfolgungsbeh\u00f6rden, die Daten erhalten. Unser Ziel ist es, sicherzustellen, dass LI-Systeme brauchbare, zeitnahe und gesetzeskonforme Ergebnisse liefern und gleichzeitig die Datenschutzrechte respektieren und die operative Belastung der CSPs minimieren.<\/p><\/div><\/div>\n\n\n\n<div class=\"wp-block-uagb-container uagb-block-6sbec71a\">\n<div class=\"wp-block-uagb-info-box uagb-block-vipet5qk uagb-infobox__content-wrap  uagb-infobox-icon-above-title uagb-infobox-image-valign-top wp-block-uagb-info-box--has-margin\"><div class=\"uagb-infobox-margin-wrapper\"><div class=\"uagb-ifb-content\"><div class=\"uagb-ifb-title-wrap\"><h4 class=\"uagb-ifb-title\">Innovationsgetriebene L\u00f6sungen<\/h4><\/div><p class=\"uagb-ifb-desc\">Wir investieren kontinuierlich in die Produktentwicklung, die Anpassung von Standards und die Weiterentwicklung von Technologien, um sicherzustellen, dass unsere L\u00f6sungen aufkommende Dienste wie 5G, OTT-Messaging und vernetzte Fahrzeuge unterst\u00fctzen. Unsere modulare Architektur erm\u00f6glicht schrittweise Upgrades ohne umfassenden Austausch.<\/p><\/div><\/div><\/div>\n\n\n\n<div class=\"wp-block-uagb-info-box uagb-block-tu0b5gbx uagb-infobox__content-wrap  uagb-infobox-icon-above-title uagb-infobox-image-valign-top wp-block-uagb-info-box--has-margin\"><div class=\"uagb-infobox-margin-wrapper\"><div class=\"uagb-ifb-content\"><div class=\"uagb-ifb-title-wrap\"><h4 class=\"uagb-ifb-title\">Personalisierter Ansatz<\/h4><\/div><p class=\"uagb-ifb-desc\">Jeder Kunde hat seine eigene Netzarchitektur, sein eigenes Dienstleistungsportfolio, seinen eigenen regulatorischen Kontext und seine eigenen betrieblichen Zw\u00e4nge. Wir passen unsere L\u00f6sungen und Engagement-Modelle an Ihre spezifische Situation an, anstatt einen Einheitsansatz zu erzwingen.<\/p><\/div><\/div><\/div>\n\n\n\n<div class=\"wp-block-uagb-info-box uagb-block-bmlcvyeq uagb-infobox__content-wrap  uagb-infobox-icon-above-title uagb-infobox-image-valign-top wp-block-uagb-info-box--has-margin\"><div class=\"uagb-infobox-margin-wrapper\"><div class=\"uagb-ifb-content\"><div class=\"uagb-ifb-title-wrap\"><h4 class=\"uagb-ifb-title\">Hervorragender Kundenservice<\/h4><\/div><p class=\"uagb-ifb-desc\">Von der anf\u00e4nglichen Bewertung bis zum langfristigen Betrieb bieten wir reaktionsschnelle Unterst\u00fctzung bei technischen Problemen, Fragen zu Vorschriften und Herausforderungen bei der Einhaltung von Vorschriften. Unser Team agiert als Ihr Partner bei der Aufrechterhaltung einer effektiven, revisionssicheren und gesetzeskonformen \u00dcberwachungsinfrastruktur.<\/p><\/div><\/div><\/div>\n<\/div>\n<\/div>\n<\/div><\/div>","protected":false},"excerpt":{"rendered":"","protected":false},"author":2,"featured_media":0,"parent":12,"menu_order":0,"comment_status":"closed","ping_status":"closed","template":"","meta":{"_uag_custom_page_level_css":"","site-sidebar-layout":"default","site-content-layout":"","ast-site-content-layout":"default","site-content-style":"default","site-sidebar-style":"default","ast-global-header-display":"","ast-banner-title-visibility":"","ast-main-header-display":"","ast-hfb-above-header-display":"","ast-hfb-below-header-display":"","ast-hfb-mobile-header-display":"","site-post-title":"disabled","ast-breadcrumbs-content":"","ast-featured-img":"","footer-sml-layout":"","ast-disable-related-posts":"","theme-transparent-header-meta":"","adv-header-id-meta":"","stick-header-meta":"","header-above-stick-meta":"","header-main-stick-meta":"","header-below-stick-meta":"","astra-migrate-meta-layouts":"default","ast-page-background-enabled":"default","ast-page-background-meta":{"desktop":{"background-color":"var(--ast-global-color-5)","background-image":"","background-repeat":"repeat","background-position":"center center","background-size":"auto","background-attachment":"scroll","background-type":"","background-media":"","overlay-type":"","overlay-color":"","overlay-opacity":"","overlay-gradient":""},"tablet":{"background-color":"","background-image":"","background-repeat":"repeat","background-position":"center center","background-size":"auto","background-attachment":"scroll","background-type":"","background-media":"","overlay-type":"","overlay-color":"","overlay-opacity":"","overlay-gradient":""},"mobile":{"background-color":"","background-image":"","background-repeat":"repeat","background-position":"center center","background-size":"auto","background-attachment":"scroll","background-type":"","background-media":"","overlay-type":"","overlay-color":"","overlay-opacity":"","overlay-gradient":""}},"ast-content-background-meta":{"desktop":{"background-color":"var(--ast-global-color-4)","background-image":"","background-repeat":"repeat","background-position":"center center","background-size":"auto","background-attachment":"scroll","background-type":"","background-media":"","overlay-type":"","overlay-color":"","overlay-opacity":"","overlay-gradient":""},"tablet":{"background-color":"var(--ast-global-color-4)","background-image":"","background-repeat":"repeat","background-position":"center center","background-size":"auto","background-attachment":"scroll","background-type":"","background-media":"","overlay-type":"","overlay-color":"","overlay-opacity":"","overlay-gradient":""},"mobile":{"background-color":"var(--ast-global-color-4)","background-image":"","background-repeat":"repeat","background-position":"center center","background-size":"auto","background-attachment":"scroll","background-type":"","background-media":"","overlay-type":"","overlay-color":"","overlay-opacity":"","overlay-gradient":""}},"footnotes":""},"class_list":["post-1415","page","type-page","status-publish","hentry"],"uagb_featured_image_src":{"full":false,"thumbnail":false,"medium":false,"medium_large":false,"large":false,"1536x1536":false,"2048x2048":false,"trp-custom-language-flag":false},"uagb_author_info":{"display_name":"chatgpt","author_link":"https:\/\/ic-services.io\/de\/author\/chatgpt\/"},"uagb_comment_info":0,"uagb_excerpt":null,"_links":{"self":[{"href":"https:\/\/ic-services.io\/de\/wp-json\/wp\/v2\/pages\/1415","targetHints":{"allow":["GET"]}}],"collection":[{"href":"https:\/\/ic-services.io\/de\/wp-json\/wp\/v2\/pages"}],"about":[{"href":"https:\/\/ic-services.io\/de\/wp-json\/wp\/v2\/types\/page"}],"author":[{"embeddable":true,"href":"https:\/\/ic-services.io\/de\/wp-json\/wp\/v2\/users\/2"}],"replies":[{"embeddable":true,"href":"https:\/\/ic-services.io\/de\/wp-json\/wp\/v2\/comments?post=1415"}],"version-history":[{"count":8,"href":"https:\/\/ic-services.io\/de\/wp-json\/wp\/v2\/pages\/1415\/revisions"}],"predecessor-version":[{"id":1959,"href":"https:\/\/ic-services.io\/de\/wp-json\/wp\/v2\/pages\/1415\/revisions\/1959"}],"up":[{"embeddable":true,"href":"https:\/\/ic-services.io\/de\/wp-json\/wp\/v2\/pages\/12"}],"wp:attachment":[{"href":"https:\/\/ic-services.io\/de\/wp-json\/wp\/v2\/media?parent=1415"}],"curies":[{"name":"wp","href":"https:\/\/api.w.org\/{rel}","templated":true}]}}