{"id":1418,"date":"2026-01-27T17:29:14","date_gmt":"2026-01-27T16:29:14","guid":{"rendered":"https:\/\/dev.ic-services.io\/?page_id=1418"},"modified":"2026-02-25T15:51:53","modified_gmt":"2026-02-25T14:51:53","slug":"einhaltung-der-vorschriften-und-prufung","status":"publish","type":"page","link":"https:\/\/ic-services.io\/de\/about\/compliance-and-audit\/","title":{"rendered":"Compliance und Audit"},"content":{"rendered":"<div class=\"wp-block-uagb-container uagb-block-yhjvtctu alignfull uagb-is-root-container\"><div class=\"uagb-container-inner-blocks-wrap\">\n<div class=\"wp-block-uagb-container uagb-block-irdcwvs4\">\n<div class=\"wp-block-uagb-info-box uagb-block-vt6ociqf uagb-infobox__content-wrap  uagb-infobox-icon-above-title uagb-infobox-image-valign-top\"><div class=\"uagb-ifb-content\"><div class=\"uagb-ifb-title-wrap\"><h1 class=\"uagb-ifb-title\">Zertifizierte, gepr\u00fcfte und standardkonforme TK\u00dc<\/h1><\/div><p class=\"uagb-ifb-desc\">ICS-L\u00f6sungen basieren auf ETSI- und 3GPP-Spezifikationen und wurden bereits erfolgreich von Regulierungsbeh\u00f6rden gepr\u00fcft. Wir helfen Ihnen bei der Implementierung von Systemen zur Telekommunikations\u00fcberwachung, die beh\u00f6rdliche Inspektionen bestehen und beweiskr\u00e4ftige Daten liefern.<\/p><\/div><\/div>\n\n\n\n<div class=\"wp-block-uagb-buttons uagb-buttons__outer-wrap uagb-btn__default-btn uagb-btn-tablet__default-btn uagb-btn-mobile__default-btn uagb-block-zjjrrejj\"><div class=\"uagb-buttons__wrap uagb-buttons-layout-wrap\">\n<div class=\"wp-block-uagb-buttons-child uagb-buttons__outer-wrap uagb-block-wr8nyvol wp-block-button\"><div class=\"uagb-button__wrapper\"><a class=\"uagb-buttons-repeater wp-block-button__link\" aria-label=\"\" href=\"\/de\/kontakt\/\" rel=\"follow noopener\" target=\"_self\" role=\"button\"><div class=\"uagb-button__link\">Kontakt aufnehmen<\/div><\/a><\/div><\/div>\n<\/div><\/div>\n<\/div>\n\n\n\n<div class=\"wp-block-uagb-container uagb-block-opzedjnt\">\n<div class=\"wp-block-uagb-image alignleft uagb-block-qqdczneq wp-block-uagb-image--layout-default wp-block-uagb-image--effect-static wp-block-uagb-image--align-left\"><figure class=\"wp-block-uagb-image__figure\"><img decoding=\"async\" srcset=\"https:\/\/ic-services.io\/wp-content\/uploads\/2026\/02\/g7587007e3209a747aa1ca4b1f1f0b16d717a88440ba863313de1ec6d54d927d7086105baf8b7692ba6709c8deed5d946_1280-265130-1024x682.jpg ,https:\/\/ic-services.io\/wp-content\/uploads\/2026\/02\/g7587007e3209a747aa1ca4b1f1f0b16d717a88440ba863313de1ec6d54d927d7086105baf8b7692ba6709c8deed5d946_1280-265130.jpg 780w, https:\/\/ic-services.io\/wp-content\/uploads\/2026\/02\/g7587007e3209a747aa1ca4b1f1f0b16d717a88440ba863313de1ec6d54d927d7086105baf8b7692ba6709c8deed5d946_1280-265130.jpg 360w\" sizes=\"auto, (max-width: 480px) 150px\" src=\"https:\/\/ic-services.io\/wp-content\/uploads\/2026\/02\/g7587007e3209a747aa1ca4b1f1f0b16d717a88440ba863313de1ec6d54d927d7086105baf8b7692ba6709c8deed5d946_1280-265130-1024x682.jpg\" alt=\"sicherheit, schutz, antivirus, software, cms, wordpress, content management system, redaktion, inhalte, backup, hack, web, internet, blog, upload, post, medien, kommentare, bildschirm, inhalt, erstellen, schreiben, ver\u00f6ffentlichen, publikation, sicherheit, sicherheit\" class=\"uag-image-1603\" width=\"270\" height=\"360\" title=\"g7587007e3209a747aa1ca4b1f1f0b16d717a88440ba863313de1ec6d54d927d7086105baf8b7692ba6709c8deed5d946 1280 265130\" loading=\"lazy\" role=\"img\"\/><\/figure><\/div>\n\n\n\n<div class=\"wp-block-uagb-image alignleft uagb-block-xjhw34iy wp-block-uagb-image--layout-default wp-block-uagb-image--effect-static wp-block-uagb-image--align-left\"><figure class=\"wp-block-uagb-image__figure\"><img decoding=\"async\" srcset=\"https:\/\/ic-services.io\/wp-content\/uploads\/2026\/02\/pexels-photo-6930548-6930548-1-1024x794.jpg ,https:\/\/ic-services.io\/wp-content\/uploads\/2026\/02\/pexels-photo-6930548-6930548-1-scaled.jpg 780w, https:\/\/ic-services.io\/wp-content\/uploads\/2026\/02\/pexels-photo-6930548-6930548-1-scaled.jpg 360w\" sizes=\"auto, (max-width: 480px) 150px\" src=\"https:\/\/ic-services.io\/wp-content\/uploads\/2026\/02\/pexels-photo-6930548-6930548-1-1024x794.jpg\" alt=\"Drei Kollegen, die in einem modernen B\u00fcro um einen Laptop herum zusammenarbeiten.\" class=\"uag-image-1740\" width=\"270\" height=\"360\" title=\"pexels foto 6930548 6930548 1\" loading=\"lazy\" role=\"img\"\/><\/figure><\/div>\n<\/div>\n<\/div><\/div>\n\n\n\n<div class=\"wp-block-uagb-container uagb-block-l1emufvy alignfull uagb-is-root-container\"><div class=\"uagb-container-inner-blocks-wrap\">\n<div class=\"wp-block-uagb-container uagb-block-qitgqsts\">\n<div class=\"wp-block-uagb-info-box uagb-block-vplhpkls uagb-infobox__content-wrap  uagb-infobox-icon-above-title uagb-infobox-image-valign-top\"><div class=\"uagb-ifb-content\"><div class=\"uagb-ifb-title-wrap\"><h2 class=\"uagb-ifb-title\">Unser Engagement f\u00fcr Standards und die Einhaltung gesetzlicher Vorschriften<\/h2><\/div><\/div><\/div>\n\n\n\n<div class=\"wp-block-uagb-info-box uagb-block-b4coqf6u uagb-infobox__content-wrap  uagb-infobox-icon-above-title uagb-infobox-image-valign-top\"><div class=\"uagb-ifb-content\"><div class=\"uagb-ifb-title-wrap\"><\/div><p class=\"uagb-ifb-desc\">Jede ICS-L\u00f6sung ist so konzipiert, dass sie die strengen technischen und rechtlichen Anforderungen erf\u00fcllt, so dass Ihre gesetzeskonforme TK\u00dc-Infrastruktur vom ersten Tag an auditf\u00e4hig ist.<\/p><\/div><\/div>\n<\/div>\n\n\n\n<div class=\"wp-block-uagb-container uagb-block-gb16mfys\">\n<div class=\"wp-block-uagb-container uagb-block-ehdtdckl\">\n<div class=\"wp-block-uagb-info-box uagb-block-xtdbpq4n uagb-infobox__content-wrap  uagb-infobox-icon-above-title uagb-infobox-image-valign-top\"><div class=\"uagb-ifb-content\"><div class=\"uagb-ifb-icon-wrap\"><div class=\"uagb-iconbox-icon-wrap uagb-infobox-shape-circle\"><svg xmlns=\"https:\/\/www.w3.org\/2000\/svg\" viewbox=\"0 0 448 512\"><path d=\"M438.6 105.4C451.1 117.9 451.1 138.1 438.6 150.6L182.6 406.6C170.1 419.1 149.9 419.1 137.4 406.6L9.372 278.6C-3.124 266.1-3.124 245.9 9.372 233.4C21.87 220.9 42.13 220.9 54.63 233.4L159.1 338.7L393.4 105.4C405.9 92.88 426.1 92.88 438.6 105.4H438.6z\"><\/path><\/svg><\/div><\/div><div class=\"uagb-ifb-title-wrap\"><h3 class=\"uagb-ifb-title\">Einhaltung der ETSI- und 3GPP-Normen<\/h3><\/div><p class=\"uagb-ifb-desc\">Unsere Softwareplattformen und Ger\u00e4te implementieren die aktuellen ETSI-Spezifikationen, darunter TS 102 232 (IP-basierter LI-Handover), TS 103 707 (OTT-Dienste), TS 102 657 (Vorratsdaten) und 3GPP TS 33.106\/33.107\/33.108 (mobile LI-Architektur). Wir verfolgen die Entwicklung der Standards und bieten regelm\u00e4\u00dfige Aktualisierungen, um die Anpassung an die neuesten Versionen und nationalen Parameterdefinitionen zu gew\u00e4hrleisten.<\/p><\/div><\/div>\n<\/div>\n\n\n\n<div class=\"wp-block-uagb-container uagb-block-tyrjxonj\">\n<div class=\"wp-block-uagb-info-box uagb-block-ohkhryqh uagb-infobox__content-wrap  uagb-infobox-icon-above-title uagb-infobox-image-valign-top\"><div class=\"uagb-ifb-content\"><div class=\"uagb-ifb-icon-wrap\"><div class=\"uagb-iconbox-icon-wrap uagb-infobox-shape-circle\"><svg xmlns=\"https:\/\/www.w3.org\/2000\/svg\" viewbox=\"0 0 448 512\"><path d=\"M438.6 105.4C451.1 117.9 451.1 138.1 438.6 150.6L182.6 406.6C170.1 419.1 149.9 419.1 137.4 406.6L9.372 278.6C-3.124 266.1-3.124 245.9 9.372 233.4C21.87 220.9 42.13 220.9 54.63 233.4L159.1 338.7L393.4 105.4C405.9 92.88 426.1 92.88 438.6 105.4H438.6z\"><\/path><\/svg><\/div><\/div><div class=\"uagb-ifb-title-wrap\"><h3 class=\"uagb-ifb-title\">Pr\u00fcfungen der Aufsichtsbeh\u00f6rden<\/h3><\/div><p class=\"uagb-ifb-desc\">ICS-L\u00f6sungen wurden von den Regulierungsbeh\u00f6rden f\u00fcr Telekommunikation, einschlie\u00dflich der Bundesnetzagentur (Deutschland), eingef\u00fchrt und erfolgreich gepr\u00fcft. Bei diesen Audits wurden die technische Konformit\u00e4t, die Korrektheit der Schnittstellen, die Genauigkeit der Datenformate und die Betriebsverfahren \u00fcberpr\u00fcft, was eine unabh\u00e4ngige Validierung unserer Implementierungen erm\u00f6glicht.<\/p><\/div><\/div>\n<\/div>\n\n\n\n<div class=\"wp-block-uagb-container uagb-block-arb2xqyc\">\n<div class=\"wp-block-uagb-info-box uagb-block-henvxmsu uagb-infobox__content-wrap  uagb-infobox-icon-above-title uagb-infobox-image-valign-top\"><div class=\"uagb-ifb-content\"><div class=\"uagb-ifb-icon-wrap\"><div class=\"uagb-iconbox-icon-wrap uagb-infobox-shape-circle\"><svg xmlns=\"https:\/\/www.w3.org\/2000\/svg\" viewbox=\"0 0 448 512\"><path d=\"M438.6 105.4C451.1 117.9 451.1 138.1 438.6 150.6L182.6 406.6C170.1 419.1 149.9 419.1 137.4 406.6L9.372 278.6C-3.124 266.1-3.124 245.9 9.372 233.4C21.87 220.9 42.13 220.9 54.63 233.4L159.1 338.7L393.4 105.4C405.9 92.88 426.1 92.88 438.6 105.4H438.6z\"><\/path><\/svg><\/div><\/div><div class=\"uagb-ifb-title-wrap\"><h3 class=\"uagb-ifb-title\">Unterst\u00fctzung bei Zertifizierung und Dokumentation<\/h3><\/div><p class=\"uagb-ifb-desc\">Wir stellen umfassende Unterlagen f\u00fcr die Einreichung von Zulassungsantr\u00e4gen bereit, darunter technische Spezifikationen, Schnittstellenbeschreibungen, Pr\u00fcfberichte und Betriebsverfahren. Unser Team unterst\u00fctzt Sie w\u00e4hrend des gesamten Zertifizierungsprozesses, vom Erstantrag \u00fcber die technische Demonstration und die beh\u00f6rdliche Pr\u00fcfung bis hin zur endg\u00fcltigen Genehmigung, um sicherzustellen, dass Ihr LI-System alle nationalen Anforderungen erf\u00fcllt.<\/p><\/div><\/div>\n<\/div>\n<\/div>\n<\/div><\/div>\n\n\n\n<div class=\"wp-block-uagb-container uagb-block-ot3oihrw alignfull uagb-is-root-container\"><div class=\"uagb-container-inner-blocks-wrap\">\n<div class=\"wp-block-uagb-info-box uagb-block-urrnbmok uagb-infobox__content-wrap  uagb-infobox-icon-above-title uagb-infobox-image-valign-top\"><div class=\"uagb-ifb-content\"><div class=\"uagb-ifb-title-wrap\"><h2 class=\"uagb-ifb-title\">Was wird gepr\u00fcft?<\/h2><\/div><p class=\"uagb-ifb-desc\">Bei den beh\u00f6rdlichen Pr\u00fcfungen werden mehrere Aspekte der rechtm\u00e4\u00dfigen Abh\u00f6rf\u00e4higkeit bewertet:<\/p><\/div><\/div>\n\n\n\n<div class=\"wp-block-uagb-container uagb-layout-grid uagb-block-kgrv9qdl\">\n<div class=\"wp-block-uagb-container uagb-block-vnov42ro\">\n<div class=\"wp-block-uagb-info-box uagb-block-nnp6qpwi uagb-infobox__content-wrap  uagb-infobox-icon-above-title uagb-infobox-image-valign-top\"><div class=\"uagb-ifb-content\"><div class=\"uagb-ifb-title-wrap\"><h3 class=\"uagb-ifb-title\"><strong>Technische Schnittstellen<\/strong><\/h3><\/div><p class=\"uagb-ifb-desc\">\u00dcberpr\u00fcfung der Konformit\u00e4t der X1\/X2\/X3-Netzschnittstellen und der HI1\/HI2\/HI3-Handover-Schnittstellen mit den geltenden ETSI- und 3GPP-Spezifikationen, einschlie\u00dflich Nachrichtenstruktur, Kodierung (ASN.1 BER\/DER), Protokollverhalten und Fehlerbehandlung.<\/p><\/div><\/div>\n<\/div>\n\n\n\n<div class=\"wp-block-uagb-container uagb-block-rui8vjmv\">\n<div class=\"wp-block-uagb-info-box uagb-block-6dzqdrva uagb-infobox__content-wrap  uagb-infobox-icon-above-title uagb-infobox-image-valign-top\"><div class=\"uagb-ifb-content\"><div class=\"uagb-ifb-title-wrap\"><h3 class=\"uagb-ifb-title\"><strong>Daten-Genauigkeit<\/strong><\/h3><\/div><p class=\"uagb-ifb-desc\">Validierung, dass die abh\u00f6rrelevanten Informationen und der Inhalt der Kommunikation vollst\u00e4ndige, genaue und korrekt formatierte Daten enthalten, die in Gerichtsverfahren als Beweismittel verwendet werden k\u00f6nnen, einschlie\u00dflich aller Pflichtfelder gem\u00e4\u00df den ETSI-Spezifikationen.<\/p><\/div><\/div>\n<\/div>\n\n\n\n<div class=\"wp-block-uagb-container uagb-block-uhbakdci\">\n<div class=\"wp-block-uagb-info-box uagb-block-z0hod6dx uagb-infobox__content-wrap  uagb-infobox-icon-above-title uagb-infobox-image-valign-top\"><div class=\"uagb-ifb-content\"><div class=\"uagb-ifb-title-wrap\"><h3 class=\"uagb-ifb-title\"><strong>Sicherheit und Zugangskontrolle<\/strong><\/h3><\/div><p class=\"uagb-ifb-desc\">\u00dcberpr\u00fcfung von Authentifizierungsmechanismen, Verschl\u00fcsselungsprotokollen (TLS 1.2\/1.3), Zertifikatsverwaltung, rollenbasierten Zugangskontrollen und Audit-Protokollierung, um sicherzustellen, dass nur befugtes Personal auf Abh\u00f6rfunktionen zugreifen kann und sensible Daten gesch\u00fctzt sind.<\/p><\/div><\/div>\n<\/div>\n\n\n\n<div class=\"wp-block-uagb-container uagb-block-rsankakm\">\n<div class=\"wp-block-uagb-info-box uagb-block-3tub9kk2 uagb-infobox__content-wrap  uagb-infobox-icon-above-title uagb-infobox-image-valign-top\"><div class=\"uagb-ifb-content\"><div class=\"uagb-ifb-title-wrap\"><h3 class=\"uagb-ifb-title\"><strong>Operative Verfahren<\/strong><\/h3><\/div><p class=\"uagb-ifb-desc\">Pr\u00fcfung der Arbeitsabl\u00e4ufe bei der Bearbeitung von Optionsscheinen, der Zielbereitstellungsprozesse, der Zustellungsbest\u00e4tigungsmechanismen und der Dokumentationsverfahren, um die Einhaltung der rechtlichen und regulatorischen Anforderungen zu \u00fcberpr\u00fcfen.<\/p><\/div><\/div>\n<\/div>\n\n\n\n<div class=\"wp-block-uagb-container uagb-block-6zogf6re\">\n<div class=\"wp-block-uagb-info-box uagb-block-i7pqsajo uagb-infobox__content-wrap  uagb-infobox-icon-above-title uagb-infobox-image-valign-top\"><div class=\"uagb-ifb-content\"><div class=\"uagb-ifb-title-wrap\"><h3 class=\"uagb-ifb-title\"><strong>Beweissicherung<\/strong><\/h3><\/div><p class=\"uagb-ifb-desc\">Bewertung der Datenaufbewahrungsrichtlinien, der Speichersicherheit, des Integrit\u00e4tsschutzes und der Vollst\u00e4ndigkeit der Pr\u00fcfpfade, um sicherzustellen, dass die abgefangenen Daten und die zugeh\u00f6rigen Aufzeichnungen f\u00fcr k\u00fcnftige Ermittlungen und Gerichtsverfahren geeignet sind.<\/p><\/div><\/div>\n<\/div>\n<\/div>\n<\/div><\/div>\n\n\n\n<p><\/p>\n\n\n\n<div class=\"wp-block-uagb-container uagb-block-ybrfjbpr alignfull uagb-is-root-container\"><div class=\"uagb-container-inner-blocks-wrap\">\n<div class=\"wp-block-uagb-container uagb-block-3mvkjc8x\">\n<div class=\"wp-block-uagb-info-box uagb-block-vlqpidhs uagb-infobox__content-wrap  uagb-infobox-icon-above-title uagb-infobox-image-valign-top\"><div class=\"uagb-ifb-content\"><div class=\"uagb-ifb-title-wrap\"><h3 class=\"uagb-ifb-title\">Warum die Einhaltung von Normen wichtig ist<\/h3><\/div><\/div><\/div>\n<\/div>\n\n\n\n<div class=\"wp-block-uagb-container uagb-layout-grid uagb-block-lnoabbmv\">\n<div class=\"wp-block-uagb-container uagb-block-7djszb4r\">\n<div class=\"wp-block-uagb-info-box uagb-block-juc0pxga uagb-infobox__content-wrap  uagb-infobox-icon-above-title uagb-infobox-image-valign-top\"><div class=\"uagb-ifb-content\"><div class=\"uagb-ifb-icon-wrap\"><div class=\"uagb-iconbox-icon-wrap uagb-infobox-shape-circle\"><svg xmlns=\"https:\/\/www.w3.org\/2000\/svg\" viewbox=\"0 0 448 512\"><path d=\"M438.6 105.4C451.1 117.9 451.1 138.1 438.6 150.6L182.6 406.6C170.1 419.1 149.9 419.1 137.4 406.6L9.372 278.6C-3.124 266.1-3.124 245.9 9.372 233.4C21.87 220.9 42.13 220.9 54.63 233.4L159.1 338.7L393.4 105.4C405.9 92.88 426.1 92.88 438.6 105.4H438.6z\"><\/path><\/svg><\/div><\/div><div class=\"uagb-ifb-title-wrap\"><h4 class=\"uagb-ifb-title\"><strong>Regulatorische Akzeptanz<\/strong><\/h4><\/div><p class=\"uagb-ifb-desc\">Die Beh\u00f6rden verlangen die nachweisliche Einhaltung der nationalen LI-Rahmenbedingungen, die in der Regel auf ETSI- und 3GPP-Normen verweisen. Normenkonforme L\u00f6sungen verringern die Genehmigungszeit und das Pr\u00fcfungsrisiko.<\/p><\/div><\/div>\n<\/div>\n\n\n\n<div class=\"wp-block-uagb-container uagb-block-3azxuabp\">\n<div class=\"wp-block-uagb-info-box uagb-block-t7db5wsh uagb-infobox__content-wrap  uagb-infobox-icon-above-title uagb-infobox-image-valign-top\"><div class=\"uagb-ifb-content\"><div class=\"uagb-ifb-icon-wrap\"><div class=\"uagb-iconbox-icon-wrap uagb-infobox-shape-circle\"><svg xmlns=\"https:\/\/www.w3.org\/2000\/svg\" viewbox=\"0 0 448 512\"><path d=\"M438.6 105.4C451.1 117.9 451.1 138.1 438.6 150.6L182.6 406.6C170.1 419.1 149.9 419.1 137.4 406.6L9.372 278.6C-3.124 266.1-3.124 245.9 9.372 233.4C21.87 220.9 42.13 220.9 54.63 233.4L159.1 338.7L393.4 105.4C405.9 92.88 426.1 92.88 438.6 105.4H438.6z\"><\/path><\/svg><\/div><\/div><div class=\"uagb-ifb-title-wrap\"><h4 class=\"uagb-ifb-title\"><strong>Zul\u00e4ssigkeit von Beweismitteln<\/strong><\/h4><\/div><p class=\"uagb-ifb-desc\">Die Gerichte verlangen den Nachweis, dass die abgefangenen Daten mit genehmigten Methoden und Formaten erfasst wurden. Die Einhaltung von ETSI\/3GPP unterst\u00fctzt die f\u00fcr Gerichtsverfahren erforderliche Integrit\u00e4t der \u00dcberwachungskette und der Beweise.<\/p><\/div><\/div>\n<\/div>\n\n\n\n<div class=\"wp-block-uagb-container uagb-block-x6pbvhxa\">\n<div class=\"wp-block-uagb-info-box uagb-block-idhmafgm uagb-infobox__content-wrap  uagb-infobox-icon-above-title uagb-infobox-image-valign-top\"><div class=\"uagb-ifb-content\"><div class=\"uagb-ifb-icon-wrap\"><div class=\"uagb-iconbox-icon-wrap uagb-infobox-shape-circle\"><svg xmlns=\"https:\/\/www.w3.org\/2000\/svg\" viewbox=\"0 0 448 512\"><path d=\"M438.6 105.4C451.1 117.9 451.1 138.1 438.6 150.6L182.6 406.6C170.1 419.1 149.9 419.1 137.4 406.6L9.372 278.6C-3.124 266.1-3.124 245.9 9.372 233.4C21.87 220.9 42.13 220.9 54.63 233.4L159.1 338.7L393.4 105.4C405.9 92.88 426.1 92.88 438.6 105.4H438.6z\"><\/path><\/svg><\/div><\/div><div class=\"uagb-ifb-title-wrap\"><h4 class=\"uagb-ifb-title\"><strong>Interoperabilit\u00e4t<\/strong><\/h4><\/div><p class=\"uagb-ifb-desc\">Auf Standards basierende Schnittstellen stellen sicher, dass Ihr LI-System mit Netzwerkausr\u00fcstungen verschiedener Anbieter zusammenarbeitet und an mehrere Strafverfolgungsbeh\u00f6rden mit unterschiedlichen \u00dcberwachungseinrichtungen geliefert werden kann.<\/p><\/div><\/div>\n<\/div>\n\n\n\n<div class=\"wp-block-uagb-container uagb-block-5k4ijom1\">\n<div class=\"wp-block-uagb-info-box uagb-block-zootkzaa uagb-infobox__content-wrap  uagb-infobox-icon-above-title uagb-infobox-image-valign-top\"><div class=\"uagb-ifb-content\"><div class=\"uagb-ifb-icon-wrap\"><div class=\"uagb-iconbox-icon-wrap uagb-infobox-shape-circle\"><svg xmlns=\"https:\/\/www.w3.org\/2000\/svg\" viewbox=\"0 0 448 512\"><path d=\"M438.6 105.4C451.1 117.9 451.1 138.1 438.6 150.6L182.6 406.6C170.1 419.1 149.9 419.1 137.4 406.6L9.372 278.6C-3.124 266.1-3.124 245.9 9.372 233.4C21.87 220.9 42.13 220.9 54.63 233.4L159.1 338.7L393.4 105.4C405.9 92.88 426.1 92.88 438.6 105.4H438.6z\"><\/path><\/svg><\/div><\/div><div class=\"uagb-ifb-title-wrap\"><h4 class=\"uagb-ifb-title\"><strong>Zukunftssicher<\/strong><\/h4><\/div><p class=\"uagb-ifb-desc\">Die Einhaltung etablierter Standards sch\u00fctzt Ihre Investitionen, da sie die Kompatibilit\u00e4t mit sich entwickelnden Netztechnologien, neuen Diensttypen und aktualisierten gesetzlichen Anforderungen gew\u00e4hrleistet.<\/p><\/div><\/div>\n<\/div>\n<\/div>\n<\/div><\/div>","protected":false},"excerpt":{"rendered":"","protected":false},"author":2,"featured_media":0,"parent":12,"menu_order":0,"comment_status":"closed","ping_status":"closed","template":"","meta":{"_uag_custom_page_level_css":"","site-sidebar-layout":"default","site-content-layout":"","ast-site-content-layout":"default","site-content-style":"default","site-sidebar-style":"default","ast-global-header-display":"","ast-banner-title-visibility":"","ast-main-header-display":"","ast-hfb-above-header-display":"","ast-hfb-below-header-display":"","ast-hfb-mobile-header-display":"","site-post-title":"disabled","ast-breadcrumbs-content":"","ast-featured-img":"","footer-sml-layout":"","ast-disable-related-posts":"","theme-transparent-header-meta":"","adv-header-id-meta":"","stick-header-meta":"","header-above-stick-meta":"","header-main-stick-meta":"","header-below-stick-meta":"","astra-migrate-meta-layouts":"default","ast-page-background-enabled":"default","ast-page-background-meta":{"desktop":{"background-color":"var(--ast-global-color-5)","background-image":"","background-repeat":"repeat","background-position":"center center","background-size":"auto","background-attachment":"scroll","background-type":"","background-media":"","overlay-type":"","overlay-color":"","overlay-opacity":"","overlay-gradient":""},"tablet":{"background-color":"","background-image":"","background-repeat":"repeat","background-position":"center center","background-size":"auto","background-attachment":"scroll","background-type":"","background-media":"","overlay-type":"","overlay-color":"","overlay-opacity":"","overlay-gradient":""},"mobile":{"background-color":"","background-image":"","background-repeat":"repeat","background-position":"center center","background-size":"auto","background-attachment":"scroll","background-type":"","background-media":"","overlay-type":"","overlay-color":"","overlay-opacity":"","overlay-gradient":""}},"ast-content-background-meta":{"desktop":{"background-color":"var(--ast-global-color-4)","background-image":"","background-repeat":"repeat","background-position":"center center","background-size":"auto","background-attachment":"scroll","background-type":"","background-media":"","overlay-type":"","overlay-color":"","overlay-opacity":"","overlay-gradient":""},"tablet":{"background-color":"var(--ast-global-color-4)","background-image":"","background-repeat":"repeat","background-position":"center center","background-size":"auto","background-attachment":"scroll","background-type":"","background-media":"","overlay-type":"","overlay-color":"","overlay-opacity":"","overlay-gradient":""},"mobile":{"background-color":"var(--ast-global-color-4)","background-image":"","background-repeat":"repeat","background-position":"center center","background-size":"auto","background-attachment":"scroll","background-type":"","background-media":"","overlay-type":"","overlay-color":"","overlay-opacity":"","overlay-gradient":""}},"footnotes":""},"class_list":["post-1418","page","type-page","status-publish","hentry"],"uagb_featured_image_src":{"full":false,"thumbnail":false,"medium":false,"medium_large":false,"large":false,"1536x1536":false,"2048x2048":false,"trp-custom-language-flag":false},"uagb_author_info":{"display_name":"chatgpt","author_link":"https:\/\/ic-services.io\/de\/author\/chatgpt\/"},"uagb_comment_info":0,"uagb_excerpt":null,"_links":{"self":[{"href":"https:\/\/ic-services.io\/de\/wp-json\/wp\/v2\/pages\/1418","targetHints":{"allow":["GET"]}}],"collection":[{"href":"https:\/\/ic-services.io\/de\/wp-json\/wp\/v2\/pages"}],"about":[{"href":"https:\/\/ic-services.io\/de\/wp-json\/wp\/v2\/types\/page"}],"author":[{"embeddable":true,"href":"https:\/\/ic-services.io\/de\/wp-json\/wp\/v2\/users\/2"}],"replies":[{"embeddable":true,"href":"https:\/\/ic-services.io\/de\/wp-json\/wp\/v2\/comments?post=1418"}],"version-history":[{"count":10,"href":"https:\/\/ic-services.io\/de\/wp-json\/wp\/v2\/pages\/1418\/revisions"}],"predecessor-version":[{"id":2092,"href":"https:\/\/ic-services.io\/de\/wp-json\/wp\/v2\/pages\/1418\/revisions\/2092"}],"up":[{"embeddable":true,"href":"https:\/\/ic-services.io\/de\/wp-json\/wp\/v2\/pages\/12"}],"wp:attachment":[{"href":"https:\/\/ic-services.io\/de\/wp-json\/wp\/v2\/media?parent=1418"}],"curies":[{"name":"wp","href":"https:\/\/api.w.org\/{rel}","templated":true}]}}