{"id":1424,"date":"2026-01-27T17:35:05","date_gmt":"2026-01-27T16:35:05","guid":{"rendered":"https:\/\/dev.ic-services.io\/?page_id=1424"},"modified":"2026-02-25T15:46:28","modified_gmt":"2026-02-25T14:46:28","slug":"abrechnungsdienste","status":"publish","type":"page","link":"https:\/\/ic-services.io\/de\/services\/billing-services\/","title":{"rendered":"Abrechnungsdienste"},"content":{"rendered":"<div class=\"wp-block-uagb-container uagb-block-utckf1mt alignfull uagb-is-root-container\">\n<div class=\"wp-block-uagb-container uagb-block-2tlqmnlt\">\n<div class=\"wp-block-uagb-info-box uagb-block-6vajfjn2 uagb-infobox__content-wrap  uagb-infobox-icon-above-title uagb-infobox-image-valign-top\"><div class=\"uagb-ifb-content\"><div class=\"uagb-ifb-title-wrap\"><h1 class=\"uagb-ifb-title\">Sie haben die Arbeit gemacht. Jemand anderes kann die Rechnungsstellung \u00fcbernehmen.<\/h1><\/div><\/div><\/div>\n\n\n\n<div class=\"wp-block-uagb-container uagb-block-twm9n5us\">\n<div class=\"wp-block-uagb-info-box uagb-block-rzcdyeoy uagb-infobox__content-wrap  uagb-infobox-icon-above-title uagb-infobox-image-valign-top\"><div class=\"uagb-ifb-content\"><div class=\"uagb-ifb-title-wrap\"><\/div><p class=\"uagb-ifb-desc\">Telekommunikations\u00fcberwachung erfordert Infrastruktur, Betrieb, Personal f\u00fcr die Einhaltung der Vorschriften und laufende Wartung. In vielen Gerichtsbarkeiten erlauben es die Vorschriften den CSPs, von den Strafverfolgungsbeh\u00f6rden eine Erstattung dieser Kosten zu verlangen. Um dieses Geld zu erhalten, muss jedoch jede \u00dcberwachung verfolgt, die Kosten pro Beh\u00f6rde berechnet, ordnungsgem\u00e4\u00dfe Rechnungen erstellt und die Zahlungen nachverfolgt werden - ein Verwaltungsaufwand, den die meisten CSPs lieber vermeiden w\u00fcrden.<\/p><\/div><\/div>\n\n\n\n<div class=\"wp-block-uagb-buttons uagb-buttons__outer-wrap uagb-btn__default-btn uagb-btn-tablet__default-btn uagb-btn-mobile__default-btn uagb-block-9hqfj0il\"><div class=\"uagb-buttons__wrap uagb-buttons-layout-wrap\">\n<div class=\"wp-block-uagb-buttons-child uagb-buttons__outer-wrap uagb-block-hfazbobn wp-block-button\"><div class=\"uagb-button__wrapper\"><a class=\"uagb-buttons-repeater wp-block-button__link\" aria-label=\"\" href=\"\/de\/kontakt\/\" rel=\"follow noopener\" target=\"_self\" role=\"button\"><div class=\"uagb-button__link\">Kontaktieren Sie uns<\/div><\/a><\/div><\/div>\n<\/div><\/div>\n<\/div>\n<\/div>\n\n\n\n<div class=\"wp-block-uagb-container uagb-block-pjwve2ur alignfull uagb-is-root-container\"><\/div>\n<\/div>\n\n\n\n<div class=\"wp-block-uagb-container uagb-block-ajukdziw alignfull uagb-is-root-container\"><div class=\"uagb-container-inner-blocks-wrap\">\n<div class=\"wp-block-uagb-info-box uagb-block-7ka4skze uagb-infobox__content-wrap  uagb-infobox-icon-above-title uagb-infobox-image-valign-top\"><div class=\"uagb-ifb-content\"><div class=\"uagb-ifb-title-wrap\"><p class=\"uagb-ifb-title-prefix\">DIE HERAUSFORDERUNG DER ERSTATTUNG<\/p><h2 class=\"uagb-ifb-title\">Abrechnung und Erstattung f\u00fcr TK\u00dc<\/h2><\/div><\/div><\/div>\n\n\n\n<div class=\"wp-block-uagb-container uagb-block-ds1gqsqa\">\n<div class=\"wp-block-uagb-info-box uagb-block-o8odgwob uagb-infobox__content-wrap  uagb-infobox-icon-above-title uagb-infobox-image-valign-top\"><div class=\"uagb-ifb-content\"><div class=\"uagb-ifb-title-wrap\"><h3 class=\"uagb-ifb-title-prefix\">R\u00fcckerstattung<\/h3><p class=\"uagb-ifb-title\">In einigen L\u00e4ndern haben die Diensteanbieter einen gesetzlichen Anspruch auf Entsch\u00e4digung f\u00fcr die Kosten der Telekommunikations\u00fcberwachung, einschlie\u00dflich der technischen Einrichtung, der Betriebskosten pro \u00dcberwachung, der Verarbeitung auf Vorrat gespeicherter Datenabfragen, der Speicherinfrastruktur und der Arbeitszeit der Mitarbeiter. Die Erstattungsregeln sind jedoch von Land zu Land sehr unterschiedlich. Einige L\u00e4nder sehen eine vollst\u00e4ndige Kostendeckung vor, andere bieten eine teilweise Erstattung mit Obergrenzen oder standardisierten Geb\u00fchrenpl\u00e4nen, und einige L\u00e4nder sehen \u00fcberhaupt keinen Erstattungsrahmen vor.<br><br>Selbst dort, wo eine R\u00fcckerstattung m\u00f6glich ist, erfordert die tats\u00e4chliche Einziehung eine sorgf\u00e4ltige Verfolgung jedes abrechenbaren Ereignisses, die Kenntnis der Verfahren und Zahlungsbedingungen der einzelnen Beh\u00f6rden, die Erstellung von Rechnungen, die den lokalen Anforderungen entsprechen, und die Verwaltung des gesamten Zahlungseinzugszyklus. F\u00fcr CSPs, die sich auf den Betrieb ihrer Netze und die Betreuung ihrer Kunden konzentrieren, ist dieser Verwaltungsaufwand eine Ablenkung, die sie lieber an einen spezialisierten Dienstleister auslagern w\u00fcrden.<\/p><\/div><\/div><\/div>\n\n\n\n<div class=\"wp-block-uagb-container uagb-block-4drpflzb\">\n<div class=\"wp-block-uagb-info-box uagb-block-mbjhwekr uagb-infobox__content-wrap  uagb-infobox-icon-above-title uagb-infobox-image-valign-top wp-block-uagb-info-box--has-margin\"><div class=\"uagb-infobox-margin-wrapper\"><div class=\"uagb-ifb-content\"><div class=\"uagb-ifb-title-wrap\"><h4 class=\"uagb-ifb-title\">Innovationsgetriebene L\u00f6sungen<\/h4><\/div><p class=\"uagb-ifb-desc\">Unser Abrechnungsservice verfolgt automatisch alle TK\u00dc-Ma\u00dfnahmen anhand von Betriebsprotokollen, berechnet die Kosten gem\u00e4\u00df den geltenden nationalen Vorschriften und erstellt in Ihrem Namen rechtskonforme Rechnungen. Wir passen uns an die Regeln der verschiedenen Rechtsordnungen an, egal ob es sich um Geb\u00fchren pro Ma\u00dfnahme, volumenbasierte Geb\u00fchren oder hybride Modelle handelt.<\/p><\/div><\/div><\/div>\n\n\n\n<div class=\"wp-block-uagb-info-box uagb-block-njeuagw6 uagb-infobox__content-wrap  uagb-infobox-icon-above-title uagb-infobox-image-valign-top wp-block-uagb-info-box--has-margin\"><div class=\"uagb-infobox-margin-wrapper\"><div class=\"uagb-ifb-content\"><div class=\"uagb-ifb-title-wrap\"><h4 class=\"uagb-ifb-title\">Personalisierter Ansatz<\/h4><\/div><p class=\"uagb-ifb-desc\">Wir arbeiten mit Ihnen zusammen, um die Erstattungsrahmen in den L\u00e4ndern, in denen Sie t\u00e4tig sind, die spezifischen Agenturen, mit denen Sie zusammenarbeiten, und alle ausgehandelten Vereinbarungen zu verstehen. Unser Service ist auf Ihr regulatorisches Umfeld und Ihre gesch\u00e4ftlichen Vereinbarungen abgestimmt, so dass die Rechnungen die korrekten Kostenstrukturen widerspiegeln und den lokalen Anforderungen entsprechen.<\/p><\/div><\/div><\/div>\n\n\n\n<div class=\"wp-block-uagb-info-box uagb-block-jksueluq uagb-infobox__content-wrap  uagb-infobox-icon-above-title uagb-infobox-image-valign-top wp-block-uagb-info-box--has-margin\"><div class=\"uagb-infobox-margin-wrapper\"><div class=\"uagb-ifb-content\"><div class=\"uagb-ifb-title-wrap\"><h4 class=\"uagb-ifb-title\">Hervorragender Kundenservice<\/h4><\/div><p class=\"uagb-ifb-desc\">Wir erstellen nicht nur Rechnungen, sondern k\u00fcmmern uns auch um den gesamten Abrechnungszyklus, einschlie\u00dflich der Nachverfolgung von Zahlungen, der Beilegung von Streitigkeiten und der Verwaltung der Agenturbeziehungen. Sie erhalten regelm\u00e4\u00dfig Berichte \u00fcber die Abrechnungsaktivit\u00e4ten und den Einzug der Einnahmen, w\u00e4hrend wir die t\u00e4gliche Verwaltungsarbeit erledigen.<\/p><\/div><\/div><\/div>\n<\/div>\n<\/div>\n<\/div><\/div>\n\n\n\n<div class=\"wp-block-uagb-container uagb-block-y7j9dg3x alignfull uagb-is-root-container\"><div class=\"uagb-container-inner-blocks-wrap\">\n<div class=\"wp-block-uagb-info-box uagb-block-gju3fhj2 uagb-infobox__content-wrap  uagb-infobox-icon-above-title uagb-infobox-image-valign-top\"><div class=\"uagb-ifb-content\"><div class=\"uagb-ifb-title-wrap\"><p class=\"uagb-ifb-title-prefix\">WAS WIR VERARBEITEN<\/p><h2 class=\"uagb-ifb-title\">Vollst\u00e4ndige Rechnungsverwaltung f\u00fcr LI-Operationen<\/h2><\/div><\/div><\/div>\n\n\n\n<div class=\"wp-block-uagb-container uagb-layout-grid uagb-block-k3wcavkf\">\n<div class=\"wp-block-uagb-info-box uagb-block-lnk8eaht uagb-infobox__content-wrap  uagb-infobox-icon-above-title uagb-infobox-image-valign-top\"><div class=\"uagb-ifb-content\"><div class=\"uagb-ifb-title-wrap\"><p class=\"uagb-ifb-title-prefix\">01<\/p><h3 class=\"uagb-ifb-title\">Automatische Aktivit\u00e4tsverfolgung<\/h3><\/div><p class=\"uagb-ifb-desc\">Jedes fakturierbare Ereignis wird automatisch von Ihrem LI-Betrieb erfasst: TK\u00dc-Aktivierungen und -dauer, Abfragen von gespeicherten Daten, Zustellbest\u00e4tigungen und \u00c4nderungen an laufenden Abfangvorg\u00e4ngen. Keine manuelle Protokollierung, keine Tabellenkalkulationen - die Rechnungsdaten stammen direkt aus den operativen Systemen.<\/p><\/div><\/div>\n\n\n\n<div class=\"wp-block-uagb-info-box uagb-block-8p3kcjcf uagb-infobox__content-wrap  uagb-infobox-icon-above-title uagb-infobox-image-valign-top\"><div class=\"uagb-ifb-content\"><div class=\"uagb-ifb-title-wrap\"><p class=\"uagb-ifb-title-prefix\">02<\/p><h3 class=\"uagb-ifb-title\">Kostenberechnung und Rechnungsstellung<\/h3><\/div><p class=\"uagb-ifb-desc\">Wir berechnen die Kosten gem\u00e4\u00df den geltenden Erstattungsregelungen und erstellen f\u00fcr jede Beh\u00f6rde eine ordnungsgem\u00e4\u00dfe Rechnung. Unser System passt sich an verschiedene Modelle an, wie z. B. Geb\u00fchren pro Abfrage, t\u00e4gliche Betriebskosten, abfrage- oder volumenbasierte Kalkulationen, und ist f\u00fcr Eins\u00e4tze mit mehreren Zust\u00e4ndigkeiten geeignet.<\/p><\/div><\/div>\n\n\n\n<div class=\"wp-block-uagb-info-box uagb-block-ubjhaqrb uagb-infobox__content-wrap  uagb-infobox-icon-above-title uagb-infobox-image-valign-top\"><div class=\"uagb-ifb-content\"><div class=\"uagb-ifb-title-wrap\"><p class=\"uagb-ifb-title-prefix\">03<\/p><h3 class=\"uagb-ifb-title\">Verwaltung der Beziehungen zwischen Agenturen<\/h3><\/div><p class=\"uagb-ifb-desc\">Jede Strafverfolgungsbeh\u00f6rde hat andere Rechnungsadressen, Zahlungsbedingungen, Genehmigungsabl\u00e4ufe und Streitf\u00e4lle. Wir pflegen vollst\u00e4ndige Profile f\u00fcr jede Beh\u00f6rde, einschlie\u00dflich Kontaktinformationen, Vertragsbedingungen, historische Rechnungen, Zahlungsstatus und ausstehende Salden.<\/p><\/div><\/div>\n\n\n\n<div class=\"wp-block-uagb-info-box uagb-block-n2fwsumm uagb-infobox__content-wrap  uagb-infobox-icon-above-title uagb-infobox-image-valign-top\"><div class=\"uagb-ifb-content\"><div class=\"uagb-ifb-title-wrap\"><p class=\"uagb-ifb-title-prefix\">04<\/p><h3 class=\"uagb-ifb-title\">Zahlungseinzug und Follow-up<\/h3><\/div><p class=\"uagb-ifb-desc\">Wir k\u00fcmmern uns um die Zahlungsverfolgung, die Nachverfolgung \u00fcberf\u00e4lliger Rechnungen und die Verwaltung von Zahlungspl\u00e4nen. Unser Team stimmt sich mit den Finanzabteilungen der Agenturen ab, um eine p\u00fcnktliche Zahlung zu gew\u00e4hrleisten und alle Fragen zu Geb\u00fchren oder Unterlagen zu kl\u00e4ren.<\/p><\/div><\/div>\n\n\n\n<div class=\"wp-block-uagb-info-box uagb-block-rcnmpqmx uagb-infobox__content-wrap  uagb-infobox-icon-above-title uagb-infobox-image-valign-top\"><div class=\"uagb-ifb-content\"><div class=\"uagb-ifb-title-wrap\"><p class=\"uagb-ifb-title-prefix\">05<\/p><h3 class=\"uagb-ifb-title\">Unterst\u00fctzung bei der Streitbeilegung<\/h3><\/div><p class=\"uagb-ifb-desc\">Wenn Agenturen Geb\u00fchren in Frage stellen oder um Kl\u00e4rung bitten, k\u00fcmmern wir uns um die Beilegung von Streitigkeiten, einschlie\u00dflich der Zusammenstellung von Unterlagen, der Vorbereitung von Begr\u00fcndungen und der Verhandlung. Sie bleiben informiert, m\u00fcssen sich aber nicht direkt um das Hin und Her k\u00fcmmern.<\/p><\/div><\/div>\n\n\n\n<div class=\"wp-block-uagb-info-box uagb-block-3ynpqg9c uagb-infobox__content-wrap  uagb-infobox-icon-above-title uagb-infobox-image-valign-top\"><div class=\"uagb-ifb-content\"><div class=\"uagb-ifb-title-wrap\"><p class=\"uagb-ifb-title-prefix\">06<\/p><h3 class=\"uagb-ifb-title\">Einhaltung der Vorschriften und Berichterstattung<\/h3><\/div><p class=\"uagb-ifb-desc\">Abrechnungsdaten sind sensibel und m\u00fcssen durch angemessene Sicherheitskontrollen, Zugangsbeschr\u00e4nkungen und Pr\u00fcfpfade gesch\u00fctzt werden. Wir stellen Ihnen regelm\u00e4\u00dfig Berichte \u00fcber die Abrechnungst\u00e4tigkeit, den Einzug der Einnahmen und den Zahlungsstatus der Agentur zur Verf\u00fcgung, wobei wir die Datenschutzanforderungen in vollem Umfang einhalten.<\/p><\/div><\/div>\n<\/div>\n<\/div><\/div>","protected":false},"excerpt":{"rendered":"","protected":false},"author":2,"featured_media":0,"parent":13,"menu_order":0,"comment_status":"closed","ping_status":"closed","template":"","meta":{"_uag_custom_page_level_css":"","site-sidebar-layout":"default","site-content-layout":"","ast-site-content-layout":"default","site-content-style":"default","site-sidebar-style":"default","ast-global-header-display":"","ast-banner-title-visibility":"","ast-main-header-display":"","ast-hfb-above-header-display":"","ast-hfb-below-header-display":"","ast-hfb-mobile-header-display":"","site-post-title":"disabled","ast-breadcrumbs-content":"","ast-featured-img":"","footer-sml-layout":"","ast-disable-related-posts":"","theme-transparent-header-meta":"","adv-header-id-meta":"","stick-header-meta":"","header-above-stick-meta":"","header-main-stick-meta":"","header-below-stick-meta":"","astra-migrate-meta-layouts":"default","ast-page-background-enabled":"default","ast-page-background-meta":{"desktop":{"background-color":"var(--ast-global-color-5)","background-image":"","background-repeat":"repeat","background-position":"center center","background-size":"auto","background-attachment":"scroll","background-type":"","background-media":"","overlay-type":"","overlay-color":"","overlay-opacity":"","overlay-gradient":""},"tablet":{"background-color":"","background-image":"","background-repeat":"repeat","background-position":"center center","background-size":"auto","background-attachment":"scroll","background-type":"","background-media":"","overlay-type":"","overlay-color":"","overlay-opacity":"","overlay-gradient":""},"mobile":{"background-color":"","background-image":"","background-repeat":"repeat","background-position":"center center","background-size":"auto","background-attachment":"scroll","background-type":"","background-media":"","overlay-type":"","overlay-color":"","overlay-opacity":"","overlay-gradient":""}},"ast-content-background-meta":{"desktop":{"background-color":"var(--ast-global-color-4)","background-image":"","background-repeat":"repeat","background-position":"center center","background-size":"auto","background-attachment":"scroll","background-type":"","background-media":"","overlay-type":"","overlay-color":"","overlay-opacity":"","overlay-gradient":""},"tablet":{"background-color":"var(--ast-global-color-4)","background-image":"","background-repeat":"repeat","background-position":"center center","background-size":"auto","background-attachment":"scroll","background-type":"","background-media":"","overlay-type":"","overlay-color":"","overlay-opacity":"","overlay-gradient":""},"mobile":{"background-color":"var(--ast-global-color-4)","background-image":"","background-repeat":"repeat","background-position":"center center","background-size":"auto","background-attachment":"scroll","background-type":"","background-media":"","overlay-type":"","overlay-color":"","overlay-opacity":"","overlay-gradient":""}},"footnotes":""},"class_list":["post-1424","page","type-page","status-publish","hentry"],"uagb_featured_image_src":{"full":false,"thumbnail":false,"medium":false,"medium_large":false,"large":false,"1536x1536":false,"2048x2048":false,"trp-custom-language-flag":false},"uagb_author_info":{"display_name":"chatgpt","author_link":"https:\/\/ic-services.io\/de\/author\/chatgpt\/"},"uagb_comment_info":0,"uagb_excerpt":null,"_links":{"self":[{"href":"https:\/\/ic-services.io\/de\/wp-json\/wp\/v2\/pages\/1424","targetHints":{"allow":["GET"]}}],"collection":[{"href":"https:\/\/ic-services.io\/de\/wp-json\/wp\/v2\/pages"}],"about":[{"href":"https:\/\/ic-services.io\/de\/wp-json\/wp\/v2\/types\/page"}],"author":[{"embeddable":true,"href":"https:\/\/ic-services.io\/de\/wp-json\/wp\/v2\/users\/2"}],"replies":[{"embeddable":true,"href":"https:\/\/ic-services.io\/de\/wp-json\/wp\/v2\/comments?post=1424"}],"version-history":[{"count":8,"href":"https:\/\/ic-services.io\/de\/wp-json\/wp\/v2\/pages\/1424\/revisions"}],"predecessor-version":[{"id":1954,"href":"https:\/\/ic-services.io\/de\/wp-json\/wp\/v2\/pages\/1424\/revisions\/1954"}],"up":[{"embeddable":true,"href":"https:\/\/ic-services.io\/de\/wp-json\/wp\/v2\/pages\/13"}],"wp:attachment":[{"href":"https:\/\/ic-services.io\/de\/wp-json\/wp\/v2\/media?parent=1424"}],"curies":[{"name":"wp","href":"https:\/\/api.w.org\/{rel}","templated":true}]}}