{"id":1432,"date":"2026-01-27T17:37:14","date_gmt":"2026-01-27T16:37:14","guid":{"rendered":"https:\/\/dev.ic-services.io\/?page_id=1432"},"modified":"2026-02-24T21:24:53","modified_gmt":"2026-02-24T20:24:53","slug":"branchen","status":"publish","type":"page","link":"https:\/\/ic-services.io\/de\/industries\/","title":{"rendered":"Branchen"},"content":{"rendered":"<div class=\"wp-block-uagb-container uagb-block-6oeynbhv alignfull uagb-is-root-container\">\n<div class=\"wp-block-uagb-container uagb-block-stuzq5e9\">\n<div class=\"wp-block-uagb-info-box uagb-block-yr6ug2ct uagb-infobox__content-wrap  uagb-infobox-icon-above-title uagb-infobox-image-valign-top\"><div class=\"uagb-ifb-content\"><div class=\"uagb-ifb-title-wrap\"><h1 class=\"uagb-ifb-title\">Lawful Interception-L\u00f6sungen f\u00fcr mehrere Branchen<\/h1><\/div><p class=\"uagb-ifb-desc\">ICS bietet Kommunikationsdienstleistern, Automobilherstellern, Mobilit\u00e4tsplattformen und Aufsichtsbeh\u00f6rden spezialisierte L\u00f6sungen zur Telekommunikations\u00fcberwachung und Einhaltung von Vorschriften, die auf die besonderen Anforderungen und rechtlichen Rahmenbedingungen der jeweiligen Branche zugeschnitten sind.<\/p><\/div><\/div>\n\n\n\n<div class=\"wp-block-uagb-buttons uagb-buttons__outer-wrap uagb-btn__default-btn uagb-btn-tablet__default-btn uagb-btn-mobile__default-btn uagb-block-flxj1v5u\"><div class=\"uagb-buttons__wrap uagb-buttons-layout-wrap\">\n<div class=\"wp-block-uagb-buttons-child uagb-buttons__outer-wrap uagb-block-aa68tfxf wp-block-button\"><div class=\"uagb-button__wrapper\"><a class=\"uagb-buttons-repeater wp-block-button__link\" aria-label=\"\" href=\"\/de\/kontakt\/\" rel=\"follow noopener\" target=\"_self\" role=\"button\"><div class=\"uagb-button__link\">Kontakt aufnehmen<\/div><\/a><\/div><\/div>\n<\/div><\/div>\n<\/div>\n\n\n\n<div class=\"wp-block-uagb-container uagb-block-dxtaiukj\"><\/div>\n<\/div>\n\n\n\n<div class=\"wp-block-uagb-container uagb-block-abcyjktc alignfull uagb-is-root-container\"><div class=\"uagb-container-inner-blocks-wrap\">\n<div class=\"wp-block-uagb-container uagb-block-gumcpror\">\n<div class=\"wp-block-uagb-info-box uagb-block-aldn1tgs uagb-infobox__content-wrap  uagb-infobox-icon-above-title uagb-infobox-image-valign-top wp-block-uagb-info-box--has-margin\"><div class=\"uagb-infobox-margin-wrapper\"><div class=\"uagb-ifb-content\"><div class=\"uagb-ifb-title-wrap\"><h2 class=\"uagb-ifb-title\">Industrien, die wir bedienen<\/h2><\/div><p class=\"uagb-ifb-desc\">Unser Fachwissen erstreckt sich von der traditionellen Telekommunikation \u00fcber neue Plattformen f\u00fcr vernetzte Fahrzeuge bis hin zur Regulierungsaufsicht. Wir liefern L\u00f6sungen, die die Einhaltung von Vorschriften mit betrieblicher Effizienz und dem Schutz der Privatsph\u00e4re in Einklang bringen.<\/p><\/div><\/div><\/div>\n\n\n\n<div class=\"wp-block-uagb-image alignleft uagb-block-doccc7jx wp-block-uagb-image--layout-default wp-block-uagb-image--effect-static wp-block-uagb-image--align-left\"><figure class=\"wp-block-uagb-image__figure\"><img decoding=\"async\" srcset=\"https:\/\/ic-services.io\/wp-content\/uploads\/2026\/02\/pexels-photo-241316-241316-1024x683.jpg ,https:\/\/ic-services.io\/wp-content\/uploads\/2026\/02\/pexels-photo-241316-241316-scaled.jpg 780w, https:\/\/ic-services.io\/wp-content\/uploads\/2026\/02\/pexels-photo-241316-241316-scaled.jpg 360w\" sizes=\"auto, (max-width: 480px) 150px\" src=\"https:\/\/ic-services.io\/wp-content\/uploads\/2026\/02\/pexels-photo-241316-241316-1024x683.jpg\" alt=\"Eleganter Mercedes Benz AMG, der im Freien geparkt ist und Luxus und Stil demonstriert.\" class=\"uag-image-1710\" width=\"564\" height=\"376\" title=\"pexels Foto 241316 241316\" loading=\"lazy\" role=\"img\"\/><\/figure><\/div>\n\n\n\n<div class=\"wp-block-uagb-info-box uagb-block-irahzfww uagb-infobox__content-wrap  uagb-infobox-icon-above-title uagb-infobox-image-valign-top wp-block-uagb-info-box--has-margin\"><div class=\"uagb-infobox-margin-wrapper\"><div class=\"uagb-ifb-content\"><div class=\"uagb-ifb-title-wrap\"><h3 class=\"uagb-ifb-title\">Automobilindustrie<\/h3><\/div><p class=\"uagb-ifb-desc\">Vernetzte Fahrzeuge und Mobilit\u00e4tsdienste erfordern spezielle Abh\u00f6rfunktionen, die mit ETSI TR 103 854 abgestimmt sind. Wir helfen Automobilherstellern und Mobilit\u00e4tsanbietern bei der Implementierung sicherer Antwortverarbeitungssysteme f\u00fcr VIN-basierte Anfragen, Identifier Mapping und die rechtm\u00e4\u00dfige Offenlegung von Fahrzeugdaten.<\/p><\/div><\/div><\/div>\n\n\n\n<div class=\"wp-block-uagb-buttons uagb-buttons__outer-wrap uagb-btn__default-btn uagb-btn-tablet__default-btn uagb-btn-mobile__default-btn uagb-block-c61193f4\"><div class=\"uagb-buttons__wrap uagb-buttons-layout-wrap\">\n<div class=\"wp-block-uagb-buttons-child uagb-buttons__outer-wrap uagb-block-e40aac00 wp-block-button\"><div class=\"uagb-button__wrapper\"><a class=\"uagb-buttons-repeater wp-block-button__link\" aria-label=\"\" href=\"\/de\/branchen\/automobil\/\" rel=\"follow noopener\" target=\"_self\" role=\"button\"><div class=\"uagb-button__link\">Mehr lesen<\/div><span class=\"uagb-button__icon uagb-button__icon-position-after\"><svg xmlns=\"https:\/\/www.w3.org\/2000\/svg\" viewbox=\"0 0 256 512\" aria-hidden=\"true\" focussable=\"false\"><path d=\"M64 448c-8.188 0-16.38-3.125-22.62-9.375c-12.5-12.5-12.5-32.75 0-45.25L178.8 256L41.38 118.6c-12.5-12.5-12.5-32.75 0-45.25s32.75-12.5 45.25 0l160 160c12.5 12.5 12.5 32.75 0 45.25l-160 160C80.38 444.9 72.19 448 64 448z\"><\/path><\/svg><\/span><\/a><\/div><\/div>\n<\/div><\/div>\n<\/div>\n\n\n\n<div class=\"wp-block-uagb-container uagb-block-sqqgb8ny\">\n<div class=\"wp-block-uagb-image alignleft uagb-block-c2mbuqmk wp-block-uagb-image--layout-default wp-block-uagb-image--effect-static wp-block-uagb-image--align-left\"><figure class=\"wp-block-uagb-image__figure\"><img decoding=\"async\" srcset=\"https:\/\/ic-services.io\/wp-content\/uploads\/2026\/02\/pexels-photo-7862565-7862565-1024x683.jpg ,https:\/\/ic-services.io\/wp-content\/uploads\/2026\/02\/pexels-photo-7862565-7862565-scaled.jpg 780w, https:\/\/ic-services.io\/wp-content\/uploads\/2026\/02\/pexels-photo-7862565-7862565-scaled.jpg 360w\" sizes=\"auto, (max-width: 480px) 150px\" src=\"https:\/\/ic-services.io\/wp-content\/uploads\/2026\/02\/pexels-photo-7862565-7862565-1024x683.jpg\" alt=\"Eine Aufnahme aus geringer Entfernung von einem hohen Metall-Kommunikationsturm mit mehreren Antennen vor einem klaren blauen Himmel.\" class=\"uag-image-1709\" width=\"564\" height=\"376\" title=\"pexels Foto 7862565 7862565\" loading=\"lazy\" role=\"img\"\/><\/figure><\/div>\n\n\n\n<div class=\"wp-block-uagb-info-box uagb-block-esnqnjv4 uagb-infobox__content-wrap  uagb-infobox-icon-above-title uagb-infobox-image-valign-top wp-block-uagb-info-box--has-margin\"><div class=\"uagb-infobox-margin-wrapper\"><div class=\"uagb-ifb-content\"><div class=\"uagb-ifb-title-wrap\"><h3 class=\"uagb-ifb-title\">Telekommunikation<\/h3><\/div><p class=\"uagb-ifb-desc\">Wir bieten End-to-End-L\u00f6sungen zur rechtm\u00e4\u00dfigen \u00dcberwachung von Festnetz-, Mobilfunk-, VoIP- und OTT-Kommunikationsdiensten. Unsere Plattformen unterst\u00fctzen ETSI TS 102 232, ETSI TS 103 707, 3GPP LI und nationale Anforderungen, mit Optionen f\u00fcr vollst\u00e4ndig verwalteten Betrieb, kundenspezifische Integration oder eigenst\u00e4ndige Software und Ger\u00e4te.<\/p><\/div><\/div><\/div>\n\n\n\n<div class=\"wp-block-uagb-buttons uagb-buttons__outer-wrap uagb-btn__default-btn uagb-btn-tablet__default-btn uagb-btn-mobile__default-btn uagb-block-4c39db4f\"><div class=\"uagb-buttons__wrap uagb-buttons-layout-wrap\">\n<div class=\"wp-block-uagb-buttons-child uagb-buttons__outer-wrap uagb-block-10f13494 wp-block-button\"><div class=\"uagb-button__wrapper\"><a class=\"uagb-buttons-repeater wp-block-button__link\" aria-label=\"\" href=\"\/de\/branchen\/telekommunikation\/\" rel=\"follow noopener\" target=\"_self\" role=\"button\"><div class=\"uagb-button__link\">Mehr lesen<\/div><span class=\"uagb-button__icon uagb-button__icon-position-after\"><svg xmlns=\"https:\/\/www.w3.org\/2000\/svg\" viewbox=\"0 0 256 512\" aria-hidden=\"true\" focussable=\"false\"><path d=\"M64 448c-8.188 0-16.38-3.125-22.62-9.375c-12.5-12.5-12.5-32.75 0-45.25L178.8 256L41.38 118.6c-12.5-12.5-12.5-32.75 0-45.25s32.75-12.5 45.25 0l160 160c12.5 12.5 12.5 32.75 0 45.25l-160 160C80.38 444.9 72.19 448 64 448z\"><\/path><\/svg><\/span><\/a><\/div><\/div>\n<\/div><\/div>\n\n\n\n<div class=\"wp-block-uagb-image alignleft uagb-block-emzajgxy wp-block-uagb-image--layout-default wp-block-uagb-image--effect-static wp-block-uagb-image--align-left\"><figure class=\"wp-block-uagb-image__figure\"><img decoding=\"async\" srcset=\"https:\/\/ic-services.io\/wp-content\/uploads\/2026\/02\/pexels-photo-7785085-7785085-1024x576.jpg ,https:\/\/ic-services.io\/wp-content\/uploads\/2026\/02\/pexels-photo-7785085-7785085-scaled.jpg 780w, https:\/\/ic-services.io\/wp-content\/uploads\/2026\/02\/pexels-photo-7785085-7785085-scaled.jpg 360w\" sizes=\"auto, (max-width: 480px) 150px\" src=\"https:\/\/ic-services.io\/wp-content\/uploads\/2026\/02\/pexels-photo-7785085-7785085-1024x576.jpg\" alt=\"Spiegelbild eines im Freien geparkten Polizeiautos aus Tustin mit einem amerikanischen Flaggenemblem.\" class=\"uag-image-1711\" width=\"564\" height=\"376\" title=\"pexels Foto 7785085 7785085\" loading=\"lazy\" role=\"img\"\/><\/figure><\/div>\n\n\n\n<div class=\"wp-block-uagb-info-box uagb-block-jqjfdfmu uagb-infobox__content-wrap  uagb-infobox-icon-above-title uagb-infobox-image-valign-top wp-block-uagb-info-box--has-margin\"><div class=\"uagb-infobox-margin-wrapper\"><div class=\"uagb-ifb-content\"><div class=\"uagb-ifb-title-wrap\"><h3 class=\"uagb-ifb-title\">Regulierung und Strafverfolgung<\/h3><\/div><p class=\"uagb-ifb-desc\">Wir unterst\u00fctzen Regulierungsbeh\u00f6rden und Strafverfolgungsbeh\u00f6rden bei der Entwicklung von Standards, der Bewertung von Betreibern, der Einrichtung von LEA-Schnittstellen, der Schulung und der grenz\u00fcberschreitenden Koordination. Unser neutrales Fachwissen tr\u00e4gt dazu bei, einen wirksamen Rahmen f\u00fcr die rechtm\u00e4\u00dfige \u00dcberwachung zu schaffen, der allen Beteiligten dient.<\/p><\/div><\/div><\/div>\n\n\n\n<div class=\"wp-block-uagb-buttons uagb-buttons__outer-wrap uagb-btn__default-btn uagb-btn-tablet__default-btn uagb-btn-mobile__default-btn uagb-block-ca614549\"><div class=\"uagb-buttons__wrap uagb-buttons-layout-wrap\">\n<div class=\"wp-block-uagb-buttons-child uagb-buttons__outer-wrap uagb-block-5418267c wp-block-button\"><div class=\"uagb-button__wrapper\"><a class=\"uagb-buttons-repeater wp-block-button__link\" aria-label=\"\" href=\"\/de\/branchen\/regulierungs-und-strafverfolgungsbehorden\/\" rel=\"follow noopener\" target=\"_self\" role=\"button\"><div class=\"uagb-button__link\">Mehr lesen<\/div><span class=\"uagb-button__icon uagb-button__icon-position-after\"><svg xmlns=\"https:\/\/www.w3.org\/2000\/svg\" viewbox=\"0 0 256 512\" aria-hidden=\"true\" focussable=\"false\"><path d=\"M64 448c-8.188 0-16.38-3.125-22.62-9.375c-12.5-12.5-12.5-32.75 0-45.25L178.8 256L41.38 118.6c-12.5-12.5-12.5-32.75 0-45.25s32.75-12.5 45.25 0l160 160c12.5 12.5 12.5 32.75 0 45.25l-160 160C80.38 444.9 72.19 448 64 448z\"><\/path><\/svg><\/span><\/a><\/div><\/div>\n<\/div><\/div>\n<\/div>\n<\/div><\/div>\n\n\n\n<div class=\"wp-block-uagb-container uagb-block-lyz9tbcy alignfull uagb-is-root-container\"><div class=\"uagb-container-inner-blocks-wrap\">\n<div class=\"wp-block-uagb-info-box uagb-block-2vp2no9s uagb-infobox__content-wrap  uagb-infobox-icon-above-title uagb-infobox-image-valign-top\"><div class=\"uagb-ifb-content\"><div class=\"uagb-ifb-title-wrap\"><h2 class=\"uagb-ifb-title\">Entdecken Sie unseren bisherigen Werdegang<\/h2><\/div><p class=\"uagb-ifb-desc\">Branchen\u00fcbergreifendes Fachwissen \u00fcber Telekommunikations\u00fcberwachung und Compliance<\/p><\/div><\/div>\n\n\n\n<div class=\"wp-block-uagb-container uagb-block-waeewcvc\">\n<div class=\"wp-block-uagb-info-box uagb-block-tjmtecsb uagb-infobox__content-wrap  uagb-infobox-icon-above-title uagb-infobox-image-valign-top\"><div class=\"uagb-ifb-content\"><div class=\"uagb-ifb-title-wrap\"><\/div><p class=\"uagb-ifb-desc\">Unser Team verbindet fundierte technische Kenntnisse der ETSI- und 3GPP-Normen mit praktischer Implementierungserfahrung in verschiedenen Branchen. Ganz gleich, ob es sich um den Einsatz traditioneller Telekommunikations-LI-Systeme, die Implementierung neuer Offenlegungsfunktionen in der Automobilindustrie oder die Beratung von Regulierungsbeh\u00f6rden bei der Entwicklung von Rahmenbedingungen handelt, wir verstehen sowohl die universellen Grunds\u00e4tze als auch die branchenspezifischen Anforderungen.<\/p><\/div><\/div>\n\n\n\n<div class=\"wp-block-uagb-info-box uagb-block-zyr99nli uagb-infobox__content-wrap  uagb-infobox-icon-above-title uagb-infobox-image-valign-top\"><div class=\"uagb-ifb-content\"><div class=\"uagb-ifb-title-wrap\"><\/div><p class=\"uagb-ifb-desc\">Diese branchen\u00fcbergreifende Perspektive erm\u00f6glicht es uns, bew\u00e4hrte Praktiken von einem Sektor auf den anderen zu \u00fcbertragen, regulatorische Trends zu antizipieren, die sich \u00fcber die verschiedenen Rechtssysteme ausbreiten, und unsere Kunden bei der Vorbereitung auf k\u00fcnftige Anforderungen zu unterst\u00fctzen. Wir arbeiten mit Betreibern, die Millionen von Abonnenten bedienen, mit Automobilherstellern, die Programme f\u00fcr vernetzte Fahrzeuge einf\u00fchren, und mit Regulierungsbeh\u00f6rden, die nationale Rahmenbedingungen festlegen.<\/p><\/div><\/div>\n<\/div>\n<\/div><\/div>","protected":false},"excerpt":{"rendered":"","protected":false},"author":2,"featured_media":0,"parent":0,"menu_order":0,"comment_status":"closed","ping_status":"closed","template":"","meta":{"_uag_custom_page_level_css":"","site-sidebar-layout":"default","site-content-layout":"","ast-site-content-layout":"default","site-content-style":"default","site-sidebar-style":"default","ast-global-header-display":"","ast-banner-title-visibility":"","ast-main-header-display":"","ast-hfb-above-header-display":"","ast-hfb-below-header-display":"","ast-hfb-mobile-header-display":"","site-post-title":"disabled","ast-breadcrumbs-content":"","ast-featured-img":"","footer-sml-layout":"","ast-disable-related-posts":"","theme-transparent-header-meta":"","adv-header-id-meta":"","stick-header-meta":"","header-above-stick-meta":"","header-main-stick-meta":"","header-below-stick-meta":"","astra-migrate-meta-layouts":"default","ast-page-background-enabled":"default","ast-page-background-meta":{"desktop":{"background-color":"var(--ast-global-color-5)","background-image":"","background-repeat":"repeat","background-position":"center center","background-size":"auto","background-attachment":"scroll","background-type":"","background-media":"","overlay-type":"","overlay-color":"","overlay-opacity":"","overlay-gradient":""},"tablet":{"background-color":"","background-image":"","background-repeat":"repeat","background-position":"center center","background-size":"auto","background-attachment":"scroll","background-type":"","background-media":"","overlay-type":"","overlay-color":"","overlay-opacity":"","overlay-gradient":""},"mobile":{"background-color":"","background-image":"","background-repeat":"repeat","background-position":"center center","background-size":"auto","background-attachment":"scroll","background-type":"","background-media":"","overlay-type":"","overlay-color":"","overlay-opacity":"","overlay-gradient":""}},"ast-content-background-meta":{"desktop":{"background-color":"var(--ast-global-color-4)","background-image":"","background-repeat":"repeat","background-position":"center center","background-size":"auto","background-attachment":"scroll","background-type":"","background-media":"","overlay-type":"","overlay-color":"","overlay-opacity":"","overlay-gradient":""},"tablet":{"background-color":"var(--ast-global-color-4)","background-image":"","background-repeat":"repeat","background-position":"center center","background-size":"auto","background-attachment":"scroll","background-type":"","background-media":"","overlay-type":"","overlay-color":"","overlay-opacity":"","overlay-gradient":""},"mobile":{"background-color":"var(--ast-global-color-4)","background-image":"","background-repeat":"repeat","background-position":"center center","background-size":"auto","background-attachment":"scroll","background-type":"","background-media":"","overlay-type":"","overlay-color":"","overlay-opacity":"","overlay-gradient":""}},"footnotes":""},"class_list":["post-1432","page","type-page","status-publish","hentry"],"uagb_featured_image_src":{"full":false,"thumbnail":false,"medium":false,"medium_large":false,"large":false,"1536x1536":false,"2048x2048":false,"trp-custom-language-flag":false},"uagb_author_info":{"display_name":"chatgpt","author_link":"https:\/\/ic-services.io\/de\/author\/chatgpt\/"},"uagb_comment_info":0,"uagb_excerpt":null,"_links":{"self":[{"href":"https:\/\/ic-services.io\/de\/wp-json\/wp\/v2\/pages\/1432","targetHints":{"allow":["GET"]}}],"collection":[{"href":"https:\/\/ic-services.io\/de\/wp-json\/wp\/v2\/pages"}],"about":[{"href":"https:\/\/ic-services.io\/de\/wp-json\/wp\/v2\/types\/page"}],"author":[{"embeddable":true,"href":"https:\/\/ic-services.io\/de\/wp-json\/wp\/v2\/users\/2"}],"replies":[{"embeddable":true,"href":"https:\/\/ic-services.io\/de\/wp-json\/wp\/v2\/comments?post=1432"}],"version-history":[{"count":10,"href":"https:\/\/ic-services.io\/de\/wp-json\/wp\/v2\/pages\/1432\/revisions"}],"predecessor-version":[{"id":1818,"href":"https:\/\/ic-services.io\/de\/wp-json\/wp\/v2\/pages\/1432\/revisions\/1818"}],"wp:attachment":[{"href":"https:\/\/ic-services.io\/de\/wp-json\/wp\/v2\/media?parent=1432"}],"curies":[{"name":"wp","href":"https:\/\/api.w.org\/{rel}","templated":true}]}}