{"id":1434,"date":"2026-01-27T17:37:39","date_gmt":"2026-01-27T16:37:39","guid":{"rendered":"https:\/\/dev.ic-services.io\/?page_id=1434"},"modified":"2026-04-10T12:12:17","modified_gmt":"2026-04-10T11:12:17","slug":"telekommunikation","status":"publish","type":"page","link":"https:\/\/ic-services.io\/de\/industries\/telecoms\/","title":{"rendered":"Telekommunikation"},"content":{"rendered":"<div class=\"wp-block-uagb-container uagb-block-athr3vye alignfull uagb-is-root-container\">\n<div class=\"wp-block-uagb-info-box uagb-block-2l2isrhr uagb-infobox__content-wrap  uagb-infobox-icon-above-title uagb-infobox-image-valign-top wp-block-uagb-info-box--has-margin\"><div class=\"uagb-infobox-margin-wrapper\"><div class=\"uagb-ifb-content\"><div class=\"uagb-ifb-title-wrap\"><p class=\"uagb-ifb-title-prefix\">TELEKOMMUNIKATIONSANBIETER<\/p><h1 class=\"uagb-ifb-title\">L\u00f6sungen zur Telekommunikations\u00fcberwachung und Einhaltung von Vorschriften f\u00fcr Telekommunikationsunternehmen<\/h1><\/div><p class=\"uagb-ifb-desc\">Anbieter von Kommunikationsdiensten sehen sich komplexen Verpflichtungen zur rechtm\u00e4\u00dfigen \u00dcberwachung von Festnetz-, Mobilfunk-, VoIP- und OTT-Diensten gegen\u00fcber. ICS bietet End-to-End-LI-L\u00f6sungen, einschlie\u00dflich Software-Plattformen, Hardware-Appliances und verwaltete Dienste, die die Einhaltung der Vorschriften sicherstellen und gleichzeitig den betrieblichen Aufwand minimieren.<\/p><\/div><\/div><\/div>\n\n\n\n<div class=\"wp-block-uagb-buttons uagb-buttons__outer-wrap uagb-btn__default-btn uagb-btn-tablet__default-btn uagb-btn-mobile__default-btn uagb-block-3ggqrklp\"><div class=\"uagb-buttons__wrap uagb-buttons-layout-wrap\">\n<div class=\"wp-block-uagb-buttons-child uagb-buttons__outer-wrap uagb-block-us5ia1va wp-block-button\"><div class=\"uagb-button__wrapper\"><a class=\"uagb-buttons-repeater wp-block-button__link\" aria-label=\"\" href=\"\/de\/kontakt\/\" rel=\"follow noopener\" target=\"_self\" role=\"button\"><div class=\"uagb-button__link\">Sprechen Sie mit einem Experten<\/div><\/a><\/div><\/div>\n<\/div><\/div>\n\n\n\n<div class=\"wp-block-uagb-container uagb-block-ow7wwlwb alignfull uagb-is-root-container\"><\/div>\n<\/div>\n\n\n\n<div class=\"wp-block-uagb-container uagb-block-wldl7itm alignfull uagb-is-root-container\"><div class=\"uagb-container-inner-blocks-wrap\">\n<div class=\"wp-block-uagb-info-box uagb-block-obgyyxml uagb-infobox__content-wrap  uagb-infobox-icon-above-title uagb-infobox-image-valign-top\"><div class=\"uagb-ifb-content\"><div class=\"uagb-ifb-title-wrap\"><h2 class=\"uagb-ifb-title\">L\u00f6sungen und Dienstleistungen f\u00fcr Telekommunikationsunternehmen<\/h2><\/div><p class=\"uagb-ifb-desc\">Unser Portfolio deckt alle Aspekte der gesetzeskonformen \u00dcberwachung und Einhaltung von Vorschriften ab, von Softwareplattformen und -anwendungen bis hin zu vollst\u00e4ndig verwaltetem Betrieb und Beratungssupport.<\/p><\/div><\/div>\n\n\n\n<div class=\"wp-block-uagb-container uagb-layout-grid uagb-block-d8xvxx9z\">\n<div class=\"wp-block-uagb-container uagb-block-db0kadck\">\n<div class=\"wp-block-uagb-info-box uagb-block-pgzmzt8t uagb-infobox__content-wrap  uagb-infobox-icon-above-title uagb-infobox-image-valign-top\"><div class=\"uagb-ifb-content\"><div class=\"uagb-ifb-title-wrap\"><h3 class=\"uagb-ifb-title\">Software f\u00fcr Lawful Interception<\/h3><\/div><p class=\"uagb-ifb-desc\">Unser LIMS und unsere LI-Mediationsplattform bieten eine zentralisierte Ma\u00dfnahmenverwaltung, Multinetzwerk-Mediation und eine sichere \u00dcbertragung. Sie unterst\u00fctzen ETSI TS 102 232, ETSI TS 103 707, 3GPP LI und nationale Anforderungen f\u00fcr Festnetz-, Mobilfunk-, IMS-, VoIP- und OTT-Dienste und gew\u00e4hrleisten eine standardkonforme \u00dcberwachung von der gesetzlichen Anordnung bis zur Zustellung.<\/p><\/div><\/div>\n<\/div>\n\n\n\n<div class=\"wp-block-uagb-container uagb-block-udj7og1w\">\n<div class=\"wp-block-uagb-info-box uagb-block-ktm8nupv uagb-infobox__content-wrap  uagb-infobox-icon-above-title uagb-infobox-image-valign-top\"><div class=\"uagb-ifb-content\"><div class=\"uagb-ifb-title-wrap\"><h3 class=\"uagb-ifb-title\">LI-Ger\u00e4te<\/h3><\/div><p class=\"uagb-ifb-desc\">F\u00fcr tempor\u00e4re Eins\u00e4tze oder spezielle Szenarien bieten unsere Appliances Plug-and-Play Lawful Interception. Die tempor\u00e4re LI-Box unterst\u00fctzt kurzfristige VoIP-, IP- und Messaging-\u00dcberwachung, w\u00e4hrend der PSTN\/ISDN-zu-SIP-Konverter eine Br\u00fccke von \u00e4lteren Netzwerken zu modernem SIP f\u00fcr kontinuierliche LI w\u00e4hrend der Migration schl\u00e4gt.<\/p><\/div><\/div>\n<\/div>\n\n\n\n<div class=\"wp-block-uagb-container uagb-block-gfgin7ki\">\n<div class=\"wp-block-uagb-info-box uagb-block-u2enrjsv uagb-infobox__content-wrap  uagb-infobox-icon-above-title uagb-infobox-image-valign-top\"><div class=\"uagb-ifb-content\"><div class=\"uagb-ifb-title-wrap\"><h3 class=\"uagb-ifb-title\">Managed LI Operations<\/h3><\/div><p class=\"uagb-ifb-desc\">Wir betreiben Ihre Lawful-Interception-Infrastruktur rund um die Uhr und k\u00fcmmern uns um das Warrant-Management, die System\u00fcberwachung, die sichere \u00dcbergabe und die Compliance-Berichterstattung. Sie behalten den \u00dcberblick und die Kontrolle, w\u00e4hrend wir die technischen Abl\u00e4ufe verwalten, damit sich Ihre Teams auf den Betrieb des Netzwerks konzentrieren k\u00f6nnen.<br><\/p><\/div><\/div>\n<\/div>\n\n\n\n<div class=\"wp-block-uagb-container uagb-block-xtm98rg8\">\n<div class=\"wp-block-uagb-info-box uagb-block-sibgnjff uagb-infobox__content-wrap  uagb-infobox-icon-above-title uagb-infobox-image-valign-top\"><div class=\"uagb-ifb-content\"><div class=\"uagb-ifb-title-wrap\"><h3 class=\"uagb-ifb-title\">Integration und kundenspezifische Entwicklung<\/h3><\/div><p class=\"uagb-ifb-desc\">Unsere Integrationsspezialisten passen die LI-L\u00f6sungen an Ihre spezifische Netzwerkarchitektur, Ihre Altsysteme und Ihre gesetzlichen Anforderungen an. Wir entwickeln kundenspezifische Adapter, Protokollkonverter und Vermittlungsfunktionen, die eine Br\u00fccke zwischen Ihrer realen Umgebung und den gesetzlichen Anforderungen schlagen.<\/p><\/div><\/div>\n<\/div>\n\n\n\n<div class=\"wp-block-uagb-container uagb-block-5fwezb9w\">\n<div class=\"wp-block-uagb-info-box uagb-block-moioryqk uagb-infobox__content-wrap  uagb-infobox-icon-above-title uagb-infobox-image-valign-top\"><div class=\"uagb-ifb-content\"><div class=\"uagb-ifb-title-wrap\"><h3 class=\"uagb-ifb-title\">Beratung und regulatorische Unterst\u00fctzung<\/h3><\/div><p class=\"uagb-ifb-desc\">Wir helfen Ihnen dabei, die LI-Verpflichtungen in verschiedenen Rechtsordnungen zu verstehen und zu erf\u00fcllen. Unsere Beratungsdienste umfassen Konformit\u00e4tsbewertungen, die Anpassung von ETSI-Standards, die Entwicklung von Architekturen, die Vorbereitung von Audits und die fortlaufende \u00dcberwachung von Vorschriften, damit Sie auch bei sich \u00e4ndernden Regeln konform bleiben.<\/p><\/div><\/div>\n<\/div>\n\n\n\n<div class=\"wp-block-uagb-container uagb-block-cva62u4v\">\n<div class=\"wp-block-uagb-info-box uagb-block-iyh7sjbq uagb-infobox__content-wrap  uagb-infobox-icon-above-title uagb-infobox-image-valign-top\"><div class=\"uagb-ifb-content\"><div class=\"uagb-ifb-title-wrap\"><h3 class=\"uagb-ifb-title\">Abrechnungsdienste<\/h3><\/div><p class=\"uagb-ifb-desc\">Wir wickeln den gesamten Abrechnungs- und Erstattungszyklus f\u00fcr die TK\u00dc ab, indem wir die Ereignisse automatisch verfolgen, die Kosten gem\u00e4\u00df den geltenden Rahmenbedingungen berechnen und die Rechnungserstellung sowie den Zahlungseinzug bei den Strafverfolgungsbeh\u00f6rden in verschiedenen Rechtsordnungen verwalten.<\/p><\/div><\/div>\n<\/div>\n<\/div>\n<\/div><\/div>\n\n\n\n<div class=\"wp-block-group alignfull is-layout-flow wp-block-group-is-layout-flow\" style=\"padding-top:0;padding-right:0;padding-bottom:0;padding-left:0\">\n<div style=\"background: linear-gradient(135deg, #0f1923 0%, #1a2940 100%); padding: 80px 20px; position: relative;\">\n  <div style=\"position: absolute; top: 0; left: 0; right: 0; height: 3px; background: linear-gradient(90deg, #e94560, #ff6b35, #e94560);\"><\/div>\n  <div style=\"max-width: 1000px; margin: 0 auto;\">\n    <p style=\"color: #e94560; font-size: 13px; font-weight: 700; letter-spacing: 3px; text-transform: uppercase; margin-bottom: 8px; text-align: center;\">Frist f\u00fcr die Einhaltung: 18. August 2026<\/p>\n    <h2 style=\"color: #ffffff; font-size: 34px; font-weight: 700; margin-bottom: 20px; line-height: 1.3; text-align: center;\">e-Evidence Compliance f\u00fcr Telekommunikationsanbieter<\/h2>\n    <p style=\"color: #b0b8c8; font-size: 17px; line-height: 1.7; margin-bottom: 30px; text-align: center;\">Nach der EU-Verordnung 2023\/1543 fallen Telekommunikationsbetreiber ausdr\u00fccklich als Anbieter elektronischer Kommunikationsdienste in den Anwendungsbereich. Strafverfolgungsbeh\u00f6rden in ganz Europa k\u00f6nnen nun Europ\u00e4ische Herausgabeanordnungen (European Production Orders, EPOC) und Aufbewahrungsanordnungen (Preservation Orders, EPOC-PR) direkt an Telekommunikationsunternehmen richten und die Offenlegung von Teilnehmerdaten, Zugriffsprotokollen, CDRs und sogar Inhaltsdaten innerhalb strenger Fristen verlangen.<\/p>\n    \n    <div style=\"display: grid; grid-template-columns: repeat(auto-fit, minmax(280px, 1fr)); gap: 25px; margin-bottom: 35px;\">\n      <div style=\"background: rgba(255,255,255,0.04); border-radius: 8px; padding: 28px; border: 1px solid rgba(255,255,255,0.08);\">\n        <h3 style=\"color: #ffffff; font-size: 20px; font-weight: 600; margin-bottom: 12px;\">Telco-Datenkategorien unter EPOC<\/h3>\n        <p style=\"color: #8892a4; font-size: 15px; line-height: 1.6; margin: 0;\">Ihre Teilnehmerdatens\u00e4tze (MSISDN, IMSI, Kundendaten), Zugangsdaten (IP-Protokolle, Cell-ID, Login-Zeitstempel), Transaktionsdaten (CDRs, Abrechnungsdatens\u00e4tze) und Inhaltsdaten fallen alle unter die vier EPOC-Datenkategorien. ICS ordnet Ihre vorhandenen BSS\/OSS-Daten automatisch der Verordnung zu.<\/p>\n      <\/div>\n      <div style=\"background: rgba(255,255,255,0.04); border-radius: 8px; padding: 28px; border: 1px solid rgba(255,255,255,0.08);\">\n        <h3 style=\"color: #ffffff; font-size: 20px; font-weight: 600; margin-bottom: 12px;\">Erweitert Ihre bestehende LI-Infrastruktur<\/h3>\n        <p style=\"color: #8892a4; font-size: 15px; line-height: 1.6; margin: 0;\">ICS e-Evidence l\u00e4sst sich direkt in Ihr bestehendes LIMS und Ihre LI Mediation Platform integrieren. Kein separates Silo. Dieselbe ETSI-konforme Architektur, die Sie bereits f\u00fcr die gesetzeskonforme \u00dcberwachung verwenden, wickelt jetzt e-Evidence-Auftr\u00e4ge ab, mit automatischer Datenextraktion aus Ihren Bereitstellungs- und CDR-Systemen.<\/p>\n      <\/div>\n      <div style=\"background: rgba(255,255,255,0.04); border-radius: 8px; padding: 28px; border: 1px solid rgba(255,255,255,0.08);\">\n        <h3 style=\"color: #ffffff; font-size: 20px; font-weight: 600; margin-bottom: 12px;\">Gebaut f\u00fcr Telco-Volumen<\/h3>\n        <p style=\"color: #8892a4; font-size: 15px; line-height: 1.6; margin: 0;\">Telekommunikationsunternehmen, die Millionen von Abonnenten bedienen, werden mit einem hohen Volumen an EPOC-Auftr\u00e4gen konfrontiert. Unsere Automatisierungs-Engine \u00fcbernimmt die Massenverarbeitung, die API-Integration mit BSS\/OSS und die 24\/7-Betriebsbereitschaft, einschlie\u00dflich der 8-Stunden-Notfallreaktions-SLA f\u00fcr F\u00e4lle von Terrorismus und unmittelbarer Bedrohung.<\/p>\n      <\/div>\n      <div style=\"background: rgba(255,255,255,0.04); border-radius: 8px; padding: 28px; border: 1px solid rgba(255,255,255,0.08);\">\n        <h3 style=\"color: #ffffff; font-size: 20px; font-weight: 600; margin-bottom: 12px;\">N\u00e4chster Compliance-Layer auf TKG\/TK\u00dcV<\/h3>\n        <p style=\"color: #8892a4; font-size: 15px; line-height: 1.6; margin: 0;\">Sie erf\u00fcllen bereits TKG \u00a7170ff, TR TK\u00dcV und Vorratsdatenspeicherung\/Quick-Freeze. e-Evidence ist die n\u00e4chste obligatorische Compliance-Ebene. ICS positioniert es als eine nat\u00fcrliche Erweiterung dessen, was Sie bereits haben - und nicht als ein separates System, das Sie verwalten m\u00fcssen.<\/p>\n      <\/div>\n    <\/div>\n    \n    <div style=\"text-align: center;\">\n      <a href=\"\/de\/losungen\/e-nachweis-der-einhaltung\/\" style=\"display: inline-block; background: #e94560; color: #ffffff; padding: 15px 36px; border-radius: 4px; text-decoration: none; font-weight: 600; font-size: 16px;\">Erfahren Sie mehr \u00fcber e-Evidence f\u00fcr Telekommunikationsunternehmen<\/a>\n    <\/div>\n  <\/div>\n<\/div>\n<\/div>\n\n\n\n<div class=\"wp-block-uagb-container uagb-block-g2drhzrc alignfull uagb-is-root-container\"><div class=\"uagb-container-inner-blocks-wrap\">\n<div class=\"wp-block-uagb-info-box uagb-block-ljqw0ixd uagb-infobox__content-wrap  uagb-infobox-icon-above-title uagb-infobox-image-valign-top\"><div class=\"uagb-ifb-content\"><div class=\"uagb-ifb-title-wrap\"><h2 class=\"uagb-ifb-title\">Warum Telekommunikationsunternehmen ICS f\u00fcr TK\u00dc w\u00e4hlen<\/h2><\/div><\/div><\/div>\n\n\n\n<div class=\"wp-block-uagb-container uagb-block-6tcuhtpz\">\n<div class=\"wp-block-uagb-info-box uagb-block-8pg020ul uagb-infobox__content-wrap  uagb-infobox-icon-above-title uagb-infobox-image-valign-top\"><div class=\"uagb-ifb-content\"><div class=\"uagb-ifb-title-wrap\"><p class=\"uagb-ifb-title\">Telekommunikationsbetreiber ben\u00f6tigen L\u00f6sungen f\u00fcr die Telekommunikations\u00fcberwachung, die zuverl\u00e4ssig \u00fcber verschiedene Netzwerktechnologien hinweg funktionieren, mehrere rechtliche Rahmenbedingungen erf\u00fcllen und von kleinen bis hin zu umfangreichen Operationen skalierbar sind. ICS kombiniert umfassende Erfahrung mit ETSI- und 3GPP-Standards mit praktischem Implementierungswissen in Festnetz-, Mobilfunk-, IP- und OTT-Umgebungen.<\/p><\/div><p class=\"uagb-ifb-desc\">Ganz gleich, ob Sie einen kompletten Managed Service, eine benutzerdefinierte Integration mit Altsystemen, eigenst\u00e4ndige Softwareplattformen oder spezialisierte Beratungsunterst\u00fctzung ben\u00f6tigen, wir passen unsere L\u00f6sungen an Ihre spezifischen Anforderungen an. Unser Team arbeitet direkt mit Betreibern, Aufsichtsbeh\u00f6rden und Strafverfolgungsbeh\u00f6rden zusammen. Dadurch verf\u00fcgen wir \u00fcber das funktions\u00fcbergreifende Fachwissen, das f\u00fcr eine konforme, pr\u00fcfungsreife LI-Implementierung erforderlich ist.<\/p><\/div><\/div>\n\n\n\n<div class=\"wp-block-uagb-container uagb-block-wbeleqcl\">\n<div class=\"wp-block-uagb-info-box uagb-block-u32x3gei uagb-infobox__content-wrap  uagb-infobox-icon-left-title uagb-infobox-left uagb-infobox-image-valign-middle\"><div class=\"uagb-ifb-content\"><div class=\"uagb-ifb-left-title-image\"><div class=\"uagb-ifb-icon-wrap\"><svg xmlns=\"https:\/\/www.w3.org\/2000\/svg\" viewbox=\"0 0 448 512\"><path d=\"M438.6 105.4C451.1 117.9 451.1 138.1 438.6 150.6L182.6 406.6C170.1 419.1 149.9 419.1 137.4 406.6L9.372 278.6C-3.124 266.1-3.124 245.9 9.372 233.4C21.87 220.9 42.13 220.9 54.63 233.4L159.1 338.7L393.4 105.4C405.9 92.88 426.1 92.88 438.6 105.4H438.6z\"><\/path><\/svg><\/div><div class=\"uagb-ifb-title-wrap\"><p class=\"uagb-ifb-title\">Innovationsgetriebene L\u00f6sungen<\/p><\/div><\/div><p class=\"uagb-ifb-desc\">Unsere modulare Architektur erm\u00f6glicht es Ihnen, mit Kernfunktionen zu beginnen und diese je nach Bedarf zu erweitern. Alle L\u00f6sungen folgen den ETSI- und 3GPP-Referenzmodellen und gew\u00e4hrleisten so Interoperabilit\u00e4t, Zukunftssicherheit und Anpassung an internationale Best Practices.<\/p><div class=\"uagb-ifb-separator\"><\/div><\/div><\/div>\n\n\n\n<div class=\"wp-block-uagb-info-box uagb-block-wxv9ztrl uagb-infobox__content-wrap  uagb-infobox-icon-left-title uagb-infobox-left uagb-infobox-image-valign-middle\"><div class=\"uagb-ifb-content\"><div class=\"uagb-ifb-left-title-image\"><div class=\"uagb-ifb-icon-wrap\"><svg xmlns=\"https:\/\/www.w3.org\/2000\/svg\" viewbox=\"0 0 448 512\"><path d=\"M438.6 105.4C451.1 117.9 451.1 138.1 438.6 150.6L182.6 406.6C170.1 419.1 149.9 419.1 137.4 406.6L9.372 278.6C-3.124 266.1-3.124 245.9 9.372 233.4C21.87 220.9 42.13 220.9 54.63 233.4L159.1 338.7L393.4 105.4C405.9 92.88 426.1 92.88 438.6 105.4H438.6z\"><\/path><\/svg><\/div><div class=\"uagb-ifb-title-wrap\"><p class=\"uagb-ifb-title\">Personalisierter Ansatz<\/p><\/div><\/div><p class=\"uagb-ifb-desc\">Jeder Betreiber verf\u00fcgt \u00fcber unterschiedliche Netztopologien, Dienstportfolios und rechtliche Rahmenbedingungen. Wir passen die Bereitstellungen an Ihre spezifische Umgebung an, sei es durch die Integration mit Kernen verschiedener Anbieter, durch die Unterst\u00fctzung spezieller nationaler Anforderungen oder durch die Anpassung an spezielle Diensttypen.<\/p><div class=\"uagb-ifb-separator\"><\/div><\/div><\/div>\n\n\n\n<div class=\"wp-block-uagb-info-box uagb-block-1xtpl6ce uagb-infobox__content-wrap  uagb-infobox-icon-left-title uagb-infobox-left uagb-infobox-image-valign-middle\"><div class=\"uagb-ifb-content\"><div class=\"uagb-ifb-left-title-image\"><div class=\"uagb-ifb-icon-wrap\"><svg xmlns=\"https:\/\/www.w3.org\/2000\/svg\" viewbox=\"0 0 448 512\"><path d=\"M438.6 105.4C451.1 117.9 451.1 138.1 438.6 150.6L182.6 406.6C170.1 419.1 149.9 419.1 137.4 406.6L9.372 278.6C-3.124 266.1-3.124 245.9 9.372 233.4C21.87 220.9 42.13 220.9 54.63 233.4L159.1 338.7L393.4 105.4C405.9 92.88 426.1 92.88 438.6 105.4H438.6z\"><\/path><\/svg><\/div><div class=\"uagb-ifb-title-wrap\"><p class=\"uagb-ifb-title\">Hervorragender Kundenservice<\/p><\/div><\/div><p class=\"uagb-ifb-desc\">Von der anf\u00e4nglichen Bewertung bis zum langfristigen Support bietet unser Team reaktionsschnelle Unterst\u00fctzung bei technischen Problemen, rechtlichen Fragen und betrieblichen Herausforderungen. Wir sind Ihr Partner bei der Aufrechterhaltung einer gesetzeskonformen, zuverl\u00e4ssigen \u00dcberwachung, wenn sich Ihr Netzwerk und Ihre Dienste weiterentwickeln.<\/p><div class=\"uagb-ifb-separator\"><\/div><\/div><\/div>\n<\/div>\n<\/div>\n<\/div><\/div>","protected":false},"excerpt":{"rendered":"<p>Compliance Deadline: August 18, 2026 e-Evidence Compliance for Telecommunications Providers Under EU Regulation 2023\/1543, telecommunications operators are explicitly in scope [&hellip;]<\/p>\n","protected":false},"author":2,"featured_media":0,"parent":1432,"menu_order":0,"comment_status":"closed","ping_status":"closed","template":"","meta":{"_uag_custom_page_level_css":"","site-sidebar-layout":"default","site-content-layout":"","ast-site-content-layout":"default","site-content-style":"default","site-sidebar-style":"default","ast-global-header-display":"","ast-banner-title-visibility":"","ast-main-header-display":"","ast-hfb-above-header-display":"","ast-hfb-below-header-display":"","ast-hfb-mobile-header-display":"","site-post-title":"disabled","ast-breadcrumbs-content":"","ast-featured-img":"","footer-sml-layout":"","ast-disable-related-posts":"","theme-transparent-header-meta":"","adv-header-id-meta":"","stick-header-meta":"","header-above-stick-meta":"","header-main-stick-meta":"","header-below-stick-meta":"","astra-migrate-meta-layouts":"default","ast-page-background-enabled":"default","ast-page-background-meta":{"desktop":{"background-color":"var(--ast-global-color-5)","background-image":"","background-repeat":"repeat","background-position":"center center","background-size":"auto","background-attachment":"scroll","background-type":"","background-media":"","overlay-type":"","overlay-color":"","overlay-opacity":"","overlay-gradient":""},"tablet":{"background-color":"","background-image":"","background-repeat":"repeat","background-position":"center center","background-size":"auto","background-attachment":"scroll","background-type":"","background-media":"","overlay-type":"","overlay-color":"","overlay-opacity":"","overlay-gradient":""},"mobile":{"background-color":"","background-image":"","background-repeat":"repeat","background-position":"center center","background-size":"auto","background-attachment":"scroll","background-type":"","background-media":"","overlay-type":"","overlay-color":"","overlay-opacity":"","overlay-gradient":""}},"ast-content-background-meta":{"desktop":{"background-color":"var(--ast-global-color-4)","background-image":"","background-repeat":"repeat","background-position":"center center","background-size":"auto","background-attachment":"scroll","background-type":"","background-media":"","overlay-type":"","overlay-color":"","overlay-opacity":"","overlay-gradient":""},"tablet":{"background-color":"var(--ast-global-color-4)","background-image":"","background-repeat":"repeat","background-position":"center center","background-size":"auto","background-attachment":"scroll","background-type":"","background-media":"","overlay-type":"","overlay-color":"","overlay-opacity":"","overlay-gradient":""},"mobile":{"background-color":"var(--ast-global-color-4)","background-image":"","background-repeat":"repeat","background-position":"center center","background-size":"auto","background-attachment":"scroll","background-type":"","background-media":"","overlay-type":"","overlay-color":"","overlay-opacity":"","overlay-gradient":""}},"footnotes":""},"class_list":["post-1434","page","type-page","status-publish","hentry"],"uagb_featured_image_src":{"full":false,"thumbnail":false,"medium":false,"medium_large":false,"large":false,"1536x1536":false,"2048x2048":false,"trp-custom-language-flag":false},"uagb_author_info":{"display_name":"chatgpt","author_link":"https:\/\/ic-services.io\/de\/author\/chatgpt\/"},"uagb_comment_info":0,"uagb_excerpt":"Compliance Deadline: August 18, 2026 e-Evidence Compliance for Telecommunications Providers Under EU Regulation 2023\/1543, telecommunications operators are explicitly in scope [&hellip;]","_links":{"self":[{"href":"https:\/\/ic-services.io\/de\/wp-json\/wp\/v2\/pages\/1434","targetHints":{"allow":["GET"]}}],"collection":[{"href":"https:\/\/ic-services.io\/de\/wp-json\/wp\/v2\/pages"}],"about":[{"href":"https:\/\/ic-services.io\/de\/wp-json\/wp\/v2\/types\/page"}],"author":[{"embeddable":true,"href":"https:\/\/ic-services.io\/de\/wp-json\/wp\/v2\/users\/2"}],"replies":[{"embeddable":true,"href":"https:\/\/ic-services.io\/de\/wp-json\/wp\/v2\/comments?post=1434"}],"version-history":[{"count":9,"href":"https:\/\/ic-services.io\/de\/wp-json\/wp\/v2\/pages\/1434\/revisions"}],"predecessor-version":[{"id":2296,"href":"https:\/\/ic-services.io\/de\/wp-json\/wp\/v2\/pages\/1434\/revisions\/2296"}],"up":[{"embeddable":true,"href":"https:\/\/ic-services.io\/de\/wp-json\/wp\/v2\/pages\/1432"}],"wp:attachment":[{"href":"https:\/\/ic-services.io\/de\/wp-json\/wp\/v2\/media?parent=1434"}],"curies":[{"name":"wp","href":"https:\/\/api.w.org\/{rel}","templated":true}]}}