{"id":1436,"date":"2026-01-27T17:38:00","date_gmt":"2026-01-27T16:38:00","guid":{"rendered":"https:\/\/dev.ic-services.io\/?page_id=1436"},"modified":"2026-03-14T16:57:23","modified_gmt":"2026-03-14T15:57:23","slug":"abhoren-durch-die-strafverfolgungsbehorden","status":"publish","type":"page","link":"https:\/\/ic-services.io\/de\/industries\/law-enforcement-interception\/","title":{"rendered":"Regulierungs- und Strafverfolgungsbeh\u00f6rden"},"content":{"rendered":"<div class=\"wp-block-uagb-container uagb-block-rrnmnoer alignfull uagb-is-root-container\">\n<div class=\"wp-block-uagb-container uagb-block-896yetqm\">\n<div class=\"wp-block-uagb-info-box uagb-block-igyvepv8 uagb-infobox__content-wrap  uagb-infobox-icon-above-title uagb-infobox-image-valign-top\"><div class=\"uagb-ifb-content\"><div class=\"uagb-ifb-title-wrap\"><h1 class=\"uagb-ifb-title\">Partnerschaft mit Aufsichtsbeh\u00f6rden und Strafverfolgungsbeh\u00f6rden<\/h1><\/div><\/div><\/div>\n\n\n\n<div class=\"wp-block-uagb-container uagb-block-utxhl7gi\">\n<div class=\"wp-block-uagb-info-box uagb-block-kotvdy5k uagb-infobox__content-wrap  uagb-infobox-icon-above-title uagb-infobox-image-valign-top\"><div class=\"uagb-ifb-content\"><div class=\"uagb-ifb-title-wrap\"><\/div><p class=\"uagb-ifb-desc\">ICS arbeitet mit Regulierungsbeh\u00f6rden und Strafverfolgungsbeh\u00f6rden zusammen, um sicherzustellen, dass Anbieter von Kommunikationsdiensten gesetzeskonforme TK\u00dc-Funktionen implementieren, die den nationalen Anforderungen entsprechen, eine rechtzeitige und genaue Daten\u00fcbermittlung erm\u00f6glichen und effektive Ermittlungen unter Wahrung der Datenschutzrechte unterst\u00fctzen.<\/p><\/div><\/div>\n\n\n\n<div class=\"wp-block-uagb-buttons uagb-buttons__outer-wrap uagb-btn__default-btn uagb-btn-tablet__default-btn uagb-btn-mobile__default-btn uagb-block-msaj3tia\"><div class=\"uagb-buttons__wrap uagb-buttons-layout-wrap\">\n<div class=\"wp-block-uagb-buttons-child uagb-buttons__outer-wrap uagb-block-ujc3c5sa wp-block-button\"><div class=\"uagb-button__wrapper\"><a class=\"uagb-buttons-repeater wp-block-button__link\" aria-label=\"\" href=\"\/de\/kontakt\/\" rel=\"follow noopener\" target=\"_self\" role=\"button\"><div class=\"uagb-button__link\">Einen Experten kontaktieren<\/div><\/a><\/div><\/div>\n<\/div><\/div>\n<\/div>\n<\/div>\n\n\n\n<div class=\"wp-block-uagb-container uagb-block-dghmpdrz alignfull uagb-is-root-container\"><\/div>\n<\/div>\n\n\n\n<div class=\"wp-block-uagb-container uagb-block-ecaxldog alignfull uagb-is-root-container\"><div class=\"uagb-container-inner-blocks-wrap\">\n<div class=\"wp-block-uagb-info-box uagb-block-nlha14ax uagb-infobox__content-wrap  uagb-infobox-icon-above-title uagb-infobox-image-valign-top\"><div class=\"uagb-ifb-content\"><div class=\"uagb-ifb-title-wrap\"><h2 class=\"uagb-ifb-title\">Wie wir Regulierungs- und Strafverfolgungsbeh\u00f6rden unterst\u00fctzen<\/h2><\/div><p class=\"uagb-ifb-desc\">Unser Fachwissen \u00fcberbr\u00fcckt die Kluft zwischen den technischen M\u00f6glichkeiten, den rechtlichen Anforderungen und der betrieblichen Realit\u00e4t und hilft den Beh\u00f6rden, die ben\u00f6tigten Daten in konformen, brauchbaren Formaten zu erhalten.<\/p><\/div><\/div>\n\n\n\n<div class=\"wp-block-uagb-container uagb-layout-grid uagb-block-7e93wkbv\">\n<div class=\"wp-block-uagb-container uagb-block-tjbfbac7\">\n<div class=\"wp-block-uagb-info-box uagb-block-ipnxembk uagb-infobox__content-wrap  uagb-infobox-icon-above-title uagb-infobox-image-valign-top\"><div class=\"uagb-ifb-content\"><div class=\"uagb-ifb-title-wrap\"><p class=\"uagb-ifb-title-prefix\">01<\/p><h3 class=\"uagb-ifb-title\">Unterst\u00fctzung bei der Umsetzung von Normen<\/h3><\/div><p class=\"uagb-ifb-desc\">Wir unterst\u00fctzen die Regulierungsbeh\u00f6rden bei der Entwicklung nationaler Rahmenregelungen f\u00fcr die rechtm\u00e4\u00dfige \u00dcberwachung, die mit den internationalen Standards von ETSI und 3GPP \u00fcbereinstimmen. Unser Team unterst\u00fctzt die Entwicklung von technischen Spezifikationen, nationalen Parameterdefinitionen und Leitf\u00e4den, die CSPs in allen L\u00e4ndern einheitlich umsetzen k\u00f6nnen.<\/p><\/div><\/div>\n<\/div>\n\n\n\n<div class=\"wp-block-uagb-container uagb-block-wvuli0ha\">\n<div class=\"wp-block-uagb-info-box uagb-block-1yy1iobw uagb-infobox__content-wrap  uagb-infobox-icon-above-title uagb-infobox-image-valign-top\"><div class=\"uagb-ifb-content\"><div class=\"uagb-ifb-title-wrap\"><p class=\"uagb-ifb-title-prefix\">02<\/p><h3 class=\"uagb-ifb-title\">Bewertung und Zertifizierung von Betreibern<\/h3><\/div><p class=\"uagb-ifb-desc\">Wir unterst\u00fctzen Regulierungsbeh\u00f6rden bei der Bewertung der Einhaltung von CSP durch technische Bewertungen, Schnittstellentests und Systemaudits. Unser unabh\u00e4ngiges Fachwissen hilft bei der \u00dcberpr\u00fcfung, ob die eingesetzten Systeme die Anforderungen erf\u00fcllen und Daten in den richtigen Formaten und innerhalb der richtigen Fristen liefern k\u00f6nnen.<\/p><\/div><\/div>\n<\/div>\n\n\n\n<div class=\"wp-block-uagb-container uagb-block-9ntxx0tf\">\n<div class=\"wp-block-uagb-info-box uagb-block-gcglow86 uagb-infobox__content-wrap  uagb-infobox-icon-above-title uagb-infobox-image-valign-top\"><div class=\"uagb-ifb-content\"><div class=\"uagb-ifb-title-wrap\"><p class=\"uagb-ifb-title-prefix\">03<\/p><h3 class=\"uagb-ifb-title\">LEA-Schnittstelle &amp; Onboarding<\/h3><\/div><p class=\"uagb-ifb-desc\">Wir unterst\u00fctzen die \u00dcberwachungseinrichtungen der Strafverfolgungsbeh\u00f6rden bei der technischen Anbindung an CSP-Systeme, einschlie\u00dflich der Konfiguration der \u00dcbergabeschnittstelle, des Zertifikatsmanagements, der Formatvalidierung und der \u00dcbermittlungstests. Unser Team gew\u00e4hrleistet eine sichere, zuverl\u00e4ssige Konnektivit\u00e4t f\u00fcr den Empfang von Legal Interception-Daten.<\/p><\/div><\/div>\n<\/div>\n\n\n\n<div class=\"wp-block-uagb-container uagb-block-evbiugau\">\n<div class=\"wp-block-uagb-info-box uagb-block-5h9aqapf uagb-infobox__content-wrap  uagb-infobox-icon-above-title uagb-infobox-image-valign-top\"><div class=\"uagb-ifb-content\"><div class=\"uagb-ifb-title-wrap\"><p class=\"uagb-ifb-title-prefix\">04<\/p><h3 class=\"uagb-ifb-title\">Ausbildung und Kapazit\u00e4tsaufbau<\/h3><\/div><p class=\"uagb-ifb-desc\">Wir bieten Schulungsprogramme f\u00fcr Mitarbeiter von Aufsichtsbeh\u00f6rden und technischen Teams von Strafverfolgungsbeh\u00f6rden an, die sich mit ETSI-Normen, Schnittstellenprotokollen, Datenformaten und Fehlerbehebung befassen. Dadurch wird internes Fachwissen f\u00fcr die laufende \u00dcberwachung und operative Unterst\u00fctzung aufgebaut.<\/p><\/div><\/div>\n<\/div>\n\n\n\n<div class=\"wp-block-uagb-container uagb-block-pfvmz39g\">\n<div class=\"wp-block-uagb-info-box uagb-block-5zjp1vkw uagb-infobox__content-wrap  uagb-infobox-icon-above-title uagb-infobox-image-valign-top\"><div class=\"uagb-ifb-content\"><div class=\"uagb-ifb-title-wrap\"><p class=\"uagb-ifb-title-prefix\">05<\/p><h3 class=\"uagb-ifb-title\">Koordinierung zwischen mehreren Gerichtsbarkeiten<\/h3><\/div><p class=\"uagb-ifb-desc\">F\u00fcr Beh\u00f6rden, die grenz\u00fcberschreitend oder mit internationalen Partnern zusammenarbeiten, erleichtern wir die rechtsgebiets\u00fcbergreifende Koordinierung, die Harmonisierung von Formaten und die Rechtshilfeprozesse. Unsere Erfahrung mit mehreren nationalen Rahmenwerken tr\u00e4gt zur Straffung der internationalen Zusammenarbeit bei.<\/p><\/div><\/div>\n<\/div>\n\n\n\n<div class=\"wp-block-uagb-container uagb-block-8yjpnzxb\">\n<div class=\"wp-block-uagb-info-box uagb-block-hrlv5gym uagb-infobox__content-wrap  uagb-infobox-icon-above-title uagb-infobox-image-valign-top\"><div class=\"uagb-ifb-content\"><div class=\"uagb-ifb-title-wrap\"><p class=\"uagb-ifb-title-prefix\">06<\/p><h3 class=\"uagb-ifb-title\">Qualit\u00e4tssicherung und \u00dcberwachung<\/h3><\/div><p class=\"uagb-ifb-desc\">Wir unterst\u00fctzen die Beh\u00f6rden bei der Einrichtung von Qualit\u00e4ts\u00fcberwachungsprozessen f\u00fcr die empfangenen Daten, einschlie\u00dflich automatischer Validierung, Vollst\u00e4ndigkeitspr\u00fcfung und Verfolgung der Lieferleistung. Dadurch wird sichergestellt, dass die CSPs die Compliance im Laufe der Zeit aufrechterhalten und die Daten f\u00fcr Ermittlungen nutzbar bleiben.<\/p><\/div><\/div>\n<\/div>\n<\/div>\n<\/div><\/div>\n\n\n\n<div class=\"wp-block-uagb-container uagb-block-murcuvie alignfull uagb-is-root-container\"><div class=\"uagb-container-inner-blocks-wrap\">\n<div class=\"wp-block-uagb-info-box uagb-block-hcero9nd uagb-infobox__content-wrap  uagb-infobox-icon-above-title uagb-infobox-image-valign-top\"><div class=\"uagb-ifb-content\"><div class=\"uagb-ifb-title-wrap\"><h2 class=\"uagb-ifb-title\">Innovative L\u00f6sungen f\u00fcr moderne Herausforderungen<\/h2><\/div><\/div><\/div>\n\n\n\n<div class=\"wp-block-uagb-container uagb-block-jkebwqip\">\n<div class=\"wp-block-uagb-info-box uagb-block-sbdkqx8o uagb-infobox__content-wrap  uagb-infobox-icon-above-title uagb-infobox-image-valign-top\"><div class=\"uagb-ifb-content\"><div class=\"uagb-ifb-title-wrap\"><\/div><p class=\"uagb-ifb-desc\">Strafverfolgungs- und Regulierungsbeh\u00f6rden sehen sich mit wachsenden Herausforderungen konfrontiert, da Kommunikationsdienste auf IP umgestellt werden, OTT-Plattformen sich ausbreiten und eine grenz\u00fcberschreitende Zusammenarbeit unerl\u00e4sslich wird. ICS bietet das technische Fachwissen und die praktische Erfahrung, um diese Herausforderungen zu bew\u00e4ltigen und gleichzeitig den Ermittlungsbedarf mit dem Schutz der Privatsph\u00e4re und den betrieblichen Zw\u00e4ngen der CSPs in Einklang zu bringen.<\/p><\/div><\/div>\n\n\n\n<div class=\"wp-block-uagb-info-box uagb-block-7wob1ylg uagb-infobox__content-wrap  uagb-infobox-icon-above-title uagb-infobox-image-valign-top\"><div class=\"uagb-ifb-content\"><div class=\"uagb-ifb-title-wrap\"><\/div><p class=\"uagb-ifb-desc\">Wir arbeiten neutral mit allen Beteiligten zusammen - den Regulierungsbeh\u00f6rden, die die Anforderungen festlegen, den CSPs, die die Funktionen implementieren, und den Strafverfolgungsbeh\u00f6rden, die die Daten erhalten -, um sicherzustellen, dass die gesetzlichen Abh\u00f6rsysteme brauchbare, zeitnahe und konforme Ergebnisse liefern. Unser Team kennt sowohl die technischen Protokolle als auch die betrieblichen Realit\u00e4ten, die eine effektive \u00dcberwachung erm\u00f6glichen.<\/p><\/div><\/div>\n<\/div>\n\n\n\n<div class=\"wp-block-uagb-separator uagb-block-en3qspjh\"><div class=\"wp-block-uagb-separator__inner\" style=\"--my-background-image:\"><\/div><\/div>\n\n\n\n<div class=\"wp-block-uagb-container uagb-block-2gpisr2j\">\n<div class=\"wp-block-uagb-info-box uagb-block-1oxxbehi uagb-infobox__content-wrap  uagb-infobox-icon-above-title uagb-infobox-image-valign-top\"><div class=\"uagb-ifb-content\"><div class=\"uagb-ifb-icon-wrap\"><svg xmlns=\"https:\/\/www.w3.org\/2000\/svg\" viewbox=\"0 0 448 512\"><path d=\"M438.6 105.4C451.1 117.9 451.1 138.1 438.6 150.6L182.6 406.6C170.1 419.1 149.9 419.1 137.4 406.6L9.372 278.6C-3.124 266.1-3.124 245.9 9.372 233.4C21.87 220.9 42.13 220.9 54.63 233.4L159.1 338.7L393.4 105.4C405.9 92.88 426.1 92.88 438.6 105.4H438.6z\"><\/path><\/svg><\/div><div class=\"uagb-ifb-title-wrap\"><p class=\"uagb-ifb-title\">Technische Neutralit\u00e4t<\/p><\/div><p class=\"uagb-ifb-desc\">Wir bieten unabh\u00e4ngiges Fachwissen, das den Interessen aller Beteiligten dient: Wir unterst\u00fctzen die Regulierungsbeh\u00f6rden bei der Festlegung realisierbarer Anforderungen, erm\u00f6glichen den CSPs eine effiziente Umsetzung und stellen sicher, dass die Beh\u00f6rden brauchbare Daten erhalten. Unsere Empfehlungen geben praktikablen, standardbasierten L\u00f6sungen den Vorrang.<\/p><\/div><\/div>\n\n\n\n<div class=\"wp-block-uagb-info-box uagb-block-hvt2qacd uagb-infobox__content-wrap  uagb-infobox-icon-above-title uagb-infobox-image-valign-top\"><div class=\"uagb-ifb-content\"><div class=\"uagb-ifb-icon-wrap\"><svg xmlns=\"https:\/\/www.w3.org\/2000\/svg\" viewbox=\"0 0 448 512\"><path d=\"M438.6 105.4C451.1 117.9 451.1 138.1 438.6 150.6L182.6 406.6C170.1 419.1 149.9 419.1 137.4 406.6L9.372 278.6C-3.124 266.1-3.124 245.9 9.372 233.4C21.87 220.9 42.13 220.9 54.63 233.4L159.1 338.7L393.4 105.4C405.9 92.88 426.1 92.88 438.6 105.4H438.6z\"><\/path><\/svg><\/div><div class=\"uagb-ifb-title-wrap\"><p class=\"uagb-ifb-title\">Ausrichtung der Standards<\/p><\/div><p class=\"uagb-ifb-desc\">Alle unsere Anleitungen und Implementierungen folgen den ETSI-, 3GPP- und den einschl\u00e4gigen nationalen Normen, um Interoperabilit\u00e4t, Zul\u00e4ssigkeit von Beweisen und langfristige Nachhaltigkeit zu gew\u00e4hrleisten. Wir helfen bei der Umsetzung internationaler Rahmenwerke in praktische nationale Implementierungen.<\/p><\/div><\/div>\n\n\n\n<div class=\"wp-block-uagb-info-box uagb-block-jatmsoq4 uagb-infobox__content-wrap  uagb-infobox-icon-above-title uagb-infobox-image-valign-top\"><div class=\"uagb-ifb-content\"><div class=\"uagb-ifb-icon-wrap\"><svg xmlns=\"https:\/\/www.w3.org\/2000\/svg\" viewbox=\"0 0 448 512\"><path d=\"M438.6 105.4C451.1 117.9 451.1 138.1 438.6 150.6L182.6 406.6C170.1 419.1 149.9 419.1 137.4 406.6L9.372 278.6C-3.124 266.1-3.124 245.9 9.372 233.4C21.87 220.9 42.13 220.9 54.63 233.4L159.1 338.7L393.4 105.4C405.9 92.88 426.1 92.88 438.6 105.4H438.6z\"><\/path><\/svg><\/div><div class=\"uagb-ifb-title-wrap\"><p class=\"uagb-ifb-title\">Grenz\u00fcberschreitende Erfahrung<\/p><\/div><p class=\"uagb-ifb-desc\">Unser Team hat mit Aufsichtsbeh\u00f6rden und -agenturen in mehreren europ\u00e4ischen L\u00e4ndern zusammengearbeitet, was uns einen tiefen Einblick in unterschiedliche Ans\u00e4tze, gemeinsame Herausforderungen und effektive Praktiken erm\u00f6glicht, die an die jeweilige Rechtsprechung angepasst werden k\u00f6nnen.<\/p><\/div><\/div>\n\n\n\n<div class=\"wp-block-uagb-info-box uagb-block-ejfb27cw uagb-infobox__content-wrap  uagb-infobox-icon-above-title uagb-infobox-image-valign-top\"><div class=\"uagb-ifb-content\"><div class=\"uagb-ifb-icon-wrap\"><svg xmlns=\"https:\/\/www.w3.org\/2000\/svg\" viewbox=\"0 0 448 512\"><path d=\"M438.6 105.4C451.1 117.9 451.1 138.1 438.6 150.6L182.6 406.6C170.1 419.1 149.9 419.1 137.4 406.6L9.372 278.6C-3.124 266.1-3.124 245.9 9.372 233.4C21.87 220.9 42.13 220.9 54.63 233.4L159.1 338.7L393.4 105.4C405.9 92.88 426.1 92.88 438.6 105.4H438.6z\"><\/path><\/svg><\/div><div class=\"uagb-ifb-title-wrap\"><p class=\"uagb-ifb-title\">Operativer Schwerpunkt<\/p><\/div><p class=\"uagb-ifb-desc\">\u00dcber die technische Konformit\u00e4t hinaus legen wir gro\u00dfen Wert auf die betriebliche Effizienz - wir stellen sicher, dass die Daten rechtzeitig zur Unterst\u00fctzung von Ermittlungen eintreffen, dass die Formate von den Analysten genutzt werden k\u00f6nnen und dass die Prozesse sowohl f\u00fcr die CSPs als auch f\u00fcr die Beh\u00f6rden langfristig tragf\u00e4hig sind.<\/p><\/div><\/div>\n<\/div>\n<\/div><\/div>","protected":false},"excerpt":{"rendered":"","protected":false},"author":2,"featured_media":0,"parent":1432,"menu_order":0,"comment_status":"closed","ping_status":"closed","template":"","meta":{"_uag_custom_page_level_css":"","site-sidebar-layout":"default","site-content-layout":"","ast-site-content-layout":"default","site-content-style":"default","site-sidebar-style":"default","ast-global-header-display":"","ast-banner-title-visibility":"","ast-main-header-display":"","ast-hfb-above-header-display":"","ast-hfb-below-header-display":"","ast-hfb-mobile-header-display":"","site-post-title":"disabled","ast-breadcrumbs-content":"","ast-featured-img":"","footer-sml-layout":"","ast-disable-related-posts":"","theme-transparent-header-meta":"","adv-header-id-meta":"","stick-header-meta":"","header-above-stick-meta":"","header-main-stick-meta":"","header-below-stick-meta":"","astra-migrate-meta-layouts":"default","ast-page-background-enabled":"default","ast-page-background-meta":{"desktop":{"background-color":"var(--ast-global-color-5)","background-image":"","background-repeat":"repeat","background-position":"center center","background-size":"auto","background-attachment":"scroll","background-type":"","background-media":"","overlay-type":"","overlay-color":"","overlay-opacity":"","overlay-gradient":""},"tablet":{"background-color":"","background-image":"","background-repeat":"repeat","background-position":"center center","background-size":"auto","background-attachment":"scroll","background-type":"","background-media":"","overlay-type":"","overlay-color":"","overlay-opacity":"","overlay-gradient":""},"mobile":{"background-color":"","background-image":"","background-repeat":"repeat","background-position":"center center","background-size":"auto","background-attachment":"scroll","background-type":"","background-media":"","overlay-type":"","overlay-color":"","overlay-opacity":"","overlay-gradient":""}},"ast-content-background-meta":{"desktop":{"background-color":"var(--ast-global-color-4)","background-image":"","background-repeat":"repeat","background-position":"center center","background-size":"auto","background-attachment":"scroll","background-type":"","background-media":"","overlay-type":"","overlay-color":"","overlay-opacity":"","overlay-gradient":""},"tablet":{"background-color":"var(--ast-global-color-4)","background-image":"","background-repeat":"repeat","background-position":"center center","background-size":"auto","background-attachment":"scroll","background-type":"","background-media":"","overlay-type":"","overlay-color":"","overlay-opacity":"","overlay-gradient":""},"mobile":{"background-color":"var(--ast-global-color-4)","background-image":"","background-repeat":"repeat","background-position":"center center","background-size":"auto","background-attachment":"scroll","background-type":"","background-media":"","overlay-type":"","overlay-color":"","overlay-opacity":"","overlay-gradient":""}},"footnotes":""},"class_list":["post-1436","page","type-page","status-publish","hentry"],"uagb_featured_image_src":{"full":false,"thumbnail":false,"medium":false,"medium_large":false,"large":false,"1536x1536":false,"2048x2048":false,"trp-custom-language-flag":false},"uagb_author_info":{"display_name":"chatgpt","author_link":"https:\/\/ic-services.io\/de\/author\/chatgpt\/"},"uagb_comment_info":0,"uagb_excerpt":null,"_links":{"self":[{"href":"https:\/\/ic-services.io\/de\/wp-json\/wp\/v2\/pages\/1436","targetHints":{"allow":["GET"]}}],"collection":[{"href":"https:\/\/ic-services.io\/de\/wp-json\/wp\/v2\/pages"}],"about":[{"href":"https:\/\/ic-services.io\/de\/wp-json\/wp\/v2\/types\/page"}],"author":[{"embeddable":true,"href":"https:\/\/ic-services.io\/de\/wp-json\/wp\/v2\/users\/2"}],"replies":[{"embeddable":true,"href":"https:\/\/ic-services.io\/de\/wp-json\/wp\/v2\/comments?post=1436"}],"version-history":[{"count":5,"href":"https:\/\/ic-services.io\/de\/wp-json\/wp\/v2\/pages\/1436\/revisions"}],"predecessor-version":[{"id":1839,"href":"https:\/\/ic-services.io\/de\/wp-json\/wp\/v2\/pages\/1436\/revisions\/1839"}],"up":[{"embeddable":true,"href":"https:\/\/ic-services.io\/de\/wp-json\/wp\/v2\/pages\/1432"}],"wp:attachment":[{"href":"https:\/\/ic-services.io\/de\/wp-json\/wp\/v2\/media?parent=1436"}],"curies":[{"name":"wp","href":"https:\/\/api.w.org\/{rel}","templated":true}]}}