{"id":1478,"date":"2026-01-30T11:38:22","date_gmt":"2026-01-30T10:38:22","guid":{"rendered":"https:\/\/dev.ic-services.io\/?page_id=1478"},"modified":"2026-03-15T20:23:17","modified_gmt":"2026-03-15T19:23:17","slug":"automobil","status":"publish","type":"page","link":"https:\/\/ic-services.io\/de\/industries\/automotive\/","title":{"rendered":"Automobilindustrie"},"content":{"rendered":"<div class=\"wp-block-uagb-container uagb-block-ep9sklms alignfull uagb-is-root-container\"><div class=\"uagb-container-inner-blocks-wrap\">\n<div class=\"wp-block-uagb-info-box uagb-block-yvwi3mtt uagb-infobox__content-wrap  uagb-infobox-icon-above-title uagb-infobox-image-valign-top\"><div class=\"uagb-ifb-content\"><div class=\"uagb-ifb-title-wrap\"><p class=\"uagb-ifb-title-prefix\">Lawful Interception f\u00fcr Kraftfahrzeuge<\/p><h2 class=\"uagb-ifb-title\">ICS unterst\u00fctzt Automobil-OEMs und Mobilit\u00e4tsanbieter bei der Umsetzung&nbsp;<strong>rechtm\u00e4\u00dfig<\/strong>&nbsp;und datenschutzfreundliche Abh\u00f6r- und Offenlegungsfunktionen, die ETSI TR 103 854 und neue gesetzliche Anforderungen f\u00fcr vernetzte Fahrzeuge erf\u00fcllen.<\/h2><\/div><p class=\"uagb-ifb-desc\">Moderne vernetzte Fahrzeuge erzeugen umfangreiche Telematik-, Standort- und Diagnosedaten, auf die Strafverfolgungsbeh\u00f6rden bei strafrechtlichen Ermittlungen zunehmend zugreifen wollen. Mit ETSI TR 103 854 verf\u00fcgt Europa nun \u00fcber einen technischen Rahmen f\u00fcr standardisierte, \u00fcberpr\u00fcfbare Schnittstellen zwischen Fahrzeugdatenbesitzern und Beh\u00f6rden, der Anwendungsf\u00e4lle wie VIN-zu-IMEI\/IMSI-Mapping, Fahrzeugstandort und Fahrzeugdatenoffenlegung abdeckt. ICS bietet Abh\u00f6r- und Offenlegungsplattformen in Carrier-Qualit\u00e4t, die diese Grunds\u00e4tze auf die Automobilwelt ausdehnen und es Herstellern und Mobilit\u00e4tsplattformen erm\u00f6glichen, auf rechtm\u00e4\u00dfige Anfragen effizient, sicher und im Einklang mit den nationalen Gesetzen zu reagieren.<\/p><\/div><\/div>\n\n\n\n<div class=\"wp-block-uagb-container uagb-block-2fw462qi\">\n<div class=\"wp-block-uagb-container uagb-block-4hoonbs1\">\n<div class=\"wp-block-uagb-container uagb-block-z3a3v1uz\">\n<div class=\"wp-block-uagb-advanced-heading uagb-block-2xcyoeyx\"><h3 class=\"uagb-heading-text\">Problemstellung (Datenschutz und Einhaltung der Vorschriften)<\/h3><\/div>\n<\/div>\n\n\n\n<div class=\"wp-block-uagb-container uagb-block-2yx9jfdi\">\n<div class=\"wp-block-uagb-advanced-heading uagb-block-8nky4qft\"><p class=\"uagb-heading-text\">Vernetzte Autos verhalten sich wie vernetzte IoT-Ger\u00e4te: Eingebettete SIM-Karten interagieren st\u00e4ndig mit Mobilfunknetzen, so dass es technisch m\u00f6glich ist, Fahrzeuge zu verfolgen, Fahrgestellnummern mit IMEI\/IMSI-Kennungen zu korrelieren und die Fahrhistorie zu rekonstruieren. Gleichzeitig erwarten die Fahrer einen starken Schutz der Privatsph\u00e4re und eine strikte Begrenzung der \u00dcberwachung, wie die Bedenken der Zivilgesellschaft hinsichtlich einer schleichenden Ausweitung von lebensrettenden Systemen wie eCall auf die umfassende Fahrzeugverfolgung deutlich machen. Die Automobilhersteller stehen daher vor einer doppelten Herausforderung: Sie m\u00fcssen in der Lage sein, legitime Ermittlungen und grenz\u00fcberschreitende Anfragen zu unterst\u00fctzen und gleichzeitig die Datenexposition zu minimieren, die Zweckbindung durchzusetzen und vollst\u00e4ndige Transparenz und \u00dcberpr\u00fcfbarkeit zu gew\u00e4hrleisten.<\/p><\/div>\n<\/div>\n<\/div>\n\n\n\n<div class=\"wp-block-uagb-container uagb-block-av61gljh\">\n<div class=\"wp-block-uagb-container uagb-block-7nvv1bus\">\n<div class=\"wp-block-uagb-advanced-heading uagb-block-qmjwizjd\"><h3 class=\"uagb-heading-text\">ETSI TR 103 854 f\u00fcr Kraftfahrzeuge<\/h3><\/div>\n<\/div>\n\n\n\n<div class=\"wp-block-uagb-container uagb-block-zpzqmrjo\">\n<div class=\"wp-block-uagb-advanced-heading uagb-block-tpk07ehe\"><p class=\"uagb-heading-text\">ETSI TR 103 854 definiert ein Referenzmodell und eine Schnittstelle f\u00fcr Anfragen von Strafverfolgungsbeh\u00f6rden (LEAs) an Organisationen, die \u00fcber fahrzeugbezogene Daten verf\u00fcgen, sogenannte Response Processing Systems (RPS). Er beschreibt konkrete Anwendungsf\u00e4lle wie VIN-zu-IMEI, IMEI-zu-VIN, VIN-zu-IMSI, VIN-zu-Ort und VIN-zu-Fahrzeugdaten sowie Empfehlungen f\u00fcr HTTPS-basierten, schema-gesteuerten Anfrage\/Antwort-Austausch in XML oder JSON. Der Bericht stellt au\u00dferdem Datenkategorien vor (Identifizierung, Standort, Streckenf\u00fchrung, Fahrverhalten, Komponentenstatus, Kundendaten und mehr) und betont Klarheit, Effizienz, \u00dcberpr\u00fcfbarkeit, Sicherheit und Datenschutz in jedem Offenlegungsworkflow.<\/p><\/div>\n<\/div>\n<\/div>\n<\/div>\n<\/div><\/div>\n\n\n\n<div class=\"wp-block-uagb-container uagb-block-bxejflgc alignfull uagb-is-root-container\">\n<div class=\"wp-block-uagb-container uagb-block-id1c6o0j\">\n<div class=\"wp-block-uagb-info-box uagb-block-fog0fshn uagb-infobox__content-wrap  uagb-infobox-icon-above-title uagb-infobox-image-valign-top\"><div class=\"uagb-ifb-content\"><div class=\"uagb-ifb-title-wrap\"><h1 class=\"uagb-ifb-title\">Was ICS den Automobilherstellern bietet<\/h1><\/div><\/div><\/div>\n\n\n\n<div class=\"wp-block-uagb-container uagb-block-mi9rrrzo\">\n<div class=\"wp-block-uagb-info-box uagb-block-5f5rmiz2 uagb-infobox__content-wrap  uagb-infobox-icon-above-title uagb-infobox-image-valign-top\"><div class=\"uagb-ifb-content\"><div class=\"uagb-ifb-title-wrap\"><\/div><p class=\"uagb-ifb-desc\">ICS passt die Technologie f\u00fcr gesetzeskonformes Abh\u00f6ren und gesetzeskonforme Offenlegung an die spezifischen Anforderungen von vernetzten Fahrzeugen und erweiterten Fahrzeug-Backends an. Unsere L\u00f6sungen helfen Ihnen bei der Implementierung einer ETSI TR 103 854-konformen RPS-Schicht, die Folgendes kann:<\/p><\/div><\/div>\n\n\n\n<div class=\"wp-block-uagb-buttons uagb-buttons__outer-wrap uagb-btn__default-btn uagb-btn-tablet__default-btn uagb-btn-mobile__default-btn uagb-block-mlrouv8s\"><div class=\"uagb-buttons__wrap uagb-buttons-layout-wrap\">\n<div class=\"wp-block-uagb-buttons-child uagb-buttons__outer-wrap uagb-block-ts8fjoq6 wp-block-button\"><div class=\"uagb-button__wrapper\"><a class=\"uagb-buttons-repeater wp-block-button__link\" aria-label=\"\" href=\"\/de\/kontakt\/\" rel=\"follow noopener\" target=\"_self\" role=\"button\"><div class=\"uagb-button__link\">Sprechen Sie mit einem Experten<\/div><\/a><\/div><\/div>\n<\/div><\/div>\n<\/div>\n<\/div>\n\n\n\n<div class=\"wp-block-uagb-container uagb-block-40828fa6\">\n<div class=\"wp-block-uagb-image uagb-block-068a331b wp-block-uagb-image--layout-default wp-block-uagb-image--effect-static wp-block-uagb-image--align-none\"><figure class=\"wp-block-uagb-image__figure\"><img decoding=\"async\" srcset=\"https:\/\/ic-services.io\/wp-content\/uploads\/2026\/01\/pexels-photo-3757226-3757226-1024x683.jpg ,https:\/\/ic-services.io\/wp-content\/uploads\/2026\/01\/pexels-photo-3757226-3757226-scaled.jpg 780w, https:\/\/ic-services.io\/wp-content\/uploads\/2026\/01\/pexels-photo-3757226-3757226-scaled.jpg 360w\" sizes=\"auto, (max-width: 480px) 150px\" src=\"https:\/\/ic-services.io\/wp-content\/uploads\/2026\/01\/pexels-photo-3757226-3757226-1024x683.jpg\" alt=\"Hochaufl\u00f6sende Nahaufnahme eines Automotors mit komplizierten mechanischen Teilen und metallischen Details.\" class=\"uag-image-1484\" width=\"1450\" height=\"775\" title=\"pexels photo 3757226 3757226\" loading=\"lazy\" role=\"img\"\/><\/figure><\/div>\n<\/div>\n<\/div>\n\n\n\n<div class=\"wp-block-uagb-container uagb-block-k87qsl04 alignfull uagb-is-root-container\"><div class=\"uagb-container-inner-blocks-wrap\">\n<div class=\"wp-block-uagb-info-box uagb-block-pup7tikg uagb-infobox__content-wrap  uagb-infobox-icon-above-title uagb-infobox-image-valign-top\"><div class=\"uagb-ifb-content\"><div class=\"uagb-ifb-title-wrap\"><h2 class=\"uagb-ifb-title\">Unser Service st\u00e4rkt Ihre Marke<\/h2><\/div><p class=\"uagb-ifb-desc\">Entdecken Sie unser Angebot an Dienstleistungen, die Ihr Unternehmen voranbringen.<\/p><\/div><\/div>\n\n\n\n<div class=\"wp-block-uagb-container uagb-layout-grid uagb-block-tenzvery\">\n<div class=\"wp-block-uagb-container uagb-block-4ksgwu32\">\n<div class=\"wp-block-uagb-info-box uagb-block-jlbngmqt uagb-infobox__content-wrap  uagb-infobox-icon-above-title uagb-infobox-image-valign-top\"><div class=\"uagb-ifb-content\"><div class=\"uagb-ifb-title-wrap\"><h3 class=\"uagb-ifb-title\">VIN-zu-IMEI\/IMSI<\/h3><\/div><p class=\"uagb-ifb-desc\">Orchestrierung der VIN-zu-IMEI\/IMSI-Aufl\u00f6sung und anderer Identifikator-Zuordnungen \u00fcber OEM-, Telematik- und Telekommunikationsdatenquellen hinweg.<\/p><\/div><\/div>\n<\/div>\n\n\n\n<div class=\"wp-block-uagb-container uagb-block-tnupfwf4\">\n<div class=\"wp-block-uagb-info-box uagb-block-vfnabhd6 uagb-infobox__content-wrap  uagb-infobox-icon-above-title uagb-infobox-image-valign-top\"><div class=\"uagb-ifb-content\"><div class=\"uagb-ifb-title-wrap\"><h3 class=\"uagb-ifb-title\">Bearbeitung von LEA-Anfragen<\/h3><\/div><p class=\"uagb-ifb-desc\">Akzeptieren, validieren und protokollieren Sie LEA-Anfragen, einschlie\u00dflich Autorisierungsreferenzen, Priorit\u00e4ten und Zeitspannen, und geben Sie nur die Daten zur\u00fcck, die einem klaren, rechtm\u00e4\u00dfigen Auftrag entsprechen.<\/p><\/div><\/div>\n<\/div>\n\n\n\n<div class=\"wp-block-uagb-container uagb-block-anjtjmyj\">\n<div class=\"wp-block-uagb-info-box uagb-block-t5q8sn84 uagb-infobox__content-wrap  uagb-infobox-icon-above-title uagb-infobox-image-valign-top\"><div class=\"uagb-ifb-content\"><div class=\"uagb-ifb-title-wrap\"><h3 class=\"uagb-ifb-title\">Sichere \u00dcbergabe<\/h3><\/div><p class=\"uagb-ifb-desc\">\u00dcbermittlung von Antworten \u00fcber sichere HTTPS-Schnittstellen unter Verwendung standardisierter Datenstrukturen und -kategorien, die als Beweismittel verwendet werden k\u00f6nnen.<\/p><\/div><\/div>\n<\/div>\n\n\n\n<div class=\"wp-block-uagb-container uagb-block-kkmh5ymw\">\n<div class=\"wp-block-uagb-info-box uagb-block-luw5rbiq uagb-infobox__content-wrap  uagb-infobox-icon-above-title uagb-infobox-image-valign-top\"><div class=\"uagb-ifb-content\"><div class=\"uagb-ifb-title-wrap\"><h3 class=\"uagb-ifb-title\">Datenschutz<\/h3><\/div><p class=\"uagb-ifb-desc\">Durchsetzung konfigurierbarer Aufbewahrungs-, Minimierungs- und Maskierungsrichtlinien zur Verringerung der Auswirkungen auf die Privatsph\u00e4re und zur Einhaltung der EU- und nationalen Datenschutzvorschriften.<\/p><\/div><\/div>\n<\/div>\n\n\n\n<div class=\"wp-block-uagb-container uagb-block-hojqaaor\">\n<div class=\"wp-block-uagb-info-box uagb-block-fferdmlg uagb-infobox__content-wrap  uagb-infobox-icon-above-title uagb-infobox-image-valign-top\"><div class=\"uagb-ifb-content\"><div class=\"uagb-ifb-title-wrap\"><h3 class=\"uagb-ifb-title\">Rechnungspr\u00fcfung und Berichterstattung<\/h3><\/div><p class=\"uagb-ifb-desc\">Unterst\u00fctzung von Audit-, Berichterstattungs- und grenz\u00fcberschreitenden Kooperationsszenarien, wie sie in den europ\u00e4ischen Initiativen f\u00fcr Produktionsauftr\u00e4ge und E-Evidence vorgesehen sind.<\/p><\/div><\/div>\n<\/div>\n\n\n\n<div class=\"wp-block-uagb-container uagb-block-bb7rmdy7\">\n<div class=\"wp-block-uagb-info-box uagb-block-2bpn0v1w uagb-infobox__content-wrap  uagb-infobox-icon-above-title uagb-infobox-image-valign-top\"><div class=\"uagb-ifb-content\"><div class=\"uagb-ifb-title-wrap\"><h3 class=\"uagb-ifb-title\">Vorteile f\u00fcr Ihr Unternehmen<\/h3><\/div><p class=\"uagb-ifb-desc\">Durch eine Partnerschaft mit ICS k\u00f6nnen Automobilhersteller und Mobilit\u00e4tsanbieter die Telekommunikations\u00fcberwachung und Weitergabe von Daten umsetzen, ohne f\u00fcr jedes Land oder jede Beh\u00f6rde eine eigene Infrastruktur aufbauen zu m\u00fcssen. Sie erhalten eine konsistente, auf Standards basierende F\u00e4higkeit zur Beantwortung legitimer Ermittlungsanfragen, reduzieren rechtliche und Reputationsrisiken im Zusammenhang mit der Fahrzeug\u00fcberwachung und demonstrieren den Regulierungsbeh\u00f6rden und Datensch\u00fctzern, dass die Einhaltung der Vorschriften und die Rechte des Fahrers bereits im Design verankert sind.<\/p><\/div><\/div>\n<\/div>\n<\/div>\n<\/div><\/div>","protected":false},"excerpt":{"rendered":"<p>Problem statement (privacy &amp; compliance) Connected cars behave like networked IoT devices: embedded SIMs continuously interact with mobile networks, making [&hellip;]<\/p>\n","protected":false},"author":1,"featured_media":0,"parent":1432,"menu_order":0,"comment_status":"closed","ping_status":"closed","template":"","meta":{"_uag_custom_page_level_css":"","site-sidebar-layout":"default","site-content-layout":"","ast-site-content-layout":"default","site-content-style":"default","site-sidebar-style":"default","ast-global-header-display":"","ast-banner-title-visibility":"","ast-main-header-display":"","ast-hfb-above-header-display":"","ast-hfb-below-header-display":"","ast-hfb-mobile-header-display":"","site-post-title":"disabled","ast-breadcrumbs-content":"","ast-featured-img":"","footer-sml-layout":"","ast-disable-related-posts":"","theme-transparent-header-meta":"default","adv-header-id-meta":"","stick-header-meta":"","header-above-stick-meta":"","header-main-stick-meta":"","header-below-stick-meta":"","astra-migrate-meta-layouts":"default","ast-page-background-enabled":"default","ast-page-background-meta":{"desktop":{"background-color":"var(--ast-global-color-5)","background-image":"","background-repeat":"repeat","background-position":"center center","background-size":"auto","background-attachment":"scroll","background-type":"","background-media":"","overlay-type":"","overlay-color":"","overlay-opacity":"","overlay-gradient":""},"tablet":{"background-color":"","background-image":"","background-repeat":"repeat","background-position":"center center","background-size":"auto","background-attachment":"scroll","background-type":"","background-media":"","overlay-type":"","overlay-color":"","overlay-opacity":"","overlay-gradient":""},"mobile":{"background-color":"","background-image":"","background-repeat":"repeat","background-position":"center center","background-size":"auto","background-attachment":"scroll","background-type":"","background-media":"","overlay-type":"","overlay-color":"","overlay-opacity":"","overlay-gradient":""}},"ast-content-background-meta":{"desktop":{"background-color":"var(--ast-global-color-4)","background-image":"","background-repeat":"repeat","background-position":"center center","background-size":"auto","background-attachment":"scroll","background-type":"","background-media":"","overlay-type":"","overlay-color":"","overlay-opacity":"","overlay-gradient":""},"tablet":{"background-color":"var(--ast-global-color-4)","background-image":"","background-repeat":"repeat","background-position":"center center","background-size":"auto","background-attachment":"scroll","background-type":"","background-media":"","overlay-type":"","overlay-color":"","overlay-opacity":"","overlay-gradient":""},"mobile":{"background-color":"var(--ast-global-color-4)","background-image":"","background-repeat":"repeat","background-position":"center center","background-size":"auto","background-attachment":"scroll","background-type":"","background-media":"","overlay-type":"","overlay-color":"","overlay-opacity":"","overlay-gradient":""}},"footnotes":""},"class_list":["post-1478","page","type-page","status-publish","hentry"],"uagb_featured_image_src":{"full":false,"thumbnail":false,"medium":false,"medium_large":false,"large":false,"1536x1536":false,"2048x2048":false,"trp-custom-language-flag":false},"uagb_author_info":{"display_name":"ICS Team","author_link":"https:\/\/ic-services.io\/de\/author\/operations_q0xnxjbe\/"},"uagb_comment_info":0,"uagb_excerpt":"Problem statement (privacy &amp; compliance) Connected cars behave like networked IoT devices: embedded SIMs continuously interact with mobile networks, making [&hellip;]","_links":{"self":[{"href":"https:\/\/ic-services.io\/de\/wp-json\/wp\/v2\/pages\/1478","targetHints":{"allow":["GET"]}}],"collection":[{"href":"https:\/\/ic-services.io\/de\/wp-json\/wp\/v2\/pages"}],"about":[{"href":"https:\/\/ic-services.io\/de\/wp-json\/wp\/v2\/types\/page"}],"author":[{"embeddable":true,"href":"https:\/\/ic-services.io\/de\/wp-json\/wp\/v2\/users\/1"}],"replies":[{"embeddable":true,"href":"https:\/\/ic-services.io\/de\/wp-json\/wp\/v2\/comments?post=1478"}],"version-history":[{"count":8,"href":"https:\/\/ic-services.io\/de\/wp-json\/wp\/v2\/pages\/1478\/revisions"}],"predecessor-version":[{"id":1965,"href":"https:\/\/ic-services.io\/de\/wp-json\/wp\/v2\/pages\/1478\/revisions\/1965"}],"up":[{"embeddable":true,"href":"https:\/\/ic-services.io\/de\/wp-json\/wp\/v2\/pages\/1432"}],"wp:attachment":[{"href":"https:\/\/ic-services.io\/de\/wp-json\/wp\/v2\/media?parent=1478"}],"curies":[{"name":"wp","href":"https:\/\/api.w.org\/{rel}","templated":true}]}}