{"id":2096,"date":"2026-03-16T18:55:54","date_gmt":"2026-03-16T17:55:54","guid":{"rendered":"https:\/\/ic-services.io\/?page_id=2096"},"modified":"2026-03-17T12:57:21","modified_gmt":"2026-03-17T11:57:21","slug":"e-nachweis-der-einhaltung","status":"publish","type":"page","link":"https:\/\/ic-services.io\/de\/solutions\/e-evidence-compliance\/","title":{"rendered":"e-Evidence"},"content":{"rendered":"<div class=\"wp-block-cover alignfull\" style=\"padding-top:8rem;padding-bottom:8rem;min-height:500px;aspect-ratio:unset;\"><span aria-hidden=\"true\" class=\"wp-block-cover__background has-black-background-color has-background-dim-70 has-background-dim\"><\/span><img loading=\"lazy\" decoding=\"async\" width=\"1200\" height=\"627\" class=\"wp-block-cover__image-background wp-image-2053\" alt=\"Goldene Justizwaage auf einem Schreibtisch neben einem Laptop, die Recht und Gleichgewicht symbolisiert.\" src=\"https:\/\/ic-services.io\/wp-content\/uploads\/2026\/03\/pexels-photo-6077797-6077797.jpg\" data-object-fit=\"cover\" srcset=\"https:\/\/ic-services.io\/wp-content\/uploads\/2026\/03\/pexels-photo-6077797-6077797.jpg 1200w, https:\/\/ic-services.io\/wp-content\/uploads\/2026\/03\/pexels-photo-6077797-6077797-300x157.jpg 300w, https:\/\/ic-services.io\/wp-content\/uploads\/2026\/03\/pexels-photo-6077797-6077797-1024x535.jpg 1024w, https:\/\/ic-services.io\/wp-content\/uploads\/2026\/03\/pexels-photo-6077797-6077797-768x401.jpg 768w, https:\/\/ic-services.io\/wp-content\/uploads\/2026\/03\/pexels-photo-6077797-6077797-18x9.jpg 18w\" sizes=\"auto, (max-width: 1200px) 100vw, 1200px\" \/><div class=\"wp-block-cover__inner-container is-layout-flow wp-block-cover-is-layout-flow\">\n<h1 class=\"wp-block-heading has-text-align-center has-white-color has-text-color\" style=\"font-size:48px\">e-Evidence Compliance<\/h1>\n\n\n\n<p class=\"has-text-align-center has-white-color has-text-color\" style=\"font-size:18px\">ICS bietet eine schl\u00fcsselfertige e-Evidence-Compliance-L\u00f6sung, die es Kommunikationsdienstleistern, Cloud-Plattformen und Anbietern digitaler Dienste in der gesamten EU erm\u00f6glicht, alle Verpflichtungen der Verordnung (EU) 2023\/1543 zu erf\u00fcllen.<\/p>\n<\/div><\/div>\n\n\n\n<div style=\"height:60px\" aria-hidden=\"true\" class=\"wp-block-spacer\"><\/div>\n\n\n\n<h2 class=\"wp-block-heading has-text-align-center\" style=\"font-size:36px\">Was ist die EU-Verordnung \u00fcber elektronische Beweismittel?<\/h2>\n\n\n\n<p class=\"has-text-align-center\" style=\"font-size:17px\">Da sich mehr als 85 % der strafrechtlichen Ermittlungen inzwischen auf digitale Beweismittel st\u00fctzen, hat die Europ\u00e4ische Union am 12. Juli 2023 die Verordnung (EU) 2023\/1543 und die Richtlinie (EU) 2023\/1544 verabschiedet, um die grenz\u00fcberschreitende Beweiserhebung zu modernisieren. Die Verordnung gilt ab dem 18. August 2026 unmittelbar in jedem Mitgliedstaat, w\u00e4hrend die Richtlinie bis zum 18. Februar 2026 in nationales Recht umgesetzt werden muss. In Deutschland wurde das Umsetzungsgesetz - das Elektronische-Beweismittel-Umsetzungs- und Durchf\u00fchrungsgesetz (EBewMG) - am 12. M\u00e4rz 2026 im Bundesgesetzblatt ver\u00f6ffentlicht und tritt nun schrittweise in Kraft.<\/p>\n\n\n\n<p class=\"has-text-align-center\" style=\"font-size:17px\">Das Paket ersetzt das langsame, b\u00fcrokratische MLAT-Verfahren durch zwei neue Instrumente, die es Staatsanw\u00e4lten und Richtern erm\u00f6glichen, sich direkt an die Anbieter von Dienstleistungen zu wenden, unabh\u00e4ngig davon, wo die Daten physisch gespeichert sind.<\/p>\n\n\n\n<div style=\"height:40px\" aria-hidden=\"true\" class=\"wp-block-spacer\"><\/div>\n\n\n\n<div class=\"wp-block-columns is-layout-flex wp-container-core-columns-is-layout-28f84493 wp-block-columns-is-layout-flex\">\n<div class=\"wp-block-column has-border-color is-layout-flow wp-block-column-is-layout-flow\" style=\"border-color:#e0e0e0;border-width:1px;padding-top:2rem;padding-right:2rem;padding-bottom:2rem;padding-left:2rem\">\n<h3 class=\"wp-block-heading\" style=\"font-size:22px\">Europ\u00e4ischer Produktionsauftrag (EPOC)<\/h3>\n\n\n\n<p>Zwingt einen Dienstleister, elektronische Beweismittel innerhalb strenger Fristen zu \u00fcbergeben. Standardauftr\u00e4ge m\u00fcssen innerhalb von 10 Tagen erf\u00fcllt werden. In Notf\u00e4llen, in denen Terrorismus oder unmittelbare Lebensgefahr besteht, haben die Anbieter nur 8 Stunden Zeit, um die angeforderten Daten zu liefern.<\/p>\n<\/div>\n\n\n\n<div class=\"wp-block-column has-border-color is-layout-flow wp-block-column-is-layout-flow\" style=\"border-color:#e0e0e0;border-width:1px;padding-top:2rem;padding-right:2rem;padding-bottom:2rem;padding-left:2rem\">\n<h3 class=\"wp-block-heading\" style=\"font-size:22px\">Europ\u00e4ische Erhaltungsanordnung (EPOC-PR)<\/h3>\n\n\n\n<p>Verlangt vom Anbieter, Daten f\u00fcr bis zu 60 Tage (verl\u00e4ngerbar um 30 Tage) einzufrieren, w\u00e4hrend die ausstellende Beh\u00f6rde eine vollst\u00e4ndige Herausgabeanordnung vorbereitet. Beide Instrumente k\u00f6nnen sich auf vier Datenkategorien beziehen: Teilnehmer-, Zugangs-, Transaktions- und Inhaltsdaten.<\/p>\n<\/div>\n<\/div>\n\n\n\n<div style=\"height:60px\" aria-hidden=\"true\" class=\"wp-block-spacer\"><\/div>\n\n\n\n<figure class=\"wp-block-image alignwide size-full\"><img loading=\"lazy\" decoding=\"async\" width=\"940\" height=\"628\" src=\"https:\/\/ic-services.io\/wp-content\/uploads\/2026\/03\/pexels-photo-1181354-1181354.jpg\" alt=\"Eine Ingenieurin, die einen Laptop benutzt, w\u00e4hrend sie in einem modernen Serverraum Datenserver \u00fcberwacht.\" class=\"wp-image-2054\" srcset=\"https:\/\/ic-services.io\/wp-content\/uploads\/2026\/03\/pexels-photo-1181354-1181354.jpg 940w, https:\/\/ic-services.io\/wp-content\/uploads\/2026\/03\/pexels-photo-1181354-1181354-300x200.jpg 300w, https:\/\/ic-services.io\/wp-content\/uploads\/2026\/03\/pexels-photo-1181354-1181354-768x513.jpg 768w, https:\/\/ic-services.io\/wp-content\/uploads\/2026\/03\/pexels-photo-1181354-1181354-18x12.jpg 18w\" sizes=\"auto, (max-width: 940px) 100vw, 940px\" \/><\/figure>\n\n\n\n<div style=\"height:60px\" aria-hidden=\"true\" class=\"wp-block-spacer\"><\/div>\n\n\n\n<h2 class=\"wp-block-heading has-text-align-center\" style=\"font-size:36px\">Wer ist davon betroffen?<\/h2>\n\n\n\n<p class=\"has-text-align-center\" style=\"font-size:17px\">Die e-Evidence-Verordnung gilt f\u00fcr ein breites Spektrum von Dienstleistern, die in der EU t\u00e4tig sind, darunter Anbieter elektronischer Kommunikationsdienste (Telefonie, Messaging, E-Mail), Internet-Domain- und IP-Nummern-Dienste, soziale Netzwerke, Online-Marktpl\u00e4tze und Cloud-Speicherplattformen. Die Verpflichtungen erstrecken sich auch auf Nicht-EU-Unternehmen, die Dienstleistungen innerhalb der Union anbieten. Nach Angaben des deutschen Bundesjustizministeriums fallen allein in Deutschland sch\u00e4tzungsweise 9.000 Unternehmen in den Anwendungsbereich.<\/p>\n\n\n\n<p class=\"has-text-align-center\" style=\"font-size:17px\">Jeder betroffene Anbieter muss eine offizielle Kontaktstelle - eine sogenannte benannte Niederlassung oder einen gesetzlichen Vertreter (Adressat) - in der EU benennen. Diese Stelle ist f\u00fcr die Entgegennahme und Ausf\u00fchrung von Auftr\u00e4gen zust\u00e4ndig und muss sich bei der nationalen Beh\u00f6rde, in Deutschland dem Bundesamt f\u00fcr Justiz, registrieren lassen.<\/p>\n\n\n\n<div style=\"height:40px\" aria-hidden=\"true\" class=\"wp-block-spacer\"><\/div>\n\n\n\n<h2 class=\"wp-block-heading has-text-align-center\" style=\"font-size:36px\">Fristen f\u00fcr die Einhaltung der Vorschriften und Sanktionen<\/h2>\n\n\n\n<p class=\"has-text-align-center\" style=\"font-size:17px\">Die Verordnung schreibt aggressive Reaktionszeiten vor. Standardproduktionsauftr\u00e4ge m\u00fcssen innerhalb von 10 Tagen erf\u00fcllt werden. In bestimmten Notsituationen - Terrorismus, unmittelbare Bedrohung des Lebens - haben die Anbieter nur 8 Stunden Zeit, um die angeforderten Daten zu liefern. Aufbewahrungsanordnungen erfordern sofortige Ma\u00dfnahmen zum Einfrieren der betreffenden Aufzeichnungen.<\/p>\n\n\n\n<p class=\"has-text-align-center\" style=\"font-size:17px\">Die Nichteinhaltung von Vorschriften birgt erhebliche finanzielle Risiken. Bei Standardverst\u00f6\u00dfen k\u00f6nnen Geldbu\u00dfen bis zu 500 000 EUR verh\u00e4ngt werden. Bei gro\u00dfen Dienstleistern mit einem weltweiten Umsatz von mehr als 25 Mio. EUR k\u00f6nnen sich die Strafen auf 2 % des weltweiten Jahresumsatzes belaufen - ein Modell, das aus der Durchsetzung der Datenschutzgrundverordnung bekannt ist.<\/p>\n\n\n\n<div style=\"height:60px\" aria-hidden=\"true\" class=\"wp-block-spacer\"><\/div>\n\n\n\n<h2 class=\"wp-block-heading has-text-align-center\" style=\"font-size:36px\">Die ICS e-Evidence Compliance-L\u00f6sung<\/h2>\n\n\n\n<p class=\"has-text-align-center\" style=\"font-size:17px\">ICS - International Carrier Services GmbH - bietet eine End-to-End-Plattform zur Einhaltung von e-Evidence, die speziell f\u00fcr Kommunikationsdienstleister, Cloud-Betreiber und digitale Plattformen in der Europ\u00e4ischen Union entwickelt wurde. Unsere L\u00f6sung st\u00fctzt sich auf mehr als zwei Jahrzehnte Erfahrung im Bereich der rechtm\u00e4\u00dfigen \u00dcberwachung und der Einhaltung gesetzlicher Vorschriften und l\u00e4sst sich nahtlos in unsere bestehenden LIMS- (Lawful Interception Management System) und Datenspeicherungsplattformen integrieren.<\/p>\n\n\n\n<div style=\"height:30px\" aria-hidden=\"true\" class=\"wp-block-spacer\"><\/div>\n\n\n\n<div class=\"wp-block-columns is-layout-flex wp-container-core-columns-is-layout-28f84493 wp-block-columns-is-layout-flex\">\n<div class=\"wp-block-column has-border-color is-layout-flow wp-block-column-is-layout-flow\" style=\"border-color:#e0e0e0;border-width:1px;padding-top:2rem;padding-right:2rem;padding-bottom:2rem;padding-left:2rem\">\n<p class=\"has-text-color\" style=\"color:#666666;font-size:14px\">01<\/p>\n\n\n\n<h3 class=\"wp-block-heading\" style=\"font-size:22px\">Automatisierte Auftragsabwicklung<\/h3>\n\n\n\n<p>Die ICS-Plattform automatisiert den gesamten Lebenszyklus von Europ\u00e4ischen Produktions- und Aufbewahrungsauftr\u00e4gen - von der sicheren Erfassung und rechtlichen Validierung \u00fcber die Datenextraktion bis hin zur verschl\u00fcsselten \u00dcbermittlung an die ersuchende Beh\u00f6rde.<\/p>\n<\/div>\n\n\n\n<div class=\"wp-block-column has-border-color is-layout-flow wp-block-column-is-layout-flow\" style=\"border-color:#e0e0e0;border-width:1px;padding-top:2rem;padding-right:2rem;padding-bottom:2rem;padding-left:2rem\">\n<p class=\"has-text-color\" style=\"color:#666666;font-size:14px\">02<\/p>\n\n\n\n<h3 class=\"wp-block-heading\" style=\"font-size:22px\">Unterst\u00fctzung f\u00fcr die benannte Einrichtung<\/h3>\n\n\n\n<p>F\u00fcr Dienstleister, die einen gesetzlichen Vertreter in der EU benennen m\u00fcssen, bietet ICS beratende und operative Unterst\u00fctzung, einschlie\u00dflich der Registrierung beim Bundesamt f\u00fcr Justiz und der Einrichtung der benannten Niederlassung.<\/p>\n<\/div>\n\n\n\n<div class=\"wp-block-column has-border-color is-layout-flow wp-block-column-is-layout-flow\" style=\"border-color:#e0e0e0;border-width:1px;padding-top:2rem;padding-right:2rem;padding-bottom:2rem;padding-left:2rem\">\n<p class=\"has-text-color\" style=\"color:#666666;font-size:14px\">03<\/p>\n\n\n\n<h3 class=\"wp-block-heading\" style=\"font-size:22px\">Sichere Integration der EU-Infrastruktur<\/h3>\n\n\n\n<p>Die gesamte Kommunikation im Rahmen von e-Evidence l\u00e4uft \u00fcber das e-CODEX-System der EU und die nationalen Meldeplattformen. Die ICS-L\u00f6sung bietet zertifizierte Schnittstellen f\u00fcr den Austausch von Auftr\u00e4gen und Nachweisen \u00fcber die gesetzlich vorgeschriebenen Kan\u00e4le.<\/p>\n<\/div>\n<\/div>\n\n\n\n<div style=\"height:20px\" aria-hidden=\"true\" class=\"wp-block-spacer\"><\/div>\n\n\n\n<div class=\"wp-block-columns is-layout-flex wp-container-core-columns-is-layout-28f84493 wp-block-columns-is-layout-flex\">\n<div class=\"wp-block-column has-border-color is-layout-flow wp-block-column-is-layout-flow\" style=\"border-color:#e0e0e0;border-width:1px;padding-top:2rem;padding-right:2rem;padding-bottom:2rem;padding-left:2rem\">\n<p class=\"has-text-color\" style=\"color:#666666;font-size:14px\">04<\/p>\n\n\n\n<h3 class=\"wp-block-heading\" style=\"font-size:22px\">Vollst\u00e4ndiger Pr\u00fcfpfad und Berichterstattung<\/h3>\n\n\n\n<p>Jede Aktion - Auftragseingang, Validierung, Einspruch, Datenextraktion, Lieferung - wird in einem manipulationssicheren Pr\u00fcfpfad protokolliert. Unser Berichtsmodul erstellt Compliance-Dokumente f\u00fcr die interne Verwaltung, externe Audits und beh\u00f6rdliche Pr\u00fcfungen.<\/p>\n<\/div>\n\n\n\n<div class=\"wp-block-column has-border-color is-layout-flow wp-block-column-is-layout-flow\" style=\"border-color:#e0e0e0;border-width:1px;padding-top:2rem;padding-right:2rem;padding-bottom:2rem;padding-left:2rem\">\n<p class=\"has-text-color\" style=\"color:#666666;font-size:14px\">05<\/p>\n\n\n\n<h3 class=\"wp-block-heading\" style=\"font-size:22px\">ETSI-konforme Architektur<\/h3>\n\n\n\n<p>Die ICS e-Evidence-Plattform basiert auf der gleichen ETSI-konformen Architektur, die auch unsere L\u00f6sungen f\u00fcr gesetzeskonforme \u00dcberwachung und Datenspeicherung unterst\u00fctzt. Sie unterst\u00fctzt ETSI TS 102 232 \u00dcbergabeschnittstellen und l\u00e4sst sich in Ihre bestehende Netzinfrastruktur integrieren.<\/p>\n<\/div>\n\n\n\n<div class=\"wp-block-column has-border-color is-layout-flow wp-block-column-is-layout-flow\" style=\"border-color:#e0e0e0;border-width:1px;padding-top:2rem;padding-right:2rem;padding-bottom:2rem;padding-left:2rem\">\n<p class=\"has-text-color\" style=\"color:#666666;font-size:14px\">06<\/p>\n\n\n\n<h3 class=\"wp-block-heading\" style=\"font-size:22px\">Gel\u00f6ste Schl\u00fcsselherausforderungen<\/h3>\n\n\n\n<p>Beschleunigte Fristen, die interne Arbeitsabl\u00e4ufe nahezu in Echtzeit erfordern, Bereitschaft rund um die Uhr f\u00fcr Notf\u00e4lle, sichere Integration mit der EU-Kommunikationsplattform e-CODEX und Abw\u00e4gung zwischen den Datenschutzverpflichtungen der DSGVO und der obligatorischen Datenweitergabe.<\/p>\n<\/div>\n<\/div>\n\n\n\n<div style=\"height:60px\" aria-hidden=\"true\" class=\"wp-block-spacer\"><\/div>\n\n\n\n<h2 class=\"wp-block-heading has-text-align-center\" style=\"font-size:36px\">Warum sollten Sie ICS f\u00fcr die Einhaltung von e-Evidence w\u00e4hlen?<\/h2>\n\n\n\n<p class=\"has-text-align-center\" style=\"font-size:17px\">ICS ist einer der wenigen europ\u00e4ischen Anbieter, der fundiertes Fachwissen im Bereich der rechtm\u00e4\u00dfigen \u00dcberwachung mit einer speziellen e-Evidence-L\u00f6sung kombiniert. Unser Team arbeitet seit \u00fcber 20 Jahren mit Telekommunikationsbetreibern, Regulierungsbeh\u00f6rden und Strafverfolgungsbeh\u00f6rden in ganz Europa zusammen. Wir kennen die betrieblichen, rechtlichen und technischen Anforderungen an die Offenlegung von Beweismitteln und entwickeln Plattformen, die die Einhaltung der Vorschriften zuverl\u00e4ssig, \u00fcberpr\u00fcfbar und effizient machen.<\/p>\n\n\n\n<p class=\"has-text-align-center\" style=\"font-size:17px\">Der Countdown bis zum 18. August 2026 hat bereits begonnen. Wenden Sie sich noch heute an ICS, um zu besprechen, wie unsere e-Evidence-Compliance-Plattform Ihr Unternehmen auf den neuen europ\u00e4ischen Rahmen vorbereiten kann.<\/p>\n\n\n\n<div style=\"height:40px\" aria-hidden=\"true\" class=\"wp-block-spacer\"><\/div>\n\n\n\n<div class=\"wp-block-buttons is-content-justification-center is-layout-flex wp-container-core-buttons-is-layout-a89b3969 wp-block-buttons-is-layout-flex\">\n<div class=\"wp-block-button\"><a class=\"wp-block-button__link has-vivid-cyan-blue-background-color has-background wp-element-button\" style=\"border-radius:4px\" href=\"\/de\/kontakt\/\">KONTAKTIEREN SIE UNS<\/a><\/div>\n<\/div>\n\n\n\n<div style=\"height:60px\" aria-hidden=\"true\" class=\"wp-block-spacer\"><\/div>","protected":false},"excerpt":{"rendered":"<p>What Is the EU e-Evidence Regulation? With more than 85 % of criminal investigations now relying on digital evidence, the [&hellip;]<\/p>\n","protected":false},"author":7,"featured_media":0,"parent":1293,"menu_order":0,"comment_status":"closed","ping_status":"closed","template":"","meta":{"_uag_custom_page_level_css":"","site-sidebar-layout":"default","site-content-layout":"","ast-site-content-layout":"default","site-content-style":"default","site-sidebar-style":"default","ast-global-header-display":"","ast-banner-title-visibility":"","ast-main-header-display":"","ast-hfb-above-header-display":"","ast-hfb-below-header-display":"","ast-hfb-mobile-header-display":"","site-post-title":"","ast-breadcrumbs-content":"","ast-featured-img":"","footer-sml-layout":"","ast-disable-related-posts":"","theme-transparent-header-meta":"","adv-header-id-meta":"","stick-header-meta":"","header-above-stick-meta":"","header-main-stick-meta":"","header-below-stick-meta":"","astra-migrate-meta-layouts":"default","ast-page-background-enabled":"default","ast-page-background-meta":{"desktop":{"background-color":"var(--ast-global-color-5)","background-image":"","background-repeat":"repeat","background-position":"center center","background-size":"auto","background-attachment":"scroll","background-type":"","background-media":"","overlay-type":"","overlay-color":"","overlay-opacity":"","overlay-gradient":""},"tablet":{"background-color":"","background-image":"","background-repeat":"repeat","background-position":"center center","background-size":"auto","background-attachment":"scroll","background-type":"","background-media":"","overlay-type":"","overlay-color":"","overlay-opacity":"","overlay-gradient":""},"mobile":{"background-color":"","background-image":"","background-repeat":"repeat","background-position":"center center","background-size":"auto","background-attachment":"scroll","background-type":"","background-media":"","overlay-type":"","overlay-color":"","overlay-opacity":"","overlay-gradient":""}},"ast-content-background-meta":{"desktop":{"background-color":"var(--ast-global-color-4)","background-image":"","background-repeat":"repeat","background-position":"center center","background-size":"auto","background-attachment":"scroll","background-type":"","background-media":"","overlay-type":"","overlay-color":"","overlay-opacity":"","overlay-gradient":""},"tablet":{"background-color":"var(--ast-global-color-4)","background-image":"","background-repeat":"repeat","background-position":"center center","background-size":"auto","background-attachment":"scroll","background-type":"","background-media":"","overlay-type":"","overlay-color":"","overlay-opacity":"","overlay-gradient":""},"mobile":{"background-color":"var(--ast-global-color-4)","background-image":"","background-repeat":"repeat","background-position":"center center","background-size":"auto","background-attachment":"scroll","background-type":"","background-media":"","overlay-type":"","overlay-color":"","overlay-opacity":"","overlay-gradient":""}},"footnotes":""},"class_list":["post-2096","page","type-page","status-publish","hentry"],"uagb_featured_image_src":{"full":false,"thumbnail":false,"medium":false,"medium_large":false,"large":false,"1536x1536":false,"2048x2048":false,"trp-custom-language-flag":false},"uagb_author_info":{"display_name":"David Son","author_link":"https:\/\/ic-services.io\/de\/author\/david\/"},"uagb_comment_info":0,"uagb_excerpt":"What Is the EU e-Evidence Regulation? With more than 85 % of criminal investigations now relying on digital evidence, the [&hellip;]","_links":{"self":[{"href":"https:\/\/ic-services.io\/de\/wp-json\/wp\/v2\/pages\/2096","targetHints":{"allow":["GET"]}}],"collection":[{"href":"https:\/\/ic-services.io\/de\/wp-json\/wp\/v2\/pages"}],"about":[{"href":"https:\/\/ic-services.io\/de\/wp-json\/wp\/v2\/types\/page"}],"author":[{"embeddable":true,"href":"https:\/\/ic-services.io\/de\/wp-json\/wp\/v2\/users\/7"}],"replies":[{"embeddable":true,"href":"https:\/\/ic-services.io\/de\/wp-json\/wp\/v2\/comments?post=2096"}],"version-history":[{"count":2,"href":"https:\/\/ic-services.io\/de\/wp-json\/wp\/v2\/pages\/2096\/revisions"}],"predecessor-version":[{"id":2102,"href":"https:\/\/ic-services.io\/de\/wp-json\/wp\/v2\/pages\/2096\/revisions\/2102"}],"up":[{"embeddable":true,"href":"https:\/\/ic-services.io\/de\/wp-json\/wp\/v2\/pages\/1293"}],"wp:attachment":[{"href":"https:\/\/ic-services.io\/de\/wp-json\/wp\/v2\/media?parent=2096"}],"curies":[{"name":"wp","href":"https:\/\/api.w.org\/{rel}","templated":true}]}}