{"id":2299,"date":"2026-04-10T12:14:58","date_gmt":"2026-04-10T11:14:58","guid":{"rendered":"https:\/\/ic-services.io\/solutions\/e-evidence-enterprise\/"},"modified":"2026-04-10T12:14:58","modified_gmt":"2026-04-10T11:14:58","slug":"e-beweismittelunternehmen","status":"publish","type":"page","link":"https:\/\/ic-services.io\/de\/solutions\/e-evidence-enterprise\/","title":{"rendered":"e-Evidence f\u00fcr Unternehmen und gro\u00dfe Plattformen"},"content":{"rendered":"<div class=\"wp-block-group alignfull is-layout-flow wp-block-group-is-layout-flow\" style=\"padding-top:0;padding-right:0;padding-bottom:0;padding-left:0\">\n<div style=\"background: linear-gradient(135deg, #0a1628 0%, #132040 100%); padding: 80px 20px;\">\n  <div style=\"max-width: 800px; margin: 0 auto; text-align: center;\">\n    <p style=\"color: #e94560; font-size: 13px; font-weight: 700; letter-spacing: 3px; text-transform: uppercase; margin-bottom: 8px;\">Unternehmen e-Evidence<\/p>\n    <h1 style=\"color: #ffffff; font-size: 42px; font-weight: 700; margin-bottom: 20px; line-height: 1.2;\">e-Evidence Compliance f\u00fcr gro\u00dfe Plattformen und Unternehmen<\/h1>\n    <p style=\"color: #b0b8c8; font-size: 18px; line-height: 1.7; margin-bottom: 30px;\">Workflow-Orchestrierung auf Unternehmensniveau f\u00fcr sehr gro\u00dfe Plattformen mit hohem Anfragevolumen. Von der automatisierten Auftragsbearbeitung bis hin zu bestimmten Niederlassungsdiensten und der Integration von Rechtsteams.<\/p>\n    <a href=\"\/de\/kontakt\/\" style=\"display: inline-block; background: #e94560; color: #ffffff; padding: 16px 40px; border-radius: 4px; text-decoration: none; font-weight: 600; font-size: 16px;\">Demo anfordern<\/a>\n  <\/div>\n<\/div>\n<\/div>\n\n\n\n<h2 class=\"wp-block-heading\">Gebaut f\u00fcr Skalierung: Orchestrierung von Unternehmensabl\u00e4ufen<\/h2>\n\n\n\n<p>Sehr gro\u00dfe digitale Plattformen, gro\u00dfe Telekommunikationskonzerne, Hyperscale-Cloud-Anbieter und paneurop\u00e4ische Diensteanbieter stehen im Rahmen der EU-Verordnung \u00fcber elektronische Beweismittel vor einer grundlegend anderen Herausforderung. Mit einem Abonnentenstamm in zweistelliger Millionenh\u00f6he und einer Gesch\u00e4ftst\u00e4tigkeit, die sich \u00fcber mehrere EU-Rechtsordnungen erstreckt, werden diese Organisationen j\u00e4hrlich Tausende von europ\u00e4ischen Herausgabeanordnungen und Aufbewahrungsanordnungen erhalten. Sie brauchen mehr als ein einfaches Tool zur Einhaltung der Vorschriften. Sie ben\u00f6tigen eine Workflow-Orchestrierungsplattform auf Unternehmensebene, die sich in ihre bestehenden rechtlichen Abl\u00e4ufe, Vertrauens- und Sicherheitsteams und Dateninfrastrukturen integrieren l\u00e4sst.<\/p>\n\n\n\n<h2 class=\"wp-block-heading\">F\u00e4higkeiten der Unternehmensplattform<\/h2>\n\n\n\n<h3 class=\"wp-block-heading\">Workflow-Management f\u00fcr mehrere Teams<\/h3>\n\n\n\n<p>Die ICS Enterprise e-Evidence Plattform unterst\u00fctzt komplexe Organisationsstrukturen mit rollenbasierter Zugriffskontrolle, mehrstufigen Genehmigungsketten und teamspezifischen Dashboards. Rechtsteams pr\u00fcfen eingehende Auftr\u00e4ge auf G\u00fcltigkeit und rechtliche Befugnisse. Compliance-Teams verwalten die SLA-Verfolgung und das regulatorische Berichtswesen. Datenentwicklungsteams konfigurieren und \u00fcberwachen automatisierte Extraktionspipelines. Jedes Team sieht nur das, was es braucht, und erh\u00e4lt gleichzeitig einen vollst\u00e4ndigen Pr\u00fcfpfad \u00fcber den gesamten Prozess.<\/p>\n\n\n\n<h3 class=\"wp-block-heading\">API-erste Architektur<\/h3>\n\n\n\n<p>Gro\u00dfe Plattformen arbeiten bereits mit ausgefeilten Toolchains f\u00fcr Rechtsangelegenheiten, die auf ServiceNow, Jira, kundenspezifischen Fallverwaltungssystemen oder speziellen Plattformen f\u00fcr Rechtsangelegenheiten basieren. Die ICS e-Evidence-Plattform l\u00e4sst sich \u00fcber eine umfassende REST-API integrieren, die einen bidirektionalen Datenfluss erm\u00f6glicht. Eingehende EPOC-Auftr\u00e4ge werden automatisch an Ihr bestehendes Ticketing-System weitergeleitet. Statusaktualisierungen, Einw\u00e4nde und Lieferbest\u00e4tigungen flie\u00dfen \u00fcber die API zur\u00fcck. Dadurch wird eine doppelte Dateneingabe vermieden und sichergestellt, dass Ihr Rechtsteam in seiner gewohnten Umgebung arbeitet.<\/p>\n\n\n\n<h3 class=\"wp-block-heading\">Auftragsabwicklung mit hohem Volumen<\/h3>\n\n\n\n<p>Die Plattform verarbeitet Tausende von gleichzeitigen Auftr\u00e4gen mit automatischer Priorisierung auf der Grundlage von Datenkategorien, Dringlichkeitseinstufungen und rechtlichen Anforderungen. Die Massenverarbeitungsfunktionen stellen sicher, dass selbst in Spitzenzeiten die Standardfristen von 10 Tagen und die 8-Stunden-Fenster f\u00fcr Notf\u00e4lle konsequent eingehalten werden. Echtzeit-Dashboards bieten der F\u00fchrungsebene einen \u00dcberblick \u00fcber den Konformit\u00e4tsstatus, ausstehende Auftr\u00e4ge und Antwortmetriken.<\/p>\n\n\n\n<h2 class=\"wp-block-heading\">Ausgewiesene Niederlassung als Dienstleistung<\/h2>\n\n\n\n<p>Plattformen mit Hauptsitz au\u00dferhalb der EU m\u00fcssen eine Niederlassung oder einen rechtlichen Vertreter in der EU benennen, der bei der nationalen Beh\u00f6rde (in Deutschland: dem Bundesamt f\u00fcr Justiz) registriert ist. ICS bietet dies als verwaltete Dienstleistung an: Wir fungieren als Ihre registrierte EU-Kontaktstelle (Adressat), empfangen und validieren eingehende EPOC-Auftr\u00e4ge in Ihrem Namen, f\u00fchren eine erste rechtliche Bewertung durch und leiten komplexe F\u00e4lle an Ihr internes Rechts- oder Vertrauens- und Sicherheitsteam weiter. Dieses ausgelagerte Front-End f\u00fcr Rechtsangelegenheiten bedeutet, dass Sie nicht von Grund auf ein 24\/7 EU-basiertes Team f\u00fcr die juristische Bearbeitung aufbauen m\u00fcssen.<\/p>\n\n\n\n<h2 class=\"wp-block-heading\">Warum ICS statt Eigenbau<\/h2>\n\n\n\n<p>Gro\u00dfe Plattformen erw\u00e4gen manchmal, die e-Evidence Response-Infrastruktur intern aufzubauen. ICS bietet eine \u00fcberzeugende Alternative: eine bew\u00e4hrte, ETSI-zertifizierte Plattform, die in wenigen Wochen einsatzbereit ist, anstatt Monate f\u00fcr eine interne Entwicklung zu ben\u00f6tigen. Im Gegensatz zu reinen Workflow-Tools, die nur den rechtlichen Prozess verwalten, kombiniert ICS die Workflow-Orchestrierung mit tats\u00e4chlichen Datenextraktionsfunktionen. Unsere Plattform stellt eine Verbindung zu Ihrer Netzwerkinfrastruktur, Ihren Datenbanken und Speichersystemen her, um die gesamte Pipeline vom Auftragseingang bis zur verschl\u00fcsselten Datenlieferung zu automatisieren. Dies ist die Workflow-Ebene plus das technische Backend in einer einzigen, \u00fcberpr\u00fcfbaren Plattform.<\/p>\n\n\n\n<h2 class=\"wp-block-heading\">Verst\u00e4rkung des Teams f\u00fcr Vertrauen und Sicherheit<\/h2>\n\n\n\n<p>F\u00fcr Plattformen, die kein internes 24\/7-Rechtsabteilungsteam f\u00fcr e-Evidence aufbauen oder erweitern m\u00f6chten, bietet ICS einen verwalteten Rechtsabwicklungsservice an. Unsere Mitarbeiter, die \u00fcber alle erforderlichen Sicherheitsfreigaben verf\u00fcgen, dienen als First-Line-Review-Team f\u00fcr eingehende EPOC-Auftr\u00e4ge. Wir validieren die rechtlichen Befugnisse, pr\u00fcfen die rechtlichen Anforderungen und leiten Standard-Workflows zur Datenextraktion ein. Nur komplexe F\u00e4lle, die eine rechtliche Beurteilung erfordern, werden an Ihr internes Team weitergeleitet. Dadurch wird die betriebliche Belastung drastisch reduziert, w\u00e4hrend gleichzeitig die Einhaltung aller Vorschriften gew\u00e4hrleistet ist.<\/p>\n\n\n\n<div class=\"wp-block-buttons is-content-justification-center is-layout-flex wp-container-core-buttons-is-layout-a89b3969 wp-block-buttons-is-layout-flex\">\n<div class=\"wp-block-button\"><a class=\"wp-block-button__link has-white-color has-vivid-red-background-color has-text-color has-background wp-element-button\" href=\"\/de\/kontakt\/\">Diskutieren Sie Ihre Unternehmensanforderungen<\/a><\/div>\n<\/div>","protected":false},"excerpt":{"rendered":"<p>Enterprise e-Evidence e-Evidence Compliance for Large Platforms and Enterprises Enterprise-grade workflow orchestration for very large platforms with high request volumes. [&hellip;]<\/p>\n","protected":false},"author":7,"featured_media":0,"parent":1293,"menu_order":0,"comment_status":"closed","ping_status":"closed","template":"","meta":{"_uag_custom_page_level_css":"","site-sidebar-layout":"default","site-content-layout":"","ast-site-content-layout":"default","site-content-style":"default","site-sidebar-style":"default","ast-global-header-display":"","ast-banner-title-visibility":"","ast-main-header-display":"","ast-hfb-above-header-display":"","ast-hfb-below-header-display":"","ast-hfb-mobile-header-display":"","site-post-title":"","ast-breadcrumbs-content":"","ast-featured-img":"","footer-sml-layout":"","ast-disable-related-posts":"","theme-transparent-header-meta":"","adv-header-id-meta":"","stick-header-meta":"","header-above-stick-meta":"","header-main-stick-meta":"","header-below-stick-meta":"","astra-migrate-meta-layouts":"default","ast-page-background-enabled":"default","ast-page-background-meta":{"desktop":{"background-color":"var(--ast-global-color-5)","background-image":"","background-repeat":"repeat","background-position":"center center","background-size":"auto","background-attachment":"scroll","background-type":"","background-media":"","overlay-type":"","overlay-color":"","overlay-opacity":"","overlay-gradient":""},"tablet":{"background-color":"","background-image":"","background-repeat":"repeat","background-position":"center center","background-size":"auto","background-attachment":"scroll","background-type":"","background-media":"","overlay-type":"","overlay-color":"","overlay-opacity":"","overlay-gradient":""},"mobile":{"background-color":"","background-image":"","background-repeat":"repeat","background-position":"center center","background-size":"auto","background-attachment":"scroll","background-type":"","background-media":"","overlay-type":"","overlay-color":"","overlay-opacity":"","overlay-gradient":""}},"ast-content-background-meta":{"desktop":{"background-color":"var(--ast-global-color-4)","background-image":"","background-repeat":"repeat","background-position":"center center","background-size":"auto","background-attachment":"scroll","background-type":"","background-media":"","overlay-type":"","overlay-color":"","overlay-opacity":"","overlay-gradient":""},"tablet":{"background-color":"var(--ast-global-color-4)","background-image":"","background-repeat":"repeat","background-position":"center center","background-size":"auto","background-attachment":"scroll","background-type":"","background-media":"","overlay-type":"","overlay-color":"","overlay-opacity":"","overlay-gradient":""},"mobile":{"background-color":"var(--ast-global-color-4)","background-image":"","background-repeat":"repeat","background-position":"center center","background-size":"auto","background-attachment":"scroll","background-type":"","background-media":"","overlay-type":"","overlay-color":"","overlay-opacity":"","overlay-gradient":""}},"footnotes":""},"class_list":["post-2299","page","type-page","status-publish","hentry"],"uagb_featured_image_src":{"full":false,"thumbnail":false,"medium":false,"medium_large":false,"large":false,"1536x1536":false,"2048x2048":false,"trp-custom-language-flag":false},"uagb_author_info":{"display_name":"David Son","author_link":"https:\/\/ic-services.io\/de\/author\/david\/"},"uagb_comment_info":0,"uagb_excerpt":"Enterprise e-Evidence e-Evidence Compliance for Large Platforms and Enterprises Enterprise-grade workflow orchestration for very large platforms with high request volumes. [&hellip;]","_links":{"self":[{"href":"https:\/\/ic-services.io\/de\/wp-json\/wp\/v2\/pages\/2299","targetHints":{"allow":["GET"]}}],"collection":[{"href":"https:\/\/ic-services.io\/de\/wp-json\/wp\/v2\/pages"}],"about":[{"href":"https:\/\/ic-services.io\/de\/wp-json\/wp\/v2\/types\/page"}],"author":[{"embeddable":true,"href":"https:\/\/ic-services.io\/de\/wp-json\/wp\/v2\/users\/7"}],"replies":[{"embeddable":true,"href":"https:\/\/ic-services.io\/de\/wp-json\/wp\/v2\/comments?post=2299"}],"version-history":[{"count":0,"href":"https:\/\/ic-services.io\/de\/wp-json\/wp\/v2\/pages\/2299\/revisions"}],"up":[{"embeddable":true,"href":"https:\/\/ic-services.io\/de\/wp-json\/wp\/v2\/pages\/1293"}],"wp:attachment":[{"href":"https:\/\/ic-services.io\/de\/wp-json\/wp\/v2\/media?parent=2299"}],"curies":[{"name":"wp","href":"https:\/\/api.w.org\/{rel}","templated":true}]}}