{"id":2306,"date":"2026-04-10T12:18:03","date_gmt":"2026-04-10T11:18:03","guid":{"rendered":"https:\/\/ic-services.io\/solutions\/designated-establishment-service\/"},"modified":"2026-04-10T12:18:03","modified_gmt":"2026-04-10T11:18:03","slug":"benannter-betriebsdienst","status":"publish","type":"page","link":"https:\/\/ic-services.io\/de\/solutions\/designated-establishment-service\/","title":{"rendered":"Ausgewiesene Niederlassung als Dienstleistung"},"content":{"rendered":"<div class=\"wp-block-group alignfull is-layout-flow wp-block-group-is-layout-flow\" style=\"padding-top:0;padding-right:0;padding-bottom:0;padding-left:0\">\n<div style=\"background: linear-gradient(135deg, #0a1628 0%, #132040 100%); padding: 80px 20px;\">\n  <div style=\"max-width: 800px; margin: 0 auto; text-align: center;\">\n    <p style=\"color: #e94560; font-size: 13px; font-weight: 700; letter-spacing: 3px; text-transform: uppercase; margin-bottom: 8px;\">Dienst<\/p>\n    <h1 style=\"color: #ffffff; font-size: 42px; font-weight: 700; margin-bottom: 20px; line-height: 1.2;\">Ausgewiesene Niederlassung als Dienstleistung<\/h1>\n    <p style=\"color: #b0b8c8; font-size: 18px; line-height: 1.7; margin-bottom: 30px;\">ICS fungiert als Ihre registrierte EU-Kontaktstelle f\u00fcr e-Evidence-Bestellungen und \u00fcbernimmt die Registrierung, den Auftragseingang, die rechtliche Validierung und die Koordination mit Ihren internen Teams.<\/p>\n    <a href=\"\/de\/kontakt\/\" style=\"display: inline-block; background: #e94560; color: #ffffff; padding: 16px 40px; border-radius: 4px; text-decoration: none; font-weight: 600; font-size: 16px;\">Los geht's<\/a>\n  <\/div>\n<\/div>\n<\/div>\n\n\n\n<h2 class=\"wp-block-heading\">Die rechtliche Anforderung<\/h2>\n\n\n\n<p>Nach der EU-Verordnung \u00fcber elektronische Beweismittel muss jeder Dienstleister, der in den Anwendungsbereich f\u00e4llt, eine offizielle Kontaktstelle in der EU benennen. Diese benannte Einrichtung (oder ihr gesetzlicher Vertreter) ist f\u00fcr die Entgegennahme von Europ\u00e4ischen Vorlagebeschl\u00fcssen und Aufbewahrungsanordnungen, ihre Bearbeitung innerhalb der vorgeschriebenen Fristen und die Koordinierung mit den ersuchenden Beh\u00f6rden zust\u00e4ndig. Die benannte Einrichtung muss sich bei der nationalen Beh\u00f6rde registrieren lassen. In Deutschland ist dies das Bundesamt f\u00fcr Justiz (BfJ).<\/p>\n\n\n\n<h2 class=\"wp-block-heading\">Wer braucht diesen Dienst?<\/h2>\n\n\n\n<p>Diese Dienstleistung ist besonders f\u00fcr Unternehmen mit Hauptsitz au\u00dferhalb der EU relevant, die Dienstleistungen in der Europ\u00e4ischen Union anbieten, darunter internationale SaaS-Anbieter, globale Cloud-Plattformen, Telekommunikationsbetreiber aus Drittl\u00e4ndern, die EU-M\u00e4rkte \u00fcber MVNO-Vereinbarungen oder Transitdienste bedienen, und internationale Online-Marktpl\u00e4tze. Auch Unternehmen mit Sitz in der EU k\u00f6nnen davon profitieren, wenn sie nicht \u00fcber die internen Ressourcen verf\u00fcgen, um eine spezielle Funktion f\u00fcr e-Evidence Operations zu unterhalten.<\/p>\n\n\n\n<h2 class=\"wp-block-heading\">Was ICS bietet<\/h2>\n\n\n\n<p>ICS bietet einen umfassenden Designated Establishment as a Service, der die Registrierung beim Bundesamt f\u00fcr Justiz und die fortlaufende Einhaltung der Registrierungsanforderungen, den 24\/7-Empfang von europ\u00e4ischen Produktionsauftr\u00e4gen und Aufbewahrungsauftr\u00e4gen \u00fcber das EU-e-CODEX-System und nationale Plattformen, die rechtliche Erstvalidierung eingehender Auftr\u00e4ge einschlie\u00dflich Zust\u00e4ndigkeitspr\u00fcfung und \u00dcberpr\u00fcfung der formalen Anforderungen, die sichere Weiterleitung validierter Auftr\u00e4ge an Ihr internes Rechts- oder Compliance-Team, die Koordinierung mit den ersuchenden Beh\u00f6rden im Namen Ihrer Organisation, das Management von Einspruchsverfahren bei Anfechtung von Auftr\u00e4gen sowie die umfassende Dokumentation und Pflege von Pr\u00fcfpfaden umfasst.<\/p>\n\n\n\n<h2 class=\"wp-block-heading\">Integration mit ICS e-Evidence Platform<\/h2>\n\n\n\n<p>Der Dienst \"Benannte Niederlassung\" l\u00e4sst sich nahtlos in die ICS e-Evidence Compliance Platform integrieren. Auftr\u00e4ge, die bei ICS als Ihre benannte Einrichtung eingehen, werden automatisch in den Compliance-Workflow eingegeben und l\u00f6sen die entsprechenden Prozesse zur Datenextraktion, \u00dcberpr\u00fcfung und Lieferung aus. So entsteht eine vollst\u00e4ndig verwaltete, durchg\u00e4ngige Compliance-Pipeline vom Auftragseingang bis zur Lieferung der Nachweise.<\/p>\n\n\n\n<div class=\"wp-block-buttons is-content-justification-center is-layout-flex wp-container-core-buttons-is-layout-a89b3969 wp-block-buttons-is-layout-flex\">\n<div class=\"wp-block-button\"><a class=\"wp-block-button__link has-white-color has-vivid-red-background-color has-text-color has-background wp-element-button\" href=\"\/de\/kontakt\/\">Besprechen Sie Ihre Anforderungen<\/a><\/div>\n<\/div>","protected":false},"excerpt":{"rendered":"<p>Service Designated Establishment as a Service ICS acts as your registered EU contact point for e-Evidence orders, handling registration, order [&hellip;]<\/p>\n","protected":false},"author":7,"featured_media":0,"parent":1293,"menu_order":0,"comment_status":"closed","ping_status":"closed","template":"","meta":{"_uag_custom_page_level_css":"","site-sidebar-layout":"default","site-content-layout":"","ast-site-content-layout":"default","site-content-style":"default","site-sidebar-style":"default","ast-global-header-display":"","ast-banner-title-visibility":"","ast-main-header-display":"","ast-hfb-above-header-display":"","ast-hfb-below-header-display":"","ast-hfb-mobile-header-display":"","site-post-title":"","ast-breadcrumbs-content":"","ast-featured-img":"","footer-sml-layout":"","ast-disable-related-posts":"","theme-transparent-header-meta":"","adv-header-id-meta":"","stick-header-meta":"","header-above-stick-meta":"","header-main-stick-meta":"","header-below-stick-meta":"","astra-migrate-meta-layouts":"default","ast-page-background-enabled":"default","ast-page-background-meta":{"desktop":{"background-color":"var(--ast-global-color-5)","background-image":"","background-repeat":"repeat","background-position":"center center","background-size":"auto","background-attachment":"scroll","background-type":"","background-media":"","overlay-type":"","overlay-color":"","overlay-opacity":"","overlay-gradient":""},"tablet":{"background-color":"","background-image":"","background-repeat":"repeat","background-position":"center center","background-size":"auto","background-attachment":"scroll","background-type":"","background-media":"","overlay-type":"","overlay-color":"","overlay-opacity":"","overlay-gradient":""},"mobile":{"background-color":"","background-image":"","background-repeat":"repeat","background-position":"center center","background-size":"auto","background-attachment":"scroll","background-type":"","background-media":"","overlay-type":"","overlay-color":"","overlay-opacity":"","overlay-gradient":""}},"ast-content-background-meta":{"desktop":{"background-color":"var(--ast-global-color-4)","background-image":"","background-repeat":"repeat","background-position":"center center","background-size":"auto","background-attachment":"scroll","background-type":"","background-media":"","overlay-type":"","overlay-color":"","overlay-opacity":"","overlay-gradient":""},"tablet":{"background-color":"var(--ast-global-color-4)","background-image":"","background-repeat":"repeat","background-position":"center center","background-size":"auto","background-attachment":"scroll","background-type":"","background-media":"","overlay-type":"","overlay-color":"","overlay-opacity":"","overlay-gradient":""},"mobile":{"background-color":"var(--ast-global-color-4)","background-image":"","background-repeat":"repeat","background-position":"center center","background-size":"auto","background-attachment":"scroll","background-type":"","background-media":"","overlay-type":"","overlay-color":"","overlay-opacity":"","overlay-gradient":""}},"footnotes":""},"class_list":["post-2306","page","type-page","status-publish","hentry"],"uagb_featured_image_src":{"full":false,"thumbnail":false,"medium":false,"medium_large":false,"large":false,"1536x1536":false,"2048x2048":false,"trp-custom-language-flag":false},"uagb_author_info":{"display_name":"David Son","author_link":"https:\/\/ic-services.io\/de\/author\/david\/"},"uagb_comment_info":0,"uagb_excerpt":"Service Designated Establishment as a Service ICS acts as your registered EU contact point for e-Evidence orders, handling registration, order [&hellip;]","_links":{"self":[{"href":"https:\/\/ic-services.io\/de\/wp-json\/wp\/v2\/pages\/2306","targetHints":{"allow":["GET"]}}],"collection":[{"href":"https:\/\/ic-services.io\/de\/wp-json\/wp\/v2\/pages"}],"about":[{"href":"https:\/\/ic-services.io\/de\/wp-json\/wp\/v2\/types\/page"}],"author":[{"embeddable":true,"href":"https:\/\/ic-services.io\/de\/wp-json\/wp\/v2\/users\/7"}],"replies":[{"embeddable":true,"href":"https:\/\/ic-services.io\/de\/wp-json\/wp\/v2\/comments?post=2306"}],"version-history":[{"count":0,"href":"https:\/\/ic-services.io\/de\/wp-json\/wp\/v2\/pages\/2306\/revisions"}],"up":[{"embeddable":true,"href":"https:\/\/ic-services.io\/de\/wp-json\/wp\/v2\/pages\/1293"}],"wp:attachment":[{"href":"https:\/\/ic-services.io\/de\/wp-json\/wp\/v2\/media?parent=2306"}],"curies":[{"name":"wp","href":"https:\/\/api.w.org\/{rel}","templated":true}]}}