{"id":1195,"date":"2026-01-23T12:23:18","date_gmt":"2026-01-23T11:23:18","guid":{"rendered":"https:\/\/dev.ic-services.io\/?page_id=1195"},"modified":"2026-02-24T21:23:07","modified_gmt":"2026-02-24T20:23:07","slug":"imprimir","status":"publish","type":"page","link":"https:\/\/ic-services.io\/es\/imprint\/","title":{"rendered":"Pie de imprenta"},"content":{"rendered":"<div class=\"wp-block-uagb-container uagb-block-kdkn6h6m alignfull uagb-is-root-container\"><div class=\"uagb-container-inner-blocks-wrap\">\n<div class=\"wp-block-uagb-info-box uagb-block-8fibxfn3 uagb-infobox__content-wrap  uagb-infobox-icon-above-title uagb-infobox-image-valign-top\"><div class=\"uagb-ifb-content\"><div class=\"uagb-ifb-title-wrap\"><h1 class=\"uagb-ifb-title\">Aviso legal - Pie de imprenta<\/h1><\/div><p class=\"uagb-ifb-desc\"><strong>Informaci\u00f3n conforme al art\u00edculo 5 de la TMG (Ley alemana de medios de comunicaci\u00f3n) y al art\u00edculo 18 (2) de la MStV:<\/strong><br><strong>ICS<\/strong><br>International Carrier Services GmbH<br>Lindenstr. 82<br>50674 Colonia<br>Alemania<br><br><strong>Representado por:<\/strong><br>Directores Generales: Andreas Damek y Chung-U Son<br><br><strong>Contacto:<\/strong><br>Correo electr\u00f3nico:\u00a0<a href=\"mailto:support@simtaly.com\">info@ic-services.io<\/a><br>Tel: +49 221 42919 - 0<br>P\u00e1gina web<strong>:<\/strong>\u00a0<a href=\"https:\/\/www.simtaly.com\/\" target=\"_blank\" rel=\"noreferrer noopener\">https:\/\/ic-services.io<\/a><br><br><strong>Inscripci\u00f3n en el Registro Mercantil:<br><\/strong>Tribunal de registro: Juzgado municipal de Colonia (Amtsgericht K\u00f6ln)<br>N\u00famero de registro: HRB 98438<br><br><strong>N\u00famero de identificaci\u00f3n a efectos del IVA con arreglo al art\u00edculo 27a de la Ley alemana del IVA:<\/strong><br>NIF: DE331124660<br><br><strong>Responsable del contenido seg\u00fan \u00a718 (2) MStV:<\/strong><br>Andreas Damek<br>ICS International Carrier Services GmbH<br>Lindenstr. 82<br>50674 Colonia<br>Alemania<br><br>Descargo de responsabilidad<br><strong>Responsabilidad por los contenidos<\/strong><br>Los contenidos de nuestro sitio web se han creado con el m\u00e1ximo cuidado. Sin embargo, no podemos garantizar la exactitud, integridad o actualidad de los contenidos.<br>Como proveedor de servicios, somos responsables de nuestro propio contenido en estas p\u00e1ginas seg\u00fan la ley general (\u00a77 P\u00e1rr. 1 TMG).<br>Seg\u00fan los art\u00edculos 8-10 de la TMG, no estamos obligados a controlar la informaci\u00f3n de terceros transmitida o almacenada ni a investigar circunstancias que indiquen una actividad ilegal.<br>Las obligaciones de eliminar o bloquear el uso de informaci\u00f3n en virtud de la legislaci\u00f3n general no se ver\u00e1n afectadas. Sin embargo, la responsabilidad a este respecto s\u00f3lo ser\u00e1 posible a partir del momento en que tengamos conocimiento de una infracci\u00f3n legal concreta. Tras la notificaci\u00f3n de dichas infracciones, eliminaremos el contenido inmediatamente.<br><br><strong>Responsabilidad de los enlaces<\/strong><br>Nuestro sitio web contiene enlaces a sitios web externos de terceros, sobre cuyo contenido no tenemos ning\u00fan control. Por lo tanto, no podemos aceptar ninguna responsabilidad por dicho contenido externo.<br>El respectivo proveedor u operador de los sitios enlazados es siempre responsable de su contenido.<br>En el momento de establecer el enlace, se comprob\u00f3 si los sitios enlazados infring\u00edan la ley. En ese momento no se reconocieron contenidos ilegales.<br>Un control permanente de las p\u00e1ginas enlazadas no es razonable sin pruebas concretas de una infracci\u00f3n. En cuanto tengamos conocimiento de tales infracciones, eliminaremos los enlaces inmediatamente.<br><br><strong>Copyright<\/strong><br>Todos los contenidos y obras creados por el operador del sitio web est\u00e1n sujetos a la legislaci\u00f3n alemana sobre derechos de autor.<br>La reproducci\u00f3n, modificaci\u00f3n, distribuci\u00f3n o cualquier forma de utilizaci\u00f3n fuera del \u00e1mbito de la ley de propiedad intelectual requiere el consentimiento por escrito del autor o creador correspondiente.<br>Las descargas y copias de este sitio s\u00f3lo est\u00e1n permitidas para uso privado y no comercial.<br>Si el contenido de este sitio web no ha sido creado por el operador, se respetan los derechos de autor de terceros y se indica claramente dicho contenido.<br>No obstante, si tiene conocimiento de una infracci\u00f3n de los derechos de autor, le rogamos que nos lo notifique. Tras la notificaci\u00f3n, eliminaremos dicho contenido sin demora.<br><br><strong>Resoluci\u00f3n de litigios en l\u00ednea<\/strong><br>La Comisi\u00f3n Europea ofrece una plataforma para la resoluci\u00f3n de litigios en l\u00ednea (OS):<br><a href=\"https:\/\/ec.europa.eu\/consumers\/odr\" target=\"_blank\" rel=\"noreferrer noopener\">https:\/\/ec.europa.eu\/consumers\/odr<\/a><br>Nuestra direcci\u00f3n de correo electr\u00f3nico figura m\u00e1s arriba en este aviso legal.<br>No estamos dispuestos ni obligados a participar en procedimientos de resoluci\u00f3n de litigios ante una junta de arbitraje de consumo.<br><br><strong>Aviso sobre contenidos de terceros (\u00a710 TMG)<br><\/strong>Las contribuciones de usuarios o terceros no reflejan necesariamente la opini\u00f3n del operador.<br>El operador no asume ninguna responsabilidad editorial por dicho contenido.<br><strong>Si tiene alguna pregunta sobre la impresi\u00f3n, no dude en ponerse en contacto con nosotros:<\/strong><br>Correo electr\u00f3nico: info@ic-services.io<\/p><\/div><\/div>\n\n\n\n<div class=\"wp-block-uagb-container uagb-block-ehzgnv26\">\n<div class=\"wp-block-uagb-container uagb-block-ukl7iqhh\">\n<div class=\"wp-block-uagb-info-box uagb-block-psuqqvuf uagb-infobox__content-wrap  uagb-infobox-icon-left uagb-infobox-left uagb-infobox-stacked-tablet uagb-infobox-image-valign-top\"><div class=\"uagb-ifb-icon-wrap\"><div class=\"uagb-iconbox-icon-wrap uagb-infobox-shape-circle\"><svg xmlns=\"https:\/\/www.w3.org\/2000\/svg\" viewbox=\"0 0 512 512\"><path d=\"M511.2 387l-23.25 100.8c-3.266 14.25-15.79 24.22-30.46 24.22C205.2 512 0 306.8 0 54.5c0-14.66 9.969-27.2 24.22-30.45l100.8-23.25C139.7-2.602 154.7 5.018 160.8 18.92l46.52 108.5c5.438 12.78 1.77 27.67-8.98 36.45L144.5 207.1c33.98 69.22 90.26 125.5 159.5 159.5l44.08-53.8c8.688-10.78 23.69-14.51 36.47-8.975l108.5 46.51C506.1 357.2 514.6 372.4 511.2 387z\"><\/path><\/svg><\/div><\/div><div class=\"uagb-ifb-content\"><div class=\"uagb-ifb-title-wrap\"><p class=\"uagb-ifb-title\">Tel\u00e9fono<\/p><\/div><p class=\"uagb-ifb-desc\">+49 221 42919 - 0<\/p><\/div><\/div>\n<\/div>\n\n\n\n<div class=\"wp-block-uagb-container uagb-block-6jijousd\">\n<div class=\"wp-block-uagb-info-box uagb-block-ozmga3bs uagb-infobox__content-wrap  uagb-infobox-icon-left uagb-infobox-left uagb-infobox-stacked-tablet uagb-infobox-image-valign-top\"><div class=\"uagb-ifb-icon-wrap\"><div class=\"uagb-iconbox-icon-wrap uagb-infobox-shape-circle\"><svg xmlns=\"https:\/\/www.w3.org\/2000\/svg\" viewbox=\"0 0 512 512\"><path d=\"M464 64C490.5 64 512 85.49 512 112C512 127.1 504.9 141.3 492.8 150.4L275.2 313.6C263.8 322.1 248.2 322.1 236.8 313.6L19.2 150.4C7.113 141.3 0 127.1 0 112C0 85.49 21.49 64 48 64H464zM217.6 339.2C240.4 356.3 271.6 356.3 294.4 339.2L512 176V384C512 419.3 483.3 448 448 448H64C28.65 448 0 419.3 0 384V176L217.6 339.2z\"><\/path><\/svg><\/div><\/div><div class=\"uagb-ifb-content\"><div class=\"uagb-ifb-title-wrap\"><p class=\"uagb-ifb-title\">Correo electr\u00f3nico<\/p><\/div><p class=\"uagb-ifb-desc\">info@ic-services.io<\/p><\/div><\/div>\n<\/div>\n\n\n\n<div class=\"wp-block-uagb-container uagb-block-ybs84n1x\">\n<div class=\"wp-block-uagb-info-box uagb-block-6dtdhsjn uagb-infobox__content-wrap  uagb-infobox-icon-left uagb-infobox-left uagb-infobox-stacked-tablet uagb-infobox-image-valign-top\"><div class=\"uagb-ifb-icon-wrap\"><div class=\"uagb-iconbox-icon-wrap uagb-infobox-shape-circle\"><svg xmlns=\"https:\/\/www.w3.org\/2000\/svg\" viewbox=\"0 0 384 512\"><path d=\"M168.3 499.2C116.1 435 0 279.4 0 192C0 85.96 85.96 0 192 0C298 0 384 85.96 384 192C384 279.4 267 435 215.7 499.2C203.4 514.5 180.6 514.5 168.3 499.2H168.3zM192 256C227.3 256 256 227.3 256 192C256 156.7 227.3 128 192 128C156.7 128 128 156.7 128 192C128 227.3 156.7 256 192 256z\"><\/path><\/svg><\/div><\/div><div class=\"uagb-ifb-content\"><div class=\"uagb-ifb-title-wrap\"><p class=\"uagb-ifb-title\">Direcci\u00f3n<\/p><\/div><p class=\"uagb-ifb-desc\">Lindenstr. 82, 50674 Colonia, Alemania<\/p><\/div><\/div>\n<\/div>\n<\/div>\n<\/div><\/div>","protected":false},"excerpt":{"rendered":"","protected":false},"author":1,"featured_media":0,"parent":0,"menu_order":0,"comment_status":"closed","ping_status":"closed","template":"","meta":{"_uag_custom_page_level_css":"","site-sidebar-layout":"default","site-content-layout":"","ast-site-content-layout":"default","site-content-style":"default","site-sidebar-style":"default","ast-global-header-display":"","ast-banner-title-visibility":"","ast-main-header-display":"","ast-hfb-above-header-display":"","ast-hfb-below-header-display":"","ast-hfb-mobile-header-display":"","site-post-title":"disabled","ast-breadcrumbs-content":"","ast-featured-img":"","footer-sml-layout":"","ast-disable-related-posts":"","theme-transparent-header-meta":"","adv-header-id-meta":"","stick-header-meta":"","header-above-stick-meta":"","header-main-stick-meta":"","header-below-stick-meta":"","astra-migrate-meta-layouts":"default","ast-page-background-enabled":"default","ast-page-background-meta":{"desktop":{"background-color":"var(--ast-global-color-5)","background-image":"","background-repeat":"repeat","background-position":"center center","background-size":"auto","background-attachment":"scroll","background-type":"","background-media":"","overlay-type":"","overlay-color":"","overlay-opacity":"","overlay-gradient":""},"tablet":{"background-color":"","background-image":"","background-repeat":"repeat","background-position":"center center","background-size":"auto","background-attachment":"scroll","background-type":"","background-media":"","overlay-type":"","overlay-color":"","overlay-opacity":"","overlay-gradient":""},"mobile":{"background-color":"","background-image":"","background-repeat":"repeat","background-position":"center center","background-size":"auto","background-attachment":"scroll","background-type":"","background-media":"","overlay-type":"","overlay-color":"","overlay-opacity":"","overlay-gradient":""}},"ast-content-background-meta":{"desktop":{"background-color":"var(--ast-global-color-4)","background-image":"","background-repeat":"repeat","background-position":"center center","background-size":"auto","background-attachment":"scroll","background-type":"","background-media":"","overlay-type":"","overlay-color":"","overlay-opacity":"","overlay-gradient":""},"tablet":{"background-color":"var(--ast-global-color-4)","background-image":"","background-repeat":"repeat","background-position":"center center","background-size":"auto","background-attachment":"scroll","background-type":"","background-media":"","overlay-type":"","overlay-color":"","overlay-opacity":"","overlay-gradient":""},"mobile":{"background-color":"var(--ast-global-color-4)","background-image":"","background-repeat":"repeat","background-position":"center center","background-size":"auto","background-attachment":"scroll","background-type":"","background-media":"","overlay-type":"","overlay-color":"","overlay-opacity":"","overlay-gradient":""}},"footnotes":""},"class_list":["post-1195","page","type-page","status-publish","hentry"],"uagb_featured_image_src":{"full":false,"thumbnail":false,"medium":false,"medium_large":false,"large":false,"1536x1536":false,"2048x2048":false,"trp-custom-language-flag":false},"uagb_author_info":{"display_name":"ICS Team","author_link":"https:\/\/ic-services.io\/es\/author\/operations_q0xnxjbe\/"},"uagb_comment_info":0,"uagb_excerpt":null,"_links":{"self":[{"href":"https:\/\/ic-services.io\/es\/wp-json\/wp\/v2\/pages\/1195","targetHints":{"allow":["GET"]}}],"collection":[{"href":"https:\/\/ic-services.io\/es\/wp-json\/wp\/v2\/pages"}],"about":[{"href":"https:\/\/ic-services.io\/es\/wp-json\/wp\/v2\/types\/page"}],"author":[{"embeddable":true,"href":"https:\/\/ic-services.io\/es\/wp-json\/wp\/v2\/users\/1"}],"replies":[{"embeddable":true,"href":"https:\/\/ic-services.io\/es\/wp-json\/wp\/v2\/comments?post=1195"}],"version-history":[{"count":4,"href":"https:\/\/ic-services.io\/es\/wp-json\/wp\/v2\/pages\/1195\/revisions"}],"predecessor-version":[{"id":1201,"href":"https:\/\/ic-services.io\/es\/wp-json\/wp\/v2\/pages\/1195\/revisions\/1201"}],"wp:attachment":[{"href":"https:\/\/ic-services.io\/es\/wp-json\/wp\/v2\/media?parent=1195"}],"curies":[{"name":"wp","href":"https:\/\/api.w.org\/{rel}","templated":true}]}}