{"id":1293,"date":"2026-01-27T14:10:41","date_gmt":"2026-01-27T13:10:41","guid":{"rendered":"https:\/\/dev.ic-services.io\/?page_id=1293"},"modified":"2026-03-17T14:38:27","modified_gmt":"2026-03-17T13:38:27","slug":"soluciones","status":"publish","type":"page","link":"https:\/\/ic-services.io\/es\/solutions\/","title":{"rendered":"Soluciones"},"content":{"rendered":"<p>Nuestra cartera de soluciones abarca&nbsp;<strong>de extremo a extremo<\/strong>&nbsp;interceptaci\u00f3n legal, divulgaci\u00f3n y retenci\u00f3n de datos, en total consonancia con ETSI, 3GPP y los requisitos nacionales. Admitimos escenarios de interceptaci\u00f3n heredados, IP, VoIP, OTT, automotriz e internacional con arquitecturas modulares, escalables y aprobadas por los reguladores basadas en ETSI TS 102 232, ETSI TS 102 657, ETSI TS 103 707, ETSI TR 103 854 y normas relacionadas.<\/p>\n\n\n\n<div class=\"wp-block-uagb-container uagb-block-cuv21atx alignfull uagb-is-root-container\"><div class=\"uagb-container-inner-blocks-wrap\">\n<div class=\"wp-block-uagb-info-box uagb-block-gvhswlb5 uagb-infobox__content-wrap  uagb-infobox-icon-above-title uagb-infobox-image-valign-top\"><div class=\"uagb-ifb-content\"><div class=\"uagb-ifb-title-wrap\"><h2 class=\"uagb-ifb-title\">Soluciones de interceptaci\u00f3n legal y cumplimiento de la normativa<\/h2><\/div><p class=\"uagb-ifb-desc\">Ayudamos a operadores, proveedores de servicios y fabricantes a implantar sistemas de interceptaci\u00f3n y divulgaci\u00f3n conformes y a prueba de auditor\u00edas en redes de telecomunicaciones tradicionales, servicios OTT, datos retenidos y plataformas de veh\u00edculos conectados. Nuestras soluciones se basan en arquitecturas LI e interfaces de traspaso estandarizadas, para que pueda cumplir las obligaciones legales de forma eficiente y, al mismo tiempo, proteger la privacidad y la integridad de la red.<\/p><\/div><\/div>\n<\/div><\/div>\n\n\n\n<div class=\"wp-block-uagb-container uagb-block-kfhmtms4 alignfull uagb-is-root-container\"><div class=\"uagb-container-inner-blocks-wrap\">\n<div class=\"wp-block-uagb-container uagb-block-sftzihjq\">\n<div class=\"wp-block-uagb-container uagb-block-j76hkg86\">\n<div class=\"wp-block-uagb-info-box uagb-block-bblgxngw uagb-infobox__content-wrap  uagb-infobox-icon-above-title uagb-infobox-image-valign-top\"><div class=\"uagb-ifb-content\"><div class=\"uagb-ifb-title-wrap\"><p class=\"uagb-ifb-title-prefix\">01<\/p><h2 class=\"uagb-ifb-title\">Soluciones de interceptaci\u00f3n legal<\/h2><\/div><p class=\"uagb-ifb-desc\">Nuestras soluciones de interceptaci\u00f3n legal cubren servicios de comunicaci\u00f3n fijos, m\u00f3viles, VoIP y OTT e implementan los requisitos de ETSI TS 102 232, ETSI TS 103 707 y 3GPP LI. Proporcionamos componentes de mediaci\u00f3n, traspaso y gesti\u00f3n que recopilan la informaci\u00f3n relacionada con la interceptaci\u00f3n y el contenido de la comunicaci\u00f3n y los entregan de forma segura a las fuerzas de seguridad en formatos conformes con los est\u00e1ndares.<\/p><\/div><\/div>\n\n\n\n<div class=\"wp-block-uagb-buttons uagb-buttons__outer-wrap uagb-btn__default-btn uagb-btn-tablet__default-btn uagb-btn-mobile__default-btn uagb-block-u6zklhxp\"><div class=\"uagb-buttons__wrap uagb-buttons-layout-wrap\">\n<div class=\"wp-block-uagb-buttons-child uagb-buttons__outer-wrap uagb-block-jgrrcvsi wp-block-button\"><div class=\"uagb-button__wrapper\"><a class=\"uagb-buttons-repeater wp-block-button__link\" aria-label=\"\" href=\"\/es\/soluciones\/interceptacion-legal\/\" rel=\"follow noopener\" target=\"_self\" role=\"button\"><div class=\"uagb-button__link\">Seguir leyendo<\/div><span class=\"uagb-button__icon uagb-button__icon-position-after\"><svg xmlns=\"https:\/\/www.w3.org\/2000\/svg\" viewbox=\"0 0 320 512\" aria-hidden=\"true\" focussable=\"false\"><path d=\"M96 480c-8.188 0-16.38-3.125-22.62-9.375c-12.5-12.5-12.5-32.75 0-45.25L242.8 256L73.38 86.63c-12.5-12.5-12.5-32.75 0-45.25s32.75-12.5 45.25 0l192 192c12.5 12.5 12.5 32.75 0 45.25l-192 192C112.4 476.9 104.2 480 96 480z\"><\/path><\/svg><\/span><\/a><\/div><\/div>\n<\/div><\/div>\n<\/div>\n\n\n\n<div class=\"wp-block-uagb-image alignleft uagb-block-zpab6jzf wp-block-uagb-image--layout-default wp-block-uagb-image--effect-static wp-block-uagb-image--align-left\"><figure class=\"wp-block-uagb-image__figure\"><img decoding=\"async\" srcset=\"https:\/\/ic-services.io\/wp-content\/uploads\/2026\/02\/pexels-photo-1054397-1054397-1-683x1024.jpg ,https:\/\/ic-services.io\/wp-content\/uploads\/2026\/02\/pexels-photo-1054397-1054397-1-scaled.jpg 780w, https:\/\/ic-services.io\/wp-content\/uploads\/2026\/02\/pexels-photo-1054397-1054397-1-scaled.jpg 360w\" sizes=\"auto, (max-width: 480px) 150px\" src=\"https:\/\/ic-services.io\/wp-content\/uploads\/2026\/02\/pexels-photo-1054397-1054397-1-683x1024.jpg\" alt=\"Primer plano de cables y puertos de red en un bastidor de servidores, mostrando la conectividad.\" class=\"uag-image-1633\" width=\"600\" height=\"450\" title=\"pexels foto 1054397 1054397 1\" loading=\"lazy\" role=\"img\"\/><\/figure><\/div>\n<\/div>\n\n\n\n<div class=\"wp-block-uagb-container uagb-block-hmxo6oq7\">\n<div class=\"wp-block-uagb-image alignleft uagb-block-xybwjwqn wp-block-uagb-image--layout-default wp-block-uagb-image--effect-static wp-block-uagb-image--align-left\"><figure class=\"wp-block-uagb-image__figure\"><img decoding=\"async\" srcset=\"https:\/\/ic-services.io\/wp-content\/uploads\/2026\/02\/pexels-photo-5050305-5050305-1024x681.jpg ,https:\/\/ic-services.io\/wp-content\/uploads\/2026\/02\/pexels-photo-5050305-5050305-scaled.jpg 780w, https:\/\/ic-services.io\/wp-content\/uploads\/2026\/02\/pexels-photo-5050305-5050305-scaled.jpg 360w\" sizes=\"auto, (max-width: 480px) 150px\" src=\"https:\/\/ic-services.io\/wp-content\/uploads\/2026\/02\/pexels-photo-5050305-5050305-1024x681.jpg\" alt=\"Primer plano de un bastidor de servidores de red con LED parpadeantes, que muestra conexiones Ethernet y paneles de conexiones.\" class=\"uag-image-1620\" width=\"600\" height=\"450\" title=\"foto pexels 5050305 5050305\" loading=\"lazy\" role=\"img\"\/><\/figure><\/div>\n\n\n\n<div class=\"wp-block-uagb-container uagb-block-wppicamt\">\n<div class=\"wp-block-uagb-info-box uagb-block-9ppjrhvb uagb-infobox__content-wrap  uagb-infobox-icon-above-title uagb-infobox-image-valign-top\"><div class=\"uagb-ifb-content\"><div class=\"uagb-ifb-title-wrap\"><p class=\"uagb-ifb-title-prefix\">02<\/p><h2 class=\"uagb-ifb-title\">Conservaci\u00f3n de datos y conformidad transfronteriza<\/h2><\/div><p class=\"uagb-ifb-desc\">Bas\u00e1ndonos en ETSI TS 102 657 y en normas nacionales como la alemana Auslandskopf\u00fcberwachung, le ayudamos a implantar procesos de gesti\u00f3n de solicitudes de retenci\u00f3n de datos y de divulgaci\u00f3n transfronteriza. Nuestras soluciones garantizan que s\u00f3lo se entreguen los datos autorizados, que los procedimientos est\u00e9n documentados y que pueda demostrar su cumplimiento a las autoridades reguladoras y los tribunales.<\/p><\/div><\/div>\n\n\n\n<div class=\"wp-block-uagb-buttons uagb-buttons__outer-wrap uagb-btn__default-btn uagb-btn-tablet__default-btn uagb-btn-mobile__default-btn uagb-block-zmb4n4ir\"><div class=\"uagb-buttons__wrap uagb-buttons-layout-wrap\">\n<div class=\"wp-block-uagb-buttons-child uagb-buttons__outer-wrap uagb-block-o0x2zstx wp-block-button\"><div class=\"uagb-button__wrapper\"><a class=\"uagb-buttons-repeater wp-block-button__link\" aria-label=\"\" href=\"\/es\/soluciones\/conservacion-de-datos\/\" rel=\"follow noopener\" target=\"_self\" role=\"button\"><div class=\"uagb-button__link\">Seguir leyendo<\/div><span class=\"uagb-button__icon uagb-button__icon-position-after\"><svg xmlns=\"https:\/\/www.w3.org\/2000\/svg\" viewbox=\"0 0 320 512\" aria-hidden=\"true\" focussable=\"false\"><path d=\"M96 480c-8.188 0-16.38-3.125-22.62-9.375c-12.5-12.5-12.5-32.75 0-45.25L242.8 256L73.38 86.63c-12.5-12.5-12.5-32.75 0-45.25s32.75-12.5 45.25 0l192 192c12.5 12.5 12.5 32.75 0 45.25l-192 192C112.4 476.9 104.2 480 96 480z\"><\/path><\/svg><\/span><\/a><\/div><\/div>\n<\/div><\/div>\n<\/div>\n<\/div>\n<\/div><\/div>\n\n\n\n<div class=\"wp-block-uagb-container uagb-block-537an79k alignfull uagb-is-root-container\"><div class=\"uagb-container-inner-blocks-wrap\">\n<div class=\"wp-block-uagb-container uagb-block-fc16tlok\">\n<div class=\"wp-block-uagb-info-box uagb-block-qa3rvlzt uagb-infobox__content-wrap  uagb-infobox-icon-above-title uagb-infobox-image-valign-top\"><div class=\"uagb-ifb-content\"><div class=\"uagb-ifb-title-wrap\"><p class=\"uagb-ifb-title-prefix\">03<\/p><h2 class=\"uagb-ifb-title\">Cumplimiento de e-Evidence<\/h2><\/div><p class=\"uagb-ifb-desc\">En virtud del Reglamento (UE) 2023\/1543 de la UE relativo a la prueba electr\u00f3nica, las autoridades policiales de toda Europa ya pueden emitir \u00f3rdenes de presentaci\u00f3n y de conservaci\u00f3n directamente a los proveedores de servicios. ICS ofrece una plataforma de cumplimiento integral que automatiza la recepci\u00f3n de \u00f3rdenes, la extracci\u00f3n de datos, la entrega segura y la elaboraci\u00f3n de informes de auditor\u00eda completos, ayud\u00e1ndole a cumplir todos los plazos y a evitar multas de hasta 2% de los ingresos globales.<\/p><\/div><\/div>\n\n\n\n<div class=\"wp-block-uagb-buttons uagb-buttons__outer-wrap uagb-btn__default-btn uagb-btn-tablet__default-btn uagb-btn-mobile__default-btn uagb-block-co136d9j\"><div class=\"uagb-buttons__wrap uagb-buttons-layout-wrap\">\n<div class=\"wp-block-uagb-buttons-child uagb-buttons__outer-wrap uagb-block-pbjkgfye wp-block-button\"><div class=\"uagb-button__wrapper\"><a class=\"uagb-buttons-repeater wp-block-button__link\" aria-label=\"\" href=\"\/es\/soluciones\/e-conformidad-de-las-pruebas\/\" rel=\"follow noopener\" target=\"_self\" role=\"button\"><div class=\"uagb-button__link\">Seguir leyendo<\/div><span class=\"uagb-button__icon uagb-button__icon-position-after\"><svg xmlns=\"https:\/\/www.w3.org\/2000\/svg\" viewbox=\"0 0 320 512\" aria-hidden=\"true\" focussable=\"false\"><path d=\"M96 480c-8.188 0-16.38-3.125-22.62-9.375c-12.5-12.5-12.5-32.75 0-45.25L242.8 256L73.38 86.63c-12.5-12.5-12.5-32.75 0-45.25s32.75-12.5 45.25 0l192 192c12.5 12.5 12.5 32.75 0 45.25l-192 192C112.4 476.9 104.2 480 96 480z\"><\/path><\/svg><\/span><\/a><\/div><\/div>\n<\/div><\/div>\n<\/div>\n\n\n\n<div class=\"wp-block-uagb-image alignleft uagb-block-dipynu5u wp-block-uagb-image--layout-default wp-block-uagb-image--effect-static wp-block-uagb-image--align-left\"><figure class=\"wp-block-uagb-image__figure\"><img decoding=\"async\" srcset=\"https:\/\/ic-services.io\/wp-content\/uploads\/2026\/03\/pexels-photo-6077797-6077797.jpg ,https:\/\/ic-services.io\/wp-content\/uploads\/2026\/03\/pexels-photo-6077797-6077797.jpg 780w, https:\/\/ic-services.io\/wp-content\/uploads\/2026\/03\/pexels-photo-6077797-6077797.jpg 360w\" sizes=\"auto, (max-width: 480px) 150px\" src=\"https:\/\/ic-services.io\/wp-content\/uploads\/2026\/03\/pexels-photo-6077797-6077797.jpg\" alt=\"Primer plano de cables y puertos de red en un bastidor de servidores, mostrando la conectividad.\" class=\"uag-image-1633\" width=\"600\" height=\"450\" title=\"pexels foto 6077797 6077797\" loading=\"lazy\" role=\"img\"\/><\/figure><\/div>\n<\/div><\/div>\n\n\n\n<div class=\"wp-block-uagb-container uagb-block-nn6g3h4z alignfull uagb-is-root-container\"><div class=\"uagb-container-inner-blocks-wrap\">\n<div class=\"wp-block-uagb-info-box uagb-block-a3xkqq7w uagb-infobox__content-wrap  uagb-infobox-icon-above-title uagb-infobox-image-valign-top\"><div class=\"uagb-ifb-content\"><div class=\"uagb-ifb-title-wrap\"><p class=\"uagb-ifb-title-prefix\">Mant\u00e9ngase en contacto con nosotros<\/p><h2 class=\"uagb-ifb-title\">Creemos juntos<\/h2><\/div><\/div><\/div>\n\n\n\n<div class=\"wp-block-uagb-buttons uagb-buttons__outer-wrap uagb-btn__default-btn uagb-btn-tablet__default-btn uagb-btn-mobile__default-btn uagb-block-fip7kvb1\"><div class=\"uagb-buttons__wrap uagb-buttons-layout-wrap\">\n<div class=\"wp-block-uagb-buttons-child uagb-buttons__outer-wrap uagb-block-ssthev9b wp-block-button\"><div class=\"uagb-button__wrapper\"><a class=\"uagb-buttons-repeater wp-block-button__link\" aria-label=\"\" href=\"\/es\/pongase-en-contacto-con\/\" rel=\"follow noopener\" target=\"_self\" role=\"button\"><div class=\"uagb-button__link\">hable con un experto<\/div><\/a><\/div><\/div>\n<\/div><\/div>\n<\/div><\/div>","protected":false},"excerpt":{"rendered":"<p>Our Solutions portfolio covers&nbsp;end\u2011to\u2011end&nbsp;lawful interception, disclosure and data\u2011retention capabilities, fully aligned with ETSI, 3GPP and national requirements. We support legacy, [&hellip;]<\/p>\n","protected":false},"author":2,"featured_media":0,"parent":0,"menu_order":0,"comment_status":"closed","ping_status":"closed","template":"","meta":{"_uag_custom_page_level_css":"","site-sidebar-layout":"default","site-content-layout":"","ast-site-content-layout":"default","site-content-style":"default","site-sidebar-style":"default","ast-global-header-display":"","ast-banner-title-visibility":"","ast-main-header-display":"","ast-hfb-above-header-display":"","ast-hfb-below-header-display":"","ast-hfb-mobile-header-display":"","site-post-title":"","ast-breadcrumbs-content":"","ast-featured-img":"","footer-sml-layout":"","ast-disable-related-posts":"","theme-transparent-header-meta":"","adv-header-id-meta":"","stick-header-meta":"","header-above-stick-meta":"","header-main-stick-meta":"","header-below-stick-meta":"","astra-migrate-meta-layouts":"default","ast-page-background-enabled":"default","ast-page-background-meta":{"desktop":{"background-color":"var(--ast-global-color-5)","background-image":"","background-repeat":"repeat","background-position":"center center","background-size":"auto","background-attachment":"scroll","background-type":"","background-media":"","overlay-type":"","overlay-color":"","overlay-opacity":"","overlay-gradient":""},"tablet":{"background-color":"","background-image":"","background-repeat":"repeat","background-position":"center center","background-size":"auto","background-attachment":"scroll","background-type":"","background-media":"","overlay-type":"","overlay-color":"","overlay-opacity":"","overlay-gradient":""},"mobile":{"background-color":"","background-image":"","background-repeat":"repeat","background-position":"center center","background-size":"auto","background-attachment":"scroll","background-type":"","background-media":"","overlay-type":"","overlay-color":"","overlay-opacity":"","overlay-gradient":""}},"ast-content-background-meta":{"desktop":{"background-color":"var(--ast-global-color-4)","background-image":"","background-repeat":"repeat","background-position":"center center","background-size":"auto","background-attachment":"scroll","background-type":"","background-media":"","overlay-type":"","overlay-color":"","overlay-opacity":"","overlay-gradient":""},"tablet":{"background-color":"var(--ast-global-color-4)","background-image":"","background-repeat":"repeat","background-position":"center center","background-size":"auto","background-attachment":"scroll","background-type":"","background-media":"","overlay-type":"","overlay-color":"","overlay-opacity":"","overlay-gradient":""},"mobile":{"background-color":"var(--ast-global-color-4)","background-image":"","background-repeat":"repeat","background-position":"center center","background-size":"auto","background-attachment":"scroll","background-type":"","background-media":"","overlay-type":"","overlay-color":"","overlay-opacity":"","overlay-gradient":""}},"footnotes":""},"class_list":["post-1293","page","type-page","status-publish","hentry"],"uagb_featured_image_src":{"full":false,"thumbnail":false,"medium":false,"medium_large":false,"large":false,"1536x1536":false,"2048x2048":false,"trp-custom-language-flag":false},"uagb_author_info":{"display_name":"chatgpt","author_link":"https:\/\/ic-services.io\/es\/author\/chatgpt\/"},"uagb_comment_info":0,"uagb_excerpt":"Our Solutions portfolio covers&nbsp;end\u2011to\u2011end&nbsp;lawful interception, disclosure and data\u2011retention capabilities, fully aligned with ETSI, 3GPP and national requirements. We support legacy, [&hellip;]","_links":{"self":[{"href":"https:\/\/ic-services.io\/es\/wp-json\/wp\/v2\/pages\/1293","targetHints":{"allow":["GET"]}}],"collection":[{"href":"https:\/\/ic-services.io\/es\/wp-json\/wp\/v2\/pages"}],"about":[{"href":"https:\/\/ic-services.io\/es\/wp-json\/wp\/v2\/types\/page"}],"author":[{"embeddable":true,"href":"https:\/\/ic-services.io\/es\/wp-json\/wp\/v2\/users\/2"}],"replies":[{"embeddable":true,"href":"https:\/\/ic-services.io\/es\/wp-json\/wp\/v2\/comments?post=1293"}],"version-history":[{"count":11,"href":"https:\/\/ic-services.io\/es\/wp-json\/wp\/v2\/pages\/1293\/revisions"}],"predecessor-version":[{"id":2107,"href":"https:\/\/ic-services.io\/es\/wp-json\/wp\/v2\/pages\/1293\/revisions\/2107"}],"wp:attachment":[{"href":"https:\/\/ic-services.io\/es\/wp-json\/wp\/v2\/media?parent=1293"}],"curies":[{"name":"wp","href":"https:\/\/api.w.org\/{rel}","templated":true}]}}