{"id":1297,"date":"2026-01-27T14:19:09","date_gmt":"2026-01-27T13:19:09","guid":{"rendered":"https:\/\/dev.ic-services.io\/?page_id=1297"},"modified":"2026-03-15T20:26:52","modified_gmt":"2026-03-15T19:26:52","slug":"conservacion-de-datos","status":"publish","type":"page","link":"https:\/\/ic-services.io\/es\/solutions\/data-retention\/","title":{"rendered":"Conservaci\u00f3n de datos"},"content":{"rendered":"<div class=\"wp-block-uagb-container uagb-block-x0hbieel alignfull uagb-is-root-container\"><div class=\"uagb-container-inner-blocks-wrap\">\n<div class=\"wp-block-uagb-info-box uagb-block-uih5jaqc uagb-infobox__content-wrap  uagb-infobox-icon-above-title uagb-infobox-image-valign-top\"><div class=\"uagb-ifb-content\"><div class=\"uagb-ifb-title-wrap\"><h1 class=\"uagb-ifb-title\">Conservaci\u00f3n de datos<\/h1><\/div><p class=\"uagb-ifb-desc\">Nuestras soluciones de retenci\u00f3n de datos y cumplimiento de normativas garantizan el almacenamiento seguro, la recuperaci\u00f3n y la auditor\u00eda de los datos de telecomunicaciones de acuerdo con los requisitos normativos. Se integran perfectamente con nuestras plataformas de interceptaci\u00f3n legal y proporcionan seguimiento de la cadena de custodia y pistas de auditor\u00eda.<\/p><\/div><\/div>\n<\/div><\/div>\n\n\n\n<div class=\"wp-block-uagb-container uagb-block-c2ch1rgh alignfull uagb-is-root-container\"><div class=\"uagb-container-inner-blocks-wrap\">\n<div class=\"wp-block-uagb-info-box uagb-block-vgxmcibp uagb-infobox__content-wrap  uagb-infobox-icon-above-title uagb-infobox-image-valign-top\"><div class=\"uagb-ifb-content\"><div class=\"uagb-ifb-title-wrap\"><h2 class=\"uagb-ifb-title\">Servicios de almac\u00e9n de datos de abonados<\/h2><\/div><p class=\"uagb-ifb-desc\">Explore la gama de servicios que ofrecemos para gestionar sus datos.<\/p><\/div><\/div>\n\n\n\n<div class=\"wp-block-uagb-container uagb-layout-grid uagb-block-g2hm5yue\">\n<div class=\"wp-block-uagb-container uagb-block-cezhnpib\">\n<div class=\"wp-block-uagb-info-box uagb-block-ac2o3aup uagb-infobox__content-wrap  uagb-infobox-icon-above-title uagb-infobox-image-valign-top\"><div class=\"uagb-ifb-content\"><div class=\"uagb-ifb-title-wrap\"><p class=\"uagb-ifb-title-prefix\">01<\/p><h3 class=\"uagb-ifb-title\">Responda a las solicitudes de los abonados de LEA en segundos, no en horas<\/h3><\/div><p class=\"uagb-ifb-desc\">Consolide los datos de sus abonados procedentes de m\u00faltiples sistemas de facturaci\u00f3n y aprovisionamiento en un almac\u00e9n que permite realizar b\u00fasquedas.<\/p><\/div><\/div>\n<\/div>\n\n\n\n<div class=\"wp-block-uagb-container uagb-block-6o0mukmb\">\n<div class=\"wp-block-uagb-info-box uagb-block-ydvidhod uagb-infobox__content-wrap  uagb-infobox-icon-above-title uagb-infobox-image-valign-top\"><div class=\"uagb-ifb-content\"><div class=\"uagb-ifb-title-wrap\"><p class=\"uagb-ifb-title-prefix\">02<\/p><h3 class=\"uagb-ifb-title\">Sus datos de abonados viven en silos<\/h3><\/div><p class=\"uagb-ifb-desc\">Los proveedores de telecomunicaciones almacenan la informaci\u00f3n de los abonados en m\u00faltiples sistemas:<br><br>- Plataformas de facturaci\u00f3n<br>- Bases de datos de aprovisionamiento<br>- Sistemas CRM<br>- Plataformas heredadas<br><br>Cuando las fuerzas de seguridad solicitan informaci\u00f3n sobre los abonados, su equipo busca manualmente en cada sistema. Esto lleva horas. Se producen errores. No se cumplen los plazos.<\/p><\/div><\/div>\n<\/div>\n\n\n\n<div class=\"wp-block-uagb-container uagb-block-l3xppzke\">\n<div class=\"wp-block-uagb-info-box uagb-block-ktk2zgrl uagb-infobox__content-wrap  uagb-infobox-icon-above-title uagb-infobox-image-valign-top\"><div class=\"uagb-ifb-content\"><div class=\"uagb-ifb-title-wrap\"><p class=\"uagb-ifb-title-prefix\">03<\/p><h3 class=\"uagb-ifb-title\">Una b\u00fasqueda. Todos sus abonados.<\/h3><\/div><p class=\"uagb-ifb-desc\">Creamos canalizaciones ETL personalizadas que:<br><br><strong>- Extracto<\/strong>&nbsp;datos de sus sistemas actuales (sin necesidad de migraci\u00f3n)<br><strong>- Transformar<\/strong>&nbsp;n\u00fameros de tel\u00e9fono y direcciones en formatos normalizados<br><strong>- Carga<\/strong>&nbsp;todo en un almac\u00e9n de datos unificado e indexado<br><br>Su equipo busca una vez. Obtiene resultados completos. Responde m\u00e1s r\u00e1pido.<\/p><\/div><\/div>\n<\/div>\n\n\n\n<div class=\"wp-block-uagb-container uagb-block-fgkrduw9\">\n<div class=\"wp-block-uagb-info-box uagb-block-9m714zdd uagb-infobox__content-wrap  uagb-infobox-icon-above-title uagb-infobox-image-valign-top\"><div class=\"uagb-ifb-content\"><div class=\"uagb-ifb-title-wrap\"><p class=\"uagb-ifb-title-prefix\">04<\/p><h3 class=\"uagb-ifb-title\">Dise\u00f1ado para equipos de cumplimiento<\/h3><\/div><p class=\"uagb-ifb-desc\"><strong>B\u00fasquedas r\u00e1pidas<\/strong>&nbsp;B\u00fasqueda de texto completo en nombres, direcciones y correos electr\u00f3nicos. B\u00fasqueda de n\u00fameros de tel\u00e9fono en cualquier formato.<br><br><strong>Siempre actual<\/strong>&nbsp;La sincronizaci\u00f3n incremental mantiene los datos actualizados. Los cambios fluyen desde los sistemas de origen en cuesti\u00f3n de minutos.<br><br><strong>Listo para auditor\u00eda<\/strong>&nbsp;Cada b\u00fasqueda registrada. Cada respuesta documentada. Lista para la revisi\u00f3n reglamentaria.<br><br><strong>API compatible con ETSI<\/strong>&nbsp;El acceso program\u00e1tico sigue las normas ETSI LI. Int\u00e9grelo con sus flujos de trabajo actuales.<\/p><\/div><\/div>\n<\/div>\n\n\n\n<div class=\"wp-block-uagb-container uagb-block-jeyfob61\">\n<div class=\"wp-block-uagb-info-box uagb-block-cbrwz5zt uagb-infobox__content-wrap  uagb-infobox-icon-above-title uagb-infobox-image-valign-top\"><div class=\"uagb-ifb-content\"><div class=\"uagb-ifb-title-wrap\"><p class=\"uagb-ifb-title-prefix\">05<\/p><h3 class=\"uagb-ifb-title\">De fragmentada a unificada en semanas<\/h3><\/div><p class=\"uagb-ifb-desc\"><strong>1. Descubrimiento<\/strong>\u00a0Mapeamos sus fuentes de datos y comprendemos sus requisitos de cumplimiento.<br><br><strong>2. Construir<\/strong>\u00a0Extractores personalizados para cada sistema. Reglas de transformaci\u00f3n para sus formatos de datos.<br><br><strong>3. Despliegue<\/strong>\u00a0Implantaci\u00f3n segura en su infraestructura. Sus datos nunca salen de su red.<br><br><strong>4. Tren<\/strong>\u00a0Su equipo aprende la interfaz de b\u00fasqueda. Lo documentamos todo.<\/p><\/div><\/div>\n<\/div>\n\n\n\n<div class=\"wp-block-uagb-container uagb-block-aohxq8ai\">\n<div class=\"wp-block-uagb-info-box uagb-block-zsnoeg1s uagb-infobox__content-wrap  uagb-infobox-icon-above-title uagb-infobox-image-valign-top\"><div class=\"uagb-ifb-content\"><div class=\"uagb-ifb-title-wrap\"><p class=\"uagb-ifb-title-prefix\">06<\/p><h3 class=\"uagb-ifb-title\">Sus datos siguen siendo suyos<\/h3><\/div><p class=\"uagb-ifb-desc\">- Implantado en su infraestructura<br><br>- Sin dependencias de la nube<br><br>- Componentes de c\u00f3digo abierto<br><br>- Registro de auditor\u00eda completo<br><br>- Los datos son suyos<\/p><\/div><\/div>\n<\/div>\n<\/div>\n<\/div><\/div>\n\n\n\n<p><\/p>","protected":false},"excerpt":{"rendered":"","protected":false},"author":2,"featured_media":0,"parent":1293,"menu_order":0,"comment_status":"closed","ping_status":"closed","template":"","meta":{"_uag_custom_page_level_css":"","site-sidebar-layout":"default","site-content-layout":"","ast-site-content-layout":"default","site-content-style":"default","site-sidebar-style":"default","ast-global-header-display":"","ast-banner-title-visibility":"","ast-main-header-display":"","ast-hfb-above-header-display":"","ast-hfb-below-header-display":"","ast-hfb-mobile-header-display":"","site-post-title":"disabled","ast-breadcrumbs-content":"","ast-featured-img":"","footer-sml-layout":"","ast-disable-related-posts":"","theme-transparent-header-meta":"","adv-header-id-meta":"","stick-header-meta":"","header-above-stick-meta":"","header-main-stick-meta":"","header-below-stick-meta":"","astra-migrate-meta-layouts":"default","ast-page-background-enabled":"default","ast-page-background-meta":{"desktop":{"background-color":"var(--ast-global-color-5)","background-image":"","background-repeat":"repeat","background-position":"center center","background-size":"auto","background-attachment":"scroll","background-type":"","background-media":"","overlay-type":"","overlay-color":"","overlay-opacity":"","overlay-gradient":""},"tablet":{"background-color":"","background-image":"","background-repeat":"repeat","background-position":"center center","background-size":"auto","background-attachment":"scroll","background-type":"","background-media":"","overlay-type":"","overlay-color":"","overlay-opacity":"","overlay-gradient":""},"mobile":{"background-color":"","background-image":"","background-repeat":"repeat","background-position":"center center","background-size":"auto","background-attachment":"scroll","background-type":"","background-media":"","overlay-type":"","overlay-color":"","overlay-opacity":"","overlay-gradient":""}},"ast-content-background-meta":{"desktop":{"background-color":"var(--ast-global-color-4)","background-image":"","background-repeat":"repeat","background-position":"center center","background-size":"auto","background-attachment":"scroll","background-type":"","background-media":"","overlay-type":"","overlay-color":"","overlay-opacity":"","overlay-gradient":""},"tablet":{"background-color":"var(--ast-global-color-4)","background-image":"","background-repeat":"repeat","background-position":"center center","background-size":"auto","background-attachment":"scroll","background-type":"","background-media":"","overlay-type":"","overlay-color":"","overlay-opacity":"","overlay-gradient":""},"mobile":{"background-color":"var(--ast-global-color-4)","background-image":"","background-repeat":"repeat","background-position":"center center","background-size":"auto","background-attachment":"scroll","background-type":"","background-media":"","overlay-type":"","overlay-color":"","overlay-opacity":"","overlay-gradient":""}},"footnotes":""},"class_list":["post-1297","page","type-page","status-publish","hentry"],"uagb_featured_image_src":{"full":false,"thumbnail":false,"medium":false,"medium_large":false,"large":false,"1536x1536":false,"2048x2048":false,"trp-custom-language-flag":false},"uagb_author_info":{"display_name":"chatgpt","author_link":"https:\/\/ic-services.io\/es\/author\/chatgpt\/"},"uagb_comment_info":0,"uagb_excerpt":null,"_links":{"self":[{"href":"https:\/\/ic-services.io\/es\/wp-json\/wp\/v2\/pages\/1297","targetHints":{"allow":["GET"]}}],"collection":[{"href":"https:\/\/ic-services.io\/es\/wp-json\/wp\/v2\/pages"}],"about":[{"href":"https:\/\/ic-services.io\/es\/wp-json\/wp\/v2\/types\/page"}],"author":[{"embeddable":true,"href":"https:\/\/ic-services.io\/es\/wp-json\/wp\/v2\/users\/2"}],"replies":[{"embeddable":true,"href":"https:\/\/ic-services.io\/es\/wp-json\/wp\/v2\/comments?post=1297"}],"version-history":[{"count":9,"href":"https:\/\/ic-services.io\/es\/wp-json\/wp\/v2\/pages\/1297\/revisions"}],"predecessor-version":[{"id":1948,"href":"https:\/\/ic-services.io\/es\/wp-json\/wp\/v2\/pages\/1297\/revisions\/1948"}],"up":[{"embeddable":true,"href":"https:\/\/ic-services.io\/es\/wp-json\/wp\/v2\/pages\/1293"}],"wp:attachment":[{"href":"https:\/\/ic-services.io\/es\/wp-json\/wp\/v2\/media?parent=1297"}],"curies":[{"name":"wp","href":"https:\/\/api.w.org\/{rel}","templated":true}]}}