{"id":13,"date":"2026-01-23T09:42:16","date_gmt":"2026-01-23T09:42:16","guid":{"rendered":"https:\/\/dev.ic-services.io\/?page_id=13"},"modified":"2026-03-14T10:29:28","modified_gmt":"2026-03-14T09:29:28","slug":"servicios","status":"publish","type":"page","link":"https:\/\/ic-services.io\/es\/services\/","title":{"rendered":"Servicios"},"content":{"rendered":"<div class=\"wp-block-uagb-container uagb-block-0eqocqwc alignfull uagb-is-root-container\">\n<div class=\"wp-block-uagb-info-box uagb-block-bo4f9ohn uagb-infobox__content-wrap  uagb-infobox-icon-above-title uagb-infobox-image-valign-top wp-block-uagb-info-box--has-margin\"><div class=\"uagb-infobox-margin-wrapper\"><div class=\"uagb-ifb-content\"><div class=\"uagb-ifb-title-wrap\"><p class=\"uagb-ifb-title-prefix\">Juntos hacia el \u00e9xito<\/p><h1 class=\"uagb-ifb-title\">Cartera completa de servicios de interceptaci\u00f3n legal y cumplimiento de la normativa<\/h1><\/div><p class=\"uagb-ifb-desc\">ICS ofrece servicios integrales que ayudan a los proveedores de servicios de comunicaciones a cumplir eficazmente sus obligaciones de interceptaci\u00f3n legal. Desde operaciones totalmente gestionadas e integraci\u00f3n personalizada hasta consultor\u00eda normativa y administraci\u00f3n de facturaci\u00f3n, le ofrecemos la experiencia y el apoyo que necesita.<\/p><\/div><\/div><\/div>\n\n\n\n<div class=\"wp-block-uagb-buttons uagb-buttons__outer-wrap uagb-btn__default-btn uagb-btn-tablet__default-btn uagb-btn-mobile__default-btn uagb-block-rp97djeq\"><div class=\"uagb-buttons__wrap uagb-buttons-layout-wrap\">\n<div class=\"wp-block-uagb-buttons-child uagb-buttons__outer-wrap uagb-block-hotrnmto wp-block-button\"><div class=\"uagb-button__wrapper\"><a class=\"uagb-buttons-repeater wp-block-button__link\" aria-label=\"\" href=\"\/es\/pongase-en-contacto-con\/\" rel=\"follow noopener\" target=\"_self\" role=\"button\"><div class=\"uagb-button__link\">hable con un experto<\/div><\/a><\/div><\/div>\n<\/div><\/div>\n\n\n\n<div class=\"wp-block-uagb-container uagb-block-8u9y3uhf alignfull uagb-is-root-container\"><\/div>\n<\/div>\n\n\n\n<div class=\"wp-block-uagb-container uagb-block-4062d932 alignfull uagb-is-root-container\"><div class=\"uagb-container-inner-blocks-wrap\">\n<div class=\"wp-block-uagb-container uagb-layout-flex uagb-block-188bf86b\">\n<div class=\"wp-block-uagb-image alignright uagb-block-a74814ac wp-block-uagb-image--layout-default wp-block-uagb-image--effect-static wp-block-uagb-image--align-right\"><figure class=\"wp-block-uagb-image__figure\"><img decoding=\"async\" srcset=\"https:\/\/ic-services.io\/wp-content\/uploads\/2026\/01\/pexels-photo-4682189.jpeg ,https:\/\/ic-services.io\/wp-content\/uploads\/2026\/01\/pexels-photo-4682189.jpeg 780w, https:\/\/ic-services.io\/wp-content\/uploads\/2026\/01\/pexels-photo-4682189.jpeg 360w\" sizes=\"auto, (max-width: 480px) 150px\" src=\"https:\/\/ic-services.io\/wp-content\/uploads\/2026\/01\/pexels-photo-4682189.jpeg\" alt=\"Vista detallada de cables de fibra \u00f3ptica conectados a un panel de conexiones en un centro de datos.\" class=\"uag-image-813\" width=\"258\" height=\"258\" title=\"servicios-05\" loading=\"lazy\" role=\"img\"\/><\/figure><\/div>\n<\/div>\n\n\n\n<div class=\"wp-block-group is-nowrap is-layout-flex wp-container-core-group-is-layout-6c531013 wp-block-group-is-layout-flex\">\n<div class=\"wp-block-uagb-container uagb-block-734584c5\">\n<div class=\"wp-block-uagb-advanced-heading uagb-block-0dee396c\"><div class=\"uagb-separator\"><\/div><h2 class=\"uagb-heading-text\">Operaciones LI gestionadas<\/h2><p class=\"uagb-desc-text\">Nuestro servicio gestionado de interceptaci\u00f3n legal proporciona un soporte operativo completo que incluye la supervisi\u00f3n del sistema 24 horas al d\u00eda, 7 d\u00edas a la semana, la gesti\u00f3n de \u00f3rdenes judiciales, la entrega segura a los organismos encargados de hacer cumplir la ley y la elaboraci\u00f3n de informes de cumplimiento. Gestionamos su infraestructura de LI para que usted pueda centrarse en su red, al tiempo que mantiene una visibilidad y un control totales a trav\u00e9s de nuestro portal de gesti\u00f3n.<\/p><\/div>\n\n\n\n<div class=\"wp-block-uagb-buttons uagb-buttons__outer-wrap uagb-btn__default-btn uagb-btn-tablet__default-btn uagb-btn-mobile__default-btn uagb-block-61f9686f\"><div class=\"uagb-buttons__wrap uagb-buttons-layout-wrap\">\n<div class=\"wp-block-uagb-buttons-child uagb-buttons__outer-wrap uagb-block-df38012e wp-block-button\"><div class=\"uagb-button__wrapper\"><a class=\"uagb-buttons-repeater wp-block-button__link\" aria-label=\"\" href=\"\/es\/servicios\/operaciones-li-gestionadas\/\" rel=\"follow noopener\" target=\"_self\" role=\"button\"><div class=\"uagb-button__link\">Seguir leyendo<\/div><span class=\"uagb-button__icon uagb-button__icon-position-after\"><svg xmlns=\"https:\/\/www.w3.org\/2000\/svg\" viewbox=\"0 0 256 512\" aria-hidden=\"true\" focussable=\"false\"><path d=\"M64 448c-8.188 0-16.38-3.125-22.62-9.375c-12.5-12.5-12.5-32.75 0-45.25L178.8 256L41.38 118.6c-12.5-12.5-12.5-32.75 0-45.25s32.75-12.5 45.25 0l160 160c12.5 12.5 12.5 32.75 0 45.25l-160 160C80.38 444.9 72.19 448 64 448z\"><\/path><\/svg><\/span><\/a><\/div><\/div>\n<\/div><\/div>\n<\/div>\n<\/div>\n<\/div><\/div>\n\n\n\n<div class=\"wp-block-uagb-container uagb-block-0c412db5 alignfull uagb-is-root-container\"><div class=\"uagb-container-inner-blocks-wrap\">\n<div class=\"wp-block-group is-nowrap is-layout-flex wp-container-core-group-is-layout-6c531013 wp-block-group-is-layout-flex\">\n<div class=\"wp-block-uagb-container uagb-block-e1ff7d3a\">\n<div class=\"wp-block-uagb-advanced-heading uagb-block-1df7c5de\"><div class=\"uagb-separator\"><\/div><h2 class=\"uagb-heading-text\">Integraci\u00f3n y desarrollo a medida<\/h2><p class=\"uagb-desc-text\">Adaptamos las soluciones de interceptaci\u00f3n legal a su arquitectura de red espec\u00edfica, sistemas heredados y requisitos normativos. Nuestros servicios de integraci\u00f3n incluyen adaptadores personalizados, convertidores de protocolos, funciones de mediaci\u00f3n e interfaces de traspaso que acortan la distancia entre su entorno real y las obligaciones de cumplimiento, manteniendo al mismo tiempo la alineaci\u00f3n con ETSI.<\/p><\/div>\n\n\n\n<div class=\"wp-block-uagb-buttons uagb-buttons__outer-wrap uagb-btn__default-btn uagb-btn-tablet__default-btn uagb-btn-mobile__default-btn uagb-block-61ea11eb\"><div class=\"uagb-buttons__wrap uagb-buttons-layout-wrap\">\n<div class=\"wp-block-uagb-buttons-child uagb-buttons__outer-wrap uagb-block-a98151e5 wp-block-button\"><div class=\"uagb-button__wrapper\"><a class=\"uagb-buttons-repeater wp-block-button__link\" aria-label=\"\" href=\"\/es\/servicios\/integracion-desarrollo-a-medida\/\" rel=\"follow noopener\" target=\"_self\" role=\"button\"><div class=\"uagb-button__link\">Seguir leyendo<\/div><span class=\"uagb-button__icon uagb-button__icon-position-after\"><svg xmlns=\"https:\/\/www.w3.org\/2000\/svg\" viewbox=\"0 0 256 512\" aria-hidden=\"true\" focussable=\"false\"><path d=\"M64 448c-8.188 0-16.38-3.125-22.62-9.375c-12.5-12.5-12.5-32.75 0-45.25L178.8 256L41.38 118.6c-12.5-12.5-12.5-32.75 0-45.25s32.75-12.5 45.25 0l160 160c12.5 12.5 12.5 32.75 0 45.25l-160 160C80.38 444.9 72.19 448 64 448z\"><\/path><\/svg><\/span><\/a><\/div><\/div>\n<\/div><\/div>\n<\/div>\n\n\n\n<div class=\"wp-block-uagb-container uagb-layout-flex uagb-block-c0e43976\">\n<div class=\"wp-block-uagb-image alignleft uagb-block-5306a3d4 wp-block-uagb-image--layout-default wp-block-uagb-image--effect-static wp-block-uagb-image--align-left\"><figure class=\"wp-block-uagb-image__figure\"><img decoding=\"async\" srcset=\"https:\/\/ic-services.io\/wp-content\/uploads\/2026\/02\/pexels-photo-113850-113850-1024x683.jpg ,https:\/\/ic-services.io\/wp-content\/uploads\/2026\/02\/pexels-photo-113850-113850-scaled.jpg 780w, https:\/\/ic-services.io\/wp-content\/uploads\/2026\/02\/pexels-photo-113850-113850-scaled.jpg 360w\" sizes=\"auto, (max-width: 480px) 150px\" src=\"https:\/\/ic-services.io\/wp-content\/uploads\/2026\/02\/pexels-photo-113850-113850-1024x683.jpg\" alt=\"Vista detallada de un c\u00f3digo fuente a todo color en la pantalla de un ordenador, que representa la programaci\u00f3n y la tecnolog\u00eda modernas.\" class=\"uag-image-1591\" width=\"258\" height=\"258\" title=\"pexels foto 113850 113850\" loading=\"lazy\" role=\"img\"\/><\/figure><\/div>\n<\/div>\n<\/div>\n<\/div><\/div>\n\n\n\n<div class=\"wp-block-uagb-container uagb-block-86ad670d alignfull uagb-is-root-container\"><div class=\"uagb-container-inner-blocks-wrap\">\n<div class=\"wp-block-group is-nowrap is-layout-flex wp-container-core-group-is-layout-6c531013 wp-block-group-is-layout-flex\">\n<div class=\"wp-block-uagb-container uagb-layout-flex uagb-block-49c46b3d\">\n<div class=\"wp-block-uagb-image alignright uagb-block-d96255e0 wp-block-uagb-image--layout-default wp-block-uagb-image--effect-static wp-block-uagb-image--align-right\"><figure class=\"wp-block-uagb-image__figure\"><img decoding=\"async\" srcset=\"https:\/\/ic-services.io\/wp-content\/uploads\/2026\/02\/pexels-photo-7433827-7433827-1024x683.jpg ,https:\/\/ic-services.io\/wp-content\/uploads\/2026\/02\/pexels-photo-7433827-7433827-scaled.jpg 780w, https:\/\/ic-services.io\/wp-content\/uploads\/2026\/02\/pexels-photo-7433827-7433827-scaled.jpg 360w\" sizes=\"auto, (max-width: 480px) 150px\" src=\"https:\/\/ic-services.io\/wp-content\/uploads\/2026\/02\/pexels-photo-7433827-7433827-1024x683.jpg\" alt=\"Profesionales de alto nivel discutiendo documentos en una oficina corporativa.\" class=\"uag-image-1681\" width=\"258\" height=\"258\" title=\"pexels foto 7433827 7433827\" loading=\"lazy\" role=\"img\"\/><\/figure><\/div>\n<\/div>\n\n\n\n<div class=\"wp-block-uagb-container uagb-block-a1958e86\">\n<div class=\"wp-block-uagb-advanced-heading uagb-block-5ca96e19\"><div class=\"uagb-separator\"><\/div><h2 class=\"uagb-heading-text\">Consultor\u00eda y apoyo normativo<\/h2><p class=\"uagb-desc-text\">Nuestro equipo de consultor\u00eda le ayuda a comprender y cumplir las obligaciones de interceptaci\u00f3n legal en m\u00faltiples jurisdicciones. Proporcionamos evaluaciones de conformidad, orientaci\u00f3n para la alineaci\u00f3n con las normas ETSI, asistencia en el dise\u00f1o de arquitecturas y preparaci\u00f3n de auditor\u00edas para garantizar que sus sistemas cumplen los requisitos normativos y superan las inspecciones.<\/p><\/div>\n\n\n\n<div class=\"wp-block-uagb-buttons uagb-buttons__outer-wrap uagb-btn__default-btn uagb-btn-tablet__default-btn uagb-btn-mobile__default-btn uagb-block-46153460\"><div class=\"uagb-buttons__wrap uagb-buttons-layout-wrap\">\n<div class=\"wp-block-uagb-buttons-child uagb-buttons__outer-wrap uagb-block-d645d467 wp-block-button\"><div class=\"uagb-button__wrapper\"><a class=\"uagb-buttons-repeater wp-block-button__link\" aria-label=\"\" href=\"\/es\/servicios\/integracion-desarrollo-a-medida\/\" rel=\"follow noopener\" target=\"_self\" role=\"button\"><div class=\"uagb-button__link\">Seguir leyendo<\/div><span class=\"uagb-button__icon uagb-button__icon-position-after\"><svg xmlns=\"https:\/\/www.w3.org\/2000\/svg\" viewbox=\"0 0 256 512\" aria-hidden=\"true\" focussable=\"false\"><path d=\"M64 448c-8.188 0-16.38-3.125-22.62-9.375c-12.5-12.5-12.5-32.75 0-45.25L178.8 256L41.38 118.6c-12.5-12.5-12.5-32.75 0-45.25s32.75-12.5 45.25 0l160 160c12.5 12.5 12.5 32.75 0 45.25l-160 160C80.38 444.9 72.19 448 64 448z\"><\/path><\/svg><\/span><\/a><\/div><\/div>\n<\/div><\/div>\n<\/div>\n<\/div>\n<\/div><\/div>\n\n\n\n<div class=\"wp-block-uagb-container uagb-block-ffb294d0 alignfull uagb-is-root-container\"><div class=\"uagb-container-inner-blocks-wrap\">\n<div class=\"wp-block-group is-nowrap is-layout-flex wp-container-core-group-is-layout-6c531013 wp-block-group-is-layout-flex\">\n<div class=\"wp-block-uagb-container uagb-block-5549ed4d\">\n<div class=\"wp-block-uagb-advanced-heading uagb-block-38c491c3\"><div class=\"uagb-separator\"><\/div><h2 class=\"uagb-heading-text\">Servicios de facturaci\u00f3n<\/h2><p class=\"uagb-desc-text\">Gestionamos el ciclo completo de facturaci\u00f3n y reembolso de las actividades de interceptaci\u00f3n legal. Nuestro servicio realiza un seguimiento autom\u00e1tico de todos los eventos facturables, calcula los costes seg\u00fan los marcos aplicables, genera facturas conformes y gestiona el cobro con los organismos encargados de hacer cumplir la ley, adapt\u00e1ndose a las normas y requisitos de las distintas jurisdicciones.<\/p><\/div>\n\n\n\n<div class=\"wp-block-uagb-buttons uagb-buttons__outer-wrap uagb-btn__default-btn uagb-btn-tablet__default-btn uagb-btn-mobile__default-btn uagb-block-051953c4\"><div class=\"uagb-buttons__wrap uagb-buttons-layout-wrap\">\n<div class=\"wp-block-uagb-buttons-child uagb-buttons__outer-wrap uagb-block-6af16c68 wp-block-button\"><div class=\"uagb-button__wrapper\"><a class=\"uagb-buttons-repeater wp-block-button__link\" aria-label=\"\" href=\"\/es\/servicios\/servicios-de-facturacion\/\" rel=\"follow noopener\" target=\"_self\" role=\"button\"><div class=\"uagb-button__link\">Seguir leyendo<\/div><span class=\"uagb-button__icon uagb-button__icon-position-after\"><svg xmlns=\"https:\/\/www.w3.org\/2000\/svg\" viewbox=\"0 0 256 512\" aria-hidden=\"true\" focussable=\"false\"><path d=\"M64 448c-8.188 0-16.38-3.125-22.62-9.375c-12.5-12.5-12.5-32.75 0-45.25L178.8 256L41.38 118.6c-12.5-12.5-12.5-32.75 0-45.25s32.75-12.5 45.25 0l160 160c12.5 12.5 12.5 32.75 0 45.25l-160 160C80.38 444.9 72.19 448 64 448z\"><\/path><\/svg><\/span><\/a><\/div><\/div>\n<\/div><\/div>\n<\/div>\n\n\n\n<div class=\"wp-block-uagb-container uagb-layout-flex uagb-block-35e87960\">\n<div class=\"wp-block-uagb-image alignleft uagb-block-76558478 wp-block-uagb-image--layout-default wp-block-uagb-image--effect-static wp-block-uagb-image--align-left\"><figure class=\"wp-block-uagb-image__figure\"><img decoding=\"async\" srcset=\"https:\/\/ic-services.io\/wp-content\/uploads\/2026\/02\/pexels-photo-8296977-8296977-1024x683.jpg ,https:\/\/ic-services.io\/wp-content\/uploads\/2026\/02\/pexels-photo-8296977-8296977-scaled.jpg 780w, https:\/\/ic-services.io\/wp-content\/uploads\/2026\/02\/pexels-photo-8296977-8296977-scaled.jpg 360w\" sizes=\"auto, (max-width: 480px) 150px\" src=\"https:\/\/ic-services.io\/wp-content\/uploads\/2026\/02\/pexels-photo-8296977-8296977-1024x683.jpg\" alt=\"Un contable utilizando una calculadora y firmando documentos, mostrando un an\u00e1lisis financiero.\" class=\"uag-image-1679\" width=\"258\" height=\"258\" title=\"pexels foto 8296977 8296977\" loading=\"lazy\" role=\"img\"\/><\/figure><\/div>\n<\/div>\n<\/div>\n<\/div><\/div>\n\n\n\n\n\n<div class=\"wp-block-uagb-container uagb-layout-grid uagb-block-508141bb alignfull uagb-is-root-container\"><div class=\"uagb-container-inner-blocks-wrap\">\n<div class=\"wp-block-uagb-advanced-heading uagb-block-09883dcf\"><div class=\"uagb-separator\"><\/div><h2 class=\"uagb-heading-text\">Nuestro enfoque sistem\u00e1tico para ofrecer soluciones integrales<\/h2><\/div>\n\n\n\n<div class=\"wp-block-uagb-container uagb-layout-grid uagb-block-aa24d0e8 alignfull uagb-is-root-container\"><div class=\"uagb-container-inner-blocks-wrap\">\n<div class=\"wp-block-uagb-info-box uagb-block-37efc996 uagb-infobox__content-wrap  uagb-infobox-icon-above-title uagb-infobox-image-valign-top\"><div class=\"uagb-ifb-content\"><div class=\"uagb-ifb-title-wrap\"><p class=\"uagb-ifb-title-prefix\">Primer paso<\/p><h3 class=\"uagb-ifb-title\">Consulta<\/h3><\/div><p class=\"uagb-ifb-desc\">Trabajamos con sus equipos jur\u00eddicos, t\u00e9cnicos y de cumplimiento para comprender sus obligaciones normativas, arquitectura de red, limitaciones operativas y requisitos de servicio en todas las jurisdicciones en las que opera.<\/p><\/div><\/div>\n\n\n\n<div class=\"wp-block-uagb-info-box uagb-block-a83f2864 uagb-infobox__content-wrap  uagb-infobox-icon-above-title uagb-infobox-image-valign-top\"><div class=\"uagb-ifb-content\"><div class=\"uagb-ifb-title-wrap\"><p class=\"uagb-ifb-title-prefix\">Paso 2<\/p><h3 class=\"uagb-ifb-title\">Aplicaci\u00f3n<\/h3><\/div><p class=\"uagb-ifb-desc\">Desplegamos, integramos y configuramos sistemas y servicios de interceptaci\u00f3n legal adaptados a su entorno espec\u00edfico, garantizando un funcionamiento sin fisuras con su infraestructura existente y el cumplimiento de todas las normas aplicables.<\/p><\/div><\/div>\n\n\n\n<div class=\"wp-block-uagb-info-box uagb-block-56e981fe uagb-infobox__content-wrap  uagb-infobox-icon-above-title uagb-infobox-image-valign-top\"><div class=\"uagb-ifb-content\"><div class=\"uagb-ifb-title-wrap\"><p class=\"uagb-ifb-title-prefix\">Paso 3<\/p><h3 class=\"uagb-ifb-title\">Ayuda<\/h3><\/div><p class=\"uagb-ifb-desc\">Nuestro equipo proporciona asistencia operativa continua, supervisi\u00f3n, actualizaciones y orientaci\u00f3n normativa para garantizar que su entorno de LI siga cumpliendo la normativa, sea seguro y est\u00e9 preparado para las auditor\u00edas a medida que evolucionan los reglamentos y las normas.<\/p><\/div><\/div>\n<\/div><\/div>\n<\/div><\/div>","protected":false},"excerpt":{"rendered":"<p>Managed LI Operations Our managed lawful interception service provides complete operational support including 24\/7 system monitoring, warrant management, secure handover [&hellip;]<\/p>\n","protected":false},"author":1,"featured_media":0,"parent":0,"menu_order":0,"comment_status":"closed","ping_status":"closed","template":"","meta":{"_uag_custom_page_level_css":"","site-sidebar-layout":"default","site-content-layout":"","ast-site-content-layout":"default","site-content-style":"default","site-sidebar-style":"default","ast-global-header-display":"","ast-banner-title-visibility":"","ast-main-header-display":"","ast-hfb-above-header-display":"","ast-hfb-below-header-display":"","ast-hfb-mobile-header-display":"","site-post-title":"disabled","ast-breadcrumbs-content":"","ast-featured-img":"","footer-sml-layout":"","ast-disable-related-posts":"","theme-transparent-header-meta":"default","adv-header-id-meta":"","stick-header-meta":"","header-above-stick-meta":"","header-main-stick-meta":"","header-below-stick-meta":"","astra-migrate-meta-layouts":"default","ast-page-background-enabled":"default","ast-page-background-meta":{"desktop":{"background-color":"var(--ast-global-color-5)","background-image":"","background-repeat":"repeat","background-position":"center center","background-size":"auto","background-attachment":"scroll","background-type":"","background-media":"","overlay-type":"","overlay-color":"","overlay-opacity":"","overlay-gradient":""},"tablet":{"background-color":"","background-image":"","background-repeat":"repeat","background-position":"center center","background-size":"auto","background-attachment":"scroll","background-type":"","background-media":"","overlay-type":"","overlay-color":"","overlay-opacity":"","overlay-gradient":""},"mobile":{"background-color":"","background-image":"","background-repeat":"repeat","background-position":"center center","background-size":"auto","background-attachment":"scroll","background-type":"","background-media":"","overlay-type":"","overlay-color":"","overlay-opacity":"","overlay-gradient":""}},"ast-content-background-meta":{"desktop":{"background-color":"var(--ast-global-color-4)","background-image":"","background-repeat":"repeat","background-position":"center center","background-size":"auto","background-attachment":"scroll","background-type":"","background-media":"","overlay-type":"","overlay-color":"","overlay-opacity":"","overlay-gradient":""},"tablet":{"background-color":"var(--ast-global-color-4)","background-image":"","background-repeat":"repeat","background-position":"center center","background-size":"auto","background-attachment":"scroll","background-type":"","background-media":"","overlay-type":"","overlay-color":"","overlay-opacity":"","overlay-gradient":""},"mobile":{"background-color":"var(--ast-global-color-4)","background-image":"","background-repeat":"repeat","background-position":"center center","background-size":"auto","background-attachment":"scroll","background-type":"","background-media":"","overlay-type":"","overlay-color":"","overlay-opacity":"","overlay-gradient":""}},"footnotes":""},"class_list":["post-13","page","type-page","status-publish","hentry"],"uagb_featured_image_src":{"full":false,"thumbnail":false,"medium":false,"medium_large":false,"large":false,"1536x1536":false,"2048x2048":false,"trp-custom-language-flag":false},"uagb_author_info":{"display_name":"ICS Team","author_link":"https:\/\/ic-services.io\/es\/author\/operations_q0xnxjbe\/"},"uagb_comment_info":0,"uagb_excerpt":"Managed LI Operations Our managed lawful interception service provides complete operational support including 24\/7 system monitoring, warrant management, secure handover [&hellip;]","_links":{"self":[{"href":"https:\/\/ic-services.io\/es\/wp-json\/wp\/v2\/pages\/13","targetHints":{"allow":["GET"]}}],"collection":[{"href":"https:\/\/ic-services.io\/es\/wp-json\/wp\/v2\/pages"}],"about":[{"href":"https:\/\/ic-services.io\/es\/wp-json\/wp\/v2\/types\/page"}],"author":[{"embeddable":true,"href":"https:\/\/ic-services.io\/es\/wp-json\/wp\/v2\/users\/1"}],"replies":[{"embeddable":true,"href":"https:\/\/ic-services.io\/es\/wp-json\/wp\/v2\/comments?post=13"}],"version-history":[{"count":10,"href":"https:\/\/ic-services.io\/es\/wp-json\/wp\/v2\/pages\/13\/revisions"}],"predecessor-version":[{"id":1811,"href":"https:\/\/ic-services.io\/es\/wp-json\/wp\/v2\/pages\/13\/revisions\/1811"}],"wp:attachment":[{"href":"https:\/\/ic-services.io\/es\/wp-json\/wp\/v2\/media?parent=13"}],"curies":[{"name":"wp","href":"https:\/\/api.w.org\/{rel}","templated":true}]}}