{"id":1315,"date":"2026-01-27T14:37:25","date_gmt":"2026-01-27T13:37:25","guid":{"rendered":"https:\/\/dev.ic-services.io\/?page_id=1315"},"modified":"2026-02-25T14:58:09","modified_gmt":"2026-02-25T13:58:09","slug":"productos","status":"publish","type":"page","link":"https:\/\/ic-services.io\/es\/products\/","title":{"rendered":"Productos"},"content":{"rendered":"<p>Nuestra secci\u00f3n de productos ofrece una amplia gama de soluciones de interceptaci\u00f3n legal. Ofrecemos plataformas de software y dispositivos de hardware dise\u00f1ados para satisfacer las necesidades de mensajer\u00eda, IP, VoIP, OTT e interceptaci\u00f3n internacional. Todas las ofertas son escalables y cumplen las normas ETSI. Explore nuestras categor\u00edas de software y dispositivos para encontrar la soluci\u00f3n adecuada para su red y sus necesidades normativas.<\/p>\n\n\n\n<div class=\"wp-block-uagb-container uagb-block-0rdgylbd alignfull uagb-is-root-container\"><div class=\"uagb-container-inner-blocks-wrap\">\n<div class=\"wp-block-uagb-container uagb-block-od3neutp\">\n<div class=\"wp-block-uagb-info-box uagb-block-i9noz3so uagb-infobox__content-wrap  uagb-infobox-icon-above-title uagb-infobox-image-valign-top\"><div class=\"uagb-ifb-content\"><div class=\"uagb-ifb-title-wrap\"><p class=\"uagb-ifb-title-prefix\">Juntos hacia el \u00e9xito<\/p><h2 class=\"uagb-ifb-title\">Alcance sus objetivos con la orientaci\u00f3n de nuestros expertos<\/h2><\/div><p class=\"uagb-ifb-desc\">Desde la gesti\u00f3n centralizada de garant\u00edas y la mediaci\u00f3n en tiempo real hasta dispositivos de r\u00e1pida implantaci\u00f3n para escenarios especializados, ICS le ofrece todo lo que necesita para cumplir las obligaciones normativas en todos los servicios y redes.<\/p><\/div><\/div>\n\n\n\n<div class=\"wp-block-uagb-buttons uagb-buttons__outer-wrap uagb-btn__default-btn uagb-btn-tablet__default-btn uagb-btn-mobile__default-btn uagb-block-yvgajheb\"><div class=\"uagb-buttons__wrap uagb-buttons-layout-wrap\">\n<div class=\"wp-block-uagb-buttons-child uagb-buttons__outer-wrap uagb-block-uczr3dzd wp-block-button\"><div class=\"uagb-button__wrapper\"><a class=\"uagb-buttons-repeater wp-block-button__link\" aria-label=\"\" href=\"\/es\/pongase-en-contacto-con\/\" rel=\"follow noopener\" target=\"_self\" role=\"button\"><div class=\"uagb-button__link\">hable con un experto<\/div><\/a><\/div><\/div>\n<\/div><\/div>\n<\/div>\n\n\n\n<div class=\"wp-block-uagb-image alignleft uagb-block-xicjutqr wp-block-uagb-image--layout-default wp-block-uagb-image--effect-static wp-block-uagb-image--align-left\"><figure class=\"wp-block-uagb-image__figure\"><img decoding=\"async\" srcset=\"https:\/\/ic-services.io\/wp-content\/uploads\/2026\/01\/gcae11156218ea16d50c0962f328db69716c5f187aebbbfd01f21f9379549ae0f0d80e18e39d7f109b9146ab9836596ecf7a3dc9c9a285b41977cd21dd6e675c2_1280-1587673-1024x768.jpg ,https:\/\/ic-services.io\/wp-content\/uploads\/2026\/01\/gcae11156218ea16d50c0962f328db69716c5f187aebbbfd01f21f9379549ae0f0d80e18e39d7f109b9146ab9836596ecf7a3dc9c9a285b41977cd21dd6e675c2_1280-1587673.jpg 780w, https:\/\/ic-services.io\/wp-content\/uploads\/2026\/01\/gcae11156218ea16d50c0962f328db69716c5f187aebbbfd01f21f9379549ae0f0d80e18e39d7f109b9146ab9836596ecf7a3dc9c9a285b41977cd21dd6e675c2_1280-1587673.jpg 360w\" sizes=\"auto, (max-width: 480px) 150px\" src=\"https:\/\/ic-services.io\/wp-content\/uploads\/2026\/01\/gcae11156218ea16d50c0962f328db69716c5f187aebbbfd01f21f9379549ae0f0d80e18e39d7f109b9146ab9836596ecf7a3dc9c9a285b41977cd21dd6e675c2_1280-1587673-1024x768.jpg\" alt=\"tecnolog\u00eda, servidores, servidor, servidores, servidor, servidor, servidor, servidor, servidor\" class=\"uag-image-1460\" width=\"564\" height=\"500\" title=\"gcae11156218ea16d50c0962f328db69716c5f187aebbbfd01f21f9379549ae0f0d80e18e39d7f109b9146ab9836596ecf7a3dc9c9a285b41977cd21dd6e675c2 1280 1587673\" loading=\"lazy\" role=\"img\"\/><\/figure><\/div>\n<\/div><\/div>\n\n\n\n<div class=\"wp-block-uagb-container uagb-block-mdkwywor alignfull uagb-is-root-container\"><div class=\"uagb-container-inner-blocks-wrap\">\n<div class=\"wp-block-uagb-container uagb-block-jyom7co8\">\n<div class=\"wp-block-uagb-info-box uagb-block-0egagod4 uagb-infobox__content-wrap  uagb-infobox-icon-above-title uagb-infobox-image-valign-top wp-block-uagb-info-box--has-margin\"><div class=\"uagb-infobox-margin-wrapper\"><div class=\"uagb-ifb-content\"><div class=\"uagb-ifb-title-wrap\"><h2 class=\"uagb-ifb-title\">Nuestras categor\u00edas de productos<\/h2><\/div><p class=\"uagb-ifb-desc\">Los productos ICS se organizan en dos categor\u00edas principales: plataformas de software para entornos LI multiservicio a largo plazo, y dispositivos de hardware para escenarios temporales, especializados o de migraci\u00f3n. Juntos cubren toda la gama de necesidades de interceptaci\u00f3n legal.<\/p><\/div><\/div><\/div>\n\n\n\n<div class=\"wp-block-uagb-image alignleft uagb-block-ik38uakv wp-block-uagb-image--layout-default wp-block-uagb-image--effect-static wp-block-uagb-image--align-left\"><figure class=\"wp-block-uagb-image__figure\"><img decoding=\"async\" srcset=\"https:\/\/ic-services.io\/wp-content\/uploads\/2026\/02\/g0614efa747bb10b77ef6de425a39a4adf96209f4549f5ecd9baaf0ffc86d62144a1b7a39ae9c791e5043eddf1b8cfa3661b69c68ebeae555a78ac9cdaf08ab5a_1280-4393370-1024x659.jpg ,https:\/\/ic-services.io\/wp-content\/uploads\/2026\/02\/g0614efa747bb10b77ef6de425a39a4adf96209f4549f5ecd9baaf0ffc86d62144a1b7a39ae9c791e5043eddf1b8cfa3661b69c68ebeae555a78ac9cdaf08ab5a_1280-4393370.jpg 780w, https:\/\/ic-services.io\/wp-content\/uploads\/2026\/02\/g0614efa747bb10b77ef6de425a39a4adf96209f4549f5ecd9baaf0ffc86d62144a1b7a39ae9c791e5043eddf1b8cfa3661b69c68ebeae555a78ac9cdaf08ab5a_1280-4393370.jpg 360w\" sizes=\"auto, (max-width: 480px) 150px\" src=\"https:\/\/ic-services.io\/wp-content\/uploads\/2026\/02\/g0614efa747bb10b77ef6de425a39a4adf96209f4549f5ecd9baaf0ffc86d62144a1b7a39ae9c791e5043eddf1b8cfa3661b69c68ebeae555a78ac9cdaf08ab5a_1280-4393370-1024x659.jpg\" alt=\"servidor, bah\u00eda de unidad, discos duros, almacenamiento, red, edp, hardware, datos, internet, web, servidor, servidor, servidor, servidor, servidor\" class=\"uag-image-1635\" width=\"564\" height=\"376\" title=\"g0614efa747bb10b77ef6de425a39a4adf96209f4549f5ecd9baaf0ffc86d62144a1b7a39ae9c791e5043eddf1b8cfa3661b69c68ebeae555a78ac9cdaf08ab5a 1280 4393370\" loading=\"lazy\" role=\"img\"\/><\/figure><\/div>\n\n\n\n<div class=\"wp-block-uagb-info-box uagb-block-p5ayfvh0 uagb-infobox__content-wrap  uagb-infobox-icon-above-title uagb-infobox-image-valign-top wp-block-uagb-info-box--has-margin\"><div class=\"uagb-infobox-margin-wrapper\"><div class=\"uagb-ifb-content\"><div class=\"uagb-ifb-title-wrap\"><h3 class=\"uagb-ifb-title\">Electrodom\u00e9sticos<\/h3><\/div><p class=\"uagb-ifb-desc\">Para situaciones en las que se necesita un despliegue r\u00e1pido o capacidades especializadas, nuestros dispositivos ofrecen interceptaci\u00f3n legal plug-and-play. La caja LI temporal admite la interceptaci\u00f3n de VoIP, IP y mensajer\u00eda en investigaciones a corto plazo o redes piloto, mientras que el conversor de RTC\/RDSI a SIP sirve de puente entre las redes TDM heredadas y las modernas SIP, garantizando la interceptaci\u00f3n continua durante y despu\u00e9s de la migraci\u00f3n.<\/p><\/div><\/div><\/div>\n\n\n\n<div class=\"wp-block-uagb-buttons uagb-buttons__outer-wrap uagb-btn__default-btn uagb-btn-tablet__default-btn uagb-btn-mobile__default-btn uagb-block-b7768950\"><div class=\"uagb-buttons__wrap uagb-buttons-layout-wrap\">\n<div class=\"wp-block-uagb-buttons-child uagb-buttons__outer-wrap uagb-block-2c1033e6 wp-block-button\"><div class=\"uagb-button__wrapper\"><a class=\"uagb-buttons-repeater wp-block-button__link\" aria-label=\"\" href=\"\/es\/productos\/electrodomesticos\/\" rel=\"follow noopener\" target=\"_self\" role=\"button\"><div class=\"uagb-button__link\">Seguir leyendo<\/div><span class=\"uagb-button__icon uagb-button__icon-position-after\"><svg xmlns=\"https:\/\/www.w3.org\/2000\/svg\" viewbox=\"0 0 256 512\" aria-hidden=\"true\" focussable=\"false\"><path d=\"M64 448c-8.188 0-16.38-3.125-22.62-9.375c-12.5-12.5-12.5-32.75 0-45.25L178.8 256L41.38 118.6c-12.5-12.5-12.5-32.75 0-45.25s32.75-12.5 45.25 0l160 160c12.5 12.5 12.5 32.75 0 45.25l-160 160C80.38 444.9 72.19 448 64 448z\"><\/path><\/svg><\/span><\/a><\/div><\/div>\n<\/div><\/div>\n<\/div>\n\n\n\n<div class=\"wp-block-uagb-container uagb-block-zo9dmipg\">\n<div class=\"wp-block-uagb-image alignleft uagb-block-orqz2rkz wp-block-uagb-image--layout-default wp-block-uagb-image--effect-static wp-block-uagb-image--align-left\"><figure class=\"wp-block-uagb-image__figure\"><img decoding=\"async\" srcset=\"https:\/\/ic-services.io\/wp-content\/uploads\/2026\/02\/pexels-photo-1181271-1181271-1-1024x684.jpg ,https:\/\/ic-services.io\/wp-content\/uploads\/2026\/02\/pexels-photo-1181271-1181271-1-scaled.jpg 780w, https:\/\/ic-services.io\/wp-content\/uploads\/2026\/02\/pexels-photo-1181271-1181271-1-scaled.jpg 360w\" sizes=\"auto, (max-width: 480px) 150px\" src=\"https:\/\/ic-services.io\/wp-content\/uploads\/2026\/02\/pexels-photo-1181271-1181271-1-1024x684.jpg\" alt=\"Ordenador port\u00e1til que muestra c\u00f3digo con reflejo, perfecto para temas de tecnolog\u00eda y programaci\u00f3n.\" class=\"uag-image-1647\" width=\"564\" height=\"376\" title=\"pexels foto 1181271 1181271 1\" loading=\"lazy\" role=\"img\"\/><\/figure><\/div>\n\n\n\n<div class=\"wp-block-uagb-info-box uagb-block-tcbngh9f uagb-infobox__content-wrap  uagb-infobox-icon-above-title uagb-infobox-image-valign-top wp-block-uagb-info-box--has-margin\"><div class=\"uagb-infobox-margin-wrapper\"><div class=\"uagb-ifb-content\"><div class=\"uagb-ifb-title-wrap\"><h3 class=\"uagb-ifb-title\">Soluciones inform\u00e1ticas<\/h3><\/div><p class=\"uagb-ifb-desc\">Nuestra cartera de software incluye un sistema de gesti\u00f3n de interceptaci\u00f3n legal (LIMS) que centraliza la gesti\u00f3n y provisi\u00f3n de \u00f3rdenes judiciales, una plataforma de mediaci\u00f3n LI que recopila y formatea los datos interceptados de redes de m\u00faltiples proveedores, y m\u00f3dulos espec\u00edficos de servicio para mensajer\u00eda, IP, VoIP y OTT. Todos los componentes se integran a la perfecci\u00f3n y cumplen las normas ETSI y 3GPP, lo que le proporciona un control integral, desde la orden legal hasta el traspaso seguro.<\/p><\/div><\/div><\/div>\n\n\n\n<div class=\"wp-block-uagb-buttons uagb-buttons__outer-wrap uagb-btn__default-btn uagb-btn-tablet__default-btn uagb-btn-mobile__default-btn uagb-block-b96a8f10\"><div class=\"uagb-buttons__wrap uagb-buttons-layout-wrap\">\n<div class=\"wp-block-uagb-buttons-child uagb-buttons__outer-wrap uagb-block-e2285c58 wp-block-button\"><div class=\"uagb-button__wrapper\"><a class=\"uagb-buttons-repeater wp-block-button__link\" aria-label=\"\" href=\"\/es\/productos\/soluciones-de-software\/\" rel=\"follow noopener\" target=\"_self\" role=\"button\"><div class=\"uagb-button__link\">Seguir leyendo<\/div><span class=\"uagb-button__icon uagb-button__icon-position-after\"><svg xmlns=\"https:\/\/www.w3.org\/2000\/svg\" viewbox=\"0 0 256 512\" aria-hidden=\"true\" focussable=\"false\"><path d=\"M64 448c-8.188 0-16.38-3.125-22.62-9.375c-12.5-12.5-12.5-32.75 0-45.25L178.8 256L41.38 118.6c-12.5-12.5-12.5-32.75 0-45.25s32.75-12.5 45.25 0l160 160c12.5 12.5 12.5 32.75 0 45.25l-160 160C80.38 444.9 72.19 448 64 448z\"><\/path><\/svg><\/span><\/a><\/div><\/div>\n<\/div><\/div>\n\n\n\n<div class=\"wp-block-uagb-image alignleft uagb-block-iilj4g0q wp-block-uagb-image--layout-default wp-block-uagb-image--effect-static wp-block-uagb-image--align-left\"><figure class=\"wp-block-uagb-image__figure\"><img decoding=\"async\" srcset=\"https:\/\/ic-services.io\/wp-content\/uploads\/2026\/02\/pexels-photo-8867472-8867472-1024x683.jpg ,https:\/\/ic-services.io\/wp-content\/uploads\/2026\/02\/pexels-photo-8867472-8867472-scaled.jpg 780w, https:\/\/ic-services.io\/wp-content\/uploads\/2026\/02\/pexels-photo-8867472-8867472-scaled.jpg 360w\" sizes=\"auto, (max-width: 480px) 150px\" src=\"https:\/\/ic-services.io\/wp-content\/uploads\/2026\/02\/pexels-photo-8867472-8867472-1024x683.jpg\" alt=\"Dos empleados de un centro de llamadas trabajan juntos con auriculares en una oficina moderna.\" class=\"uag-image-1561\" width=\"564\" height=\"376\" title=\"pexels foto 8867472 8867472\" loading=\"lazy\" role=\"img\"\/><\/figure><\/div>\n\n\n\n<div class=\"wp-block-uagb-info-box uagb-block-2srcgl4k uagb-infobox__content-wrap  uagb-infobox-icon-above-title uagb-infobox-image-valign-top wp-block-uagb-info-box--has-margin\"><div class=\"uagb-infobox-margin-wrapper\"><div class=\"uagb-ifb-content\"><div class=\"uagb-ifb-title-wrap\"><h3 class=\"uagb-ifb-title\">Servicio de atenci\u00f3n al cliente superior<\/h3><\/div><p class=\"uagb-ifb-desc\">Todos los productos ICS est\u00e1n respaldados por servicios profesionales, formaci\u00f3n y asistencia a largo plazo. Nuestros expertos le ayudan con la planificaci\u00f3n, la integraci\u00f3n, las pruebas de aceptaci\u00f3n y la asistencia operativa 24 horas al d\u00eda, 7 d\u00edas a la semana, garantizando que su entorno de LI se mantenga estable, cumpla la normativa y est\u00e9 listo para las auditor\u00edas.<\/p><\/div><\/div><\/div>\n<\/div>\n<\/div><\/div>\n\n\n\n<div class=\"wp-block-uagb-container uagb-block-x5ghs45m alignfull uagb-is-root-container\"><div class=\"uagb-container-inner-blocks-wrap\">\n<div class=\"wp-block-uagb-info-box uagb-block-4goimaw1 uagb-infobox__content-wrap  uagb-infobox-icon-above-title uagb-infobox-image-valign-top wp-block-uagb-info-box--has-margin\"><div class=\"uagb-infobox-margin-wrapper\"><div class=\"uagb-ifb-content\"><div class=\"uagb-ifb-title-wrap\"><h2 class=\"uagb-ifb-title\">Soluciones innovadoras para retos modernos<\/h2><\/div><p class=\"uagb-ifb-desc\">Nuestra cartera de productos combina potentes plataformas de software con dispositivos especialmente dise\u00f1ados para ofrecerle una interceptaci\u00f3n legal flexible y conforme a los est\u00e1ndares, desde la gesti\u00f3n de \u00f3rdenes hasta la entrega segura. Tanto si necesita un entorno LI a gran escala como un despliegue temporal, ICS le proporciona las herramientas adecuadas.<\/p><\/div><\/div><\/div>\n\n\n\n<div class=\"wp-block-uagb-container uagb-block-caun6p24\">\n<div class=\"wp-block-uagb-info-box uagb-block-uilux7em uagb-infobox__content-wrap  uagb-infobox-icon-above-title uagb-infobox-image-valign-top wp-block-uagb-info-box--has-margin\"><div class=\"uagb-infobox-margin-wrapper\"><div class=\"uagb-ifb-content\"><div class=\"uagb-ifb-icon-wrap\"><div class=\"uagb-iconbox-icon-wrap uagb-infobox-shape-circle\"><svg xmlns=\"https:\/\/www.w3.org\/2000\/svg\" viewbox=\"0 0 448 512\"><path d=\"M438.6 105.4C451.1 117.9 451.1 138.1 438.6 150.6L182.6 406.6C170.1 419.1 149.9 419.1 137.4 406.6L9.372 278.6C-3.124 266.1-3.124 245.9 9.372 233.4C21.87 220.9 42.13 220.9 54.63 233.4L159.1 338.7L393.4 105.4C405.9 92.88 426.1 92.88 438.6 105.4H438.6z\"><\/path><\/svg><\/div><\/div><div class=\"uagb-ifb-title-wrap\"><h3 class=\"uagb-ifb-title\">Interfaz de usuario intuitiva<\/h3><\/div><p class=\"uagb-ifb-desc\">Las interfaces seguras basadas en navegador de nuestras plataformas LIMS y de mediaci\u00f3n ofrecen a los usuarios autorizados una visibilidad clara de las \u00f3rdenes, los objetivos, el estado del sistema y las sesiones de traspaso. Los flujos de trabajo guiados reducen los errores de configuraci\u00f3n, acortan el tiempo de formaci\u00f3n del personal de conformidad y simplifican las operaciones diarias.<\/p><\/div><\/div><\/div>\n\n\n\n<div class=\"wp-block-uagb-info-box uagb-block-speruisf uagb-infobox__content-wrap  uagb-infobox-icon-above-title uagb-infobox-image-valign-top wp-block-uagb-info-box--has-margin\"><div class=\"uagb-infobox-margin-wrapper\"><div class=\"uagb-ifb-content\"><div class=\"uagb-ifb-icon-wrap\"><div class=\"uagb-iconbox-icon-wrap uagb-infobox-shape-circle\"><svg xmlns=\"https:\/\/www.w3.org\/2000\/svg\" viewbox=\"0 0 448 512\"><path d=\"M438.6 105.4C451.1 117.9 451.1 138.1 438.6 150.6L182.6 406.6C170.1 419.1 149.9 419.1 137.4 406.6L9.372 278.6C-3.124 266.1-3.124 245.9 9.372 233.4C21.87 220.9 42.13 220.9 54.63 233.4L159.1 338.7L393.4 105.4C405.9 92.88 426.1 92.88 438.6 105.4H438.6z\"><\/path><\/svg><\/div><\/div><div class=\"uagb-ifb-title-wrap\"><h3 class=\"uagb-ifb-title\">Integraci\u00f3n perfecta<\/h3><\/div><p class=\"uagb-ifb-desc\">Nuestro software y dispositivos utilizan interfaces estandarizadas (ETSI X1\/X2\/X3 y HI1\/HI2\/HI3, puntos de referencia 3GPP) para integrarse con elementos de red, facturaci\u00f3n, NOC y sistemas de seguridad de m\u00faltiples proveedores. Esto protege sus inversiones actuales a la vez que permite una interceptaci\u00f3n coherente en redes heredadas y de nueva generaci\u00f3n.<\/p><\/div><\/div><\/div>\n\n\n\n<div class=\"wp-block-uagb-info-box uagb-block-gcmhlfu6 uagb-infobox__content-wrap  uagb-infobox-icon-above-title uagb-infobox-image-valign-top wp-block-uagb-info-box--has-margin\"><div class=\"uagb-infobox-margin-wrapper\"><div class=\"uagb-ifb-content\"><div class=\"uagb-ifb-icon-wrap\"><div class=\"uagb-iconbox-icon-wrap uagb-infobox-shape-circle\"><svg xmlns=\"https:\/\/www.w3.org\/2000\/svg\" viewbox=\"0 0 448 512\"><path d=\"M438.6 105.4C451.1 117.9 451.1 138.1 438.6 150.6L182.6 406.6C170.1 419.1 149.9 419.1 137.4 406.6L9.372 278.6C-3.124 266.1-3.124 245.9 9.372 233.4C21.87 220.9 42.13 220.9 54.63 233.4L159.1 338.7L393.4 105.4C405.9 92.88 426.1 92.88 438.6 105.4H438.6z\"><\/path><\/svg><\/div><\/div><div class=\"uagb-ifb-title-wrap\"><h3 class=\"uagb-ifb-title\">Automatizaci\u00f3n avanzada<\/h3><\/div><p class=\"uagb-ifb-desc\">El aprovisionamiento y desaprovisionamiento automatizados y las comprobaciones de coherencia garantizan que la interceptaci\u00f3n s\u00f3lo est\u00e9 activa para los objetivos autorizados durante las ventanas de tiempo especificadas. Esto reduce la carga de trabajo manual, mejora la fiabilidad y ayuda a demostrar el cumplimiento al garantizar que los procesos se siguen con exactitud.<\/p><\/div><\/div><\/div>\n<\/div>\n<\/div><\/div>\n\n\n\n<p><\/p>","protected":false},"excerpt":{"rendered":"<p>Our Products section offers a comprehensive range of lawful interception solutions. We provide both software platforms and hardware appliances designed [&hellip;]<\/p>\n","protected":false},"author":2,"featured_media":0,"parent":0,"menu_order":0,"comment_status":"closed","ping_status":"closed","template":"","meta":{"_uag_custom_page_level_css":"","site-sidebar-layout":"default","site-content-layout":"","ast-site-content-layout":"default","site-content-style":"default","site-sidebar-style":"default","ast-global-header-display":"","ast-banner-title-visibility":"","ast-main-header-display":"","ast-hfb-above-header-display":"","ast-hfb-below-header-display":"","ast-hfb-mobile-header-display":"","site-post-title":"","ast-breadcrumbs-content":"","ast-featured-img":"","footer-sml-layout":"","ast-disable-related-posts":"","theme-transparent-header-meta":"","adv-header-id-meta":"","stick-header-meta":"","header-above-stick-meta":"","header-main-stick-meta":"","header-below-stick-meta":"","astra-migrate-meta-layouts":"default","ast-page-background-enabled":"default","ast-page-background-meta":{"desktop":{"background-color":"var(--ast-global-color-5)","background-image":"","background-repeat":"repeat","background-position":"center center","background-size":"auto","background-attachment":"scroll","background-type":"","background-media":"","overlay-type":"","overlay-color":"","overlay-opacity":"","overlay-gradient":""},"tablet":{"background-color":"","background-image":"","background-repeat":"repeat","background-position":"center center","background-size":"auto","background-attachment":"scroll","background-type":"","background-media":"","overlay-type":"","overlay-color":"","overlay-opacity":"","overlay-gradient":""},"mobile":{"background-color":"","background-image":"","background-repeat":"repeat","background-position":"center center","background-size":"auto","background-attachment":"scroll","background-type":"","background-media":"","overlay-type":"","overlay-color":"","overlay-opacity":"","overlay-gradient":""}},"ast-content-background-meta":{"desktop":{"background-color":"var(--ast-global-color-4)","background-image":"","background-repeat":"repeat","background-position":"center center","background-size":"auto","background-attachment":"scroll","background-type":"","background-media":"","overlay-type":"","overlay-color":"","overlay-opacity":"","overlay-gradient":""},"tablet":{"background-color":"var(--ast-global-color-4)","background-image":"","background-repeat":"repeat","background-position":"center center","background-size":"auto","background-attachment":"scroll","background-type":"","background-media":"","overlay-type":"","overlay-color":"","overlay-opacity":"","overlay-gradient":""},"mobile":{"background-color":"var(--ast-global-color-4)","background-image":"","background-repeat":"repeat","background-position":"center center","background-size":"auto","background-attachment":"scroll","background-type":"","background-media":"","overlay-type":"","overlay-color":"","overlay-opacity":"","overlay-gradient":""}},"footnotes":""},"class_list":["post-1315","page","type-page","status-publish","hentry"],"uagb_featured_image_src":{"full":false,"thumbnail":false,"medium":false,"medium_large":false,"large":false,"1536x1536":false,"2048x2048":false,"trp-custom-language-flag":false},"uagb_author_info":{"display_name":"chatgpt","author_link":"https:\/\/ic-services.io\/es\/author\/chatgpt\/"},"uagb_comment_info":0,"uagb_excerpt":"Our Products section offers a comprehensive range of lawful interception solutions. We provide both software platforms and hardware appliances designed [&hellip;]","_links":{"self":[{"href":"https:\/\/ic-services.io\/es\/wp-json\/wp\/v2\/pages\/1315","targetHints":{"allow":["GET"]}}],"collection":[{"href":"https:\/\/ic-services.io\/es\/wp-json\/wp\/v2\/pages"}],"about":[{"href":"https:\/\/ic-services.io\/es\/wp-json\/wp\/v2\/types\/page"}],"author":[{"embeddable":true,"href":"https:\/\/ic-services.io\/es\/wp-json\/wp\/v2\/users\/2"}],"replies":[{"embeddable":true,"href":"https:\/\/ic-services.io\/es\/wp-json\/wp\/v2\/comments?post=1315"}],"version-history":[{"count":10,"href":"https:\/\/ic-services.io\/es\/wp-json\/wp\/v2\/pages\/1315\/revisions"}],"predecessor-version":[{"id":2008,"href":"https:\/\/ic-services.io\/es\/wp-json\/wp\/v2\/pages\/1315\/revisions\/2008"}],"wp:attachment":[{"href":"https:\/\/ic-services.io\/es\/wp-json\/wp\/v2\/media?parent=1315"}],"curies":[{"name":"wp","href":"https:\/\/api.w.org\/{rel}","templated":true}]}}