{"id":1317,"date":"2026-01-27T14:39:02","date_gmt":"2026-01-27T13:39:02","guid":{"rendered":"https:\/\/dev.ic-services.io\/?page_id=1317"},"modified":"2026-02-24T20:02:30","modified_gmt":"2026-02-24T19:02:30","slug":"soluciones-de-software","status":"publish","type":"page","link":"https:\/\/ic-services.io\/es\/products\/software-solutions\/","title":{"rendered":"Soluciones inform\u00e1ticas"},"content":{"rendered":"<p>Nuestras soluciones inform\u00e1ticas ofrecen&nbsp;<strong>modular<\/strong>&nbsp;y escalables para la interceptaci\u00f3n y divulgaci\u00f3n legales, creadas para operadores, ISP y proveedores de servicios. Incluyen una plataforma central de mediaci\u00f3n LI, un sistema de gesti\u00f3n de la interceptaci\u00f3n legal (LIMS) y m\u00f3dulos especializados para servicios de mensajer\u00eda, IP, VoIP y OTT, todos ellos dise\u00f1ados para integrarse perfectamente en su red y cumplir las normas ETSI y 3GPP.<\/p>\n\n\n\n<div class=\"wp-block-uagb-container uagb-block-fzbhrzzk alignfull uagb-is-root-container\">\n<div class=\"wp-block-uagb-container uagb-block-3hhb8uwf\">\n<div class=\"wp-block-uagb-info-box uagb-block-4qwqnwr6 uagb-infobox__content-wrap  uagb-infobox-icon-above-title uagb-infobox-image-valign-top\"><div class=\"uagb-ifb-content\"><div class=\"uagb-ifb-title-wrap\"><h1 class=\"uagb-ifb-title\">software de interceptaci\u00f3n legal de extremo a extremo<\/h1><\/div><p class=\"uagb-ifb-desc\">Proporcionamos software de interceptaci\u00f3n legal de extremo a extremo -desde la gesti\u00f3n y mediaci\u00f3n de \u00f3rdenes judiciales hasta la entrega segura-, adem\u00e1s de la experiencia necesaria para dise\u00f1ar, implantar y operar un entorno de LI conforme a las normas.<\/p><\/div><\/div>\n\n\n\n<div class=\"wp-block-uagb-buttons uagb-buttons__outer-wrap uagb-btn__default-btn uagb-btn-tablet__default-btn uagb-btn-mobile__default-btn uagb-block-quztw9ga\"><div class=\"uagb-buttons__wrap uagb-buttons-layout-wrap\">\n<div class=\"wp-block-uagb-buttons-child uagb-buttons__outer-wrap uagb-block-31dxdii3 wp-block-button\"><div class=\"uagb-button__wrapper\"><a class=\"uagb-buttons-repeater wp-block-button__link\" aria-label=\"\" href=\"\/es\/pongase-en-contacto-con\/\" rel=\"follow noopener\" target=\"_self\" role=\"button\"><div class=\"uagb-button__link\">hable con un experto<\/div><\/a><\/div><\/div>\n<\/div><\/div>\n<\/div>\n\n\n\n<div class=\"wp-block-uagb-container uagb-block-rz3ydqmd\"><\/div>\n<\/div>\n\n\n\n<div class=\"wp-block-uagb-container uagb-block-n80da5r1 alignfull uagb-is-root-container\"><div class=\"uagb-container-inner-blocks-wrap\">\n<div class=\"wp-block-uagb-info-box uagb-block-7vt9ylv6 uagb-infobox__content-wrap  uagb-infobox-icon-above-title uagb-infobox-image-valign-top\"><div class=\"uagb-ifb-content\"><div class=\"uagb-ifb-title-wrap\"><h2 class=\"uagb-ifb-title\"><strong>Nuestros principales componentes de software LI<\/strong><\/h2><\/div><p class=\"uagb-ifb-desc\">Explore nuestros principales productos de software de interceptaci\u00f3n legal, que funcionan conjuntamente para gestionar el ciclo de vida completo, desde la orden legal hasta la entrega de la Informaci\u00f3n Relacionada con la Interceptaci\u00f3n (IRI) y el Contenido de la Comunicaci\u00f3n (CC).<\/p><\/div><\/div>\n\n\n\n<div class=\"wp-block-uagb-container uagb-block-wahqr8b3\">\n<div class=\"wp-block-uagb-container uagb-block-5pkbcdqz\">\n<div class=\"wp-block-uagb-image alignleft uagb-block-6vt5a2yd wp-block-uagb-image--layout-default wp-block-uagb-image--effect-static wp-block-uagb-image--align-left\"><figure class=\"wp-block-uagb-image__figure\"><img decoding=\"async\" srcset=\"https:\/\/ic-services.io\/wp-content\/uploads\/2026\/02\/g7587007e3209a747aa1ca4b1f1f0b16d717a88440ba863313de1ec6d54d927d7086105baf8b7692ba6709c8deed5d946_1280-265130-1024x682.jpg ,https:\/\/ic-services.io\/wp-content\/uploads\/2026\/02\/g7587007e3209a747aa1ca4b1f1f0b16d717a88440ba863313de1ec6d54d927d7086105baf8b7692ba6709c8deed5d946_1280-265130.jpg 780w, https:\/\/ic-services.io\/wp-content\/uploads\/2026\/02\/g7587007e3209a747aa1ca4b1f1f0b16d717a88440ba863313de1ec6d54d927d7086105baf8b7692ba6709c8deed5d946_1280-265130.jpg 360w\" sizes=\"auto, (max-width: 480px) 150px\" src=\"https:\/\/ic-services.io\/wp-content\/uploads\/2026\/02\/g7587007e3209a747aa1ca4b1f1f0b16d717a88440ba863313de1ec6d54d927d7086105baf8b7692ba6709c8deed5d946_1280-265130-1024x682.jpg\" alt=\"seguridad, protecci\u00f3n, antivirus, software, cms, wordpress, sistema de gesti\u00f3n de contenidos, redacci\u00f3n, contenidos, copia de seguridad, piratear, web, internet, blog, cargar, correos, medios, comentarios, pantalla, contenido, crear, escribir, publicar, publicaci\u00f3n, seguridad, seguridad, seguridad, seguridad, seguridad\" class=\"uag-image-1603\" width=\"368\" height=\"450\" title=\"g7587007e3209a747aa1ca4b1f1f0b16d717a88440ba863313de1ec6d54d927d7086105baf8b7692ba6709c8deed5d946 1280 265130\" loading=\"lazy\" role=\"img\"\/><\/figure><\/div>\n\n\n\n<div class=\"wp-block-uagb-info-box uagb-block-wfksokcv uagb-infobox__content-wrap  uagb-infobox-icon-above-title uagb-infobox-image-valign-top\"><div class=\"uagb-ifb-content\"><div class=\"uagb-ifb-title-wrap\"><h3 class=\"uagb-ifb-title\">Sistema de gesti\u00f3n de la interceptaci\u00f3n legal (LIMS)<\/h3><\/div><p class=\"uagb-ifb-desc\">Nuestro sistema de gesti\u00f3n de la interceptaci\u00f3n legal centraliza la gesti\u00f3n, el aprovisionamiento y la supervisi\u00f3n de las \u00f3rdenes en todas las redes y servicios. Coordina los dispositivos de mediaci\u00f3n y los elementos de red, aplica un control de acceso basado en funciones y mantiene registros de auditor\u00eda completos para cada acci\u00f3n. Utilice LIMS como capa de control segura entre sus equipos internos y las fuerzas de seguridad conectadas.<\/p><\/div><\/div>\n\n\n\n<div class=\"wp-block-uagb-buttons uagb-buttons__outer-wrap uagb-btn__default-btn uagb-btn-tablet__default-btn uagb-btn-mobile__default-btn uagb-block-w23vbwna\"><div class=\"uagb-buttons__wrap uagb-buttons-layout-wrap\">\n<div class=\"wp-block-uagb-buttons-child uagb-buttons__outer-wrap uagb-block-jzfxdfhi wp-block-button\"><div class=\"uagb-button__wrapper\"><a class=\"uagb-buttons-repeater wp-block-button__link\" aria-label=\"\" href=\"\/es\/productos\/soluciones-de-software\/\/sistema-de-gestion-de-la-interceptacion-legal\/\" rel=\"follow noopener\" target=\"_self\" role=\"button\"><div class=\"uagb-button__link\">M\u00e1s informaci\u00f3n<\/div><span class=\"uagb-button__icon uagb-button__icon-position-after\"><svg xmlns=\"https:\/\/www.w3.org\/2000\/svg\" viewbox=\"0 0 320 512\" aria-hidden=\"true\" focussable=\"false\"><path d=\"M96 480c-8.188 0-16.38-3.125-22.62-9.375c-12.5-12.5-12.5-32.75 0-45.25L242.8 256L73.38 86.63c-12.5-12.5-12.5-32.75 0-45.25s32.75-12.5 45.25 0l192 192c12.5 12.5 12.5 32.75 0 45.25l-192 192C112.4 476.9 104.2 480 96 480z\"><\/path><\/svg><\/span><\/a><\/div><\/div>\n<\/div><\/div>\n<\/div>\n\n\n\n<div class=\"wp-block-uagb-container uagb-block-4jzkfszc\">\n<div class=\"wp-block-uagb-image alignleft uagb-block-lbkoafib wp-block-uagb-image--layout-default wp-block-uagb-image--effect-static wp-block-uagb-image--align-left\"><figure class=\"wp-block-uagb-image__figure\"><img decoding=\"async\" srcset=\"https:\/\/ic-services.io\/wp-content\/uploads\/2026\/02\/pexels-photo-1181271-1181271-1024x684.jpg ,https:\/\/ic-services.io\/wp-content\/uploads\/2026\/02\/pexels-photo-1181271-1181271-scaled.jpg 780w, https:\/\/ic-services.io\/wp-content\/uploads\/2026\/02\/pexels-photo-1181271-1181271-scaled.jpg 360w\" sizes=\"auto, (max-width: 480px) 150px\" src=\"https:\/\/ic-services.io\/wp-content\/uploads\/2026\/02\/pexels-photo-1181271-1181271-1024x684.jpg\" alt=\"Ordenador port\u00e1til que muestra c\u00f3digo con reflejo, perfecto para temas de tecnolog\u00eda y programaci\u00f3n.\" class=\"uag-image-1605\" width=\"368\" height=\"450\" title=\"pexels foto 1181271 1181271\" loading=\"lazy\" role=\"img\"\/><\/figure><\/div>\n\n\n\n<div class=\"wp-block-uagb-info-box uagb-block-ktpcgcdz uagb-infobox__content-wrap  uagb-infobox-icon-above-title uagb-infobox-image-valign-top\"><div class=\"uagb-ifb-content\"><div class=\"uagb-ifb-title-wrap\"><h3 class=\"uagb-ifb-title\">Plataforma de mediaci\u00f3n LI<\/h3><\/div><p class=\"uagb-ifb-desc\">La plataforma de mediaci\u00f3n LI es el n\u00facleo t\u00e9cnico que recopila, filtra y formatea los datos interceptados de elementos de red de m\u00faltiples proveedores. Traduce las salidas espec\u00edficas de cada proveedor a formatos de traspaso normalizados de ETSI y 3GPP y entrega IRI y CC autorizados a m\u00faltiples organismos a trav\u00e9s de interfaces de LI, sin afectar al funcionamiento normal de la red.<a href=\"https:\/\/ic-services.io\/es\/productos\/soluciones-de-software\/li-plataforma-de-mediacion\/\" target=\"_blank\" rel=\"noreferrer noopener\"><\/a>\u200b<br><\/p><\/div><\/div>\n\n\n\n<div class=\"wp-block-uagb-buttons uagb-buttons__outer-wrap uagb-btn__default-btn uagb-btn-tablet__default-btn uagb-btn-mobile__default-btn uagb-block-jwnz6tdd\"><div class=\"uagb-buttons__wrap uagb-buttons-layout-wrap\">\n<div class=\"wp-block-uagb-buttons-child uagb-buttons__outer-wrap uagb-block-okbzjq9s wp-block-button\"><div class=\"uagb-button__wrapper\"><a class=\"uagb-buttons-repeater wp-block-button__link\" aria-label=\"\" href=\"\/es\/productos\/soluciones-de-software\/li-plataforma-de-mediacion\/\" rel=\"follow noopener\" target=\"_self\" role=\"button\"><div class=\"uagb-button__link\">M\u00e1s informaci\u00f3n<\/div><span class=\"uagb-button__icon uagb-button__icon-position-after\"><svg xmlns=\"https:\/\/www.w3.org\/2000\/svg\" viewbox=\"0 0 320 512\" aria-hidden=\"true\" focussable=\"false\"><path d=\"M96 480c-8.188 0-16.38-3.125-22.62-9.375c-12.5-12.5-12.5-32.75 0-45.25L242.8 256L73.38 86.63c-12.5-12.5-12.5-32.75 0-45.25s32.75-12.5 45.25 0l192 192c12.5 12.5 12.5 32.75 0 45.25l-192 192C112.4 476.9 104.2 480 96 480z\"><\/path><\/svg><\/span><\/a><\/div><\/div>\n<\/div><\/div>\n<\/div>\n\n\n\n<div class=\"wp-block-uagb-container uagb-block-jz2zokqd\">\n<div class=\"wp-block-uagb-image alignleft uagb-block-tw4jcjs5 wp-block-uagb-image--layout-default wp-block-uagb-image--effect-static wp-block-uagb-image--align-left\"><figure class=\"wp-block-uagb-image__figure\"><img decoding=\"async\" srcset=\"https:\/\/ic-services.io\/wp-content\/uploads\/2026\/02\/pexels-photo-1181675-1181675-1024x684.jpg ,https:\/\/ic-services.io\/wp-content\/uploads\/2026\/02\/pexels-photo-1181675-1181675-scaled.jpg 780w, https:\/\/ic-services.io\/wp-content\/uploads\/2026\/02\/pexels-photo-1181675-1181675-scaled.jpg 360w\" sizes=\"auto, (max-width: 480px) 150px\" src=\"https:\/\/ic-services.io\/wp-content\/uploads\/2026\/02\/pexels-photo-1181675-1181675-1024x684.jpg\" alt=\"Un desarrollador escribe c\u00f3digo en un port\u00e1til frente a varios monitores en una oficina.\" class=\"uag-image-1606\" width=\"368\" height=\"450\" title=\"pexels foto 1181675 1181675\" loading=\"lazy\" role=\"img\"\/><\/figure><\/div>\n\n\n\n<div class=\"wp-block-uagb-info-box uagb-block-w1fttkt7 uagb-infobox__content-wrap  uagb-infobox-icon-above-title uagb-infobox-image-valign-top\"><div class=\"uagb-ifb-content\"><div class=\"uagb-ifb-title-wrap\"><h3 class=\"uagb-ifb-title\">M\u00f3dulos de interceptaci\u00f3n de servicios espec\u00edficos<\/h3><\/div><p class=\"uagb-ifb-desc\">Adem\u00e1s de la capa central de mediaci\u00f3n, ICS ofrece m\u00f3dulos de software para mensajer\u00eda, IP, VoIP e interceptaci\u00f3n OTT. Estos m\u00f3dulos ampl\u00edan la plataforma para cubrir nuevos servicios y protocolos al tiempo que reutilizan los mismos mecanismos de aprovisionamiento, registro y traspaso, lo que le ayuda a mantener una implementaci\u00f3n de LI coherente en toda su cartera.<\/p><\/div><\/div>\n\n\n\n<div class=\"wp-block-uagb-buttons uagb-buttons__outer-wrap uagb-btn__default-btn uagb-btn-tablet__default-btn uagb-btn-mobile__default-btn uagb-block-qbdg7yaz\"><div class=\"uagb-buttons__wrap uagb-buttons-layout-wrap\">\n<div class=\"wp-block-uagb-buttons-child uagb-buttons__outer-wrap uagb-block-7nkhfbxx wp-block-button\"><div class=\"uagb-button__wrapper\"><a class=\"uagb-buttons-repeater wp-block-button__link\" aria-label=\"\" href=\"\/es\/soluciones\/interceptacion-legal\/\" rel=\"follow noopener\" target=\"_self\" role=\"button\"><div class=\"uagb-button__link\">M\u00e1s informaci\u00f3n<\/div><span class=\"uagb-button__icon uagb-button__icon-position-after\"><svg xmlns=\"https:\/\/www.w3.org\/2000\/svg\" viewbox=\"0 0 320 512\" aria-hidden=\"true\" focussable=\"false\"><path d=\"M96 480c-8.188 0-16.38-3.125-22.62-9.375c-12.5-12.5-12.5-32.75 0-45.25L242.8 256L73.38 86.63c-12.5-12.5-12.5-32.75 0-45.25s32.75-12.5 45.25 0l192 192c12.5 12.5 12.5 32.75 0 45.25l-192 192C112.4 476.9 104.2 480 96 480z\"><\/path><\/svg><\/span><\/a><\/div><\/div>\n<\/div><\/div>\n<\/div>\n<\/div>\n<\/div><\/div>\n\n\n\n<div class=\"wp-block-uagb-container uagb-block-6wdfchw7 alignfull uagb-is-root-container\"><div class=\"uagb-container-inner-blocks-wrap\">\n<div class=\"wp-block-uagb-info-box uagb-block-dxeyzbzb uagb-infobox__content-wrap  uagb-infobox-icon-above-title uagb-infobox-image-valign-top\"><div class=\"uagb-ifb-content\"><div class=\"uagb-ifb-title-wrap\"><h2 class=\"uagb-ifb-title\">Nuestro software<\/h2><\/div><p class=\"uagb-ifb-desc\">Nuestro paquete de software de interceptaci\u00f3n legal est\u00e1 dise\u00f1ado para adaptarse a entornos complejos de m\u00faltiples redes y a la evoluci\u00f3n de los requisitos normativos. Cada una de las funciones que se describen a continuaci\u00f3n refleja el funcionamiento conjunto de los componentes en implantaciones reales.<\/p><\/div><\/div>\n\n\n\n<div class=\"wp-block-uagb-container uagb-layout-grid uagb-block-6seugzwv\">\n<div class=\"wp-block-uagb-container uagb-block-gpkaq8w9\">\n<div class=\"wp-block-uagb-info-box uagb-block-d0tbfbku uagb-infobox__content-wrap  uagb-infobox-icon-above-title uagb-infobox-image-valign-top\"><div class=\"uagb-ifb-content\"><div class=\"uagb-ifb-title-wrap\"><p class=\"uagb-ifb-title-prefix\">01<\/p><h3 class=\"uagb-ifb-title\">Gesti\u00f3n centralizada de garant\u00edas<\/h3><\/div><p class=\"uagb-ifb-desc\">LIMS proporciona un lugar central para registrar, validar y realizar un seguimiento de los pedidos legales, garantizando que s\u00f3lo se suministran objetivos autorizados y que todas las acciones se registran para su posterior revisi\u00f3n o auditor\u00eda.<a href=\"https:\/\/ic-services.io\/es\/sistema-de-gestion-de-la-interceptacion-legal\/\" target=\"_blank\" rel=\"noreferrer noopener\"><\/a>\u200b<br><\/p><\/div><\/div>\n<\/div>\n\n\n\n<div class=\"wp-block-uagb-container uagb-block-qteodd3e\">\n<div class=\"wp-block-uagb-info-box uagb-block-trdji0yp uagb-infobox__content-wrap  uagb-infobox-icon-above-title uagb-infobox-image-valign-top\"><div class=\"uagb-ifb-content\"><div class=\"uagb-ifb-title-wrap\"><p class=\"uagb-ifb-title-prefix\">02<\/p><h3 class=\"uagb-ifb-title\">Soporte multirred y multiservicio<\/h3><\/div><p class=\"uagb-ifb-desc\">Nuestro software se conecta a plataformas fijas, m\u00f3viles, VoIP, de banda ancha y OTT, lo que le permite gestionar la interceptaci\u00f3n de forma coherente en redes heredadas y de nueva generaci\u00f3n desde un \u00fanico entorno.<\/p><\/div><\/div>\n<\/div>\n\n\n\n<div class=\"wp-block-uagb-container uagb-block-tq3iq1cp\">\n<div class=\"wp-block-uagb-info-box uagb-block-vddonkl0 uagb-infobox__content-wrap  uagb-infobox-icon-above-title uagb-infobox-image-valign-top\"><div class=\"uagb-ifb-content\"><div class=\"uagb-ifb-title-wrap\"><p class=\"uagb-ifb-title-prefix\">03<\/p><h3 class=\"uagb-ifb-title\">Traspaso conforme a las normas<\/h3><\/div><p class=\"uagb-ifb-desc\">Los componentes de mediaci\u00f3n y gesti\u00f3n aplican las especificaciones ETSI y 3GPP pertinentes para la arquitectura LI y las interfaces HI, por lo que puede dar servicio a m\u00faltiples organismos y jurisdicciones sin necesidad de soluciones personalizadas \u00fanicas.<\/p><\/div><\/div>\n<\/div>\n\n\n\n<div class=\"wp-block-uagb-container uagb-block-mpzp8y9k\">\n<div class=\"wp-block-uagb-info-box uagb-block-ragsklkz uagb-infobox__content-wrap  uagb-infobox-icon-above-title uagb-infobox-image-valign-top\"><div class=\"uagb-ifb-content\"><div class=\"uagb-ifb-title-wrap\"><p class=\"uagb-ifb-title-prefix\">04<\/p><h3 class=\"uagb-ifb-title\">Auditor\u00eda y conformidad s\u00f3lidas<\/h3><\/div><p class=\"uagb-ifb-desc\">El registro exhaustivo, los informes y el control de acceso basado en funciones le ayudan a demostrar que la interceptaci\u00f3n se limita al \u00e1mbito legal, que se siguen los procesos y que los datos confidenciales est\u00e1n protegidos durante todo su ciclo de vida.<a href=\"https:\/\/ic-services.io\/es\/sistema-de-gestion-de-la-interceptacion-legal\/\" target=\"_blank\" rel=\"noreferrer noopener\"><\/a><\/p><\/div><\/div>\n<\/div>\n\n\n\n<div class=\"wp-block-uagb-container uagb-block-qpzby80r\">\n<div class=\"wp-block-uagb-info-box uagb-block-hflr0sgs uagb-infobox__content-wrap  uagb-infobox-icon-above-title uagb-infobox-image-valign-top\"><div class=\"uagb-ifb-content\"><div class=\"uagb-ifb-title-wrap\"><p class=\"uagb-ifb-title-prefix\">05<\/p><h3 class=\"uagb-ifb-title\">Modelos de implantaci\u00f3n flexibles<\/h3><\/div><p class=\"uagb-ifb-desc\">El software puede implantarse en hardware dedicado, entornos virtualizados o nubes privadas, e integrarse con las herramientas de LI, retenci\u00f3n de datos, seguridad y supervisi\u00f3n existentes en su infraestructura.<\/p><\/div><\/div>\n<\/div>\n\n\n\n<div class=\"wp-block-uagb-container uagb-block-esepolmc\">\n<div class=\"wp-block-uagb-info-box uagb-block-rub3hkxt uagb-infobox__content-wrap  uagb-infobox-icon-above-title uagb-infobox-image-valign-top\"><div class=\"uagb-ifb-content\"><div class=\"uagb-ifb-title-wrap\"><p class=\"uagb-ifb-title-prefix\">06<\/p><h3 class=\"uagb-ifb-title\">Integraci\u00f3n con Operaciones y Soporte<\/h3><\/div><p class=\"uagb-ifb-desc\">Las API y las interfaces permiten la integraci\u00f3n en NOC, OSS\/BSS y sistemas de tickets, mientras que los servicios de ICS cubren el dise\u00f1o, la integraci\u00f3n, la formaci\u00f3n y la asistencia a largo plazo para sus operaciones de LI.<\/p><\/div><\/div>\n<\/div>\n<\/div>\n<\/div><\/div>\n\n\n\n<div class=\"wp-block-uagb-container uagb-block-jpnhqjvl alignfull uagb-is-root-container\"><div class=\"uagb-container-inner-blocks-wrap\">\n<div class=\"wp-block-uagb-info-box uagb-block-7copribu uagb-infobox__content-wrap  uagb-infobox-icon-above-title uagb-infobox-image-valign-top wp-block-uagb-info-box--has-margin\"><div class=\"uagb-infobox-margin-wrapper\"><div class=\"uagb-ifb-content\"><div class=\"uagb-ifb-title-wrap\"><h2 class=\"uagb-ifb-title\">Soluciones innovadoras para retos modernos<\/h2><\/div><p class=\"uagb-ifb-desc\">Nuestro software LI est\u00e1 dise\u00f1ado para gestionar vol\u00famenes de datos crecientes, servicios complejos y una supervisi\u00f3n estricta, al tiempo que mantiene las operaciones manejables para sus equipos.<\/p><\/div><\/div><\/div>\n\n\n\n<div class=\"wp-block-uagb-container uagb-block-yxpvrqtx\">\n<div class=\"wp-block-uagb-info-box uagb-block-dvszpucm uagb-infobox__content-wrap  uagb-infobox-icon-above-title uagb-infobox-image-valign-top wp-block-uagb-info-box--has-margin\"><div class=\"uagb-infobox-margin-wrapper\"><div class=\"uagb-ifb-content\"><div class=\"uagb-ifb-icon-wrap\"><div class=\"uagb-iconbox-icon-wrap uagb-infobox-shape-circle\"><svg xmlns=\"https:\/\/www.w3.org\/2000\/svg\" viewbox=\"0 0 448 512\"><path d=\"M438.6 105.4C451.1 117.9 451.1 138.1 438.6 150.6L182.6 406.6C170.1 419.1 149.9 419.1 137.4 406.6L9.372 278.6C-3.124 266.1-3.124 245.9 9.372 233.4C21.87 220.9 42.13 220.9 54.63 233.4L159.1 338.7L393.4 105.4C405.9 92.88 426.1 92.88 438.6 105.4H438.6z\"><\/path><\/svg><\/div><\/div><div class=\"uagb-ifb-title-wrap\"><h3 class=\"uagb-ifb-title\">Interfaz de usuario intuitiva<\/h3><\/div><p class=\"uagb-ifb-desc\">Las interfaces seguras basadas en web ofrecen a los usuarios autorizados vistas claras de las \u00f3rdenes, los objetivos, el estado del sistema y las sesiones de traspaso. Los flujos de trabajo guiados reducen los errores y acortan el tiempo de formaci\u00f3n del personal de cumplimiento y operaciones.<a href=\"https:\/\/ic-services.io\/es\/sistema-de-gestion-de-la-interceptacion-legal\/\" target=\"_blank\" rel=\"noreferrer noopener\"><\/a><\/p><\/div><\/div><\/div>\n\n\n\n<div class=\"wp-block-uagb-info-box uagb-block-t9gps5rc uagb-infobox__content-wrap  uagb-infobox-icon-above-title uagb-infobox-image-valign-top wp-block-uagb-info-box--has-margin\"><div class=\"uagb-infobox-margin-wrapper\"><div class=\"uagb-ifb-content\"><div class=\"uagb-ifb-icon-wrap\"><div class=\"uagb-iconbox-icon-wrap uagb-infobox-shape-circle\"><svg xmlns=\"https:\/\/www.w3.org\/2000\/svg\" viewbox=\"0 0 448 512\"><path d=\"M438.6 105.4C451.1 117.9 451.1 138.1 438.6 150.6L182.6 406.6C170.1 419.1 149.9 419.1 137.4 406.6L9.372 278.6C-3.124 266.1-3.124 245.9 9.372 233.4C21.87 220.9 42.13 220.9 54.63 233.4L159.1 338.7L393.4 105.4C405.9 92.88 426.1 92.88 438.6 105.4H438.6z\"><\/path><\/svg><\/div><\/div><div class=\"uagb-ifb-title-wrap\"><h3 class=\"uagb-ifb-title\">Integraci\u00f3n perfecta<\/h3><\/div><p class=\"uagb-ifb-desc\">Las interfaces norte y sur estandarizadas simplifican la integraci\u00f3n con elementos de red, LIMS, plataformas de mediaci\u00f3n, sistemas de facturaci\u00f3n, registro y seguridad, protegiendo sus inversiones actuales.<\/p><\/div><\/div><\/div>\n\n\n\n<div class=\"wp-block-uagb-info-box uagb-block-mamo961h uagb-infobox__content-wrap  uagb-infobox-icon-above-title uagb-infobox-image-valign-top wp-block-uagb-info-box--has-margin\"><div class=\"uagb-infobox-margin-wrapper\"><div class=\"uagb-ifb-content\"><div class=\"uagb-ifb-icon-wrap\"><div class=\"uagb-iconbox-icon-wrap uagb-infobox-shape-circle\"><svg xmlns=\"https:\/\/www.w3.org\/2000\/svg\" viewbox=\"0 0 448 512\"><path d=\"M438.6 105.4C451.1 117.9 451.1 138.1 438.6 150.6L182.6 406.6C170.1 419.1 149.9 419.1 137.4 406.6L9.372 278.6C-3.124 266.1-3.124 245.9 9.372 233.4C21.87 220.9 42.13 220.9 54.63 233.4L159.1 338.7L393.4 105.4C405.9 92.88 426.1 92.88 438.6 105.4H438.6z\"><\/path><\/svg><\/div><\/div><div class=\"uagb-ifb-title-wrap\"><h3 class=\"uagb-ifb-title\">Automatizaci\u00f3n avanzada<\/h3><\/div><p class=\"uagb-ifb-desc\">El aprovisionamiento y desaprovisionamiento automatizados y las comprobaciones de coherencia garantizan que la interceptaci\u00f3n s\u00f3lo est\u00e9 activa para los objetivos y periodos de tiempo correctos, lo que reduce la carga de trabajo manual y mejora la fiabilidad.<a href=\"https:\/\/ic-services.io\/es\/sistema-de-gestion-de-la-interceptacion-legal\/\" target=\"_blank\" rel=\"noreferrer noopener\"><\/a><br><\/p><\/div><\/div><\/div>\n<\/div>\n<\/div><\/div>\n\n\n\n<p><\/p>","protected":false},"excerpt":{"rendered":"<p>Our software solutions provide&nbsp;modular&nbsp;and scalable platforms for lawful interception and disclosure, built for operators, ISPs and service providers. They include [&hellip;]<\/p>\n","protected":false},"author":2,"featured_media":0,"parent":1315,"menu_order":0,"comment_status":"closed","ping_status":"closed","template":"","meta":{"_uag_custom_page_level_css":"","site-sidebar-layout":"default","site-content-layout":"","ast-site-content-layout":"default","site-content-style":"default","site-sidebar-style":"default","ast-global-header-display":"","ast-banner-title-visibility":"","ast-main-header-display":"","ast-hfb-above-header-display":"","ast-hfb-below-header-display":"","ast-hfb-mobile-header-display":"","site-post-title":"","ast-breadcrumbs-content":"","ast-featured-img":"","footer-sml-layout":"","ast-disable-related-posts":"","theme-transparent-header-meta":"","adv-header-id-meta":"","stick-header-meta":"","header-above-stick-meta":"","header-main-stick-meta":"","header-below-stick-meta":"","astra-migrate-meta-layouts":"default","ast-page-background-enabled":"default","ast-page-background-meta":{"desktop":{"background-color":"var(--ast-global-color-5)","background-image":"","background-repeat":"repeat","background-position":"center center","background-size":"auto","background-attachment":"scroll","background-type":"","background-media":"","overlay-type":"","overlay-color":"","overlay-opacity":"","overlay-gradient":""},"tablet":{"background-color":"","background-image":"","background-repeat":"repeat","background-position":"center center","background-size":"auto","background-attachment":"scroll","background-type":"","background-media":"","overlay-type":"","overlay-color":"","overlay-opacity":"","overlay-gradient":""},"mobile":{"background-color":"","background-image":"","background-repeat":"repeat","background-position":"center center","background-size":"auto","background-attachment":"scroll","background-type":"","background-media":"","overlay-type":"","overlay-color":"","overlay-opacity":"","overlay-gradient":""}},"ast-content-background-meta":{"desktop":{"background-color":"var(--ast-global-color-4)","background-image":"","background-repeat":"repeat","background-position":"center center","background-size":"auto","background-attachment":"scroll","background-type":"","background-media":"","overlay-type":"","overlay-color":"","overlay-opacity":"","overlay-gradient":""},"tablet":{"background-color":"var(--ast-global-color-4)","background-image":"","background-repeat":"repeat","background-position":"center center","background-size":"auto","background-attachment":"scroll","background-type":"","background-media":"","overlay-type":"","overlay-color":"","overlay-opacity":"","overlay-gradient":""},"mobile":{"background-color":"var(--ast-global-color-4)","background-image":"","background-repeat":"repeat","background-position":"center center","background-size":"auto","background-attachment":"scroll","background-type":"","background-media":"","overlay-type":"","overlay-color":"","overlay-opacity":"","overlay-gradient":""}},"footnotes":""},"class_list":["post-1317","page","type-page","status-publish","hentry"],"uagb_featured_image_src":{"full":false,"thumbnail":false,"medium":false,"medium_large":false,"large":false,"1536x1536":false,"2048x2048":false,"trp-custom-language-flag":false},"uagb_author_info":{"display_name":"chatgpt","author_link":"https:\/\/ic-services.io\/es\/author\/chatgpt\/"},"uagb_comment_info":0,"uagb_excerpt":"Our software solutions provide&nbsp;modular&nbsp;and scalable platforms for lawful interception and disclosure, built for operators, ISPs and service providers. They include [&hellip;]","_links":{"self":[{"href":"https:\/\/ic-services.io\/es\/wp-json\/wp\/v2\/pages\/1317","targetHints":{"allow":["GET"]}}],"collection":[{"href":"https:\/\/ic-services.io\/es\/wp-json\/wp\/v2\/pages"}],"about":[{"href":"https:\/\/ic-services.io\/es\/wp-json\/wp\/v2\/types\/page"}],"author":[{"embeddable":true,"href":"https:\/\/ic-services.io\/es\/wp-json\/wp\/v2\/users\/2"}],"replies":[{"embeddable":true,"href":"https:\/\/ic-services.io\/es\/wp-json\/wp\/v2\/comments?post=1317"}],"version-history":[{"count":9,"href":"https:\/\/ic-services.io\/es\/wp-json\/wp\/v2\/pages\/1317\/revisions"}],"predecessor-version":[{"id":1961,"href":"https:\/\/ic-services.io\/es\/wp-json\/wp\/v2\/pages\/1317\/revisions\/1961"}],"up":[{"embeddable":true,"href":"https:\/\/ic-services.io\/es\/wp-json\/wp\/v2\/pages\/1315"}],"wp:attachment":[{"href":"https:\/\/ic-services.io\/es\/wp-json\/wp\/v2\/media?parent=1317"}],"curies":[{"name":"wp","href":"https:\/\/api.w.org\/{rel}","templated":true}]}}