{"id":1337,"date":"2026-01-27T15:34:03","date_gmt":"2026-01-27T14:34:03","guid":{"rendered":"https:\/\/dev.ic-services.io\/?page_id=1337"},"modified":"2026-02-17T13:12:53","modified_gmt":"2026-02-17T12:12:53","slug":"convertidor-pstn-isdn-a-sip","status":"publish","type":"page","link":"https:\/\/ic-services.io\/es\/products\/appliances\/pstn-isdn-to-sip-converter\/","title":{"rendered":"Conversor de RTC \/ RDSI a SIP"},"content":{"rendered":"<p>Nuestro dispositivo de conversi\u00f3n de RTC\/RDSI a SIP sirve de puente entre las redes de conmutaci\u00f3n de circuitos heredadas (RTC y RDSI) y las modernas comunicaciones basadas en SIP, lo que permite la interceptaci\u00f3n legal de servicios VoIP de conformidad con ETSI TS 102 232-5. Este convertidor transforma sin problemas la se\u00f1alizaci\u00f3n y los flujos de medios de las redes PSDN\/ISDN en SIP, garantizando que las sesiones de voz y multimedia puedan ser capturadas por plataformas LI. Permite a los operadores y a las fuerzas de seguridad seguir interceptando llamadas al migrar de infraestructuras heredadas a sistemas de voz basados en IP.<\/p>\n\n\n\n<div class=\"wp-block-uagb-container uagb-block-d5fd1kqd alignfull uagb-is-root-container\">\n<div class=\"wp-block-uagb-container uagb-block-qyimtrnt\">\n<div class=\"wp-block-uagb-info-box uagb-block-rpxkrhyt uagb-infobox__content-wrap  uagb-infobox-icon-above-title uagb-infobox-image-valign-top\"><div class=\"uagb-ifb-content\"><div class=\"uagb-ifb-title-wrap\"><h1 class=\"uagb-ifb-title\">Conversor de RTC\/RDSI a SIP&nbsp;<\/h1><\/div><\/div><\/div>\n\n\n\n<div class=\"wp-block-uagb-container uagb-block-xj6q2oqy\">\n<div class=\"wp-block-uagb-info-box uagb-block-wrytpe2w uagb-infobox__content-wrap  uagb-infobox-icon-above-title uagb-infobox-image-valign-top\"><div class=\"uagb-ifb-content\"><div class=\"uagb-ifb-title-wrap\"><\/div><p class=\"uagb-ifb-desc\">Nuestro dispositivo de conversi\u00f3n de RTC\/RDSI a SIP sirve de puente entre las redes de conmutaci\u00f3n de circuitos heredadas (RTC y RDSI) y las modernas comunicaciones basadas en SIP, lo que permite la interceptaci\u00f3n legal de servicios VoIP de conformidad con ETSI TS 102 232-5. Transforma la se\u00f1alizaci\u00f3n y los flujos de medios de la RTC\/RDSI a SIP para que las plataformas LI existentes puedan capturar y procesar sesiones de voz y multimedia sin grandes cambios en sus sistemas centrales.<\/p><\/div><\/div>\n\n\n\n<div class=\"wp-block-uagb-buttons uagb-buttons__outer-wrap uagb-btn__default-btn uagb-btn-tablet__default-btn uagb-btn-mobile__default-btn uagb-block-nwjvfmwz\"><div class=\"uagb-buttons__wrap uagb-buttons-layout-wrap\">\n<div class=\"wp-block-uagb-buttons-child uagb-buttons__outer-wrap uagb-block-u60kijmk wp-block-button\"><div class=\"uagb-button__wrapper\"><a class=\"uagb-buttons-repeater wp-block-button__link\" aria-label=\"\" href=\"\/es\/pongase-en-contacto-con\/\" rel=\"follow noopener\" target=\"_self\" role=\"button\"><div class=\"uagb-button__link\">Contacto<\/div><\/a><\/div><\/div>\n<\/div><\/div>\n<\/div>\n<\/div>\n\n\n\n<div class=\"wp-block-uagb-container uagb-block-74qvmv8c alignfull uagb-is-root-container\"><\/div>\n<\/div>\n\n\n\n<div class=\"wp-block-uagb-container uagb-block-3cqto3ha alignfull uagb-is-root-container\"><div class=\"uagb-container-inner-blocks-wrap\">\n<div class=\"wp-block-uagb-info-box uagb-block-72kuczxd uagb-infobox__content-wrap  uagb-infobox-icon-above-title uagb-infobox-image-valign-top\"><div class=\"uagb-ifb-content\"><div class=\"uagb-ifb-title-wrap\"><h2 class=\"uagb-ifb-title\">C\u00f3mo ayuda este aparato<\/h2><\/div><\/div><\/div>\n\n\n\n<div class=\"wp-block-uagb-container uagb-block-gvjh1wa8\">\n<div class=\"wp-block-uagb-container uagb-block-w6wc8vxo\">\n<div class=\"wp-block-uagb-info-box uagb-block-uxyjioes uagb-infobox__content-wrap  uagb-infobox-icon-above-title uagb-infobox-image-valign-top\"><div class=\"uagb-ifb-content\"><div class=\"uagb-ifb-icon-wrap\"><svg xmlns=\"https:\/\/www.w3.org\/2000\/svg\" viewbox=\"0 0 448 512\"><path d=\"M438.6 105.4C451.1 117.9 451.1 138.1 438.6 150.6L182.6 406.6C170.1 419.1 149.9 419.1 137.4 406.6L9.372 278.6C-3.124 266.1-3.124 245.9 9.372 233.4C21.87 220.9 42.13 220.9 54.63 233.4L159.1 338.7L393.4 105.4C405.9 92.88 426.1 92.88 438.6 105.4H438.6z\"><\/path><\/svg><\/div><div class=\"uagb-ifb-title-wrap\"><h3 class=\"uagb-ifb-title\">Consultor\u00eda estrat\u00e9gica<\/h3><\/div><p class=\"uagb-ifb-desc\">Le ayudamos a planificar y dise\u00f1ar la ruta de migraci\u00f3n de entornos RTC\/RDSI puros a voz basada en SIP, manteniendo al mismo tiempo la capacidad de interceptaci\u00f3n legal continua. Esto incluye la definici\u00f3n de la interfaz, la colocaci\u00f3n del convertidor y la alineaci\u00f3n con los requisitos de traspaso de ETSI TS 102 232-5.<\/p><\/div><\/div>\n\n\n\n<div class=\"wp-block-uagb-buttons uagb-buttons__outer-wrap uagb-btn__default-btn uagb-btn-tablet__default-btn uagb-btn-mobile__default-btn uagb-block-e8jcr9kq\"><div class=\"uagb-buttons__wrap uagb-buttons-layout-wrap\">\n<div class=\"wp-block-uagb-buttons-child uagb-buttons__outer-wrap uagb-block-e7f52f24 wp-block-button\"><div class=\"uagb-button__wrapper\"><a class=\"uagb-buttons-repeater wp-block-button__link\" aria-label=\"\" href=\"\/es\/servicios\/consultoria-apoyo-normativo\/\" rel=\"follow noopener\" target=\"_self\" role=\"button\"><div class=\"uagb-button__link\">Haga clic aqu\u00ed<\/div><\/a><\/div><\/div>\n<\/div><\/div>\n<\/div>\n\n\n\n<div class=\"wp-block-uagb-container uagb-block-hs6tltjg\">\n<div class=\"wp-block-uagb-info-box uagb-block-26e7dudu uagb-infobox__content-wrap  uagb-infobox-icon-above-title uagb-infobox-image-valign-top\"><div class=\"uagb-ifb-content\"><div class=\"uagb-ifb-icon-wrap\"><svg xmlns=\"https:\/\/www.w3.org\/2000\/svg\" viewbox=\"0 0 448 512\"><path d=\"M438.6 105.4C451.1 117.9 451.1 138.1 438.6 150.6L182.6 406.6C170.1 419.1 149.9 419.1 137.4 406.6L9.372 278.6C-3.124 266.1-3.124 245.9 9.372 233.4C21.87 220.9 42.13 220.9 54.63 233.4L159.1 338.7L393.4 105.4C405.9 92.88 426.1 92.88 438.6 105.4H438.6z\"><\/path><\/svg><\/div><div class=\"uagb-ifb-title-wrap\"><h3 class=\"uagb-ifb-title\">Implantaci\u00f3n e integraci\u00f3n<\/h3><\/div><p class=\"uagb-ifb-desc\">ICS le ayuda a desplegar el convertidor en su red activa, integr\u00e1ndolo con las plataformas de mediaci\u00f3n y los sistemas LI existentes, y probando la interceptaci\u00f3n de llamadas de extremo a extremo. Nuestro equipo garantiza que la se\u00f1alizaci\u00f3n, los medios y los datos de interceptaci\u00f3n legal fluyan de forma fiable a trav\u00e9s de la nueva ruta basada en SIP.<\/p><\/div><\/div>\n\n\n\n<div class=\"wp-block-uagb-buttons uagb-buttons__outer-wrap uagb-btn__default-btn uagb-btn-tablet__default-btn uagb-btn-mobile__default-btn uagb-block-fgubthue\"><div class=\"uagb-buttons__wrap uagb-buttons-layout-wrap\">\n<div class=\"wp-block-uagb-buttons-child uagb-buttons__outer-wrap uagb-block-867c8e35 wp-block-button\"><div class=\"uagb-button__wrapper\"><a class=\"uagb-buttons-repeater wp-block-button__link\" aria-label=\"\" href=\"\/es\/servicios\/integracion-desarrollo-a-medida\/\" rel=\"follow noopener\" target=\"_self\" role=\"button\"><div class=\"uagb-button__link\">Haga clic aqu\u00ed<\/div><\/a><\/div><\/div>\n<\/div><\/div>\n<\/div>\n\n\n\n<div class=\"wp-block-uagb-container uagb-block-buzd3nrk\">\n<div class=\"wp-block-uagb-info-box uagb-block-ebdnx2io uagb-infobox__content-wrap  uagb-infobox-icon-above-title uagb-infobox-image-valign-top\"><div class=\"uagb-ifb-content\"><div class=\"uagb-ifb-icon-wrap\"><svg xmlns=\"https:\/\/www.w3.org\/2000\/svg\" viewbox=\"0 0 448 512\"><path d=\"M438.6 105.4C451.1 117.9 451.1 138.1 438.6 150.6L182.6 406.6C170.1 419.1 149.9 419.1 137.4 406.6L9.372 278.6C-3.124 266.1-3.124 245.9 9.372 233.4C21.87 220.9 42.13 220.9 54.63 233.4L159.1 338.7L393.4 105.4C405.9 92.88 426.1 92.88 438.6 105.4H438.6z\"><\/path><\/svg><\/div><div class=\"uagb-ifb-title-wrap\"><h3 class=\"uagb-ifb-title\">Soluciones tecnol\u00f3gicas<\/h3><\/div><p class=\"uagb-ifb-desc\">Adem\u00e1s del propio dispositivo convertidor, ofrecemos soluciones complementarias de software y hardware LI para que pueda construir una cadena de interceptaci\u00f3n completa desde el acceso TDM heredado hasta las modernas interfaces de traspaso SIP. Esto crea un entorno preparado para el futuro en el que pueden a\u00f1adirse nuevos servicios sin perder visibilidad ni conformidad.<\/p><\/div><\/div>\n\n\n\n<div class=\"wp-block-uagb-buttons uagb-buttons__outer-wrap uagb-btn__default-btn uagb-btn-tablet__default-btn uagb-btn-mobile__default-btn uagb-block-l3fsd3th\"><div class=\"uagb-buttons__wrap uagb-buttons-layout-wrap\">\n<div class=\"wp-block-uagb-buttons-child uagb-buttons__outer-wrap uagb-block-5be6c4ed wp-block-button\"><div class=\"uagb-button__wrapper\"><a class=\"uagb-buttons-repeater wp-block-button__link\" aria-label=\"\" href=\"\/es\/soluciones\/\" rel=\"follow noopener\" target=\"_self\" role=\"button\"><div class=\"uagb-button__link\">Haga clic aqu\u00ed<\/div><\/a><\/div><\/div>\n<\/div><\/div>\n<\/div>\n<\/div>\n<\/div><\/div>","protected":false},"excerpt":{"rendered":"<p>Our PSTN\/ISDN to SIP Converter appliance bridges legacy circuit-switched networks (PSTN and ISDN) to modern SIP-based communications, enabling lawful interception [&hellip;]<\/p>\n","protected":false},"author":2,"featured_media":0,"parent":1331,"menu_order":0,"comment_status":"closed","ping_status":"closed","template":"","meta":{"_uag_custom_page_level_css":"","site-sidebar-layout":"default","site-content-layout":"","ast-site-content-layout":"default","site-content-style":"default","site-sidebar-style":"default","ast-global-header-display":"","ast-banner-title-visibility":"","ast-main-header-display":"","ast-hfb-above-header-display":"","ast-hfb-below-header-display":"","ast-hfb-mobile-header-display":"","site-post-title":"","ast-breadcrumbs-content":"","ast-featured-img":"","footer-sml-layout":"","ast-disable-related-posts":"","theme-transparent-header-meta":"","adv-header-id-meta":"","stick-header-meta":"","header-above-stick-meta":"","header-main-stick-meta":"","header-below-stick-meta":"","astra-migrate-meta-layouts":"default","ast-page-background-enabled":"default","ast-page-background-meta":{"desktop":{"background-color":"var(--ast-global-color-5)","background-image":"","background-repeat":"repeat","background-position":"center center","background-size":"auto","background-attachment":"scroll","background-type":"","background-media":"","overlay-type":"","overlay-color":"","overlay-opacity":"","overlay-gradient":""},"tablet":{"background-color":"","background-image":"","background-repeat":"repeat","background-position":"center center","background-size":"auto","background-attachment":"scroll","background-type":"","background-media":"","overlay-type":"","overlay-color":"","overlay-opacity":"","overlay-gradient":""},"mobile":{"background-color":"","background-image":"","background-repeat":"repeat","background-position":"center center","background-size":"auto","background-attachment":"scroll","background-type":"","background-media":"","overlay-type":"","overlay-color":"","overlay-opacity":"","overlay-gradient":""}},"ast-content-background-meta":{"desktop":{"background-color":"var(--ast-global-color-4)","background-image":"","background-repeat":"repeat","background-position":"center center","background-size":"auto","background-attachment":"scroll","background-type":"","background-media":"","overlay-type":"","overlay-color":"","overlay-opacity":"","overlay-gradient":""},"tablet":{"background-color":"var(--ast-global-color-4)","background-image":"","background-repeat":"repeat","background-position":"center center","background-size":"auto","background-attachment":"scroll","background-type":"","background-media":"","overlay-type":"","overlay-color":"","overlay-opacity":"","overlay-gradient":""},"mobile":{"background-color":"var(--ast-global-color-4)","background-image":"","background-repeat":"repeat","background-position":"center center","background-size":"auto","background-attachment":"scroll","background-type":"","background-media":"","overlay-type":"","overlay-color":"","overlay-opacity":"","overlay-gradient":""}},"footnotes":""},"class_list":["post-1337","page","type-page","status-publish","hentry"],"uagb_featured_image_src":{"full":false,"thumbnail":false,"medium":false,"medium_large":false,"large":false,"1536x1536":false,"2048x2048":false,"trp-custom-language-flag":false},"uagb_author_info":{"display_name":"chatgpt","author_link":"https:\/\/ic-services.io\/es\/author\/chatgpt\/"},"uagb_comment_info":0,"uagb_excerpt":"Our PSTN\/ISDN to SIP Converter appliance bridges legacy circuit-switched networks (PSTN and ISDN) to modern SIP-based communications, enabling lawful interception [&hellip;]","_links":{"self":[{"href":"https:\/\/ic-services.io\/es\/wp-json\/wp\/v2\/pages\/1337","targetHints":{"allow":["GET"]}}],"collection":[{"href":"https:\/\/ic-services.io\/es\/wp-json\/wp\/v2\/pages"}],"about":[{"href":"https:\/\/ic-services.io\/es\/wp-json\/wp\/v2\/types\/page"}],"author":[{"embeddable":true,"href":"https:\/\/ic-services.io\/es\/wp-json\/wp\/v2\/users\/2"}],"replies":[{"embeddable":true,"href":"https:\/\/ic-services.io\/es\/wp-json\/wp\/v2\/comments?post=1337"}],"version-history":[{"count":5,"href":"https:\/\/ic-services.io\/es\/wp-json\/wp\/v2\/pages\/1337\/revisions"}],"predecessor-version":[{"id":1940,"href":"https:\/\/ic-services.io\/es\/wp-json\/wp\/v2\/pages\/1337\/revisions\/1940"}],"up":[{"embeddable":true,"href":"https:\/\/ic-services.io\/es\/wp-json\/wp\/v2\/pages\/1331"}],"wp:attachment":[{"href":"https:\/\/ic-services.io\/es\/wp-json\/wp\/v2\/media?parent=1337"}],"curies":[{"name":"wp","href":"https:\/\/api.w.org\/{rel}","templated":true}]}}