{"id":1343,"date":"2026-01-27T15:46:50","date_gmt":"2026-01-27T14:46:50","guid":{"rendered":"https:\/\/dev.ic-services.io\/?page_id=1343"},"modified":"2026-02-24T20:17:50","modified_gmt":"2026-02-24T19:17:50","slug":"operaciones-li-gestionadas","status":"publish","type":"page","link":"https:\/\/ic-services.io\/es\/services\/managed-li-operations\/","title":{"rendered":"Operaciones LI gestionadas"},"content":{"rendered":"<div class=\"wp-block-uagb-container uagb-block-0lmxiwoq alignfull uagb-is-root-container\"><div class=\"uagb-container-inner-blocks-wrap\">\n<div class=\"wp-block-uagb-image alignleft uagb-block-doagnkfv wp-block-uagb-image--layout-default wp-block-uagb-image--effect-static wp-block-uagb-image--align-left\"><figure class=\"wp-block-uagb-image__figure\"><img decoding=\"async\" srcset=\"https:\/\/ic-services.io\/wp-content\/uploads\/2026\/02\/pexels-photo-8867190-8867190-1024x683.jpg ,https:\/\/ic-services.io\/wp-content\/uploads\/2026\/02\/pexels-photo-8867190-8867190-scaled.jpg 780w, https:\/\/ic-services.io\/wp-content\/uploads\/2026\/02\/pexels-photo-8867190-8867190-scaled.jpg 360w\" sizes=\"auto, (max-width: 480px) 150px\" src=\"https:\/\/ic-services.io\/wp-content\/uploads\/2026\/02\/pexels-photo-8867190-8867190-1024x683.jpg\" alt=\"Un equipo diverso de representantes de atenci\u00f3n al cliente que trabajan en un entorno de oficina, con auriculares y utilizando ordenadores.\" class=\"uag-image-1653\" width=\"600\" height=\"500\" title=\"pexels foto 8867190 8867190\" loading=\"lazy\" role=\"img\"\/><\/figure><\/div>\n\n\n\n<div class=\"wp-block-uagb-container uagb-block-p8zbqxjn\">\n<div class=\"wp-block-uagb-info-box uagb-block-dqjah4pc uagb-infobox__content-wrap  uagb-infobox-icon-above-title uagb-infobox-image-valign-top\"><div class=\"uagb-ifb-content\"><div class=\"uagb-ifb-title-wrap\"><p class=\"uagb-ifb-title-prefix\">C\u00c9NTRATE EN TU RED<\/p><h1 class=\"uagb-ifb-title\">Cumpla sus obligaciones de conformidad sin construir la infraestructura<\/h1><\/div><p class=\"uagb-ifb-desc\">ICS gestiona sus operaciones de interceptaci\u00f3n legal de principio a fin, para que pueda cumplir los mandatos legales sin necesidad de contratar especialistas, mantener sistemas complejos las 24 horas del d\u00eda o seguir el ritmo de la evoluci\u00f3n de las normas. Proporcionamos servicios de interceptaci\u00f3n legal totalmente gestionados con supervisi\u00f3n 24 horas al d\u00eda, 7 d\u00edas a la semana, entrega segura a las fuerzas de seguridad e informes completos de cumplimiento.<\/p><\/div><\/div>\n\n\n\n<div class=\"wp-block-uagb-buttons uagb-buttons__outer-wrap uagb-btn__default-btn uagb-btn-tablet__default-btn uagb-btn-mobile__default-btn uagb-block-tpvdrq6v\"><div class=\"uagb-buttons__wrap uagb-buttons-layout-wrap\">\n<div class=\"wp-block-uagb-buttons-child uagb-buttons__outer-wrap uagb-block-wuwxcnd5 wp-block-button\"><div class=\"uagb-button__wrapper\"><a class=\"uagb-buttons-repeater wp-block-button__link\" aria-label=\"\" href=\"\/es\/pongase-en-contacto-con\/\" rel=\"follow noopener\" target=\"_self\" role=\"button\"><div class=\"uagb-button__link\">P\u00f3ngase en contacto<\/div><\/a><\/div><\/div>\n<\/div><\/div>\n<\/div>\n<\/div><\/div>\n\n\n\n<div class=\"wp-block-uagb-container uagb-block-uoltpqsz alignfull uagb-is-root-container\"><div class=\"uagb-container-inner-blocks-wrap\">\n<div class=\"wp-block-uagb-info-box uagb-block-ccmp0dr0 uagb-infobox__content-wrap  uagb-infobox-icon-above-title uagb-infobox-image-valign-top\"><div class=\"uagb-ifb-content\"><div class=\"uagb-ifb-title-wrap\"><p class=\"uagb-ifb-title-prefix\">POR QU\u00c9 OPERACIONES GESTIONADAS<\/p><h2 class=\"uagb-ifb-title\">Gestionamos sus operaciones de LI para que pueda centrarse en su red<\/h2><\/div><\/div><\/div>\n\n\n\n<div class=\"wp-block-uagb-container uagb-block-lcjau6rv\">\n<div class=\"wp-block-uagb-info-box uagb-block-16fbmeyr uagb-infobox__content-wrap  uagb-infobox-icon-above-title uagb-infobox-image-valign-top\"><div class=\"uagb-ifb-content\"><div class=\"uagb-ifb-title-wrap\"><p class=\"uagb-ifb-title\">Tiene que cumplir los mandatos de interceptaci\u00f3n legal, pero construir y operar la infraestructura usted mismo es complejo y costoso. Requiere conocimientos especializados de las normas ETSI, integraci\u00f3n con m\u00faltiples tipos de red, traspaso seguro a los organismos encargados de hacer cumplir la ley y supervisi\u00f3n continua para garantizar que nada falle cuando las autoridades necesiten los datos.<\/p><\/div><p class=\"uagb-ifb-desc\">Nuestro servicio de operaciones LI gestionadas le quita esta carga de encima. Proporcionamos la infraestructura completa, la experiencia y el apoyo para gestionar todas las actividades de interceptaci\u00f3n legal en su nombre, desde la activaci\u00f3n de la orden hasta la entrega segura, mientras usted mantiene una visibilidad y un control totales a trav\u00e9s de nuestro portal de gesti\u00f3n.<\/p><\/div><\/div>\n\n\n\n<div class=\"wp-block-uagb-container uagb-block-48om4wjw\">\n<div class=\"wp-block-uagb-info-box uagb-block-okpdipmc uagb-infobox__content-wrap  uagb-infobox-icon-above-title uagb-infobox-image-valign-top wp-block-uagb-info-box--has-margin\"><div class=\"uagb-infobox-margin-wrapper\"><div class=\"uagb-ifb-content\"><div class=\"uagb-ifb-title-wrap\"><h4 class=\"uagb-ifb-title\">Soluciones basadas en la innovaci\u00f3n<\/h4><\/div><p class=\"uagb-ifb-desc\">Nuestro servicio gestionado cubre servicios fijos, m\u00f3viles, VoIP, IMS y OTT utilizando una plataforma conforme a los est\u00e1ndares que se integra con su red existente. Se beneficiar\u00e1 de actualizaciones continuas, supervisi\u00f3n de la calidad y resoluci\u00f3n proactiva de problemas sin tener que construir o mantener los sistemas usted mismo.<\/p><\/div><\/div><\/div>\n\n\n\n<div class=\"wp-block-uagb-info-box uagb-block-lyvtcxhy uagb-infobox__content-wrap  uagb-infobox-icon-above-title uagb-infobox-image-valign-top wp-block-uagb-info-box--has-margin\"><div class=\"uagb-infobox-margin-wrapper\"><div class=\"uagb-ifb-content\"><div class=\"uagb-ifb-title-wrap\"><h4 class=\"uagb-ifb-title\">Enfoque personalizado<\/h4><\/div><p class=\"uagb-ifb-desc\">Trabajamos en estrecha colaboraci\u00f3n con sus equipos jur\u00eddicos, de cumplimiento y de operaciones para comprender su entorno normativo espec\u00edfico, su arquitectura de red y sus procedimientos operativos. Cada implantaci\u00f3n se adapta a su jurisdicci\u00f3n, a los requisitos de la LEA y a los flujos de trabajo internos.<\/p><\/div><\/div><\/div>\n\n\n\n<div class=\"wp-block-uagb-info-box uagb-block-tfvp3x9h uagb-infobox__content-wrap  uagb-infobox-icon-above-title uagb-infobox-image-valign-top wp-block-uagb-info-box--has-margin\"><div class=\"uagb-infobox-margin-wrapper\"><div class=\"uagb-ifb-content\"><div class=\"uagb-ifb-title-wrap\"><h4 class=\"uagb-ifb-title\">Servicio de atenci\u00f3n al cliente superior<\/h4><\/div><p class=\"uagb-ifb-desc\">Nuestro equipo de expertos ofrece supervisi\u00f3n 24 horas al d\u00eda, 7 d\u00edas a la semana, respuesta a incidentes y asistencia directa para la tramitaci\u00f3n de \u00f3rdenes judiciales, la resoluci\u00f3n de problemas y la elaboraci\u00f3n de informes de cumplimiento de la normativa. Tendr\u00e1 acceso a especialistas que conocen los aspectos t\u00e9cnicos y normativos de la interceptaci\u00f3n legal.<\/p><\/div><\/div><\/div>\n<\/div>\n<\/div>\n<\/div><\/div>\n\n\n\n<div class=\"wp-block-uagb-container uagb-block-waouibvp alignfull uagb-is-root-container\"><div class=\"uagb-container-inner-blocks-wrap\">\n<div class=\"wp-block-uagb-info-box uagb-block-6xb1ya65 uagb-infobox__content-wrap  uagb-infobox-icon-above-title uagb-infobox-image-valign-top\"><div class=\"uagb-ifb-content\"><div class=\"uagb-ifb-title-wrap\"><h2 class=\"uagb-ifb-title\">Qu\u00e9 obtiene con las operaciones LI gestionadas<\/h2><\/div><p class=\"uagb-ifb-desc\">Nuestro servicio totalmente gestionado cubre todos los aspectos de la interceptaci\u00f3n legal, desde la integraci\u00f3n en red hasta la entrega de LEA y la documentaci\u00f3n de conformidad.<\/p><\/div><\/div>\n\n\n\n<div class=\"wp-block-uagb-container uagb-layout-grid uagb-block-ay0qnt6n\">\n<div class=\"wp-block-uagb-container uagb-block-feudnjxf\">\n<div class=\"wp-block-uagb-info-box uagb-block-ugjmkhgw uagb-infobox__content-wrap  uagb-infobox-icon-above-title uagb-infobox-image-valign-top\"><div class=\"uagb-ifb-content\"><div class=\"uagb-ifb-title-wrap\"><h3 class=\"uagb-ifb-title\">Operaciones y supervisi\u00f3n del sistema 24 horas al d\u00eda, 7 d\u00edas a la semana<\/h3><\/div><p class=\"uagb-ifb-desc\">Supervisamos su infraestructura LI las 24 horas del d\u00eda para asegurarnos de que las activaciones, la recopilaci\u00f3n de datos y la entrega de \u00f3rdenes funcionan correctamente. Nuestro equipo NOC responde inmediatamente a cualquier problema, realiza un mantenimiento proactivo y mantiene sus sistemas actualizados con el software y los parches de seguridad m\u00e1s recientes.<\/p><\/div><\/div>\n<\/div>\n\n\n\n<div class=\"wp-block-uagb-container uagb-block-1fevzoq0\">\n<div class=\"wp-block-uagb-info-box uagb-block-vfutmgns uagb-infobox__content-wrap  uagb-infobox-icon-above-title uagb-infobox-image-valign-top\"><div class=\"uagb-ifb-content\"><div class=\"uagb-ifb-title-wrap\"><h3 class=\"uagb-ifb-title\">Conformidad total con el ETSI<\/h3><\/div><p class=\"uagb-ifb-desc\">Sus interceptaciones cumplen todas las normas pertinentes del ETSI, incluidas TS 102 232 para interfaces de traspaso, TS 103 221 para mediaci\u00f3n y TS 102 657 para datos retenidos. Nos encargamos de la configuraci\u00f3n de interfaces, el formato de los mensajes y los protocolos de entrega para que pase todas las auditor\u00edas normativas sin lagunas t\u00e9cnicas.<\/p><\/div><\/div>\n<\/div>\n\n\n\n<div class=\"wp-block-uagb-container uagb-block-fpu4nhwd\">\n<div class=\"wp-block-uagb-info-box uagb-block-pf1nwlfk uagb-infobox__content-wrap  uagb-infobox-icon-above-title uagb-infobox-image-valign-top\"><div class=\"uagb-ifb-content\"><div class=\"uagb-ifb-title-wrap\"><h3 class=\"uagb-ifb-title\">Entrega segura de LEA<\/h3><\/div><p class=\"uagb-ifb-desc\">Gestionamos todo el proceso de entrega a las instalaciones de supervisi\u00f3n de las fuerzas de seguridad, incluidos los canales de entrega cifrados, la autenticaci\u00f3n mutua, la conversi\u00f3n de formatos seg\u00fan los requisitos de la agencia y el reintento autom\u00e1tico con registro de auditor\u00eda completo. Cada entrega se rastrea y documenta para la revisi\u00f3n del cumplimiento.<\/p><\/div><\/div>\n<\/div>\n\n\n\n<div class=\"wp-block-uagb-container uagb-block-yi6bbwqu\">\n<div class=\"wp-block-uagb-info-box uagb-block-cmwv3jqx uagb-infobox__content-wrap  uagb-infobox-icon-above-title uagb-infobox-image-valign-top\"><div class=\"uagb-ifb-content\"><div class=\"uagb-ifb-title-wrap\"><h3 class=\"uagb-ifb-title\">Integraci\u00f3n multirred<\/h3><\/div><p class=\"uagb-ifb-desc\">Nuestro servicio gestionado se integra con plataformas 3G, 4G\/LTE, 5G, VoIP, IMS y OTT sin necesidad de realizar cambios en su red de producci\u00f3n. Admitimos entornos de varios proveedores y gestionamos las diferencias de protocolo de forma transparente, para que disponga de capacidades LI coherentes en todos los servicios.<\/p><\/div><\/div>\n<\/div>\n\n\n\n<div class=\"wp-block-uagb-container uagb-block-grovvimk\">\n<div class=\"wp-block-uagb-info-box uagb-block-ykxtlrmr uagb-infobox__content-wrap  uagb-infobox-icon-above-title uagb-infobox-image-valign-top\"><div class=\"uagb-ifb-content\"><div class=\"uagb-ifb-title-wrap\"><h3 class=\"uagb-ifb-title\">Portal de gesti\u00f3n de \u00f3rdenes de detenci\u00f3n<\/h3><\/div><p class=\"uagb-ifb-desc\">Nuestro portal web seguro permite ver las \u00f3rdenes activas, comprobar el estado del sistema, generar informes de cumplimiento y gestionar las configuraciones de LEA. W puede realizar un seguimiento de las actividades de interceptaci\u00f3n en tiempo real y descargar registros de auditor\u00eda para revisiones internas o presentaciones normativas.<\/p><\/div><\/div>\n<\/div>\n\n\n\n<div class=\"wp-block-uagb-container uagb-block-t5dzqy9r\">\n<div class=\"wp-block-uagb-info-box uagb-block-0tydj46c uagb-infobox__content-wrap  uagb-infobox-icon-above-title uagb-infobox-image-valign-top\"><div class=\"uagb-ifb-content\"><div class=\"uagb-ifb-title-wrap\"><h3 class=\"uagb-ifb-title\">Modelos de implantaci\u00f3n flexibles<\/h3><\/div><p class=\"uagb-ifb-desc\">Elija el modelo de implantaci\u00f3n que se adapte a sus requisitos operativos y de seguridad: conectado a la nube para reducir los gastos generales, h\u00edbrido con datos que permanecen en su infraestructura, o totalmente gestionado in situ para un control m\u00e1ximo. Nos adaptamos a su entorno, no al rev\u00e9s.<\/p><\/div><\/div>\n<\/div>\n<\/div>\n<\/div><\/div>","protected":false},"excerpt":{"rendered":"","protected":false},"author":2,"featured_media":0,"parent":13,"menu_order":0,"comment_status":"closed","ping_status":"closed","template":"","meta":{"_uag_custom_page_level_css":"","site-sidebar-layout":"default","site-content-layout":"","ast-site-content-layout":"default","site-content-style":"default","site-sidebar-style":"default","ast-global-header-display":"","ast-banner-title-visibility":"","ast-main-header-display":"","ast-hfb-above-header-display":"","ast-hfb-below-header-display":"","ast-hfb-mobile-header-display":"","site-post-title":"disabled","ast-breadcrumbs-content":"","ast-featured-img":"","footer-sml-layout":"","ast-disable-related-posts":"","theme-transparent-header-meta":"","adv-header-id-meta":"","stick-header-meta":"","header-above-stick-meta":"","header-main-stick-meta":"","header-below-stick-meta":"","astra-migrate-meta-layouts":"default","ast-page-background-enabled":"default","ast-page-background-meta":{"desktop":{"background-color":"var(--ast-global-color-5)","background-image":"","background-repeat":"repeat","background-position":"center center","background-size":"auto","background-attachment":"scroll","background-type":"","background-media":"","overlay-type":"","overlay-color":"","overlay-opacity":"","overlay-gradient":""},"tablet":{"background-color":"","background-image":"","background-repeat":"repeat","background-position":"center center","background-size":"auto","background-attachment":"scroll","background-type":"","background-media":"","overlay-type":"","overlay-color":"","overlay-opacity":"","overlay-gradient":""},"mobile":{"background-color":"","background-image":"","background-repeat":"repeat","background-position":"center center","background-size":"auto","background-attachment":"scroll","background-type":"","background-media":"","overlay-type":"","overlay-color":"","overlay-opacity":"","overlay-gradient":""}},"ast-content-background-meta":{"desktop":{"background-color":"var(--ast-global-color-4)","background-image":"","background-repeat":"repeat","background-position":"center center","background-size":"auto","background-attachment":"scroll","background-type":"","background-media":"","overlay-type":"","overlay-color":"","overlay-opacity":"","overlay-gradient":""},"tablet":{"background-color":"var(--ast-global-color-4)","background-image":"","background-repeat":"repeat","background-position":"center center","background-size":"auto","background-attachment":"scroll","background-type":"","background-media":"","overlay-type":"","overlay-color":"","overlay-opacity":"","overlay-gradient":""},"mobile":{"background-color":"var(--ast-global-color-4)","background-image":"","background-repeat":"repeat","background-position":"center center","background-size":"auto","background-attachment":"scroll","background-type":"","background-media":"","overlay-type":"","overlay-color":"","overlay-opacity":"","overlay-gradient":""}},"footnotes":""},"class_list":["post-1343","page","type-page","status-publish","hentry"],"uagb_featured_image_src":{"full":false,"thumbnail":false,"medium":false,"medium_large":false,"large":false,"1536x1536":false,"2048x2048":false,"trp-custom-language-flag":false},"uagb_author_info":{"display_name":"chatgpt","author_link":"https:\/\/ic-services.io\/es\/author\/chatgpt\/"},"uagb_comment_info":0,"uagb_excerpt":null,"_links":{"self":[{"href":"https:\/\/ic-services.io\/es\/wp-json\/wp\/v2\/pages\/1343","targetHints":{"allow":["GET"]}}],"collection":[{"href":"https:\/\/ic-services.io\/es\/wp-json\/wp\/v2\/pages"}],"about":[{"href":"https:\/\/ic-services.io\/es\/wp-json\/wp\/v2\/types\/page"}],"author":[{"embeddable":true,"href":"https:\/\/ic-services.io\/es\/wp-json\/wp\/v2\/users\/2"}],"replies":[{"embeddable":true,"href":"https:\/\/ic-services.io\/es\/wp-json\/wp\/v2\/comments?post=1343"}],"version-history":[{"count":9,"href":"https:\/\/ic-services.io\/es\/wp-json\/wp\/v2\/pages\/1343\/revisions"}],"predecessor-version":[{"id":1963,"href":"https:\/\/ic-services.io\/es\/wp-json\/wp\/v2\/pages\/1343\/revisions\/1963"}],"up":[{"embeddable":true,"href":"https:\/\/ic-services.io\/es\/wp-json\/wp\/v2\/pages\/13"}],"wp:attachment":[{"href":"https:\/\/ic-services.io\/es\/wp-json\/wp\/v2\/media?parent=1343"}],"curies":[{"name":"wp","href":"https:\/\/api.w.org\/{rel}","templated":true}]}}