{"id":1345,"date":"2026-01-27T15:48:36","date_gmt":"2026-01-27T14:48:36","guid":{"rendered":"https:\/\/dev.ic-services.io\/?page_id=1345"},"modified":"2026-02-24T20:20:30","modified_gmt":"2026-02-24T19:20:30","slug":"consultoria-apoyo-normativo","status":"publish","type":"page","link":"https:\/\/ic-services.io\/es\/services\/consulting-regulatory-support\/","title":{"rendered":"Consultor\u00eda y apoyo normativo"},"content":{"rendered":"<p>Prestamos servicios de consultor\u00eda y apoyo normativo, incluidas evaluaciones de conformidad, alineaci\u00f3n con las normas del ETSI, dise\u00f1o de arquitecturas para los requisitos de las fuerzas de seguridad y apoyo durante auditor\u00edas y certificaciones.<\/p>\n\n\n\n<p><\/p>\n\n\n\n<div class=\"wp-block-uagb-container uagb-block-e3agvtgj alignfull uagb-is-root-container\">\n<div class=\"wp-block-uagb-container uagb-block-ujls6tzt\">\n<div class=\"wp-block-uagb-info-box uagb-block-owujcise uagb-infobox__content-wrap  uagb-infobox-icon-above-title uagb-infobox-image-valign-top\"><div class=\"uagb-ifb-content\"><div class=\"uagb-ifb-title-wrap\"><h1 class=\"uagb-ifb-title\">Orientaci\u00f3n experta sobre el cumplimiento de la normativa<\/h1><\/div><\/div><\/div>\n\n\n\n<div class=\"wp-block-uagb-container uagb-block-filrnfcf\">\n<div class=\"wp-block-uagb-info-box uagb-block-adegvkqb uagb-infobox__content-wrap  uagb-infobox-icon-above-title uagb-infobox-image-valign-top\"><div class=\"uagb-ifb-content\"><div class=\"uagb-ifb-title-wrap\"><\/div><p class=\"uagb-ifb-desc\">Las obligaciones de interceptaci\u00f3n legal abarcan m\u00faltiples reglamentos, normas t\u00e9cnicas y requisitos nacionales. Nuestros servicios de consultor\u00eda ayudan a los proveedores de servicios de comunicaciones a comprender sus obligaciones, lograr su cumplimiento y mantenerlo a medida que evoluciona la normativa.<\/p><\/div><\/div>\n\n\n\n<div class=\"wp-block-uagb-buttons uagb-buttons__outer-wrap uagb-btn__default-btn uagb-btn-tablet__default-btn uagb-btn-mobile__default-btn uagb-block-5g8aotzw\"><div class=\"uagb-buttons__wrap uagb-buttons-layout-wrap\">\n<div class=\"wp-block-uagb-buttons-child uagb-buttons__outer-wrap uagb-block-vu5ys5je wp-block-button\"><div class=\"uagb-button__wrapper\"><a class=\"uagb-buttons-repeater wp-block-button__link\" aria-label=\"\" href=\"\/es\/pongase-en-contacto-con\/\" rel=\"follow noopener\" target=\"_self\" role=\"button\"><div class=\"uagb-button__link\">hable con un experto<\/div><\/a><\/div><\/div>\n<\/div><\/div>\n<\/div>\n<\/div>\n\n\n\n<div class=\"wp-block-uagb-container uagb-block-6oltmjuz alignfull uagb-is-root-container\"><\/div>\n<\/div>\n\n\n\n<div class=\"wp-block-uagb-container uagb-block-yb9fzk0w alignfull uagb-is-root-container\"><div class=\"uagb-container-inner-blocks-wrap\">\n<div class=\"wp-block-uagb-info-box uagb-block-i2suc4oh uagb-infobox__content-wrap  uagb-infobox-icon-above-title uagb-infobox-image-valign-top\"><div class=\"uagb-ifb-content\"><div class=\"uagb-ifb-title-wrap\"><h2 class=\"uagb-ifb-title\">C\u00f3mo le ayudamos a navegar por el cumplimiento de la LI<\/h2><\/div><\/div><\/div>\n\n\n\n<div class=\"wp-block-uagb-info-box uagb-block-d3eysd3a uagb-infobox__content-wrap  uagb-infobox-icon-above-title uagb-infobox-image-valign-top wp-block-uagb-info-box--has-margin\"><div class=\"uagb-infobox-margin-wrapper\"><div class=\"uagb-ifb-content\"><div class=\"uagb-ifb-title-wrap\"><p class=\"uagb-ifb-title-prefix\">Comprender y cumplir sus obligaciones legales<\/p><p class=\"uagb-ifb-title\">Determinar sus obligaciones de interceptaci\u00f3n legal requiere un an\u00e1lisis cuidadoso de sus servicios, las jurisdicciones en las que opera y las leyes nacionales aplicables. Cada pa\u00eds tiene requisitos, plazos y procedimientos de aprobaci\u00f3n espec\u00edficos, y los servicios se clasifican de forma diferente en funci\u00f3n de si son de telefon\u00eda tradicional, basados en IP, mensajer\u00eda OTT u otros tipos de comunicaci\u00f3n.<\/p><\/div><p class=\"uagb-ifb-desc\">Nuestro equipo de consultores tiene experiencia directa en el trabajo con organismos reguladores europeos, en la implantaci\u00f3n de soluciones en m\u00faltiples versiones de normas ETSI y en la gesti\u00f3n de relaciones con organismos encargados de hacer cumplir la ley. Traducimos la complejidad de la normativa en orientaciones claras y pr\u00e1cticas que le ayudar\u00e1n a crear sistemas conformes, superar auditor\u00edas y mantener una buena posici\u00f3n ante los organismos reguladores a lo largo del tiempo.<\/p><\/div><\/div><\/div>\n<\/div><\/div>\n\n\n\n<p><\/p>\n\n\n\n<div class=\"wp-block-uagb-container uagb-block-bksvmehh alignfull uagb-is-root-container\"><div class=\"uagb-container-inner-blocks-wrap\">\n<div class=\"wp-block-uagb-info-box uagb-block-ptpfllyo uagb-infobox__content-wrap  uagb-infobox-icon-above-title uagb-infobox-image-valign-top\"><div class=\"uagb-ifb-content\"><div class=\"uagb-ifb-title-wrap\"><h2 class=\"uagb-ifb-title\">Nuestros servicios<\/h2><\/div><p class=\"uagb-ifb-desc\">Explore la gama de servicios que ofrecemos para elevar sus obligaciones legales.<\/p><\/div><\/div>\n\n\n\n<div class=\"wp-block-uagb-container uagb-layout-grid uagb-block-3aayzdc7\">\n<div class=\"wp-block-uagb-container uagb-block-ww7e0oh7\">\n<div class=\"wp-block-uagb-info-box uagb-block-woysavmf uagb-infobox__content-wrap  uagb-infobox-icon-above-title uagb-infobox-image-valign-top\"><div class=\"uagb-ifb-content\"><div class=\"uagb-ifb-title-wrap\"><p class=\"uagb-ifb-title-prefix\">01<\/p><h3 class=\"uagb-ifb-title\">Evaluaci\u00f3n del cumplimiento<\/h3><\/div><p class=\"uagb-ifb-desc\">Analizamos sus servicios, obligaciones normativas y capacidades actuales para identificar carencias y crear una hoja de ruta con prioridades. La evaluaci\u00f3n incluye la clasificaci\u00f3n de los servicios, el an\u00e1lisis del \u00e1mbito jurisdiccional, la revisi\u00f3n de las capacidades t\u00e9cnicas y el estado de la documentaci\u00f3n, lo que da lugar a un informe detallado con recomendaciones de correcci\u00f3n.<\/p><\/div><\/div>\n<\/div>\n\n\n\n<div class=\"wp-block-uagb-container uagb-block-baq6e57y\">\n<div class=\"wp-block-uagb-info-box uagb-block-4iwun2tj uagb-infobox__content-wrap  uagb-infobox-icon-above-title uagb-infobox-image-valign-top\"><div class=\"uagb-ifb-content\"><div class=\"uagb-ifb-title-wrap\"><p class=\"uagb-ifb-title-prefix\">02<\/p><h3 class=\"uagb-ifb-title\">Alineaci\u00f3n de normas ETSI<\/h3><\/div><p class=\"uagb-ifb-desc\">Le ayudamos a asignar sus tipos de servicio a las especificaciones correctas del ETSI y a implantar las interfaces y formatos de traspaso necesarios. Esto incluye orientaci\u00f3n sobre validaci\u00f3n de esquemas, codificaci\u00f3n de mensajes y pruebas de interoperabilidad para garantizar que su sistema cumple todas las normas aplicables.<\/p><\/div><\/div>\n<\/div>\n\n\n\n<div class=\"wp-block-uagb-container uagb-block-k1cjrqf7\">\n<div class=\"wp-block-uagb-info-box uagb-block-akluuvmh uagb-infobox__content-wrap  uagb-infobox-icon-above-title uagb-infobox-image-valign-top\"><div class=\"uagb-ifb-content\"><div class=\"uagb-ifb-title-wrap\"><p class=\"uagb-ifb-title-prefix\">03<\/p><h3 class=\"uagb-ifb-title\">Dise\u00f1o arquitect\u00f3nico<\/h3><\/div><p class=\"uagb-ifb-desc\">Nuestros arquitectos trabajan con sus equipos para dise\u00f1ar sistemas LI que equilibren los requisitos normativos, las limitaciones operativas y las consideraciones de seguridad. Definimos d\u00f3nde deben situarse los puntos de interceptaci\u00f3n, c\u00f3mo deben estructurarse las funciones de mediaci\u00f3n y entrega y c\u00f3mo garantizar la escalabilidad y la redundancia.<\/p><\/div><\/div>\n<\/div>\n\n\n\n<div class=\"wp-block-uagb-container uagb-block-tecm0jv3\">\n<div class=\"wp-block-uagb-info-box uagb-block-glhqd0rq uagb-infobox__content-wrap  uagb-infobox-icon-above-title uagb-infobox-image-valign-top\"><div class=\"uagb-ifb-content\"><div class=\"uagb-ifb-title-wrap\"><p class=\"uagb-ifb-title-prefix\">04<\/p><h3 class=\"uagb-ifb-title\">Auditor\u00eda y certificaci\u00f3n<\/h3><\/div><p class=\"uagb-ifb-desc\">Le preparamos para las auditor\u00edas reglamentarias organizando la documentaci\u00f3n, verificando los sistemas t\u00e9cnicos, validando los procedimientos e informando al personal. Durante la auditor\u00eda nos coordinamos con los reguladores, apoyamos las demostraciones t\u00e9cnicas y ayudamos a responder a las conclusiones. Despu\u00e9s de la auditor\u00eda, le ayudamos a planificar las medidas correctoras y la documentaci\u00f3n de cierre.<\/p><\/div><\/div>\n<\/div>\n\n\n\n<div class=\"wp-block-uagb-container uagb-block-cst8v88f\">\n<div class=\"wp-block-uagb-info-box uagb-block-0jhfhqp1 uagb-infobox__content-wrap  uagb-infobox-icon-above-title uagb-infobox-image-valign-top\"><div class=\"uagb-ifb-content\"><div class=\"uagb-ifb-title-wrap\"><p class=\"uagb-ifb-title-prefix\">05<\/p><h3 class=\"uagb-ifb-title\">Contrataci\u00f3n de agencias<\/h3><\/div><p class=\"uagb-ifb-desc\">Establecer la conectividad con las instalaciones de vigilancia de las fuerzas de seguridad requiere una coordinaci\u00f3n estructurada. Gestionamos todo el proceso de incorporaci\u00f3n, desde la verificaci\u00f3n de autoridades y el establecimiento de contactos hasta la configuraci\u00f3n t\u00e9cnica, las pruebas, la confirmaci\u00f3n de procedimientos y la puesta en producci\u00f3n.<\/p><\/div><\/div>\n<\/div>\n\n\n\n<div class=\"wp-block-uagb-container uagb-block-eypq8tox\">\n<div class=\"wp-block-uagb-info-box uagb-block-iheyapux uagb-infobox__content-wrap  uagb-infobox-icon-above-title uagb-infobox-image-valign-top\"><div class=\"uagb-ifb-content\"><div class=\"uagb-ifb-title-wrap\"><p class=\"uagb-ifb-title-prefix\">06<\/p><h3 class=\"uagb-ifb-title\">Asesoramiento continuo<\/h3><\/div><p class=\"uagb-ifb-desc\">El cumplimiento de la normativa requiere una atenci\u00f3n continua a medida que evolucionan los reglamentos y las normas. Nuestros servicios gestionados de asesoramiento ofrecen una supervisi\u00f3n continua de la normativa en todas las jurisdicciones, seguimiento de las publicaciones del ETSI, evaluaci\u00f3n del impacto de los cambios pendientes y acceso a consultas a petici\u00f3n para cuestiones operativas.<\/p><\/div><\/div>\n<\/div>\n<\/div>\n<\/div><\/div>","protected":false},"excerpt":{"rendered":"<p>We provide consulting and regulatory support services, including compliance assessments, ETSI standards alignment, architecture design for law enforcement agency requirements, [&hellip;]<\/p>\n","protected":false},"author":2,"featured_media":0,"parent":13,"menu_order":0,"comment_status":"closed","ping_status":"closed","template":"","meta":{"_uag_custom_page_level_css":"","site-sidebar-layout":"default","site-content-layout":"","ast-site-content-layout":"default","site-content-style":"default","site-sidebar-style":"default","ast-global-header-display":"","ast-banner-title-visibility":"","ast-main-header-display":"","ast-hfb-above-header-display":"","ast-hfb-below-header-display":"","ast-hfb-mobile-header-display":"","site-post-title":"","ast-breadcrumbs-content":"","ast-featured-img":"","footer-sml-layout":"","ast-disable-related-posts":"","theme-transparent-header-meta":"","adv-header-id-meta":"","stick-header-meta":"","header-above-stick-meta":"","header-main-stick-meta":"","header-below-stick-meta":"","astra-migrate-meta-layouts":"default","ast-page-background-enabled":"default","ast-page-background-meta":{"desktop":{"background-color":"var(--ast-global-color-5)","background-image":"","background-repeat":"repeat","background-position":"center center","background-size":"auto","background-attachment":"scroll","background-type":"","background-media":"","overlay-type":"","overlay-color":"","overlay-opacity":"","overlay-gradient":""},"tablet":{"background-color":"","background-image":"","background-repeat":"repeat","background-position":"center center","background-size":"auto","background-attachment":"scroll","background-type":"","background-media":"","overlay-type":"","overlay-color":"","overlay-opacity":"","overlay-gradient":""},"mobile":{"background-color":"","background-image":"","background-repeat":"repeat","background-position":"center center","background-size":"auto","background-attachment":"scroll","background-type":"","background-media":"","overlay-type":"","overlay-color":"","overlay-opacity":"","overlay-gradient":""}},"ast-content-background-meta":{"desktop":{"background-color":"var(--ast-global-color-4)","background-image":"","background-repeat":"repeat","background-position":"center center","background-size":"auto","background-attachment":"scroll","background-type":"","background-media":"","overlay-type":"","overlay-color":"","overlay-opacity":"","overlay-gradient":""},"tablet":{"background-color":"var(--ast-global-color-4)","background-image":"","background-repeat":"repeat","background-position":"center center","background-size":"auto","background-attachment":"scroll","background-type":"","background-media":"","overlay-type":"","overlay-color":"","overlay-opacity":"","overlay-gradient":""},"mobile":{"background-color":"var(--ast-global-color-4)","background-image":"","background-repeat":"repeat","background-position":"center center","background-size":"auto","background-attachment":"scroll","background-type":"","background-media":"","overlay-type":"","overlay-color":"","overlay-opacity":"","overlay-gradient":""}},"footnotes":""},"class_list":["post-1345","page","type-page","status-publish","hentry"],"uagb_featured_image_src":{"full":false,"thumbnail":false,"medium":false,"medium_large":false,"large":false,"1536x1536":false,"2048x2048":false,"trp-custom-language-flag":false},"uagb_author_info":{"display_name":"chatgpt","author_link":"https:\/\/ic-services.io\/es\/author\/chatgpt\/"},"uagb_comment_info":0,"uagb_excerpt":"We provide consulting and regulatory support services, including compliance assessments, ETSI standards alignment, architecture design for law enforcement agency requirements, [&hellip;]","_links":{"self":[{"href":"https:\/\/ic-services.io\/es\/wp-json\/wp\/v2\/pages\/1345","targetHints":{"allow":["GET"]}}],"collection":[{"href":"https:\/\/ic-services.io\/es\/wp-json\/wp\/v2\/pages"}],"about":[{"href":"https:\/\/ic-services.io\/es\/wp-json\/wp\/v2\/types\/page"}],"author":[{"embeddable":true,"href":"https:\/\/ic-services.io\/es\/wp-json\/wp\/v2\/users\/2"}],"replies":[{"embeddable":true,"href":"https:\/\/ic-services.io\/es\/wp-json\/wp\/v2\/comments?post=1345"}],"version-history":[{"count":5,"href":"https:\/\/ic-services.io\/es\/wp-json\/wp\/v2\/pages\/1345\/revisions"}],"predecessor-version":[{"id":1668,"href":"https:\/\/ic-services.io\/es\/wp-json\/wp\/v2\/pages\/1345\/revisions\/1668"}],"up":[{"embeddable":true,"href":"https:\/\/ic-services.io\/es\/wp-json\/wp\/v2\/pages\/13"}],"wp:attachment":[{"href":"https:\/\/ic-services.io\/es\/wp-json\/wp\/v2\/media?parent=1345"}],"curies":[{"name":"wp","href":"https:\/\/api.w.org\/{rel}","templated":true}]}}