{"id":1347,"date":"2026-01-27T15:50:07","date_gmt":"2026-01-27T14:50:07","guid":{"rendered":"https:\/\/dev.ic-services.io\/?page_id=1347"},"modified":"2026-03-15T20:41:15","modified_gmt":"2026-03-15T19:41:15","slug":"integracion-desarrollo-a-medida","status":"publish","type":"page","link":"https:\/\/ic-services.io\/es\/services\/integration-custom-development\/","title":{"rendered":"Integraci\u00f3n y desarrollo a medida"},"content":{"rendered":"<p>Nuestros servicios de integraci\u00f3n y desarrollo personalizado garantizan una integraci\u00f3n perfecta en la red, son compatibles con entornos heredados e h\u00edbridos, desarrollan implantaciones personalizadas conformes con ETSI y permiten la interoperabilidad con los sistemas de las fuerzas de seguridad.<\/p>\n\n\n\n<div class=\"wp-block-uagb-container uagb-block-jvorqmee alignfull uagb-is-root-container\">\n<div class=\"wp-block-uagb-container uagb-block-aurcpmpp\"><\/div>\n\n\n\n<div class=\"wp-block-uagb-container uagb-block-m2qu2sjb\">\n<div class=\"wp-block-uagb-info-box uagb-block-vetzlf3t uagb-infobox__content-wrap  uagb-infobox-icon-above-title uagb-infobox-image-valign-top\"><div class=\"uagb-ifb-content\"><div class=\"uagb-ifb-title-wrap\"><h1 class=\"uagb-ifb-title\">Adapte su infraestructura de LI a su red \u00fanica<\/h1><\/div><p class=\"uagb-ifb-desc\">Cada operador tiene una arquitectura de red, unos sistemas heredados y unos requisitos normativos diferentes. Nuestros servicios de integraci\u00f3n y desarrollo personalizado adaptan las soluciones de interceptaci\u00f3n legal a su entorno espec\u00edfico, garantizando un funcionamiento sin fisuras y sin perturbar su infraestructura actual.<\/p><\/div><\/div>\n\n\n\n<div class=\"wp-block-uagb-buttons uagb-buttons__outer-wrap uagb-btn__default-btn uagb-btn-tablet__default-btn uagb-btn-mobile__default-btn uagb-block-uqwvm18d\"><div class=\"uagb-buttons__wrap uagb-buttons-layout-wrap\">\n<div class=\"wp-block-uagb-buttons-child uagb-buttons__outer-wrap uagb-block-vwkcwkc6 wp-block-button\"><div class=\"uagb-button__wrapper\"><a class=\"uagb-buttons-repeater wp-block-button__link\" aria-label=\"\" href=\"\/es\/pongase-en-contacto-con\/\" rel=\"follow noopener\" target=\"_self\" role=\"button\"><div class=\"uagb-button__link\">Comenzar<\/div><\/a><\/div><\/div>\n<\/div><\/div>\n<\/div>\n<\/div>\n\n\n\n<div class=\"wp-block-uagb-container uagb-block-qea3uf4x alignfull uagb-is-root-container\"><div class=\"uagb-container-inner-blocks-wrap\">\n<div class=\"wp-block-uagb-info-box uagb-block-iajbbrgv uagb-infobox__content-wrap  uagb-infobox-icon-above-title uagb-infobox-image-valign-top\"><div class=\"uagb-ifb-content\"><div class=\"uagb-ifb-title-wrap\"><h2 class=\"uagb-ifb-title\">Experiencia en integraci\u00f3n y desarrollo para entornos LI complejos<\/h2><\/div><\/div><\/div>\n\n\n\n<div class=\"wp-block-uagb-container uagb-block-ek9wwovu\">\n<div class=\"wp-block-uagb-info-box uagb-block-pki7mqvc uagb-infobox__content-wrap  uagb-infobox-icon-above-title uagb-infobox-image-valign-top\"><div class=\"uagb-ifb-content\"><div class=\"uagb-ifb-title-wrap\"><p class=\"uagb-ifb-title\">La implantaci\u00f3n de la interceptaci\u00f3n legal en las redes del mundo real no suele ser sencilla. Puede tener equipos de varios proveedores, sistemas heredados que no admiten interfaces est\u00e1ndar, requisitos espec\u00edficos de la LEA que difieren de las normas internacionales o arquitecturas de servicio \u00fanicas que necesitan una l\u00f3gica de mediaci\u00f3n personalizada.<\/p><\/div><p class=\"uagb-ifb-desc\">Nuestro equipo de integraci\u00f3n y desarrollo personalizado tiene una gran experiencia en la adaptaci\u00f3n de plataformas LI a los entornos reales de los operadores. Dise\u00f1amos e implementamos adaptadores personalizados, convertidores de protocolos, funciones de mediaci\u00f3n e interfaces de traspaso que acortan la distancia entre la realidad de su red y los requisitos de conformidad, al tiempo que mantienen la plena alineaci\u00f3n con el ETSI y la preparaci\u00f3n para auditor\u00edas.<\/p><\/div><\/div>\n\n\n\n<div class=\"wp-block-uagb-container uagb-block-aqm86h3z\">\n<div class=\"wp-block-uagb-info-box uagb-block-eku0dmzw uagb-infobox__content-wrap  uagb-infobox-icon-left-title uagb-infobox-left uagb-infobox-image-valign-middle\"><div class=\"uagb-ifb-content\"><div class=\"uagb-ifb-left-title-image\"><div class=\"uagb-ifb-icon-wrap\"><svg xmlns=\"https:\/\/www.w3.org\/2000\/svg\" viewbox=\"0 0 448 512\"><path d=\"M438.6 105.4C451.1 117.9 451.1 138.1 438.6 150.6L182.6 406.6C170.1 419.1 149.9 419.1 137.4 406.6L9.372 278.6C-3.124 266.1-3.124 245.9 9.372 233.4C21.87 220.9 42.13 220.9 54.63 233.4L159.1 338.7L393.4 105.4C405.9 92.88 426.1 92.88 438.6 105.4H438.6z\"><\/path><\/svg><\/div><div class=\"uagb-ifb-title-wrap\"><p class=\"uagb-ifb-title\">Soluciones basadas en la innovaci\u00f3n<\/p><\/div><\/div><p class=\"uagb-ifb-desc\">Desarrollamos soluciones personalizadas utilizando pr\u00e1cticas de software modernas: arquitecturas modulares, API est\u00e1ndar, pruebas exhaustivas y documentaci\u00f3n clara. Tanto si necesita un adaptador personalizado para un conmutador heredado como una funci\u00f3n de mediaci\u00f3n completamente nueva para un servicio especializado, le entregamos implementaciones mantenibles y escalables.<\/p><div class=\"uagb-ifb-separator\"><\/div><\/div><\/div>\n\n\n\n<div class=\"wp-block-uagb-info-box uagb-block-wbuyoizu uagb-infobox__content-wrap  uagb-infobox-icon-left-title uagb-infobox-left uagb-infobox-image-valign-middle\"><div class=\"uagb-ifb-content\"><div class=\"uagb-ifb-left-title-image\"><div class=\"uagb-ifb-icon-wrap\"><svg xmlns=\"https:\/\/www.w3.org\/2000\/svg\" viewbox=\"0 0 448 512\"><path d=\"M438.6 105.4C451.1 117.9 451.1 138.1 438.6 150.6L182.6 406.6C170.1 419.1 149.9 419.1 137.4 406.6L9.372 278.6C-3.124 266.1-3.124 245.9 9.372 233.4C21.87 220.9 42.13 220.9 54.63 233.4L159.1 338.7L393.4 105.4C405.9 92.88 426.1 92.88 438.6 105.4H438.6z\"><\/path><\/svg><\/div><div class=\"uagb-ifb-title-wrap\"><p class=\"uagb-ifb-title\">Enfoque personalizado<\/p><\/div><\/div><p class=\"uagb-ifb-desc\">Cada proyecto de integraci\u00f3n comienza con un an\u00e1lisis exhaustivo de la topolog\u00eda de su red, los componentes LI existentes, las interfaces LEA y las limitaciones operativas. Trabajamos en estrecha colaboraci\u00f3n con sus equipos t\u00e9cnicos para comprender el panorama completo antes de dise\u00f1ar la soluci\u00f3n adecuada para su situaci\u00f3n espec\u00edfica.<\/p><div class=\"uagb-ifb-separator\"><\/div><\/div><\/div>\n\n\n\n<div class=\"wp-block-uagb-info-box uagb-block-chi4dubw uagb-infobox__content-wrap  uagb-infobox-icon-left-title uagb-infobox-left uagb-infobox-image-valign-middle\"><div class=\"uagb-ifb-content\"><div class=\"uagb-ifb-left-title-image\"><div class=\"uagb-ifb-icon-wrap\"><svg xmlns=\"https:\/\/www.w3.org\/2000\/svg\" viewbox=\"0 0 448 512\"><path d=\"M438.6 105.4C451.1 117.9 451.1 138.1 438.6 150.6L182.6 406.6C170.1 419.1 149.9 419.1 137.4 406.6L9.372 278.6C-3.124 266.1-3.124 245.9 9.372 233.4C21.87 220.9 42.13 220.9 54.63 233.4L159.1 338.7L393.4 105.4C405.9 92.88 426.1 92.88 438.6 105.4H438.6z\"><\/path><\/svg><\/div><div class=\"uagb-ifb-title-wrap\"><p class=\"uagb-ifb-title\">Servicio de atenci\u00f3n al cliente superior<\/p><\/div><\/div><p class=\"uagb-ifb-desc\">Nuestros desarrolladores y especialistas en integraci\u00f3n le ayudan a lo largo de todo el ciclo de vida: an\u00e1lisis de requisitos, dise\u00f1o, implantaci\u00f3n, pruebas, despliegue y mantenimiento a largo plazo. Proporcionamos documentaci\u00f3n t\u00e9cnica clara, transferencia de conocimientos y asistencia continua para garantizar que sus soluciones personalizadas sigan siendo fiables y conformes.<\/p><div class=\"uagb-ifb-separator\"><\/div><\/div><\/div>\n<\/div>\n<\/div>\n<\/div><\/div>","protected":false},"excerpt":{"rendered":"<p>Our integration and custom development services ensure seamless network integration, support legacy and hybrid environments, develop custom ETSI-compliant implementations, and [&hellip;]<\/p>\n","protected":false},"author":2,"featured_media":0,"parent":13,"menu_order":0,"comment_status":"closed","ping_status":"closed","template":"","meta":{"_uag_custom_page_level_css":"","site-sidebar-layout":"default","site-content-layout":"","ast-site-content-layout":"default","site-content-style":"default","site-sidebar-style":"default","ast-global-header-display":"","ast-banner-title-visibility":"","ast-main-header-display":"","ast-hfb-above-header-display":"","ast-hfb-below-header-display":"","ast-hfb-mobile-header-display":"","site-post-title":"","ast-breadcrumbs-content":"","ast-featured-img":"","footer-sml-layout":"","ast-disable-related-posts":"","theme-transparent-header-meta":"","adv-header-id-meta":"","stick-header-meta":"","header-above-stick-meta":"","header-main-stick-meta":"","header-below-stick-meta":"","astra-migrate-meta-layouts":"default","ast-page-background-enabled":"default","ast-page-background-meta":{"desktop":{"background-color":"var(--ast-global-color-5)","background-image":"","background-repeat":"repeat","background-position":"center center","background-size":"auto","background-attachment":"scroll","background-type":"","background-media":"","overlay-type":"","overlay-color":"","overlay-opacity":"","overlay-gradient":""},"tablet":{"background-color":"","background-image":"","background-repeat":"repeat","background-position":"center center","background-size":"auto","background-attachment":"scroll","background-type":"","background-media":"","overlay-type":"","overlay-color":"","overlay-opacity":"","overlay-gradient":""},"mobile":{"background-color":"","background-image":"","background-repeat":"repeat","background-position":"center center","background-size":"auto","background-attachment":"scroll","background-type":"","background-media":"","overlay-type":"","overlay-color":"","overlay-opacity":"","overlay-gradient":""}},"ast-content-background-meta":{"desktop":{"background-color":"var(--ast-global-color-4)","background-image":"","background-repeat":"repeat","background-position":"center center","background-size":"auto","background-attachment":"scroll","background-type":"","background-media":"","overlay-type":"","overlay-color":"","overlay-opacity":"","overlay-gradient":""},"tablet":{"background-color":"var(--ast-global-color-4)","background-image":"","background-repeat":"repeat","background-position":"center center","background-size":"auto","background-attachment":"scroll","background-type":"","background-media":"","overlay-type":"","overlay-color":"","overlay-opacity":"","overlay-gradient":""},"mobile":{"background-color":"var(--ast-global-color-4)","background-image":"","background-repeat":"repeat","background-position":"center center","background-size":"auto","background-attachment":"scroll","background-type":"","background-media":"","overlay-type":"","overlay-color":"","overlay-opacity":"","overlay-gradient":""}},"footnotes":""},"class_list":["post-1347","page","type-page","status-publish","hentry"],"uagb_featured_image_src":{"full":false,"thumbnail":false,"medium":false,"medium_large":false,"large":false,"1536x1536":false,"2048x2048":false,"trp-custom-language-flag":false},"uagb_author_info":{"display_name":"chatgpt","author_link":"https:\/\/ic-services.io\/es\/author\/chatgpt\/"},"uagb_comment_info":0,"uagb_excerpt":"Our integration and custom development services ensure seamless network integration, support legacy and hybrid environments, develop custom ETSI-compliant implementations, and [&hellip;]","_links":{"self":[{"href":"https:\/\/ic-services.io\/es\/wp-json\/wp\/v2\/pages\/1347","targetHints":{"allow":["GET"]}}],"collection":[{"href":"https:\/\/ic-services.io\/es\/wp-json\/wp\/v2\/pages"}],"about":[{"href":"https:\/\/ic-services.io\/es\/wp-json\/wp\/v2\/types\/page"}],"author":[{"embeddable":true,"href":"https:\/\/ic-services.io\/es\/wp-json\/wp\/v2\/users\/2"}],"replies":[{"embeddable":true,"href":"https:\/\/ic-services.io\/es\/wp-json\/wp\/v2\/comments?post=1347"}],"version-history":[{"count":5,"href":"https:\/\/ic-services.io\/es\/wp-json\/wp\/v2\/pages\/1347\/revisions"}],"predecessor-version":[{"id":1661,"href":"https:\/\/ic-services.io\/es\/wp-json\/wp\/v2\/pages\/1347\/revisions\/1661"}],"up":[{"embeddable":true,"href":"https:\/\/ic-services.io\/es\/wp-json\/wp\/v2\/pages\/13"}],"wp:attachment":[{"href":"https:\/\/ic-services.io\/es\/wp-json\/wp\/v2\/media?parent=1347"}],"curies":[{"name":"wp","href":"https:\/\/api.w.org\/{rel}","templated":true}]}}