{"id":1367,"date":"2026-01-27T16:32:09","date_gmt":"2026-01-27T15:32:09","guid":{"rendered":"https:\/\/dev.ic-services.io\/?page_id=1367"},"modified":"2026-03-15T21:03:25","modified_gmt":"2026-03-15T20:03:25","slug":"venta-al-por-mayor","status":"publish","type":"page","link":"https:\/\/ic-services.io\/es\/products\/wholesale\/","title":{"rendered":"Venta al por mayor"},"content":{"rendered":"<div class=\"wp-block-uagb-container uagb-block-qpfkqqpx alignfull uagb-is-root-container\">\n<div class=\"wp-block-uagb-container uagb-block-6nys11no\">\n<div class=\"wp-block-uagb-info-box uagb-block-osss7caw uagb-infobox__content-wrap  uagb-infobox-icon-above-title uagb-infobox-image-valign-top\"><div class=\"uagb-ifb-content\"><div class=\"uagb-ifb-title-wrap\"><h1 class=\"uagb-ifb-title\">principal operador mayorista de VoIP Servicios<\/h1><\/div><\/div><\/div>\n\n\n\n<div class=\"wp-block-uagb-container uagb-block-7nswyuyx\">\n<div class=\"wp-block-uagb-info-box uagb-block-wdbhlm3w uagb-infobox__content-wrap  uagb-infobox-icon-above-title uagb-infobox-image-valign-top\"><div class=\"uagb-ifb-content\"><div class=\"uagb-ifb-title-wrap\"><\/div><p class=\"uagb-ifb-desc\">Como operador mayorista de VoIP l\u00edder, combinamos rutas de alta calidad, tarifas competitivas y un potente portal de autoservicio para ofrecerle un control total sobre su tr\u00e1fico y sus m\u00e1rgenes<\/p><\/div><\/div>\n\n\n\n<div class=\"wp-block-uagb-buttons uagb-buttons__outer-wrap uagb-btn__default-btn uagb-btn-tablet__default-btn uagb-btn-mobile__default-btn uagb-block-aieo5lfi\"><div class=\"uagb-buttons__wrap uagb-buttons-layout-wrap\">\n<div class=\"wp-block-uagb-buttons-child uagb-buttons__outer-wrap uagb-block-wg1tqltu wp-block-button\"><div class=\"uagb-button__wrapper\"><a class=\"uagb-buttons-repeater wp-block-button__link\" aria-label=\"\" href=\"https:\/\/icscarrier.com\" rel=\"follow noopener\" target=\"_blank\" role=\"button\"><div class=\"uagb-button__link\">Comenzar<\/div><\/a><\/div><\/div>\n<\/div><\/div>\n<\/div>\n<\/div>\n\n\n\n<div class=\"wp-block-uagb-container uagb-block-mdojry9r alignfull uagb-is-root-container\"><\/div>\n<\/div>\n\n\n\n<div class=\"wp-block-uagb-container uagb-block-isry1d2n alignfull uagb-is-root-container\"><div class=\"uagb-container-inner-blocks-wrap\">\n<div class=\"wp-block-uagb-container uagb-block-gdnaohls\">\n<div class=\"wp-block-uagb-info-box uagb-block-lisvjmkj uagb-infobox__content-wrap  uagb-infobox-icon-above-title uagb-infobox-image-valign-top wp-block-uagb-info-box--has-margin\"><div class=\"uagb-infobox-margin-wrapper\"><div class=\"uagb-ifb-content\"><div class=\"uagb-ifb-title-wrap\"><h2 class=\"uagb-ifb-title\">ICS Servicios de operador al por mayor<\/h2><\/div><p class=\"uagb-ifb-desc\">Con ICS Wholesale Carrier Services, los operadores, ITSP y revendedores obtienen pre-servicios de operador profesional para terminaci\u00f3n global y n\u00fameros internacionales, sin necesidad de construir su propia red troncal mayorista. Nuestro historial en VoIP e interceptaci\u00f3n legal nos permite combinar una s\u00f3lida venta mayorista de voz con una infraestructura preparada para el cumplimiento de normativas y un soporte operativo experto.<br><br>A trav\u00e9s de nuestro intuitivo portal web, usted mismo gestiona las troncales, las IP, los destinos y los niveles de calidad, y se beneficia de tarifas e informes transparentes. Tanto si gestiona unos pocos miles de minutos al mes como tr\u00e1fico internacional a gran escala, ICS le ofrece la capacidad y flexibilidad que necesita para crecer.<\/p><\/div><\/div><\/div>\n\n\n\n<div class=\"wp-block-uagb-image alignleft uagb-block-7o7aro6n wp-block-uagb-image--layout-default wp-block-uagb-image--effect-static wp-block-uagb-image--align-left\"><figure class=\"wp-block-uagb-image__figure\"><img decoding=\"async\" srcset=\"https:\/\/ic-services.io\/wp-content\/uploads\/2026\/02\/pexels-photo-1054397-1054397-683x1024.jpg ,https:\/\/ic-services.io\/wp-content\/uploads\/2026\/02\/pexels-photo-1054397-1054397-scaled.jpg 780w, https:\/\/ic-services.io\/wp-content\/uploads\/2026\/02\/pexels-photo-1054397-1054397-scaled.jpg 360w\" sizes=\"auto, (max-width: 480px) 150px\" src=\"https:\/\/ic-services.io\/wp-content\/uploads\/2026\/02\/pexels-photo-1054397-1054397-683x1024.jpg\" alt=\"Primer plano de cables y puertos de red en un bastidor de servidores, mostrando la conectividad.\" class=\"uag-image-1562\" width=\"564\" height=\"376\" title=\"pexels foto 1054397 1054397\" loading=\"lazy\" role=\"img\"\/><\/figure><\/div>\n\n\n\n<div class=\"wp-block-uagb-info-box uagb-block-8fuzlsfg uagb-infobox__content-wrap  uagb-infobox-icon-above-title uagb-infobox-image-valign-top wp-block-uagb-info-box--has-margin\"><div class=\"uagb-infobox-margin-wrapper\"><div class=\"uagb-ifb-content\"><div class=\"uagb-ifb-title-wrap\"><h3 class=\"uagb-ifb-title\">Soluciones basadas en la innovaci\u00f3n<\/h3><\/div><p class=\"uagb-ifb-desc\">Cada cliente mayorista tiene rutas, vol\u00famenes y expectativas de margen diferentes, por lo que adaptamos los perfiles de ruta, los modelos comerciales y el soporte a su negocio. Nuestro equipo trabaja directamente con usted en las pruebas, la incorporaci\u00f3n y la optimizaci\u00f3n del tr\u00e1fico para hacer de ICS una extensi\u00f3n de sus propias operaciones de transporte.<\/p><\/div><\/div><\/div>\n<\/div>\n\n\n\n<div class=\"wp-block-uagb-container uagb-block-vzn1a9g2\">\n<div class=\"wp-block-uagb-image alignleft uagb-block-v51qnvvs wp-block-uagb-image--layout-default wp-block-uagb-image--effect-static wp-block-uagb-image--align-left\"><figure class=\"wp-block-uagb-image__figure\"><img decoding=\"async\" srcset=\"https:\/\/ic-services.io\/wp-content\/uploads\/2026\/02\/pexels-photo-8867472-8867472-1024x683.jpg ,https:\/\/ic-services.io\/wp-content\/uploads\/2026\/02\/pexels-photo-8867472-8867472-scaled.jpg 780w, https:\/\/ic-services.io\/wp-content\/uploads\/2026\/02\/pexels-photo-8867472-8867472-scaled.jpg 360w\" sizes=\"auto, (max-width: 480px) 150px\" src=\"https:\/\/ic-services.io\/wp-content\/uploads\/2026\/02\/pexels-photo-8867472-8867472-1024x683.jpg\" alt=\"Dos empleados de un centro de llamadas trabajan juntos con auriculares en una oficina moderna.\" class=\"uag-image-1561\" width=\"564\" height=\"376\" title=\"pexels foto 8867472 8867472\" loading=\"lazy\" role=\"img\"\/><\/figure><\/div>\n\n\n\n<div class=\"wp-block-uagb-info-box uagb-block-y43koqpx uagb-infobox__content-wrap  uagb-infobox-icon-above-title uagb-infobox-image-valign-top wp-block-uagb-info-box--has-margin\"><div class=\"uagb-infobox-margin-wrapper\"><div class=\"uagb-ifb-content\"><div class=\"uagb-ifb-title-wrap\"><h3 class=\"uagb-ifb-title\">Enfoque personalizado<\/h3><\/div><p class=\"uagb-ifb-desc\">Nuestra cartera mayorista est\u00e1 dise\u00f1ada en torno a las necesidades modernas de VoIP y de los operadores: perfiles de calidad flexibles, enrutamiento inteligente y API que se integran en sus sistemas de facturaci\u00f3n y aprovisionamiento. Ampliamos continuamente nuestra presencia mundial y optimizamos las rutas para que pueda ofrecer voz n\u00edtida a bajos costes mayoristas.<a href=\"https:\/\/icscarrier.com\/\" target=\"_blank\" rel=\"noreferrer noopener\"><\/a><br><\/p><\/div><\/div><\/div>\n\n\n\n<div class=\"wp-block-uagb-image alignleft uagb-block-xa9r5lvj wp-block-uagb-image--layout-default wp-block-uagb-image--effect-static wp-block-uagb-image--align-left\"><figure class=\"wp-block-uagb-image__figure\"><img decoding=\"async\" srcset=\"https:\/\/ic-services.io\/wp-content\/uploads\/2026\/02\/pexels-photo-8867261-8867261-1024x683.jpg ,https:\/\/ic-services.io\/wp-content\/uploads\/2026\/02\/pexels-photo-8867261-8867261-scaled.jpg 780w, https:\/\/ic-services.io\/wp-content\/uploads\/2026\/02\/pexels-photo-8867261-8867261-scaled.jpg 360w\" sizes=\"auto, (max-width: 480px) 150px\" src=\"https:\/\/ic-services.io\/wp-content\/uploads\/2026\/02\/pexels-photo-8867261-8867261-1024x683.jpg\" alt=\"Un equipo diverso de agentes de centros de llamadas que trabajan juntos en una oficina moderna.\" class=\"uag-image-1563\" width=\"564\" height=\"376\" title=\"pexels foto 8867261 8867261\" loading=\"lazy\" role=\"img\"\/><\/figure><\/div>\n\n\n\n<div class=\"wp-block-uagb-info-box uagb-block-wzlmrmwp uagb-infobox__content-wrap  uagb-infobox-icon-above-title uagb-infobox-image-valign-top wp-block-uagb-info-box--has-margin\"><div class=\"uagb-infobox-margin-wrapper\"><div class=\"uagb-ifb-content\"><div class=\"uagb-ifb-title-wrap\"><h3 class=\"uagb-ifb-title\">Servicio de atenci\u00f3n al cliente superior<\/h3><\/div><p class=\"uagb-ifb-desc\">La fiabilidad de los servicios mayoristas de voz depende de la rapidez de reacci\u00f3n, desde los cambios de ruta hasta la resoluci\u00f3n de problemas. Nuestro NOC y nuestros gestores de cuentas le ayudan con una supervisi\u00f3n proactiva, una gesti\u00f3n de incidencias \u00e1gil y una comunicaci\u00f3n clara. Usted se beneficia de un socio estable que conoce la VoIP, la interceptaci\u00f3n legal y los requisitos normativos y mantiene su tr\u00e1fico en perfecto funcionamiento.<\/p><\/div><\/div><\/div>\n<\/div>\n<\/div><\/div>","protected":false},"excerpt":{"rendered":"","protected":false},"author":2,"featured_media":0,"parent":1315,"menu_order":0,"comment_status":"closed","ping_status":"closed","template":"","meta":{"_uag_custom_page_level_css":"","site-sidebar-layout":"default","site-content-layout":"","ast-site-content-layout":"default","site-content-style":"default","site-sidebar-style":"default","ast-global-header-display":"","ast-banner-title-visibility":"","ast-main-header-display":"","ast-hfb-above-header-display":"","ast-hfb-below-header-display":"","ast-hfb-mobile-header-display":"","site-post-title":"disabled","ast-breadcrumbs-content":"","ast-featured-img":"","footer-sml-layout":"","ast-disable-related-posts":"","theme-transparent-header-meta":"","adv-header-id-meta":"","stick-header-meta":"","header-above-stick-meta":"","header-main-stick-meta":"","header-below-stick-meta":"","astra-migrate-meta-layouts":"default","ast-page-background-enabled":"default","ast-page-background-meta":{"desktop":{"background-color":"var(--ast-global-color-5)","background-image":"","background-repeat":"repeat","background-position":"center center","background-size":"auto","background-attachment":"scroll","background-type":"","background-media":"","overlay-type":"","overlay-color":"","overlay-opacity":"","overlay-gradient":""},"tablet":{"background-color":"","background-image":"","background-repeat":"repeat","background-position":"center center","background-size":"auto","background-attachment":"scroll","background-type":"","background-media":"","overlay-type":"","overlay-color":"","overlay-opacity":"","overlay-gradient":""},"mobile":{"background-color":"","background-image":"","background-repeat":"repeat","background-position":"center center","background-size":"auto","background-attachment":"scroll","background-type":"","background-media":"","overlay-type":"","overlay-color":"","overlay-opacity":"","overlay-gradient":""}},"ast-content-background-meta":{"desktop":{"background-color":"var(--ast-global-color-4)","background-image":"","background-repeat":"repeat","background-position":"center center","background-size":"auto","background-attachment":"scroll","background-type":"","background-media":"","overlay-type":"","overlay-color":"","overlay-opacity":"","overlay-gradient":""},"tablet":{"background-color":"var(--ast-global-color-4)","background-image":"","background-repeat":"repeat","background-position":"center center","background-size":"auto","background-attachment":"scroll","background-type":"","background-media":"","overlay-type":"","overlay-color":"","overlay-opacity":"","overlay-gradient":""},"mobile":{"background-color":"var(--ast-global-color-4)","background-image":"","background-repeat":"repeat","background-position":"center center","background-size":"auto","background-attachment":"scroll","background-type":"","background-media":"","overlay-type":"","overlay-color":"","overlay-opacity":"","overlay-gradient":""}},"footnotes":""},"class_list":["post-1367","page","type-page","status-publish","hentry"],"uagb_featured_image_src":{"full":false,"thumbnail":false,"medium":false,"medium_large":false,"large":false,"1536x1536":false,"2048x2048":false,"trp-custom-language-flag":false},"uagb_author_info":{"display_name":"chatgpt","author_link":"https:\/\/ic-services.io\/es\/author\/chatgpt\/"},"uagb_comment_info":0,"uagb_excerpt":null,"_links":{"self":[{"href":"https:\/\/ic-services.io\/es\/wp-json\/wp\/v2\/pages\/1367","targetHints":{"allow":["GET"]}}],"collection":[{"href":"https:\/\/ic-services.io\/es\/wp-json\/wp\/v2\/pages"}],"about":[{"href":"https:\/\/ic-services.io\/es\/wp-json\/wp\/v2\/types\/page"}],"author":[{"embeddable":true,"href":"https:\/\/ic-services.io\/es\/wp-json\/wp\/v2\/users\/2"}],"replies":[{"embeddable":true,"href":"https:\/\/ic-services.io\/es\/wp-json\/wp\/v2\/comments?post=1367"}],"version-history":[{"count":9,"href":"https:\/\/ic-services.io\/es\/wp-json\/wp\/v2\/pages\/1367\/revisions"}],"predecessor-version":[{"id":1952,"href":"https:\/\/ic-services.io\/es\/wp-json\/wp\/v2\/pages\/1367\/revisions\/1952"}],"up":[{"embeddable":true,"href":"https:\/\/ic-services.io\/es\/wp-json\/wp\/v2\/pages\/1315"}],"wp:attachment":[{"href":"https:\/\/ic-services.io\/es\/wp-json\/wp\/v2\/media?parent=1367"}],"curies":[{"name":"wp","href":"https:\/\/api.w.org\/{rel}","templated":true}]}}