{"id":1415,"date":"2026-01-27T17:28:35","date_gmt":"2026-01-27T16:28:35","guid":{"rendered":"https:\/\/dev.ic-services.io\/?page_id=1415"},"modified":"2026-03-15T20:30:36","modified_gmt":"2026-03-15T19:30:36","slug":"empresa","status":"publish","type":"page","link":"https:\/\/ic-services.io\/es\/about\/company\/","title":{"rendered":"Empresa"},"content":{"rendered":"<div class=\"wp-block-uagb-container uagb-block-nrys1hkh alignfull uagb-is-root-container\"><div class=\"uagb-container-inner-blocks-wrap\">\n<div class=\"wp-block-uagb-info-box uagb-block-dv0tgbug uagb-infobox__content-wrap  uagb-infobox-icon-above-title uagb-infobox-image-valign-top\"><div class=\"uagb-ifb-content\"><div class=\"uagb-ifb-title-wrap\"><p class=\"uagb-ifb-title-prefix\">QUI\u00c9NES SOMOS<\/p><h1 class=\"uagb-ifb-title\">Conocimientos especializados en interceptaci\u00f3n legal y cumplimiento de la normativa<\/h1><\/div><p class=\"uagb-ifb-desc\">ICS International Carrier Services GmbH ofrece soluciones de interceptaci\u00f3n legal de misi\u00f3n cr\u00edtica, servicios y experiencia a proveedores de servicios de comunicaci\u00f3n, fabricantes de autom\u00f3viles, plataformas de movilidad y organismos reguladores de todo el mundo.<\/p><\/div><\/div>\n\n\n\n<div class=\"wp-block-uagb-buttons uagb-buttons__outer-wrap uagb-btn__default-btn uagb-btn-tablet__default-btn uagb-btn-mobile__default-btn uagb-block-2lcqx8cf\"><div class=\"uagb-buttons__wrap uagb-buttons-layout-wrap\">\n<div class=\"wp-block-uagb-buttons-child uagb-buttons__outer-wrap uagb-block-npcjsna0 wp-block-button\"><div class=\"uagb-button__wrapper\"><a class=\"uagb-buttons-repeater wp-block-button__link\" aria-label=\"\" href=\"\/es\/pongase-en-contacto-con\/\" rel=\"follow noopener\" target=\"_self\" role=\"button\"><div class=\"uagb-button__link\">P\u00f3ngase en contacto<\/div><\/a><\/div><\/div>\n<\/div><\/div>\n<\/div><\/div>\n\n\n\n<div class=\"wp-block-uagb-container uagb-block-my9zjyi8 alignfull uagb-is-root-container\"><div class=\"uagb-container-inner-blocks-wrap\">\n<div class=\"wp-block-uagb-info-box uagb-block-vgpfxo5d uagb-infobox__content-wrap  uagb-infobox-icon-above-title uagb-infobox-image-valign-top\"><div class=\"uagb-ifb-content\"><div class=\"uagb-ifb-title-wrap\"><h2 class=\"uagb-ifb-title\">Qu\u00e9 hace diferente a ICS<\/h2><\/div><p class=\"uagb-ifb-desc\">Nuestro enfoque en la interceptaci\u00f3n legal y el cumplimiento de la normativa como especializaci\u00f3n principal nos diferencia de los proveedores generales de telecomunicaciones y los integradores de TI.<\/p><\/div><\/div>\n\n\n\n<div class=\"wp-block-uagb-container uagb-layout-grid uagb-block-veutk6aa\">\n<div class=\"wp-block-uagb-container uagb-block-3pga48fh\">\n<div class=\"wp-block-uagb-info-box uagb-block-jxyticqc uagb-infobox__content-wrap  uagb-infobox-icon-above-title uagb-infobox-image-valign-top\"><div class=\"uagb-ifb-content\"><div class=\"uagb-ifb-title-wrap\"><h3 class=\"uagb-ifb-title\">Profundos conocimientos t\u00e9cnicos<\/h3><\/div><p class=\"uagb-ifb-desc\">Combinamos la experiencia pr\u00e1ctica en implantaci\u00f3n con un profundo conocimiento de las normas ETSI, 3GPP y nacionales de LI. Nuestro equipo est\u00e1 formado por antiguos asesores reguladores, ingenieros de telecomunicaciones y arquitectos de sistemas de LI que entienden tanto los protocolos como las realidades pr\u00e1cticas del cumplimiento.<\/p><\/div><\/div>\n\n\n\n<div class=\"wp-block-uagb-buttons uagb-buttons__outer-wrap uagb-btn__default-btn uagb-btn-tablet__default-btn uagb-btn-mobile__default-btn uagb-block-nz8g8zqz\"><div class=\"uagb-buttons__wrap uagb-buttons-layout-wrap\">\n<div class=\"wp-block-uagb-buttons-child uagb-buttons__outer-wrap uagb-block-513d62a4 wp-block-button\"><div class=\"uagb-button__wrapper\"><a class=\"uagb-buttons-repeater wp-block-button__link\" aria-label=\"\" href=\"#\" rel=\"follow noopener\" target=\"_self\" role=\"button\"><div class=\"uagb-button__link\">Haga clic aqu\u00ed<\/div><\/a><\/div><\/div>\n<\/div><\/div>\n<\/div>\n\n\n\n<div class=\"wp-block-uagb-container uagb-block-lms63ccs\">\n<div class=\"wp-block-uagb-info-box uagb-block-fo0h2ih0 uagb-infobox__content-wrap  uagb-infobox-icon-above-title uagb-infobox-image-valign-top\"><div class=\"uagb-ifb-content\"><div class=\"uagb-ifb-title-wrap\"><h3 class=\"uagb-ifb-title\">Cartera completa<\/h3><\/div><p class=\"uagb-ifb-desc\">Desde plataformas de software y dispositivos de hardware hasta operaciones totalmente gestionadas y asesoramiento normativo, ofrecemos soluciones completas en lugar de productos puntuales. Esto permite implantaciones coherentes e integradas en todos sus requisitos de LI.<\/p><\/div><\/div>\n\n\n\n<div class=\"wp-block-uagb-buttons uagb-buttons__outer-wrap uagb-btn__default-btn uagb-btn-tablet__default-btn uagb-btn-mobile__default-btn uagb-block-sfsuppw7\"><div class=\"uagb-buttons__wrap uagb-buttons-layout-wrap\">\n<div class=\"wp-block-uagb-buttons-child uagb-buttons__outer-wrap uagb-block-836b398b wp-block-button\"><div class=\"uagb-button__wrapper\"><a class=\"uagb-buttons-repeater wp-block-button__link\" aria-label=\"\" href=\"#\" rel=\"follow noopener\" target=\"_self\" role=\"button\"><div class=\"uagb-button__link\">Haga clic aqu\u00ed<\/div><\/a><\/div><\/div>\n<\/div><\/div>\n<\/div>\n\n\n\n<div class=\"wp-block-uagb-container uagb-block-2qqc5qxa\">\n<div class=\"wp-block-uagb-info-box uagb-block-ofnntrv4 uagb-infobox__content-wrap  uagb-infobox-icon-above-title uagb-infobox-image-valign-top\"><div class=\"uagb-ifb-content\"><div class=\"uagb-ifb-title-wrap\"><h3 class=\"uagb-ifb-title\">Soluciones conformes a las normas<\/h3><\/div><p class=\"uagb-ifb-desc\">Todas nuestras soluciones siguen ETSI TS 102 232, ETSI TS 103 707, las especificaciones 3GPP LI y los marcos nacionales pertinentes. La armonizaci\u00f3n de las normas garantiza la interoperabilidad, la admisibilidad de las pruebas, la garant\u00eda de futuro y la aceptaci\u00f3n normativa.<\/p><\/div><\/div>\n<\/div>\n\n\n\n<div class=\"wp-block-uagb-container uagb-block-znjuwf7y\">\n<div class=\"wp-block-uagb-info-box uagb-block-zergsp5q uagb-infobox__content-wrap  uagb-infobox-icon-above-title uagb-infobox-image-valign-top\"><div class=\"uagb-ifb-content\"><div class=\"uagb-ifb-title-wrap\"><h3 class=\"uagb-ifb-title\">Experiencia multisectorial<\/h3><\/div><p class=\"uagb-ifb-desc\">Trabajamos con operadores fijos y m\u00f3viles, MVNO, ISP, proveedores de VoIP, plataformas OTT, OEM de automoci\u00f3n y autoridades reguladoras. Esta perspectiva intersectorial nos ayuda a aplicar las mejores pr\u00e1cticas y anticiparnos a los requisitos a medida que evoluciona la LI.<\/p><\/div><\/div>\n<\/div>\n\n\n\n<div class=\"wp-block-uagb-container uagb-block-lamnqfd2\">\n<div class=\"wp-block-uagb-info-box uagb-block-ffq7bash uagb-infobox__content-wrap  uagb-infobox-icon-above-title uagb-infobox-image-valign-top\"><div class=\"uagb-ifb-content\"><div class=\"uagb-ifb-title-wrap\"><h3 class=\"uagb-ifb-title\">Modelos de compromiso flexibles<\/h3><\/div><p class=\"uagb-ifb-desc\">Tanto si necesita un servicio gestionado completo llave en mano, asistencia para la integraci\u00f3n personalizada, licencias de software independientes o consultor\u00eda estrat\u00e9gica, nos adaptamos a sus requisitos espec\u00edficos, plazos y modelo operativo.<\/p><\/div><\/div>\n<\/div>\n\n\n\n<div class=\"wp-block-uagb-container uagb-block-xddzi5ty\">\n<div class=\"wp-block-uagb-info-box uagb-block-wxa3yawp uagb-infobox__content-wrap  uagb-infobox-icon-above-title uagb-infobox-image-valign-top\"><div class=\"uagb-ifb-content\"><div class=\"uagb-ifb-title-wrap\"><h3 class=\"uagb-ifb-title\">Asociaci\u00f3n a largo plazo<\/h3><\/div><p class=\"uagb-ifb-desc\">El cumplimiento de LI no es un proyecto de una sola vez. Proporcionamos asistencia continua, supervisi\u00f3n normativa, actualizaciones de normas y asistencia operativa para garantizar que sus sistemas siguen cumpliendo la normativa y est\u00e1n preparados para las auditor\u00edas a medida que evolucionan los requisitos.<\/p><\/div><\/div>\n\n\n\n<div class=\"wp-block-uagb-buttons uagb-buttons__outer-wrap uagb-btn__default-btn uagb-btn-tablet__default-btn uagb-btn-mobile__default-btn uagb-block-7zw1kqm0\"><div class=\"uagb-buttons__wrap uagb-buttons-layout-wrap\">\n<div class=\"wp-block-uagb-buttons-child uagb-buttons__outer-wrap uagb-block-601204a9 wp-block-button\"><div class=\"uagb-button__wrapper\"><a class=\"uagb-buttons-repeater wp-block-button__link\" aria-label=\"\" href=\"#\" rel=\"follow noopener\" target=\"_self\" role=\"button\"><div class=\"uagb-button__link\">Haga clic aqu\u00ed<\/div><\/a><\/div><\/div>\n<\/div><\/div>\n<\/div>\n<\/div>\n<\/div><\/div>\n\n\n\n<div class=\"wp-block-uagb-container uagb-block-iauj3p2k alignfull uagb-is-root-container\"><div class=\"uagb-container-inner-blocks-wrap\">\n<div class=\"wp-block-uagb-info-box uagb-block-ovlznsqv uagb-infobox__content-wrap  uagb-infobox-icon-above-title uagb-infobox-image-valign-top\"><div class=\"uagb-ifb-content\"><div class=\"uagb-ifb-title-wrap\"><p class=\"uagb-ifb-title-prefix\">NUESTRA MISI\u00d3N<\/p><h2 class=\"uagb-ifb-title\">Ayudar a las organizaciones a cumplir con confianza sus obligaciones de interceptaci\u00f3n legal<\/h2><\/div><\/div><\/div>\n\n\n\n<div class=\"wp-block-uagb-container uagb-block-eepd5nyu\">\n<div class=\"wp-block-uagb-info-box uagb-block-tohb7nm1 uagb-infobox__content-wrap  uagb-infobox-icon-above-title uagb-infobox-image-valign-top\"><div class=\"uagb-ifb-content\"><div class=\"uagb-ifb-title-wrap\"><p class=\"uagb-ifb-title\">ICS International Carrier Services GmbH se fund\u00f3 para cubrir una laguna cr\u00edtica en el mercado de las telecomunicaciones: la necesidad de soluciones de interceptaci\u00f3n legal especializadas y fiables que equilibren el cumplimiento de la normativa con la eficiencia operativa y la protecci\u00f3n de la privacidad. Con sede en Colonia (Alemania), prestamos servicios a clientes de toda Europa y a escala internacional.<br><br>Nuestro equipo re\u00fane conocimientos de m\u00faltiples disciplinas: ingenier\u00eda de telecomunicaciones, cumplimiento de la normativa, desarrollo de software, integraci\u00f3n de sistemas y coordinaci\u00f3n de las fuerzas de seguridad. Estos conocimientos interfuncionales nos permiten conciliar la aplicaci\u00f3n t\u00e9cnica con los requisitos legales y las realidades operativas.<\/p><\/div><p class=\"uagb-ifb-desc\">Trabajamos de forma neutral con todas las partes interesadas en el ecosistema de la interceptaci\u00f3n legal: operadores que implementan capacidades, reguladores que definen requisitos y organismos encargados de hacer cumplir la ley que reciben datos. Nuestro objetivo es garantizar que los sistemas de LI ofrezcan resultados utilizables, oportunos y conformes a la normativa, respetando al mismo tiempo los derechos de privacidad y minimizando la carga operativa de los CSP.<\/p><\/div><\/div>\n\n\n\n<div class=\"wp-block-uagb-container uagb-block-6sbec71a\">\n<div class=\"wp-block-uagb-info-box uagb-block-vipet5qk uagb-infobox__content-wrap  uagb-infobox-icon-above-title uagb-infobox-image-valign-top wp-block-uagb-info-box--has-margin\"><div class=\"uagb-infobox-margin-wrapper\"><div class=\"uagb-ifb-content\"><div class=\"uagb-ifb-title-wrap\"><h4 class=\"uagb-ifb-title\">Soluciones basadas en la innovaci\u00f3n<\/h4><\/div><p class=\"uagb-ifb-desc\">Invertimos continuamente en desarrollo de productos, alineaci\u00f3n de est\u00e1ndares y evoluci\u00f3n tecnol\u00f3gica para garantizar que nuestras soluciones sean compatibles con servicios emergentes como 5G, mensajer\u00eda OTT y veh\u00edculos conectados. Nuestra arquitectura modular permite actualizaciones incrementales sin necesidad de sustituciones al por mayor.<\/p><\/div><\/div><\/div>\n\n\n\n<div class=\"wp-block-uagb-info-box uagb-block-tu0b5gbx uagb-infobox__content-wrap  uagb-infobox-icon-above-title uagb-infobox-image-valign-top wp-block-uagb-info-box--has-margin\"><div class=\"uagb-infobox-margin-wrapper\"><div class=\"uagb-ifb-content\"><div class=\"uagb-ifb-title-wrap\"><h4 class=\"uagb-ifb-title\">Enfoque personalizado<\/h4><\/div><p class=\"uagb-ifb-desc\">Cada cliente tiene arquitecturas de red, carteras de servicios, contextos normativos y limitaciones operativas \u00fanicos. Adaptamos nuestras soluciones y modelos de compromiso a su situaci\u00f3n espec\u00edfica en lugar de forzar enfoques \u00fanicos.<\/p><\/div><\/div><\/div>\n\n\n\n<div class=\"wp-block-uagb-info-box uagb-block-bmlcvyeq uagb-infobox__content-wrap  uagb-infobox-icon-above-title uagb-infobox-image-valign-top wp-block-uagb-info-box--has-margin\"><div class=\"uagb-infobox-margin-wrapper\"><div class=\"uagb-ifb-content\"><div class=\"uagb-ifb-title-wrap\"><h4 class=\"uagb-ifb-title\">Servicio de atenci\u00f3n al cliente superior<\/h4><\/div><p class=\"uagb-ifb-desc\">Desde la evaluaci\u00f3n inicial hasta las operaciones a largo plazo, proporcionamos asistencia con capacidad de respuesta para problemas t\u00e9cnicos, cuestiones normativas y retos de cumplimiento. Nuestro equipo act\u00faa como su socio en el mantenimiento de una infraestructura de interceptaci\u00f3n legal eficaz y preparada para auditor\u00edas.<\/p><\/div><\/div><\/div>\n<\/div>\n<\/div>\n<\/div><\/div>","protected":false},"excerpt":{"rendered":"","protected":false},"author":2,"featured_media":0,"parent":12,"menu_order":0,"comment_status":"closed","ping_status":"closed","template":"","meta":{"_uag_custom_page_level_css":"","site-sidebar-layout":"default","site-content-layout":"","ast-site-content-layout":"default","site-content-style":"default","site-sidebar-style":"default","ast-global-header-display":"","ast-banner-title-visibility":"","ast-main-header-display":"","ast-hfb-above-header-display":"","ast-hfb-below-header-display":"","ast-hfb-mobile-header-display":"","site-post-title":"disabled","ast-breadcrumbs-content":"","ast-featured-img":"","footer-sml-layout":"","ast-disable-related-posts":"","theme-transparent-header-meta":"","adv-header-id-meta":"","stick-header-meta":"","header-above-stick-meta":"","header-main-stick-meta":"","header-below-stick-meta":"","astra-migrate-meta-layouts":"default","ast-page-background-enabled":"default","ast-page-background-meta":{"desktop":{"background-color":"var(--ast-global-color-5)","background-image":"","background-repeat":"repeat","background-position":"center center","background-size":"auto","background-attachment":"scroll","background-type":"","background-media":"","overlay-type":"","overlay-color":"","overlay-opacity":"","overlay-gradient":""},"tablet":{"background-color":"","background-image":"","background-repeat":"repeat","background-position":"center center","background-size":"auto","background-attachment":"scroll","background-type":"","background-media":"","overlay-type":"","overlay-color":"","overlay-opacity":"","overlay-gradient":""},"mobile":{"background-color":"","background-image":"","background-repeat":"repeat","background-position":"center center","background-size":"auto","background-attachment":"scroll","background-type":"","background-media":"","overlay-type":"","overlay-color":"","overlay-opacity":"","overlay-gradient":""}},"ast-content-background-meta":{"desktop":{"background-color":"var(--ast-global-color-4)","background-image":"","background-repeat":"repeat","background-position":"center center","background-size":"auto","background-attachment":"scroll","background-type":"","background-media":"","overlay-type":"","overlay-color":"","overlay-opacity":"","overlay-gradient":""},"tablet":{"background-color":"var(--ast-global-color-4)","background-image":"","background-repeat":"repeat","background-position":"center center","background-size":"auto","background-attachment":"scroll","background-type":"","background-media":"","overlay-type":"","overlay-color":"","overlay-opacity":"","overlay-gradient":""},"mobile":{"background-color":"var(--ast-global-color-4)","background-image":"","background-repeat":"repeat","background-position":"center center","background-size":"auto","background-attachment":"scroll","background-type":"","background-media":"","overlay-type":"","overlay-color":"","overlay-opacity":"","overlay-gradient":""}},"footnotes":""},"class_list":["post-1415","page","type-page","status-publish","hentry"],"uagb_featured_image_src":{"full":false,"thumbnail":false,"medium":false,"medium_large":false,"large":false,"1536x1536":false,"2048x2048":false,"trp-custom-language-flag":false},"uagb_author_info":{"display_name":"chatgpt","author_link":"https:\/\/ic-services.io\/es\/author\/chatgpt\/"},"uagb_comment_info":0,"uagb_excerpt":null,"_links":{"self":[{"href":"https:\/\/ic-services.io\/es\/wp-json\/wp\/v2\/pages\/1415","targetHints":{"allow":["GET"]}}],"collection":[{"href":"https:\/\/ic-services.io\/es\/wp-json\/wp\/v2\/pages"}],"about":[{"href":"https:\/\/ic-services.io\/es\/wp-json\/wp\/v2\/types\/page"}],"author":[{"embeddable":true,"href":"https:\/\/ic-services.io\/es\/wp-json\/wp\/v2\/users\/2"}],"replies":[{"embeddable":true,"href":"https:\/\/ic-services.io\/es\/wp-json\/wp\/v2\/comments?post=1415"}],"version-history":[{"count":8,"href":"https:\/\/ic-services.io\/es\/wp-json\/wp\/v2\/pages\/1415\/revisions"}],"predecessor-version":[{"id":1959,"href":"https:\/\/ic-services.io\/es\/wp-json\/wp\/v2\/pages\/1415\/revisions\/1959"}],"up":[{"embeddable":true,"href":"https:\/\/ic-services.io\/es\/wp-json\/wp\/v2\/pages\/12"}],"wp:attachment":[{"href":"https:\/\/ic-services.io\/es\/wp-json\/wp\/v2\/media?parent=1415"}],"curies":[{"name":"wp","href":"https:\/\/api.w.org\/{rel}","templated":true}]}}