{"id":1418,"date":"2026-01-27T17:29:14","date_gmt":"2026-01-27T16:29:14","guid":{"rendered":"https:\/\/dev.ic-services.io\/?page_id=1418"},"modified":"2026-02-25T15:51:53","modified_gmt":"2026-02-25T14:51:53","slug":"cumplimiento-y-auditoria","status":"publish","type":"page","link":"https:\/\/ic-services.io\/es\/about\/compliance-and-audit\/","title":{"rendered":"Cumplimiento y auditor\u00eda"},"content":{"rendered":"<div class=\"wp-block-uagb-container uagb-block-yhjvtctu alignfull uagb-is-root-container\"><div class=\"uagb-container-inner-blocks-wrap\">\n<div class=\"wp-block-uagb-container uagb-block-irdcwvs4\">\n<div class=\"wp-block-uagb-info-box uagb-block-vt6ociqf uagb-infobox__content-wrap  uagb-infobox-icon-above-title uagb-infobox-image-valign-top\"><div class=\"uagb-ifb-content\"><div class=\"uagb-ifb-title-wrap\"><h1 class=\"uagb-ifb-title\">Interceptaci\u00f3n legal certificada, auditada y conforme a las normas<\/h1><\/div><p class=\"uagb-ifb-desc\">Las soluciones ICS se basan en las especificaciones ETSI y 3GPP y han sido auditadas con \u00e9xito por las autoridades reguladoras. Le ayudamos a implantar sistemas de interceptaci\u00f3n legal que superan las inspecciones reglamentarias y proporcionan datos de calidad probatoria.<\/p><\/div><\/div>\n\n\n\n<div class=\"wp-block-uagb-buttons uagb-buttons__outer-wrap uagb-btn__default-btn uagb-btn-tablet__default-btn uagb-btn-mobile__default-btn uagb-block-zjjrrejj\"><div class=\"uagb-buttons__wrap uagb-buttons-layout-wrap\">\n<div class=\"wp-block-uagb-buttons-child uagb-buttons__outer-wrap uagb-block-wr8nyvol wp-block-button\"><div class=\"uagb-button__wrapper\"><a class=\"uagb-buttons-repeater wp-block-button__link\" aria-label=\"\" href=\"\/es\/pongase-en-contacto-con\/\" rel=\"follow noopener\" target=\"_self\" role=\"button\"><div class=\"uagb-button__link\">P\u00f3ngase en contacto<\/div><\/a><\/div><\/div>\n<\/div><\/div>\n<\/div>\n\n\n\n<div class=\"wp-block-uagb-container uagb-block-opzedjnt\">\n<div class=\"wp-block-uagb-image alignleft uagb-block-qqdczneq wp-block-uagb-image--layout-default wp-block-uagb-image--effect-static wp-block-uagb-image--align-left\"><figure class=\"wp-block-uagb-image__figure\"><img decoding=\"async\" srcset=\"https:\/\/ic-services.io\/wp-content\/uploads\/2026\/02\/g7587007e3209a747aa1ca4b1f1f0b16d717a88440ba863313de1ec6d54d927d7086105baf8b7692ba6709c8deed5d946_1280-265130-1024x682.jpg ,https:\/\/ic-services.io\/wp-content\/uploads\/2026\/02\/g7587007e3209a747aa1ca4b1f1f0b16d717a88440ba863313de1ec6d54d927d7086105baf8b7692ba6709c8deed5d946_1280-265130.jpg 780w, https:\/\/ic-services.io\/wp-content\/uploads\/2026\/02\/g7587007e3209a747aa1ca4b1f1f0b16d717a88440ba863313de1ec6d54d927d7086105baf8b7692ba6709c8deed5d946_1280-265130.jpg 360w\" sizes=\"auto, (max-width: 480px) 150px\" src=\"https:\/\/ic-services.io\/wp-content\/uploads\/2026\/02\/g7587007e3209a747aa1ca4b1f1f0b16d717a88440ba863313de1ec6d54d927d7086105baf8b7692ba6709c8deed5d946_1280-265130-1024x682.jpg\" alt=\"seguridad, protecci\u00f3n, antivirus, software, cms, wordpress, sistema de gesti\u00f3n de contenidos, redacci\u00f3n, contenidos, copia de seguridad, piratear, web, internet, blog, cargar, correos, medios, comentarios, pantalla, contenido, crear, escribir, publicar, publicaci\u00f3n, seguridad, seguridad, seguridad, seguridad, seguridad\" class=\"uag-image-1603\" width=\"270\" height=\"360\" title=\"g7587007e3209a747aa1ca4b1f1f0b16d717a88440ba863313de1ec6d54d927d7086105baf8b7692ba6709c8deed5d946 1280 265130\" loading=\"lazy\" role=\"img\"\/><\/figure><\/div>\n\n\n\n<div class=\"wp-block-uagb-image alignleft uagb-block-xjhw34iy wp-block-uagb-image--layout-default wp-block-uagb-image--effect-static wp-block-uagb-image--align-left\"><figure class=\"wp-block-uagb-image__figure\"><img decoding=\"async\" srcset=\"https:\/\/ic-services.io\/wp-content\/uploads\/2026\/02\/pexels-photo-6930548-6930548-1-1024x794.jpg ,https:\/\/ic-services.io\/wp-content\/uploads\/2026\/02\/pexels-photo-6930548-6930548-1-scaled.jpg 780w, https:\/\/ic-services.io\/wp-content\/uploads\/2026\/02\/pexels-photo-6930548-6930548-1-scaled.jpg 360w\" sizes=\"auto, (max-width: 480px) 150px\" src=\"https:\/\/ic-services.io\/wp-content\/uploads\/2026\/02\/pexels-photo-6930548-6930548-1-1024x794.jpg\" alt=\"Tres compa\u00f1eros trabajan en equipo alrededor de un ordenador port\u00e1til en una oficina moderna.\" class=\"uag-image-1740\" width=\"270\" height=\"360\" title=\"foto pexels 6930548 6930548 1\" loading=\"lazy\" role=\"img\"\/><\/figure><\/div>\n<\/div>\n<\/div><\/div>\n\n\n\n<div class=\"wp-block-uagb-container uagb-block-l1emufvy alignfull uagb-is-root-container\"><div class=\"uagb-container-inner-blocks-wrap\">\n<div class=\"wp-block-uagb-container uagb-block-qitgqsts\">\n<div class=\"wp-block-uagb-info-box uagb-block-vplhpkls uagb-infobox__content-wrap  uagb-infobox-icon-above-title uagb-infobox-image-valign-top\"><div class=\"uagb-ifb-content\"><div class=\"uagb-ifb-title-wrap\"><h2 class=\"uagb-ifb-title\">Nuestro compromiso con las normas y el cumplimiento de la normativa<\/h2><\/div><\/div><\/div>\n\n\n\n<div class=\"wp-block-uagb-info-box uagb-block-b4coqf6u uagb-infobox__content-wrap  uagb-infobox-icon-above-title uagb-infobox-image-valign-top\"><div class=\"uagb-ifb-content\"><div class=\"uagb-ifb-title-wrap\"><\/div><p class=\"uagb-ifb-desc\">Todas las soluciones ICS est\u00e1n dise\u00f1adas para cumplir estrictos requisitos t\u00e9cnicos y normativos, lo que garantiza que su infraestructura de interceptaci\u00f3n legal est\u00e9 preparada para auditor\u00edas desde el primer d\u00eda.<\/p><\/div><\/div>\n<\/div>\n\n\n\n<div class=\"wp-block-uagb-container uagb-block-gb16mfys\">\n<div class=\"wp-block-uagb-container uagb-block-ehdtdckl\">\n<div class=\"wp-block-uagb-info-box uagb-block-xtdbpq4n uagb-infobox__content-wrap  uagb-infobox-icon-above-title uagb-infobox-image-valign-top\"><div class=\"uagb-ifb-content\"><div class=\"uagb-ifb-icon-wrap\"><div class=\"uagb-iconbox-icon-wrap uagb-infobox-shape-circle\"><svg xmlns=\"https:\/\/www.w3.org\/2000\/svg\" viewbox=\"0 0 448 512\"><path d=\"M438.6 105.4C451.1 117.9 451.1 138.1 438.6 150.6L182.6 406.6C170.1 419.1 149.9 419.1 137.4 406.6L9.372 278.6C-3.124 266.1-3.124 245.9 9.372 233.4C21.87 220.9 42.13 220.9 54.63 233.4L159.1 338.7L393.4 105.4C405.9 92.88 426.1 92.88 438.6 105.4H438.6z\"><\/path><\/svg><\/div><\/div><div class=\"uagb-ifb-title-wrap\"><h3 class=\"uagb-ifb-title\">Cumplimiento de las normas ETSI y 3GPP<\/h3><\/div><p class=\"uagb-ifb-desc\">Nuestras plataformas y dispositivos de software aplican las especificaciones actuales del ETSI, como TS 102 232 (traspaso de LI basado en IP), TS 103 707 (servicios OTT), TS 102 657 (datos retenidos) y 3GPP TS 33.106\/33.107\/33.108 (arquitectura de LI m\u00f3vil). Seguimos la evoluci\u00f3n de las normas y las actualizamos peri\u00f3dicamente para mantener la alineaci\u00f3n con las \u00faltimas versiones y definiciones de par\u00e1metros nacionales.<\/p><\/div><\/div>\n<\/div>\n\n\n\n<div class=\"wp-block-uagb-container uagb-block-tyrjxonj\">\n<div class=\"wp-block-uagb-info-box uagb-block-ohkhryqh uagb-infobox__content-wrap  uagb-infobox-icon-above-title uagb-infobox-image-valign-top\"><div class=\"uagb-ifb-content\"><div class=\"uagb-ifb-icon-wrap\"><div class=\"uagb-iconbox-icon-wrap uagb-infobox-shape-circle\"><svg xmlns=\"https:\/\/www.w3.org\/2000\/svg\" viewbox=\"0 0 448 512\"><path d=\"M438.6 105.4C451.1 117.9 451.1 138.1 438.6 150.6L182.6 406.6C170.1 419.1 149.9 419.1 137.4 406.6L9.372 278.6C-3.124 266.1-3.124 245.9 9.372 233.4C21.87 220.9 42.13 220.9 54.63 233.4L159.1 338.7L393.4 105.4C405.9 92.88 426.1 92.88 438.6 105.4H438.6z\"><\/path><\/svg><\/div><\/div><div class=\"uagb-ifb-title-wrap\"><h3 class=\"uagb-ifb-title\">Auditor\u00edas de las autoridades reguladoras<\/h3><\/div><p class=\"uagb-ifb-desc\">Las soluciones ICS han sido implantadas y auditadas con \u00e9xito por las autoridades reguladoras de las telecomunicaciones, incluida la Bundesnetzagentur (Alemania). Estas auditor\u00edas verifican el cumplimiento t\u00e9cnico, la correcci\u00f3n de las interfaces, la exactitud del formato de los datos y los procedimientos operativos, proporcionando una validaci\u00f3n independiente de nuestras implantaciones.<\/p><\/div><\/div>\n<\/div>\n\n\n\n<div class=\"wp-block-uagb-container uagb-block-arb2xqyc\">\n<div class=\"wp-block-uagb-info-box uagb-block-henvxmsu uagb-infobox__content-wrap  uagb-infobox-icon-above-title uagb-infobox-image-valign-top\"><div class=\"uagb-ifb-content\"><div class=\"uagb-ifb-icon-wrap\"><div class=\"uagb-iconbox-icon-wrap uagb-infobox-shape-circle\"><svg xmlns=\"https:\/\/www.w3.org\/2000\/svg\" viewbox=\"0 0 448 512\"><path d=\"M438.6 105.4C451.1 117.9 451.1 138.1 438.6 150.6L182.6 406.6C170.1 419.1 149.9 419.1 137.4 406.6L9.372 278.6C-3.124 266.1-3.124 245.9 9.372 233.4C21.87 220.9 42.13 220.9 54.63 233.4L159.1 338.7L393.4 105.4C405.9 92.88 426.1 92.88 438.6 105.4H438.6z\"><\/path><\/svg><\/div><\/div><div class=\"uagb-ifb-title-wrap\"><h3 class=\"uagb-ifb-title\">Certificaci\u00f3n y documentaci\u00f3n<\/h3><\/div><p class=\"uagb-ifb-desc\">Proporcionamos documentaci\u00f3n completa para las presentaciones reglamentarias, incluidas especificaciones t\u00e9cnicas, descripciones de interfaces, informes de pruebas y procedimientos operativos. Nuestro equipo le ayuda en todo el proceso de certificaci\u00f3n, desde la solicitud inicial hasta las demostraciones t\u00e9cnicas, las pruebas de las autoridades y la aprobaci\u00f3n final, garantizando que su sistema LI cumple todos los requisitos nacionales.<\/p><\/div><\/div>\n<\/div>\n<\/div>\n<\/div><\/div>\n\n\n\n<div class=\"wp-block-uagb-container uagb-block-ot3oihrw alignfull uagb-is-root-container\"><div class=\"uagb-container-inner-blocks-wrap\">\n<div class=\"wp-block-uagb-info-box uagb-block-urrnbmok uagb-infobox__content-wrap  uagb-infobox-icon-above-title uagb-infobox-image-valign-top\"><div class=\"uagb-ifb-content\"><div class=\"uagb-ifb-title-wrap\"><h2 class=\"uagb-ifb-title\">Qu\u00e9 se audita<\/h2><\/div><p class=\"uagb-ifb-desc\">Las auditor\u00edas reglamentarias eval\u00faan m\u00faltiples aspectos de la capacidad de interceptaci\u00f3n legal:<\/p><\/div><\/div>\n\n\n\n<div class=\"wp-block-uagb-container uagb-layout-grid uagb-block-kgrv9qdl\">\n<div class=\"wp-block-uagb-container uagb-block-vnov42ro\">\n<div class=\"wp-block-uagb-info-box uagb-block-nnp6qpwi uagb-infobox__content-wrap  uagb-infobox-icon-above-title uagb-infobox-image-valign-top\"><div class=\"uagb-ifb-content\"><div class=\"uagb-ifb-title-wrap\"><h3 class=\"uagb-ifb-title\"><strong>Interfaces t\u00e9cnicas<\/strong><\/h3><\/div><p class=\"uagb-ifb-desc\">Verificaci\u00f3n de que las interfaces de red X1\/X2\/X3 y las interfaces de traspaso HI1\/HI2\/HI3 se ajustan a las especificaciones ETSI y 3GPP aplicables, incluida la estructura de los mensajes, la codificaci\u00f3n (ASN.1 BER\/DER), el comportamiento del protocolo y la gesti\u00f3n de errores.<\/p><\/div><\/div>\n<\/div>\n\n\n\n<div class=\"wp-block-uagb-container uagb-block-rui8vjmv\">\n<div class=\"wp-block-uagb-info-box uagb-block-6dzqdrva uagb-infobox__content-wrap  uagb-infobox-icon-above-title uagb-infobox-image-valign-top\"><div class=\"uagb-ifb-content\"><div class=\"uagb-ifb-title-wrap\"><h3 class=\"uagb-ifb-title\"><strong>Precisi\u00f3n de los datos<\/strong><\/h3><\/div><p class=\"uagb-ifb-desc\">Validaci\u00f3n de que la informaci\u00f3n relacionada con la interceptaci\u00f3n y el contenido de la comunicaci\u00f3n contienen datos completos, precisos y con el formato correcto que pueden utilizarse como prueba en procedimientos judiciales, incluidos todos los campos obligatorios seg\u00fan las especificaciones del ETSI.<\/p><\/div><\/div>\n<\/div>\n\n\n\n<div class=\"wp-block-uagb-container uagb-block-uhbakdci\">\n<div class=\"wp-block-uagb-info-box uagb-block-z0hod6dx uagb-infobox__content-wrap  uagb-infobox-icon-above-title uagb-infobox-image-valign-top\"><div class=\"uagb-ifb-content\"><div class=\"uagb-ifb-title-wrap\"><h3 class=\"uagb-ifb-title\"><strong>Seguridad y control de acceso<\/strong><\/h3><\/div><p class=\"uagb-ifb-desc\">Revisi\u00f3n de los mecanismos de autenticaci\u00f3n, protocolos de cifrado (TLS 1.2\/1.3), gesti\u00f3n de certificados, controles de acceso basados en funciones y registro de auditor\u00edas para garantizar que s\u00f3lo el personal autorizado pueda acceder a las funciones de interceptaci\u00f3n y que los datos sensibles est\u00e9n protegidos.<\/p><\/div><\/div>\n<\/div>\n\n\n\n<div class=\"wp-block-uagb-container uagb-block-rsankakm\">\n<div class=\"wp-block-uagb-info-box uagb-block-3tub9kk2 uagb-infobox__content-wrap  uagb-infobox-icon-above-title uagb-infobox-image-valign-top\"><div class=\"uagb-ifb-content\"><div class=\"uagb-ifb-title-wrap\"><h3 class=\"uagb-ifb-title\"><strong>Procedimientos operativos<\/strong><\/h3><\/div><p class=\"uagb-ifb-desc\">Examen de los flujos de trabajo de tramitaci\u00f3n de garant\u00edas, los procesos de provisi\u00f3n de objetivos, los mecanismos de confirmaci\u00f3n de entrega y las pr\u00e1cticas de documentaci\u00f3n para verificar el cumplimiento operativo de los requisitos legales y reglamentarios.<\/p><\/div><\/div>\n<\/div>\n\n\n\n<div class=\"wp-block-uagb-container uagb-block-6zogf6re\">\n<div class=\"wp-block-uagb-info-box uagb-block-i7pqsajo uagb-infobox__content-wrap  uagb-infobox-icon-above-title uagb-infobox-image-valign-top\"><div class=\"uagb-ifb-content\"><div class=\"uagb-ifb-title-wrap\"><h3 class=\"uagb-ifb-title\"><strong>Preservaci\u00f3n de pruebas<\/strong><\/h3><\/div><p class=\"uagb-ifb-desc\">Evaluaci\u00f3n de las pol\u00edticas de conservaci\u00f3n de datos, la seguridad del almacenamiento, la protecci\u00f3n de la integridad y la exhaustividad de la pista de auditor\u00eda para garantizar que los datos interceptados y los registros asociados puedan respaldar futuras investigaciones y procedimientos judiciales.<\/p><\/div><\/div>\n<\/div>\n<\/div>\n<\/div><\/div>\n\n\n\n<p><\/p>\n\n\n\n<div class=\"wp-block-uagb-container uagb-block-ybrfjbpr alignfull uagb-is-root-container\"><div class=\"uagb-container-inner-blocks-wrap\">\n<div class=\"wp-block-uagb-container uagb-block-3mvkjc8x\">\n<div class=\"wp-block-uagb-info-box uagb-block-vlqpidhs uagb-infobox__content-wrap  uagb-infobox-icon-above-title uagb-infobox-image-valign-top\"><div class=\"uagb-ifb-content\"><div class=\"uagb-ifb-title-wrap\"><h3 class=\"uagb-ifb-title\">Por qu\u00e9 es importante cumplir las normas<\/h3><\/div><\/div><\/div>\n<\/div>\n\n\n\n<div class=\"wp-block-uagb-container uagb-layout-grid uagb-block-lnoabbmv\">\n<div class=\"wp-block-uagb-container uagb-block-7djszb4r\">\n<div class=\"wp-block-uagb-info-box uagb-block-juc0pxga uagb-infobox__content-wrap  uagb-infobox-icon-above-title uagb-infobox-image-valign-top\"><div class=\"uagb-ifb-content\"><div class=\"uagb-ifb-icon-wrap\"><div class=\"uagb-iconbox-icon-wrap uagb-infobox-shape-circle\"><svg xmlns=\"https:\/\/www.w3.org\/2000\/svg\" viewbox=\"0 0 448 512\"><path d=\"M438.6 105.4C451.1 117.9 451.1 138.1 438.6 150.6L182.6 406.6C170.1 419.1 149.9 419.1 137.4 406.6L9.372 278.6C-3.124 266.1-3.124 245.9 9.372 233.4C21.87 220.9 42.13 220.9 54.63 233.4L159.1 338.7L393.4 105.4C405.9 92.88 426.1 92.88 438.6 105.4H438.6z\"><\/path><\/svg><\/div><\/div><div class=\"uagb-ifb-title-wrap\"><h4 class=\"uagb-ifb-title\"><strong>Aceptaci\u00f3n normativa<\/strong><\/h4><\/div><p class=\"uagb-ifb-desc\">Las autoridades exigen un cumplimiento demostrable de los marcos nacionales de LI, que suelen hacer referencia a las normas ETSI y 3GPP. Las soluciones conformes con las normas reducen el tiempo de aprobaci\u00f3n y el riesgo de auditor\u00eda.<\/p><\/div><\/div>\n<\/div>\n\n\n\n<div class=\"wp-block-uagb-container uagb-block-3azxuabp\">\n<div class=\"wp-block-uagb-info-box uagb-block-t7db5wsh uagb-infobox__content-wrap  uagb-infobox-icon-above-title uagb-infobox-image-valign-top\"><div class=\"uagb-ifb-content\"><div class=\"uagb-ifb-icon-wrap\"><div class=\"uagb-iconbox-icon-wrap uagb-infobox-shape-circle\"><svg xmlns=\"https:\/\/www.w3.org\/2000\/svg\" viewbox=\"0 0 448 512\"><path d=\"M438.6 105.4C451.1 117.9 451.1 138.1 438.6 150.6L182.6 406.6C170.1 419.1 149.9 419.1 137.4 406.6L9.372 278.6C-3.124 266.1-3.124 245.9 9.372 233.4C21.87 220.9 42.13 220.9 54.63 233.4L159.1 338.7L393.4 105.4C405.9 92.88 426.1 92.88 438.6 105.4H438.6z\"><\/path><\/svg><\/div><\/div><div class=\"uagb-ifb-title-wrap\"><h4 class=\"uagb-ifb-title\"><strong>Admisibilidad de las pruebas<\/strong><\/h4><\/div><p class=\"uagb-ifb-desc\">Los tribunales exigen pruebas de que los datos interceptados se recogieron utilizando m\u00e9todos y formatos aprobados. La conformidad con ETSI\/3GPP respalda la cadena de custodia y la integridad de las pruebas necesarias para los procedimientos judiciales.<\/p><\/div><\/div>\n<\/div>\n\n\n\n<div class=\"wp-block-uagb-container uagb-block-x6pbvhxa\">\n<div class=\"wp-block-uagb-info-box uagb-block-idhmafgm uagb-infobox__content-wrap  uagb-infobox-icon-above-title uagb-infobox-image-valign-top\"><div class=\"uagb-ifb-content\"><div class=\"uagb-ifb-icon-wrap\"><div class=\"uagb-iconbox-icon-wrap uagb-infobox-shape-circle\"><svg xmlns=\"https:\/\/www.w3.org\/2000\/svg\" viewbox=\"0 0 448 512\"><path d=\"M438.6 105.4C451.1 117.9 451.1 138.1 438.6 150.6L182.6 406.6C170.1 419.1 149.9 419.1 137.4 406.6L9.372 278.6C-3.124 266.1-3.124 245.9 9.372 233.4C21.87 220.9 42.13 220.9 54.63 233.4L159.1 338.7L393.4 105.4C405.9 92.88 426.1 92.88 438.6 105.4H438.6z\"><\/path><\/svg><\/div><\/div><div class=\"uagb-ifb-title-wrap\"><h4 class=\"uagb-ifb-title\"><strong>Interoperabilidad<\/strong><\/h4><\/div><p class=\"uagb-ifb-desc\">Las interfaces basadas en est\u00e1ndares garantizan que su sistema LI funcione con equipos de red de varios proveedores y pueda entregarse a varios cuerpos de seguridad con distintas instalaciones de supervisi\u00f3n.<\/p><\/div><\/div>\n<\/div>\n\n\n\n<div class=\"wp-block-uagb-container uagb-block-5k4ijom1\">\n<div class=\"wp-block-uagb-info-box uagb-block-zootkzaa uagb-infobox__content-wrap  uagb-infobox-icon-above-title uagb-infobox-image-valign-top\"><div class=\"uagb-ifb-content\"><div class=\"uagb-ifb-icon-wrap\"><div class=\"uagb-iconbox-icon-wrap uagb-infobox-shape-circle\"><svg xmlns=\"https:\/\/www.w3.org\/2000\/svg\" viewbox=\"0 0 448 512\"><path d=\"M438.6 105.4C451.1 117.9 451.1 138.1 438.6 150.6L182.6 406.6C170.1 419.1 149.9 419.1 137.4 406.6L9.372 278.6C-3.124 266.1-3.124 245.9 9.372 233.4C21.87 220.9 42.13 220.9 54.63 233.4L159.1 338.7L393.4 105.4C405.9 92.88 426.1 92.88 438.6 105.4H438.6z\"><\/path><\/svg><\/div><\/div><div class=\"uagb-ifb-title-wrap\"><h4 class=\"uagb-ifb-title\"><strong>A prueba de futuro<\/strong><\/h4><\/div><p class=\"uagb-ifb-desc\">Seguir las normas establecidas protege su inversi\u00f3n al garantizar la compatibilidad con las tecnolog\u00edas de red en evoluci\u00f3n, los nuevos tipos de servicio y los requisitos normativos actualizados.<\/p><\/div><\/div>\n<\/div>\n<\/div>\n<\/div><\/div>","protected":false},"excerpt":{"rendered":"","protected":false},"author":2,"featured_media":0,"parent":12,"menu_order":0,"comment_status":"closed","ping_status":"closed","template":"","meta":{"_uag_custom_page_level_css":"","site-sidebar-layout":"default","site-content-layout":"","ast-site-content-layout":"default","site-content-style":"default","site-sidebar-style":"default","ast-global-header-display":"","ast-banner-title-visibility":"","ast-main-header-display":"","ast-hfb-above-header-display":"","ast-hfb-below-header-display":"","ast-hfb-mobile-header-display":"","site-post-title":"disabled","ast-breadcrumbs-content":"","ast-featured-img":"","footer-sml-layout":"","ast-disable-related-posts":"","theme-transparent-header-meta":"","adv-header-id-meta":"","stick-header-meta":"","header-above-stick-meta":"","header-main-stick-meta":"","header-below-stick-meta":"","astra-migrate-meta-layouts":"default","ast-page-background-enabled":"default","ast-page-background-meta":{"desktop":{"background-color":"var(--ast-global-color-5)","background-image":"","background-repeat":"repeat","background-position":"center center","background-size":"auto","background-attachment":"scroll","background-type":"","background-media":"","overlay-type":"","overlay-color":"","overlay-opacity":"","overlay-gradient":""},"tablet":{"background-color":"","background-image":"","background-repeat":"repeat","background-position":"center center","background-size":"auto","background-attachment":"scroll","background-type":"","background-media":"","overlay-type":"","overlay-color":"","overlay-opacity":"","overlay-gradient":""},"mobile":{"background-color":"","background-image":"","background-repeat":"repeat","background-position":"center center","background-size":"auto","background-attachment":"scroll","background-type":"","background-media":"","overlay-type":"","overlay-color":"","overlay-opacity":"","overlay-gradient":""}},"ast-content-background-meta":{"desktop":{"background-color":"var(--ast-global-color-4)","background-image":"","background-repeat":"repeat","background-position":"center center","background-size":"auto","background-attachment":"scroll","background-type":"","background-media":"","overlay-type":"","overlay-color":"","overlay-opacity":"","overlay-gradient":""},"tablet":{"background-color":"var(--ast-global-color-4)","background-image":"","background-repeat":"repeat","background-position":"center center","background-size":"auto","background-attachment":"scroll","background-type":"","background-media":"","overlay-type":"","overlay-color":"","overlay-opacity":"","overlay-gradient":""},"mobile":{"background-color":"var(--ast-global-color-4)","background-image":"","background-repeat":"repeat","background-position":"center center","background-size":"auto","background-attachment":"scroll","background-type":"","background-media":"","overlay-type":"","overlay-color":"","overlay-opacity":"","overlay-gradient":""}},"footnotes":""},"class_list":["post-1418","page","type-page","status-publish","hentry"],"uagb_featured_image_src":{"full":false,"thumbnail":false,"medium":false,"medium_large":false,"large":false,"1536x1536":false,"2048x2048":false,"trp-custom-language-flag":false},"uagb_author_info":{"display_name":"chatgpt","author_link":"https:\/\/ic-services.io\/es\/author\/chatgpt\/"},"uagb_comment_info":0,"uagb_excerpt":null,"_links":{"self":[{"href":"https:\/\/ic-services.io\/es\/wp-json\/wp\/v2\/pages\/1418","targetHints":{"allow":["GET"]}}],"collection":[{"href":"https:\/\/ic-services.io\/es\/wp-json\/wp\/v2\/pages"}],"about":[{"href":"https:\/\/ic-services.io\/es\/wp-json\/wp\/v2\/types\/page"}],"author":[{"embeddable":true,"href":"https:\/\/ic-services.io\/es\/wp-json\/wp\/v2\/users\/2"}],"replies":[{"embeddable":true,"href":"https:\/\/ic-services.io\/es\/wp-json\/wp\/v2\/comments?post=1418"}],"version-history":[{"count":10,"href":"https:\/\/ic-services.io\/es\/wp-json\/wp\/v2\/pages\/1418\/revisions"}],"predecessor-version":[{"id":2092,"href":"https:\/\/ic-services.io\/es\/wp-json\/wp\/v2\/pages\/1418\/revisions\/2092"}],"up":[{"embeddable":true,"href":"https:\/\/ic-services.io\/es\/wp-json\/wp\/v2\/pages\/12"}],"wp:attachment":[{"href":"https:\/\/ic-services.io\/es\/wp-json\/wp\/v2\/media?parent=1418"}],"curies":[{"name":"wp","href":"https:\/\/api.w.org\/{rel}","templated":true}]}}