{"id":1424,"date":"2026-01-27T17:35:05","date_gmt":"2026-01-27T16:35:05","guid":{"rendered":"https:\/\/dev.ic-services.io\/?page_id=1424"},"modified":"2026-02-25T15:46:28","modified_gmt":"2026-02-25T14:46:28","slug":"servicios-de-facturacion","status":"publish","type":"page","link":"https:\/\/ic-services.io\/es\/services\/billing-services\/","title":{"rendered":"Servicios de facturaci\u00f3n"},"content":{"rendered":"<div class=\"wp-block-uagb-container uagb-block-utckf1mt alignfull uagb-is-root-container\">\n<div class=\"wp-block-uagb-container uagb-block-2tlqmnlt\">\n<div class=\"wp-block-uagb-info-box uagb-block-6vajfjn2 uagb-infobox__content-wrap  uagb-infobox-icon-above-title uagb-infobox-image-valign-top\"><div class=\"uagb-ifb-content\"><div class=\"uagb-ifb-title-wrap\"><h1 class=\"uagb-ifb-title\">Usted ha hecho el trabajo. Alguien m\u00e1s puede encargarse de la facturaci\u00f3n.<\/h1><\/div><\/div><\/div>\n\n\n\n<div class=\"wp-block-uagb-container uagb-block-twm9n5us\">\n<div class=\"wp-block-uagb-info-box uagb-block-rzcdyeoy uagb-infobox__content-wrap  uagb-infobox-icon-above-title uagb-infobox-image-valign-top\"><div class=\"uagb-ifb-content\"><div class=\"uagb-ifb-title-wrap\"><\/div><p class=\"uagb-ifb-desc\">La interceptaci\u00f3n legal requiere infraestructura, operaciones, personal de cumplimiento y mantenimiento continuo. En muchas jurisdicciones, la normativa permite a los CSP solicitar a las fuerzas de seguridad el reembolso de estos costes. Pero recaudar ese dinero implica hacer un seguimiento de cada interceptaci\u00f3n, calcular los costes por organismo, generar facturas conformes y hacer un seguimiento de los pagos, unos gastos administrativos que la mayor\u00eda de los CSP preferir\u00edan evitar.<\/p><\/div><\/div>\n\n\n\n<div class=\"wp-block-uagb-buttons uagb-buttons__outer-wrap uagb-btn__default-btn uagb-btn-tablet__default-btn uagb-btn-mobile__default-btn uagb-block-9hqfj0il\"><div class=\"uagb-buttons__wrap uagb-buttons-layout-wrap\">\n<div class=\"wp-block-uagb-buttons-child uagb-buttons__outer-wrap uagb-block-hfazbobn wp-block-button\"><div class=\"uagb-button__wrapper\"><a class=\"uagb-buttons-repeater wp-block-button__link\" aria-label=\"\" href=\"\/es\/pongase-en-contacto-con\/\" rel=\"follow noopener\" target=\"_self\" role=\"button\"><div class=\"uagb-button__link\">Contacto<\/div><\/a><\/div><\/div>\n<\/div><\/div>\n<\/div>\n<\/div>\n\n\n\n<div class=\"wp-block-uagb-container uagb-block-pjwve2ur alignfull uagb-is-root-container\"><\/div>\n<\/div>\n\n\n\n<div class=\"wp-block-uagb-container uagb-block-ajukdziw alignfull uagb-is-root-container\"><div class=\"uagb-container-inner-blocks-wrap\">\n<div class=\"wp-block-uagb-info-box uagb-block-7ka4skze uagb-infobox__content-wrap  uagb-infobox-icon-above-title uagb-infobox-image-valign-top\"><div class=\"uagb-ifb-content\"><div class=\"uagb-ifb-title-wrap\"><p class=\"uagb-ifb-title-prefix\">EL RETO DEL REEMBOLSO<\/p><h2 class=\"uagb-ifb-title\">Facturaci\u00f3n y reembolso de servicios de interceptaci\u00f3n legal<\/h2><\/div><\/div><\/div>\n\n\n\n<div class=\"wp-block-uagb-container uagb-block-ds1gqsqa\">\n<div class=\"wp-block-uagb-info-box uagb-block-o8odgwob uagb-infobox__content-wrap  uagb-infobox-icon-above-title uagb-infobox-image-valign-top\"><div class=\"uagb-ifb-content\"><div class=\"uagb-ifb-title-wrap\"><h3 class=\"uagb-ifb-title-prefix\">Reembolso<\/h3><p class=\"uagb-ifb-title\">En algunos pa\u00edses, los CSP tienen derecho legalmente a una compensaci\u00f3n por los costes de interceptaci\u00f3n legal, incluidos la configuraci\u00f3n t\u00e9cnica, los gastos operativos por interceptaci\u00f3n, el procesamiento de consultas de datos retenidos, la infraestructura de almacenamiento y el tiempo del personal. Sin embargo, las normas de reembolso var\u00edan significativamente de una jurisdicci\u00f3n a otra. Algunos pa\u00edses ofrecen una recuperaci\u00f3n total de los costes, otros ofrecen un reembolso parcial con l\u00edmites o tarifas estandarizadas, y algunos pa\u00edses no ofrecen ning\u00fan marco de reembolso.<br><br>Incluso cuando se dispone de reembolso, cobrarlo realmente requiere un seguimiento meticuloso de cada evento facturable, comprender los procedimientos y condiciones de pago de cada organismo, generar facturas que cumplan los requisitos locales y gestionar todo el ciclo de cobro. Para los CSP centrados en gestionar sus redes y atender a los clientes, esta carga administrativa es una distracci\u00f3n que preferir\u00edan externalizar a un proveedor de servicios especializado.<\/p><\/div><\/div><\/div>\n\n\n\n<div class=\"wp-block-uagb-container uagb-block-4drpflzb\">\n<div class=\"wp-block-uagb-info-box uagb-block-mbjhwekr uagb-infobox__content-wrap  uagb-infobox-icon-above-title uagb-infobox-image-valign-top wp-block-uagb-info-box--has-margin\"><div class=\"uagb-infobox-margin-wrapper\"><div class=\"uagb-ifb-content\"><div class=\"uagb-ifb-title-wrap\"><h4 class=\"uagb-ifb-title\">Soluciones basadas en la innovaci\u00f3n<\/h4><\/div><p class=\"uagb-ifb-desc\">Nuestro servicio de facturaci\u00f3n realiza un seguimiento autom\u00e1tico de todas las actividades de interceptaci\u00f3n legal a partir de los registros operativos, calcula los costes seg\u00fan los marcos nacionales aplicables y genera facturas conformes en su nombre. Nos adaptamos a las normas de las distintas jurisdicciones, ya sean tarifas por interceptaci\u00f3n, tarifas por volumen o modelos h\u00edbridos.<\/p><\/div><\/div><\/div>\n\n\n\n<div class=\"wp-block-uagb-info-box uagb-block-njeuagw6 uagb-infobox__content-wrap  uagb-infobox-icon-above-title uagb-infobox-image-valign-top wp-block-uagb-info-box--has-margin\"><div class=\"uagb-infobox-margin-wrapper\"><div class=\"uagb-ifb-content\"><div class=\"uagb-ifb-title-wrap\"><h4 class=\"uagb-ifb-title\">Enfoque personalizado<\/h4><\/div><p class=\"uagb-ifb-desc\">Trabajamos con usted para comprender los marcos de reembolso de los pa\u00edses en los que opera, los organismos espec\u00edficos con los que trabaja y los acuerdos negociados vigentes. Nuestro servicio se adapta a su entorno normativo y a sus acuerdos comerciales, garantizando que las facturas reflejen las estructuras de costes correctas y cumplan los requisitos locales.<\/p><\/div><\/div><\/div>\n\n\n\n<div class=\"wp-block-uagb-info-box uagb-block-jksueluq uagb-infobox__content-wrap  uagb-infobox-icon-above-title uagb-infobox-image-valign-top wp-block-uagb-info-box--has-margin\"><div class=\"uagb-infobox-margin-wrapper\"><div class=\"uagb-ifb-content\"><div class=\"uagb-ifb-title-wrap\"><h4 class=\"uagb-ifb-title\">Servicio de atenci\u00f3n al cliente superior<\/h4><\/div><p class=\"uagb-ifb-desc\">Adem\u00e1s de generar facturas, gestionamos todo el ciclo de facturaci\u00f3n, incluido el seguimiento de los pagos, la resoluci\u00f3n de conflictos y la gesti\u00f3n de las relaciones con la agencia. Usted recibe informes peri\u00f3dicos sobre la actividad de facturaci\u00f3n y la recaudaci\u00f3n de ingresos, mientras que nosotros nos encargamos del trabajo administrativo diario.<\/p><\/div><\/div><\/div>\n<\/div>\n<\/div>\n<\/div><\/div>\n\n\n\n<div class=\"wp-block-uagb-container uagb-block-y7j9dg3x alignfull uagb-is-root-container\"><div class=\"uagb-container-inner-blocks-wrap\">\n<div class=\"wp-block-uagb-info-box uagb-block-gju3fhj2 uagb-infobox__content-wrap  uagb-infobox-icon-above-title uagb-infobox-image-valign-top\"><div class=\"uagb-ifb-content\"><div class=\"uagb-ifb-title-wrap\"><p class=\"uagb-ifb-title-prefix\">QU\u00c9 MANEJAMOS<\/p><h2 class=\"uagb-ifb-title\">Administraci\u00f3n completa de la facturaci\u00f3n para operaciones de LI<\/h2><\/div><\/div><\/div>\n\n\n\n<div class=\"wp-block-uagb-container uagb-layout-grid uagb-block-k3wcavkf\">\n<div class=\"wp-block-uagb-info-box uagb-block-lnk8eaht uagb-infobox__content-wrap  uagb-infobox-icon-above-title uagb-infobox-image-valign-top\"><div class=\"uagb-ifb-content\"><div class=\"uagb-ifb-title-wrap\"><p class=\"uagb-ifb-title-prefix\">01<\/p><h3 class=\"uagb-ifb-title\">Seguimiento autom\u00e1tico de la actividad<\/h3><\/div><p class=\"uagb-ifb-desc\">Cada evento facturable se captura autom\u00e1ticamente desde sus operaciones LI: activaciones y duraciones de interceptaci\u00f3n, consultas de datos retenidos, confirmaciones de entrega y modificaciones de interceptaciones en curso. Sin registros manuales ni hojas de c\u00e1lculo: los datos de facturaci\u00f3n surgen directamente de los sistemas operativos.<\/p><\/div><\/div>\n\n\n\n<div class=\"wp-block-uagb-info-box uagb-block-8p3kcjcf uagb-infobox__content-wrap  uagb-infobox-icon-above-title uagb-infobox-image-valign-top\"><div class=\"uagb-ifb-content\"><div class=\"uagb-ifb-title-wrap\"><p class=\"uagb-ifb-title-prefix\">02<\/p><h3 class=\"uagb-ifb-title\">C\u00e1lculo de costes y facturaci\u00f3n<\/h3><\/div><p class=\"uagb-ifb-desc\">Calculamos los costes de acuerdo con los marcos de reembolso aplicables y generamos facturas conformes para cada organismo. Nuestro sistema se adapta a distintos modelos, como las tarifas por intercepci\u00f3n, los gastos operativos diarios, los precios basados en consultas o los c\u00e1lculos basados en el volumen, y gestiona operaciones multijurisdiccionales.<\/p><\/div><\/div>\n\n\n\n<div class=\"wp-block-uagb-info-box uagb-block-ubjhaqrb uagb-infobox__content-wrap  uagb-infobox-icon-above-title uagb-infobox-image-valign-top\"><div class=\"uagb-ifb-content\"><div class=\"uagb-ifb-title-wrap\"><p class=\"uagb-ifb-title-prefix\">03<\/p><h3 class=\"uagb-ifb-title\">Gesti\u00f3n de las relaciones con las agencias<\/h3><\/div><p class=\"uagb-ifb-desc\">Cada organismo policial tiene diferentes direcciones de facturaci\u00f3n, condiciones de pago, flujos de trabajo de aprobaci\u00f3n y procesos de litigio. Mantenemos perfiles completos de cada organismo, con informaci\u00f3n de contacto, condiciones contractuales, facturas hist\u00f3ricas, estado de los pagos y saldos pendientes.<\/p><\/div><\/div>\n\n\n\n<div class=\"wp-block-uagb-info-box uagb-block-n2fwsumm uagb-infobox__content-wrap  uagb-infobox-icon-above-title uagb-infobox-image-valign-top\"><div class=\"uagb-ifb-content\"><div class=\"uagb-ifb-title-wrap\"><p class=\"uagb-ifb-title-prefix\">04<\/p><h3 class=\"uagb-ifb-title\">Cobro y seguimiento de los pagos<\/h3><\/div><p class=\"uagb-ifb-desc\">Nos encargamos del seguimiento de los pagos, de las facturas vencidas y de la gesti\u00f3n de los calendarios de pago. Nuestro equipo se coordina con los departamentos financieros de las agencias para garantizar el pago puntual y resolver cualquier duda sobre cargos o documentaci\u00f3n.<\/p><\/div><\/div>\n\n\n\n<div class=\"wp-block-uagb-info-box uagb-block-rcnmpqmx uagb-infobox__content-wrap  uagb-infobox-icon-above-title uagb-infobox-image-valign-top\"><div class=\"uagb-ifb-content\"><div class=\"uagb-ifb-title-wrap\"><p class=\"uagb-ifb-title-prefix\">05<\/p><h3 class=\"uagb-ifb-title\">Apoyo a la resoluci\u00f3n de litigios<\/h3><\/div><p class=\"uagb-ifb-desc\">Cuando las agencias cuestionan los cargos o solicitan aclaraciones, gestionamos el proceso de resoluci\u00f3n de disputas, incluida la recopilaci\u00f3n de documentaci\u00f3n, la preparaci\u00f3n de justificaciones y la negociaci\u00f3n. Usted permanece informado, pero no tiene que gestionar directamente las idas y venidas.<\/p><\/div><\/div>\n\n\n\n<div class=\"wp-block-uagb-info-box uagb-block-3ynpqg9c uagb-infobox__content-wrap  uagb-infobox-icon-above-title uagb-infobox-image-valign-top\"><div class=\"uagb-ifb-content\"><div class=\"uagb-ifb-title-wrap\"><p class=\"uagb-ifb-title-prefix\">06<\/p><h3 class=\"uagb-ifb-title\">Cumplimiento e informes<\/h3><\/div><p class=\"uagb-ifb-desc\">Los registros de facturaci\u00f3n son sensibles y deben protegerse con controles de seguridad, restricciones de acceso y registros de auditor\u00eda adecuados. Le proporcionamos informes peri\u00f3dicos sobre la actividad de facturaci\u00f3n, la recaudaci\u00f3n de ingresos y el estado de los pagos de las agencias, al tiempo que mantenemos el pleno cumplimiento de los requisitos de protecci\u00f3n de datos.<\/p><\/div><\/div>\n<\/div>\n<\/div><\/div>","protected":false},"excerpt":{"rendered":"","protected":false},"author":2,"featured_media":0,"parent":13,"menu_order":0,"comment_status":"closed","ping_status":"closed","template":"","meta":{"_uag_custom_page_level_css":"","site-sidebar-layout":"default","site-content-layout":"","ast-site-content-layout":"default","site-content-style":"default","site-sidebar-style":"default","ast-global-header-display":"","ast-banner-title-visibility":"","ast-main-header-display":"","ast-hfb-above-header-display":"","ast-hfb-below-header-display":"","ast-hfb-mobile-header-display":"","site-post-title":"disabled","ast-breadcrumbs-content":"","ast-featured-img":"","footer-sml-layout":"","ast-disable-related-posts":"","theme-transparent-header-meta":"","adv-header-id-meta":"","stick-header-meta":"","header-above-stick-meta":"","header-main-stick-meta":"","header-below-stick-meta":"","astra-migrate-meta-layouts":"default","ast-page-background-enabled":"default","ast-page-background-meta":{"desktop":{"background-color":"var(--ast-global-color-5)","background-image":"","background-repeat":"repeat","background-position":"center center","background-size":"auto","background-attachment":"scroll","background-type":"","background-media":"","overlay-type":"","overlay-color":"","overlay-opacity":"","overlay-gradient":""},"tablet":{"background-color":"","background-image":"","background-repeat":"repeat","background-position":"center center","background-size":"auto","background-attachment":"scroll","background-type":"","background-media":"","overlay-type":"","overlay-color":"","overlay-opacity":"","overlay-gradient":""},"mobile":{"background-color":"","background-image":"","background-repeat":"repeat","background-position":"center center","background-size":"auto","background-attachment":"scroll","background-type":"","background-media":"","overlay-type":"","overlay-color":"","overlay-opacity":"","overlay-gradient":""}},"ast-content-background-meta":{"desktop":{"background-color":"var(--ast-global-color-4)","background-image":"","background-repeat":"repeat","background-position":"center center","background-size":"auto","background-attachment":"scroll","background-type":"","background-media":"","overlay-type":"","overlay-color":"","overlay-opacity":"","overlay-gradient":""},"tablet":{"background-color":"var(--ast-global-color-4)","background-image":"","background-repeat":"repeat","background-position":"center center","background-size":"auto","background-attachment":"scroll","background-type":"","background-media":"","overlay-type":"","overlay-color":"","overlay-opacity":"","overlay-gradient":""},"mobile":{"background-color":"var(--ast-global-color-4)","background-image":"","background-repeat":"repeat","background-position":"center center","background-size":"auto","background-attachment":"scroll","background-type":"","background-media":"","overlay-type":"","overlay-color":"","overlay-opacity":"","overlay-gradient":""}},"footnotes":""},"class_list":["post-1424","page","type-page","status-publish","hentry"],"uagb_featured_image_src":{"full":false,"thumbnail":false,"medium":false,"medium_large":false,"large":false,"1536x1536":false,"2048x2048":false,"trp-custom-language-flag":false},"uagb_author_info":{"display_name":"chatgpt","author_link":"https:\/\/ic-services.io\/es\/author\/chatgpt\/"},"uagb_comment_info":0,"uagb_excerpt":null,"_links":{"self":[{"href":"https:\/\/ic-services.io\/es\/wp-json\/wp\/v2\/pages\/1424","targetHints":{"allow":["GET"]}}],"collection":[{"href":"https:\/\/ic-services.io\/es\/wp-json\/wp\/v2\/pages"}],"about":[{"href":"https:\/\/ic-services.io\/es\/wp-json\/wp\/v2\/types\/page"}],"author":[{"embeddable":true,"href":"https:\/\/ic-services.io\/es\/wp-json\/wp\/v2\/users\/2"}],"replies":[{"embeddable":true,"href":"https:\/\/ic-services.io\/es\/wp-json\/wp\/v2\/comments?post=1424"}],"version-history":[{"count":8,"href":"https:\/\/ic-services.io\/es\/wp-json\/wp\/v2\/pages\/1424\/revisions"}],"predecessor-version":[{"id":1954,"href":"https:\/\/ic-services.io\/es\/wp-json\/wp\/v2\/pages\/1424\/revisions\/1954"}],"up":[{"embeddable":true,"href":"https:\/\/ic-services.io\/es\/wp-json\/wp\/v2\/pages\/13"}],"wp:attachment":[{"href":"https:\/\/ic-services.io\/es\/wp-json\/wp\/v2\/media?parent=1424"}],"curies":[{"name":"wp","href":"https:\/\/api.w.org\/{rel}","templated":true}]}}