{"id":1426,"date":"2026-01-27T17:35:31","date_gmt":"2026-01-27T16:35:31","guid":{"rendered":"https:\/\/dev.ic-services.io\/?page_id=1426"},"modified":"2026-02-25T15:54:47","modified_gmt":"2026-02-25T14:54:47","slug":"recursos","status":"publish","type":"page","link":"https:\/\/ic-services.io\/es\/resources\/","title":{"rendered":"Recursos"},"content":{"rendered":"<div class=\"wp-block-uagb-container uagb-block-kuibqypl alignfull uagb-is-root-container\">\n<div class=\"wp-block-uagb-container uagb-block-u6hyboet\"><\/div>\n\n\n\n<div class=\"wp-block-uagb-container uagb-block-e6x82cam\">\n<div class=\"wp-block-uagb-info-box uagb-block-urvi4gzl uagb-infobox__content-wrap  uagb-infobox-icon-above-title uagb-infobox-image-valign-top\"><div class=\"uagb-ifb-content\"><div class=\"uagb-ifb-title-wrap\"><h1 class=\"uagb-ifb-title\">Su centro de conocimientos sobre el cumplimiento de la normativa<\/h1><\/div><p class=\"uagb-ifb-desc\">Acceda a opiniones de expertos, recursos t\u00e9cnicos y noticias del sector sobre interceptaci\u00f3n legal y cumplimiento de la normativa de telecomunicaciones.<\/p><\/div><\/div>\n\n\n\n<div class=\"wp-block-uagb-buttons uagb-buttons__outer-wrap uagb-btn__default-btn uagb-btn-tablet__default-btn uagb-btn-mobile__default-btn uagb-block-fdh5uhh4\"><div class=\"uagb-buttons__wrap uagb-buttons-layout-wrap\">\n<div class=\"wp-block-uagb-buttons-child uagb-buttons__outer-wrap uagb-block-2cb72a82 wp-block-button\"><div class=\"uagb-button__wrapper\"><a class=\"uagb-buttons-repeater wp-block-button__link\" aria-label=\"\" href=\"\/es\/pongase-en-contacto-con\/\" rel=\"follow noopener\" target=\"_self\" role=\"button\"><div class=\"uagb-button__link\">ponerse en contacto<\/div><\/a><\/div><\/div>\n<\/div><\/div>\n<\/div>\n<\/div>\n\n\n\n<div class=\"wp-block-uagb-container uagb-block-hpubyvzs alignfull uagb-is-root-container\"><div class=\"uagb-container-inner-blocks-wrap\">\n<div class=\"wp-block-uagb-info-box uagb-block-jqyan5tp uagb-infobox__content-wrap  uagb-infobox-icon-above-title uagb-infobox-image-valign-top\"><div class=\"uagb-ifb-content\"><div class=\"uagb-ifb-title-wrap\"><h2 class=\"uagb-ifb-title\">Conocimientos<\/h2><\/div><p class=\"uagb-ifb-desc\">Acceda a recursos especializados y mant\u00e9ngase informado sobre las \u00faltimas novedades en materia de cumplimiento de la normativa de telecomunicaciones e interceptaci\u00f3n legal.<\/p><\/div><\/div>\n\n\n\n<div class=\"wp-block-uagb-container uagb-block-gq8owz6z\">\n<div class=\"wp-block-uagb-container uagb-block-n8sekjdi\">\n<div class=\"wp-block-uagb-image alignleft uagb-block-swyda2ji wp-block-uagb-image--layout-default wp-block-uagb-image--effect-static wp-block-uagb-image--align-left\"><figure class=\"wp-block-uagb-image__figure\"><img decoding=\"async\" srcset=\"https:\/\/ic-services.io\/wp-content\/uploads\/2026\/02\/pexels-photo-5360440-5360440-683x1024.jpg ,https:\/\/ic-services.io\/wp-content\/uploads\/2026\/02\/pexels-photo-5360440-5360440-scaled.jpg 780w, https:\/\/ic-services.io\/wp-content\/uploads\/2026\/02\/pexels-photo-5360440-5360440-scaled.jpg 360w\" sizes=\"auto, (max-width: 480px) 150px\" src=\"https:\/\/ic-services.io\/wp-content\/uploads\/2026\/02\/pexels-photo-5360440-5360440-683x1024.jpg\" alt=\"Enormes cantidades de literatura diversa en estanter\u00edas tras la puerta abierta de una moderna biblioteca p\u00fablica.\" class=\"uag-image-1767\" width=\"576\" height=\"400\" title=\"pexels foto 5360440 5360440\" loading=\"lazy\" role=\"img\"\/><\/figure><\/div>\n\n\n\n<div class=\"wp-block-uagb-info-box uagb-block-sbia8pu5 uagb-infobox__content-wrap  uagb-infobox-icon-above-title uagb-infobox-image-valign-top\"><div class=\"uagb-ifb-content\"><div class=\"uagb-ifb-title-wrap\"><h3 class=\"uagb-ifb-title\">Libros blancos<\/h3><\/div><p class=\"uagb-ifb-desc\">Descargue nuestros libros blancos para obtener informaci\u00f3n detallada sobre interceptaci\u00f3n legal, soluciones de cumplimiento y seguridad de las telecomunicaciones.<\/p><\/div><\/div>\n\n\n\n<div class=\"wp-block-uagb-buttons uagb-buttons__outer-wrap uagb-btn__default-btn uagb-btn-tablet__default-btn uagb-btn-mobile__default-btn uagb-block-owieflln\"><div class=\"uagb-buttons__wrap uagb-buttons-layout-wrap\">\n<div class=\"wp-block-uagb-buttons-child uagb-buttons__outer-wrap uagb-block-iot0he03 wp-block-button\"><div class=\"uagb-button__wrapper\"><a class=\"uagb-buttons-repeater wp-block-button__link\" aria-label=\"\" href=\"\/es\/recursos\/libros-blancos\/\" rel=\"follow noopener\" target=\"_self\" role=\"button\"><div class=\"uagb-button__link\">M\u00e1s informaci\u00f3n<\/div><span class=\"uagb-button__icon uagb-button__icon-position-after\"><svg xmlns=\"https:\/\/www.w3.org\/2000\/svg\" viewbox=\"0 0 320 512\" aria-hidden=\"true\" focussable=\"false\"><path d=\"M96 480c-8.188 0-16.38-3.125-22.62-9.375c-12.5-12.5-12.5-32.75 0-45.25L242.8 256L73.38 86.63c-12.5-12.5-12.5-32.75 0-45.25s32.75-12.5 45.25 0l192 192c12.5 12.5 12.5 32.75 0 45.25l-192 192C112.4 476.9 104.2 480 96 480z\"><\/path><\/svg><\/span><\/a><\/div><\/div>\n<\/div><\/div>\n<\/div>\n\n\n\n<div class=\"wp-block-uagb-container uagb-block-w2ycgkx4\">\n<div class=\"wp-block-uagb-image alignleft uagb-block-4eejqkdt wp-block-uagb-image--layout-default wp-block-uagb-image--effect-static wp-block-uagb-image--align-left\"><figure class=\"wp-block-uagb-image__figure\"><img decoding=\"async\" srcset=\"https:\/\/ic-services.io\/wp-content\/uploads\/2026\/02\/g0c84f93bc092cb8af27905c7af2f3ce15f5c8ff0854f3cf435be8f2cd9edb0090c7ffa50c538ca6830b23e5f77fa093a7ccc7cfb0e4481f0ed31a55eb1ecd2b3_1280-3938876-1024x682.jpg ,https:\/\/ic-services.io\/wp-content\/uploads\/2026\/02\/g0c84f93bc092cb8af27905c7af2f3ce15f5c8ff0854f3cf435be8f2cd9edb0090c7ffa50c538ca6830b23e5f77fa093a7ccc7cfb0e4481f0ed31a55eb1ecd2b3_1280-3938876.jpg 780w, https:\/\/ic-services.io\/wp-content\/uploads\/2026\/02\/g0c84f93bc092cb8af27905c7af2f3ce15f5c8ff0854f3cf435be8f2cd9edb0090c7ffa50c538ca6830b23e5f77fa093a7ccc7cfb0e4481f0ed31a55eb1ecd2b3_1280-3938876.jpg 360w\" sizes=\"auto, (max-width: 480px) 150px\" src=\"https:\/\/ic-services.io\/wp-content\/uploads\/2026\/02\/g0c84f93bc092cb8af27905c7af2f3ce15f5c8ff0854f3cf435be8f2cd9edb0090c7ffa50c538ca6830b23e5f77fa093a7ccc7cfb0e4481f0ed31a55eb1ecd2b3_1280-3938876-1024x682.jpg\" alt=\"trabajo, ordenador, apple, empresa, oficina, escritorio, tecnolog\u00eda, bol\u00edgrafo, tel\u00e9fono, smartphone, estaci\u00f3n de trabajo, blog, blogging, mesa, libro, rat\u00f3n, ordenador, apple, apple, empresa, oficina, oficina, escritorio, blog, blog, blog, blog, blogging, blogging, libro\" class=\"uag-image-1769\" width=\"576\" height=\"400\" title=\"g0c84f93bc092cb8af27905c7af2f3ce15f5c8ff0854f3cf435be8f2cd9edb0090c7ffa50c538ca6830b23e5f77fa093a7ccc7cfb0e4481f0ed31a55eb1ecd2b3 1280 3938876\" loading=\"lazy\" role=\"img\"\/><\/figure><\/div>\n\n\n\n<div class=\"wp-block-uagb-info-box uagb-block-tz7mg6en uagb-infobox__content-wrap  uagb-infobox-icon-above-title uagb-infobox-image-valign-top\"><div class=\"uagb-ifb-content\"><div class=\"uagb-ifb-title-wrap\"><h3 class=\"uagb-ifb-title\">Blog<\/h3><\/div><p class=\"uagb-ifb-desc\">Consulte nuestras \u00faltimas noticias y opiniones de expertos sobre el cumplimiento de la normativa en materia de telecomunicaciones, la tecnolog\u00eda de interceptaci\u00f3n legal y las tendencias del sector.<\/p><\/div><\/div>\n\n\n\n<div class=\"wp-block-uagb-buttons uagb-buttons__outer-wrap uagb-btn__default-btn uagb-btn-tablet__default-btn uagb-btn-mobile__default-btn uagb-block-f23yrxya\"><div class=\"uagb-buttons__wrap uagb-buttons-layout-wrap\">\n<div class=\"wp-block-uagb-buttons-child uagb-buttons__outer-wrap uagb-block-tkajytuw wp-block-button\"><div class=\"uagb-button__wrapper\"><a class=\"uagb-buttons-repeater wp-block-button__link\" aria-label=\"\" href=\"\/es\/recursos\/blog\/\" rel=\"follow noopener\" target=\"_self\" role=\"button\"><div class=\"uagb-button__link\">M\u00e1s informaci\u00f3n<\/div><span class=\"uagb-button__icon uagb-button__icon-position-after\"><svg xmlns=\"https:\/\/www.w3.org\/2000\/svg\" viewbox=\"0 0 320 512\" aria-hidden=\"true\" focussable=\"false\"><path d=\"M96 480c-8.188 0-16.38-3.125-22.62-9.375c-12.5-12.5-12.5-32.75 0-45.25L242.8 256L73.38 86.63c-12.5-12.5-12.5-32.75 0-45.25s32.75-12.5 45.25 0l192 192c12.5 12.5 12.5 32.75 0 45.25l-192 192C112.4 476.9 104.2 480 96 480z\"><\/path><\/svg><\/span><\/a><\/div><\/div>\n<\/div><\/div>\n<\/div>\n<\/div>\n<\/div><\/div>","protected":false},"excerpt":{"rendered":"","protected":false},"author":2,"featured_media":0,"parent":0,"menu_order":0,"comment_status":"closed","ping_status":"closed","template":"","meta":{"_uag_custom_page_level_css":"","site-sidebar-layout":"default","site-content-layout":"","ast-site-content-layout":"default","site-content-style":"default","site-sidebar-style":"default","ast-global-header-display":"","ast-banner-title-visibility":"","ast-main-header-display":"","ast-hfb-above-header-display":"","ast-hfb-below-header-display":"","ast-hfb-mobile-header-display":"","site-post-title":"disabled","ast-breadcrumbs-content":"","ast-featured-img":"","footer-sml-layout":"","ast-disable-related-posts":"","theme-transparent-header-meta":"","adv-header-id-meta":"","stick-header-meta":"","header-above-stick-meta":"","header-main-stick-meta":"","header-below-stick-meta":"","astra-migrate-meta-layouts":"default","ast-page-background-enabled":"default","ast-page-background-meta":{"desktop":{"background-color":"var(--ast-global-color-5)","background-image":"","background-repeat":"repeat","background-position":"center center","background-size":"auto","background-attachment":"scroll","background-type":"","background-media":"","overlay-type":"","overlay-color":"","overlay-opacity":"","overlay-gradient":""},"tablet":{"background-color":"","background-image":"","background-repeat":"repeat","background-position":"center center","background-size":"auto","background-attachment":"scroll","background-type":"","background-media":"","overlay-type":"","overlay-color":"","overlay-opacity":"","overlay-gradient":""},"mobile":{"background-color":"","background-image":"","background-repeat":"repeat","background-position":"center center","background-size":"auto","background-attachment":"scroll","background-type":"","background-media":"","overlay-type":"","overlay-color":"","overlay-opacity":"","overlay-gradient":""}},"ast-content-background-meta":{"desktop":{"background-color":"var(--ast-global-color-4)","background-image":"","background-repeat":"repeat","background-position":"center center","background-size":"auto","background-attachment":"scroll","background-type":"","background-media":"","overlay-type":"","overlay-color":"","overlay-opacity":"","overlay-gradient":""},"tablet":{"background-color":"var(--ast-global-color-4)","background-image":"","background-repeat":"repeat","background-position":"center center","background-size":"auto","background-attachment":"scroll","background-type":"","background-media":"","overlay-type":"","overlay-color":"","overlay-opacity":"","overlay-gradient":""},"mobile":{"background-color":"var(--ast-global-color-4)","background-image":"","background-repeat":"repeat","background-position":"center center","background-size":"auto","background-attachment":"scroll","background-type":"","background-media":"","overlay-type":"","overlay-color":"","overlay-opacity":"","overlay-gradient":""}},"footnotes":""},"class_list":["post-1426","page","type-page","status-publish","hentry"],"uagb_featured_image_src":{"full":false,"thumbnail":false,"medium":false,"medium_large":false,"large":false,"1536x1536":false,"2048x2048":false,"trp-custom-language-flag":false},"uagb_author_info":{"display_name":"chatgpt","author_link":"https:\/\/ic-services.io\/es\/author\/chatgpt\/"},"uagb_comment_info":0,"uagb_excerpt":null,"_links":{"self":[{"href":"https:\/\/ic-services.io\/es\/wp-json\/wp\/v2\/pages\/1426","targetHints":{"allow":["GET"]}}],"collection":[{"href":"https:\/\/ic-services.io\/es\/wp-json\/wp\/v2\/pages"}],"about":[{"href":"https:\/\/ic-services.io\/es\/wp-json\/wp\/v2\/types\/page"}],"author":[{"embeddable":true,"href":"https:\/\/ic-services.io\/es\/wp-json\/wp\/v2\/users\/2"}],"replies":[{"embeddable":true,"href":"https:\/\/ic-services.io\/es\/wp-json\/wp\/v2\/comments?post=1426"}],"version-history":[{"count":6,"href":"https:\/\/ic-services.io\/es\/wp-json\/wp\/v2\/pages\/1426\/revisions"}],"predecessor-version":[{"id":1955,"href":"https:\/\/ic-services.io\/es\/wp-json\/wp\/v2\/pages\/1426\/revisions\/1955"}],"wp:attachment":[{"href":"https:\/\/ic-services.io\/es\/wp-json\/wp\/v2\/media?parent=1426"}],"curies":[{"name":"wp","href":"https:\/\/api.w.org\/{rel}","templated":true}]}}