{"id":1432,"date":"2026-01-27T17:37:14","date_gmt":"2026-01-27T16:37:14","guid":{"rendered":"https:\/\/dev.ic-services.io\/?page_id=1432"},"modified":"2026-02-24T21:24:53","modified_gmt":"2026-02-24T20:24:53","slug":"industrias","status":"publish","type":"page","link":"https:\/\/ic-services.io\/es\/industries\/","title":{"rendered":"Industrias"},"content":{"rendered":"<div class=\"wp-block-uagb-container uagb-block-6oeynbhv alignfull uagb-is-root-container\">\n<div class=\"wp-block-uagb-container uagb-block-stuzq5e9\">\n<div class=\"wp-block-uagb-info-box uagb-block-yr6ug2ct uagb-infobox__content-wrap  uagb-infobox-icon-above-title uagb-infobox-image-valign-top\"><div class=\"uagb-ifb-content\"><div class=\"uagb-ifb-title-wrap\"><h1 class=\"uagb-ifb-title\">Soluciones de interceptaci\u00f3n legal para m\u00faltiples sectores<\/h1><\/div><p class=\"uagb-ifb-desc\">ICS presta servicios a proveedores de servicios de comunicaciones, fabricantes de autom\u00f3viles, plataformas de movilidad y organismos reguladores con soluciones especializadas de interceptaci\u00f3n legal y cumplimiento de la normativa adaptadas a los requisitos y marcos normativos exclusivos de cada sector.<\/p><\/div><\/div>\n\n\n\n<div class=\"wp-block-uagb-buttons uagb-buttons__outer-wrap uagb-btn__default-btn uagb-btn-tablet__default-btn uagb-btn-mobile__default-btn uagb-block-flxj1v5u\"><div class=\"uagb-buttons__wrap uagb-buttons-layout-wrap\">\n<div class=\"wp-block-uagb-buttons-child uagb-buttons__outer-wrap uagb-block-aa68tfxf wp-block-button\"><div class=\"uagb-button__wrapper\"><a class=\"uagb-buttons-repeater wp-block-button__link\" aria-label=\"\" href=\"\/es\/pongase-en-contacto-con\/\" rel=\"follow noopener\" target=\"_self\" role=\"button\"><div class=\"uagb-button__link\">P\u00f3ngase en contacto<\/div><\/a><\/div><\/div>\n<\/div><\/div>\n<\/div>\n\n\n\n<div class=\"wp-block-uagb-container uagb-block-dxtaiukj\"><\/div>\n<\/div>\n\n\n\n<div class=\"wp-block-uagb-container uagb-block-abcyjktc alignfull uagb-is-root-container\"><div class=\"uagb-container-inner-blocks-wrap\">\n<div class=\"wp-block-uagb-container uagb-block-gumcpror\">\n<div class=\"wp-block-uagb-info-box uagb-block-aldn1tgs uagb-infobox__content-wrap  uagb-infobox-icon-above-title uagb-infobox-image-valign-top wp-block-uagb-info-box--has-margin\"><div class=\"uagb-infobox-margin-wrapper\"><div class=\"uagb-ifb-content\"><div class=\"uagb-ifb-title-wrap\"><h2 class=\"uagb-ifb-title\">Industrias a las que servimos<\/h2><\/div><p class=\"uagb-ifb-desc\">Nuestra experiencia abarca las telecomunicaciones tradicionales, las plataformas emergentes de veh\u00edculos conectados y la supervisi\u00f3n normativa, ofreciendo soluciones que equilibran las obligaciones de cumplimiento con la eficiencia operativa y la protecci\u00f3n de la privacidad.<\/p><\/div><\/div><\/div>\n\n\n\n<div class=\"wp-block-uagb-image alignleft uagb-block-doccc7jx wp-block-uagb-image--layout-default wp-block-uagb-image--effect-static wp-block-uagb-image--align-left\"><figure class=\"wp-block-uagb-image__figure\"><img decoding=\"async\" srcset=\"https:\/\/ic-services.io\/wp-content\/uploads\/2026\/02\/pexels-photo-241316-241316-1024x683.jpg ,https:\/\/ic-services.io\/wp-content\/uploads\/2026\/02\/pexels-photo-241316-241316-scaled.jpg 780w, https:\/\/ic-services.io\/wp-content\/uploads\/2026\/02\/pexels-photo-241316-241316-scaled.jpg 360w\" sizes=\"auto, (max-width: 480px) 150px\" src=\"https:\/\/ic-services.io\/wp-content\/uploads\/2026\/02\/pexels-photo-241316-241316-1024x683.jpg\" alt=\"Elegante Mercedes Benz AMG aparcado al aire libre, derrochando lujo y estilo.\" class=\"uag-image-1710\" width=\"564\" height=\"376\" title=\"pexels foto 241316 241316\" loading=\"lazy\" role=\"img\"\/><\/figure><\/div>\n\n\n\n<div class=\"wp-block-uagb-info-box uagb-block-irahzfww uagb-infobox__content-wrap  uagb-infobox-icon-above-title uagb-infobox-image-valign-top wp-block-uagb-info-box--has-margin\"><div class=\"uagb-infobox-margin-wrapper\"><div class=\"uagb-ifb-content\"><div class=\"uagb-ifb-title-wrap\"><h3 class=\"uagb-ifb-title\">Automoci\u00f3n<\/h3><\/div><p class=\"uagb-ifb-desc\">Los veh\u00edculos conectados y los servicios de movilidad requieren capacidades de interceptaci\u00f3n especializadas alineadas con ETSI TR 103 854. Ayudamos a los fabricantes de autom\u00f3viles y a los proveedores de movilidad a implantar sistemas de procesamiento de respuestas seguros para solicitudes basadas en el n\u00famero de bastidor, la asignaci\u00f3n de identificadores y la divulgaci\u00f3n legal de datos de veh\u00edculos.<\/p><\/div><\/div><\/div>\n\n\n\n<div class=\"wp-block-uagb-buttons uagb-buttons__outer-wrap uagb-btn__default-btn uagb-btn-tablet__default-btn uagb-btn-mobile__default-btn uagb-block-c61193f4\"><div class=\"uagb-buttons__wrap uagb-buttons-layout-wrap\">\n<div class=\"wp-block-uagb-buttons-child uagb-buttons__outer-wrap uagb-block-e40aac00 wp-block-button\"><div class=\"uagb-button__wrapper\"><a class=\"uagb-buttons-repeater wp-block-button__link\" aria-label=\"\" href=\"\/es\/industrias\/automocion\/\" rel=\"follow noopener\" target=\"_self\" role=\"button\"><div class=\"uagb-button__link\">Seguir leyendo<\/div><span class=\"uagb-button__icon uagb-button__icon-position-after\"><svg xmlns=\"https:\/\/www.w3.org\/2000\/svg\" viewbox=\"0 0 256 512\" aria-hidden=\"true\" focussable=\"false\"><path d=\"M64 448c-8.188 0-16.38-3.125-22.62-9.375c-12.5-12.5-12.5-32.75 0-45.25L178.8 256L41.38 118.6c-12.5-12.5-12.5-32.75 0-45.25s32.75-12.5 45.25 0l160 160c12.5 12.5 12.5 32.75 0 45.25l-160 160C80.38 444.9 72.19 448 64 448z\"><\/path><\/svg><\/span><\/a><\/div><\/div>\n<\/div><\/div>\n<\/div>\n\n\n\n<div class=\"wp-block-uagb-container uagb-block-sqqgb8ny\">\n<div class=\"wp-block-uagb-image alignleft uagb-block-c2mbuqmk wp-block-uagb-image--layout-default wp-block-uagb-image--effect-static wp-block-uagb-image--align-left\"><figure class=\"wp-block-uagb-image__figure\"><img decoding=\"async\" srcset=\"https:\/\/ic-services.io\/wp-content\/uploads\/2026\/02\/pexels-photo-7862565-7862565-1024x683.jpg ,https:\/\/ic-services.io\/wp-content\/uploads\/2026\/02\/pexels-photo-7862565-7862565-scaled.jpg 780w, https:\/\/ic-services.io\/wp-content\/uploads\/2026\/02\/pexels-photo-7862565-7862565-scaled.jpg 360w\" sizes=\"auto, (max-width: 480px) 150px\" src=\"https:\/\/ic-services.io\/wp-content\/uploads\/2026\/02\/pexels-photo-7862565-7862565-1024x683.jpg\" alt=\"Una toma de \u00e1ngulo bajo de una alta torre de comunicaciones met\u00e1lica con m\u00faltiples antenas contra un cielo azul despejado.\" class=\"uag-image-1709\" width=\"564\" height=\"376\" title=\"pexels foto 7862565 7862565\" loading=\"lazy\" role=\"img\"\/><\/figure><\/div>\n\n\n\n<div class=\"wp-block-uagb-info-box uagb-block-esnqnjv4 uagb-infobox__content-wrap  uagb-infobox-icon-above-title uagb-infobox-image-valign-top wp-block-uagb-info-box--has-margin\"><div class=\"uagb-infobox-margin-wrapper\"><div class=\"uagb-ifb-content\"><div class=\"uagb-ifb-title-wrap\"><h3 class=\"uagb-ifb-title\">Telecomunicaciones<\/h3><\/div><p class=\"uagb-ifb-desc\">Ofrecemos soluciones integrales de interceptaci\u00f3n legal para servicios de comunicaciones fijas, m\u00f3viles, VoIP y OTT. Nuestras plataformas son compatibles con ETSI TS 102 232, ETSI TS 103 707, 3GPP LI y los requisitos nacionales, con opciones de operaciones totalmente gestionadas, integraci\u00f3n personalizada o software y dispositivos independientes.<\/p><\/div><\/div><\/div>\n\n\n\n<div class=\"wp-block-uagb-buttons uagb-buttons__outer-wrap uagb-btn__default-btn uagb-btn-tablet__default-btn uagb-btn-mobile__default-btn uagb-block-4c39db4f\"><div class=\"uagb-buttons__wrap uagb-buttons-layout-wrap\">\n<div class=\"wp-block-uagb-buttons-child uagb-buttons__outer-wrap uagb-block-10f13494 wp-block-button\"><div class=\"uagb-button__wrapper\"><a class=\"uagb-buttons-repeater wp-block-button__link\" aria-label=\"\" href=\"\/es\/industrias\/telecomunicaciones\/\" rel=\"follow noopener\" target=\"_self\" role=\"button\"><div class=\"uagb-button__link\">Seguir leyendo<\/div><span class=\"uagb-button__icon uagb-button__icon-position-after\"><svg xmlns=\"https:\/\/www.w3.org\/2000\/svg\" viewbox=\"0 0 256 512\" aria-hidden=\"true\" focussable=\"false\"><path d=\"M64 448c-8.188 0-16.38-3.125-22.62-9.375c-12.5-12.5-12.5-32.75 0-45.25L178.8 256L41.38 118.6c-12.5-12.5-12.5-32.75 0-45.25s32.75-12.5 45.25 0l160 160c12.5 12.5 12.5 32.75 0 45.25l-160 160C80.38 444.9 72.19 448 64 448z\"><\/path><\/svg><\/span><\/a><\/div><\/div>\n<\/div><\/div>\n\n\n\n<div class=\"wp-block-uagb-image alignleft uagb-block-emzajgxy wp-block-uagb-image--layout-default wp-block-uagb-image--effect-static wp-block-uagb-image--align-left\"><figure class=\"wp-block-uagb-image__figure\"><img decoding=\"async\" srcset=\"https:\/\/ic-services.io\/wp-content\/uploads\/2026\/02\/pexels-photo-7785085-7785085-1024x576.jpg ,https:\/\/ic-services.io\/wp-content\/uploads\/2026\/02\/pexels-photo-7785085-7785085-scaled.jpg 780w, https:\/\/ic-services.io\/wp-content\/uploads\/2026\/02\/pexels-photo-7785085-7785085-scaled.jpg 360w\" sizes=\"auto, (max-width: 480px) 150px\" src=\"https:\/\/ic-services.io\/wp-content\/uploads\/2026\/02\/pexels-photo-7785085-7785085-1024x576.jpg\" alt=\"Imagen reflectante de un coche de polic\u00eda de Tustin aparcado al aire libre con un emblema de la bandera estadounidense.\" class=\"uag-image-1711\" width=\"564\" height=\"376\" title=\"pexels foto 7785085 7785085\" loading=\"lazy\" role=\"img\"\/><\/figure><\/div>\n\n\n\n<div class=\"wp-block-uagb-info-box uagb-block-jqjfdfmu uagb-infobox__content-wrap  uagb-infobox-icon-above-title uagb-infobox-image-valign-top wp-block-uagb-info-box--has-margin\"><div class=\"uagb-infobox-margin-wrapper\"><div class=\"uagb-ifb-content\"><div class=\"uagb-ifb-title-wrap\"><h3 class=\"uagb-ifb-title\">Reglamentaci\u00f3n y aplicaci\u00f3n de la ley<\/h3><\/div><p class=\"uagb-ifb-desc\">Ayudamos a los organismos reguladores y a las fuerzas y cuerpos de seguridad en la elaboraci\u00f3n de normas, la evaluaci\u00f3n de operadores, la incorporaci\u00f3n de la interfaz LEA, la formaci\u00f3n y la coordinaci\u00f3n transfronteriza. Nuestra experiencia neutral ayuda a garantizar marcos eficaces de interceptaci\u00f3n legal que sirvan a todas las partes interesadas.<\/p><\/div><\/div><\/div>\n\n\n\n<div class=\"wp-block-uagb-buttons uagb-buttons__outer-wrap uagb-btn__default-btn uagb-btn-tablet__default-btn uagb-btn-mobile__default-btn uagb-block-ca614549\"><div class=\"uagb-buttons__wrap uagb-buttons-layout-wrap\">\n<div class=\"wp-block-uagb-buttons-child uagb-buttons__outer-wrap uagb-block-5418267c wp-block-button\"><div class=\"uagb-button__wrapper\"><a class=\"uagb-buttons-repeater wp-block-button__link\" aria-label=\"\" href=\"\/es\/industrias\/autoridades-reguladoras-y-policiales\/\" rel=\"follow noopener\" target=\"_self\" role=\"button\"><div class=\"uagb-button__link\">Seguir leyendo<\/div><span class=\"uagb-button__icon uagb-button__icon-position-after\"><svg xmlns=\"https:\/\/www.w3.org\/2000\/svg\" viewbox=\"0 0 256 512\" aria-hidden=\"true\" focussable=\"false\"><path d=\"M64 448c-8.188 0-16.38-3.125-22.62-9.375c-12.5-12.5-12.5-32.75 0-45.25L178.8 256L41.38 118.6c-12.5-12.5-12.5-32.75 0-45.25s32.75-12.5 45.25 0l160 160c12.5 12.5 12.5 32.75 0 45.25l-160 160C80.38 444.9 72.19 448 64 448z\"><\/path><\/svg><\/span><\/a><\/div><\/div>\n<\/div><\/div>\n<\/div>\n<\/div><\/div>\n\n\n\n<div class=\"wp-block-uagb-container uagb-block-lyz9tbcy alignfull uagb-is-root-container\"><div class=\"uagb-container-inner-blocks-wrap\">\n<div class=\"wp-block-uagb-info-box uagb-block-2vp2no9s uagb-infobox__content-wrap  uagb-infobox-icon-above-title uagb-infobox-image-valign-top\"><div class=\"uagb-ifb-content\"><div class=\"uagb-ifb-title-wrap\"><h2 class=\"uagb-ifb-title\">Descubra nuestro viaje hasta ahora<\/h2><\/div><p class=\"uagb-ifb-desc\">Experiencia intersectorial en interceptaci\u00f3n legal y cumplimiento de la normativa<\/p><\/div><\/div>\n\n\n\n<div class=\"wp-block-uagb-container uagb-block-waeewcvc\">\n<div class=\"wp-block-uagb-info-box uagb-block-tjmtecsb uagb-infobox__content-wrap  uagb-infobox-icon-above-title uagb-infobox-image-valign-top\"><div class=\"uagb-ifb-content\"><div class=\"uagb-ifb-title-wrap\"><\/div><p class=\"uagb-ifb-desc\">Nuestro equipo combina un profundo conocimiento t\u00e9cnico de las normas ETSI y 3GPP con una experiencia pr\u00e1ctica de aplicaci\u00f3n en m\u00faltiples sectores. Entendemos tanto los principios universales como los requisitos espec\u00edficos del sector, ya se trate del despliegue de sistemas LI de telecomunicaciones tradicionales, de la implantaci\u00f3n de capacidades emergentes de divulgaci\u00f3n en automoci\u00f3n o del asesoramiento a organismos reguladores sobre el desarrollo de marcos.<\/p><\/div><\/div>\n\n\n\n<div class=\"wp-block-uagb-info-box uagb-block-zyr99nli uagb-infobox__content-wrap  uagb-infobox-icon-above-title uagb-infobox-image-valign-top\"><div class=\"uagb-ifb-content\"><div class=\"uagb-ifb-title-wrap\"><\/div><p class=\"uagb-ifb-desc\">Esta perspectiva intersectorial nos permite aplicar las mejores pr\u00e1cticas de un sector a otro, anticipar las tendencias normativas a medida que se extienden por las jurisdicciones y ayudar a los clientes a prepararse para los requisitos futuros. Trabajamos con operadores que prestan servicio a millones de abonados, fabricantes de equipos originales de automoci\u00f3n que lanzan programas de veh\u00edculos conectados y organismos reguladores que definen marcos nacionales.<\/p><\/div><\/div>\n<\/div>\n<\/div><\/div>","protected":false},"excerpt":{"rendered":"","protected":false},"author":2,"featured_media":0,"parent":0,"menu_order":0,"comment_status":"closed","ping_status":"closed","template":"","meta":{"_uag_custom_page_level_css":"","site-sidebar-layout":"default","site-content-layout":"","ast-site-content-layout":"default","site-content-style":"default","site-sidebar-style":"default","ast-global-header-display":"","ast-banner-title-visibility":"","ast-main-header-display":"","ast-hfb-above-header-display":"","ast-hfb-below-header-display":"","ast-hfb-mobile-header-display":"","site-post-title":"disabled","ast-breadcrumbs-content":"","ast-featured-img":"","footer-sml-layout":"","ast-disable-related-posts":"","theme-transparent-header-meta":"","adv-header-id-meta":"","stick-header-meta":"","header-above-stick-meta":"","header-main-stick-meta":"","header-below-stick-meta":"","astra-migrate-meta-layouts":"default","ast-page-background-enabled":"default","ast-page-background-meta":{"desktop":{"background-color":"var(--ast-global-color-5)","background-image":"","background-repeat":"repeat","background-position":"center center","background-size":"auto","background-attachment":"scroll","background-type":"","background-media":"","overlay-type":"","overlay-color":"","overlay-opacity":"","overlay-gradient":""},"tablet":{"background-color":"","background-image":"","background-repeat":"repeat","background-position":"center center","background-size":"auto","background-attachment":"scroll","background-type":"","background-media":"","overlay-type":"","overlay-color":"","overlay-opacity":"","overlay-gradient":""},"mobile":{"background-color":"","background-image":"","background-repeat":"repeat","background-position":"center center","background-size":"auto","background-attachment":"scroll","background-type":"","background-media":"","overlay-type":"","overlay-color":"","overlay-opacity":"","overlay-gradient":""}},"ast-content-background-meta":{"desktop":{"background-color":"var(--ast-global-color-4)","background-image":"","background-repeat":"repeat","background-position":"center center","background-size":"auto","background-attachment":"scroll","background-type":"","background-media":"","overlay-type":"","overlay-color":"","overlay-opacity":"","overlay-gradient":""},"tablet":{"background-color":"var(--ast-global-color-4)","background-image":"","background-repeat":"repeat","background-position":"center center","background-size":"auto","background-attachment":"scroll","background-type":"","background-media":"","overlay-type":"","overlay-color":"","overlay-opacity":"","overlay-gradient":""},"mobile":{"background-color":"var(--ast-global-color-4)","background-image":"","background-repeat":"repeat","background-position":"center center","background-size":"auto","background-attachment":"scroll","background-type":"","background-media":"","overlay-type":"","overlay-color":"","overlay-opacity":"","overlay-gradient":""}},"footnotes":""},"class_list":["post-1432","page","type-page","status-publish","hentry"],"uagb_featured_image_src":{"full":false,"thumbnail":false,"medium":false,"medium_large":false,"large":false,"1536x1536":false,"2048x2048":false,"trp-custom-language-flag":false},"uagb_author_info":{"display_name":"chatgpt","author_link":"https:\/\/ic-services.io\/es\/author\/chatgpt\/"},"uagb_comment_info":0,"uagb_excerpt":null,"_links":{"self":[{"href":"https:\/\/ic-services.io\/es\/wp-json\/wp\/v2\/pages\/1432","targetHints":{"allow":["GET"]}}],"collection":[{"href":"https:\/\/ic-services.io\/es\/wp-json\/wp\/v2\/pages"}],"about":[{"href":"https:\/\/ic-services.io\/es\/wp-json\/wp\/v2\/types\/page"}],"author":[{"embeddable":true,"href":"https:\/\/ic-services.io\/es\/wp-json\/wp\/v2\/users\/2"}],"replies":[{"embeddable":true,"href":"https:\/\/ic-services.io\/es\/wp-json\/wp\/v2\/comments?post=1432"}],"version-history":[{"count":10,"href":"https:\/\/ic-services.io\/es\/wp-json\/wp\/v2\/pages\/1432\/revisions"}],"predecessor-version":[{"id":1818,"href":"https:\/\/ic-services.io\/es\/wp-json\/wp\/v2\/pages\/1432\/revisions\/1818"}],"wp:attachment":[{"href":"https:\/\/ic-services.io\/es\/wp-json\/wp\/v2\/media?parent=1432"}],"curies":[{"name":"wp","href":"https:\/\/api.w.org\/{rel}","templated":true}]}}