{"id":1434,"date":"2026-01-27T17:37:39","date_gmt":"2026-01-27T16:37:39","guid":{"rendered":"https:\/\/dev.ic-services.io\/?page_id=1434"},"modified":"2026-04-10T12:12:17","modified_gmt":"2026-04-10T11:12:17","slug":"telecomunicaciones","status":"publish","type":"page","link":"https:\/\/ic-services.io\/es\/industries\/telecoms\/","title":{"rendered":"Telecomunicaciones"},"content":{"rendered":"<div class=\"wp-block-uagb-container uagb-block-athr3vye alignfull uagb-is-root-container\">\n<div class=\"wp-block-uagb-info-box uagb-block-2l2isrhr uagb-infobox__content-wrap  uagb-infobox-icon-above-title uagb-infobox-image-valign-top wp-block-uagb-info-box--has-margin\"><div class=\"uagb-infobox-margin-wrapper\"><div class=\"uagb-ifb-content\"><div class=\"uagb-ifb-title-wrap\"><p class=\"uagb-ifb-title-prefix\">OPERADORES DE TELECOMUNICACIONES<\/p><h1 class=\"uagb-ifb-title\">Soluciones de interceptaci\u00f3n legal y cumplimiento de la normativa para empresas de telecomunicaciones<\/h1><\/div><p class=\"uagb-ifb-desc\">Los proveedores de servicios de comunicaci\u00f3n se enfrentan a complejas obligaciones de interceptaci\u00f3n legal en servicios fijos, m\u00f3viles, VoIP y OTT. ICS ofrece soluciones LI integrales que incluyen plataformas de software, dispositivos de hardware y servicios gestionados que garantizan el cumplimiento de la normativa y minimizan los gastos operativos.<\/p><\/div><\/div><\/div>\n\n\n\n<div class=\"wp-block-uagb-buttons uagb-buttons__outer-wrap uagb-btn__default-btn uagb-btn-tablet__default-btn uagb-btn-mobile__default-btn uagb-block-3ggqrklp\"><div class=\"uagb-buttons__wrap uagb-buttons-layout-wrap\">\n<div class=\"wp-block-uagb-buttons-child uagb-buttons__outer-wrap uagb-block-us5ia1va wp-block-button\"><div class=\"uagb-button__wrapper\"><a class=\"uagb-buttons-repeater wp-block-button__link\" aria-label=\"\" href=\"\/es\/pongase-en-contacto-con\/\" rel=\"follow noopener\" target=\"_self\" role=\"button\"><div class=\"uagb-button__link\">Hable con un experto<\/div><\/a><\/div><\/div>\n<\/div><\/div>\n\n\n\n<div class=\"wp-block-uagb-container uagb-block-ow7wwlwb alignfull uagb-is-root-container\"><\/div>\n<\/div>\n\n\n\n<div class=\"wp-block-uagb-container uagb-block-wldl7itm alignfull uagb-is-root-container\"><div class=\"uagb-container-inner-blocks-wrap\">\n<div class=\"wp-block-uagb-info-box uagb-block-obgyyxml uagb-infobox__content-wrap  uagb-infobox-icon-above-title uagb-infobox-image-valign-top\"><div class=\"uagb-ifb-content\"><div class=\"uagb-ifb-title-wrap\"><h2 class=\"uagb-ifb-title\">Soluciones y servicios para empresas de telecomunicaciones<\/h2><\/div><p class=\"uagb-ifb-desc\">Nuestra cartera cubre todos los aspectos de la interceptaci\u00f3n legal y el cumplimiento de la normativa, desde plataformas de software y dispositivos hasta operaciones totalmente gestionadas y asistencia de consultor\u00eda.<\/p><\/div><\/div>\n\n\n\n<div class=\"wp-block-uagb-container uagb-layout-grid uagb-block-d8xvxx9z\">\n<div class=\"wp-block-uagb-container uagb-block-db0kadck\">\n<div class=\"wp-block-uagb-info-box uagb-block-pgzmzt8t uagb-infobox__content-wrap  uagb-infobox-icon-above-title uagb-infobox-image-valign-top\"><div class=\"uagb-ifb-content\"><div class=\"uagb-ifb-title-wrap\"><h3 class=\"uagb-ifb-title\">Software de interceptaci\u00f3n legal<\/h3><\/div><p class=\"uagb-ifb-desc\">Nuestro LIMS y nuestra plataforma de mediaci\u00f3n LI ofrecen gesti\u00f3n centralizada de \u00f3rdenes judiciales, mediaci\u00f3n multired y traspaso seguro. Son compatibles con ETSI TS 102 232, ETSI TS 103 707, 3GPP LI y los requisitos nacionales para servicios fijos, m\u00f3viles, IMS, VoIP y OTT, garantizando la interceptaci\u00f3n conforme a las normas desde la orden legal hasta la entrega.<\/p><\/div><\/div>\n<\/div>\n\n\n\n<div class=\"wp-block-uagb-container uagb-block-udj7og1w\">\n<div class=\"wp-block-uagb-info-box uagb-block-ktm8nupv uagb-infobox__content-wrap  uagb-infobox-icon-above-title uagb-infobox-image-valign-top\"><div class=\"uagb-ifb-content\"><div class=\"uagb-ifb-title-wrap\"><h3 class=\"uagb-ifb-title\">Electrodom\u00e9sticos LI<\/h3><\/div><p class=\"uagb-ifb-desc\">Para implantaciones temporales o situaciones especializadas, nuestros dispositivos ofrecen interceptaci\u00f3n legal plug-and-play. La caja de LI temporal admite la interceptaci\u00f3n a corto plazo de VoIP, IP y mensajer\u00eda, mientras que el conversor de RTC\/RDSI a SIP sirve de puente entre las redes heredadas y las modernas SIP para una LI continua durante la migraci\u00f3n.<\/p><\/div><\/div>\n<\/div>\n\n\n\n<div class=\"wp-block-uagb-container uagb-block-gfgin7ki\">\n<div class=\"wp-block-uagb-info-box uagb-block-u2enrjsv uagb-infobox__content-wrap  uagb-infobox-icon-above-title uagb-infobox-image-valign-top\"><div class=\"uagb-ifb-content\"><div class=\"uagb-ifb-title-wrap\"><h3 class=\"uagb-ifb-title\">Operaciones LI gestionadas<\/h3><\/div><p class=\"uagb-ifb-desc\">Gestionamos su infraestructura de interceptaci\u00f3n legal 24 horas al d\u00eda, 7 d\u00edas a la semana, encarg\u00e1ndonos de la gesti\u00f3n de las \u00f3rdenes judiciales, la supervisi\u00f3n del sistema, el traspaso seguro y la elaboraci\u00f3n de informes de cumplimiento. Usted mantiene la visibilidad y el control mientras nosotros gestionamos las operaciones t\u00e9cnicas, liberando a sus equipos para que se centren en el funcionamiento de la red.<br><\/p><\/div><\/div>\n<\/div>\n\n\n\n<div class=\"wp-block-uagb-container uagb-block-xtm98rg8\">\n<div class=\"wp-block-uagb-info-box uagb-block-sibgnjff uagb-infobox__content-wrap  uagb-infobox-icon-above-title uagb-infobox-image-valign-top\"><div class=\"uagb-ifb-content\"><div class=\"uagb-ifb-title-wrap\"><h3 class=\"uagb-ifb-title\">Integraci\u00f3n y desarrollo a medida<\/h3><\/div><p class=\"uagb-ifb-desc\">Nuestros especialistas en integraci\u00f3n adaptan las soluciones LI a su arquitectura de red espec\u00edfica, sistemas heredados y requisitos normativos. Desarrollamos adaptadores personalizados, convertidores de protocolos y funciones de mediaci\u00f3n que unen su entorno real con las obligaciones de cumplimiento.<\/p><\/div><\/div>\n<\/div>\n\n\n\n<div class=\"wp-block-uagb-container uagb-block-5fwezb9w\">\n<div class=\"wp-block-uagb-info-box uagb-block-moioryqk uagb-infobox__content-wrap  uagb-infobox-icon-above-title uagb-infobox-image-valign-top\"><div class=\"uagb-ifb-content\"><div class=\"uagb-ifb-title-wrap\"><h3 class=\"uagb-ifb-title\">Consultor\u00eda y apoyo normativo<\/h3><\/div><p class=\"uagb-ifb-desc\">Le ayudamos a comprender y cumplir las obligaciones de LI en m\u00faltiples jurisdicciones. Nuestros servicios de consultor\u00eda incluyen evaluaciones de conformidad, alineaci\u00f3n con las normas del ETSI, dise\u00f1o de arquitecturas, preparaci\u00f3n de auditor\u00edas y supervisi\u00f3n reglamentaria continua para que siga cumpliendo a medida que evolucionan las normas.<\/p><\/div><\/div>\n<\/div>\n\n\n\n<div class=\"wp-block-uagb-container uagb-block-cva62u4v\">\n<div class=\"wp-block-uagb-info-box uagb-block-iyh7sjbq uagb-infobox__content-wrap  uagb-infobox-icon-above-title uagb-infobox-image-valign-top\"><div class=\"uagb-ifb-content\"><div class=\"uagb-ifb-title-wrap\"><h3 class=\"uagb-ifb-title\">Servicios de facturaci\u00f3n<\/h3><\/div><p class=\"uagb-ifb-desc\">Nos encargamos de todo el ciclo de facturaci\u00f3n y reembolso de las actividades de interceptaci\u00f3n legal, haciendo un seguimiento autom\u00e1tico de los eventos, calculando los costes seg\u00fan los marcos aplicables y gestionando la generaci\u00f3n de facturas y el cobro de pagos con los organismos encargados de hacer cumplir la ley en distintas jurisdicciones.<\/p><\/div><\/div>\n<\/div>\n<\/div>\n<\/div><\/div>\n\n\n\n<div class=\"wp-block-group alignfull is-layout-flow wp-block-group-is-layout-flow\" style=\"padding-top:0;padding-right:0;padding-bottom:0;padding-left:0\">\n<div style=\"background: linear-gradient(135deg, #0f1923 0%, #1a2940 100%); padding: 80px 20px; position: relative;\">\n  <div style=\"position: absolute; top: 0; left: 0; right: 0; height: 3px; background: linear-gradient(90deg, #e94560, #ff6b35, #e94560);\"><\/div>\n  <div style=\"max-width: 1000px; margin: 0 auto;\">\n    <p style=\"color: #e94560; font-size: 13px; font-weight: 700; letter-spacing: 3px; text-transform: uppercase; margin-bottom: 8px; text-align: center;\">Fecha l\u00edmite de cumplimiento: 18 de agosto de 2026<\/p>\n    <h2 style=\"color: #ffffff; font-size: 34px; font-weight: 700; margin-bottom: 20px; line-height: 1.3; text-align: center;\">Cumplimiento de e-Evidence para proveedores de telecomunicaciones<\/h2>\n    <p style=\"color: #b0b8c8; font-size: 17px; line-height: 1.7; margin-bottom: 30px; text-align: center;\">En virtud del Reglamento 2023\/1543 de la UE, los operadores de telecomunicaciones entran expl\u00edcitamente en su \u00e1mbito de aplicaci\u00f3n como proveedores de servicios de comunicaciones electr\u00f3nicas. Las autoridades policiales de toda Europa pueden ahora emitir \u00f3rdenes europeas de presentaci\u00f3n (EPOC) y \u00f3rdenes de conservaci\u00f3n (EPOC-PR) directamente a las empresas de telecomunicaciones, exigiendo la divulgaci\u00f3n de datos de abonados, registros de acceso, CDR e incluso datos de contenido dentro de plazos estrictos.<\/p>\n    \n    <div style=\"display: grid; grid-template-columns: repeat(auto-fit, minmax(280px, 1fr)); gap: 25px; margin-bottom: 35px;\">\n      <div style=\"background: rgba(255,255,255,0.04); border-radius: 8px; padding: 28px; border: 1px solid rgba(255,255,255,0.08);\">\n        <h3 style=\"color: #ffffff; font-size: 20px; font-weight: 600; margin-bottom: 12px;\">Categor\u00edas de datos de telecomunicaciones en EPOC<\/h3>\n        <p style=\"color: #8892a4; font-size: 15px; line-height: 1.6; margin: 0;\">Sus registros de abonado (MSISDN, IMSI, datos de cliente), datos de acceso (registros IP, cell-ID, marcas de tiempo de inicio de sesi\u00f3n), datos transaccionales (CDR, registros de facturaci\u00f3n) y datos de contenido entran todos en las cuatro categor\u00edas de datos EPOC. ICS asigna autom\u00e1ticamente sus datos BSS\/OSS existentes a la normativa.<\/p>\n      <\/div>\n      <div style=\"background: rgba(255,255,255,0.04); border-radius: 8px; padding: 28px; border: 1px solid rgba(255,255,255,0.08);\">\n        <h3 style=\"color: #ffffff; font-size: 20px; font-weight: 600; margin-bottom: 12px;\">Ampl\u00eda la infraestructura de LI existente<\/h3>\n        <p style=\"color: #8892a4; font-size: 15px; line-height: 1.6; margin: 0;\">ICS e-Evidence se integra directamente con su LIMS y su plataforma de mediaci\u00f3n de LI existentes. Sin silos separados. La misma arquitectura compatible con ETSI que ya utiliza para la interceptaci\u00f3n legal gestiona ahora los pedidos de e-Evidence, con extracci\u00f3n automatizada de datos de sus sistemas de provisi\u00f3n y CDR.<\/p>\n      <\/div>\n      <div style=\"background: rgba(255,255,255,0.04); border-radius: 8px; padding: 28px; border: 1px solid rgba(255,255,255,0.08);\">\n        <h3 style=\"color: #ffffff; font-size: 20px; font-weight: 600; margin-bottom: 12px;\">Dise\u00f1ado para el volumen de las empresas de telecomunicaciones<\/h3>\n        <p style=\"color: #8892a4; font-size: 15px; line-height: 1.6; margin: 0;\">Las empresas de telecomunicaciones que atienden a millones de abonados se enfrentar\u00e1n a grandes vol\u00famenes de pedidos de EPOC. Nuestro motor de automatizaci\u00f3n gestiona el procesamiento masivo, la integraci\u00f3n API con BSS\/OSS y la preparaci\u00f3n operativa 24\/7, incluido el SLA de respuesta de emergencia de 8 horas para casos de terrorismo y amenaza inminente.<\/p>\n      <\/div>\n      <div style=\"background: rgba(255,255,255,0.04); border-radius: 8px; padding: 28px; border: 1px solid rgba(255,255,255,0.08);\">\n        <h3 style=\"color: #ffffff; font-size: 20px; font-weight: 600; margin-bottom: 12px;\">Siguiente capa de conformidad en TKG\/TK\u00dcV<\/h3>\n        <p style=\"color: #8892a4; font-size: 15px; line-height: 1.6; margin: 0;\">Ya cumple con TKG \u00a7170ff, TR TK\u00dcV y Vorratsdatenspeicherung\/Quick-Freeze. e-Evidence es el siguiente nivel de cumplimiento obligatorio. ICS la presenta como una extensi\u00f3n natural de lo que ya tiene, no como un sistema independiente que gestionar.<\/p>\n      <\/div>\n    <\/div>\n    \n    <div style=\"text-align: center;\">\n      <a href=\"\/es\/soluciones\/e-conformidad-de-las-pruebas\/\" style=\"display: inline-block; background: #e94560; color: #ffffff; padding: 15px 36px; border-radius: 4px; text-decoration: none; font-weight: 600; font-size: 16px;\">M\u00e1s informaci\u00f3n sobre e-Evidence para empresas de telecomunicaciones<\/a>\n    <\/div>\n  <\/div>\n<\/div>\n<\/div>\n\n\n\n<div class=\"wp-block-uagb-container uagb-block-g2drhzrc alignfull uagb-is-root-container\"><div class=\"uagb-container-inner-blocks-wrap\">\n<div class=\"wp-block-uagb-info-box uagb-block-ljqw0ixd uagb-infobox__content-wrap  uagb-infobox-icon-above-title uagb-infobox-image-valign-top\"><div class=\"uagb-ifb-content\"><div class=\"uagb-ifb-title-wrap\"><h2 class=\"uagb-ifb-title\">Por qu\u00e9 las telecos eligen ICS para la interceptaci\u00f3n legal<\/h2><\/div><\/div><\/div>\n\n\n\n<div class=\"wp-block-uagb-container uagb-block-6tcuhtpz\">\n<div class=\"wp-block-uagb-info-box uagb-block-8pg020ul uagb-infobox__content-wrap  uagb-infobox-icon-above-title uagb-infobox-image-valign-top\"><div class=\"uagb-ifb-content\"><div class=\"uagb-ifb-title-wrap\"><p class=\"uagb-ifb-title\">Los operadores de telecomunicaciones necesitan soluciones de interceptaci\u00f3n legal que funcionen de forma fiable en diversas tecnolog\u00edas de red, cumplan m\u00faltiples marcos normativos y se adapten a operaciones de peque\u00f1o a gran volumen. ICS combina una amplia experiencia en normas ETSI y 3GPP con conocimientos pr\u00e1cticos de implementaci\u00f3n en entornos fijos, m\u00f3viles, IP y OTT.<\/p><\/div><p class=\"uagb-ifb-desc\">Tanto si necesita un servicio gestionado completo, una integraci\u00f3n personalizada con sistemas heredados, plataformas de software independientes o asistencia de consultor\u00eda especializada, adaptamos nuestras soluciones a sus requisitos espec\u00edficos. Nuestro equipo trabaja directamente con operadores, reguladores y organismos encargados de hacer cumplir la ley, lo que nos aporta la experiencia interfuncional necesaria para ofrecer implantaciones de LI conformes y listas para auditor\u00edas.<\/p><\/div><\/div>\n\n\n\n<div class=\"wp-block-uagb-container uagb-block-wbeleqcl\">\n<div class=\"wp-block-uagb-info-box uagb-block-u32x3gei uagb-infobox__content-wrap  uagb-infobox-icon-left-title uagb-infobox-left uagb-infobox-image-valign-middle\"><div class=\"uagb-ifb-content\"><div class=\"uagb-ifb-left-title-image\"><div class=\"uagb-ifb-icon-wrap\"><svg xmlns=\"https:\/\/www.w3.org\/2000\/svg\" viewbox=\"0 0 448 512\"><path d=\"M438.6 105.4C451.1 117.9 451.1 138.1 438.6 150.6L182.6 406.6C170.1 419.1 149.9 419.1 137.4 406.6L9.372 278.6C-3.124 266.1-3.124 245.9 9.372 233.4C21.87 220.9 42.13 220.9 54.63 233.4L159.1 338.7L393.4 105.4C405.9 92.88 426.1 92.88 438.6 105.4H438.6z\"><\/path><\/svg><\/div><div class=\"uagb-ifb-title-wrap\"><p class=\"uagb-ifb-title\">Soluciones basadas en la innovaci\u00f3n<\/p><\/div><\/div><p class=\"uagb-ifb-desc\">Nuestra arquitectura modular le permite empezar con funciones b\u00e1sicas y ampliarlas a medida que evolucionan sus necesidades. Todas las soluciones siguen los modelos de referencia ETSI y 3GPP, lo que garantiza la interoperabilidad, la garant\u00eda de futuro y la alineaci\u00f3n con las mejores pr\u00e1cticas internacionales.<\/p><div class=\"uagb-ifb-separator\"><\/div><\/div><\/div>\n\n\n\n<div class=\"wp-block-uagb-info-box uagb-block-wxv9ztrl uagb-infobox__content-wrap  uagb-infobox-icon-left-title uagb-infobox-left uagb-infobox-image-valign-middle\"><div class=\"uagb-ifb-content\"><div class=\"uagb-ifb-left-title-image\"><div class=\"uagb-ifb-icon-wrap\"><svg xmlns=\"https:\/\/www.w3.org\/2000\/svg\" viewbox=\"0 0 448 512\"><path d=\"M438.6 105.4C451.1 117.9 451.1 138.1 438.6 150.6L182.6 406.6C170.1 419.1 149.9 419.1 137.4 406.6L9.372 278.6C-3.124 266.1-3.124 245.9 9.372 233.4C21.87 220.9 42.13 220.9 54.63 233.4L159.1 338.7L393.4 105.4C405.9 92.88 426.1 92.88 438.6 105.4H438.6z\"><\/path><\/svg><\/div><div class=\"uagb-ifb-title-wrap\"><p class=\"uagb-ifb-title\">Enfoque personalizado<\/p><\/div><\/div><p class=\"uagb-ifb-desc\">Cada operador tiene diferentes topolog\u00edas de red, carteras de servicios y contextos normativos. Adaptamos los despliegues a su entorno espec\u00edfico, ya sea mediante la integraci\u00f3n con n\u00facleos de varios proveedores, la compatibilidad con requisitos nacionales \u00fanicos o la adaptaci\u00f3n a tipos de servicios especializados.<\/p><div class=\"uagb-ifb-separator\"><\/div><\/div><\/div>\n\n\n\n<div class=\"wp-block-uagb-info-box uagb-block-1xtpl6ce uagb-infobox__content-wrap  uagb-infobox-icon-left-title uagb-infobox-left uagb-infobox-image-valign-middle\"><div class=\"uagb-ifb-content\"><div class=\"uagb-ifb-left-title-image\"><div class=\"uagb-ifb-icon-wrap\"><svg xmlns=\"https:\/\/www.w3.org\/2000\/svg\" viewbox=\"0 0 448 512\"><path d=\"M438.6 105.4C451.1 117.9 451.1 138.1 438.6 150.6L182.6 406.6C170.1 419.1 149.9 419.1 137.4 406.6L9.372 278.6C-3.124 266.1-3.124 245.9 9.372 233.4C21.87 220.9 42.13 220.9 54.63 233.4L159.1 338.7L393.4 105.4C405.9 92.88 426.1 92.88 438.6 105.4H438.6z\"><\/path><\/svg><\/div><div class=\"uagb-ifb-title-wrap\"><p class=\"uagb-ifb-title\">Servicio de atenci\u00f3n al cliente superior<\/p><\/div><\/div><p class=\"uagb-ifb-desc\">Desde la evaluaci\u00f3n inicial hasta la asistencia a largo plazo, nuestro equipo ofrece asistencia con capacidad de respuesta para problemas t\u00e9cnicos, cuestiones normativas y retos operativos. Somos su socio para mantener una interceptaci\u00f3n legal fiable y conforme a la normativa a medida que evolucionan su red y sus servicios.<\/p><div class=\"uagb-ifb-separator\"><\/div><\/div><\/div>\n<\/div>\n<\/div>\n<\/div><\/div>","protected":false},"excerpt":{"rendered":"<p>Compliance Deadline: August 18, 2026 e-Evidence Compliance for Telecommunications Providers Under EU Regulation 2023\/1543, telecommunications operators are explicitly in scope [&hellip;]<\/p>\n","protected":false},"author":2,"featured_media":0,"parent":1432,"menu_order":0,"comment_status":"closed","ping_status":"closed","template":"","meta":{"_uag_custom_page_level_css":"","site-sidebar-layout":"default","site-content-layout":"","ast-site-content-layout":"default","site-content-style":"default","site-sidebar-style":"default","ast-global-header-display":"","ast-banner-title-visibility":"","ast-main-header-display":"","ast-hfb-above-header-display":"","ast-hfb-below-header-display":"","ast-hfb-mobile-header-display":"","site-post-title":"disabled","ast-breadcrumbs-content":"","ast-featured-img":"","footer-sml-layout":"","ast-disable-related-posts":"","theme-transparent-header-meta":"","adv-header-id-meta":"","stick-header-meta":"","header-above-stick-meta":"","header-main-stick-meta":"","header-below-stick-meta":"","astra-migrate-meta-layouts":"default","ast-page-background-enabled":"default","ast-page-background-meta":{"desktop":{"background-color":"var(--ast-global-color-5)","background-image":"","background-repeat":"repeat","background-position":"center center","background-size":"auto","background-attachment":"scroll","background-type":"","background-media":"","overlay-type":"","overlay-color":"","overlay-opacity":"","overlay-gradient":""},"tablet":{"background-color":"","background-image":"","background-repeat":"repeat","background-position":"center center","background-size":"auto","background-attachment":"scroll","background-type":"","background-media":"","overlay-type":"","overlay-color":"","overlay-opacity":"","overlay-gradient":""},"mobile":{"background-color":"","background-image":"","background-repeat":"repeat","background-position":"center center","background-size":"auto","background-attachment":"scroll","background-type":"","background-media":"","overlay-type":"","overlay-color":"","overlay-opacity":"","overlay-gradient":""}},"ast-content-background-meta":{"desktop":{"background-color":"var(--ast-global-color-4)","background-image":"","background-repeat":"repeat","background-position":"center center","background-size":"auto","background-attachment":"scroll","background-type":"","background-media":"","overlay-type":"","overlay-color":"","overlay-opacity":"","overlay-gradient":""},"tablet":{"background-color":"var(--ast-global-color-4)","background-image":"","background-repeat":"repeat","background-position":"center center","background-size":"auto","background-attachment":"scroll","background-type":"","background-media":"","overlay-type":"","overlay-color":"","overlay-opacity":"","overlay-gradient":""},"mobile":{"background-color":"var(--ast-global-color-4)","background-image":"","background-repeat":"repeat","background-position":"center center","background-size":"auto","background-attachment":"scroll","background-type":"","background-media":"","overlay-type":"","overlay-color":"","overlay-opacity":"","overlay-gradient":""}},"footnotes":""},"class_list":["post-1434","page","type-page","status-publish","hentry"],"uagb_featured_image_src":{"full":false,"thumbnail":false,"medium":false,"medium_large":false,"large":false,"1536x1536":false,"2048x2048":false,"trp-custom-language-flag":false},"uagb_author_info":{"display_name":"chatgpt","author_link":"https:\/\/ic-services.io\/es\/author\/chatgpt\/"},"uagb_comment_info":0,"uagb_excerpt":"Compliance Deadline: August 18, 2026 e-Evidence Compliance for Telecommunications Providers Under EU Regulation 2023\/1543, telecommunications operators are explicitly in scope [&hellip;]","_links":{"self":[{"href":"https:\/\/ic-services.io\/es\/wp-json\/wp\/v2\/pages\/1434","targetHints":{"allow":["GET"]}}],"collection":[{"href":"https:\/\/ic-services.io\/es\/wp-json\/wp\/v2\/pages"}],"about":[{"href":"https:\/\/ic-services.io\/es\/wp-json\/wp\/v2\/types\/page"}],"author":[{"embeddable":true,"href":"https:\/\/ic-services.io\/es\/wp-json\/wp\/v2\/users\/2"}],"replies":[{"embeddable":true,"href":"https:\/\/ic-services.io\/es\/wp-json\/wp\/v2\/comments?post=1434"}],"version-history":[{"count":9,"href":"https:\/\/ic-services.io\/es\/wp-json\/wp\/v2\/pages\/1434\/revisions"}],"predecessor-version":[{"id":2296,"href":"https:\/\/ic-services.io\/es\/wp-json\/wp\/v2\/pages\/1434\/revisions\/2296"}],"up":[{"embeddable":true,"href":"https:\/\/ic-services.io\/es\/wp-json\/wp\/v2\/pages\/1432"}],"wp:attachment":[{"href":"https:\/\/ic-services.io\/es\/wp-json\/wp\/v2\/media?parent=1434"}],"curies":[{"name":"wp","href":"https:\/\/api.w.org\/{rel}","templated":true}]}}