{"id":1478,"date":"2026-01-30T11:38:22","date_gmt":"2026-01-30T10:38:22","guid":{"rendered":"https:\/\/dev.ic-services.io\/?page_id=1478"},"modified":"2026-03-15T20:23:17","modified_gmt":"2026-03-15T19:23:17","slug":"automocion","status":"publish","type":"page","link":"https:\/\/ic-services.io\/es\/industries\/automotive\/","title":{"rendered":"Automoci\u00f3n"},"content":{"rendered":"<div class=\"wp-block-uagb-container uagb-block-ep9sklms alignfull uagb-is-root-container\"><div class=\"uagb-container-inner-blocks-wrap\">\n<div class=\"wp-block-uagb-info-box uagb-block-yvwi3mtt uagb-infobox__content-wrap  uagb-infobox-icon-above-title uagb-infobox-image-valign-top\"><div class=\"uagb-ifb-content\"><div class=\"uagb-ifb-title-wrap\"><p class=\"uagb-ifb-title-prefix\">Interceptaci\u00f3n legal para automoci\u00f3n<\/p><h2 class=\"uagb-ifb-title translation-block\">ICS ayuda a los fabricantes de equipos originales de automoci\u00f3n y a los proveedores de movilidad a implantar capacidades de interceptaci\u00f3n y divulgaci\u00f3n <strong>con conocimiento de la privacidad<\/strong> que cumplen la norma ETSI TR 103 854 y los requisitos normativos emergentes para veh\u00edculos conectados.<\/h2><\/div><p class=\"uagb-ifb-desc\">Los veh\u00edculos conectados modernos generan una gran cantidad de datos telem\u00e1ticos, de localizaci\u00f3n y de diagn\u00f3stico a los que las fuerzas y cuerpos de seguridad quieren acceder cada vez m\u00e1s en sus investigaciones criminales. Con ETSI TR 103 854, Europa dispone ahora de un marco t\u00e9cnico para interfaces estandarizadas y auditables entre los titulares de los datos de los veh\u00edculos y las autoridades, que abarca casos de uso como el mapeo VIN-to-IMEI\/IMSI, la localizaci\u00f3n de veh\u00edculos y la divulgaci\u00f3n de datos de veh\u00edculos. ICS proporciona plataformas de interceptaci\u00f3n y divulgaci\u00f3n de calidad de operador que extienden estos principios al mundo del autom\u00f3vil, permitiendo a los fabricantes y a las plataformas de movilidad responder a las solicitudes legales de forma eficiente, segura y conforme a las leyes nacionales.<\/p><\/div><\/div>\n\n\n\n<div class=\"wp-block-uagb-container uagb-block-2fw462qi\">\n<div class=\"wp-block-uagb-container uagb-block-4hoonbs1\">\n<div class=\"wp-block-uagb-container uagb-block-z3a3v1uz\">\n<div class=\"wp-block-uagb-advanced-heading uagb-block-2xcyoeyx\"><h3 class=\"uagb-heading-text\">Planteamiento del problema (privacidad y cumplimiento)<\/h3><\/div>\n<\/div>\n\n\n\n<div class=\"wp-block-uagb-container uagb-block-2yx9jfdi\">\n<div class=\"wp-block-uagb-advanced-heading uagb-block-8nky4qft\"><p class=\"uagb-heading-text\">Los coches conectados se comportan como dispositivos IoT en red: las SIM integradas interact\u00faan continuamente con las redes m\u00f3viles, lo que hace t\u00e9cnicamente posible rastrear veh\u00edculos, correlacionar n\u00fameros de bastidor con identificadores IMEI\/IMSI y reconstruir historiales de conducci\u00f3n. Al mismo tiempo, los conductores esperan una fuerte protecci\u00f3n de su intimidad y una estricta limitaci\u00f3n de la vigilancia, como pone de manifiesto la preocupaci\u00f3n de la sociedad civil por la transferencia de funciones de sistemas vitales como eCall al seguimiento generalizado de veh\u00edculos. Por lo tanto, los fabricantes de autom\u00f3viles se enfrentan a un doble reto: deben ser capaces de apoyar las investigaciones leg\u00edtimas y las solicitudes transfronterizas, minimizando al mismo tiempo la exposici\u00f3n de los datos, aplicando la limitaci\u00f3n de los fines y garantizando la plena transparencia y auditabilidad.<\/p><\/div>\n<\/div>\n<\/div>\n\n\n\n<div class=\"wp-block-uagb-container uagb-block-av61gljh\">\n<div class=\"wp-block-uagb-container uagb-block-7nvv1bus\">\n<div class=\"wp-block-uagb-advanced-heading uagb-block-qmjwizjd\"><h3 class=\"uagb-heading-text\">ETSI TR 103 854 en automoci\u00f3n<\/h3><\/div>\n<\/div>\n\n\n\n<div class=\"wp-block-uagb-container uagb-block-zpzqmrjo\">\n<div class=\"wp-block-uagb-advanced-heading uagb-block-tpk07ehe\"><p class=\"uagb-heading-text\">ETSI TR 103 854 define un modelo de referencia y una interfaz para las solicitudes de los organismos encargados de la aplicaci\u00f3n de la ley (LEA) a las organizaciones que poseen datos relacionados con los veh\u00edculos, denominados sistemas de procesamiento de respuestas (RPS). Describe casos de uso concretos como VIN-to-IMEI, IMEI-to-VIN, VIN-to-IMSI, VIN-to-location y VIN-to-vehicle-data, adem\u00e1s de recomendaciones para intercambios de solicitud\/respuesta basados en HTTPS y dirigidos por esquemas en XML o JSON. El informe tambi\u00e9n introduce categor\u00edas de datos (identificaci\u00f3n, localizaci\u00f3n, ruta, comportamiento al volante, estado de los componentes, detalles del cliente y m\u00e1s) y hace hincapi\u00e9 en la claridad, eficiencia, auditabilidad, seguridad y privacidad en cada flujo de trabajo de divulgaci\u00f3n.<\/p><\/div>\n<\/div>\n<\/div>\n<\/div>\n<\/div><\/div>\n\n\n\n<div class=\"wp-block-uagb-container uagb-block-bxejflgc alignfull uagb-is-root-container\">\n<div class=\"wp-block-uagb-container uagb-block-id1c6o0j\">\n<div class=\"wp-block-uagb-info-box uagb-block-fog0fshn uagb-infobox__content-wrap  uagb-infobox-icon-above-title uagb-infobox-image-valign-top\"><div class=\"uagb-ifb-content\"><div class=\"uagb-ifb-title-wrap\"><h1 class=\"uagb-ifb-title\">Qu\u00e9 ofrece ICS a los fabricantes de autom\u00f3viles<\/h1><\/div><\/div><\/div>\n\n\n\n<div class=\"wp-block-uagb-container uagb-block-mi9rrrzo\">\n<div class=\"wp-block-uagb-info-box uagb-block-5f5rmiz2 uagb-infobox__content-wrap  uagb-infobox-icon-above-title uagb-infobox-image-valign-top\"><div class=\"uagb-ifb-content\"><div class=\"uagb-ifb-title-wrap\"><\/div><p class=\"uagb-ifb-desc\">ICS adapta la tecnolog\u00eda de interceptaci\u00f3n legal y divulgaci\u00f3n legal de grado de telecomunicaciones a las necesidades espec\u00edficas de los veh\u00edculos conectados y los backends de veh\u00edculos ampliados. Nuestras soluciones le ayudan a implementar una capa RPS alineada con ETSI TR 103 854 que puede:<\/p><\/div><\/div>\n\n\n\n<div class=\"wp-block-uagb-buttons uagb-buttons__outer-wrap uagb-btn__default-btn uagb-btn-tablet__default-btn uagb-btn-mobile__default-btn uagb-block-mlrouv8s\"><div class=\"uagb-buttons__wrap uagb-buttons-layout-wrap\">\n<div class=\"wp-block-uagb-buttons-child uagb-buttons__outer-wrap uagb-block-ts8fjoq6 wp-block-button\"><div class=\"uagb-button__wrapper\"><a class=\"uagb-buttons-repeater wp-block-button__link\" aria-label=\"\" href=\"\/es\/pongase-en-contacto-con\/\" rel=\"follow noopener\" target=\"_self\" role=\"button\"><div class=\"uagb-button__link\">Hable con un experto<\/div><\/a><\/div><\/div>\n<\/div><\/div>\n<\/div>\n<\/div>\n\n\n\n<div class=\"wp-block-uagb-container uagb-block-40828fa6\">\n<div class=\"wp-block-uagb-image uagb-block-068a331b wp-block-uagb-image--layout-default wp-block-uagb-image--effect-static wp-block-uagb-image--align-none\"><figure class=\"wp-block-uagb-image__figure\"><img decoding=\"async\" srcset=\"https:\/\/ic-services.io\/wp-content\/uploads\/2026\/01\/pexels-photo-3757226-3757226-1024x683.jpg ,https:\/\/ic-services.io\/wp-content\/uploads\/2026\/01\/pexels-photo-3757226-3757226-scaled.jpg 780w, https:\/\/ic-services.io\/wp-content\/uploads\/2026\/01\/pexels-photo-3757226-3757226-scaled.jpg 360w\" sizes=\"auto, (max-width: 480px) 150px\" src=\"https:\/\/ic-services.io\/wp-content\/uploads\/2026\/01\/pexels-photo-3757226-3757226-1024x683.jpg\" alt=\"Primer plano en alta resoluci\u00f3n de un motor de autom\u00f3vil que muestra intrincadas piezas mec\u00e1nicas y detalles met\u00e1licos.\" class=\"uag-image-1484\" width=\"1450\" height=\"775\" title=\"foto pexels 3757226 3757226\" loading=\"lazy\" role=\"img\"\/><\/figure><\/div>\n<\/div>\n<\/div>\n\n\n\n<div class=\"wp-block-uagb-container uagb-block-k87qsl04 alignfull uagb-is-root-container\"><div class=\"uagb-container-inner-blocks-wrap\">\n<div class=\"wp-block-uagb-info-box uagb-block-pup7tikg uagb-infobox__content-wrap  uagb-infobox-icon-above-title uagb-infobox-image-valign-top\"><div class=\"uagb-ifb-content\"><div class=\"uagb-ifb-title-wrap\"><h2 class=\"uagb-ifb-title\">Nuestros servicios potencian su marca<\/h2><\/div><p class=\"uagb-ifb-desc\">Explore la gama de servicios que ofrecemos para elevar su negocio.<\/p><\/div><\/div>\n\n\n\n<div class=\"wp-block-uagb-container uagb-layout-grid uagb-block-tenzvery\">\n<div class=\"wp-block-uagb-container uagb-block-4ksgwu32\">\n<div class=\"wp-block-uagb-info-box uagb-block-jlbngmqt uagb-infobox__content-wrap  uagb-infobox-icon-above-title uagb-infobox-image-valign-top\"><div class=\"uagb-ifb-content\"><div class=\"uagb-ifb-title-wrap\"><h3 class=\"uagb-ifb-title\">VIN a IMEI\/IMSI<\/h3><\/div><p class=\"uagb-ifb-desc\">Organice la resoluci\u00f3n de VIN a IMEI\/IMSI y otras correspondencias de identificadores en fuentes de datos de OEM, telem\u00e1tica y telecomunicaciones.<\/p><\/div><\/div>\n<\/div>\n\n\n\n<div class=\"wp-block-uagb-container uagb-block-tnupfwf4\">\n<div class=\"wp-block-uagb-info-box uagb-block-vfnabhd6 uagb-infobox__content-wrap  uagb-infobox-icon-above-title uagb-infobox-image-valign-top\"><div class=\"uagb-ifb-content\"><div class=\"uagb-ifb-title-wrap\"><h3 class=\"uagb-ifb-title\">Gestionar las solicitudes de las LEA<\/h3><\/div><p class=\"uagb-ifb-desc\">Acepte, valide y registre las solicitudes de LEA, incluidas las referencias de autorizaci\u00f3n, las prioridades y los intervalos de tiempo, y devuelva \u00fanicamente los datos que coincidan con un mandato claro y legal.<\/p><\/div><\/div>\n<\/div>\n\n\n\n<div class=\"wp-block-uagb-container uagb-block-anjtjmyj\">\n<div class=\"wp-block-uagb-info-box uagb-block-t5q8sn84 uagb-infobox__content-wrap  uagb-infobox-icon-above-title uagb-infobox-image-valign-top\"><div class=\"uagb-ifb-content\"><div class=\"uagb-ifb-title-wrap\"><h3 class=\"uagb-ifb-title\">Traspaso seguro<\/h3><\/div><p class=\"uagb-ifb-desc\">Entregar respuestas a trav\u00e9s de interfaces HTTPS seguras utilizando estructuras de datos y categor\u00edas estandarizadas, listas para su uso como pruebas.<\/p><\/div><\/div>\n<\/div>\n\n\n\n<div class=\"wp-block-uagb-container uagb-block-kkmh5ymw\">\n<div class=\"wp-block-uagb-info-box uagb-block-luw5rbiq uagb-infobox__content-wrap  uagb-infobox-icon-above-title uagb-infobox-image-valign-top\"><div class=\"uagb-ifb-content\"><div class=\"uagb-ifb-title-wrap\"><h3 class=\"uagb-ifb-title\">Protecci\u00f3n de datos<\/h3><\/div><p class=\"uagb-ifb-desc\">Aplique pol\u00edticas configurables de retenci\u00f3n, minimizaci\u00f3n y enmascaramiento para reducir el impacto sobre la privacidad y cumplir las normas nacionales y de la UE sobre protecci\u00f3n de datos.<\/p><\/div><\/div>\n<\/div>\n\n\n\n<div class=\"wp-block-uagb-container uagb-block-hojqaaor\">\n<div class=\"wp-block-uagb-info-box uagb-block-fferdmlg uagb-infobox__content-wrap  uagb-infobox-icon-above-title uagb-infobox-image-valign-top\"><div class=\"uagb-ifb-content\"><div class=\"uagb-ifb-title-wrap\"><h3 class=\"uagb-ifb-title\">Auditor\u00eda e informes<\/h3><\/div><p class=\"uagb-ifb-desc\">Apoyar los escenarios de auditor\u00eda, informaci\u00f3n y cooperaci\u00f3n transfronteriza previstos en las iniciativas europeas de orden de fabricaci\u00f3n y prueba electr\u00f3nica.<\/p><\/div><\/div>\n<\/div>\n\n\n\n<div class=\"wp-block-uagb-container uagb-block-bb7rmdy7\">\n<div class=\"wp-block-uagb-info-box uagb-block-2bpn0v1w uagb-infobox__content-wrap  uagb-infobox-icon-above-title uagb-infobox-image-valign-top\"><div class=\"uagb-ifb-content\"><div class=\"uagb-ifb-title-wrap\"><h3 class=\"uagb-ifb-title\">Ventajas para su organizaci\u00f3n<\/h3><\/div><p class=\"uagb-ifb-desc\">Al asociarse con ICS, los fabricantes de autom\u00f3viles y los proveedores de movilidad pueden hacer operativas la interceptaci\u00f3n y la divulgaci\u00f3n legales sin necesidad de crear infraestructuras a medida por pa\u00eds o por LEA. Se obtiene una capacidad coherente y basada en est\u00e1ndares para responder a las solicitudes leg\u00edtimas de investigaci\u00f3n, reducir el riesgo legal y de reputaci\u00f3n en torno a la vigilancia de veh\u00edculos y demostrar a los reguladores y defensores de la privacidad que el cumplimiento y los derechos de los conductores est\u00e1n integrados en el dise\u00f1o.<\/p><\/div><\/div>\n<\/div>\n<\/div>\n<\/div><\/div>","protected":false},"excerpt":{"rendered":"<p>Problem statement (privacy &amp; compliance) Connected cars behave like networked IoT devices: embedded SIMs continuously interact with mobile networks, making [&hellip;]<\/p>\n","protected":false},"author":1,"featured_media":0,"parent":1432,"menu_order":0,"comment_status":"closed","ping_status":"closed","template":"","meta":{"_uag_custom_page_level_css":"","site-sidebar-layout":"default","site-content-layout":"","ast-site-content-layout":"default","site-content-style":"default","site-sidebar-style":"default","ast-global-header-display":"","ast-banner-title-visibility":"","ast-main-header-display":"","ast-hfb-above-header-display":"","ast-hfb-below-header-display":"","ast-hfb-mobile-header-display":"","site-post-title":"disabled","ast-breadcrumbs-content":"","ast-featured-img":"","footer-sml-layout":"","ast-disable-related-posts":"","theme-transparent-header-meta":"default","adv-header-id-meta":"","stick-header-meta":"","header-above-stick-meta":"","header-main-stick-meta":"","header-below-stick-meta":"","astra-migrate-meta-layouts":"default","ast-page-background-enabled":"default","ast-page-background-meta":{"desktop":{"background-color":"var(--ast-global-color-5)","background-image":"","background-repeat":"repeat","background-position":"center center","background-size":"auto","background-attachment":"scroll","background-type":"","background-media":"","overlay-type":"","overlay-color":"","overlay-opacity":"","overlay-gradient":""},"tablet":{"background-color":"","background-image":"","background-repeat":"repeat","background-position":"center center","background-size":"auto","background-attachment":"scroll","background-type":"","background-media":"","overlay-type":"","overlay-color":"","overlay-opacity":"","overlay-gradient":""},"mobile":{"background-color":"","background-image":"","background-repeat":"repeat","background-position":"center center","background-size":"auto","background-attachment":"scroll","background-type":"","background-media":"","overlay-type":"","overlay-color":"","overlay-opacity":"","overlay-gradient":""}},"ast-content-background-meta":{"desktop":{"background-color":"var(--ast-global-color-4)","background-image":"","background-repeat":"repeat","background-position":"center center","background-size":"auto","background-attachment":"scroll","background-type":"","background-media":"","overlay-type":"","overlay-color":"","overlay-opacity":"","overlay-gradient":""},"tablet":{"background-color":"var(--ast-global-color-4)","background-image":"","background-repeat":"repeat","background-position":"center center","background-size":"auto","background-attachment":"scroll","background-type":"","background-media":"","overlay-type":"","overlay-color":"","overlay-opacity":"","overlay-gradient":""},"mobile":{"background-color":"var(--ast-global-color-4)","background-image":"","background-repeat":"repeat","background-position":"center center","background-size":"auto","background-attachment":"scroll","background-type":"","background-media":"","overlay-type":"","overlay-color":"","overlay-opacity":"","overlay-gradient":""}},"footnotes":""},"class_list":["post-1478","page","type-page","status-publish","hentry"],"uagb_featured_image_src":{"full":false,"thumbnail":false,"medium":false,"medium_large":false,"large":false,"1536x1536":false,"2048x2048":false,"trp-custom-language-flag":false},"uagb_author_info":{"display_name":"ICS Team","author_link":"https:\/\/ic-services.io\/es\/author\/operations_q0xnxjbe\/"},"uagb_comment_info":0,"uagb_excerpt":"Problem statement (privacy &amp; compliance) Connected cars behave like networked IoT devices: embedded SIMs continuously interact with mobile networks, making [&hellip;]","_links":{"self":[{"href":"https:\/\/ic-services.io\/es\/wp-json\/wp\/v2\/pages\/1478","targetHints":{"allow":["GET"]}}],"collection":[{"href":"https:\/\/ic-services.io\/es\/wp-json\/wp\/v2\/pages"}],"about":[{"href":"https:\/\/ic-services.io\/es\/wp-json\/wp\/v2\/types\/page"}],"author":[{"embeddable":true,"href":"https:\/\/ic-services.io\/es\/wp-json\/wp\/v2\/users\/1"}],"replies":[{"embeddable":true,"href":"https:\/\/ic-services.io\/es\/wp-json\/wp\/v2\/comments?post=1478"}],"version-history":[{"count":8,"href":"https:\/\/ic-services.io\/es\/wp-json\/wp\/v2\/pages\/1478\/revisions"}],"predecessor-version":[{"id":1965,"href":"https:\/\/ic-services.io\/es\/wp-json\/wp\/v2\/pages\/1478\/revisions\/1965"}],"up":[{"embeddable":true,"href":"https:\/\/ic-services.io\/es\/wp-json\/wp\/v2\/pages\/1432"}],"wp:attachment":[{"href":"https:\/\/ic-services.io\/es\/wp-json\/wp\/v2\/media?parent=1478"}],"curies":[{"name":"wp","href":"https:\/\/api.w.org\/{rel}","templated":true}]}}