{"id":2300,"date":"2026-04-10T12:15:39","date_gmt":"2026-04-10T11:15:39","guid":{"rendered":"https:\/\/ic-services.io\/products\/e-evidence-platform\/"},"modified":"2026-04-10T12:15:39","modified_gmt":"2026-04-10T11:15:39","slug":"e-plataforma-de-pruebas","status":"publish","type":"page","link":"https:\/\/ic-services.io\/es\/products\/e-evidence-platform\/","title":{"rendered":"Plataforma de conformidad e-Evidence"},"content":{"rendered":"<div class=\"wp-block-group alignfull is-layout-flow wp-block-group-is-layout-flow\" style=\"padding-top:0;padding-right:0;padding-bottom:0;padding-left:0\">\n<div style=\"background: linear-gradient(135deg, #0a1628 0%, #132040 100%); padding: 80px 20px;\">\n  <div style=\"max-width: 800px; margin: 0 auto; text-align: center;\">\n    <p style=\"color: #e94560; font-size: 13px; font-weight: 700; letter-spacing: 3px; text-transform: uppercase; margin-bottom: 8px;\">Producto<\/p>\n    <h1 style=\"color: #ffffff; font-size: 42px; font-weight: 700; margin-bottom: 20px; line-height: 1.2;\">Plataforma de conformidad e-Evidence<\/h1>\n    <p style=\"color: #b0b8c8; font-size: 18px; line-height: 1.7; margin-bottom: 30px;\">Una plataforma t\u00e9cnica completa para procesar \u00f3rdenes europeas de producci\u00f3n y \u00f3rdenes de preservaci\u00f3n conforme al Reglamento 2023\/1543 de la UE. Basada en la misma arquitectura compatible con ETSI que nuestras soluciones de interceptaci\u00f3n legal.<\/p>\n    <a href=\"\/es\/pongase-en-contacto-con\/\" style=\"display: inline-block; background: #e94560; color: #ffffff; padding: 16px 40px; border-radius: 4px; text-decoration: none; font-weight: 600; font-size: 16px;\">Solicitar demostraci\u00f3n del producto<\/a>\n  <\/div>\n<\/div>\n<\/div>\n\n\n\n<h2 class=\"wp-block-heading\">Arquitectura de plataformas<\/h2>\n\n\n\n<p>La Plataforma de Cumplimiento de e-Evidencia ICS es un sistema modular que automatiza el ciclo de vida completo de las \u00d3rdenes Europeas de Presentaci\u00f3n de Documentos (EPOC) y las \u00d3rdenes de Conservaci\u00f3n (EPOC-PR) conforme al Reglamento 2023\/1543 de la UE. Se integra con su infraestructura de red y sus sistemas de conformidad existentes a trav\u00e9s de interfaces y API normalizadas.<\/p>\n\n\n\n<h3 class=\"wp-block-heading\">Pedir motor de admisi\u00f3n<\/h3>\n\n\n\n<p>El motor de recepci\u00f3n de pedidos ofrece interfaces certificadas para recibir pedidos a trav\u00e9s del sistema e-CODEX de la UE y las plataformas nacionales de notificaci\u00f3n. Los pedidos entrantes se analizan autom\u00e1ticamente, se validan con respecto a los requisitos legales y se clasifican por urgencia (est\u00e1ndar de 10 d\u00edas o de emergencia de 8 horas). Los pedidos no v\u00e1lidos o incompletos activan flujos de trabajo automatizados de objeci\u00f3n con la documentaci\u00f3n adecuada.<\/p>\n\n\n\n<h3 class=\"wp-block-heading\">M\u00f3dulo de extracci\u00f3n de datos<\/h3>\n\n\n\n<p>El m\u00f3dulo de extracci\u00f3n de datos se conecta a sus sistemas operativos a trav\u00e9s de adaptadores configurables. Los conectores predefinidos admiten plataformas BSS\/OSS comunes, repositorios CDR, sistemas CRM, infraestructura RADIUS\/DIAMETER, backends de almacenamiento en la nube y sistemas de bases de datos. Se pueden desarrollar adaptadores personalizados para sistemas propietarios o heredados. El m\u00f3dulo asigna autom\u00e1ticamente las solicitudes de categor\u00edas de datos EPOC (abonado, acceso, transaccional, contenido) a sus fuentes de datos espec\u00edficas.<\/p>\n\n\n\n<h3 class=\"wp-block-heading\">Integraci\u00f3n de e-CODEX<\/h3>\n\n\n\n<p>Toda la comunicaci\u00f3n en el marco de e-Evidence fluye a trav\u00e9s del sistema e-CODEX de la UE y las plataformas nacionales de notificaci\u00f3n. La plataforma ICS proporciona interfaces certificadas para el intercambio seguro y cifrado de \u00f3rdenes y pruebas a trav\u00e9s de estos canales legalmente obligatorios, garantizando la integridad de la cadena de custodia desde la recepci\u00f3n de la orden hasta la entrega de los datos.<\/p>\n\n\n\n<h3 class=\"wp-block-heading\">Auditor\u00eda e informes<\/h3>\n\n\n\n<p>Cada acci\u00f3n se registra en una pista de auditor\u00eda a prueba de manipulaciones: recepci\u00f3n de pedidos, validaci\u00f3n legal, decisiones de objeci\u00f3n, eventos de extracci\u00f3n de datos, comprobaciones de calidad y confirmaciones de entrega. El m\u00f3dulo de informes genera documentaci\u00f3n de cumplimiento para la gobernanza interna, las auditor\u00edas externas y las revisiones reglamentarias. Las vistas del panel de control proporcionan m\u00e9tricas operativas en tiempo real y seguimiento del cumplimiento de los acuerdos de nivel de servicio.<\/p>\n\n\n\n<h3 class=\"wp-block-heading\">Arquitectura compatible con ETSI<\/h3>\n\n\n\n<p>La plataforma se basa en la misma arquitectura conforme al ETSI que impulsa nuestras soluciones de interceptaci\u00f3n legal y retenci\u00f3n de datos. Es compatible con las interfaces de traspaso ETSI TS 102 232 y se integra con la infraestructura LI existente. Para las organizaciones que ya utilizan plataformas de mediaci\u00f3n o LIMS ICS, el m\u00f3dulo e-Evidence a\u00f1ade una nueva capa de flujo de trabajo de conformidad sin necesidad de una infraestructura independiente.<\/p>\n\n\n\n<h2 class=\"wp-block-heading\">Opciones de implantaci\u00f3n<\/h2>\n\n\n\n<p>La Plataforma de Cumplimiento e-Evidence est\u00e1 disponible como soluci\u00f3n local en su propio centro de datos, como soluci\u00f3n alojada en una infraestructura segura gestionada por ICS en la UE, o como modelo h\u00edbrido. Todas las opciones de despliegue mantienen los mismos est\u00e1ndares de seguridad, requisitos de cifrado y capacidades de auditor\u00eda exigidos por la normativa.<\/p>\n\n\n\n<div class=\"wp-block-buttons is-content-justification-center is-layout-flex wp-container-core-buttons-is-layout-a89b3969 wp-block-buttons-is-layout-flex\">\n<div class=\"wp-block-button\"><a class=\"wp-block-button__link has-white-color has-vivid-red-background-color has-text-color has-background wp-element-button\" href=\"\/es\/pongase-en-contacto-con\/\">Solicitar documentaci\u00f3n t\u00e9cnica<\/a><\/div>\n<\/div>","protected":false},"excerpt":{"rendered":"<p>Product e-Evidence Compliance Platform A complete technical platform for processing European Production Orders and Preservation Orders under EU Regulation 2023\/1543. [&hellip;]<\/p>\n","protected":false},"author":7,"featured_media":0,"parent":1315,"menu_order":0,"comment_status":"closed","ping_status":"closed","template":"","meta":{"_uag_custom_page_level_css":"","site-sidebar-layout":"default","site-content-layout":"","ast-site-content-layout":"default","site-content-style":"default","site-sidebar-style":"default","ast-global-header-display":"","ast-banner-title-visibility":"","ast-main-header-display":"","ast-hfb-above-header-display":"","ast-hfb-below-header-display":"","ast-hfb-mobile-header-display":"","site-post-title":"","ast-breadcrumbs-content":"","ast-featured-img":"","footer-sml-layout":"","ast-disable-related-posts":"","theme-transparent-header-meta":"","adv-header-id-meta":"","stick-header-meta":"","header-above-stick-meta":"","header-main-stick-meta":"","header-below-stick-meta":"","astra-migrate-meta-layouts":"default","ast-page-background-enabled":"default","ast-page-background-meta":{"desktop":{"background-color":"var(--ast-global-color-5)","background-image":"","background-repeat":"repeat","background-position":"center center","background-size":"auto","background-attachment":"scroll","background-type":"","background-media":"","overlay-type":"","overlay-color":"","overlay-opacity":"","overlay-gradient":""},"tablet":{"background-color":"","background-image":"","background-repeat":"repeat","background-position":"center center","background-size":"auto","background-attachment":"scroll","background-type":"","background-media":"","overlay-type":"","overlay-color":"","overlay-opacity":"","overlay-gradient":""},"mobile":{"background-color":"","background-image":"","background-repeat":"repeat","background-position":"center center","background-size":"auto","background-attachment":"scroll","background-type":"","background-media":"","overlay-type":"","overlay-color":"","overlay-opacity":"","overlay-gradient":""}},"ast-content-background-meta":{"desktop":{"background-color":"var(--ast-global-color-4)","background-image":"","background-repeat":"repeat","background-position":"center center","background-size":"auto","background-attachment":"scroll","background-type":"","background-media":"","overlay-type":"","overlay-color":"","overlay-opacity":"","overlay-gradient":""},"tablet":{"background-color":"var(--ast-global-color-4)","background-image":"","background-repeat":"repeat","background-position":"center center","background-size":"auto","background-attachment":"scroll","background-type":"","background-media":"","overlay-type":"","overlay-color":"","overlay-opacity":"","overlay-gradient":""},"mobile":{"background-color":"var(--ast-global-color-4)","background-image":"","background-repeat":"repeat","background-position":"center center","background-size":"auto","background-attachment":"scroll","background-type":"","background-media":"","overlay-type":"","overlay-color":"","overlay-opacity":"","overlay-gradient":""}},"footnotes":""},"class_list":["post-2300","page","type-page","status-publish","hentry"],"uagb_featured_image_src":{"full":false,"thumbnail":false,"medium":false,"medium_large":false,"large":false,"1536x1536":false,"2048x2048":false,"trp-custom-language-flag":false},"uagb_author_info":{"display_name":"David Son","author_link":"https:\/\/ic-services.io\/es\/author\/david\/"},"uagb_comment_info":0,"uagb_excerpt":"Product e-Evidence Compliance Platform A complete technical platform for processing European Production Orders and Preservation Orders under EU Regulation 2023\/1543. [&hellip;]","_links":{"self":[{"href":"https:\/\/ic-services.io\/es\/wp-json\/wp\/v2\/pages\/2300","targetHints":{"allow":["GET"]}}],"collection":[{"href":"https:\/\/ic-services.io\/es\/wp-json\/wp\/v2\/pages"}],"about":[{"href":"https:\/\/ic-services.io\/es\/wp-json\/wp\/v2\/types\/page"}],"author":[{"embeddable":true,"href":"https:\/\/ic-services.io\/es\/wp-json\/wp\/v2\/users\/7"}],"replies":[{"embeddable":true,"href":"https:\/\/ic-services.io\/es\/wp-json\/wp\/v2\/comments?post=2300"}],"version-history":[{"count":0,"href":"https:\/\/ic-services.io\/es\/wp-json\/wp\/v2\/pages\/2300\/revisions"}],"up":[{"embeddable":true,"href":"https:\/\/ic-services.io\/es\/wp-json\/wp\/v2\/pages\/1315"}],"wp:attachment":[{"href":"https:\/\/ic-services.io\/es\/wp-json\/wp\/v2\/media?parent=2300"}],"curies":[{"name":"wp","href":"https:\/\/api.w.org\/{rel}","templated":true}]}}