{"id":1195,"date":"2026-01-23T12:23:18","date_gmt":"2026-01-23T11:23:18","guid":{"rendered":"https:\/\/dev.ic-services.io\/?page_id=1195"},"modified":"2026-02-24T21:23:07","modified_gmt":"2026-02-24T20:23:07","slug":"impression","status":"publish","type":"page","link":"https:\/\/ic-services.io\/fr\/imprint\/","title":{"rendered":"Impression"},"content":{"rendered":"<div class=\"wp-block-uagb-container uagb-block-kdkn6h6m alignfull uagb-is-root-container\"><div class=\"uagb-container-inner-blocks-wrap\">\n<div class=\"wp-block-uagb-info-box uagb-block-8fibxfn3 uagb-infobox__content-wrap  uagb-infobox-icon-above-title uagb-infobox-image-valign-top\"><div class=\"uagb-ifb-content\"><div class=\"uagb-ifb-title-wrap\"><h1 class=\"uagb-ifb-title\">Mentions l\u00e9gales - Mentions l\u00e9gales<\/h1><\/div><p class=\"uagb-ifb-desc\"><strong>Informations conform\u00e9ment \u00e0 l'article 5 de la TMG (loi allemande sur les t\u00e9l\u00e9m\u00e9dias) et \u00e0 l'article 18 (2) du MStV :<\/strong><br><strong>ICS<\/strong><br>International Carrier Services GmbH<br>Lindenstr. 82<br>50674 Cologne<br>Allemagne<br><br><strong>Repr\u00e9sent\u00e9 par :<\/strong><br>Directeurs g\u00e9n\u00e9raux : Andreas Damek et Chung-U Son<br><br><strong>Contact :<\/strong><br>Courriel :\u00a0<a href=\"mailto:support@simtaly.com\">info@ic-services.io<\/a><br>T\u00e9l\u00e9phone : +49 221 42919 +49 221 42919 - 0<br>Site web<strong>:<\/strong>\u00a0<a href=\"https:\/\/www.simtaly.com\/\" target=\"_blank\" rel=\"noreferrer noopener\">https:\/\/ic-services.io<\/a><br><br><strong>Inscription au registre du commerce :<br><\/strong>Tribunal d'enregistrement : Tribunal local de Cologne (Amtsgericht K\u00f6ln)<br>Num\u00e9ro d'enregistrement : HRB 98438<br><br><strong>Num\u00e9ro d'identification TVA conform\u00e9ment \u00e0 l'article 27a de la loi allemande sur la TVA :<\/strong><br>Num\u00e9ro d'identification fiscale : DE331124660<br><br><strong>Responsable du contenu conform\u00e9ment \u00e0 l'article 18 (2) du MStV :<\/strong><br>Andreas Damek<br>ICS International Carrier Services GmbH<br>Lindenstr. 82<br>50674 Cologne<br>Allemagne<br><br>Clause de non-responsabilit\u00e9<br><strong>Responsabilit\u00e9 du contenu<\/strong><br>Le contenu de notre site web a \u00e9t\u00e9 cr\u00e9\u00e9 avec le plus grand soin. Toutefois, nous ne pouvons pas garantir l'exactitude, l'exhaustivit\u00e9 ou l'actualit\u00e9 du contenu.<br>En tant que prestataire de services, nous sommes responsables de notre propre contenu sur ces pages en vertu du droit g\u00e9n\u00e9ral (\u00a77 Para. 1 TMG).<br>Conform\u00e9ment aux articles 8 \u00e0 10 du TMG, nous ne sommes pas tenus de surveiller les informations transmises ou stock\u00e9es par des tiers, ni d'enqu\u00eater sur des circonstances indiquant une activit\u00e9 ill\u00e9gale.<br>Les obligations de supprimer ou de bloquer l'utilisation d'informations en vertu du droit g\u00e9n\u00e9ral ne sont pas affect\u00e9es. La responsabilit\u00e9 \u00e0 cet \u00e9gard n'est toutefois possible qu'\u00e0 partir du moment o\u00f9 nous avons connaissance d'une violation sp\u00e9cifique de la loi. D\u00e8s la notification de telles violations, nous retirerons imm\u00e9diatement le contenu en question.<br><br><strong>Responsabilit\u00e9 des liens<\/strong><br>Notre site web contient des liens vers des sites web de tiers externes, sur le contenu desquels nous n'avons aucun contr\u00f4le. Par cons\u00e9quent, nous ne pouvons accepter aucune responsabilit\u00e9 pour ces contenus externes.<br>Le fournisseur ou l'exploitant des sites li\u00e9s est toujours responsable de leur contenu.<br>Les sites li\u00e9s ont \u00e9t\u00e9 v\u00e9rifi\u00e9s au moment de l'\u00e9tablissement des liens afin de d\u00e9tecter d'\u00e9ventuelles violations de la l\u00e9gislation. Aucun contenu ill\u00e9gal n'a \u00e9t\u00e9 d\u00e9tect\u00e9 \u00e0 ce moment-l\u00e0.<br>Un contr\u00f4le permanent des pages li\u00e9es n'est pas raisonnable en l'absence de preuves concr\u00e8tes d'une violation. D\u00e8s que nous aurons connaissance de telles violations, nous supprimerons imm\u00e9diatement les liens.<br><br><strong>Droit d'auteur<\/strong><br>Tous les contenus et travaux cr\u00e9\u00e9s par l'exploitant du site web sont soumis \u00e0 la loi allemande sur les droits d'auteur.<br>La reproduction, la modification, la distribution ou toute autre forme d'utilisation d\u00e9passant le cadre de la loi sur les droits d'auteur n\u00e9cessite l'accord \u00e9crit de l'auteur ou du cr\u00e9ateur concern\u00e9.<br>Les t\u00e9l\u00e9chargements et les copies de ce site ne sont autoris\u00e9s que pour un usage priv\u00e9 et non commercial.<br>Si le contenu de ce site web n'a pas \u00e9t\u00e9 cr\u00e9\u00e9 par l'op\u00e9rateur, les droits d'auteur des tiers sont respect\u00e9s et ce contenu est clairement indiqu\u00e9.<br>Si vous avez n\u00e9anmoins connaissance d'une violation des droits d'auteur, veuillez nous en informer. D\u00e8s r\u00e9ception de cette notification, nous retirerons ce contenu sans d\u00e9lai.<br><br><strong>R\u00e9solution des litiges en ligne<\/strong><br>La Commission europ\u00e9enne met \u00e0 disposition une plateforme de r\u00e9solution des litiges en ligne (OS) :<br><a href=\"https:\/\/ec.europa.eu\/consumers\/odr\" target=\"_blank\" rel=\"noreferrer noopener\">https:\/\/ec.europa.eu\/consumers\/odr<\/a><br>Notre adresse \u00e9lectronique est indiqu\u00e9e ci-dessus dans le pr\u00e9sent avis juridique.<br>Nous ne sommes pas dispos\u00e9s \u00e0 participer \u00e0 une proc\u00e9dure de r\u00e8glement des litiges devant une commission d'arbitrage des consommateurs et nous ne sommes pas tenus de le faire.<br><br><strong>Avis concernant le contenu provenant de tiers (\u00a710 TMG)<br><\/strong>Les contributions des utilisateurs ou de tiers ne refl\u00e8tent pas n\u00e9cessairement le point de vue de l'op\u00e9rateur.<br>L'op\u00e9rateur n'assume aucune responsabilit\u00e9 \u00e9ditoriale pour ce contenu.<br><strong>Si vous avez des questions concernant l'impression, n'h\u00e9sitez pas \u00e0 nous contacter :<\/strong><br>Courriel : info@ic-services.io<\/p><\/div><\/div>\n\n\n\n<div class=\"wp-block-uagb-container uagb-block-ehzgnv26\">\n<div class=\"wp-block-uagb-container uagb-block-ukl7iqhh\">\n<div class=\"wp-block-uagb-info-box uagb-block-psuqqvuf uagb-infobox__content-wrap  uagb-infobox-icon-left uagb-infobox-left uagb-infobox-stacked-tablet uagb-infobox-image-valign-top\"><div class=\"uagb-ifb-icon-wrap\"><div class=\"uagb-iconbox-icon-wrap uagb-infobox-shape-circle\"><svg xmlns=\"https:\/\/www.w3.org\/2000\/svg\" viewbox=\"0 0 512 512\"><path d=\"M511.2 387l-23.25 100.8c-3.266 14.25-15.79 24.22-30.46 24.22C205.2 512 0 306.8 0 54.5c0-14.66 9.969-27.2 24.22-30.45l100.8-23.25C139.7-2.602 154.7 5.018 160.8 18.92l46.52 108.5c5.438 12.78 1.77 27.67-8.98 36.45L144.5 207.1c33.98 69.22 90.26 125.5 159.5 159.5l44.08-53.8c8.688-10.78 23.69-14.51 36.47-8.975l108.5 46.51C506.1 357.2 514.6 372.4 511.2 387z\"><\/path><\/svg><\/div><\/div><div class=\"uagb-ifb-content\"><div class=\"uagb-ifb-title-wrap\"><p class=\"uagb-ifb-title\">T\u00e9l\u00e9phone<\/p><\/div><p class=\"uagb-ifb-desc\">+49 221 42919 - 0<\/p><\/div><\/div>\n<\/div>\n\n\n\n<div class=\"wp-block-uagb-container uagb-block-6jijousd\">\n<div class=\"wp-block-uagb-info-box uagb-block-ozmga3bs uagb-infobox__content-wrap  uagb-infobox-icon-left uagb-infobox-left uagb-infobox-stacked-tablet uagb-infobox-image-valign-top\"><div class=\"uagb-ifb-icon-wrap\"><div class=\"uagb-iconbox-icon-wrap uagb-infobox-shape-circle\"><svg xmlns=\"https:\/\/www.w3.org\/2000\/svg\" viewbox=\"0 0 512 512\"><path d=\"M464 64C490.5 64 512 85.49 512 112C512 127.1 504.9 141.3 492.8 150.4L275.2 313.6C263.8 322.1 248.2 322.1 236.8 313.6L19.2 150.4C7.113 141.3 0 127.1 0 112C0 85.49 21.49 64 48 64H464zM217.6 339.2C240.4 356.3 271.6 356.3 294.4 339.2L512 176V384C512 419.3 483.3 448 448 448H64C28.65 448 0 419.3 0 384V176L217.6 339.2z\"><\/path><\/svg><\/div><\/div><div class=\"uagb-ifb-content\"><div class=\"uagb-ifb-title-wrap\"><p class=\"uagb-ifb-title\">Courriel<\/p><\/div><p class=\"uagb-ifb-desc\">info@ic-services.io<\/p><\/div><\/div>\n<\/div>\n\n\n\n<div class=\"wp-block-uagb-container uagb-block-ybs84n1x\">\n<div class=\"wp-block-uagb-info-box uagb-block-6dtdhsjn uagb-infobox__content-wrap  uagb-infobox-icon-left uagb-infobox-left uagb-infobox-stacked-tablet uagb-infobox-image-valign-top\"><div class=\"uagb-ifb-icon-wrap\"><div class=\"uagb-iconbox-icon-wrap uagb-infobox-shape-circle\"><svg xmlns=\"https:\/\/www.w3.org\/2000\/svg\" viewbox=\"0 0 384 512\"><path d=\"M168.3 499.2C116.1 435 0 279.4 0 192C0 85.96 85.96 0 192 0C298 0 384 85.96 384 192C384 279.4 267 435 215.7 499.2C203.4 514.5 180.6 514.5 168.3 499.2H168.3zM192 256C227.3 256 256 227.3 256 192C256 156.7 227.3 128 192 128C156.7 128 128 156.7 128 192C128 227.3 156.7 256 192 256z\"><\/path><\/svg><\/div><\/div><div class=\"uagb-ifb-content\"><div class=\"uagb-ifb-title-wrap\"><p class=\"uagb-ifb-title\">Adresse<\/p><\/div><p class=\"uagb-ifb-desc\">Lindenstr. 82, 50674 Cologne, Allemagne<\/p><\/div><\/div>\n<\/div>\n<\/div>\n<\/div><\/div>","protected":false},"excerpt":{"rendered":"","protected":false},"author":1,"featured_media":0,"parent":0,"menu_order":0,"comment_status":"closed","ping_status":"closed","template":"","meta":{"_uag_custom_page_level_css":"","site-sidebar-layout":"default","site-content-layout":"","ast-site-content-layout":"default","site-content-style":"default","site-sidebar-style":"default","ast-global-header-display":"","ast-banner-title-visibility":"","ast-main-header-display":"","ast-hfb-above-header-display":"","ast-hfb-below-header-display":"","ast-hfb-mobile-header-display":"","site-post-title":"disabled","ast-breadcrumbs-content":"","ast-featured-img":"","footer-sml-layout":"","ast-disable-related-posts":"","theme-transparent-header-meta":"","adv-header-id-meta":"","stick-header-meta":"","header-above-stick-meta":"","header-main-stick-meta":"","header-below-stick-meta":"","astra-migrate-meta-layouts":"default","ast-page-background-enabled":"default","ast-page-background-meta":{"desktop":{"background-color":"var(--ast-global-color-5)","background-image":"","background-repeat":"repeat","background-position":"center center","background-size":"auto","background-attachment":"scroll","background-type":"","background-media":"","overlay-type":"","overlay-color":"","overlay-opacity":"","overlay-gradient":""},"tablet":{"background-color":"","background-image":"","background-repeat":"repeat","background-position":"center center","background-size":"auto","background-attachment":"scroll","background-type":"","background-media":"","overlay-type":"","overlay-color":"","overlay-opacity":"","overlay-gradient":""},"mobile":{"background-color":"","background-image":"","background-repeat":"repeat","background-position":"center center","background-size":"auto","background-attachment":"scroll","background-type":"","background-media":"","overlay-type":"","overlay-color":"","overlay-opacity":"","overlay-gradient":""}},"ast-content-background-meta":{"desktop":{"background-color":"var(--ast-global-color-4)","background-image":"","background-repeat":"repeat","background-position":"center center","background-size":"auto","background-attachment":"scroll","background-type":"","background-media":"","overlay-type":"","overlay-color":"","overlay-opacity":"","overlay-gradient":""},"tablet":{"background-color":"var(--ast-global-color-4)","background-image":"","background-repeat":"repeat","background-position":"center center","background-size":"auto","background-attachment":"scroll","background-type":"","background-media":"","overlay-type":"","overlay-color":"","overlay-opacity":"","overlay-gradient":""},"mobile":{"background-color":"var(--ast-global-color-4)","background-image":"","background-repeat":"repeat","background-position":"center center","background-size":"auto","background-attachment":"scroll","background-type":"","background-media":"","overlay-type":"","overlay-color":"","overlay-opacity":"","overlay-gradient":""}},"footnotes":""},"class_list":["post-1195","page","type-page","status-publish","hentry"],"uagb_featured_image_src":{"full":false,"thumbnail":false,"medium":false,"medium_large":false,"large":false,"1536x1536":false,"2048x2048":false,"trp-custom-language-flag":false},"uagb_author_info":{"display_name":"ICS Team","author_link":"https:\/\/ic-services.io\/fr\/author\/operations_q0xnxjbe\/"},"uagb_comment_info":0,"uagb_excerpt":null,"_links":{"self":[{"href":"https:\/\/ic-services.io\/fr\/wp-json\/wp\/v2\/pages\/1195","targetHints":{"allow":["GET"]}}],"collection":[{"href":"https:\/\/ic-services.io\/fr\/wp-json\/wp\/v2\/pages"}],"about":[{"href":"https:\/\/ic-services.io\/fr\/wp-json\/wp\/v2\/types\/page"}],"author":[{"embeddable":true,"href":"https:\/\/ic-services.io\/fr\/wp-json\/wp\/v2\/users\/1"}],"replies":[{"embeddable":true,"href":"https:\/\/ic-services.io\/fr\/wp-json\/wp\/v2\/comments?post=1195"}],"version-history":[{"count":4,"href":"https:\/\/ic-services.io\/fr\/wp-json\/wp\/v2\/pages\/1195\/revisions"}],"predecessor-version":[{"id":1201,"href":"https:\/\/ic-services.io\/fr\/wp-json\/wp\/v2\/pages\/1195\/revisions\/1201"}],"wp:attachment":[{"href":"https:\/\/ic-services.io\/fr\/wp-json\/wp\/v2\/media?parent=1195"}],"curies":[{"name":"wp","href":"https:\/\/api.w.org\/{rel}","templated":true}]}}