{"id":1293,"date":"2026-01-27T14:10:41","date_gmt":"2026-01-27T13:10:41","guid":{"rendered":"https:\/\/dev.ic-services.io\/?page_id=1293"},"modified":"2026-03-17T14:38:27","modified_gmt":"2026-03-17T13:38:27","slug":"solutions","status":"publish","type":"page","link":"https:\/\/ic-services.io\/fr\/solutions\/","title":{"rendered":"Solutions"},"content":{"rendered":"<p>Notre portefeuille de solutions couvre&nbsp;<strong>de bout en bout<\/strong>&nbsp;des capacit\u00e9s d'interception l\u00e9gale, de divulgation et de conservation des donn\u00e9es, enti\u00e8rement align\u00e9es sur les exigences de l'ETSI, du 3GPP et des pays. Nous prenons en charge les sc\u00e9narios d'interception patrimoniale, IP, VoIP, OTT, automobile et internationale gr\u00e2ce \u00e0 des architectures modulaires, \u00e9volutives et approuv\u00e9es par les autorit\u00e9s de r\u00e9gulation, bas\u00e9es sur les normes ETSI TS 102 232, ETSI TS 102 657, ETSI TS 103 707, ETSI TR 103 854 et d'autres normes connexes.<\/p>\n\n\n\n<div class=\"wp-block-uagb-container uagb-block-cuv21atx alignfull uagb-is-root-container\"><div class=\"uagb-container-inner-blocks-wrap\">\n<div class=\"wp-block-uagb-info-box uagb-block-gvhswlb5 uagb-infobox__content-wrap  uagb-infobox-icon-above-title uagb-infobox-image-valign-top\"><div class=\"uagb-ifb-content\"><div class=\"uagb-ifb-title-wrap\"><h2 class=\"uagb-ifb-title\">Interception l\u00e9gale et solutions de conformit\u00e9<\/h2><\/div><p class=\"uagb-ifb-desc\">Nous aidons les op\u00e9rateurs, les fournisseurs de services et les fabricants \u00e0 mettre en \u0153uvre une interception et une divulgation conformes et v\u00e9rifiables sur les r\u00e9seaux de t\u00e9l\u00e9communications traditionnels, les services OTT, les donn\u00e9es conserv\u00e9es et les plateformes de v\u00e9hicules connect\u00e9s. Nos solutions s'appuient sur des architectures LI et des interfaces de transfert normalis\u00e9es, ce qui vous permet de respecter efficacement les obligations l\u00e9gales tout en prot\u00e9geant la vie priv\u00e9e et l'int\u00e9grit\u00e9 du r\u00e9seau.<\/p><\/div><\/div>\n<\/div><\/div>\n\n\n\n<div class=\"wp-block-uagb-container uagb-block-kfhmtms4 alignfull uagb-is-root-container\"><div class=\"uagb-container-inner-blocks-wrap\">\n<div class=\"wp-block-uagb-container uagb-block-sftzihjq\">\n<div class=\"wp-block-uagb-container uagb-block-j76hkg86\">\n<div class=\"wp-block-uagb-info-box uagb-block-bblgxngw uagb-infobox__content-wrap  uagb-infobox-icon-above-title uagb-infobox-image-valign-top\"><div class=\"uagb-ifb-content\"><div class=\"uagb-ifb-title-wrap\"><p class=\"uagb-ifb-title-prefix\">01<\/p><h2 class=\"uagb-ifb-title\">Solutions d'interception l\u00e9gale<\/h2><\/div><p class=\"uagb-ifb-desc\">Nos solutions d'interception l\u00e9gale couvrent les services de communication fixes, mobiles, VoIP et OTT et mettent en \u0153uvre les exigences ETSI TS 102 232, ETSI TS 103 707 et 3GPP LI. Nous fournissons des composants de m\u00e9diation, de transfert et de gestion qui collectent les informations relatives \u00e0 l'interception et le contenu des communications et les transmettent en toute s\u00e9curit\u00e9 aux organismes charg\u00e9s de l'application de la loi dans des formats conformes aux normes.<\/p><\/div><\/div>\n\n\n\n<div class=\"wp-block-uagb-buttons uagb-buttons__outer-wrap uagb-btn__default-btn uagb-btn-tablet__default-btn uagb-btn-mobile__default-btn uagb-block-u6zklhxp\"><div class=\"uagb-buttons__wrap uagb-buttons-layout-wrap\">\n<div class=\"wp-block-uagb-buttons-child uagb-buttons__outer-wrap uagb-block-jgrrcvsi wp-block-button\"><div class=\"uagb-button__wrapper\"><a class=\"uagb-buttons-repeater wp-block-button__link\" aria-label=\"\" href=\"\/fr\/solutions\/interception-legale\/\" rel=\"follow noopener\" target=\"_self\" role=\"button\"><div class=\"uagb-button__link\">Lire la suite<\/div><span class=\"uagb-button__icon uagb-button__icon-position-after\"><svg xmlns=\"https:\/\/www.w3.org\/2000\/svg\" viewbox=\"0 0 320 512\" aria-hidden=\"true\" focussable=\"false\"><path d=\"M96 480c-8.188 0-16.38-3.125-22.62-9.375c-12.5-12.5-12.5-32.75 0-45.25L242.8 256L73.38 86.63c-12.5-12.5-12.5-32.75 0-45.25s32.75-12.5 45.25 0l192 192c12.5 12.5 12.5 32.75 0 45.25l-192 192C112.4 476.9 104.2 480 96 480z\"><\/path><\/svg><\/span><\/a><\/div><\/div>\n<\/div><\/div>\n<\/div>\n\n\n\n<div class=\"wp-block-uagb-image alignleft uagb-block-zpab6jzf wp-block-uagb-image--layout-default wp-block-uagb-image--effect-static wp-block-uagb-image--align-left\"><figure class=\"wp-block-uagb-image__figure\"><img decoding=\"async\" srcset=\"https:\/\/ic-services.io\/wp-content\/uploads\/2026\/02\/pexels-photo-1054397-1054397-1-683x1024.jpg ,https:\/\/ic-services.io\/wp-content\/uploads\/2026\/02\/pexels-photo-1054397-1054397-1-scaled.jpg 780w, https:\/\/ic-services.io\/wp-content\/uploads\/2026\/02\/pexels-photo-1054397-1054397-1-scaled.jpg 360w\" sizes=\"auto, (max-width: 480px) 150px\" src=\"https:\/\/ic-services.io\/wp-content\/uploads\/2026\/02\/pexels-photo-1054397-1054397-1-683x1024.jpg\" alt=\"Gros plan sur des c\u00e2bles et des ports de r\u00e9seau dans un rack de serveurs, mettant en \u00e9vidence la connectivit\u00e9.\" class=\"uag-image-1633\" width=\"600\" height=\"450\" title=\"pexels photo 1054397 1054397 1\" loading=\"lazy\" role=\"img\"\/><\/figure><\/div>\n<\/div>\n\n\n\n<div class=\"wp-block-uagb-container uagb-block-hmxo6oq7\">\n<div class=\"wp-block-uagb-image alignleft uagb-block-xybwjwqn wp-block-uagb-image--layout-default wp-block-uagb-image--effect-static wp-block-uagb-image--align-left\"><figure class=\"wp-block-uagb-image__figure\"><img decoding=\"async\" srcset=\"https:\/\/ic-services.io\/wp-content\/uploads\/2026\/02\/pexels-photo-5050305-5050305-1024x681.jpg ,https:\/\/ic-services.io\/wp-content\/uploads\/2026\/02\/pexels-photo-5050305-5050305-scaled.jpg 780w, https:\/\/ic-services.io\/wp-content\/uploads\/2026\/02\/pexels-photo-5050305-5050305-scaled.jpg 360w\" sizes=\"auto, (max-width: 480px) 150px\" src=\"https:\/\/ic-services.io\/wp-content\/uploads\/2026\/02\/pexels-photo-5050305-5050305-1024x681.jpg\" alt=\"Gros plan d&#039;un rack de serveurs de r\u00e9seau avec des LED clignotantes, pr\u00e9sentant des connexions Ethernet et des panneaux de brassage.\" class=\"uag-image-1620\" width=\"600\" height=\"450\" title=\"pexels photo 5050305 5050305\" loading=\"lazy\" role=\"img\"\/><\/figure><\/div>\n\n\n\n<div class=\"wp-block-uagb-container uagb-block-wppicamt\">\n<div class=\"wp-block-uagb-info-box uagb-block-9ppjrhvb uagb-infobox__content-wrap  uagb-infobox-icon-above-title uagb-infobox-image-valign-top\"><div class=\"uagb-ifb-content\"><div class=\"uagb-ifb-title-wrap\"><p class=\"uagb-ifb-title-prefix\">02<\/p><h2 class=\"uagb-ifb-title\">Conservation des donn\u00e9es et conformit\u00e9 transfrontali\u00e8re<\/h2><\/div><p class=\"uagb-ifb-desc\">En nous appuyant sur la norme ETSI TS 102 657 et sur les r\u00e8gles nationales telles que l'Auslandskopf\u00fcberwachung allemande, nous vous aidons \u00e0 mettre en \u0153uvre des processus de traitement des demandes de donn\u00e9es conserv\u00e9es et de divulgation transfrontali\u00e8re. Nos solutions garantissent que seules les donn\u00e9es autoris\u00e9es sont fournies, que les proc\u00e9dures sont document\u00e9es et que vous pouvez prouver votre conformit\u00e9 aux r\u00e9gulateurs et aux tribunaux.<\/p><\/div><\/div>\n\n\n\n<div class=\"wp-block-uagb-buttons uagb-buttons__outer-wrap uagb-btn__default-btn uagb-btn-tablet__default-btn uagb-btn-mobile__default-btn uagb-block-zmb4n4ir\"><div class=\"uagb-buttons__wrap uagb-buttons-layout-wrap\">\n<div class=\"wp-block-uagb-buttons-child uagb-buttons__outer-wrap uagb-block-o0x2zstx wp-block-button\"><div class=\"uagb-button__wrapper\"><a class=\"uagb-buttons-repeater wp-block-button__link\" aria-label=\"\" href=\"\/fr\/solutions\/conservation-des-donnees\/\" rel=\"follow noopener\" target=\"_self\" role=\"button\"><div class=\"uagb-button__link\">Lire la suite<\/div><span class=\"uagb-button__icon uagb-button__icon-position-after\"><svg xmlns=\"https:\/\/www.w3.org\/2000\/svg\" viewbox=\"0 0 320 512\" aria-hidden=\"true\" focussable=\"false\"><path d=\"M96 480c-8.188 0-16.38-3.125-22.62-9.375c-12.5-12.5-12.5-32.75 0-45.25L242.8 256L73.38 86.63c-12.5-12.5-12.5-32.75 0-45.25s32.75-12.5 45.25 0l192 192c12.5 12.5 12.5 32.75 0 45.25l-192 192C112.4 476.9 104.2 480 96 480z\"><\/path><\/svg><\/span><\/a><\/div><\/div>\n<\/div><\/div>\n<\/div>\n<\/div>\n<\/div><\/div>\n\n\n\n<div class=\"wp-block-uagb-container uagb-block-537an79k alignfull uagb-is-root-container\"><div class=\"uagb-container-inner-blocks-wrap\">\n<div class=\"wp-block-uagb-container uagb-block-fc16tlok\">\n<div class=\"wp-block-uagb-info-box uagb-block-qa3rvlzt uagb-infobox__content-wrap  uagb-infobox-icon-above-title uagb-infobox-image-valign-top\"><div class=\"uagb-ifb-content\"><div class=\"uagb-ifb-title-wrap\"><p class=\"uagb-ifb-title-prefix\">03<\/p><h2 class=\"uagb-ifb-title\">Conformit\u00e9 des preuves \u00e9lectroniques<\/h2><\/div><p class=\"uagb-ifb-desc\">En vertu du r\u00e8glement europ\u00e9en sur les preuves \u00e9lectroniques (UE) 2023\/1543, les autorit\u00e9s charg\u00e9es de l'application de la loi en Europe peuvent d\u00e9sormais d\u00e9livrer des ordres de production et de conservation directement aux fournisseurs de services. ICS propose une plateforme de conformit\u00e9 de bout en bout qui automatise la r\u00e9ception des commandes, l'extraction des donn\u00e9es, la livraison s\u00e9curis\u00e9e et l'\u00e9tablissement de rapports sur la piste d'audit compl\u00e8te - ce qui vous aide \u00e0 respecter chaque d\u00e9lai et \u00e0 \u00e9viter des amendes pouvant atteindre 2% du chiffre d'affaires global.<\/p><\/div><\/div>\n\n\n\n<div class=\"wp-block-uagb-buttons uagb-buttons__outer-wrap uagb-btn__default-btn uagb-btn-tablet__default-btn uagb-btn-mobile__default-btn uagb-block-co136d9j\"><div class=\"uagb-buttons__wrap uagb-buttons-layout-wrap\">\n<div class=\"wp-block-uagb-buttons-child uagb-buttons__outer-wrap uagb-block-pbjkgfye wp-block-button\"><div class=\"uagb-button__wrapper\"><a class=\"uagb-buttons-repeater wp-block-button__link\" aria-label=\"\" href=\"\/fr\/solutions\/e-conformite-des-preuves\/\" rel=\"follow noopener\" target=\"_self\" role=\"button\"><div class=\"uagb-button__link\">Lire la suite<\/div><span class=\"uagb-button__icon uagb-button__icon-position-after\"><svg xmlns=\"https:\/\/www.w3.org\/2000\/svg\" viewbox=\"0 0 320 512\" aria-hidden=\"true\" focussable=\"false\"><path d=\"M96 480c-8.188 0-16.38-3.125-22.62-9.375c-12.5-12.5-12.5-32.75 0-45.25L242.8 256L73.38 86.63c-12.5-12.5-12.5-32.75 0-45.25s32.75-12.5 45.25 0l192 192c12.5 12.5 12.5 32.75 0 45.25l-192 192C112.4 476.9 104.2 480 96 480z\"><\/path><\/svg><\/span><\/a><\/div><\/div>\n<\/div><\/div>\n<\/div>\n\n\n\n<div class=\"wp-block-uagb-image alignleft uagb-block-dipynu5u wp-block-uagb-image--layout-default wp-block-uagb-image--effect-static wp-block-uagb-image--align-left\"><figure class=\"wp-block-uagb-image__figure\"><img decoding=\"async\" srcset=\"https:\/\/ic-services.io\/wp-content\/uploads\/2026\/03\/pexels-photo-6077797-6077797.jpg ,https:\/\/ic-services.io\/wp-content\/uploads\/2026\/03\/pexels-photo-6077797-6077797.jpg 780w, https:\/\/ic-services.io\/wp-content\/uploads\/2026\/03\/pexels-photo-6077797-6077797.jpg 360w\" sizes=\"auto, (max-width: 480px) 150px\" src=\"https:\/\/ic-services.io\/wp-content\/uploads\/2026\/03\/pexels-photo-6077797-6077797.jpg\" alt=\"Gros plan sur des c\u00e2bles et des ports de r\u00e9seau dans un rack de serveurs, mettant en \u00e9vidence la connectivit\u00e9.\" class=\"uag-image-1633\" width=\"600\" height=\"450\" title=\"pexels photo 6077797 6077797\" loading=\"lazy\" role=\"img\"\/><\/figure><\/div>\n<\/div><\/div>\n\n\n\n<div class=\"wp-block-uagb-container uagb-block-nn6g3h4z alignfull uagb-is-root-container\"><div class=\"uagb-container-inner-blocks-wrap\">\n<div class=\"wp-block-uagb-info-box uagb-block-a3xkqq7w uagb-infobox__content-wrap  uagb-infobox-icon-above-title uagb-infobox-image-valign-top\"><div class=\"uagb-ifb-content\"><div class=\"uagb-ifb-title-wrap\"><p class=\"uagb-ifb-title-prefix\">Restez en contact avec nous<\/p><h2 class=\"uagb-ifb-title\">Cr\u00e9ons ensemble<\/h2><\/div><\/div><\/div>\n\n\n\n<div class=\"wp-block-uagb-buttons uagb-buttons__outer-wrap uagb-btn__default-btn uagb-btn-tablet__default-btn uagb-btn-mobile__default-btn uagb-block-fip7kvb1\"><div class=\"uagb-buttons__wrap uagb-buttons-layout-wrap\">\n<div class=\"wp-block-uagb-buttons-child uagb-buttons__outer-wrap uagb-block-ssthev9b wp-block-button\"><div class=\"uagb-button__wrapper\"><a class=\"uagb-buttons-repeater wp-block-button__link\" aria-label=\"\" href=\"\/fr\/contact\/\" rel=\"follow noopener\" target=\"_self\" role=\"button\"><div class=\"uagb-button__link\">parler \u00e0 un expert<\/div><\/a><\/div><\/div>\n<\/div><\/div>\n<\/div><\/div>","protected":false},"excerpt":{"rendered":"<p>Our Solutions portfolio covers&nbsp;end\u2011to\u2011end&nbsp;lawful interception, disclosure and data\u2011retention capabilities, fully aligned with ETSI, 3GPP and national requirements. We support legacy, [&hellip;]<\/p>\n","protected":false},"author":2,"featured_media":0,"parent":0,"menu_order":0,"comment_status":"closed","ping_status":"closed","template":"","meta":{"_uag_custom_page_level_css":"","site-sidebar-layout":"default","site-content-layout":"","ast-site-content-layout":"default","site-content-style":"default","site-sidebar-style":"default","ast-global-header-display":"","ast-banner-title-visibility":"","ast-main-header-display":"","ast-hfb-above-header-display":"","ast-hfb-below-header-display":"","ast-hfb-mobile-header-display":"","site-post-title":"","ast-breadcrumbs-content":"","ast-featured-img":"","footer-sml-layout":"","ast-disable-related-posts":"","theme-transparent-header-meta":"","adv-header-id-meta":"","stick-header-meta":"","header-above-stick-meta":"","header-main-stick-meta":"","header-below-stick-meta":"","astra-migrate-meta-layouts":"default","ast-page-background-enabled":"default","ast-page-background-meta":{"desktop":{"background-color":"var(--ast-global-color-5)","background-image":"","background-repeat":"repeat","background-position":"center center","background-size":"auto","background-attachment":"scroll","background-type":"","background-media":"","overlay-type":"","overlay-color":"","overlay-opacity":"","overlay-gradient":""},"tablet":{"background-color":"","background-image":"","background-repeat":"repeat","background-position":"center center","background-size":"auto","background-attachment":"scroll","background-type":"","background-media":"","overlay-type":"","overlay-color":"","overlay-opacity":"","overlay-gradient":""},"mobile":{"background-color":"","background-image":"","background-repeat":"repeat","background-position":"center center","background-size":"auto","background-attachment":"scroll","background-type":"","background-media":"","overlay-type":"","overlay-color":"","overlay-opacity":"","overlay-gradient":""}},"ast-content-background-meta":{"desktop":{"background-color":"var(--ast-global-color-4)","background-image":"","background-repeat":"repeat","background-position":"center center","background-size":"auto","background-attachment":"scroll","background-type":"","background-media":"","overlay-type":"","overlay-color":"","overlay-opacity":"","overlay-gradient":""},"tablet":{"background-color":"var(--ast-global-color-4)","background-image":"","background-repeat":"repeat","background-position":"center center","background-size":"auto","background-attachment":"scroll","background-type":"","background-media":"","overlay-type":"","overlay-color":"","overlay-opacity":"","overlay-gradient":""},"mobile":{"background-color":"var(--ast-global-color-4)","background-image":"","background-repeat":"repeat","background-position":"center center","background-size":"auto","background-attachment":"scroll","background-type":"","background-media":"","overlay-type":"","overlay-color":"","overlay-opacity":"","overlay-gradient":""}},"footnotes":""},"class_list":["post-1293","page","type-page","status-publish","hentry"],"uagb_featured_image_src":{"full":false,"thumbnail":false,"medium":false,"medium_large":false,"large":false,"1536x1536":false,"2048x2048":false,"trp-custom-language-flag":false},"uagb_author_info":{"display_name":"chatgpt","author_link":"https:\/\/ic-services.io\/fr\/author\/chatgpt\/"},"uagb_comment_info":0,"uagb_excerpt":"Our Solutions portfolio covers&nbsp;end\u2011to\u2011end&nbsp;lawful interception, disclosure and data\u2011retention capabilities, fully aligned with ETSI, 3GPP and national requirements. We support legacy, [&hellip;]","_links":{"self":[{"href":"https:\/\/ic-services.io\/fr\/wp-json\/wp\/v2\/pages\/1293","targetHints":{"allow":["GET"]}}],"collection":[{"href":"https:\/\/ic-services.io\/fr\/wp-json\/wp\/v2\/pages"}],"about":[{"href":"https:\/\/ic-services.io\/fr\/wp-json\/wp\/v2\/types\/page"}],"author":[{"embeddable":true,"href":"https:\/\/ic-services.io\/fr\/wp-json\/wp\/v2\/users\/2"}],"replies":[{"embeddable":true,"href":"https:\/\/ic-services.io\/fr\/wp-json\/wp\/v2\/comments?post=1293"}],"version-history":[{"count":11,"href":"https:\/\/ic-services.io\/fr\/wp-json\/wp\/v2\/pages\/1293\/revisions"}],"predecessor-version":[{"id":2107,"href":"https:\/\/ic-services.io\/fr\/wp-json\/wp\/v2\/pages\/1293\/revisions\/2107"}],"wp:attachment":[{"href":"https:\/\/ic-services.io\/fr\/wp-json\/wp\/v2\/media?parent=1293"}],"curies":[{"name":"wp","href":"https:\/\/api.w.org\/{rel}","templated":true}]}}