{"id":1297,"date":"2026-01-27T14:19:09","date_gmt":"2026-01-27T13:19:09","guid":{"rendered":"https:\/\/dev.ic-services.io\/?page_id=1297"},"modified":"2026-03-15T20:26:52","modified_gmt":"2026-03-15T19:26:52","slug":"conservation-des-donnees","status":"publish","type":"page","link":"https:\/\/ic-services.io\/fr\/solutions\/data-retention\/","title":{"rendered":"Conservation des donn\u00e9es"},"content":{"rendered":"<div class=\"wp-block-uagb-container uagb-block-x0hbieel alignfull uagb-is-root-container\"><div class=\"uagb-container-inner-blocks-wrap\">\n<div class=\"wp-block-uagb-info-box uagb-block-uih5jaqc uagb-infobox__content-wrap  uagb-infobox-icon-above-title uagb-infobox-image-valign-top\"><div class=\"uagb-ifb-content\"><div class=\"uagb-ifb-title-wrap\"><h1 class=\"uagb-ifb-title\">Conservation des donn\u00e9es<\/h1><\/div><p class=\"uagb-ifb-desc\">Nos solutions de conservation des donn\u00e9es et de conformit\u00e9 garantissent le stockage, l'extraction et l'audit s\u00e9curis\u00e9s des donn\u00e9es de t\u00e9l\u00e9communications conform\u00e9ment aux exigences r\u00e9glementaires. Elles s'int\u00e8grent parfaitement \u00e0 nos plateformes d'interception l\u00e9gale et fournissent une cha\u00eene de tra\u00e7abilit\u00e9 et des pistes d'audit.<\/p><\/div><\/div>\n<\/div><\/div>\n\n\n\n<div class=\"wp-block-uagb-container uagb-block-c2ch1rgh alignfull uagb-is-root-container\"><div class=\"uagb-container-inner-blocks-wrap\">\n<div class=\"wp-block-uagb-info-box uagb-block-vgxmcibp uagb-infobox__content-wrap  uagb-infobox-icon-above-title uagb-infobox-image-valign-top\"><div class=\"uagb-ifb-content\"><div class=\"uagb-ifb-title-wrap\"><h2 class=\"uagb-ifb-title\">Services d'entrep\u00f4t de donn\u00e9es sur les abonn\u00e9s<\/h2><\/div><p class=\"uagb-ifb-desc\">D\u00e9couvrez la gamme de services que nous proposons pour traiter vos donn\u00e9es.<\/p><\/div><\/div>\n\n\n\n<div class=\"wp-block-uagb-container uagb-layout-grid uagb-block-g2hm5yue\">\n<div class=\"wp-block-uagb-container uagb-block-cezhnpib\">\n<div class=\"wp-block-uagb-info-box uagb-block-ac2o3aup uagb-infobox__content-wrap  uagb-infobox-icon-above-title uagb-infobox-image-valign-top\"><div class=\"uagb-ifb-content\"><div class=\"uagb-ifb-title-wrap\"><p class=\"uagb-ifb-title-prefix\">01<\/p><h3 class=\"uagb-ifb-title\">R\u00e9pondre aux demandes des abonn\u00e9s LEA en quelques secondes et non en plusieurs heures<\/h3><\/div><p class=\"uagb-ifb-desc\">Consolidez vos donn\u00e9es d'abonn\u00e9s provenant de plusieurs syst\u00e8mes de facturation et d'approvisionnement en un seul entrep\u00f4t consultable.<\/p><\/div><\/div>\n<\/div>\n\n\n\n<div class=\"wp-block-uagb-container uagb-block-6o0mukmb\">\n<div class=\"wp-block-uagb-info-box uagb-block-ydvidhod uagb-infobox__content-wrap  uagb-infobox-icon-above-title uagb-infobox-image-valign-top\"><div class=\"uagb-ifb-content\"><div class=\"uagb-ifb-title-wrap\"><p class=\"uagb-ifb-title-prefix\">02<\/p><h3 class=\"uagb-ifb-title\">Les donn\u00e9es relatives \u00e0 vos abonn\u00e9s sont cloisonn\u00e9es<\/h3><\/div><p class=\"uagb-ifb-desc\">Les fournisseurs de t\u00e9l\u00e9communications stockent les informations relatives aux abonn\u00e9s dans plusieurs syst\u00e8mes :<br><br>- Plateformes de facturation<br>- Approvisionnement des bases de donn\u00e9es<br>- Syst\u00e8mes de gestion de la relation client (CRM)<br>- Plates-formes existantes<br><br>Lorsque les forces de l'ordre demandent des informations sur les abonn\u00e9s, votre \u00e9quipe effectue une recherche manuelle dans chaque syst\u00e8me. Cela prend des heures. Des erreurs se produisent. Les d\u00e9lais ne sont pas respect\u00e9s.<\/p><\/div><\/div>\n<\/div>\n\n\n\n<div class=\"wp-block-uagb-container uagb-block-l3xppzke\">\n<div class=\"wp-block-uagb-info-box uagb-block-ktk2zgrl uagb-infobox__content-wrap  uagb-infobox-icon-above-title uagb-infobox-image-valign-top\"><div class=\"uagb-ifb-content\"><div class=\"uagb-ifb-title-wrap\"><p class=\"uagb-ifb-title-prefix\">03<\/p><h3 class=\"uagb-ifb-title\">Une seule recherche. Tous vos abonn\u00e9s.<\/h3><\/div><p class=\"uagb-ifb-desc\">Nous construisons des pipelines ETL personnalis\u00e9s qui :<br><br><strong>- Extrait<\/strong>&nbsp;les donn\u00e9es de vos syst\u00e8mes existants (aucune migration n'est n\u00e9cessaire)<br><strong>- Transformer<\/strong>&nbsp;les num\u00e9ros de t\u00e9l\u00e9phone et les adresses dans des formats normalis\u00e9s<br><strong>- Chargement<\/strong>&nbsp;tout dans un entrep\u00f4t de donn\u00e9es unifi\u00e9 et index\u00e9<br><br>Votre \u00e9quipe effectue une seule recherche. Obtient des r\u00e9sultats complets. R\u00e9pond plus rapidement.<\/p><\/div><\/div>\n<\/div>\n\n\n\n<div class=\"wp-block-uagb-container uagb-block-fgkrduw9\">\n<div class=\"wp-block-uagb-info-box uagb-block-9m714zdd uagb-infobox__content-wrap  uagb-infobox-icon-above-title uagb-infobox-image-valign-top\"><div class=\"uagb-ifb-content\"><div class=\"uagb-ifb-title-wrap\"><p class=\"uagb-ifb-title-prefix\">04<\/p><h3 class=\"uagb-ifb-title\">Con\u00e7u pour les \u00e9quipes charg\u00e9es de la conformit\u00e9<\/h3><\/div><p class=\"uagb-ifb-desc\"><strong>Recherches rapides<\/strong>&nbsp;Recherche en texte int\u00e9gral sur les noms, les adresses et les courriels. La recherche de num\u00e9ros de t\u00e9l\u00e9phone peut s'effectuer dans n'importe quel format.<br><br><strong>Toujours d'actualit\u00e9<\/strong>&nbsp;La synchronisation incr\u00e9mentale permet de conserver des donn\u00e9es fra\u00eeches. Les modifications proviennent des syst\u00e8mes sources en quelques minutes.<br><br><strong>Pr\u00eat pour l'audit<\/strong>&nbsp;Chaque recherche est enregistr\u00e9e. Chaque r\u00e9ponse est document\u00e9e. Pr\u00eat pour l'examen r\u00e9glementaire.<br><br><strong>API conforme \u00e0 l'ETSI<\/strong>&nbsp;L'acc\u00e8s programmatique est conforme aux normes ETSI LI. S'int\u00e8gre \u00e0 vos flux de travail existants.<\/p><\/div><\/div>\n<\/div>\n\n\n\n<div class=\"wp-block-uagb-container uagb-block-jeyfob61\">\n<div class=\"wp-block-uagb-info-box uagb-block-cbrwz5zt uagb-infobox__content-wrap  uagb-infobox-icon-above-title uagb-infobox-image-valign-top\"><div class=\"uagb-ifb-content\"><div class=\"uagb-ifb-title-wrap\"><p class=\"uagb-ifb-title-prefix\">05<\/p><h3 class=\"uagb-ifb-title\">De la fragmentation \u00e0 l'unification en quelques semaines<\/h3><\/div><p class=\"uagb-ifb-desc\"><strong>1. La d\u00e9couverte<\/strong>\u00a0Nous cartographions vos sources de donn\u00e9es et comprenons vos exigences en mati\u00e8re de conformit\u00e9.<br><br><strong>2. Construire<\/strong>\u00a0Extracteurs personnalis\u00e9s pour chaque syst\u00e8me. R\u00e8gles de transformation pour vos formats de donn\u00e9es.<br><br><strong>3. D\u00e9ployer<\/strong>\u00a0D\u00e9ploiement s\u00e9curis\u00e9 dans votre infrastructure. Vos donn\u00e9es ne quittent jamais votre r\u00e9seau.<br><br><strong>4. Train<\/strong>\u00a0Votre \u00e9quipe apprend \u00e0 utiliser l'interface de recherche. Nous documentons tout.<\/p><\/div><\/div>\n<\/div>\n\n\n\n<div class=\"wp-block-uagb-container uagb-block-aohxq8ai\">\n<div class=\"wp-block-uagb-info-box uagb-block-zsnoeg1s uagb-infobox__content-wrap  uagb-infobox-icon-above-title uagb-infobox-image-valign-top\"><div class=\"uagb-ifb-content\"><div class=\"uagb-ifb-title-wrap\"><p class=\"uagb-ifb-title-prefix\">06<\/p><h3 class=\"uagb-ifb-title\">Vos donn\u00e9es restent les v\u00f4tres<\/h3><\/div><p class=\"uagb-ifb-desc\">- D\u00e9ploy\u00e9 sur votre infrastructure<br><br>- Pas de d\u00e9pendance \u00e0 l'\u00e9gard de l'informatique en nuage<br><br>- Composants open source<br><br>- Journalisation compl\u00e8te de l'audit<br><br>- Les donn\u00e9es vous appartiennent<\/p><\/div><\/div>\n<\/div>\n<\/div>\n<\/div><\/div>\n\n\n\n<p><\/p>","protected":false},"excerpt":{"rendered":"","protected":false},"author":2,"featured_media":0,"parent":1293,"menu_order":0,"comment_status":"closed","ping_status":"closed","template":"","meta":{"_uag_custom_page_level_css":"","site-sidebar-layout":"default","site-content-layout":"","ast-site-content-layout":"default","site-content-style":"default","site-sidebar-style":"default","ast-global-header-display":"","ast-banner-title-visibility":"","ast-main-header-display":"","ast-hfb-above-header-display":"","ast-hfb-below-header-display":"","ast-hfb-mobile-header-display":"","site-post-title":"disabled","ast-breadcrumbs-content":"","ast-featured-img":"","footer-sml-layout":"","ast-disable-related-posts":"","theme-transparent-header-meta":"","adv-header-id-meta":"","stick-header-meta":"","header-above-stick-meta":"","header-main-stick-meta":"","header-below-stick-meta":"","astra-migrate-meta-layouts":"default","ast-page-background-enabled":"default","ast-page-background-meta":{"desktop":{"background-color":"var(--ast-global-color-5)","background-image":"","background-repeat":"repeat","background-position":"center center","background-size":"auto","background-attachment":"scroll","background-type":"","background-media":"","overlay-type":"","overlay-color":"","overlay-opacity":"","overlay-gradient":""},"tablet":{"background-color":"","background-image":"","background-repeat":"repeat","background-position":"center center","background-size":"auto","background-attachment":"scroll","background-type":"","background-media":"","overlay-type":"","overlay-color":"","overlay-opacity":"","overlay-gradient":""},"mobile":{"background-color":"","background-image":"","background-repeat":"repeat","background-position":"center center","background-size":"auto","background-attachment":"scroll","background-type":"","background-media":"","overlay-type":"","overlay-color":"","overlay-opacity":"","overlay-gradient":""}},"ast-content-background-meta":{"desktop":{"background-color":"var(--ast-global-color-4)","background-image":"","background-repeat":"repeat","background-position":"center center","background-size":"auto","background-attachment":"scroll","background-type":"","background-media":"","overlay-type":"","overlay-color":"","overlay-opacity":"","overlay-gradient":""},"tablet":{"background-color":"var(--ast-global-color-4)","background-image":"","background-repeat":"repeat","background-position":"center center","background-size":"auto","background-attachment":"scroll","background-type":"","background-media":"","overlay-type":"","overlay-color":"","overlay-opacity":"","overlay-gradient":""},"mobile":{"background-color":"var(--ast-global-color-4)","background-image":"","background-repeat":"repeat","background-position":"center center","background-size":"auto","background-attachment":"scroll","background-type":"","background-media":"","overlay-type":"","overlay-color":"","overlay-opacity":"","overlay-gradient":""}},"footnotes":""},"class_list":["post-1297","page","type-page","status-publish","hentry"],"uagb_featured_image_src":{"full":false,"thumbnail":false,"medium":false,"medium_large":false,"large":false,"1536x1536":false,"2048x2048":false,"trp-custom-language-flag":false},"uagb_author_info":{"display_name":"chatgpt","author_link":"https:\/\/ic-services.io\/fr\/author\/chatgpt\/"},"uagb_comment_info":0,"uagb_excerpt":null,"_links":{"self":[{"href":"https:\/\/ic-services.io\/fr\/wp-json\/wp\/v2\/pages\/1297","targetHints":{"allow":["GET"]}}],"collection":[{"href":"https:\/\/ic-services.io\/fr\/wp-json\/wp\/v2\/pages"}],"about":[{"href":"https:\/\/ic-services.io\/fr\/wp-json\/wp\/v2\/types\/page"}],"author":[{"embeddable":true,"href":"https:\/\/ic-services.io\/fr\/wp-json\/wp\/v2\/users\/2"}],"replies":[{"embeddable":true,"href":"https:\/\/ic-services.io\/fr\/wp-json\/wp\/v2\/comments?post=1297"}],"version-history":[{"count":9,"href":"https:\/\/ic-services.io\/fr\/wp-json\/wp\/v2\/pages\/1297\/revisions"}],"predecessor-version":[{"id":1948,"href":"https:\/\/ic-services.io\/fr\/wp-json\/wp\/v2\/pages\/1297\/revisions\/1948"}],"up":[{"embeddable":true,"href":"https:\/\/ic-services.io\/fr\/wp-json\/wp\/v2\/pages\/1293"}],"wp:attachment":[{"href":"https:\/\/ic-services.io\/fr\/wp-json\/wp\/v2\/media?parent=1297"}],"curies":[{"name":"wp","href":"https:\/\/api.w.org\/{rel}","templated":true}]}}