{"id":13,"date":"2026-01-23T09:42:16","date_gmt":"2026-01-23T09:42:16","guid":{"rendered":"https:\/\/dev.ic-services.io\/?page_id=13"},"modified":"2026-03-14T10:29:28","modified_gmt":"2026-03-14T09:29:28","slug":"services","status":"publish","type":"page","link":"https:\/\/ic-services.io\/fr\/services\/","title":{"rendered":"Services"},"content":{"rendered":"<div class=\"wp-block-uagb-container uagb-block-0eqocqwc alignfull uagb-is-root-container\">\n<div class=\"wp-block-uagb-info-box uagb-block-bo4f9ohn uagb-infobox__content-wrap  uagb-infobox-icon-above-title uagb-infobox-image-valign-top wp-block-uagb-info-box--has-margin\"><div class=\"uagb-infobox-margin-wrapper\"><div class=\"uagb-ifb-content\"><div class=\"uagb-ifb-title-wrap\"><p class=\"uagb-ifb-title-prefix\">Ensemble pour la r\u00e9ussite<\/p><h1 class=\"uagb-ifb-title\">Gamme compl\u00e8te de services pour l'interception l\u00e9gale et la conformit\u00e9<\/h1><\/div><p class=\"uagb-ifb-desc\">ICS propose des services de bout en bout qui aident les fournisseurs de services de communication \u00e0 respecter efficacement leurs obligations en mati\u00e8re d'interception l\u00e9gale. Qu'il s'agisse d'op\u00e9rations enti\u00e8rement g\u00e9r\u00e9es, d'int\u00e9gration personnalis\u00e9e, de conseil en mati\u00e8re de r\u00e9glementation ou d'administration de la facturation, nous vous apportons l'expertise et le soutien dont vous avez besoin.<\/p><\/div><\/div><\/div>\n\n\n\n<div class=\"wp-block-uagb-buttons uagb-buttons__outer-wrap uagb-btn__default-btn uagb-btn-tablet__default-btn uagb-btn-mobile__default-btn uagb-block-rp97djeq\"><div class=\"uagb-buttons__wrap uagb-buttons-layout-wrap\">\n<div class=\"wp-block-uagb-buttons-child uagb-buttons__outer-wrap uagb-block-hotrnmto wp-block-button\"><div class=\"uagb-button__wrapper\"><a class=\"uagb-buttons-repeater wp-block-button__link\" aria-label=\"\" href=\"\/fr\/contact\/\" rel=\"follow noopener\" target=\"_self\" role=\"button\"><div class=\"uagb-button__link\">parler \u00e0 un expert<\/div><\/a><\/div><\/div>\n<\/div><\/div>\n\n\n\n<div class=\"wp-block-uagb-container uagb-block-8u9y3uhf alignfull uagb-is-root-container\"><\/div>\n<\/div>\n\n\n\n<div class=\"wp-block-uagb-container uagb-block-4062d932 alignfull uagb-is-root-container\"><div class=\"uagb-container-inner-blocks-wrap\">\n<div class=\"wp-block-uagb-container uagb-layout-flex uagb-block-188bf86b\">\n<div class=\"wp-block-uagb-image alignright uagb-block-a74814ac wp-block-uagb-image--layout-default wp-block-uagb-image--effect-static wp-block-uagb-image--align-right\"><figure class=\"wp-block-uagb-image__figure\"><img decoding=\"async\" srcset=\"https:\/\/ic-services.io\/wp-content\/uploads\/2026\/01\/pexels-photo-4682189.jpeg ,https:\/\/ic-services.io\/wp-content\/uploads\/2026\/01\/pexels-photo-4682189.jpeg 780w, https:\/\/ic-services.io\/wp-content\/uploads\/2026\/01\/pexels-photo-4682189.jpeg 360w\" sizes=\"auto, (max-width: 480px) 150px\" src=\"https:\/\/ic-services.io\/wp-content\/uploads\/2026\/01\/pexels-photo-4682189.jpeg\" alt=\"Vue d\u00e9taill\u00e9e de c\u00e2bles \u00e0 fibres optiques connect\u00e9s \u00e0 un panneau de raccordement dans un centre de donn\u00e9es.\" class=\"uag-image-813\" width=\"258\" height=\"258\" title=\"services-05\" loading=\"lazy\" role=\"img\"\/><\/figure><\/div>\n<\/div>\n\n\n\n<div class=\"wp-block-group is-nowrap is-layout-flex wp-container-core-group-is-layout-6c531013 wp-block-group-is-layout-flex\">\n<div class=\"wp-block-uagb-container uagb-block-734584c5\">\n<div class=\"wp-block-uagb-advanced-heading uagb-block-0dee396c\"><div class=\"uagb-separator\"><\/div><h2 class=\"uagb-heading-text\">Gestion des op\u00e9rations LI<\/h2><p class=\"uagb-desc-text\">Notre service g\u00e9r\u00e9 d'interception l\u00e9gale fournit une assistance op\u00e9rationnelle compl\u00e8te, y compris la surveillance du syst\u00e8me 24 heures sur 24 et 7 jours sur 7, la gestion des mandats, le transfert s\u00e9curis\u00e9 aux autorit\u00e9s charg\u00e9es de l'application de la loi et la production de rapports de conformit\u00e9. Nous g\u00e9rons votre infrastructure d'interception l\u00e9gale afin que vous puissiez vous concentrer sur votre r\u00e9seau, tout en conservant une visibilit\u00e9 et un contr\u00f4le complets gr\u00e2ce \u00e0 notre portail de gestion.<\/p><\/div>\n\n\n\n<div class=\"wp-block-uagb-buttons uagb-buttons__outer-wrap uagb-btn__default-btn uagb-btn-tablet__default-btn uagb-btn-mobile__default-btn uagb-block-61f9686f\"><div class=\"uagb-buttons__wrap uagb-buttons-layout-wrap\">\n<div class=\"wp-block-uagb-buttons-child uagb-buttons__outer-wrap uagb-block-df38012e wp-block-button\"><div class=\"uagb-button__wrapper\"><a class=\"uagb-buttons-repeater wp-block-button__link\" aria-label=\"\" href=\"\/fr\/services\/operations-de-gestion-des-li\/\" rel=\"follow noopener\" target=\"_self\" role=\"button\"><div class=\"uagb-button__link\">Lire la suite<\/div><span class=\"uagb-button__icon uagb-button__icon-position-after\"><svg xmlns=\"https:\/\/www.w3.org\/2000\/svg\" viewbox=\"0 0 256 512\" aria-hidden=\"true\" focussable=\"false\"><path d=\"M64 448c-8.188 0-16.38-3.125-22.62-9.375c-12.5-12.5-12.5-32.75 0-45.25L178.8 256L41.38 118.6c-12.5-12.5-12.5-32.75 0-45.25s32.75-12.5 45.25 0l160 160c12.5 12.5 12.5 32.75 0 45.25l-160 160C80.38 444.9 72.19 448 64 448z\"><\/path><\/svg><\/span><\/a><\/div><\/div>\n<\/div><\/div>\n<\/div>\n<\/div>\n<\/div><\/div>\n\n\n\n<div class=\"wp-block-uagb-container uagb-block-0c412db5 alignfull uagb-is-root-container\"><div class=\"uagb-container-inner-blocks-wrap\">\n<div class=\"wp-block-group is-nowrap is-layout-flex wp-container-core-group-is-layout-6c531013 wp-block-group-is-layout-flex\">\n<div class=\"wp-block-uagb-container uagb-block-e1ff7d3a\">\n<div class=\"wp-block-uagb-advanced-heading uagb-block-1df7c5de\"><div class=\"uagb-separator\"><\/div><h2 class=\"uagb-heading-text\">Int\u00e9gration et d\u00e9veloppement sur mesure<\/h2><p class=\"uagb-desc-text\">Nous adaptons les solutions d'interception l\u00e9gale \u00e0 votre architecture de r\u00e9seau sp\u00e9cifique, \u00e0 vos syst\u00e8mes existants et \u00e0 vos exigences r\u00e9glementaires. Nos services d'int\u00e9gration comprennent des adaptateurs personnalis\u00e9s, des convertisseurs de protocole, des fonctions de m\u00e9diation et des interfaces de transfert qui comblent le foss\u00e9 entre votre environnement r\u00e9el et les obligations de conformit\u00e9 tout en maintenant l'alignement ETSI.<\/p><\/div>\n\n\n\n<div class=\"wp-block-uagb-buttons uagb-buttons__outer-wrap uagb-btn__default-btn uagb-btn-tablet__default-btn uagb-btn-mobile__default-btn uagb-block-61ea11eb\"><div class=\"uagb-buttons__wrap uagb-buttons-layout-wrap\">\n<div class=\"wp-block-uagb-buttons-child uagb-buttons__outer-wrap uagb-block-a98151e5 wp-block-button\"><div class=\"uagb-button__wrapper\"><a class=\"uagb-buttons-repeater wp-block-button__link\" aria-label=\"\" href=\"\/fr\/services\/integration-developpement-personnalise\/\" rel=\"follow noopener\" target=\"_self\" role=\"button\"><div class=\"uagb-button__link\">Lire la suite<\/div><span class=\"uagb-button__icon uagb-button__icon-position-after\"><svg xmlns=\"https:\/\/www.w3.org\/2000\/svg\" viewbox=\"0 0 256 512\" aria-hidden=\"true\" focussable=\"false\"><path d=\"M64 448c-8.188 0-16.38-3.125-22.62-9.375c-12.5-12.5-12.5-32.75 0-45.25L178.8 256L41.38 118.6c-12.5-12.5-12.5-32.75 0-45.25s32.75-12.5 45.25 0l160 160c12.5 12.5 12.5 32.75 0 45.25l-160 160C80.38 444.9 72.19 448 64 448z\"><\/path><\/svg><\/span><\/a><\/div><\/div>\n<\/div><\/div>\n<\/div>\n\n\n\n<div class=\"wp-block-uagb-container uagb-layout-flex uagb-block-c0e43976\">\n<div class=\"wp-block-uagb-image alignleft uagb-block-5306a3d4 wp-block-uagb-image--layout-default wp-block-uagb-image--effect-static wp-block-uagb-image--align-left\"><figure class=\"wp-block-uagb-image__figure\"><img decoding=\"async\" srcset=\"https:\/\/ic-services.io\/wp-content\/uploads\/2026\/02\/pexels-photo-113850-113850-1024x683.jpg ,https:\/\/ic-services.io\/wp-content\/uploads\/2026\/02\/pexels-photo-113850-113850-scaled.jpg 780w, https:\/\/ic-services.io\/wp-content\/uploads\/2026\/02\/pexels-photo-113850-113850-scaled.jpg 360w\" sizes=\"auto, (max-width: 480px) 150px\" src=\"https:\/\/ic-services.io\/wp-content\/uploads\/2026\/02\/pexels-photo-113850-113850-1024x683.jpg\" alt=\"Vue d\u00e9taill\u00e9e d&#039;un code source color\u00e9 affich\u00e9 sur un \u00e9cran d&#039;ordinateur, repr\u00e9sentant la programmation et la technologie modernes.\" class=\"uag-image-1591\" width=\"258\" height=\"258\" title=\"pexels photo 113850 113850\" loading=\"lazy\" role=\"img\"\/><\/figure><\/div>\n<\/div>\n<\/div>\n<\/div><\/div>\n\n\n\n<div class=\"wp-block-uagb-container uagb-block-86ad670d alignfull uagb-is-root-container\"><div class=\"uagb-container-inner-blocks-wrap\">\n<div class=\"wp-block-group is-nowrap is-layout-flex wp-container-core-group-is-layout-6c531013 wp-block-group-is-layout-flex\">\n<div class=\"wp-block-uagb-container uagb-layout-flex uagb-block-49c46b3d\">\n<div class=\"wp-block-uagb-image alignright uagb-block-d96255e0 wp-block-uagb-image--layout-default wp-block-uagb-image--effect-static wp-block-uagb-image--align-right\"><figure class=\"wp-block-uagb-image__figure\"><img decoding=\"async\" srcset=\"https:\/\/ic-services.io\/wp-content\/uploads\/2026\/02\/pexels-photo-7433827-7433827-1024x683.jpg ,https:\/\/ic-services.io\/wp-content\/uploads\/2026\/02\/pexels-photo-7433827-7433827-scaled.jpg 780w, https:\/\/ic-services.io\/wp-content\/uploads\/2026\/02\/pexels-photo-7433827-7433827-scaled.jpg 360w\" sizes=\"auto, (max-width: 480px) 150px\" src=\"https:\/\/ic-services.io\/wp-content\/uploads\/2026\/02\/pexels-photo-7433827-7433827-1024x683.jpg\" alt=\"Des cadres sup\u00e9rieurs discutent de documents dans un bureau d&#039;entreprise.\" class=\"uag-image-1681\" width=\"258\" height=\"258\" title=\"pexels photo 7433827 7433827\" loading=\"lazy\" role=\"img\"\/><\/figure><\/div>\n<\/div>\n\n\n\n<div class=\"wp-block-uagb-container uagb-block-a1958e86\">\n<div class=\"wp-block-uagb-advanced-heading uagb-block-5ca96e19\"><div class=\"uagb-separator\"><\/div><h2 class=\"uagb-heading-text\">Conseil et soutien r\u00e9glementaire<\/h2><p class=\"uagb-desc-text\">Notre \u00e9quipe de consultants vous aide \u00e0 comprendre et \u00e0 respecter les obligations en mati\u00e8re d'interception l\u00e9gale dans plusieurs juridictions. Nous fournissons des \u00e9valuations de conformit\u00e9, des conseils sur l'alignement des normes ETSI, une aide \u00e0 la conception de l'architecture et une pr\u00e9paration \u00e0 l'audit afin de garantir que vos syst\u00e8mes r\u00e9pondent aux exigences r\u00e9glementaires et passent les inspections.<\/p><\/div>\n\n\n\n<div class=\"wp-block-uagb-buttons uagb-buttons__outer-wrap uagb-btn__default-btn uagb-btn-tablet__default-btn uagb-btn-mobile__default-btn uagb-block-46153460\"><div class=\"uagb-buttons__wrap uagb-buttons-layout-wrap\">\n<div class=\"wp-block-uagb-buttons-child uagb-buttons__outer-wrap uagb-block-d645d467 wp-block-button\"><div class=\"uagb-button__wrapper\"><a class=\"uagb-buttons-repeater wp-block-button__link\" aria-label=\"\" href=\"\/fr\/services\/integration-developpement-personnalise\/\" rel=\"follow noopener\" target=\"_self\" role=\"button\"><div class=\"uagb-button__link\">Lire la suite<\/div><span class=\"uagb-button__icon uagb-button__icon-position-after\"><svg xmlns=\"https:\/\/www.w3.org\/2000\/svg\" viewbox=\"0 0 256 512\" aria-hidden=\"true\" focussable=\"false\"><path d=\"M64 448c-8.188 0-16.38-3.125-22.62-9.375c-12.5-12.5-12.5-32.75 0-45.25L178.8 256L41.38 118.6c-12.5-12.5-12.5-32.75 0-45.25s32.75-12.5 45.25 0l160 160c12.5 12.5 12.5 32.75 0 45.25l-160 160C80.38 444.9 72.19 448 64 448z\"><\/path><\/svg><\/span><\/a><\/div><\/div>\n<\/div><\/div>\n<\/div>\n<\/div>\n<\/div><\/div>\n\n\n\n<div class=\"wp-block-uagb-container uagb-block-ffb294d0 alignfull uagb-is-root-container\"><div class=\"uagb-container-inner-blocks-wrap\">\n<div class=\"wp-block-group is-nowrap is-layout-flex wp-container-core-group-is-layout-6c531013 wp-block-group-is-layout-flex\">\n<div class=\"wp-block-uagb-container uagb-block-5549ed4d\">\n<div class=\"wp-block-uagb-advanced-heading uagb-block-38c491c3\"><div class=\"uagb-separator\"><\/div><h2 class=\"uagb-heading-text\">Services de facturation<\/h2><p class=\"uagb-desc-text\">Nous g\u00e9rons l'ensemble du cycle de facturation et de remboursement des activit\u00e9s d'interception l\u00e9gale. Notre service suit automatiquement tous les \u00e9v\u00e9nements facturables, calcule les co\u00fbts conform\u00e9ment aux cadres applicables, g\u00e9n\u00e8re des factures conformes et g\u00e8re le recouvrement des paiements aupr\u00e8s des organismes charg\u00e9s de l'application de la loi, en s'adaptant aux r\u00e8gles et aux exigences des diff\u00e9rentes juridictions.<\/p><\/div>\n\n\n\n<div class=\"wp-block-uagb-buttons uagb-buttons__outer-wrap uagb-btn__default-btn uagb-btn-tablet__default-btn uagb-btn-mobile__default-btn uagb-block-051953c4\"><div class=\"uagb-buttons__wrap uagb-buttons-layout-wrap\">\n<div class=\"wp-block-uagb-buttons-child uagb-buttons__outer-wrap uagb-block-6af16c68 wp-block-button\"><div class=\"uagb-button__wrapper\"><a class=\"uagb-buttons-repeater wp-block-button__link\" aria-label=\"\" href=\"\/fr\/services\/services-de-facturation\/\" rel=\"follow noopener\" target=\"_self\" role=\"button\"><div class=\"uagb-button__link\">Lire la suite<\/div><span class=\"uagb-button__icon uagb-button__icon-position-after\"><svg xmlns=\"https:\/\/www.w3.org\/2000\/svg\" viewbox=\"0 0 256 512\" aria-hidden=\"true\" focussable=\"false\"><path d=\"M64 448c-8.188 0-16.38-3.125-22.62-9.375c-12.5-12.5-12.5-32.75 0-45.25L178.8 256L41.38 118.6c-12.5-12.5-12.5-32.75 0-45.25s32.75-12.5 45.25 0l160 160c12.5 12.5 12.5 32.75 0 45.25l-160 160C80.38 444.9 72.19 448 64 448z\"><\/path><\/svg><\/span><\/a><\/div><\/div>\n<\/div><\/div>\n<\/div>\n\n\n\n<div class=\"wp-block-uagb-container uagb-layout-flex uagb-block-35e87960\">\n<div class=\"wp-block-uagb-image alignleft uagb-block-76558478 wp-block-uagb-image--layout-default wp-block-uagb-image--effect-static wp-block-uagb-image--align-left\"><figure class=\"wp-block-uagb-image__figure\"><img decoding=\"async\" srcset=\"https:\/\/ic-services.io\/wp-content\/uploads\/2026\/02\/pexels-photo-8296977-8296977-1024x683.jpg ,https:\/\/ic-services.io\/wp-content\/uploads\/2026\/02\/pexels-photo-8296977-8296977-scaled.jpg 780w, https:\/\/ic-services.io\/wp-content\/uploads\/2026\/02\/pexels-photo-8296977-8296977-scaled.jpg 360w\" sizes=\"auto, (max-width: 480px) 150px\" src=\"https:\/\/ic-services.io\/wp-content\/uploads\/2026\/02\/pexels-photo-8296977-8296977-1024x683.jpg\" alt=\"Un comptable utilisant une calculatrice et signant des documents, illustrant l&#039;analyse financi\u00e8re.\" class=\"uag-image-1679\" width=\"258\" height=\"258\" title=\"pexels photo 8296977 8296977\" loading=\"lazy\" role=\"img\"\/><\/figure><\/div>\n<\/div>\n<\/div>\n<\/div><\/div>\n\n\n\n\n\n<div class=\"wp-block-uagb-container uagb-layout-grid uagb-block-508141bb alignfull uagb-is-root-container\"><div class=\"uagb-container-inner-blocks-wrap\">\n<div class=\"wp-block-uagb-advanced-heading uagb-block-09883dcf\"><div class=\"uagb-separator\"><\/div><h2 class=\"uagb-heading-text\">Notre approche syst\u00e9matique pour fournir des solutions compl\u00e8tes<\/h2><\/div>\n\n\n\n<div class=\"wp-block-uagb-container uagb-layout-grid uagb-block-aa24d0e8 alignfull uagb-is-root-container\"><div class=\"uagb-container-inner-blocks-wrap\">\n<div class=\"wp-block-uagb-info-box uagb-block-37efc996 uagb-infobox__content-wrap  uagb-infobox-icon-above-title uagb-infobox-image-valign-top\"><div class=\"uagb-ifb-content\"><div class=\"uagb-ifb-title-wrap\"><p class=\"uagb-ifb-title-prefix\">\u00c9tape 1<\/p><h3 class=\"uagb-ifb-title\">Consultation<\/h3><\/div><p class=\"uagb-ifb-desc\">Nous travaillons avec vos \u00e9quipes juridiques, techniques et de conformit\u00e9 pour comprendre vos obligations r\u00e9glementaires, l'architecture de votre r\u00e9seau, les contraintes op\u00e9rationnelles et les exigences de service dans toutes les juridictions o\u00f9 vous op\u00e9rez.<\/p><\/div><\/div>\n\n\n\n<div class=\"wp-block-uagb-info-box uagb-block-a83f2864 uagb-infobox__content-wrap  uagb-infobox-icon-above-title uagb-infobox-image-valign-top\"><div class=\"uagb-ifb-content\"><div class=\"uagb-ifb-title-wrap\"><p class=\"uagb-ifb-title-prefix\">\u00c9tape 2<\/p><h3 class=\"uagb-ifb-title\">Mise en \u0153uvre<\/h3><\/div><p class=\"uagb-ifb-desc\">Nous d\u00e9ployons, int\u00e9grons et configurons des syst\u00e8mes et des services d'interception l\u00e9gale adapt\u00e9s \u00e0 votre environnement sp\u00e9cifique, en veillant \u00e0 ce qu'ils fonctionnent de mani\u00e8re transparente avec votre infrastructure existante et \u00e0 ce qu'ils soient conformes \u00e0 toutes les normes applicables.<\/p><\/div><\/div>\n\n\n\n<div class=\"wp-block-uagb-info-box uagb-block-56e981fe uagb-infobox__content-wrap  uagb-infobox-icon-above-title uagb-infobox-image-valign-top\"><div class=\"uagb-ifb-content\"><div class=\"uagb-ifb-title-wrap\"><p class=\"uagb-ifb-title-prefix\">\u00c9tape 3<\/p><h3 class=\"uagb-ifb-title\">Soutien<\/h3><\/div><p class=\"uagb-ifb-desc\">Notre \u00e9quipe fournit une assistance op\u00e9rationnelle permanente, un suivi, des mises \u00e0 jour et des conseils en mati\u00e8re de r\u00e9glementation afin de garantir que votre environnement LI reste conforme, s\u00e9curis\u00e9 et pr\u00eat pour les audits au fur et \u00e0 mesure de l'\u00e9volution des r\u00e9glementations et des normes.<\/p><\/div><\/div>\n<\/div><\/div>\n<\/div><\/div>","protected":false},"excerpt":{"rendered":"<p>Managed LI Operations Our managed lawful interception service provides complete operational support including 24\/7 system monitoring, warrant management, secure handover [&hellip;]<\/p>\n","protected":false},"author":1,"featured_media":0,"parent":0,"menu_order":0,"comment_status":"closed","ping_status":"closed","template":"","meta":{"_uag_custom_page_level_css":"","site-sidebar-layout":"default","site-content-layout":"","ast-site-content-layout":"default","site-content-style":"default","site-sidebar-style":"default","ast-global-header-display":"","ast-banner-title-visibility":"","ast-main-header-display":"","ast-hfb-above-header-display":"","ast-hfb-below-header-display":"","ast-hfb-mobile-header-display":"","site-post-title":"disabled","ast-breadcrumbs-content":"","ast-featured-img":"","footer-sml-layout":"","ast-disable-related-posts":"","theme-transparent-header-meta":"default","adv-header-id-meta":"","stick-header-meta":"","header-above-stick-meta":"","header-main-stick-meta":"","header-below-stick-meta":"","astra-migrate-meta-layouts":"default","ast-page-background-enabled":"default","ast-page-background-meta":{"desktop":{"background-color":"var(--ast-global-color-5)","background-image":"","background-repeat":"repeat","background-position":"center center","background-size":"auto","background-attachment":"scroll","background-type":"","background-media":"","overlay-type":"","overlay-color":"","overlay-opacity":"","overlay-gradient":""},"tablet":{"background-color":"","background-image":"","background-repeat":"repeat","background-position":"center center","background-size":"auto","background-attachment":"scroll","background-type":"","background-media":"","overlay-type":"","overlay-color":"","overlay-opacity":"","overlay-gradient":""},"mobile":{"background-color":"","background-image":"","background-repeat":"repeat","background-position":"center center","background-size":"auto","background-attachment":"scroll","background-type":"","background-media":"","overlay-type":"","overlay-color":"","overlay-opacity":"","overlay-gradient":""}},"ast-content-background-meta":{"desktop":{"background-color":"var(--ast-global-color-4)","background-image":"","background-repeat":"repeat","background-position":"center center","background-size":"auto","background-attachment":"scroll","background-type":"","background-media":"","overlay-type":"","overlay-color":"","overlay-opacity":"","overlay-gradient":""},"tablet":{"background-color":"var(--ast-global-color-4)","background-image":"","background-repeat":"repeat","background-position":"center center","background-size":"auto","background-attachment":"scroll","background-type":"","background-media":"","overlay-type":"","overlay-color":"","overlay-opacity":"","overlay-gradient":""},"mobile":{"background-color":"var(--ast-global-color-4)","background-image":"","background-repeat":"repeat","background-position":"center center","background-size":"auto","background-attachment":"scroll","background-type":"","background-media":"","overlay-type":"","overlay-color":"","overlay-opacity":"","overlay-gradient":""}},"footnotes":""},"class_list":["post-13","page","type-page","status-publish","hentry"],"uagb_featured_image_src":{"full":false,"thumbnail":false,"medium":false,"medium_large":false,"large":false,"1536x1536":false,"2048x2048":false,"trp-custom-language-flag":false},"uagb_author_info":{"display_name":"ICS Team","author_link":"https:\/\/ic-services.io\/fr\/author\/operations_q0xnxjbe\/"},"uagb_comment_info":0,"uagb_excerpt":"Managed LI Operations Our managed lawful interception service provides complete operational support including 24\/7 system monitoring, warrant management, secure handover [&hellip;]","_links":{"self":[{"href":"https:\/\/ic-services.io\/fr\/wp-json\/wp\/v2\/pages\/13","targetHints":{"allow":["GET"]}}],"collection":[{"href":"https:\/\/ic-services.io\/fr\/wp-json\/wp\/v2\/pages"}],"about":[{"href":"https:\/\/ic-services.io\/fr\/wp-json\/wp\/v2\/types\/page"}],"author":[{"embeddable":true,"href":"https:\/\/ic-services.io\/fr\/wp-json\/wp\/v2\/users\/1"}],"replies":[{"embeddable":true,"href":"https:\/\/ic-services.io\/fr\/wp-json\/wp\/v2\/comments?post=13"}],"version-history":[{"count":10,"href":"https:\/\/ic-services.io\/fr\/wp-json\/wp\/v2\/pages\/13\/revisions"}],"predecessor-version":[{"id":1811,"href":"https:\/\/ic-services.io\/fr\/wp-json\/wp\/v2\/pages\/13\/revisions\/1811"}],"wp:attachment":[{"href":"https:\/\/ic-services.io\/fr\/wp-json\/wp\/v2\/media?parent=13"}],"curies":[{"name":"wp","href":"https:\/\/api.w.org\/{rel}","templated":true}]}}