{"id":1315,"date":"2026-01-27T14:37:25","date_gmt":"2026-01-27T13:37:25","guid":{"rendered":"https:\/\/dev.ic-services.io\/?page_id=1315"},"modified":"2026-02-25T14:58:09","modified_gmt":"2026-02-25T13:58:09","slug":"produits","status":"publish","type":"page","link":"https:\/\/ic-services.io\/fr\/products\/","title":{"rendered":"Produits"},"content":{"rendered":"<p>Notre section Produits propose une gamme compl\u00e8te de solutions d'interception l\u00e9gale. Nous fournissons \u00e0 la fois des plateformes logicielles et des appareils mat\u00e9riels con\u00e7us pour r\u00e9pondre aux besoins d'interception de la messagerie, de l'IP, de la VoIP, de l'OTT et de l'international. Toutes les offres sont \u00e9volutives et conformes aux normes ETSI. Explorez nos cat\u00e9gories de logiciels et d'appareils pour trouver la solution adapt\u00e9e \u00e0 votre r\u00e9seau et \u00e0 vos besoins r\u00e9glementaires.<\/p>\n\n\n\n<div class=\"wp-block-uagb-container uagb-block-0rdgylbd alignfull uagb-is-root-container\"><div class=\"uagb-container-inner-blocks-wrap\">\n<div class=\"wp-block-uagb-container uagb-block-od3neutp\">\n<div class=\"wp-block-uagb-info-box uagb-block-i9noz3so uagb-infobox__content-wrap  uagb-infobox-icon-above-title uagb-infobox-image-valign-top\"><div class=\"uagb-ifb-content\"><div class=\"uagb-ifb-title-wrap\"><p class=\"uagb-ifb-title-prefix\">Ensemble pour la r\u00e9ussite<\/p><h2 class=\"uagb-ifb-title\">Atteignez vos objectifs gr\u00e2ce \u00e0 nos conseils d'experts<\/h2><\/div><p class=\"uagb-ifb-desc\">De la gestion centralis\u00e9e des mandats et de la m\u00e9diation en temps r\u00e9el aux dispositifs de d\u00e9ploiement rapide pour les sc\u00e9narios sp\u00e9cialis\u00e9s, ICS vous offre tout ce dont vous avez besoin pour respecter les obligations r\u00e9glementaires dans tous les services et r\u00e9seaux.<\/p><\/div><\/div>\n\n\n\n<div class=\"wp-block-uagb-buttons uagb-buttons__outer-wrap uagb-btn__default-btn uagb-btn-tablet__default-btn uagb-btn-mobile__default-btn uagb-block-yvgajheb\"><div class=\"uagb-buttons__wrap uagb-buttons-layout-wrap\">\n<div class=\"wp-block-uagb-buttons-child uagb-buttons__outer-wrap uagb-block-uczr3dzd wp-block-button\"><div class=\"uagb-button__wrapper\"><a class=\"uagb-buttons-repeater wp-block-button__link\" aria-label=\"\" href=\"\/fr\/contact\/\" rel=\"follow noopener\" target=\"_self\" role=\"button\"><div class=\"uagb-button__link\">parler \u00e0 un expert<\/div><\/a><\/div><\/div>\n<\/div><\/div>\n<\/div>\n\n\n\n<div class=\"wp-block-uagb-image alignleft uagb-block-xicjutqr wp-block-uagb-image--layout-default wp-block-uagb-image--effect-static wp-block-uagb-image--align-left\"><figure class=\"wp-block-uagb-image__figure\"><img decoding=\"async\" srcset=\"https:\/\/ic-services.io\/wp-content\/uploads\/2026\/01\/gcae11156218ea16d50c0962f328db69716c5f187aebbbfd01f21f9379549ae0f0d80e18e39d7f109b9146ab9836596ecf7a3dc9c9a285b41977cd21dd6e675c2_1280-1587673-1024x768.jpg ,https:\/\/ic-services.io\/wp-content\/uploads\/2026\/01\/gcae11156218ea16d50c0962f328db69716c5f187aebbbfd01f21f9379549ae0f0d80e18e39d7f109b9146ab9836596ecf7a3dc9c9a285b41977cd21dd6e675c2_1280-1587673.jpg 780w, https:\/\/ic-services.io\/wp-content\/uploads\/2026\/01\/gcae11156218ea16d50c0962f328db69716c5f187aebbbfd01f21f9379549ae0f0d80e18e39d7f109b9146ab9836596ecf7a3dc9c9a285b41977cd21dd6e675c2_1280-1587673.jpg 360w\" sizes=\"auto, (max-width: 480px) 150px\" src=\"https:\/\/ic-services.io\/wp-content\/uploads\/2026\/01\/gcae11156218ea16d50c0962f328db69716c5f187aebbbfd01f21f9379549ae0f0d80e18e39d7f109b9146ab9836596ecf7a3dc9c9a285b41977cd21dd6e675c2_1280-1587673-1024x768.jpg\" alt=\"technologie, serveurs, serveur, serveurs, serveur, serveur, serveur, serveur, serveur, serveur, serveur, serveur\" class=\"uag-image-1460\" width=\"564\" height=\"500\" title=\"gcae11156218ea16d50c0962f328db69716c5f187aebbbfd01f21f9379549ae0f0d80e18e39d7f109b9146ab9836596ecf7a3dc9c9a285b41977cd21dd6e675c2 1280 1587673\" loading=\"lazy\" role=\"img\"\/><\/figure><\/div>\n<\/div><\/div>\n\n\n\n<div class=\"wp-block-uagb-container uagb-block-mdkwywor alignfull uagb-is-root-container\"><div class=\"uagb-container-inner-blocks-wrap\">\n<div class=\"wp-block-uagb-container uagb-block-jyom7co8\">\n<div class=\"wp-block-uagb-info-box uagb-block-0egagod4 uagb-infobox__content-wrap  uagb-infobox-icon-above-title uagb-infobox-image-valign-top wp-block-uagb-info-box--has-margin\"><div class=\"uagb-infobox-margin-wrapper\"><div class=\"uagb-ifb-content\"><div class=\"uagb-ifb-title-wrap\"><h2 class=\"uagb-ifb-title\">Nos cat\u00e9gories de produits<\/h2><\/div><p class=\"uagb-ifb-desc\">Les produits ICS sont organis\u00e9s en deux cat\u00e9gories principales : les plates-formes logicielles pour les environnements LI multiservices \u00e0 long terme et les appareils mat\u00e9riels pour les sc\u00e9narios temporaires, sp\u00e9cialis\u00e9s ou de migration. Ensemble, ils couvrent toute la gamme des besoins en mati\u00e8re d'interception l\u00e9gale.<\/p><\/div><\/div><\/div>\n\n\n\n<div class=\"wp-block-uagb-image alignleft uagb-block-ik38uakv wp-block-uagb-image--layout-default wp-block-uagb-image--effect-static wp-block-uagb-image--align-left\"><figure class=\"wp-block-uagb-image__figure\"><img decoding=\"async\" srcset=\"https:\/\/ic-services.io\/wp-content\/uploads\/2026\/02\/g0614efa747bb10b77ef6de425a39a4adf96209f4549f5ecd9baaf0ffc86d62144a1b7a39ae9c791e5043eddf1b8cfa3661b69c68ebeae555a78ac9cdaf08ab5a_1280-4393370-1024x659.jpg ,https:\/\/ic-services.io\/wp-content\/uploads\/2026\/02\/g0614efa747bb10b77ef6de425a39a4adf96209f4549f5ecd9baaf0ffc86d62144a1b7a39ae9c791e5043eddf1b8cfa3661b69c68ebeae555a78ac9cdaf08ab5a_1280-4393370.jpg 780w, https:\/\/ic-services.io\/wp-content\/uploads\/2026\/02\/g0614efa747bb10b77ef6de425a39a4adf96209f4549f5ecd9baaf0ffc86d62144a1b7a39ae9c791e5043eddf1b8cfa3661b69c68ebeae555a78ac9cdaf08ab5a_1280-4393370.jpg 360w\" sizes=\"auto, (max-width: 480px) 150px\" src=\"https:\/\/ic-services.io\/wp-content\/uploads\/2026\/02\/g0614efa747bb10b77ef6de425a39a4adf96209f4549f5ecd9baaf0ffc86d62144a1b7a39ae9c791e5043eddf1b8cfa3661b69c68ebeae555a78ac9cdaf08ab5a_1280-4393370-1024x659.jpg\" alt=\"serveur, baie de disques, disques durs, stockage, r\u00e9seau, edp, mat\u00e9riel, donn\u00e9es, internet, web, serveur, serveur, serveur, serveur, serveur, serveur.\" class=\"uag-image-1635\" width=\"564\" height=\"376\" title=\"g0614efa747bb10b77ef6de425a39a4adf96209f4549f5ecd9baaf0ffc86d62144a1b7a39ae9c791e5043eddf1b8cfa3661b69c68ebeae555a78ac9cdaf08ab5a 1280 4393370\" loading=\"lazy\" role=\"img\"\/><\/figure><\/div>\n\n\n\n<div class=\"wp-block-uagb-info-box uagb-block-p5ayfvh0 uagb-infobox__content-wrap  uagb-infobox-icon-above-title uagb-infobox-image-valign-top wp-block-uagb-info-box--has-margin\"><div class=\"uagb-infobox-margin-wrapper\"><div class=\"uagb-ifb-content\"><div class=\"uagb-ifb-title-wrap\"><h3 class=\"uagb-ifb-title\">Appareils \u00e9lectrom\u00e9nagers<\/h3><\/div><p class=\"uagb-ifb-desc\">Pour les situations o\u00f9 vous avez besoin d'un d\u00e9ploiement rapide ou de capacit\u00e9s sp\u00e9cialis\u00e9es, nos appareils offrent une interception l\u00e9gale pr\u00eate \u00e0 l'emploi. Le bo\u00eetier LI temporaire prend en charge l'interception de la VoIP, de l'IP et de la messagerie dans le cadre d'enqu\u00eates \u00e0 court terme ou de r\u00e9seaux pilotes, tandis que le convertisseur RTPC\/RNIS vers SIP assure la transition entre les r\u00e9seaux TDM existants et les r\u00e9seaux SIP modernes, garantissant ainsi une interception continue pendant et apr\u00e8s la migration.<\/p><\/div><\/div><\/div>\n\n\n\n<div class=\"wp-block-uagb-buttons uagb-buttons__outer-wrap uagb-btn__default-btn uagb-btn-tablet__default-btn uagb-btn-mobile__default-btn uagb-block-b7768950\"><div class=\"uagb-buttons__wrap uagb-buttons-layout-wrap\">\n<div class=\"wp-block-uagb-buttons-child uagb-buttons__outer-wrap uagb-block-2c1033e6 wp-block-button\"><div class=\"uagb-button__wrapper\"><a class=\"uagb-buttons-repeater wp-block-button__link\" aria-label=\"\" href=\"\/fr\/produits\/appareils\/\" rel=\"follow noopener\" target=\"_self\" role=\"button\"><div class=\"uagb-button__link\">Lire la suite<\/div><span class=\"uagb-button__icon uagb-button__icon-position-after\"><svg xmlns=\"https:\/\/www.w3.org\/2000\/svg\" viewbox=\"0 0 256 512\" aria-hidden=\"true\" focussable=\"false\"><path d=\"M64 448c-8.188 0-16.38-3.125-22.62-9.375c-12.5-12.5-12.5-32.75 0-45.25L178.8 256L41.38 118.6c-12.5-12.5-12.5-32.75 0-45.25s32.75-12.5 45.25 0l160 160c12.5 12.5 12.5 32.75 0 45.25l-160 160C80.38 444.9 72.19 448 64 448z\"><\/path><\/svg><\/span><\/a><\/div><\/div>\n<\/div><\/div>\n<\/div>\n\n\n\n<div class=\"wp-block-uagb-container uagb-block-zo9dmipg\">\n<div class=\"wp-block-uagb-image alignleft uagb-block-orqz2rkz wp-block-uagb-image--layout-default wp-block-uagb-image--effect-static wp-block-uagb-image--align-left\"><figure class=\"wp-block-uagb-image__figure\"><img decoding=\"async\" srcset=\"https:\/\/ic-services.io\/wp-content\/uploads\/2026\/02\/pexels-photo-1181271-1181271-1-1024x684.jpg ,https:\/\/ic-services.io\/wp-content\/uploads\/2026\/02\/pexels-photo-1181271-1181271-1-scaled.jpg 780w, https:\/\/ic-services.io\/wp-content\/uploads\/2026\/02\/pexels-photo-1181271-1181271-1-scaled.jpg 360w\" sizes=\"auto, (max-width: 480px) 150px\" src=\"https:\/\/ic-services.io\/wp-content\/uploads\/2026\/02\/pexels-photo-1181271-1181271-1-1024x684.jpg\" alt=\"Ordinateur portable affichant un code avec r\u00e9flexion, parfait pour les th\u00e8mes li\u00e9s \u00e0 la technologie et \u00e0 la programmation.\" class=\"uag-image-1647\" width=\"564\" height=\"376\" title=\"pexels photo 1181271 1181271 1\" loading=\"lazy\" role=\"img\"\/><\/figure><\/div>\n\n\n\n<div class=\"wp-block-uagb-info-box uagb-block-tcbngh9f uagb-infobox__content-wrap  uagb-infobox-icon-above-title uagb-infobox-image-valign-top wp-block-uagb-info-box--has-margin\"><div class=\"uagb-infobox-margin-wrapper\"><div class=\"uagb-ifb-content\"><div class=\"uagb-ifb-title-wrap\"><h3 class=\"uagb-ifb-title\">Solutions logicielles<\/h3><\/div><p class=\"uagb-ifb-desc\">Notre portefeuille de logiciels comprend un syst\u00e8me de gestion de l'interception l\u00e9gale (LIMS) qui centralise le traitement et l'approvisionnement des mandats, une plateforme de m\u00e9diation LI qui collecte et formate les donn\u00e9es intercept\u00e9es \u00e0 partir de r\u00e9seaux multifournisseurs, ainsi que des modules sp\u00e9cifiques pour la messagerie, l'IP, la VoIP et l'OTT. Tous les composants s'int\u00e8grent de mani\u00e8re transparente et sont conformes aux normes ETSI et 3GPP, ce qui vous permet d'exercer un contr\u00f4le de bout en bout, de l'ordre juridique au transfert s\u00e9curis\u00e9.<\/p><\/div><\/div><\/div>\n\n\n\n<div class=\"wp-block-uagb-buttons uagb-buttons__outer-wrap uagb-btn__default-btn uagb-btn-tablet__default-btn uagb-btn-mobile__default-btn uagb-block-b96a8f10\"><div class=\"uagb-buttons__wrap uagb-buttons-layout-wrap\">\n<div class=\"wp-block-uagb-buttons-child uagb-buttons__outer-wrap uagb-block-e2285c58 wp-block-button\"><div class=\"uagb-button__wrapper\"><a class=\"uagb-buttons-repeater wp-block-button__link\" aria-label=\"\" href=\"\/fr\/produits\/solutions-logicielles\/\" rel=\"follow noopener\" target=\"_self\" role=\"button\"><div class=\"uagb-button__link\">Lire la suite<\/div><span class=\"uagb-button__icon uagb-button__icon-position-after\"><svg xmlns=\"https:\/\/www.w3.org\/2000\/svg\" viewbox=\"0 0 256 512\" aria-hidden=\"true\" focussable=\"false\"><path d=\"M64 448c-8.188 0-16.38-3.125-22.62-9.375c-12.5-12.5-12.5-32.75 0-45.25L178.8 256L41.38 118.6c-12.5-12.5-12.5-32.75 0-45.25s32.75-12.5 45.25 0l160 160c12.5 12.5 12.5 32.75 0 45.25l-160 160C80.38 444.9 72.19 448 64 448z\"><\/path><\/svg><\/span><\/a><\/div><\/div>\n<\/div><\/div>\n\n\n\n<div class=\"wp-block-uagb-image alignleft uagb-block-iilj4g0q wp-block-uagb-image--layout-default wp-block-uagb-image--effect-static wp-block-uagb-image--align-left\"><figure class=\"wp-block-uagb-image__figure\"><img decoding=\"async\" srcset=\"https:\/\/ic-services.io\/wp-content\/uploads\/2026\/02\/pexels-photo-8867472-8867472-1024x683.jpg ,https:\/\/ic-services.io\/wp-content\/uploads\/2026\/02\/pexels-photo-8867472-8867472-scaled.jpg 780w, https:\/\/ic-services.io\/wp-content\/uploads\/2026\/02\/pexels-photo-8867472-8867472-scaled.jpg 360w\" sizes=\"auto, (max-width: 480px) 150px\" src=\"https:\/\/ic-services.io\/wp-content\/uploads\/2026\/02\/pexels-photo-8867472-8867472-1024x683.jpg\" alt=\"Deux employ\u00e9s d&#039;un centre d&#039;appel travaillant ensemble avec des \u00e9couteurs dans un bureau moderne.\" class=\"uag-image-1561\" width=\"564\" height=\"376\" title=\"pexels photo 8867472 8867472\" loading=\"lazy\" role=\"img\"\/><\/figure><\/div>\n\n\n\n<div class=\"wp-block-uagb-info-box uagb-block-2srcgl4k uagb-infobox__content-wrap  uagb-infobox-icon-above-title uagb-infobox-image-valign-top wp-block-uagb-info-box--has-margin\"><div class=\"uagb-infobox-margin-wrapper\"><div class=\"uagb-ifb-content\"><div class=\"uagb-ifb-title-wrap\"><h3 class=\"uagb-ifb-title\">Un service \u00e0 la client\u00e8le de qualit\u00e9 sup\u00e9rieure<\/h3><\/div><p class=\"uagb-ifb-desc\">Chaque produit ICS est accompagn\u00e9 de services professionnels, de formations et d'une assistance \u00e0 long terme. Nos experts vous aident dans la planification, l'int\u00e9gration, les tests d'acceptation et l'assistance op\u00e9rationnelle 24 heures sur 24, 7 jours sur 7, afin de garantir que votre environnement LI reste stable, conforme et pr\u00eat pour les audits.<\/p><\/div><\/div><\/div>\n<\/div>\n<\/div><\/div>\n\n\n\n<div class=\"wp-block-uagb-container uagb-block-x5ghs45m alignfull uagb-is-root-container\"><div class=\"uagb-container-inner-blocks-wrap\">\n<div class=\"wp-block-uagb-info-box uagb-block-4goimaw1 uagb-infobox__content-wrap  uagb-infobox-icon-above-title uagb-infobox-image-valign-top wp-block-uagb-info-box--has-margin\"><div class=\"uagb-infobox-margin-wrapper\"><div class=\"uagb-ifb-content\"><div class=\"uagb-ifb-title-wrap\"><h2 class=\"uagb-ifb-title\">Des solutions innovantes pour relever les d\u00e9fis modernes<\/h2><\/div><p class=\"uagb-ifb-desc\">Notre gamme de produits associe de puissantes plateformes logicielles \u00e0 des appareils sp\u00e9cialement con\u00e7us pour vous offrir une interception l\u00e9gale flexible et conforme aux normes, depuis la gestion des mandats jusqu'au transfert s\u00e9curis\u00e9. Que vous ayez besoin d'un environnement LI \u00e0 grande \u00e9chelle ou d'un d\u00e9ploiement temporaire, ICS vous fournit les outils ad\u00e9quats.<\/p><\/div><\/div><\/div>\n\n\n\n<div class=\"wp-block-uagb-container uagb-block-caun6p24\">\n<div class=\"wp-block-uagb-info-box uagb-block-uilux7em uagb-infobox__content-wrap  uagb-infobox-icon-above-title uagb-infobox-image-valign-top wp-block-uagb-info-box--has-margin\"><div class=\"uagb-infobox-margin-wrapper\"><div class=\"uagb-ifb-content\"><div class=\"uagb-ifb-icon-wrap\"><div class=\"uagb-iconbox-icon-wrap uagb-infobox-shape-circle\"><svg xmlns=\"https:\/\/www.w3.org\/2000\/svg\" viewbox=\"0 0 448 512\"><path d=\"M438.6 105.4C451.1 117.9 451.1 138.1 438.6 150.6L182.6 406.6C170.1 419.1 149.9 419.1 137.4 406.6L9.372 278.6C-3.124 266.1-3.124 245.9 9.372 233.4C21.87 220.9 42.13 220.9 54.63 233.4L159.1 338.7L393.4 105.4C405.9 92.88 426.1 92.88 438.6 105.4H438.6z\"><\/path><\/svg><\/div><\/div><div class=\"uagb-ifb-title-wrap\"><h3 class=\"uagb-ifb-title\">Interface utilisateur intuitive<\/h3><\/div><p class=\"uagb-ifb-desc\">Des interfaces s\u00e9curis\u00e9es, bas\u00e9es sur un navigateur, \u00e0 travers nos LIMS et nos plateformes de m\u00e9diation donnent aux utilisateurs autoris\u00e9s une visibilit\u00e9 claire des mandats, des cibles, de l'\u00e9tat du syst\u00e8me et des sessions de transfert. Les flux de travail guid\u00e9s r\u00e9duisent les erreurs de configuration, raccourcissent le temps de formation du personnel charg\u00e9 de la conformit\u00e9 et simplifient les op\u00e9rations quotidiennes.<\/p><\/div><\/div><\/div>\n\n\n\n<div class=\"wp-block-uagb-info-box uagb-block-speruisf uagb-infobox__content-wrap  uagb-infobox-icon-above-title uagb-infobox-image-valign-top wp-block-uagb-info-box--has-margin\"><div class=\"uagb-infobox-margin-wrapper\"><div class=\"uagb-ifb-content\"><div class=\"uagb-ifb-icon-wrap\"><div class=\"uagb-iconbox-icon-wrap uagb-infobox-shape-circle\"><svg xmlns=\"https:\/\/www.w3.org\/2000\/svg\" viewbox=\"0 0 448 512\"><path d=\"M438.6 105.4C451.1 117.9 451.1 138.1 438.6 150.6L182.6 406.6C170.1 419.1 149.9 419.1 137.4 406.6L9.372 278.6C-3.124 266.1-3.124 245.9 9.372 233.4C21.87 220.9 42.13 220.9 54.63 233.4L159.1 338.7L393.4 105.4C405.9 92.88 426.1 92.88 438.6 105.4H438.6z\"><\/path><\/svg><\/div><\/div><div class=\"uagb-ifb-title-wrap\"><h3 class=\"uagb-ifb-title\">Int\u00e9gration transparente<\/h3><\/div><p class=\"uagb-ifb-desc\">Nos logiciels et nos appareils utilisent des interfaces normalis\u00e9es (ETSI X1\/X2\/X3 et HI1\/HI2\/HI3, points de r\u00e9f\u00e9rence 3GPP) pour s'int\u00e9grer \u00e0 des \u00e9l\u00e9ments de r\u00e9seau multifournisseurs, \u00e0 des syst\u00e8mes de facturation, \u00e0 des centres d'op\u00e9rations nationaux et \u00e0 des syst\u00e8mes de s\u00e9curit\u00e9. Cela prot\u00e8ge vos investissements existants tout en permettant une interception coh\u00e9rente sur les r\u00e9seaux existants et de nouvelle g\u00e9n\u00e9ration.<\/p><\/div><\/div><\/div>\n\n\n\n<div class=\"wp-block-uagb-info-box uagb-block-gcmhlfu6 uagb-infobox__content-wrap  uagb-infobox-icon-above-title uagb-infobox-image-valign-top wp-block-uagb-info-box--has-margin\"><div class=\"uagb-infobox-margin-wrapper\"><div class=\"uagb-ifb-content\"><div class=\"uagb-ifb-icon-wrap\"><div class=\"uagb-iconbox-icon-wrap uagb-infobox-shape-circle\"><svg xmlns=\"https:\/\/www.w3.org\/2000\/svg\" viewbox=\"0 0 448 512\"><path d=\"M438.6 105.4C451.1 117.9 451.1 138.1 438.6 150.6L182.6 406.6C170.1 419.1 149.9 419.1 137.4 406.6L9.372 278.6C-3.124 266.1-3.124 245.9 9.372 233.4C21.87 220.9 42.13 220.9 54.63 233.4L159.1 338.7L393.4 105.4C405.9 92.88 426.1 92.88 438.6 105.4H438.6z\"><\/path><\/svg><\/div><\/div><div class=\"uagb-ifb-title-wrap\"><h3 class=\"uagb-ifb-title\">Automatisation avanc\u00e9e<\/h3><\/div><p class=\"uagb-ifb-desc\">Le provisionnement, le d\u00e9provisionnement et les contr\u00f4les de coh\u00e9rence automatis\u00e9s garantissent que l'interception n'est active que pour les cibles autoris\u00e9es pendant les fen\u00eatres temporelles sp\u00e9cifi\u00e9es. Cela permet de r\u00e9duire la charge de travail manuel, d'am\u00e9liorer la fiabilit\u00e9 et de d\u00e9montrer la conformit\u00e9 en s'assurant que les processus sont suivis \u00e0 la lettre.<\/p><\/div><\/div><\/div>\n<\/div>\n<\/div><\/div>\n\n\n\n<p><\/p>","protected":false},"excerpt":{"rendered":"<p>Our Products section offers a comprehensive range of lawful interception solutions. We provide both software platforms and hardware appliances designed [&hellip;]<\/p>\n","protected":false},"author":2,"featured_media":0,"parent":0,"menu_order":0,"comment_status":"closed","ping_status":"closed","template":"","meta":{"_uag_custom_page_level_css":"","site-sidebar-layout":"default","site-content-layout":"","ast-site-content-layout":"default","site-content-style":"default","site-sidebar-style":"default","ast-global-header-display":"","ast-banner-title-visibility":"","ast-main-header-display":"","ast-hfb-above-header-display":"","ast-hfb-below-header-display":"","ast-hfb-mobile-header-display":"","site-post-title":"","ast-breadcrumbs-content":"","ast-featured-img":"","footer-sml-layout":"","ast-disable-related-posts":"","theme-transparent-header-meta":"","adv-header-id-meta":"","stick-header-meta":"","header-above-stick-meta":"","header-main-stick-meta":"","header-below-stick-meta":"","astra-migrate-meta-layouts":"default","ast-page-background-enabled":"default","ast-page-background-meta":{"desktop":{"background-color":"var(--ast-global-color-5)","background-image":"","background-repeat":"repeat","background-position":"center center","background-size":"auto","background-attachment":"scroll","background-type":"","background-media":"","overlay-type":"","overlay-color":"","overlay-opacity":"","overlay-gradient":""},"tablet":{"background-color":"","background-image":"","background-repeat":"repeat","background-position":"center center","background-size":"auto","background-attachment":"scroll","background-type":"","background-media":"","overlay-type":"","overlay-color":"","overlay-opacity":"","overlay-gradient":""},"mobile":{"background-color":"","background-image":"","background-repeat":"repeat","background-position":"center center","background-size":"auto","background-attachment":"scroll","background-type":"","background-media":"","overlay-type":"","overlay-color":"","overlay-opacity":"","overlay-gradient":""}},"ast-content-background-meta":{"desktop":{"background-color":"var(--ast-global-color-4)","background-image":"","background-repeat":"repeat","background-position":"center center","background-size":"auto","background-attachment":"scroll","background-type":"","background-media":"","overlay-type":"","overlay-color":"","overlay-opacity":"","overlay-gradient":""},"tablet":{"background-color":"var(--ast-global-color-4)","background-image":"","background-repeat":"repeat","background-position":"center center","background-size":"auto","background-attachment":"scroll","background-type":"","background-media":"","overlay-type":"","overlay-color":"","overlay-opacity":"","overlay-gradient":""},"mobile":{"background-color":"var(--ast-global-color-4)","background-image":"","background-repeat":"repeat","background-position":"center center","background-size":"auto","background-attachment":"scroll","background-type":"","background-media":"","overlay-type":"","overlay-color":"","overlay-opacity":"","overlay-gradient":""}},"footnotes":""},"class_list":["post-1315","page","type-page","status-publish","hentry"],"uagb_featured_image_src":{"full":false,"thumbnail":false,"medium":false,"medium_large":false,"large":false,"1536x1536":false,"2048x2048":false,"trp-custom-language-flag":false},"uagb_author_info":{"display_name":"chatgpt","author_link":"https:\/\/ic-services.io\/fr\/author\/chatgpt\/"},"uagb_comment_info":0,"uagb_excerpt":"Our Products section offers a comprehensive range of lawful interception solutions. We provide both software platforms and hardware appliances designed [&hellip;]","_links":{"self":[{"href":"https:\/\/ic-services.io\/fr\/wp-json\/wp\/v2\/pages\/1315","targetHints":{"allow":["GET"]}}],"collection":[{"href":"https:\/\/ic-services.io\/fr\/wp-json\/wp\/v2\/pages"}],"about":[{"href":"https:\/\/ic-services.io\/fr\/wp-json\/wp\/v2\/types\/page"}],"author":[{"embeddable":true,"href":"https:\/\/ic-services.io\/fr\/wp-json\/wp\/v2\/users\/2"}],"replies":[{"embeddable":true,"href":"https:\/\/ic-services.io\/fr\/wp-json\/wp\/v2\/comments?post=1315"}],"version-history":[{"count":10,"href":"https:\/\/ic-services.io\/fr\/wp-json\/wp\/v2\/pages\/1315\/revisions"}],"predecessor-version":[{"id":2008,"href":"https:\/\/ic-services.io\/fr\/wp-json\/wp\/v2\/pages\/1315\/revisions\/2008"}],"wp:attachment":[{"href":"https:\/\/ic-services.io\/fr\/wp-json\/wp\/v2\/media?parent=1315"}],"curies":[{"name":"wp","href":"https:\/\/api.w.org\/{rel}","templated":true}]}}