{"id":1331,"date":"2026-01-27T15:25:31","date_gmt":"2026-01-27T14:25:31","guid":{"rendered":"https:\/\/dev.ic-services.io\/?page_id=1331"},"modified":"2026-02-25T15:41:01","modified_gmt":"2026-02-25T14:41:01","slug":"appareils","status":"publish","type":"page","link":"https:\/\/ic-services.io\/fr\/products\/appliances\/","title":{"rendered":"Appareils \u00e9lectrom\u00e9nagers"},"content":{"rendered":"<p>Nos appliances constituent des solutions mat\u00e9rielles d\u00e9di\u00e9es \u00e0 l'interception l\u00e9gale, offrant un d\u00e9ploiement pr\u00eat \u00e0 l'emploi et une \u00e9volutivit\u00e9 pour divers r\u00e9seaux de communication. Elles sont id\u00e9ales lorsque vous avez besoin de capacit\u00e9s d'interception rapides et fiables sans avoir \u00e0 construire une infrastructure personnalis\u00e9e compl\u00e8te.<a href=\"https:\/\/ic-services.io\/fr\/produits\/appareils\/boite-dinterception-legale-temporaire\/\" target=\"_blank\" rel=\"noreferrer noopener\"><\/a><br><\/p>\n\n\n\n<div class=\"wp-block-uagb-container uagb-block-thoqftfv alignfull uagb-is-root-container\"><div class=\"uagb-container-inner-blocks-wrap\">\n<div class=\"wp-block-uagb-info-box uagb-block-xlfao5s5 uagb-infobox__content-wrap  uagb-infobox-icon-above-title uagb-infobox-image-valign-top\"><div class=\"uagb-ifb-content\"><div class=\"uagb-ifb-title-wrap\"><h1 class=\"uagb-ifb-title\">Appareil de quincaillerie sur mesure<\/h1><\/div><p class=\"uagb-ifb-desc\">Les appliances ICS associent un logiciel LI pr\u00e9-int\u00e9gr\u00e9 \u00e0 un mat\u00e9riel optimis\u00e9 pour prendre en charge les op\u00e9rations \u00e0 court terme, les migrations patrimoniales et les sc\u00e9narios d'interception sp\u00e9cialis\u00e9s, tout en restant faciles \u00e0 d\u00e9ployer, \u00e0 exploiter et \u00e0 retirer.<\/p><\/div><\/div>\n\n\n\n<div class=\"wp-block-uagb-buttons uagb-buttons__outer-wrap uagb-btn__default-btn uagb-btn-tablet__default-btn uagb-btn-mobile__default-btn uagb-block-wdv7kw9r\"><div class=\"uagb-buttons__wrap uagb-buttons-layout-wrap\">\n<div class=\"wp-block-uagb-buttons-child uagb-buttons__outer-wrap uagb-block-yu23rhxo wp-block-button\"><div class=\"uagb-button__wrapper\"><a class=\"uagb-buttons-repeater wp-block-button__link\" aria-label=\"\" href=\"\/fr\/contact\/\" rel=\"follow noopener\" target=\"_self\" role=\"button\"><div class=\"uagb-button__link\">nous contacter<\/div><\/a><\/div><\/div>\n<\/div><\/div>\n<\/div><\/div>\n\n\n\n<div class=\"wp-block-uagb-container uagb-block-shn1zxxc alignfull uagb-is-root-container\"><div class=\"uagb-container-inner-blocks-wrap\">\n<div class=\"wp-block-uagb-container uagb-block-orywd1jx\">\n<div class=\"wp-block-group is-nowrap is-layout-flex wp-container-core-group-is-layout-6c531013 wp-block-group-is-layout-flex\">\n<div class=\"wp-block-uagb-image alignleft uagb-block-3hf6xqdr wp-block-uagb-image--layout-default wp-block-uagb-image--effect-static wp-block-uagb-image--align-left\"><figure class=\"wp-block-uagb-image__figure\"><img decoding=\"async\" srcset=\"https:\/\/ic-services.io\/wp-content\/uploads\/2026\/02\/g0614efa747bb10b77ef6de425a39a4adf96209f4549f5ecd9baaf0ffc86d62144a1b7a39ae9c791e5043eddf1b8cfa3661b69c68ebeae555a78ac9cdaf08ab5a_1280-4393370-1024x659.jpg ,https:\/\/ic-services.io\/wp-content\/uploads\/2026\/02\/g0614efa747bb10b77ef6de425a39a4adf96209f4549f5ecd9baaf0ffc86d62144a1b7a39ae9c791e5043eddf1b8cfa3661b69c68ebeae555a78ac9cdaf08ab5a_1280-4393370.jpg 780w, https:\/\/ic-services.io\/wp-content\/uploads\/2026\/02\/g0614efa747bb10b77ef6de425a39a4adf96209f4549f5ecd9baaf0ffc86d62144a1b7a39ae9c791e5043eddf1b8cfa3661b69c68ebeae555a78ac9cdaf08ab5a_1280-4393370.jpg 360w\" sizes=\"auto, (max-width: 480px) 150px\" src=\"https:\/\/ic-services.io\/wp-content\/uploads\/2026\/02\/g0614efa747bb10b77ef6de425a39a4adf96209f4549f5ecd9baaf0ffc86d62144a1b7a39ae9c791e5043eddf1b8cfa3661b69c68ebeae555a78ac9cdaf08ab5a_1280-4393370-1024x659.jpg\" alt=\"serveur, baie de disques, disques durs, stockage, r\u00e9seau, edp, mat\u00e9riel, donn\u00e9es, internet, web, serveur, serveur, serveur, serveur, serveur, serveur.\" class=\"uag-image-1635\" width=\"563\" height=\"400\" title=\"g0614efa747bb10b77ef6de425a39a4adf96209f4549f5ecd9baaf0ffc86d62144a1b7a39ae9c791e5043eddf1b8cfa3661b69c68ebeae555a78ac9cdaf08ab5a 1280 4393370\" loading=\"lazy\" role=\"img\"\/><\/figure><\/div>\n\n\n\n<div class=\"wp-block-uagb-container uagb-block-c336ed78\">\n<div class=\"wp-block-group is-layout-constrained wp-block-group-is-layout-constrained\">\n<div class=\"wp-block-uagb-info-box uagb-block-pnqpovpc uagb-infobox__content-wrap  uagb-infobox_cta-type-all uagb-infobox-icon-above-title uagb-infobox-image-valign-top\"><a href=\"\/fr\/produits\/appareils\/boite-dinterception-legale-temporaire\/\" class=\"uagb-infobox-link-wrap uagb-infbox__link-to-all\" target=\"_self\" aria-label=\"Lien Infobox\" rel=\"noopener noreferrer\" onclick=\"return true;\"><\/a><div class=\"uagb-ifb-content\"><div class=\"uagb-ifb-title-wrap\"><p class=\"uagb-ifb-title-prefix\">01<\/p><h3 class=\"uagb-ifb-title\">Bo\u00eete d'interception l\u00e9gale<\/h3><\/div><p class=\"uagb-ifb-desc\">Notre bo\u00eetier d'interception l\u00e9gale temporaire est un appareil \u00e0 d\u00e9ploiement rapide pour les enqu\u00eates \u00e0 court terme. Il prend en charge l'interception de la VoIP, de l'IP et de la messagerie dans les situations o\u00f9 une infrastructure LI compl\u00e8te n'est pas disponible ou pratique, comme les r\u00e9seaux pilotes, les projets temporaires ou les op\u00e9rations ad hoc. L'unit\u00e9 autonome combine la capture, la m\u00e9diation et le transfert s\u00e9curis\u00e9 et est disponible dans des tailles \u00e9volutives pour les d\u00e9ploiements de petite, moyenne et grande capacit\u00e9.<\/p><div class=\"uagb-ifb-button-wrapper wp-block-button\"><\/div><\/div><\/div>\n<\/div>\n\n\n\n<div class=\"wp-block-uagb-buttons uagb-buttons__outer-wrap uagb-btn__default-btn uagb-btn-tablet__default-btn uagb-btn-mobile__default-btn uagb-block-5bd65a5a\"><div class=\"uagb-buttons__wrap uagb-buttons-layout-wrap\">\n<div class=\"wp-block-uagb-buttons-child uagb-buttons__outer-wrap uagb-block-b7909728 wp-block-button\"><div class=\"uagb-button__wrapper\"><a class=\"uagb-buttons-repeater wp-block-button__link\" aria-label=\"\" href=\"\/fr\/produits\/appareils\/boite-dinterception-legale-temporaire\/\" rel=\"follow noopener\" target=\"_self\" role=\"button\"><div class=\"uagb-button__link\">En savoir plus<\/div><\/a><\/div><\/div>\n<\/div><\/div>\n<\/div>\n<\/div>\n<\/div>\n\n\n\n<div class=\"wp-block-uagb-container uagb-block-88w4msmq\">\n<div class=\"wp-block-uagb-image alignleft uagb-block-ses6reh2 wp-block-uagb-image--layout-default wp-block-uagb-image--effect-static wp-block-uagb-image--align-left\"><figure class=\"wp-block-uagb-image__figure\"><img decoding=\"async\" srcset=\"https:\/\/ic-services.io\/wp-content\/uploads\/2026\/02\/pexels-photo-2881232-2881232-1024x681.jpg ,https:\/\/ic-services.io\/wp-content\/uploads\/2026\/02\/pexels-photo-2881232-2881232-scaled.jpg 780w, https:\/\/ic-services.io\/wp-content\/uploads\/2026\/02\/pexels-photo-2881232-2881232-scaled.jpg 360w\" sizes=\"auto, (max-width: 480px) 150px\" src=\"https:\/\/ic-services.io\/wp-content\/uploads\/2026\/02\/pexels-photo-2881232-2881232-1024x681.jpg\" alt=\"Vue d\u00e9taill\u00e9e de c\u00e2bles Ethernet bleus connect\u00e9s \u00e0 un commutateur de r\u00e9seau dans un centre de donn\u00e9es.\" class=\"uag-image-1636\" width=\"563\" height=\"400\" title=\"pexels photo 2881232 2881232\" loading=\"lazy\" role=\"img\"\/><\/figure><\/div>\n\n\n\n<div class=\"wp-block-group is-nowrap is-layout-flex wp-container-core-group-is-layout-6c531013 wp-block-group-is-layout-flex\">\n<div class=\"wp-block-uagb-container uagb-block-9d3833e7\">\n<div class=\"wp-block-group is-layout-constrained wp-block-group-is-layout-constrained\">\n<div class=\"wp-block-uagb-info-box uagb-block-m67izham uagb-infobox__content-wrap  uagb-infobox_cta-type-all uagb-infobox-icon-above-title uagb-infobox-image-valign-top\"><a href=\"\/fr\/produits\/appareils\/convertisseur-pstn-isdn-vers-sip\/\" class=\"uagb-infobox-link-wrap uagb-infbox__link-to-all\" target=\"_self\" aria-label=\"Lien Infobox\" rel=\"noopener noreferrer\" onclick=\"return true;\"><\/a><div class=\"uagb-ifb-content\"><div class=\"uagb-ifb-title-wrap\"><p class=\"uagb-ifb-title-prefix\">02<\/p><h3 class=\"uagb-ifb-title\">Convertisseur PSDN\/ISDN vers SIP<\/h3><\/div><p class=\"uagb-ifb-desc\">Notre convertisseur RTPC\/RNIS vers SIP fait le lien entre les anciens r\u00e9seaux \u00e0 commutation de circuits et les communications modernes bas\u00e9es sur le protocole SIP, ce qui permet l'interception l\u00e9gale des services VoIP conform\u00e9ment \u00e0 la norme ETSI TS 102 232-5. Il transforme les flux de signalisation et de m\u00e9dias du RTPC\/RNIS en SIP afin que les plateformes LI existantes puissent continuer \u00e0 capturer et \u00e0 traiter les sessions vocales et multim\u00e9dias pendant et apr\u00e8s votre migration vers l'IP.<\/p><div class=\"uagb-ifb-button-wrapper wp-block-button\"><\/div><\/div><\/div>\n<\/div>\n\n\n\n<div class=\"wp-block-uagb-buttons uagb-buttons__outer-wrap uagb-btn__default-btn uagb-btn-tablet__default-btn uagb-btn-mobile__default-btn uagb-block-c7689567\"><div class=\"uagb-buttons__wrap uagb-buttons-layout-wrap\">\n<div class=\"wp-block-uagb-buttons-child uagb-buttons__outer-wrap uagb-block-52043c92 wp-block-button\"><div class=\"uagb-button__wrapper\"><a class=\"uagb-buttons-repeater wp-block-button__link\" aria-label=\"\" href=\"\/fr\/produits\/appareils\/convertisseur-pstn-isdn-vers-sip\/\" rel=\"follow noopener\" target=\"_self\" role=\"button\"><div class=\"uagb-button__link\">En savoir plus<\/div><\/a><\/div><\/div>\n<\/div><\/div>\n<\/div>\n<\/div>\n<\/div>\n<\/div><\/div>\n\n\n\n<p><\/p>","protected":false},"excerpt":{"rendered":"<p>Our appliances provide dedicated hardware solutions for lawful interception, offering plug\u2011and\u2011play deployment and scalability for various communication networks. They are [&hellip;]<\/p>\n","protected":false},"author":2,"featured_media":0,"parent":1315,"menu_order":0,"comment_status":"closed","ping_status":"closed","template":"","meta":{"_uag_custom_page_level_css":"","site-sidebar-layout":"default","site-content-layout":"","ast-site-content-layout":"default","site-content-style":"default","site-sidebar-style":"default","ast-global-header-display":"","ast-banner-title-visibility":"","ast-main-header-display":"","ast-hfb-above-header-display":"","ast-hfb-below-header-display":"","ast-hfb-mobile-header-display":"","site-post-title":"","ast-breadcrumbs-content":"","ast-featured-img":"","footer-sml-layout":"","ast-disable-related-posts":"","theme-transparent-header-meta":"","adv-header-id-meta":"","stick-header-meta":"","header-above-stick-meta":"","header-main-stick-meta":"","header-below-stick-meta":"","astra-migrate-meta-layouts":"default","ast-page-background-enabled":"default","ast-page-background-meta":{"desktop":{"background-color":"var(--ast-global-color-5)","background-image":"","background-repeat":"repeat","background-position":"center center","background-size":"auto","background-attachment":"scroll","background-type":"","background-media":"","overlay-type":"","overlay-color":"","overlay-opacity":"","overlay-gradient":""},"tablet":{"background-color":"","background-image":"","background-repeat":"repeat","background-position":"center center","background-size":"auto","background-attachment":"scroll","background-type":"","background-media":"","overlay-type":"","overlay-color":"","overlay-opacity":"","overlay-gradient":""},"mobile":{"background-color":"","background-image":"","background-repeat":"repeat","background-position":"center center","background-size":"auto","background-attachment":"scroll","background-type":"","background-media":"","overlay-type":"","overlay-color":"","overlay-opacity":"","overlay-gradient":""}},"ast-content-background-meta":{"desktop":{"background-color":"var(--ast-global-color-4)","background-image":"","background-repeat":"repeat","background-position":"center center","background-size":"auto","background-attachment":"scroll","background-type":"","background-media":"","overlay-type":"","overlay-color":"","overlay-opacity":"","overlay-gradient":""},"tablet":{"background-color":"var(--ast-global-color-4)","background-image":"","background-repeat":"repeat","background-position":"center center","background-size":"auto","background-attachment":"scroll","background-type":"","background-media":"","overlay-type":"","overlay-color":"","overlay-opacity":"","overlay-gradient":""},"mobile":{"background-color":"var(--ast-global-color-4)","background-image":"","background-repeat":"repeat","background-position":"center center","background-size":"auto","background-attachment":"scroll","background-type":"","background-media":"","overlay-type":"","overlay-color":"","overlay-opacity":"","overlay-gradient":""}},"footnotes":""},"class_list":["post-1331","page","type-page","status-publish","hentry"],"uagb_featured_image_src":{"full":false,"thumbnail":false,"medium":false,"medium_large":false,"large":false,"1536x1536":false,"2048x2048":false,"trp-custom-language-flag":false},"uagb_author_info":{"display_name":"chatgpt","author_link":"https:\/\/ic-services.io\/fr\/author\/chatgpt\/"},"uagb_comment_info":0,"uagb_excerpt":"Our appliances provide dedicated hardware solutions for lawful interception, offering plug\u2011and\u2011play deployment and scalability for various communication networks. They are [&hellip;]","_links":{"self":[{"href":"https:\/\/ic-services.io\/fr\/wp-json\/wp\/v2\/pages\/1331","targetHints":{"allow":["GET"]}}],"collection":[{"href":"https:\/\/ic-services.io\/fr\/wp-json\/wp\/v2\/pages"}],"about":[{"href":"https:\/\/ic-services.io\/fr\/wp-json\/wp\/v2\/types\/page"}],"author":[{"embeddable":true,"href":"https:\/\/ic-services.io\/fr\/wp-json\/wp\/v2\/users\/2"}],"replies":[{"embeddable":true,"href":"https:\/\/ic-services.io\/fr\/wp-json\/wp\/v2\/comments?post=1331"}],"version-history":[{"count":13,"href":"https:\/\/ic-services.io\/fr\/wp-json\/wp\/v2\/pages\/1331\/revisions"}],"predecessor-version":[{"id":1978,"href":"https:\/\/ic-services.io\/fr\/wp-json\/wp\/v2\/pages\/1331\/revisions\/1978"}],"up":[{"embeddable":true,"href":"https:\/\/ic-services.io\/fr\/wp-json\/wp\/v2\/pages\/1315"}],"wp:attachment":[{"href":"https:\/\/ic-services.io\/fr\/wp-json\/wp\/v2\/media?parent=1331"}],"curies":[{"name":"wp","href":"https:\/\/api.w.org\/{rel}","templated":true}]}}