{"id":1337,"date":"2026-01-27T15:34:03","date_gmt":"2026-01-27T14:34:03","guid":{"rendered":"https:\/\/dev.ic-services.io\/?page_id=1337"},"modified":"2026-02-17T13:12:53","modified_gmt":"2026-02-17T12:12:53","slug":"convertisseur-pstn-isdn-vers-sip","status":"publish","type":"page","link":"https:\/\/ic-services.io\/fr\/products\/appliances\/pstn-isdn-to-sip-converter\/","title":{"rendered":"Convertisseur RTC \/ RNIS vers SIP"},"content":{"rendered":"<p>Notre convertisseur RTPC\/RNIS vers SIP relie les anciens r\u00e9seaux \u00e0 commutation de circuits (RTPC et RNIS) aux communications modernes bas\u00e9es sur le protocole SIP, ce qui permet l'interception l\u00e9gale des services VoIP conform\u00e9ment \u00e0 la norme ETSI TS 102 232-5. Ce convertisseur transforme de mani\u00e8re transparente les flux de signaux et de m\u00e9dias des r\u00e9seaux PSDN\/ISDN en SIP, ce qui garantit que les sessions vocales et multim\u00e9dias peuvent \u00eatre captur\u00e9es par les plates-formes LI. Il permet aux op\u00e9rateurs et aux forces de l'ordre de continuer \u00e0 intercepter les appels lors de la migration d'une infrastructure existante vers des syst\u00e8mes vocaux bas\u00e9s sur le protocole IP.<\/p>\n\n\n\n<div class=\"wp-block-uagb-container uagb-block-d5fd1kqd alignfull uagb-is-root-container\">\n<div class=\"wp-block-uagb-container uagb-block-qyimtrnt\">\n<div class=\"wp-block-uagb-info-box uagb-block-rpxkrhyt uagb-infobox__content-wrap  uagb-infobox-icon-above-title uagb-infobox-image-valign-top\"><div class=\"uagb-ifb-content\"><div class=\"uagb-ifb-title-wrap\"><h1 class=\"uagb-ifb-title\">Convertisseur PSTN\/ISDN vers SIP&nbsp;<\/h1><\/div><\/div><\/div>\n\n\n\n<div class=\"wp-block-uagb-container uagb-block-xj6q2oqy\">\n<div class=\"wp-block-uagb-info-box uagb-block-wrytpe2w uagb-infobox__content-wrap  uagb-infobox-icon-above-title uagb-infobox-image-valign-top\"><div class=\"uagb-ifb-content\"><div class=\"uagb-ifb-title-wrap\"><\/div><p class=\"uagb-ifb-desc\">Notre dispositif de conversion RTPC\/RNIS vers SIP fait le lien entre les anciens r\u00e9seaux \u00e0 commutation de circuits (RTPC et RNIS) et les communications modernes bas\u00e9es sur le protocole SIP, ce qui permet l'interception l\u00e9gale des services VoIP conform\u00e9ment \u00e0 la norme ETSI TS 102 232-5. Il transforme les flux de signalisation et de m\u00e9dias du RTPC\/RNIS en SIP afin que les plates-formes LI existantes puissent capturer et traiter les sessions vocales et multim\u00e9dias sans modifications majeures de vos syst\u00e8mes centraux.<\/p><\/div><\/div>\n\n\n\n<div class=\"wp-block-uagb-buttons uagb-buttons__outer-wrap uagb-btn__default-btn uagb-btn-tablet__default-btn uagb-btn-mobile__default-btn uagb-block-nwjvfmwz\"><div class=\"uagb-buttons__wrap uagb-buttons-layout-wrap\">\n<div class=\"wp-block-uagb-buttons-child uagb-buttons__outer-wrap uagb-block-u60kijmk wp-block-button\"><div class=\"uagb-button__wrapper\"><a class=\"uagb-buttons-repeater wp-block-button__link\" aria-label=\"\" href=\"\/fr\/contact\/\" rel=\"follow noopener\" target=\"_self\" role=\"button\"><div class=\"uagb-button__link\">nous contacter<\/div><\/a><\/div><\/div>\n<\/div><\/div>\n<\/div>\n<\/div>\n\n\n\n<div class=\"wp-block-uagb-container uagb-block-74qvmv8c alignfull uagb-is-root-container\"><\/div>\n<\/div>\n\n\n\n<div class=\"wp-block-uagb-container uagb-block-3cqto3ha alignfull uagb-is-root-container\"><div class=\"uagb-container-inner-blocks-wrap\">\n<div class=\"wp-block-uagb-info-box uagb-block-72kuczxd uagb-infobox__content-wrap  uagb-infobox-icon-above-title uagb-infobox-image-valign-top\"><div class=\"uagb-ifb-content\"><div class=\"uagb-ifb-title-wrap\"><h2 class=\"uagb-ifb-title\">L'utilit\u00e9 de cet appareil<\/h2><\/div><\/div><\/div>\n\n\n\n<div class=\"wp-block-uagb-container uagb-block-gvjh1wa8\">\n<div class=\"wp-block-uagb-container uagb-block-w6wc8vxo\">\n<div class=\"wp-block-uagb-info-box uagb-block-uxyjioes uagb-infobox__content-wrap  uagb-infobox-icon-above-title uagb-infobox-image-valign-top\"><div class=\"uagb-ifb-content\"><div class=\"uagb-ifb-icon-wrap\"><svg xmlns=\"https:\/\/www.w3.org\/2000\/svg\" viewbox=\"0 0 448 512\"><path d=\"M438.6 105.4C451.1 117.9 451.1 138.1 438.6 150.6L182.6 406.6C170.1 419.1 149.9 419.1 137.4 406.6L9.372 278.6C-3.124 266.1-3.124 245.9 9.372 233.4C21.87 220.9 42.13 220.9 54.63 233.4L159.1 338.7L393.4 105.4C405.9 92.88 426.1 92.88 438.6 105.4H438.6z\"><\/path><\/svg><\/div><div class=\"uagb-ifb-title-wrap\"><h3 class=\"uagb-ifb-title\">Conseil strat\u00e9gique<\/h3><\/div><p class=\"uagb-ifb-desc\">Nous vous aidons \u00e0 planifier et \u00e0 concevoir le chemin de migration des environnements purement RTPC\/RNIS vers la voix bas\u00e9e sur le protocole SIP tout en maintenant des capacit\u00e9s continues d'interception l\u00e9gale. Cela comprend la d\u00e9finition de l'interface, l'emplacement du convertisseur et l'alignement sur les exigences de transfert de l'ETSI TS 102 232-5.<\/p><\/div><\/div>\n\n\n\n<div class=\"wp-block-uagb-buttons uagb-buttons__outer-wrap uagb-btn__default-btn uagb-btn-tablet__default-btn uagb-btn-mobile__default-btn uagb-block-e8jcr9kq\"><div class=\"uagb-buttons__wrap uagb-buttons-layout-wrap\">\n<div class=\"wp-block-uagb-buttons-child uagb-buttons__outer-wrap uagb-block-e7f52f24 wp-block-button\"><div class=\"uagb-button__wrapper\"><a class=\"uagb-buttons-repeater wp-block-button__link\" aria-label=\"\" href=\"\/fr\/services\/conseil-appui-reglementaire\/\" rel=\"follow noopener\" target=\"_self\" role=\"button\"><div class=\"uagb-button__link\">Cliquez ici<\/div><\/a><\/div><\/div>\n<\/div><\/div>\n<\/div>\n\n\n\n<div class=\"wp-block-uagb-container uagb-block-hs6tltjg\">\n<div class=\"wp-block-uagb-info-box uagb-block-26e7dudu uagb-infobox__content-wrap  uagb-infobox-icon-above-title uagb-infobox-image-valign-top\"><div class=\"uagb-ifb-content\"><div class=\"uagb-ifb-icon-wrap\"><svg xmlns=\"https:\/\/www.w3.org\/2000\/svg\" viewbox=\"0 0 448 512\"><path d=\"M438.6 105.4C451.1 117.9 451.1 138.1 438.6 150.6L182.6 406.6C170.1 419.1 149.9 419.1 137.4 406.6L9.372 278.6C-3.124 266.1-3.124 245.9 9.372 233.4C21.87 220.9 42.13 220.9 54.63 233.4L159.1 338.7L393.4 105.4C405.9 92.88 426.1 92.88 438.6 105.4H438.6z\"><\/path><\/svg><\/div><div class=\"uagb-ifb-title-wrap\"><h3 class=\"uagb-ifb-title\">D\u00e9ploiement et int\u00e9gration<\/h3><\/div><p class=\"uagb-ifb-desc\">ICS vous aide \u00e0 d\u00e9ployer le convertisseur dans votre r\u00e9seau, \u00e0 l'int\u00e9grer aux plateformes de m\u00e9diation et aux syst\u00e8mes LI existants, et \u00e0 tester l'interception des appels de bout en bout. Notre \u00e9quipe s'assure que la signalisation, les m\u00e9dias et les donn\u00e9es d'interception l\u00e9gale circulent de mani\u00e8re fiable \u00e0 travers le nouveau chemin bas\u00e9 sur SIP.<\/p><\/div><\/div>\n\n\n\n<div class=\"wp-block-uagb-buttons uagb-buttons__outer-wrap uagb-btn__default-btn uagb-btn-tablet__default-btn uagb-btn-mobile__default-btn uagb-block-fgubthue\"><div class=\"uagb-buttons__wrap uagb-buttons-layout-wrap\">\n<div class=\"wp-block-uagb-buttons-child uagb-buttons__outer-wrap uagb-block-867c8e35 wp-block-button\"><div class=\"uagb-button__wrapper\"><a class=\"uagb-buttons-repeater wp-block-button__link\" aria-label=\"\" href=\"\/fr\/services\/integration-developpement-personnalise\/\" rel=\"follow noopener\" target=\"_self\" role=\"button\"><div class=\"uagb-button__link\">Cliquez ici<\/div><\/a><\/div><\/div>\n<\/div><\/div>\n<\/div>\n\n\n\n<div class=\"wp-block-uagb-container uagb-block-buzd3nrk\">\n<div class=\"wp-block-uagb-info-box uagb-block-ebdnx2io uagb-infobox__content-wrap  uagb-infobox-icon-above-title uagb-infobox-image-valign-top\"><div class=\"uagb-ifb-content\"><div class=\"uagb-ifb-icon-wrap\"><svg xmlns=\"https:\/\/www.w3.org\/2000\/svg\" viewbox=\"0 0 448 512\"><path d=\"M438.6 105.4C451.1 117.9 451.1 138.1 438.6 150.6L182.6 406.6C170.1 419.1 149.9 419.1 137.4 406.6L9.372 278.6C-3.124 266.1-3.124 245.9 9.372 233.4C21.87 220.9 42.13 220.9 54.63 233.4L159.1 338.7L393.4 105.4C405.9 92.88 426.1 92.88 438.6 105.4H438.6z\"><\/path><\/svg><\/div><div class=\"uagb-ifb-title-wrap\"><h3 class=\"uagb-ifb-title\">Solutions technologiques<\/h3><\/div><p class=\"uagb-ifb-desc\">Au-del\u00e0 de l'appareil de conversion proprement dit, nous proposons des solutions logicielles et mat\u00e9rielles LI compl\u00e9mentaires afin que vous puissiez mettre en place une cha\u00eene d'interception compl\u00e8te, depuis l'acc\u00e8s TDM traditionnel jusqu'aux interfaces de transfert SIP modernes. Cela cr\u00e9e un environnement \u00e0 l'\u00e9preuve du temps o\u00f9 de nouveaux services peuvent \u00eatre ajout\u00e9s sans perte de visibilit\u00e9 ou de conformit\u00e9.<\/p><\/div><\/div>\n\n\n\n<div class=\"wp-block-uagb-buttons uagb-buttons__outer-wrap uagb-btn__default-btn uagb-btn-tablet__default-btn uagb-btn-mobile__default-btn uagb-block-l3fsd3th\"><div class=\"uagb-buttons__wrap uagb-buttons-layout-wrap\">\n<div class=\"wp-block-uagb-buttons-child uagb-buttons__outer-wrap uagb-block-5be6c4ed wp-block-button\"><div class=\"uagb-button__wrapper\"><a class=\"uagb-buttons-repeater wp-block-button__link\" aria-label=\"\" href=\"\/fr\/solutions\/\" rel=\"follow noopener\" target=\"_self\" role=\"button\"><div class=\"uagb-button__link\">Cliquez ici<\/div><\/a><\/div><\/div>\n<\/div><\/div>\n<\/div>\n<\/div>\n<\/div><\/div>","protected":false},"excerpt":{"rendered":"<p>Our PSTN\/ISDN to SIP Converter appliance bridges legacy circuit-switched networks (PSTN and ISDN) to modern SIP-based communications, enabling lawful interception [&hellip;]<\/p>\n","protected":false},"author":2,"featured_media":0,"parent":1331,"menu_order":0,"comment_status":"closed","ping_status":"closed","template":"","meta":{"_uag_custom_page_level_css":"","site-sidebar-layout":"default","site-content-layout":"","ast-site-content-layout":"default","site-content-style":"default","site-sidebar-style":"default","ast-global-header-display":"","ast-banner-title-visibility":"","ast-main-header-display":"","ast-hfb-above-header-display":"","ast-hfb-below-header-display":"","ast-hfb-mobile-header-display":"","site-post-title":"","ast-breadcrumbs-content":"","ast-featured-img":"","footer-sml-layout":"","ast-disable-related-posts":"","theme-transparent-header-meta":"","adv-header-id-meta":"","stick-header-meta":"","header-above-stick-meta":"","header-main-stick-meta":"","header-below-stick-meta":"","astra-migrate-meta-layouts":"default","ast-page-background-enabled":"default","ast-page-background-meta":{"desktop":{"background-color":"var(--ast-global-color-5)","background-image":"","background-repeat":"repeat","background-position":"center center","background-size":"auto","background-attachment":"scroll","background-type":"","background-media":"","overlay-type":"","overlay-color":"","overlay-opacity":"","overlay-gradient":""},"tablet":{"background-color":"","background-image":"","background-repeat":"repeat","background-position":"center center","background-size":"auto","background-attachment":"scroll","background-type":"","background-media":"","overlay-type":"","overlay-color":"","overlay-opacity":"","overlay-gradient":""},"mobile":{"background-color":"","background-image":"","background-repeat":"repeat","background-position":"center center","background-size":"auto","background-attachment":"scroll","background-type":"","background-media":"","overlay-type":"","overlay-color":"","overlay-opacity":"","overlay-gradient":""}},"ast-content-background-meta":{"desktop":{"background-color":"var(--ast-global-color-4)","background-image":"","background-repeat":"repeat","background-position":"center center","background-size":"auto","background-attachment":"scroll","background-type":"","background-media":"","overlay-type":"","overlay-color":"","overlay-opacity":"","overlay-gradient":""},"tablet":{"background-color":"var(--ast-global-color-4)","background-image":"","background-repeat":"repeat","background-position":"center center","background-size":"auto","background-attachment":"scroll","background-type":"","background-media":"","overlay-type":"","overlay-color":"","overlay-opacity":"","overlay-gradient":""},"mobile":{"background-color":"var(--ast-global-color-4)","background-image":"","background-repeat":"repeat","background-position":"center center","background-size":"auto","background-attachment":"scroll","background-type":"","background-media":"","overlay-type":"","overlay-color":"","overlay-opacity":"","overlay-gradient":""}},"footnotes":""},"class_list":["post-1337","page","type-page","status-publish","hentry"],"uagb_featured_image_src":{"full":false,"thumbnail":false,"medium":false,"medium_large":false,"large":false,"1536x1536":false,"2048x2048":false,"trp-custom-language-flag":false},"uagb_author_info":{"display_name":"chatgpt","author_link":"https:\/\/ic-services.io\/fr\/author\/chatgpt\/"},"uagb_comment_info":0,"uagb_excerpt":"Our PSTN\/ISDN to SIP Converter appliance bridges legacy circuit-switched networks (PSTN and ISDN) to modern SIP-based communications, enabling lawful interception [&hellip;]","_links":{"self":[{"href":"https:\/\/ic-services.io\/fr\/wp-json\/wp\/v2\/pages\/1337","targetHints":{"allow":["GET"]}}],"collection":[{"href":"https:\/\/ic-services.io\/fr\/wp-json\/wp\/v2\/pages"}],"about":[{"href":"https:\/\/ic-services.io\/fr\/wp-json\/wp\/v2\/types\/page"}],"author":[{"embeddable":true,"href":"https:\/\/ic-services.io\/fr\/wp-json\/wp\/v2\/users\/2"}],"replies":[{"embeddable":true,"href":"https:\/\/ic-services.io\/fr\/wp-json\/wp\/v2\/comments?post=1337"}],"version-history":[{"count":5,"href":"https:\/\/ic-services.io\/fr\/wp-json\/wp\/v2\/pages\/1337\/revisions"}],"predecessor-version":[{"id":1940,"href":"https:\/\/ic-services.io\/fr\/wp-json\/wp\/v2\/pages\/1337\/revisions\/1940"}],"up":[{"embeddable":true,"href":"https:\/\/ic-services.io\/fr\/wp-json\/wp\/v2\/pages\/1331"}],"wp:attachment":[{"href":"https:\/\/ic-services.io\/fr\/wp-json\/wp\/v2\/media?parent=1337"}],"curies":[{"name":"wp","href":"https:\/\/api.w.org\/{rel}","templated":true}]}}