{"id":1345,"date":"2026-01-27T15:48:36","date_gmt":"2026-01-27T14:48:36","guid":{"rendered":"https:\/\/dev.ic-services.io\/?page_id=1345"},"modified":"2026-02-24T20:20:30","modified_gmt":"2026-02-24T19:20:30","slug":"conseil-appui-reglementaire","status":"publish","type":"page","link":"https:\/\/ic-services.io\/fr\/services\/consulting-regulatory-support\/","title":{"rendered":"Conseil et soutien r\u00e9glementaire"},"content":{"rendered":"<p>Nous fournissons des services de conseil et d'assistance r\u00e9glementaire, notamment des \u00e9valuations de conformit\u00e9, l'alignement sur les normes ETSI, la conception d'architectures r\u00e9pondant aux exigences des organismes charg\u00e9s de l'application de la loi, ainsi qu'une assistance lors des audits et des certifications.<\/p>\n\n\n\n<p><\/p>\n\n\n\n<div class=\"wp-block-uagb-container uagb-block-e3agvtgj alignfull uagb-is-root-container\">\n<div class=\"wp-block-uagb-container uagb-block-ujls6tzt\">\n<div class=\"wp-block-uagb-info-box uagb-block-owujcise uagb-infobox__content-wrap  uagb-infobox-icon-above-title uagb-infobox-image-valign-top\"><div class=\"uagb-ifb-content\"><div class=\"uagb-ifb-title-wrap\"><h1 class=\"uagb-ifb-title\">Conseils d'experts sur le paysage de la conformit\u00e9<\/h1><\/div><\/div><\/div>\n\n\n\n<div class=\"wp-block-uagb-container uagb-block-filrnfcf\">\n<div class=\"wp-block-uagb-info-box uagb-block-adegvkqb uagb-infobox__content-wrap  uagb-infobox-icon-above-title uagb-infobox-image-valign-top\"><div class=\"uagb-ifb-content\"><div class=\"uagb-ifb-title-wrap\"><\/div><p class=\"uagb-ifb-desc\">Les obligations en mati\u00e8re d'interception l\u00e9gale couvrent de multiples r\u00e9glementations, normes techniques et exigences nationales. Nos services de conseil aident les fournisseurs de services de communication \u00e0 comprendre leurs obligations, \u00e0 se mettre en conformit\u00e9 et \u00e0 maintenir cette conformit\u00e9 au fur et \u00e0 mesure de l'\u00e9volution des r\u00e9glementations.<\/p><\/div><\/div>\n\n\n\n<div class=\"wp-block-uagb-buttons uagb-buttons__outer-wrap uagb-btn__default-btn uagb-btn-tablet__default-btn uagb-btn-mobile__default-btn uagb-block-5g8aotzw\"><div class=\"uagb-buttons__wrap uagb-buttons-layout-wrap\">\n<div class=\"wp-block-uagb-buttons-child uagb-buttons__outer-wrap uagb-block-vu5ys5je wp-block-button\"><div class=\"uagb-button__wrapper\"><a class=\"uagb-buttons-repeater wp-block-button__link\" aria-label=\"\" href=\"\/fr\/contact\/\" rel=\"follow noopener\" target=\"_self\" role=\"button\"><div class=\"uagb-button__link\">parler \u00e0 un expert<\/div><\/a><\/div><\/div>\n<\/div><\/div>\n<\/div>\n<\/div>\n\n\n\n<div class=\"wp-block-uagb-container uagb-block-6oltmjuz alignfull uagb-is-root-container\"><\/div>\n<\/div>\n\n\n\n<div class=\"wp-block-uagb-container uagb-block-yb9fzk0w alignfull uagb-is-root-container\"><div class=\"uagb-container-inner-blocks-wrap\">\n<div class=\"wp-block-uagb-info-box uagb-block-i2suc4oh uagb-infobox__content-wrap  uagb-infobox-icon-above-title uagb-infobox-image-valign-top\"><div class=\"uagb-ifb-content\"><div class=\"uagb-ifb-title-wrap\"><h2 class=\"uagb-ifb-title\">Comment nous vous aidons \u00e0 respecter la LI<\/h2><\/div><\/div><\/div>\n\n\n\n<div class=\"wp-block-uagb-info-box uagb-block-d3eysd3a uagb-infobox__content-wrap  uagb-infobox-icon-above-title uagb-infobox-image-valign-top wp-block-uagb-info-box--has-margin\"><div class=\"uagb-infobox-margin-wrapper\"><div class=\"uagb-ifb-content\"><div class=\"uagb-ifb-title-wrap\"><p class=\"uagb-ifb-title-prefix\">Comprendre et respecter vos obligations l\u00e9gales<\/p><p class=\"uagb-ifb-title\">Pour d\u00e9terminer vos obligations en mati\u00e8re d'interception l\u00e9gale, vous devez proc\u00e9der \u00e0 une analyse minutieuse de vos services, des juridictions dans lesquelles vous op\u00e9rez et des lois nationales applicables. Chaque pays a des exigences, des d\u00e9lais et des proc\u00e9dures d'approbation sp\u00e9cifiques, et les services sont class\u00e9s diff\u00e9remment selon qu'il s'agit de t\u00e9l\u00e9phonie traditionnelle, d'IP, de messagerie OTT ou d'autres types de communication.<\/p><\/div><p class=\"uagb-ifb-desc\">Notre \u00e9quipe de consultants a une exp\u00e9rience directe de la collaboration avec les organismes de r\u00e9glementation europ\u00e9ens, de la mise en \u0153uvre de solutions dans le cadre de plusieurs versions de la norme ETSI et de la gestion des relations avec les organismes charg\u00e9s de l'application de la loi. Nous traduisons la complexit\u00e9 de la r\u00e9glementation en conseils clairs et exploitables qui vous aident \u00e0 mettre en place des syst\u00e8mes conformes, \u00e0 r\u00e9ussir les audits et \u00e0 conserver une bonne r\u00e9putation aupr\u00e8s des autorit\u00e9s de r\u00e9glementation au fil du temps.<\/p><\/div><\/div><\/div>\n<\/div><\/div>\n\n\n\n<p><\/p>\n\n\n\n<div class=\"wp-block-uagb-container uagb-block-bksvmehh alignfull uagb-is-root-container\"><div class=\"uagb-container-inner-blocks-wrap\">\n<div class=\"wp-block-uagb-info-box uagb-block-ptpfllyo uagb-infobox__content-wrap  uagb-infobox-icon-above-title uagb-infobox-image-valign-top\"><div class=\"uagb-ifb-content\"><div class=\"uagb-ifb-title-wrap\"><h2 class=\"uagb-ifb-title\">Nos services<\/h2><\/div><p class=\"uagb-ifb-desc\">D\u00e9couvrez la gamme de services que nous proposons pour renforcer vos obligations l\u00e9gales.<\/p><\/div><\/div>\n\n\n\n<div class=\"wp-block-uagb-container uagb-layout-grid uagb-block-3aayzdc7\">\n<div class=\"wp-block-uagb-container uagb-block-ww7e0oh7\">\n<div class=\"wp-block-uagb-info-box uagb-block-woysavmf uagb-infobox__content-wrap  uagb-infobox-icon-above-title uagb-infobox-image-valign-top\"><div class=\"uagb-ifb-content\"><div class=\"uagb-ifb-title-wrap\"><p class=\"uagb-ifb-title-prefix\">01<\/p><h3 class=\"uagb-ifb-title\">\u00c9valuation de la conformit\u00e9<\/h3><\/div><p class=\"uagb-ifb-desc\">Nous analysons vos services, vos obligations r\u00e9glementaires et vos capacit\u00e9s actuelles afin d'identifier les lacunes et de cr\u00e9er une feuille de route hi\u00e9rarchis\u00e9e. L'\u00e9valuation comprend la classification des services, l'analyse de la port\u00e9e juridictionnelle, l'examen des capacit\u00e9s techniques et l'\u00e9tat de la documentation, ce qui donne lieu \u00e0 un rapport d\u00e9taill\u00e9 avec des recommandations de rem\u00e9diation.<\/p><\/div><\/div>\n<\/div>\n\n\n\n<div class=\"wp-block-uagb-container uagb-block-baq6e57y\">\n<div class=\"wp-block-uagb-info-box uagb-block-4iwun2tj uagb-infobox__content-wrap  uagb-infobox-icon-above-title uagb-infobox-image-valign-top\"><div class=\"uagb-ifb-content\"><div class=\"uagb-ifb-title-wrap\"><p class=\"uagb-ifb-title-prefix\">02<\/p><h3 class=\"uagb-ifb-title\">Alignement des normes ETSI<\/h3><\/div><p class=\"uagb-ifb-desc\">Nous vous aidons \u00e0 faire correspondre vos types de services aux sp\u00e9cifications ETSI appropri\u00e9es et \u00e0 mettre en \u0153uvre les interfaces et les formats de transfert requis. Nous vous conseillons notamment sur la validation des sch\u00e9mas, le codage des messages et les tests d'interop\u00e9rabilit\u00e9 afin de garantir que votre syst\u00e8me respecte toutes les normes applicables.<\/p><\/div><\/div>\n<\/div>\n\n\n\n<div class=\"wp-block-uagb-container uagb-block-k1cjrqf7\">\n<div class=\"wp-block-uagb-info-box uagb-block-akluuvmh uagb-infobox__content-wrap  uagb-infobox-icon-above-title uagb-infobox-image-valign-top\"><div class=\"uagb-ifb-content\"><div class=\"uagb-ifb-title-wrap\"><p class=\"uagb-ifb-title-prefix\">03<\/p><h3 class=\"uagb-ifb-title\">Conception de l'architecture<\/h3><\/div><p class=\"uagb-ifb-desc\">Nos architectes travaillent avec vos \u00e9quipes pour concevoir des syst\u00e8mes de LI qui concilient les exigences r\u00e9glementaires, les contraintes op\u00e9rationnelles et les consid\u00e9rations de s\u00e9curit\u00e9. Nous d\u00e9finissons l'emplacement des points d'interception, la structure des fonctions de m\u00e9diation et de livraison et la mani\u00e8re de garantir l'\u00e9volutivit\u00e9 et la redondance.<\/p><\/div><\/div>\n<\/div>\n\n\n\n<div class=\"wp-block-uagb-container uagb-block-tecm0jv3\">\n<div class=\"wp-block-uagb-info-box uagb-block-glhqd0rq uagb-infobox__content-wrap  uagb-infobox-icon-above-title uagb-infobox-image-valign-top\"><div class=\"uagb-ifb-content\"><div class=\"uagb-ifb-title-wrap\"><p class=\"uagb-ifb-title-prefix\">04<\/p><h3 class=\"uagb-ifb-title\">Soutien \u00e0 l'audit et \u00e0 la certification<\/h3><\/div><p class=\"uagb-ifb-desc\">Nous vous pr\u00e9parons aux audits r\u00e9glementaires en organisant la documentation, en v\u00e9rifiant les syst\u00e8mes techniques, en validant les proc\u00e9dures et en informant le personnel. Pendant l'audit, nous assurons la coordination avec les r\u00e9gulateurs, nous soutenons les d\u00e9monstrations techniques et nous aidons \u00e0 r\u00e9pondre aux conclusions. Apr\u00e8s l'audit, nous vous aidons \u00e0 planifier les mesures correctives et \u00e0 documenter la fermeture.<\/p><\/div><\/div>\n<\/div>\n\n\n\n<div class=\"wp-block-uagb-container uagb-block-cst8v88f\">\n<div class=\"wp-block-uagb-info-box uagb-block-0jhfhqp1 uagb-infobox__content-wrap  uagb-infobox-icon-above-title uagb-infobox-image-valign-top\"><div class=\"uagb-ifb-content\"><div class=\"uagb-ifb-title-wrap\"><p class=\"uagb-ifb-title-prefix\">05<\/p><h3 class=\"uagb-ifb-title\">Embarquement dans l'agence<\/h3><\/div><p class=\"uagb-ifb-desc\">L'\u00e9tablissement d'une connectivit\u00e9 avec les installations de surveillance des forces de l'ordre n\u00e9cessite une coordination structur\u00e9e. Nous g\u00e9rons l'ensemble du processus d'int\u00e9gration, depuis la v\u00e9rification des autorit\u00e9s et l'\u00e9tablissement des contacts jusqu'\u00e0 la configuration technique, les essais, la confirmation des proc\u00e9dures et la mise en service de la production.<\/p><\/div><\/div>\n<\/div>\n\n\n\n<div class=\"wp-block-uagb-container uagb-block-eypq8tox\">\n<div class=\"wp-block-uagb-info-box uagb-block-iheyapux uagb-infobox__content-wrap  uagb-infobox-icon-above-title uagb-infobox-image-valign-top\"><div class=\"uagb-ifb-content\"><div class=\"uagb-ifb-title-wrap\"><p class=\"uagb-ifb-title-prefix\">06<\/p><h3 class=\"uagb-ifb-title\">Conseil permanent<\/h3><\/div><p class=\"uagb-ifb-desc\">La conformit\u00e9 exige une attention permanente car les r\u00e9glementations et les normes \u00e9voluent. Nos services consultatifs g\u00e9r\u00e9s assurent une veille r\u00e9glementaire permanente dans toutes les juridictions, un suivi des publications de l'ETSI, une \u00e9valuation de l'impact des changements en cours et un acc\u00e8s \u00e0 la consultation \u00e0 la demande pour les questions op\u00e9rationnelles.<\/p><\/div><\/div>\n<\/div>\n<\/div>\n<\/div><\/div>","protected":false},"excerpt":{"rendered":"<p>We provide consulting and regulatory support services, including compliance assessments, ETSI standards alignment, architecture design for law enforcement agency requirements, [&hellip;]<\/p>\n","protected":false},"author":2,"featured_media":0,"parent":13,"menu_order":0,"comment_status":"closed","ping_status":"closed","template":"","meta":{"_uag_custom_page_level_css":"","site-sidebar-layout":"default","site-content-layout":"","ast-site-content-layout":"default","site-content-style":"default","site-sidebar-style":"default","ast-global-header-display":"","ast-banner-title-visibility":"","ast-main-header-display":"","ast-hfb-above-header-display":"","ast-hfb-below-header-display":"","ast-hfb-mobile-header-display":"","site-post-title":"","ast-breadcrumbs-content":"","ast-featured-img":"","footer-sml-layout":"","ast-disable-related-posts":"","theme-transparent-header-meta":"","adv-header-id-meta":"","stick-header-meta":"","header-above-stick-meta":"","header-main-stick-meta":"","header-below-stick-meta":"","astra-migrate-meta-layouts":"default","ast-page-background-enabled":"default","ast-page-background-meta":{"desktop":{"background-color":"var(--ast-global-color-5)","background-image":"","background-repeat":"repeat","background-position":"center center","background-size":"auto","background-attachment":"scroll","background-type":"","background-media":"","overlay-type":"","overlay-color":"","overlay-opacity":"","overlay-gradient":""},"tablet":{"background-color":"","background-image":"","background-repeat":"repeat","background-position":"center center","background-size":"auto","background-attachment":"scroll","background-type":"","background-media":"","overlay-type":"","overlay-color":"","overlay-opacity":"","overlay-gradient":""},"mobile":{"background-color":"","background-image":"","background-repeat":"repeat","background-position":"center center","background-size":"auto","background-attachment":"scroll","background-type":"","background-media":"","overlay-type":"","overlay-color":"","overlay-opacity":"","overlay-gradient":""}},"ast-content-background-meta":{"desktop":{"background-color":"var(--ast-global-color-4)","background-image":"","background-repeat":"repeat","background-position":"center center","background-size":"auto","background-attachment":"scroll","background-type":"","background-media":"","overlay-type":"","overlay-color":"","overlay-opacity":"","overlay-gradient":""},"tablet":{"background-color":"var(--ast-global-color-4)","background-image":"","background-repeat":"repeat","background-position":"center center","background-size":"auto","background-attachment":"scroll","background-type":"","background-media":"","overlay-type":"","overlay-color":"","overlay-opacity":"","overlay-gradient":""},"mobile":{"background-color":"var(--ast-global-color-4)","background-image":"","background-repeat":"repeat","background-position":"center center","background-size":"auto","background-attachment":"scroll","background-type":"","background-media":"","overlay-type":"","overlay-color":"","overlay-opacity":"","overlay-gradient":""}},"footnotes":""},"class_list":["post-1345","page","type-page","status-publish","hentry"],"uagb_featured_image_src":{"full":false,"thumbnail":false,"medium":false,"medium_large":false,"large":false,"1536x1536":false,"2048x2048":false,"trp-custom-language-flag":false},"uagb_author_info":{"display_name":"chatgpt","author_link":"https:\/\/ic-services.io\/fr\/author\/chatgpt\/"},"uagb_comment_info":0,"uagb_excerpt":"We provide consulting and regulatory support services, including compliance assessments, ETSI standards alignment, architecture design for law enforcement agency requirements, [&hellip;]","_links":{"self":[{"href":"https:\/\/ic-services.io\/fr\/wp-json\/wp\/v2\/pages\/1345","targetHints":{"allow":["GET"]}}],"collection":[{"href":"https:\/\/ic-services.io\/fr\/wp-json\/wp\/v2\/pages"}],"about":[{"href":"https:\/\/ic-services.io\/fr\/wp-json\/wp\/v2\/types\/page"}],"author":[{"embeddable":true,"href":"https:\/\/ic-services.io\/fr\/wp-json\/wp\/v2\/users\/2"}],"replies":[{"embeddable":true,"href":"https:\/\/ic-services.io\/fr\/wp-json\/wp\/v2\/comments?post=1345"}],"version-history":[{"count":5,"href":"https:\/\/ic-services.io\/fr\/wp-json\/wp\/v2\/pages\/1345\/revisions"}],"predecessor-version":[{"id":1668,"href":"https:\/\/ic-services.io\/fr\/wp-json\/wp\/v2\/pages\/1345\/revisions\/1668"}],"up":[{"embeddable":true,"href":"https:\/\/ic-services.io\/fr\/wp-json\/wp\/v2\/pages\/13"}],"wp:attachment":[{"href":"https:\/\/ic-services.io\/fr\/wp-json\/wp\/v2\/media?parent=1345"}],"curies":[{"name":"wp","href":"https:\/\/api.w.org\/{rel}","templated":true}]}}