{"id":1347,"date":"2026-01-27T15:50:07","date_gmt":"2026-01-27T14:50:07","guid":{"rendered":"https:\/\/dev.ic-services.io\/?page_id=1347"},"modified":"2026-03-15T20:41:15","modified_gmt":"2026-03-15T19:41:15","slug":"integration-developpement-personnalise","status":"publish","type":"page","link":"https:\/\/ic-services.io\/fr\/services\/integration-custom-development\/","title":{"rendered":"Int\u00e9gration et d\u00e9veloppement sur mesure"},"content":{"rendered":"<p>Nos services d'int\u00e9gration et de d\u00e9veloppement sur mesure garantissent une int\u00e9gration transparente du r\u00e9seau, prennent en charge les environnements h\u00e9rit\u00e9s et hybrides, d\u00e9veloppent des impl\u00e9mentations personnalis\u00e9es conformes \u00e0 l'ETSI et permettent l'interop\u00e9rabilit\u00e9 avec les syst\u00e8mes des organismes charg\u00e9s de l'application de la loi.<\/p>\n\n\n\n<div class=\"wp-block-uagb-container uagb-block-jvorqmee alignfull uagb-is-root-container\">\n<div class=\"wp-block-uagb-container uagb-block-aurcpmpp\"><\/div>\n\n\n\n<div class=\"wp-block-uagb-container uagb-block-m2qu2sjb\">\n<div class=\"wp-block-uagb-info-box uagb-block-vetzlf3t uagb-infobox__content-wrap  uagb-infobox-icon-above-title uagb-infobox-image-valign-top\"><div class=\"uagb-ifb-content\"><div class=\"uagb-ifb-title-wrap\"><h1 class=\"uagb-ifb-title\">Adaptez votre infrastructure LI \u00e0 votre r\u00e9seau unique<\/h1><\/div><p class=\"uagb-ifb-desc\">Chaque op\u00e9rateur a une architecture de r\u00e9seau, des syst\u00e8mes existants et des exigences r\u00e9glementaires diff\u00e9rents. Nos services d'int\u00e9gration et de d\u00e9veloppement sur mesure adaptent les solutions d'interception l\u00e9gale \u00e0 votre environnement sp\u00e9cifique, garantissant un fonctionnement transparent sans perturber votre infrastructure existante.<\/p><\/div><\/div>\n\n\n\n<div class=\"wp-block-uagb-buttons uagb-buttons__outer-wrap uagb-btn__default-btn uagb-btn-tablet__default-btn uagb-btn-mobile__default-btn uagb-block-uqwvm18d\"><div class=\"uagb-buttons__wrap uagb-buttons-layout-wrap\">\n<div class=\"wp-block-uagb-buttons-child uagb-buttons__outer-wrap uagb-block-vwkcwkc6 wp-block-button\"><div class=\"uagb-button__wrapper\"><a class=\"uagb-buttons-repeater wp-block-button__link\" aria-label=\"\" href=\"\/fr\/contact\/\" rel=\"follow noopener\" target=\"_self\" role=\"button\"><div class=\"uagb-button__link\">Commencer<\/div><\/a><\/div><\/div>\n<\/div><\/div>\n<\/div>\n<\/div>\n\n\n\n<div class=\"wp-block-uagb-container uagb-block-qea3uf4x alignfull uagb-is-root-container\"><div class=\"uagb-container-inner-blocks-wrap\">\n<div class=\"wp-block-uagb-info-box uagb-block-iajbbrgv uagb-infobox__content-wrap  uagb-infobox-icon-above-title uagb-infobox-image-valign-top\"><div class=\"uagb-ifb-content\"><div class=\"uagb-ifb-title-wrap\"><h2 class=\"uagb-ifb-title\">Expertise en mati\u00e8re d'int\u00e9gration et de d\u00e9veloppement pour les environnements complexes de LI<\/h2><\/div><\/div><\/div>\n\n\n\n<div class=\"wp-block-uagb-container uagb-block-ek9wwovu\">\n<div class=\"wp-block-uagb-info-box uagb-block-pki7mqvc uagb-infobox__content-wrap  uagb-infobox-icon-above-title uagb-infobox-image-valign-top\"><div class=\"uagb-ifb-content\"><div class=\"uagb-ifb-title-wrap\"><p class=\"uagb-ifb-title\">La mise en \u0153uvre de l'interception l\u00e9gale dans les r\u00e9seaux du monde r\u00e9el est rarement simple. Vous pouvez disposer d'\u00e9quipements multifournisseurs, de syst\u00e8mes anciens qui ne prennent pas en charge les interfaces standard, d'exigences LEA sp\u00e9cifiques qui diff\u00e8rent des normes internationales, ou d'architectures de services uniques qui n\u00e9cessitent une logique de m\u00e9diation personnalis\u00e9e.<\/p><\/div><p class=\"uagb-ifb-desc\">Notre \u00e9quipe d'int\u00e9gration et de d\u00e9veloppement personnalis\u00e9 a une grande exp\u00e9rience de l'adaptation des plateformes LI aux environnements r\u00e9els des op\u00e9rateurs. Nous concevons et mettons en \u0153uvre des adaptateurs personnalis\u00e9s, des convertisseurs de protocole, des fonctions de m\u00e9diation et des interfaces de transfert qui comblent le foss\u00e9 entre la r\u00e9alit\u00e9 de votre r\u00e9seau et les exigences de conformit\u00e9, tout en maintenant un alignement ETSI complet et une pr\u00e9paration \u00e0 l'audit.<\/p><\/div><\/div>\n\n\n\n<div class=\"wp-block-uagb-container uagb-block-aqm86h3z\">\n<div class=\"wp-block-uagb-info-box uagb-block-eku0dmzw uagb-infobox__content-wrap  uagb-infobox-icon-left-title uagb-infobox-left uagb-infobox-image-valign-middle\"><div class=\"uagb-ifb-content\"><div class=\"uagb-ifb-left-title-image\"><div class=\"uagb-ifb-icon-wrap\"><svg xmlns=\"https:\/\/www.w3.org\/2000\/svg\" viewbox=\"0 0 448 512\"><path d=\"M438.6 105.4C451.1 117.9 451.1 138.1 438.6 150.6L182.6 406.6C170.1 419.1 149.9 419.1 137.4 406.6L9.372 278.6C-3.124 266.1-3.124 245.9 9.372 233.4C21.87 220.9 42.13 220.9 54.63 233.4L159.1 338.7L393.4 105.4C405.9 92.88 426.1 92.88 438.6 105.4H438.6z\"><\/path><\/svg><\/div><div class=\"uagb-ifb-title-wrap\"><p class=\"uagb-ifb-title\">Des solutions ax\u00e9es sur l'innovation<\/p><\/div><\/div><p class=\"uagb-ifb-desc\">Nous d\u00e9veloppons des solutions personnalis\u00e9es en utilisant des pratiques logicielles modernes : architectures modulaires, API standard, tests complets et documentation claire. Que vous ayez besoin d'un adaptateur personnalis\u00e9 pour un commutateur existant ou d'une fonction de m\u00e9diation enti\u00e8rement nouvelle pour un service sp\u00e9cialis\u00e9, nous fournissons des impl\u00e9mentations maintenables et \u00e9volutives.<\/p><div class=\"uagb-ifb-separator\"><\/div><\/div><\/div>\n\n\n\n<div class=\"wp-block-uagb-info-box uagb-block-wbuyoizu uagb-infobox__content-wrap  uagb-infobox-icon-left-title uagb-infobox-left uagb-infobox-image-valign-middle\"><div class=\"uagb-ifb-content\"><div class=\"uagb-ifb-left-title-image\"><div class=\"uagb-ifb-icon-wrap\"><svg xmlns=\"https:\/\/www.w3.org\/2000\/svg\" viewbox=\"0 0 448 512\"><path d=\"M438.6 105.4C451.1 117.9 451.1 138.1 438.6 150.6L182.6 406.6C170.1 419.1 149.9 419.1 137.4 406.6L9.372 278.6C-3.124 266.1-3.124 245.9 9.372 233.4C21.87 220.9 42.13 220.9 54.63 233.4L159.1 338.7L393.4 105.4C405.9 92.88 426.1 92.88 438.6 105.4H438.6z\"><\/path><\/svg><\/div><div class=\"uagb-ifb-title-wrap\"><p class=\"uagb-ifb-title\">Approche personnalis\u00e9e<\/p><\/div><\/div><p class=\"uagb-ifb-desc\">Chaque projet d'int\u00e9gration commence par une analyse approfondie de la topologie de votre r\u00e9seau, des composants LI existants, des interfaces LEA et des contraintes op\u00e9rationnelles. Nous travaillons en \u00e9troite collaboration avec vos \u00e9quipes techniques pour comprendre l'ensemble de la situation avant de concevoir la solution la mieux adapt\u00e9e \u00e0 votre situation sp\u00e9cifique.<\/p><div class=\"uagb-ifb-separator\"><\/div><\/div><\/div>\n\n\n\n<div class=\"wp-block-uagb-info-box uagb-block-chi4dubw uagb-infobox__content-wrap  uagb-infobox-icon-left-title uagb-infobox-left uagb-infobox-image-valign-middle\"><div class=\"uagb-ifb-content\"><div class=\"uagb-ifb-left-title-image\"><div class=\"uagb-ifb-icon-wrap\"><svg xmlns=\"https:\/\/www.w3.org\/2000\/svg\" viewbox=\"0 0 448 512\"><path d=\"M438.6 105.4C451.1 117.9 451.1 138.1 438.6 150.6L182.6 406.6C170.1 419.1 149.9 419.1 137.4 406.6L9.372 278.6C-3.124 266.1-3.124 245.9 9.372 233.4C21.87 220.9 42.13 220.9 54.63 233.4L159.1 338.7L393.4 105.4C405.9 92.88 426.1 92.88 438.6 105.4H438.6z\"><\/path><\/svg><\/div><div class=\"uagb-ifb-title-wrap\"><p class=\"uagb-ifb-title\">Un service \u00e0 la client\u00e8le de qualit\u00e9 sup\u00e9rieure<\/p><\/div><\/div><p class=\"uagb-ifb-desc\">Nos d\u00e9veloppeurs et nos sp\u00e9cialistes de l'int\u00e9gration vous assistent tout au long du cycle de vie : analyse des besoins, conception, mise en \u0153uvre, tests, d\u00e9ploiement et maintenance \u00e0 long terme. Nous fournissons une documentation technique claire, un transfert de connaissances et une assistance continue afin de garantir la fiabilit\u00e9 et la conformit\u00e9 de vos solutions personnalis\u00e9es.<\/p><div class=\"uagb-ifb-separator\"><\/div><\/div><\/div>\n<\/div>\n<\/div>\n<\/div><\/div>","protected":false},"excerpt":{"rendered":"<p>Our integration and custom development services ensure seamless network integration, support legacy and hybrid environments, develop custom ETSI-compliant implementations, and [&hellip;]<\/p>\n","protected":false},"author":2,"featured_media":0,"parent":13,"menu_order":0,"comment_status":"closed","ping_status":"closed","template":"","meta":{"_uag_custom_page_level_css":"","site-sidebar-layout":"default","site-content-layout":"","ast-site-content-layout":"default","site-content-style":"default","site-sidebar-style":"default","ast-global-header-display":"","ast-banner-title-visibility":"","ast-main-header-display":"","ast-hfb-above-header-display":"","ast-hfb-below-header-display":"","ast-hfb-mobile-header-display":"","site-post-title":"","ast-breadcrumbs-content":"","ast-featured-img":"","footer-sml-layout":"","ast-disable-related-posts":"","theme-transparent-header-meta":"","adv-header-id-meta":"","stick-header-meta":"","header-above-stick-meta":"","header-main-stick-meta":"","header-below-stick-meta":"","astra-migrate-meta-layouts":"default","ast-page-background-enabled":"default","ast-page-background-meta":{"desktop":{"background-color":"var(--ast-global-color-5)","background-image":"","background-repeat":"repeat","background-position":"center center","background-size":"auto","background-attachment":"scroll","background-type":"","background-media":"","overlay-type":"","overlay-color":"","overlay-opacity":"","overlay-gradient":""},"tablet":{"background-color":"","background-image":"","background-repeat":"repeat","background-position":"center center","background-size":"auto","background-attachment":"scroll","background-type":"","background-media":"","overlay-type":"","overlay-color":"","overlay-opacity":"","overlay-gradient":""},"mobile":{"background-color":"","background-image":"","background-repeat":"repeat","background-position":"center center","background-size":"auto","background-attachment":"scroll","background-type":"","background-media":"","overlay-type":"","overlay-color":"","overlay-opacity":"","overlay-gradient":""}},"ast-content-background-meta":{"desktop":{"background-color":"var(--ast-global-color-4)","background-image":"","background-repeat":"repeat","background-position":"center center","background-size":"auto","background-attachment":"scroll","background-type":"","background-media":"","overlay-type":"","overlay-color":"","overlay-opacity":"","overlay-gradient":""},"tablet":{"background-color":"var(--ast-global-color-4)","background-image":"","background-repeat":"repeat","background-position":"center center","background-size":"auto","background-attachment":"scroll","background-type":"","background-media":"","overlay-type":"","overlay-color":"","overlay-opacity":"","overlay-gradient":""},"mobile":{"background-color":"var(--ast-global-color-4)","background-image":"","background-repeat":"repeat","background-position":"center center","background-size":"auto","background-attachment":"scroll","background-type":"","background-media":"","overlay-type":"","overlay-color":"","overlay-opacity":"","overlay-gradient":""}},"footnotes":""},"class_list":["post-1347","page","type-page","status-publish","hentry"],"uagb_featured_image_src":{"full":false,"thumbnail":false,"medium":false,"medium_large":false,"large":false,"1536x1536":false,"2048x2048":false,"trp-custom-language-flag":false},"uagb_author_info":{"display_name":"chatgpt","author_link":"https:\/\/ic-services.io\/fr\/author\/chatgpt\/"},"uagb_comment_info":0,"uagb_excerpt":"Our integration and custom development services ensure seamless network integration, support legacy and hybrid environments, develop custom ETSI-compliant implementations, and [&hellip;]","_links":{"self":[{"href":"https:\/\/ic-services.io\/fr\/wp-json\/wp\/v2\/pages\/1347","targetHints":{"allow":["GET"]}}],"collection":[{"href":"https:\/\/ic-services.io\/fr\/wp-json\/wp\/v2\/pages"}],"about":[{"href":"https:\/\/ic-services.io\/fr\/wp-json\/wp\/v2\/types\/page"}],"author":[{"embeddable":true,"href":"https:\/\/ic-services.io\/fr\/wp-json\/wp\/v2\/users\/2"}],"replies":[{"embeddable":true,"href":"https:\/\/ic-services.io\/fr\/wp-json\/wp\/v2\/comments?post=1347"}],"version-history":[{"count":5,"href":"https:\/\/ic-services.io\/fr\/wp-json\/wp\/v2\/pages\/1347\/revisions"}],"predecessor-version":[{"id":1661,"href":"https:\/\/ic-services.io\/fr\/wp-json\/wp\/v2\/pages\/1347\/revisions\/1661"}],"up":[{"embeddable":true,"href":"https:\/\/ic-services.io\/fr\/wp-json\/wp\/v2\/pages\/13"}],"wp:attachment":[{"href":"https:\/\/ic-services.io\/fr\/wp-json\/wp\/v2\/media?parent=1347"}],"curies":[{"name":"wp","href":"https:\/\/api.w.org\/{rel}","templated":true}]}}