{"id":1367,"date":"2026-01-27T16:32:09","date_gmt":"2026-01-27T15:32:09","guid":{"rendered":"https:\/\/dev.ic-services.io\/?page_id=1367"},"modified":"2026-03-15T21:03:25","modified_gmt":"2026-03-15T20:03:25","slug":"commerce-de-gros","status":"publish","type":"page","link":"https:\/\/ic-services.io\/fr\/products\/wholesale\/","title":{"rendered":"Commerce de gros"},"content":{"rendered":"<div class=\"wp-block-uagb-container uagb-block-qpfkqqpx alignfull uagb-is-root-container\">\n<div class=\"wp-block-uagb-container uagb-block-6nys11no\">\n<div class=\"wp-block-uagb-info-box uagb-block-osss7caw uagb-infobox__content-wrap  uagb-infobox-icon-above-title uagb-infobox-image-valign-top\"><div class=\"uagb-ifb-content\"><div class=\"uagb-ifb-title-wrap\"><h1 class=\"uagb-ifb-title\">Premier op\u00e9rateur VoIP de gros Services<\/h1><\/div><\/div><\/div>\n\n\n\n<div class=\"wp-block-uagb-container uagb-block-7nswyuyx\">\n<div class=\"wp-block-uagb-info-box uagb-block-wdbhlm3w uagb-infobox__content-wrap  uagb-infobox-icon-above-title uagb-infobox-image-valign-top\"><div class=\"uagb-ifb-content\"><div class=\"uagb-ifb-title-wrap\"><\/div><p class=\"uagb-ifb-desc\">En tant qu'op\u00e9rateur de gros VoIP de premier plan, nous combinons des routes de haute qualit\u00e9, des tarifs comp\u00e9titifs et un puissant portail en libre-service pour vous donner un contr\u00f4le total sur votre trafic et vos marges.<\/p><\/div><\/div>\n\n\n\n<div class=\"wp-block-uagb-buttons uagb-buttons__outer-wrap uagb-btn__default-btn uagb-btn-tablet__default-btn uagb-btn-mobile__default-btn uagb-block-aieo5lfi\"><div class=\"uagb-buttons__wrap uagb-buttons-layout-wrap\">\n<div class=\"wp-block-uagb-buttons-child uagb-buttons__outer-wrap uagb-block-wg1tqltu wp-block-button\"><div class=\"uagb-button__wrapper\"><a class=\"uagb-buttons-repeater wp-block-button__link\" aria-label=\"\" href=\"https:\/\/icscarrier.com\" rel=\"follow noopener\" target=\"_blank\" role=\"button\"><div class=\"uagb-button__link\">Commencer<\/div><\/a><\/div><\/div>\n<\/div><\/div>\n<\/div>\n<\/div>\n\n\n\n<div class=\"wp-block-uagb-container uagb-block-mdojry9r alignfull uagb-is-root-container\"><\/div>\n<\/div>\n\n\n\n<div class=\"wp-block-uagb-container uagb-block-isry1d2n alignfull uagb-is-root-container\"><div class=\"uagb-container-inner-blocks-wrap\">\n<div class=\"wp-block-uagb-container uagb-block-gdnaohls\">\n<div class=\"wp-block-uagb-info-box uagb-block-lisvjmkj uagb-infobox__content-wrap  uagb-infobox-icon-above-title uagb-infobox-image-valign-top wp-block-uagb-info-box--has-margin\"><div class=\"uagb-infobox-margin-wrapper\"><div class=\"uagb-ifb-content\"><div class=\"uagb-ifb-title-wrap\"><h2 class=\"uagb-ifb-title\">ICS Wholesale Carrier Services<\/h2><\/div><p class=\"uagb-ifb-desc\">Avec ICS Wholesale Carrier Services, les op\u00e9rateurs, les ITSP et les revendeurs obtiennent des pr\u00e9-services professionnels pour la terminaison globale et les num\u00e9ros internationaux - sans avoir \u00e0 construire leur propre backbone de gros. Notre exp\u00e9rience en mati\u00e8re de VoIP et d'interception l\u00e9gale nous permet de combiner des services de gros de voix robustes avec une infrastructure pr\u00eate \u00e0 \u00eatre mise en conformit\u00e9 et un support op\u00e9rationnel comp\u00e9tent.<br><br>Gr\u00e2ce \u00e0 notre portail web intuitif, vous g\u00e9rez vous-m\u00eame les lignes, les IP, les destinations et les niveaux de qualit\u00e9, et vous b\u00e9n\u00e9ficiez de tarifs et de rapports transparents. Que vous traitiez quelques milliers de minutes par mois ou un trafic international \u00e0 grande \u00e9chelle, ICS vous offre la capacit\u00e9 et la flexibilit\u00e9 dont vous avez besoin pour vous d\u00e9velopper.<\/p><\/div><\/div><\/div>\n\n\n\n<div class=\"wp-block-uagb-image alignleft uagb-block-7o7aro6n wp-block-uagb-image--layout-default wp-block-uagb-image--effect-static wp-block-uagb-image--align-left\"><figure class=\"wp-block-uagb-image__figure\"><img decoding=\"async\" srcset=\"https:\/\/ic-services.io\/wp-content\/uploads\/2026\/02\/pexels-photo-1054397-1054397-683x1024.jpg ,https:\/\/ic-services.io\/wp-content\/uploads\/2026\/02\/pexels-photo-1054397-1054397-scaled.jpg 780w, https:\/\/ic-services.io\/wp-content\/uploads\/2026\/02\/pexels-photo-1054397-1054397-scaled.jpg 360w\" sizes=\"auto, (max-width: 480px) 150px\" src=\"https:\/\/ic-services.io\/wp-content\/uploads\/2026\/02\/pexels-photo-1054397-1054397-683x1024.jpg\" alt=\"Gros plan sur des c\u00e2bles et des ports de r\u00e9seau dans un rack de serveurs, mettant en \u00e9vidence la connectivit\u00e9.\" class=\"uag-image-1562\" width=\"564\" height=\"376\" title=\"pexels photo 1054397 1054397\" loading=\"lazy\" role=\"img\"\/><\/figure><\/div>\n\n\n\n<div class=\"wp-block-uagb-info-box uagb-block-8fuzlsfg uagb-infobox__content-wrap  uagb-infobox-icon-above-title uagb-infobox-image-valign-top wp-block-uagb-info-box--has-margin\"><div class=\"uagb-infobox-margin-wrapper\"><div class=\"uagb-ifb-content\"><div class=\"uagb-ifb-title-wrap\"><h3 class=\"uagb-ifb-title\">Des solutions ax\u00e9es sur l'innovation<\/h3><\/div><p class=\"uagb-ifb-desc\">Chaque client grossiste a des itin\u00e9raires, des volumes et des attentes de marge diff\u00e9rents, c'est pourquoi nous adaptons les profils d'acheminement, les mod\u00e8les commerciaux et l'assistance \u00e0 votre activit\u00e9. Notre \u00e9quipe travaille directement avec vous sur les tests, l'int\u00e9gration et l'optimisation du trafic pour faire d'ICS une extension de vos propres op\u00e9rations de transport.<\/p><\/div><\/div><\/div>\n<\/div>\n\n\n\n<div class=\"wp-block-uagb-container uagb-block-vzn1a9g2\">\n<div class=\"wp-block-uagb-image alignleft uagb-block-v51qnvvs wp-block-uagb-image--layout-default wp-block-uagb-image--effect-static wp-block-uagb-image--align-left\"><figure class=\"wp-block-uagb-image__figure\"><img decoding=\"async\" srcset=\"https:\/\/ic-services.io\/wp-content\/uploads\/2026\/02\/pexels-photo-8867472-8867472-1024x683.jpg ,https:\/\/ic-services.io\/wp-content\/uploads\/2026\/02\/pexels-photo-8867472-8867472-scaled.jpg 780w, https:\/\/ic-services.io\/wp-content\/uploads\/2026\/02\/pexels-photo-8867472-8867472-scaled.jpg 360w\" sizes=\"auto, (max-width: 480px) 150px\" src=\"https:\/\/ic-services.io\/wp-content\/uploads\/2026\/02\/pexels-photo-8867472-8867472-1024x683.jpg\" alt=\"Deux employ\u00e9s d&#039;un centre d&#039;appel travaillant ensemble avec des \u00e9couteurs dans un bureau moderne.\" class=\"uag-image-1561\" width=\"564\" height=\"376\" title=\"pexels photo 8867472 8867472\" loading=\"lazy\" role=\"img\"\/><\/figure><\/div>\n\n\n\n<div class=\"wp-block-uagb-info-box uagb-block-y43koqpx uagb-infobox__content-wrap  uagb-infobox-icon-above-title uagb-infobox-image-valign-top wp-block-uagb-info-box--has-margin\"><div class=\"uagb-infobox-margin-wrapper\"><div class=\"uagb-ifb-content\"><div class=\"uagb-ifb-title-wrap\"><h3 class=\"uagb-ifb-title\">Approche personnalis\u00e9e<\/h3><\/div><p class=\"uagb-ifb-desc\">Notre portefeuille de vente en gros est con\u00e7u pour r\u00e9pondre aux besoins modernes des op\u00e9rateurs et de la VoIP : des profils de qualit\u00e9 flexibles, un routage intelligent et des API qui s'int\u00e8grent \u00e0 vos syst\u00e8mes de facturation et d'approvisionnement. Nous \u00e9tendons continuellement notre empreinte mondiale et optimisons les itin\u00e9raires afin que vous puissiez fournir une voix cristalline \u00e0 des co\u00fbts de gros peu \u00e9lev\u00e9s.<a href=\"https:\/\/icscarrier.com\/\" target=\"_blank\" rel=\"noreferrer noopener\"><\/a><br><\/p><\/div><\/div><\/div>\n\n\n\n<div class=\"wp-block-uagb-image alignleft uagb-block-xa9r5lvj wp-block-uagb-image--layout-default wp-block-uagb-image--effect-static wp-block-uagb-image--align-left\"><figure class=\"wp-block-uagb-image__figure\"><img decoding=\"async\" srcset=\"https:\/\/ic-services.io\/wp-content\/uploads\/2026\/02\/pexels-photo-8867261-8867261-1024x683.jpg ,https:\/\/ic-services.io\/wp-content\/uploads\/2026\/02\/pexels-photo-8867261-8867261-scaled.jpg 780w, https:\/\/ic-services.io\/wp-content\/uploads\/2026\/02\/pexels-photo-8867261-8867261-scaled.jpg 360w\" sizes=\"auto, (max-width: 480px) 150px\" src=\"https:\/\/ic-services.io\/wp-content\/uploads\/2026\/02\/pexels-photo-8867261-8867261-1024x683.jpg\" alt=\"Une \u00e9quipe diversifi\u00e9e d&#039;agents de centres d&#039;appels travaillant ensemble dans un bureau moderne.\" class=\"uag-image-1563\" width=\"564\" height=\"376\" title=\"pexels photo 8867261 8867261\" loading=\"lazy\" role=\"img\"\/><\/figure><\/div>\n\n\n\n<div class=\"wp-block-uagb-info-box uagb-block-wzlmrmwp uagb-infobox__content-wrap  uagb-infobox-icon-above-title uagb-infobox-image-valign-top wp-block-uagb-info-box--has-margin\"><div class=\"uagb-infobox-margin-wrapper\"><div class=\"uagb-ifb-content\"><div class=\"uagb-ifb-title-wrap\"><h3 class=\"uagb-ifb-title\">Un service \u00e0 la client\u00e8le de qualit\u00e9 sup\u00e9rieure<\/h3><\/div><p class=\"uagb-ifb-desc\">La fiabilit\u00e9 des services vocaux de gros d\u00e9pend de la rapidit\u00e9 des r\u00e9actions, qu'il s'agisse de modifications de l'acheminement ou de d\u00e9pannage. Notre NOC et nos gestionnaires de comptes vous soutiennent par une surveillance proactive, une gestion r\u00e9active des tickets et une communication claire. Vous b\u00e9n\u00e9ficiez d'un partenaire stable qui comprend la VoIP, l'interception l\u00e9gale et les exigences r\u00e9glementaires et qui assure le bon fonctionnement de votre trafic.<\/p><\/div><\/div><\/div>\n<\/div>\n<\/div><\/div>","protected":false},"excerpt":{"rendered":"","protected":false},"author":2,"featured_media":0,"parent":1315,"menu_order":0,"comment_status":"closed","ping_status":"closed","template":"","meta":{"_uag_custom_page_level_css":"","site-sidebar-layout":"default","site-content-layout":"","ast-site-content-layout":"default","site-content-style":"default","site-sidebar-style":"default","ast-global-header-display":"","ast-banner-title-visibility":"","ast-main-header-display":"","ast-hfb-above-header-display":"","ast-hfb-below-header-display":"","ast-hfb-mobile-header-display":"","site-post-title":"disabled","ast-breadcrumbs-content":"","ast-featured-img":"","footer-sml-layout":"","ast-disable-related-posts":"","theme-transparent-header-meta":"","adv-header-id-meta":"","stick-header-meta":"","header-above-stick-meta":"","header-main-stick-meta":"","header-below-stick-meta":"","astra-migrate-meta-layouts":"default","ast-page-background-enabled":"default","ast-page-background-meta":{"desktop":{"background-color":"var(--ast-global-color-5)","background-image":"","background-repeat":"repeat","background-position":"center center","background-size":"auto","background-attachment":"scroll","background-type":"","background-media":"","overlay-type":"","overlay-color":"","overlay-opacity":"","overlay-gradient":""},"tablet":{"background-color":"","background-image":"","background-repeat":"repeat","background-position":"center center","background-size":"auto","background-attachment":"scroll","background-type":"","background-media":"","overlay-type":"","overlay-color":"","overlay-opacity":"","overlay-gradient":""},"mobile":{"background-color":"","background-image":"","background-repeat":"repeat","background-position":"center center","background-size":"auto","background-attachment":"scroll","background-type":"","background-media":"","overlay-type":"","overlay-color":"","overlay-opacity":"","overlay-gradient":""}},"ast-content-background-meta":{"desktop":{"background-color":"var(--ast-global-color-4)","background-image":"","background-repeat":"repeat","background-position":"center center","background-size":"auto","background-attachment":"scroll","background-type":"","background-media":"","overlay-type":"","overlay-color":"","overlay-opacity":"","overlay-gradient":""},"tablet":{"background-color":"var(--ast-global-color-4)","background-image":"","background-repeat":"repeat","background-position":"center center","background-size":"auto","background-attachment":"scroll","background-type":"","background-media":"","overlay-type":"","overlay-color":"","overlay-opacity":"","overlay-gradient":""},"mobile":{"background-color":"var(--ast-global-color-4)","background-image":"","background-repeat":"repeat","background-position":"center center","background-size":"auto","background-attachment":"scroll","background-type":"","background-media":"","overlay-type":"","overlay-color":"","overlay-opacity":"","overlay-gradient":""}},"footnotes":""},"class_list":["post-1367","page","type-page","status-publish","hentry"],"uagb_featured_image_src":{"full":false,"thumbnail":false,"medium":false,"medium_large":false,"large":false,"1536x1536":false,"2048x2048":false,"trp-custom-language-flag":false},"uagb_author_info":{"display_name":"chatgpt","author_link":"https:\/\/ic-services.io\/fr\/author\/chatgpt\/"},"uagb_comment_info":0,"uagb_excerpt":null,"_links":{"self":[{"href":"https:\/\/ic-services.io\/fr\/wp-json\/wp\/v2\/pages\/1367","targetHints":{"allow":["GET"]}}],"collection":[{"href":"https:\/\/ic-services.io\/fr\/wp-json\/wp\/v2\/pages"}],"about":[{"href":"https:\/\/ic-services.io\/fr\/wp-json\/wp\/v2\/types\/page"}],"author":[{"embeddable":true,"href":"https:\/\/ic-services.io\/fr\/wp-json\/wp\/v2\/users\/2"}],"replies":[{"embeddable":true,"href":"https:\/\/ic-services.io\/fr\/wp-json\/wp\/v2\/comments?post=1367"}],"version-history":[{"count":9,"href":"https:\/\/ic-services.io\/fr\/wp-json\/wp\/v2\/pages\/1367\/revisions"}],"predecessor-version":[{"id":1952,"href":"https:\/\/ic-services.io\/fr\/wp-json\/wp\/v2\/pages\/1367\/revisions\/1952"}],"up":[{"embeddable":true,"href":"https:\/\/ic-services.io\/fr\/wp-json\/wp\/v2\/pages\/1315"}],"wp:attachment":[{"href":"https:\/\/ic-services.io\/fr\/wp-json\/wp\/v2\/media?parent=1367"}],"curies":[{"name":"wp","href":"https:\/\/api.w.org\/{rel}","templated":true}]}}