{"id":1415,"date":"2026-01-27T17:28:35","date_gmt":"2026-01-27T16:28:35","guid":{"rendered":"https:\/\/dev.ic-services.io\/?page_id=1415"},"modified":"2026-03-15T20:30:36","modified_gmt":"2026-03-15T19:30:36","slug":"entreprise","status":"publish","type":"page","link":"https:\/\/ic-services.io\/fr\/about\/company\/","title":{"rendered":"Entreprise"},"content":{"rendered":"<div class=\"wp-block-uagb-container uagb-block-nrys1hkh alignfull uagb-is-root-container\"><div class=\"uagb-container-inner-blocks-wrap\">\n<div class=\"wp-block-uagb-info-box uagb-block-dv0tgbug uagb-infobox__content-wrap  uagb-infobox-icon-above-title uagb-infobox-image-valign-top\"><div class=\"uagb-ifb-content\"><div class=\"uagb-ifb-title-wrap\"><p class=\"uagb-ifb-title-prefix\">QUI SOMMES-NOUS ?<\/p><h1 class=\"uagb-ifb-title\">Expertise sp\u00e9cialis\u00e9e en mati\u00e8re d'interception l\u00e9gale et de conformit\u00e9<\/h1><\/div><p class=\"uagb-ifb-desc\">ICS International Carrier Services GmbH fournit des solutions, des services et une expertise en mati\u00e8re d'interception l\u00e9gale aux fournisseurs de services de communication, aux constructeurs automobiles, aux plateformes de mobilit\u00e9 et aux organismes de r\u00e9glementation du monde entier.<\/p><\/div><\/div>\n\n\n\n<div class=\"wp-block-uagb-buttons uagb-buttons__outer-wrap uagb-btn__default-btn uagb-btn-tablet__default-btn uagb-btn-mobile__default-btn uagb-block-2lcqx8cf\"><div class=\"uagb-buttons__wrap uagb-buttons-layout-wrap\">\n<div class=\"wp-block-uagb-buttons-child uagb-buttons__outer-wrap uagb-block-npcjsna0 wp-block-button\"><div class=\"uagb-button__wrapper\"><a class=\"uagb-buttons-repeater wp-block-button__link\" aria-label=\"\" href=\"\/fr\/contact\/\" rel=\"follow noopener\" target=\"_self\" role=\"button\"><div class=\"uagb-button__link\">Prendre contact<\/div><\/a><\/div><\/div>\n<\/div><\/div>\n<\/div><\/div>\n\n\n\n<div class=\"wp-block-uagb-container uagb-block-my9zjyi8 alignfull uagb-is-root-container\"><div class=\"uagb-container-inner-blocks-wrap\">\n<div class=\"wp-block-uagb-info-box uagb-block-vgpfxo5d uagb-infobox__content-wrap  uagb-infobox-icon-above-title uagb-infobox-image-valign-top\"><div class=\"uagb-ifb-content\"><div class=\"uagb-ifb-title-wrap\"><h2 class=\"uagb-ifb-title\">Ce qui diff\u00e9rencie ICS<\/h2><\/div><p class=\"uagb-ifb-desc\">Notre sp\u00e9cialisation en mati\u00e8re d'interception l\u00e9gale et de conformit\u00e9 nous distingue des autres fournisseurs de t\u00e9l\u00e9communications et des int\u00e9grateurs informatiques.<\/p><\/div><\/div>\n\n\n\n<div class=\"wp-block-uagb-container uagb-layout-grid uagb-block-veutk6aa\">\n<div class=\"wp-block-uagb-container uagb-block-3pga48fh\">\n<div class=\"wp-block-uagb-info-box uagb-block-jxyticqc uagb-infobox__content-wrap  uagb-infobox-icon-above-title uagb-infobox-image-valign-top\"><div class=\"uagb-ifb-content\"><div class=\"uagb-ifb-title-wrap\"><h3 class=\"uagb-ifb-title\">Expertise technique approfondie<\/h3><\/div><p class=\"uagb-ifb-desc\">Nous combinons une exp\u00e9rience pratique de la mise en \u0153uvre avec une connaissance approfondie de l'ETSI, du 3GPP et des normes nationales en mati\u00e8re de t\u00e9l\u00e9phonie mobile. Notre \u00e9quipe est compos\u00e9e d'anciens conseillers en r\u00e9glementation, d'ing\u00e9nieurs en t\u00e9l\u00e9communications et d'architectes de syst\u00e8mes de t\u00e9l\u00e9phonie mobile qui comprennent \u00e0 la fois les protocoles et les r\u00e9alit\u00e9s pratiques de la conformit\u00e9.<\/p><\/div><\/div>\n\n\n\n<div class=\"wp-block-uagb-buttons uagb-buttons__outer-wrap uagb-btn__default-btn uagb-btn-tablet__default-btn uagb-btn-mobile__default-btn uagb-block-nz8g8zqz\"><div class=\"uagb-buttons__wrap uagb-buttons-layout-wrap\">\n<div class=\"wp-block-uagb-buttons-child uagb-buttons__outer-wrap uagb-block-513d62a4 wp-block-button\"><div class=\"uagb-button__wrapper\"><a class=\"uagb-buttons-repeater wp-block-button__link\" aria-label=\"\" href=\"#\" rel=\"follow noopener\" target=\"_self\" role=\"button\"><div class=\"uagb-button__link\">Cliquez ici<\/div><\/a><\/div><\/div>\n<\/div><\/div>\n<\/div>\n\n\n\n<div class=\"wp-block-uagb-container uagb-block-lms63ccs\">\n<div class=\"wp-block-uagb-info-box uagb-block-fo0h2ih0 uagb-infobox__content-wrap  uagb-infobox-icon-above-title uagb-infobox-image-valign-top\"><div class=\"uagb-ifb-content\"><div class=\"uagb-ifb-title-wrap\"><h3 class=\"uagb-ifb-title\">Portefeuille de bout en bout<\/h3><\/div><p class=\"uagb-ifb-desc\">Qu'il s'agisse de plateformes logicielles, d'appareils mat\u00e9riels, d'op\u00e9rations enti\u00e8rement g\u00e9r\u00e9es ou de conseils en mati\u00e8re de r\u00e9glementation, nous fournissons des solutions compl\u00e8tes plut\u00f4t que des produits ponctuels. Cela permet des mises en \u0153uvre coh\u00e9rentes et int\u00e9gr\u00e9es pour toutes vos exigences en mati\u00e8re de LI.<\/p><\/div><\/div>\n\n\n\n<div class=\"wp-block-uagb-buttons uagb-buttons__outer-wrap uagb-btn__default-btn uagb-btn-tablet__default-btn uagb-btn-mobile__default-btn uagb-block-sfsuppw7\"><div class=\"uagb-buttons__wrap uagb-buttons-layout-wrap\">\n<div class=\"wp-block-uagb-buttons-child uagb-buttons__outer-wrap uagb-block-836b398b wp-block-button\"><div class=\"uagb-button__wrapper\"><a class=\"uagb-buttons-repeater wp-block-button__link\" aria-label=\"\" href=\"#\" rel=\"follow noopener\" target=\"_self\" role=\"button\"><div class=\"uagb-button__link\">Cliquez ici<\/div><\/a><\/div><\/div>\n<\/div><\/div>\n<\/div>\n\n\n\n<div class=\"wp-block-uagb-container uagb-block-2qqc5qxa\">\n<div class=\"wp-block-uagb-info-box uagb-block-ofnntrv4 uagb-infobox__content-wrap  uagb-infobox-icon-above-title uagb-infobox-image-valign-top\"><div class=\"uagb-ifb-content\"><div class=\"uagb-ifb-title-wrap\"><h3 class=\"uagb-ifb-title\">Solutions conformes aux normes<\/h3><\/div><p class=\"uagb-ifb-desc\">Toutes nos solutions sont conformes aux normes ETSI TS 102 232, ETSI TS 103 707, aux sp\u00e9cifications 3GPP LI et aux cadres nationaux pertinents. L'alignement des normes garantit l'interop\u00e9rabilit\u00e9, l'admissibilit\u00e9 des preuves, la p\u00e9rennit\u00e9 et l'acceptation r\u00e9glementaire.<\/p><\/div><\/div>\n<\/div>\n\n\n\n<div class=\"wp-block-uagb-container uagb-block-znjuwf7y\">\n<div class=\"wp-block-uagb-info-box uagb-block-zergsp5q uagb-infobox__content-wrap  uagb-infobox-icon-above-title uagb-infobox-image-valign-top\"><div class=\"uagb-ifb-content\"><div class=\"uagb-ifb-title-wrap\"><h3 class=\"uagb-ifb-title\">Exp\u00e9rience multisectorielle<\/h3><\/div><p class=\"uagb-ifb-desc\">Nous travaillons avec des op\u00e9rateurs fixes et mobiles, des MVNO, des FAI, des fournisseurs de VoIP, des plateformes OTT, des \u00e9quipementiers automobiles et des autorit\u00e9s de r\u00e9gulation. Cette perspective intersectorielle nous aide \u00e0 appliquer les meilleures pratiques et \u00e0 anticiper les besoins au fur et \u00e0 mesure de l'\u00e9volution de la LI.<\/p><\/div><\/div>\n<\/div>\n\n\n\n<div class=\"wp-block-uagb-container uagb-block-lamnqfd2\">\n<div class=\"wp-block-uagb-info-box uagb-block-ffq7bash uagb-infobox__content-wrap  uagb-infobox-icon-above-title uagb-infobox-image-valign-top\"><div class=\"uagb-ifb-content\"><div class=\"uagb-ifb-title-wrap\"><h3 class=\"uagb-ifb-title\">Mod\u00e8les d'engagement flexibles<\/h3><\/div><p class=\"uagb-ifb-desc\">Que vous ayez besoin d'un service g\u00e9r\u00e9 cl\u00e9 en main, d'une assistance \u00e0 l'int\u00e9gration personnalis\u00e9e, d'une licence logicielle autonome ou d'un conseil strat\u00e9gique, nous nous adaptons \u00e0 vos besoins sp\u00e9cifiques, \u00e0 votre calendrier et \u00e0 votre mod\u00e8le op\u00e9rationnel.<\/p><\/div><\/div>\n<\/div>\n\n\n\n<div class=\"wp-block-uagb-container uagb-block-xddzi5ty\">\n<div class=\"wp-block-uagb-info-box uagb-block-wxa3yawp uagb-infobox__content-wrap  uagb-infobox-icon-above-title uagb-infobox-image-valign-top\"><div class=\"uagb-ifb-content\"><div class=\"uagb-ifb-title-wrap\"><h3 class=\"uagb-ifb-title\">Partenariat \u00e0 long terme<\/h3><\/div><p class=\"uagb-ifb-desc\">La conformit\u00e9 \u00e0 la LI n'est pas un projet ponctuel. Nous fournissons un soutien continu, une surveillance r\u00e9glementaire, des mises \u00e0 jour des normes et une assistance op\u00e9rationnelle pour garantir que vos syst\u00e8mes restent conformes et pr\u00eats \u00e0 \u00eatre audit\u00e9s au fur et \u00e0 mesure que les exigences \u00e9voluent.<\/p><\/div><\/div>\n\n\n\n<div class=\"wp-block-uagb-buttons uagb-buttons__outer-wrap uagb-btn__default-btn uagb-btn-tablet__default-btn uagb-btn-mobile__default-btn uagb-block-7zw1kqm0\"><div class=\"uagb-buttons__wrap uagb-buttons-layout-wrap\">\n<div class=\"wp-block-uagb-buttons-child uagb-buttons__outer-wrap uagb-block-601204a9 wp-block-button\"><div class=\"uagb-button__wrapper\"><a class=\"uagb-buttons-repeater wp-block-button__link\" aria-label=\"\" href=\"#\" rel=\"follow noopener\" target=\"_self\" role=\"button\"><div class=\"uagb-button__link\">Cliquez ici<\/div><\/a><\/div><\/div>\n<\/div><\/div>\n<\/div>\n<\/div>\n<\/div><\/div>\n\n\n\n<div class=\"wp-block-uagb-container uagb-block-iauj3p2k alignfull uagb-is-root-container\"><div class=\"uagb-container-inner-blocks-wrap\">\n<div class=\"wp-block-uagb-info-box uagb-block-ovlznsqv uagb-infobox__content-wrap  uagb-infobox-icon-above-title uagb-infobox-image-valign-top\"><div class=\"uagb-ifb-content\"><div class=\"uagb-ifb-title-wrap\"><p class=\"uagb-ifb-title-prefix\">NOTRE MISSION<\/p><h2 class=\"uagb-ifb-title\">Aider les organisations \u00e0 respecter leurs obligations en mati\u00e8re d'interception l\u00e9gale en toute confiance<\/h2><\/div><\/div><\/div>\n\n\n\n<div class=\"wp-block-uagb-container uagb-block-eepd5nyu\">\n<div class=\"wp-block-uagb-info-box uagb-block-tohb7nm1 uagb-infobox__content-wrap  uagb-infobox-icon-above-title uagb-infobox-image-valign-top\"><div class=\"uagb-ifb-content\"><div class=\"uagb-ifb-title-wrap\"><p class=\"uagb-ifb-title\">ICS International Carrier Services GmbH a \u00e9t\u00e9 fond\u00e9e pour combler une lacune critique sur le march\u00e9 des t\u00e9l\u00e9communications : le besoin de solutions d'interception l\u00e9gale sp\u00e9cialis\u00e9es et fiables qui concilient la conformit\u00e9 r\u00e9glementaire avec l'efficacit\u00e9 op\u00e9rationnelle et la protection de la vie priv\u00e9e. Bas\u00e9s \u00e0 Cologne, en Allemagne, nous servons des clients dans toute l'Europe et dans le monde entier.<br><br>Notre \u00e9quipe r\u00e9unit des comp\u00e9tences dans de multiples disciplines - ing\u00e9nierie des t\u00e9l\u00e9communications, conformit\u00e9 r\u00e9glementaire, d\u00e9veloppement de logiciels, int\u00e9gration de syst\u00e8mes et coordination de l'application de la loi. Ces connaissances transversales nous permettent de faire le lien entre la mise en \u0153uvre technique, les exigences l\u00e9gales et les r\u00e9alit\u00e9s op\u00e9rationnelles.<\/p><\/div><p class=\"uagb-ifb-desc\">Nous travaillons en toute neutralit\u00e9 avec toutes les parties prenantes de l'\u00e9cosyst\u00e8me de l'interception l\u00e9gale : les op\u00e9rateurs qui mettent en \u0153uvre des capacit\u00e9s, les r\u00e9gulateurs qui d\u00e9finissent les exigences et les organismes charg\u00e9s de l'application de la loi qui re\u00e7oivent des donn\u00e9es. Notre objectif est de veiller \u00e0 ce que les syst\u00e8mes d'interception l\u00e9gale fournissent des r\u00e9sultats utilisables, opportuns et conformes, tout en respectant les droits \u00e0 la vie priv\u00e9e et en r\u00e9duisant au minimum la charge op\u00e9rationnelle des fournisseurs de services de communications.<\/p><\/div><\/div>\n\n\n\n<div class=\"wp-block-uagb-container uagb-block-6sbec71a\">\n<div class=\"wp-block-uagb-info-box uagb-block-vipet5qk uagb-infobox__content-wrap  uagb-infobox-icon-above-title uagb-infobox-image-valign-top wp-block-uagb-info-box--has-margin\"><div class=\"uagb-infobox-margin-wrapper\"><div class=\"uagb-ifb-content\"><div class=\"uagb-ifb-title-wrap\"><h4 class=\"uagb-ifb-title\">Des solutions ax\u00e9es sur l'innovation<\/h4><\/div><p class=\"uagb-ifb-desc\">Nous investissons continuellement dans le d\u00e9veloppement de produits, l'alignement des normes et l'\u00e9volution des technologies afin de garantir que nos solutions prennent en charge les services \u00e9mergents tels que la 5G, la messagerie OTT et les v\u00e9hicules connect\u00e9s. Notre architecture modulaire permet des mises \u00e0 niveau incr\u00e9mentales sans remplacement en bloc.<\/p><\/div><\/div><\/div>\n\n\n\n<div class=\"wp-block-uagb-info-box uagb-block-tu0b5gbx uagb-infobox__content-wrap  uagb-infobox-icon-above-title uagb-infobox-image-valign-top wp-block-uagb-info-box--has-margin\"><div class=\"uagb-infobox-margin-wrapper\"><div class=\"uagb-ifb-content\"><div class=\"uagb-ifb-title-wrap\"><h4 class=\"uagb-ifb-title\">Approche personnalis\u00e9e<\/h4><\/div><p class=\"uagb-ifb-desc\">Chaque client a des architectures de r\u00e9seau, des portefeuilles de services, des contextes r\u00e9glementaires et des contraintes op\u00e9rationnelles qui lui sont propres. Nous adaptons nos solutions et nos mod\u00e8les d'engagement \u00e0 votre situation sp\u00e9cifique plut\u00f4t que d'imposer une approche unique.<\/p><\/div><\/div><\/div>\n\n\n\n<div class=\"wp-block-uagb-info-box uagb-block-bmlcvyeq uagb-infobox__content-wrap  uagb-infobox-icon-above-title uagb-infobox-image-valign-top wp-block-uagb-info-box--has-margin\"><div class=\"uagb-infobox-margin-wrapper\"><div class=\"uagb-ifb-content\"><div class=\"uagb-ifb-title-wrap\"><h4 class=\"uagb-ifb-title\">Un service \u00e0 la client\u00e8le de qualit\u00e9 sup\u00e9rieure<\/h4><\/div><p class=\"uagb-ifb-desc\">De l'\u00e9valuation initiale \u00e0 l'exploitation \u00e0 long terme, nous fournissons une assistance r\u00e9active pour les probl\u00e8mes techniques, les questions r\u00e9glementaires et les d\u00e9fis en mati\u00e8re de conformit\u00e9. Notre \u00e9quipe est votre partenaire dans le maintien d'une infrastructure d'interception l\u00e9gale efficace et pr\u00eate \u00e0 \u00eatre audit\u00e9e.<\/p><\/div><\/div><\/div>\n<\/div>\n<\/div>\n<\/div><\/div>","protected":false},"excerpt":{"rendered":"","protected":false},"author":2,"featured_media":0,"parent":12,"menu_order":0,"comment_status":"closed","ping_status":"closed","template":"","meta":{"_uag_custom_page_level_css":"","site-sidebar-layout":"default","site-content-layout":"","ast-site-content-layout":"default","site-content-style":"default","site-sidebar-style":"default","ast-global-header-display":"","ast-banner-title-visibility":"","ast-main-header-display":"","ast-hfb-above-header-display":"","ast-hfb-below-header-display":"","ast-hfb-mobile-header-display":"","site-post-title":"disabled","ast-breadcrumbs-content":"","ast-featured-img":"","footer-sml-layout":"","ast-disable-related-posts":"","theme-transparent-header-meta":"","adv-header-id-meta":"","stick-header-meta":"","header-above-stick-meta":"","header-main-stick-meta":"","header-below-stick-meta":"","astra-migrate-meta-layouts":"default","ast-page-background-enabled":"default","ast-page-background-meta":{"desktop":{"background-color":"var(--ast-global-color-5)","background-image":"","background-repeat":"repeat","background-position":"center center","background-size":"auto","background-attachment":"scroll","background-type":"","background-media":"","overlay-type":"","overlay-color":"","overlay-opacity":"","overlay-gradient":""},"tablet":{"background-color":"","background-image":"","background-repeat":"repeat","background-position":"center center","background-size":"auto","background-attachment":"scroll","background-type":"","background-media":"","overlay-type":"","overlay-color":"","overlay-opacity":"","overlay-gradient":""},"mobile":{"background-color":"","background-image":"","background-repeat":"repeat","background-position":"center center","background-size":"auto","background-attachment":"scroll","background-type":"","background-media":"","overlay-type":"","overlay-color":"","overlay-opacity":"","overlay-gradient":""}},"ast-content-background-meta":{"desktop":{"background-color":"var(--ast-global-color-4)","background-image":"","background-repeat":"repeat","background-position":"center center","background-size":"auto","background-attachment":"scroll","background-type":"","background-media":"","overlay-type":"","overlay-color":"","overlay-opacity":"","overlay-gradient":""},"tablet":{"background-color":"var(--ast-global-color-4)","background-image":"","background-repeat":"repeat","background-position":"center center","background-size":"auto","background-attachment":"scroll","background-type":"","background-media":"","overlay-type":"","overlay-color":"","overlay-opacity":"","overlay-gradient":""},"mobile":{"background-color":"var(--ast-global-color-4)","background-image":"","background-repeat":"repeat","background-position":"center center","background-size":"auto","background-attachment":"scroll","background-type":"","background-media":"","overlay-type":"","overlay-color":"","overlay-opacity":"","overlay-gradient":""}},"footnotes":""},"class_list":["post-1415","page","type-page","status-publish","hentry"],"uagb_featured_image_src":{"full":false,"thumbnail":false,"medium":false,"medium_large":false,"large":false,"1536x1536":false,"2048x2048":false,"trp-custom-language-flag":false},"uagb_author_info":{"display_name":"chatgpt","author_link":"https:\/\/ic-services.io\/fr\/author\/chatgpt\/"},"uagb_comment_info":0,"uagb_excerpt":null,"_links":{"self":[{"href":"https:\/\/ic-services.io\/fr\/wp-json\/wp\/v2\/pages\/1415","targetHints":{"allow":["GET"]}}],"collection":[{"href":"https:\/\/ic-services.io\/fr\/wp-json\/wp\/v2\/pages"}],"about":[{"href":"https:\/\/ic-services.io\/fr\/wp-json\/wp\/v2\/types\/page"}],"author":[{"embeddable":true,"href":"https:\/\/ic-services.io\/fr\/wp-json\/wp\/v2\/users\/2"}],"replies":[{"embeddable":true,"href":"https:\/\/ic-services.io\/fr\/wp-json\/wp\/v2\/comments?post=1415"}],"version-history":[{"count":8,"href":"https:\/\/ic-services.io\/fr\/wp-json\/wp\/v2\/pages\/1415\/revisions"}],"predecessor-version":[{"id":1959,"href":"https:\/\/ic-services.io\/fr\/wp-json\/wp\/v2\/pages\/1415\/revisions\/1959"}],"up":[{"embeddable":true,"href":"https:\/\/ic-services.io\/fr\/wp-json\/wp\/v2\/pages\/12"}],"wp:attachment":[{"href":"https:\/\/ic-services.io\/fr\/wp-json\/wp\/v2\/media?parent=1415"}],"curies":[{"name":"wp","href":"https:\/\/api.w.org\/{rel}","templated":true}]}}